{"id":289,"date":"2019-09-16T16:17:37","date_gmt":"2019-09-16T14:17:37","guid":{"rendered":"http:\/\/dssi.h2studio.net\/?page_id=289"},"modified":"2019-09-16T16:17:37","modified_gmt":"2019-09-16T14:17:37","slug":"projekt-5-4420-detekcne-technologie-bw-latok","status":"publish","type":"page","link":"http:\/\/dssi.sk\/en\/projekt-5-4420-detekcne-technologie-bw-latok\/","title":{"rendered":"Projekt 5-4420 detek\u010dn\u00e9 technol\u00f3gie BW l\u00e1tok"},"content":{"rendered":"<p>[et_pb_section fb_built=&#8220;1&#8243; admin_label=&#8220;section&#8220; _builder_version=&#8220;3.25.4&#8243; custom_padding=&#8220;0px||&#8220;][et_pb_row custom_margin=&#8220;||&#8220; admin_label=&#8220;row&#8220; _builder_version=&#8220;3.25.4&#8243; background_size=&#8220;initial&#8220; background_position=&#8220;top_left&#8220; background_repeat=&#8220;repeat&#8220;][et_pb_column type=&#8220;4_4&#8243; _builder_version=&#8220;3.25&#8243; custom_padding=&#8220;|||&#8220; custom_padding__hover=&#8220;|||&#8220;][et_pb_text _builder_version=&#8220;3.25.4&#8243; _dynamic_attributes=&#8220;content&#8220; text_font=&#8220;|||on|||||&#8220; text_text_align=&#8220;center&#8220; text_font_size=&#8220;30px&#8220; link_font=&#8220;||||||||&#8220; ul_font=&#8220;||||||||&#8220; ol_font=&#8220;||||||||&#8220; quote_font=&#8220;||||||||&#8220; header_font=&#8220;||||||||&#8220; header_2_font=&#8220;||||||||&#8220; background_color=&#8220;rgba(0,0,0,0)&#8220; width=&#8220;100%&#8220; max_width=&#8220;100%&#8220;]@ET-DC@eyJkeW5hbWljIjp0cnVlLCJjb250ZW50IjoicG9zdF90aXRsZSIsInNldHRpbmdzIjp7ImJlZm9yZSI6IiIsImFmdGVyIjoiIn19@[\/et_pb_text][et_pb_text admin_label=&#8220;Text&#8220; _builder_version=&#8220;3.25.4&#8243; background_size=&#8220;initial&#8220; background_position=&#8220;top_left&#8220; background_repeat=&#8220;repeat&#8220;]<\/p>\n<p>Ukazuje sa, \u017ee biologick\u00e9 zbrane nie s\u00fa vhodn\u00e9 na \u00fa\u010dely vedomia vojny a ich \u010fal\u0161\u00ed v\u00fdvoj je z tohoto poh\u013eadu pou\u017eite\u013en\u00fd najsk\u00f4r na teroristick\u00e9 \u00fatoky., pr\u00edpadne\u00a0 v\u00a0taktickom pou\u017eit\u00ed . V tomto oh\u013eade sa v\u0161etky \u0161t\u00e1ty zhoduj\u00fa v potrebe prevencie a z\u00e1kazu.<\/p>\n<p>Z\u00a0uveden\u00e9ho vypl\u00fdva, \u017ee\u00a0 ot\u00e1zka\u00a0 detekcie, (diagnostiky), bakteriologick\u00fdch, (biologick\u00fdch) a\u00a0tox\u00ednov\u00fdch zbran\u00ed je nadmieru aktu\u00e1lna a\u00a0dot\u00fdka sa viacer\u00fdch rezortov a\u00a0to najm\u00e4 rezortu obrany, zdravotn\u00edctva.<\/p>\n<p>V\u00a0tomto kontexte sa jav\u00ed spolupr\u00e1ca\u00a0 Ministerstva zdravotn\u00edctva a\u00a0najm\u00e4 jeho integr\u00e1lnej s\u00fa\u010dasti\u00a0 verejn\u00e9ho zdravotn\u00edctva s\u00a0rezortom obrany, Arm\u00e1dou Slovenskej republiky\u00a0 ako logick\u00fd a\u00a0pozit\u00edvny prejav spolupr\u00e1ce vzh\u013eadom multidisciplin\u00e1rny charakter rie\u0161enej\u00a0 problematiky.<\/p>\n<p>Ministerstvo zdravotn\u00edctva dlhodobo a\u00a0\u00faspe\u0161ne spolupracuje\u00a0 s\u00a0rezortom vn\u00fatra, Hasi\u010dsk\u00fdm a\u00a0z\u00e1chrann\u00fdm zborom a\u00a0Civilnou ochranou a\u00a0pol\u00edciou pri detekci\u00ed\u00a0 podozriv\u00fdch z\u00e1sielok a\u00a0ich n\u00e1slednej detekcii, (diagnostike) a\u00a0poskytuje tak exempl\u00e1rny pr\u00edklad multidiscipin\u00e1rnej spolupr\u00e1ce.<\/p>\n<p>\u00daspe\u0161n\u00e9 rie\u0161enie projektu 5-4420 detek\u010dn\u00e9 technol\u00f3gie bw l\u00e1tok vypln\u00ed aj tieto medzery v\u00a0doteraj\u0161ej spolupr\u00e1ci a\u00a0vytvor\u00ed predpoklady pre n\u00e1sledn\u00e9 rie\u0161enie projektu s\u00a0identick\u00fdm zameran\u00edm.<\/p>\n<p>[\/et_pb_text][\/et_pb_column][\/et_pb_row][\/et_pb_section]<\/p>","protected":false},"excerpt":{"rendered":"<p>Ukazuje sa, \u017ee biologick\u00e9 zbrane nie s\u00fa vhodn\u00e9 na \u00fa\u010dely vedomia vojny a ich \u010fal\u0161\u00ed v\u00fdvoj je z tohoto poh\u013eadu pou\u017eite\u013en\u00fd najsk\u00f4r na teroristick\u00e9 \u00fatoky., pr\u00edpadne\u00a0 v\u00a0taktickom pou\u017eit\u00ed . V tomto oh\u013eade sa v\u0161etky \u0161t\u00e1ty zhoduj\u00fa v potrebe prevencie a z\u00e1kazu. Z\u00a0uveden\u00e9ho vypl\u00fdva, \u017ee\u00a0 ot\u00e1zka\u00a0 detekcie, (diagnostiky), bakteriologick\u00fdch, (biologick\u00fdch) a\u00a0tox\u00ednov\u00fdch zbran\u00ed je nadmieru aktu\u00e1lna a\u00a0dot\u00fdka [&hellip;]<\/p>","protected":false},"author":1,"featured_media":0,"parent":0,"menu_order":0,"comment_status":"closed","ping_status":"closed","template":"","meta":{"_et_pb_use_builder":"on","_et_pb_old_content":"","_et_gb_content_width":"","inline_featured_image":false,"_monsterinsights_skip_tracking":false,"_monsterinsights_sitenote_active":false,"_monsterinsights_sitenote_note":"","_monsterinsights_sitenote_category":0,"footnotes":""},"class_list":["post-289","page","type-page","status-publish","hentry"],"yoast_head":"<!-- This site is optimized with the Yoast SEO plugin v26.1.1 - https:\/\/yoast.com\/wordpress\/plugins\/seo\/ -->\n<title>Projekt 5-4420 detek\u010dn\u00e9 technol\u00f3gie BW l\u00e1tok - DSSI<\/title>\n<meta name=\"robots\" content=\"index, follow, max-snippet:-1, max-image-preview:large, max-video-preview:-1\" \/>\n<link rel=\"canonical\" href=\"https:\/\/dssi.sk\/en\/projekt-5-4420-detekcne-technologie-bw-latok\/\" \/>\n<meta property=\"og:locale\" content=\"en_US\" \/>\n<meta property=\"og:type\" content=\"article\" \/>\n<meta property=\"og:title\" content=\"Projekt 5-4420 detek\u010dn\u00e9 technol\u00f3gie BW l\u00e1tok - DSSI\" \/>\n<meta property=\"og:description\" content=\"Ukazuje sa, \u017ee biologick\u00e9 zbrane nie s\u00fa vhodn\u00e9 na \u00fa\u010dely vedomia vojny a ich \u010fal\u0161\u00ed v\u00fdvoj je z tohoto poh\u013eadu pou\u017eite\u013en\u00fd najsk\u00f4r na teroristick\u00e9 \u00fatoky., pr\u00edpadne\u00a0 v\u00a0taktickom pou\u017eit\u00ed . V tomto oh\u013eade sa v\u0161etky \u0161t\u00e1ty zhoduj\u00fa v potrebe prevencie a z\u00e1kazu. Z\u00a0uveden\u00e9ho vypl\u00fdva, \u017ee\u00a0 ot\u00e1zka\u00a0 detekcie, (diagnostiky), bakteriologick\u00fdch, (biologick\u00fdch) a\u00a0tox\u00ednov\u00fdch zbran\u00ed je nadmieru aktu\u00e1lna a\u00a0dot\u00fdka [&hellip;]\" \/>\n<meta property=\"og:url\" content=\"https:\/\/dssi.sk\/en\/projekt-5-4420-detekcne-technologie-bw-latok\/\" \/>\n<meta property=\"og:site_name\" content=\"DSSI\" \/>\n<meta name=\"twitter:card\" content=\"summary_large_image\" \/>\n<meta name=\"twitter:label1\" content=\"Est. reading time\" \/>\n\t<meta name=\"twitter:data1\" content=\"2 minutes\" \/>\n<script type=\"application\/ld+json\" class=\"yoast-schema-graph\">{\"@context\":\"https:\/\/schema.org\",\"@graph\":[{\"@type\":\"WebPage\",\"@id\":\"https:\/\/dssi.sk\/en\/projekt-5-4420-detekcne-technologie-bw-latok\/\",\"url\":\"https:\/\/dssi.sk\/en\/projekt-5-4420-detekcne-technologie-bw-latok\/\",\"name\":\"Projekt 5-4420 detek\u010dn\u00e9 technol\u00f3gie BW l\u00e1tok - DSSI\",\"isPartOf\":{\"@id\":\"https:\/\/dssi.sk\/#website\"},\"datePublished\":\"2019-09-16T14:17:37+00:00\",\"breadcrumb\":{\"@id\":\"https:\/\/dssi.sk\/en\/projekt-5-4420-detekcne-technologie-bw-latok\/#breadcrumb\"},\"inLanguage\":\"en-US\",\"potentialAction\":[{\"@type\":\"ReadAction\",\"target\":[\"https:\/\/dssi.sk\/en\/projekt-5-4420-detekcne-technologie-bw-latok\/\"]}]},{\"@type\":\"BreadcrumbList\",\"@id\":\"https:\/\/dssi.sk\/en\/projekt-5-4420-detekcne-technologie-bw-latok\/#breadcrumb\",\"itemListElement\":[{\"@type\":\"ListItem\",\"position\":1,\"name\":\"Home\",\"item\":\"https:\/\/dssi.sk\/\"},{\"@type\":\"ListItem\",\"position\":2,\"name\":\"Projekt 5-4420 detek\u010dn\u00e9 technol\u00f3gie BW l\u00e1tok\"}]},{\"@type\":\"WebSite\",\"@id\":\"https:\/\/dssi.sk\/#website\",\"url\":\"https:\/\/dssi.sk\/\",\"name\":\"DSSI\",\"description\":\"Development | Services | Security | Innovations\",\"publisher\":{\"@id\":\"https:\/\/dssi.sk\/#organization\"},\"potentialAction\":[{\"@type\":\"SearchAction\",\"target\":{\"@type\":\"EntryPoint\",\"urlTemplate\":\"https:\/\/dssi.sk\/?s={search_term_string}\"},\"query-input\":{\"@type\":\"PropertyValueSpecification\",\"valueRequired\":true,\"valueName\":\"search_term_string\"}}],\"inLanguage\":\"en-US\"},{\"@type\":\"Organization\",\"@id\":\"https:\/\/dssi.sk\/#organization\",\"name\":\"DSSI a.s.\",\"url\":\"https:\/\/dssi.sk\/\",\"logo\":{\"@type\":\"ImageObject\",\"inLanguage\":\"en-US\",\"@id\":\"https:\/\/dssi.sk\/#\/schema\/logo\/image\/\",\"url\":\"https:\/\/dssi.sk\/wp-content\/uploads\/2019\/09\/logo-dssi-horizontal1.jpg\",\"contentUrl\":\"https:\/\/dssi.sk\/wp-content\/uploads\/2019\/09\/logo-dssi-horizontal1.jpg\",\"width\":520,\"height\":520,\"caption\":\"DSSI a.s.\"},\"image\":{\"@id\":\"https:\/\/dssi.sk\/#\/schema\/logo\/image\/\"}}]}<\/script>\n<!-- \/ Yoast SEO plugin. -->","yoast_head_json":{"title":"Projekt 5-4420 detek\u010dn\u00e9 technol\u00f3gie BW l\u00e1tok - DSSI","robots":{"index":"index","follow":"follow","max-snippet":"max-snippet:-1","max-image-preview":"max-image-preview:large","max-video-preview":"max-video-preview:-1"},"canonical":"https:\/\/dssi.sk\/en\/projekt-5-4420-detekcne-technologie-bw-latok\/","og_locale":"en_US","og_type":"article","og_title":"Projekt 5-4420 detek\u010dn\u00e9 technol\u00f3gie BW l\u00e1tok - DSSI","og_description":"Ukazuje sa, \u017ee biologick\u00e9 zbrane nie s\u00fa vhodn\u00e9 na \u00fa\u010dely vedomia vojny a ich \u010fal\u0161\u00ed v\u00fdvoj je z tohoto poh\u013eadu pou\u017eite\u013en\u00fd najsk\u00f4r na teroristick\u00e9 \u00fatoky., pr\u00edpadne\u00a0 v\u00a0taktickom pou\u017eit\u00ed . V tomto oh\u013eade sa v\u0161etky \u0161t\u00e1ty zhoduj\u00fa v potrebe prevencie a z\u00e1kazu. Z\u00a0uveden\u00e9ho vypl\u00fdva, \u017ee\u00a0 ot\u00e1zka\u00a0 detekcie, (diagnostiky), bakteriologick\u00fdch, (biologick\u00fdch) a\u00a0tox\u00ednov\u00fdch zbran\u00ed je nadmieru aktu\u00e1lna a\u00a0dot\u00fdka [&hellip;]","og_url":"https:\/\/dssi.sk\/en\/projekt-5-4420-detekcne-technologie-bw-latok\/","og_site_name":"DSSI","twitter_card":"summary_large_image","twitter_misc":{"Est. reading time":"2 minutes"},"schema":{"@context":"https:\/\/schema.org","@graph":[{"@type":"WebPage","@id":"https:\/\/dssi.sk\/en\/projekt-5-4420-detekcne-technologie-bw-latok\/","url":"https:\/\/dssi.sk\/en\/projekt-5-4420-detekcne-technologie-bw-latok\/","name":"Projekt 5-4420 detek\u010dn\u00e9 technol\u00f3gie BW l\u00e1tok - DSSI","isPartOf":{"@id":"https:\/\/dssi.sk\/#website"},"datePublished":"2019-09-16T14:17:37+00:00","breadcrumb":{"@id":"https:\/\/dssi.sk\/en\/projekt-5-4420-detekcne-technologie-bw-latok\/#breadcrumb"},"inLanguage":"en-US","potentialAction":[{"@type":"ReadAction","target":["https:\/\/dssi.sk\/en\/projekt-5-4420-detekcne-technologie-bw-latok\/"]}]},{"@type":"BreadcrumbList","@id":"https:\/\/dssi.sk\/en\/projekt-5-4420-detekcne-technologie-bw-latok\/#breadcrumb","itemListElement":[{"@type":"ListItem","position":1,"name":"Home","item":"https:\/\/dssi.sk\/"},{"@type":"ListItem","position":2,"name":"Projekt 5-4420 detek\u010dn\u00e9 technol\u00f3gie BW l\u00e1tok"}]},{"@type":"WebSite","@id":"https:\/\/dssi.sk\/#website","url":"https:\/\/dssi.sk\/","name":"DSSI","description":"Development | Services | Security | Innovations","publisher":{"@id":"https:\/\/dssi.sk\/#organization"},"potentialAction":[{"@type":"SearchAction","target":{"@type":"EntryPoint","urlTemplate":"https:\/\/dssi.sk\/?s={search_term_string}"},"query-input":{"@type":"PropertyValueSpecification","valueRequired":true,"valueName":"search_term_string"}}],"inLanguage":"en-US"},{"@type":"Organization","@id":"https:\/\/dssi.sk\/#organization","name":"DSSI a.s.","url":"https:\/\/dssi.sk\/","logo":{"@type":"ImageObject","inLanguage":"en-US","@id":"https:\/\/dssi.sk\/#\/schema\/logo\/image\/","url":"https:\/\/dssi.sk\/wp-content\/uploads\/2019\/09\/logo-dssi-horizontal1.jpg","contentUrl":"https:\/\/dssi.sk\/wp-content\/uploads\/2019\/09\/logo-dssi-horizontal1.jpg","width":520,"height":520,"caption":"DSSI a.s."},"image":{"@id":"https:\/\/dssi.sk\/#\/schema\/logo\/image\/"}}]}},"_links":{"self":[{"href":"http:\/\/dssi.sk\/en\/wp-json\/wp\/v2\/pages\/289","targetHints":{"allow":["GET"]}}],"collection":[{"href":"http:\/\/dssi.sk\/en\/wp-json\/wp\/v2\/pages"}],"about":[{"href":"http:\/\/dssi.sk\/en\/wp-json\/wp\/v2\/types\/page"}],"author":[{"embeddable":true,"href":"http:\/\/dssi.sk\/en\/wp-json\/wp\/v2\/users\/1"}],"replies":[{"embeddable":true,"href":"http:\/\/dssi.sk\/en\/wp-json\/wp\/v2\/comments?post=289"}],"version-history":[{"count":2,"href":"http:\/\/dssi.sk\/en\/wp-json\/wp\/v2\/pages\/289\/revisions"}],"predecessor-version":[{"id":293,"href":"http:\/\/dssi.sk\/en\/wp-json\/wp\/v2\/pages\/289\/revisions\/293"}],"wp:attachment":[{"href":"http:\/\/dssi.sk\/en\/wp-json\/wp\/v2\/media?parent=289"}],"curies":[{"name":"wp","href":"https:\/\/api.w.org\/{rel}","templated":true}]}}