{"id":355,"date":"2019-09-16T16:38:23","date_gmt":"2019-09-16T14:38:23","guid":{"rendered":"http:\/\/dssi.h2studio.net\/?page_id=355"},"modified":"2019-09-16T16:38:23","modified_gmt":"2019-09-16T14:38:23","slug":"multifunkcny-integrovany-hlasic-nbc-ohrozenia","status":"publish","type":"page","link":"http:\/\/dssi.sk\/en\/multifunkcny-integrovany-hlasic-nbc-ohrozenia\/","title":{"rendered":"Multifunk\u010dn\u00fd integrovan\u00fd hl\u00e1si\u010d NBC ohrozenia"},"content":{"rendered":"<p>[et_pb_section fb_built=&#8220;1&#8243; admin_label=&#8220;section&#8220; _builder_version=&#8220;3.25.4&#8243; custom_padding=&#8220;0px||&#8220;][et_pb_row custom_margin=&#8220;||&#8220; admin_label=&#8220;row&#8220; _builder_version=&#8220;3.25.4&#8243; background_size=&#8220;initial&#8220; background_position=&#8220;top_left&#8220; background_repeat=&#8220;repeat&#8220;][et_pb_column type=&#8220;4_4&#8243; _builder_version=&#8220;3.25&#8243; custom_padding=&#8220;|||&#8220; custom_padding__hover=&#8220;|||&#8220;][et_pb_text _builder_version=&#8220;3.25.4&#8243; _dynamic_attributes=&#8220;content&#8220; text_font=&#8220;|||on|||||&#8220; text_text_align=&#8220;center&#8220; text_font_size=&#8220;30px&#8220; link_font=&#8220;||||||||&#8220; ul_font=&#8220;||||||||&#8220; ol_font=&#8220;||||||||&#8220; quote_font=&#8220;||||||||&#8220; header_font=&#8220;||||||||&#8220; header_2_font=&#8220;||||||||&#8220; background_color=&#8220;rgba(0,0,0,0)&#8220; width=&#8220;100%&#8220; max_width=&#8220;100%&#8220;]@ET-DC@eyJkeW5hbWljIjp0cnVlLCJjb250ZW50IjoicG9zdF90aXRsZSIsInNldHRpbmdzIjp7ImJlZm9yZSI6IiIsImFmdGVyIjoiIn19@[\/et_pb_text][et_pb_text admin_label=&#8220;Text&#8220; _builder_version=&#8220;3.25.4&#8243; background_size=&#8220;initial&#8220; background_position=&#8220;top_left&#8220; background_repeat=&#8220;repeat&#8220;]<\/p>\n<p><span>V\u00a0\u00favodnej kapitole \u0161t\u00fadie realizovate\u013enosti s\u00fa analyzovan\u00e9 opera\u010dn\u00e9 potreby a\u00a0stanoven\u00e9 po\u017eadovan\u00e9 opera\u010dn\u00e9 schopnosti NBC hl\u00e1si\u010da. V\u00a0\u010fal\u0161ej kapitole je objekt\u00edvne pos\u00faden\u00fd stav predmetnej techniky vo svete. Na z\u00e1klade po\u017eadovan\u00fdch opera\u010dn\u00fdch schopnost\u00ed s\u00fa stanoven\u00e9 takticko- technick\u00e9 po\u017eiadavky na NBC hl\u00e1si\u010d ohrozenia. V\u00a0r\u00e1mci tejto \u010dasti s\u00fa rozpracovan\u00e9 sp\u00f4soby pou\u017eitia v\u00a0syst\u00e9me v\u010dasnej v\u00fdstrahy, rozsahy po\u017eadovanej detekcie chemick\u00fdch l\u00e1tok, biologick\u00fdch prostriedkov, r\u00e1dioakt\u00edvnych l\u00e1tok a\u00a0zdrojov ionizuj\u00faceho \u017eiarenia. Pre uveden\u00e9 NBC l\u00e1tky s\u00fa objasnen\u00e9 princ\u00edpy detekcie. Je rozpracovan\u00fd n\u00e1vrh rie\u0161en\u00ed multifunk\u010dn\u00e9ho NBC hl\u00e1si\u010da ohrozenia a\u00a0dva variant obstarania syst\u00e9mu z\u00a0h\u013eadiska zlo\u017eenia aparat\u00fary. V\u00a0ekonomickej \u010dasti s\u00fa dolo\u017een\u00e9 predpokladan\u00e9 n\u00e1klady pr\u00edstrojov\u00e9ho vybavenia a\u00a0n\u00e1klady na jeho \u00fadr\u017ebu. V\u00a0z\u00e1vere s\u00fa odpor\u00fa\u010dania na sp\u00f4soby obstarania syst\u00e9mu.<\/span><\/p>\n<p>[\/et_pb_text][\/et_pb_column][\/et_pb_row][\/et_pb_section]<\/p>","protected":false},"excerpt":{"rendered":"<p>V\u00a0\u00favodnej kapitole \u0161t\u00fadie realizovate\u013enosti s\u00fa analyzovan\u00e9 opera\u010dn\u00e9 potreby a\u00a0stanoven\u00e9 po\u017eadovan\u00e9 opera\u010dn\u00e9 schopnosti NBC hl\u00e1si\u010da. V\u00a0\u010fal\u0161ej kapitole je objekt\u00edvne pos\u00faden\u00fd stav predmetnej techniky vo svete. Na z\u00e1klade po\u017eadovan\u00fdch opera\u010dn\u00fdch schopnost\u00ed s\u00fa stanoven\u00e9 takticko- technick\u00e9 po\u017eiadavky na NBC hl\u00e1si\u010d ohrozenia. V\u00a0r\u00e1mci tejto \u010dasti s\u00fa rozpracovan\u00e9 sp\u00f4soby pou\u017eitia v\u00a0syst\u00e9me v\u010dasnej v\u00fdstrahy, rozsahy po\u017eadovanej detekcie chemick\u00fdch l\u00e1tok, biologick\u00fdch prostriedkov, [&hellip;]<\/p>","protected":false},"author":1,"featured_media":0,"parent":0,"menu_order":0,"comment_status":"closed","ping_status":"closed","template":"","meta":{"_et_pb_use_builder":"on","_et_pb_old_content":"","_et_gb_content_width":"","inline_featured_image":false,"_monsterinsights_skip_tracking":false,"_monsterinsights_sitenote_active":false,"_monsterinsights_sitenote_note":"","_monsterinsights_sitenote_category":0,"footnotes":""},"class_list":["post-355","page","type-page","status-publish","hentry"],"yoast_head":"<!-- This site is optimized with the Yoast SEO plugin v26.1.1 - https:\/\/yoast.com\/wordpress\/plugins\/seo\/ -->\n<title>Multifunk\u010dn\u00fd integrovan\u00fd hl\u00e1si\u010d NBC ohrozenia - DSSI<\/title>\n<meta name=\"robots\" content=\"index, follow, max-snippet:-1, max-image-preview:large, max-video-preview:-1\" \/>\n<link rel=\"canonical\" href=\"https:\/\/dssi.sk\/en\/multifunkcny-integrovany-hlasic-nbc-ohrozenia\/\" \/>\n<meta property=\"og:locale\" content=\"en_US\" \/>\n<meta property=\"og:type\" content=\"article\" \/>\n<meta property=\"og:title\" content=\"Multifunk\u010dn\u00fd integrovan\u00fd hl\u00e1si\u010d NBC ohrozenia - DSSI\" \/>\n<meta property=\"og:description\" content=\"V\u00a0\u00favodnej kapitole \u0161t\u00fadie realizovate\u013enosti s\u00fa analyzovan\u00e9 opera\u010dn\u00e9 potreby a\u00a0stanoven\u00e9 po\u017eadovan\u00e9 opera\u010dn\u00e9 schopnosti NBC hl\u00e1si\u010da. V\u00a0\u010fal\u0161ej kapitole je objekt\u00edvne pos\u00faden\u00fd stav predmetnej techniky vo svete. Na z\u00e1klade po\u017eadovan\u00fdch opera\u010dn\u00fdch schopnost\u00ed s\u00fa stanoven\u00e9 takticko- technick\u00e9 po\u017eiadavky na NBC hl\u00e1si\u010d ohrozenia. V\u00a0r\u00e1mci tejto \u010dasti s\u00fa rozpracovan\u00e9 sp\u00f4soby pou\u017eitia v\u00a0syst\u00e9me v\u010dasnej v\u00fdstrahy, rozsahy po\u017eadovanej detekcie chemick\u00fdch l\u00e1tok, biologick\u00fdch prostriedkov, [&hellip;]\" \/>\n<meta property=\"og:url\" content=\"https:\/\/dssi.sk\/en\/multifunkcny-integrovany-hlasic-nbc-ohrozenia\/\" \/>\n<meta property=\"og:site_name\" content=\"DSSI\" \/>\n<meta name=\"twitter:card\" content=\"summary_large_image\" \/>\n<meta name=\"twitter:label1\" content=\"Est. reading time\" \/>\n\t<meta name=\"twitter:data1\" content=\"1 minute\" \/>\n<script type=\"application\/ld+json\" class=\"yoast-schema-graph\">{\"@context\":\"https:\/\/schema.org\",\"@graph\":[{\"@type\":\"WebPage\",\"@id\":\"https:\/\/dssi.sk\/multifunkcny-integrovany-hlasic-nbc-ohrozenia\/\",\"url\":\"https:\/\/dssi.sk\/multifunkcny-integrovany-hlasic-nbc-ohrozenia\/\",\"name\":\"Multifunk\u010dn\u00fd integrovan\u00fd hl\u00e1si\u010d NBC ohrozenia - DSSI\",\"isPartOf\":{\"@id\":\"https:\/\/dssi.sk\/#website\"},\"datePublished\":\"2019-09-16T14:38:23+00:00\",\"breadcrumb\":{\"@id\":\"https:\/\/dssi.sk\/multifunkcny-integrovany-hlasic-nbc-ohrozenia\/#breadcrumb\"},\"inLanguage\":\"en-US\",\"potentialAction\":[{\"@type\":\"ReadAction\",\"target\":[\"https:\/\/dssi.sk\/multifunkcny-integrovany-hlasic-nbc-ohrozenia\/\"]}]},{\"@type\":\"BreadcrumbList\",\"@id\":\"https:\/\/dssi.sk\/multifunkcny-integrovany-hlasic-nbc-ohrozenia\/#breadcrumb\",\"itemListElement\":[{\"@type\":\"ListItem\",\"position\":1,\"name\":\"Home\",\"item\":\"https:\/\/dssi.sk\/\"},{\"@type\":\"ListItem\",\"position\":2,\"name\":\"Multifunk\u010dn\u00fd integrovan\u00fd hl\u00e1si\u010d NBC ohrozenia\"}]},{\"@type\":\"WebSite\",\"@id\":\"https:\/\/dssi.sk\/#website\",\"url\":\"https:\/\/dssi.sk\/\",\"name\":\"DSSI\",\"description\":\"Development | Services | Security | Innovations\",\"publisher\":{\"@id\":\"https:\/\/dssi.sk\/#organization\"},\"potentialAction\":[{\"@type\":\"SearchAction\",\"target\":{\"@type\":\"EntryPoint\",\"urlTemplate\":\"https:\/\/dssi.sk\/?s={search_term_string}\"},\"query-input\":{\"@type\":\"PropertyValueSpecification\",\"valueRequired\":true,\"valueName\":\"search_term_string\"}}],\"inLanguage\":\"en-US\"},{\"@type\":\"Organization\",\"@id\":\"https:\/\/dssi.sk\/#organization\",\"name\":\"DSSI a.s.\",\"url\":\"https:\/\/dssi.sk\/\",\"logo\":{\"@type\":\"ImageObject\",\"inLanguage\":\"en-US\",\"@id\":\"https:\/\/dssi.sk\/#\/schema\/logo\/image\/\",\"url\":\"https:\/\/dssi.sk\/wp-content\/uploads\/2019\/09\/logo-dssi-horizontal1.jpg\",\"contentUrl\":\"https:\/\/dssi.sk\/wp-content\/uploads\/2019\/09\/logo-dssi-horizontal1.jpg\",\"width\":520,\"height\":520,\"caption\":\"DSSI a.s.\"},\"image\":{\"@id\":\"https:\/\/dssi.sk\/#\/schema\/logo\/image\/\"}}]}<\/script>\n<!-- \/ Yoast SEO plugin. -->","yoast_head_json":{"title":"Multifunk\u010dn\u00fd integrovan\u00fd hl\u00e1si\u010d NBC ohrozenia - DSSI","robots":{"index":"index","follow":"follow","max-snippet":"max-snippet:-1","max-image-preview":"max-image-preview:large","max-video-preview":"max-video-preview:-1"},"canonical":"https:\/\/dssi.sk\/en\/multifunkcny-integrovany-hlasic-nbc-ohrozenia\/","og_locale":"en_US","og_type":"article","og_title":"Multifunk\u010dn\u00fd integrovan\u00fd hl\u00e1si\u010d NBC ohrozenia - DSSI","og_description":"V\u00a0\u00favodnej kapitole \u0161t\u00fadie realizovate\u013enosti s\u00fa analyzovan\u00e9 opera\u010dn\u00e9 potreby a\u00a0stanoven\u00e9 po\u017eadovan\u00e9 opera\u010dn\u00e9 schopnosti NBC hl\u00e1si\u010da. V\u00a0\u010fal\u0161ej kapitole je objekt\u00edvne pos\u00faden\u00fd stav predmetnej techniky vo svete. Na z\u00e1klade po\u017eadovan\u00fdch opera\u010dn\u00fdch schopnost\u00ed s\u00fa stanoven\u00e9 takticko- technick\u00e9 po\u017eiadavky na NBC hl\u00e1si\u010d ohrozenia. V\u00a0r\u00e1mci tejto \u010dasti s\u00fa rozpracovan\u00e9 sp\u00f4soby pou\u017eitia v\u00a0syst\u00e9me v\u010dasnej v\u00fdstrahy, rozsahy po\u017eadovanej detekcie chemick\u00fdch l\u00e1tok, biologick\u00fdch prostriedkov, [&hellip;]","og_url":"https:\/\/dssi.sk\/en\/multifunkcny-integrovany-hlasic-nbc-ohrozenia\/","og_site_name":"DSSI","twitter_card":"summary_large_image","twitter_misc":{"Est. reading time":"1 minute"},"schema":{"@context":"https:\/\/schema.org","@graph":[{"@type":"WebPage","@id":"https:\/\/dssi.sk\/multifunkcny-integrovany-hlasic-nbc-ohrozenia\/","url":"https:\/\/dssi.sk\/multifunkcny-integrovany-hlasic-nbc-ohrozenia\/","name":"Multifunk\u010dn\u00fd integrovan\u00fd hl\u00e1si\u010d NBC ohrozenia - DSSI","isPartOf":{"@id":"https:\/\/dssi.sk\/#website"},"datePublished":"2019-09-16T14:38:23+00:00","breadcrumb":{"@id":"https:\/\/dssi.sk\/multifunkcny-integrovany-hlasic-nbc-ohrozenia\/#breadcrumb"},"inLanguage":"en-US","potentialAction":[{"@type":"ReadAction","target":["https:\/\/dssi.sk\/multifunkcny-integrovany-hlasic-nbc-ohrozenia\/"]}]},{"@type":"BreadcrumbList","@id":"https:\/\/dssi.sk\/multifunkcny-integrovany-hlasic-nbc-ohrozenia\/#breadcrumb","itemListElement":[{"@type":"ListItem","position":1,"name":"Home","item":"https:\/\/dssi.sk\/"},{"@type":"ListItem","position":2,"name":"Multifunk\u010dn\u00fd integrovan\u00fd hl\u00e1si\u010d NBC ohrozenia"}]},{"@type":"WebSite","@id":"https:\/\/dssi.sk\/#website","url":"https:\/\/dssi.sk\/","name":"DSSI","description":"Development | Services | Security | Innovations","publisher":{"@id":"https:\/\/dssi.sk\/#organization"},"potentialAction":[{"@type":"SearchAction","target":{"@type":"EntryPoint","urlTemplate":"https:\/\/dssi.sk\/?s={search_term_string}"},"query-input":{"@type":"PropertyValueSpecification","valueRequired":true,"valueName":"search_term_string"}}],"inLanguage":"en-US"},{"@type":"Organization","@id":"https:\/\/dssi.sk\/#organization","name":"DSSI a.s.","url":"https:\/\/dssi.sk\/","logo":{"@type":"ImageObject","inLanguage":"en-US","@id":"https:\/\/dssi.sk\/#\/schema\/logo\/image\/","url":"https:\/\/dssi.sk\/wp-content\/uploads\/2019\/09\/logo-dssi-horizontal1.jpg","contentUrl":"https:\/\/dssi.sk\/wp-content\/uploads\/2019\/09\/logo-dssi-horizontal1.jpg","width":520,"height":520,"caption":"DSSI a.s."},"image":{"@id":"https:\/\/dssi.sk\/#\/schema\/logo\/image\/"}}]}},"_links":{"self":[{"href":"http:\/\/dssi.sk\/en\/wp-json\/wp\/v2\/pages\/355","targetHints":{"allow":["GET"]}}],"collection":[{"href":"http:\/\/dssi.sk\/en\/wp-json\/wp\/v2\/pages"}],"about":[{"href":"http:\/\/dssi.sk\/en\/wp-json\/wp\/v2\/types\/page"}],"author":[{"embeddable":true,"href":"http:\/\/dssi.sk\/en\/wp-json\/wp\/v2\/users\/1"}],"replies":[{"embeddable":true,"href":"http:\/\/dssi.sk\/en\/wp-json\/wp\/v2\/comments?post=355"}],"version-history":[{"count":2,"href":"http:\/\/dssi.sk\/en\/wp-json\/wp\/v2\/pages\/355\/revisions"}],"predecessor-version":[{"id":375,"href":"http:\/\/dssi.sk\/en\/wp-json\/wp\/v2\/pages\/355\/revisions\/375"}],"wp:attachment":[{"href":"http:\/\/dssi.sk\/en\/wp-json\/wp\/v2\/media?parent=355"}],"curies":[{"name":"wp","href":"https:\/\/api.w.org\/{rel}","templated":true}]}}