{"id":396,"date":"2019-09-16T16:47:53","date_gmt":"2019-09-16T14:47:53","guid":{"rendered":"http:\/\/dssi.h2studio.net\/?page_id=396"},"modified":"2019-09-16T16:47:53","modified_gmt":"2019-09-16T14:47:53","slug":"modelovanie-vplyvu-mechanickej-zataze-vojaka-v-statickom-a-dynamickom-rezime-jeho-cinnosti","status":"publish","type":"page","link":"http:\/\/dssi.sk\/en\/modelovanie-vplyvu-mechanickej-zataze-vojaka-v-statickom-a-dynamickom-rezime-jeho-cinnosti\/","title":{"rendered":"Modelovanie vplyvu mechanickej z\u00e1\u0165a\u017ee vojaka v statickom a dynamickom re\u017eime jeho \u010dinnosti"},"content":{"rendered":"<p>[et_pb_section fb_built=&#8220;1&#8243; admin_label=&#8220;section&#8220; _builder_version=&#8220;3.25.4&#8243; custom_padding=&#8220;0px||&#8220;][et_pb_row custom_margin=&#8220;||&#8220; admin_label=&#8220;row&#8220; _builder_version=&#8220;3.25.4&#8243; background_size=&#8220;initial&#8220; background_position=&#8220;top_left&#8220; background_repeat=&#8220;repeat&#8220;][et_pb_column type=&#8220;4_4&#8243; _builder_version=&#8220;3.25&#8243; custom_padding=&#8220;|||&#8220; custom_padding__hover=&#8220;|||&#8220;][et_pb_text _builder_version=&#8220;3.25.4&#8243; _dynamic_attributes=&#8220;content&#8220; text_font=&#8220;|||on|||||&#8220; text_text_align=&#8220;center&#8220; text_font_size=&#8220;30px&#8220; link_font=&#8220;||||||||&#8220; ul_font=&#8220;||||||||&#8220; ol_font=&#8220;||||||||&#8220; quote_font=&#8220;||||||||&#8220; header_font=&#8220;||||||||&#8220; header_2_font=&#8220;||||||||&#8220; background_color=&#8220;rgba(0,0,0,0)&#8220; width=&#8220;100%&#8220; max_width=&#8220;100%&#8220;]@ET-DC@eyJkeW5hbWljIjp0cnVlLCJjb250ZW50IjoicG9zdF90aXRsZSIsInNldHRpbmdzIjp7ImJlZm9yZSI6IiIsImFmdGVyIjoiIn19@[\/et_pb_text][et_pb_text admin_label=&#8220;Text&#8220; _builder_version=&#8220;3.25.4&#8243; background_size=&#8220;initial&#8220; background_position=&#8220;top_left&#8220; background_repeat=&#8220;repeat&#8220;]<\/p>\n<p>Predkladan\u00e1 \u0161t\u00fadia obsahuje anal\u00fdzu vplyvu mechanickej z\u00e1\u0165a\u017ee vojaka od nesenej v\u00fdbavy na jeho \u010dinnos\u0165. V\u00a0\u00favodnej \u010dasti s\u00fa zhrnut\u00e9 fyziologick\u00e9 a\u00a0biomechanick\u00e9 aspekty nesenia v\u00fdbavy vojakom vr\u00e1tane z\u00e1kladnej interakcie nesenia v\u00fdbavy vojakom pri s\u00fa\u010dasnom plnen\u00ed hlavn\u00fdch \u010dinnost\u00ed vojaka, napr. pochod, beh, stre\u013eba, h\u00e1dzanie ru\u010dn\u00fdch gran\u00e1tov a\u00a0\u010fal\u0161ie. V\u00a0\u010fal\u0161om obsahu s\u00fa z\u00a0r\u00f4znych h\u013ead\u00edsk zhodnoten\u00e9 nosn\u00e9 syst\u00e9my z\u00e1\u0165a\u017ee vojaka.<\/p>\n<p>Podstatnou \u010das\u0165ou \u0161t\u00fadie je v\u00fdber a\u00a0o\u017eivenie po\u010d\u00edta\u010dov\u00e9ho matematick\u00e9ho modelu, ktor\u00fd umo\u017e\u0148uje simul\u00e1ciami analyzova\u0165 za\u0165a\u017eenia oporn\u00fdch \u010dast\u00ed tela vojaka pri jeho typick\u00fdch \u010dinnostiach a\u00a0variabilite z\u00e1\u0165a\u017ee pod\u013ea nesenej v\u00fdbavy.<\/p>\n<p>[\/et_pb_text][\/et_pb_column][\/et_pb_row][\/et_pb_section]<\/p>","protected":false},"excerpt":{"rendered":"<p>Predkladan\u00e1 \u0161t\u00fadia obsahuje anal\u00fdzu vplyvu mechanickej z\u00e1\u0165a\u017ee vojaka od nesenej v\u00fdbavy na jeho \u010dinnos\u0165. V\u00a0\u00favodnej \u010dasti s\u00fa zhrnut\u00e9 fyziologick\u00e9 a\u00a0biomechanick\u00e9 aspekty nesenia v\u00fdbavy vojakom vr\u00e1tane z\u00e1kladnej interakcie nesenia v\u00fdbavy vojakom pri s\u00fa\u010dasnom plnen\u00ed hlavn\u00fdch \u010dinnost\u00ed vojaka, napr. pochod, beh, stre\u013eba, h\u00e1dzanie ru\u010dn\u00fdch gran\u00e1tov a\u00a0\u010fal\u0161ie. V\u00a0\u010fal\u0161om obsahu s\u00fa z\u00a0r\u00f4znych h\u013ead\u00edsk zhodnoten\u00e9 nosn\u00e9 syst\u00e9my z\u00e1\u0165a\u017ee vojaka. Podstatnou [&hellip;]<\/p>","protected":false},"author":1,"featured_media":0,"parent":0,"menu_order":0,"comment_status":"closed","ping_status":"closed","template":"","meta":{"_et_pb_use_builder":"on","_et_pb_old_content":"","_et_gb_content_width":"","inline_featured_image":false,"_monsterinsights_skip_tracking":false,"_monsterinsights_sitenote_active":false,"_monsterinsights_sitenote_note":"","_monsterinsights_sitenote_category":0,"footnotes":""},"class_list":["post-396","page","type-page","status-publish","hentry"],"yoast_head":"<!-- This site is optimized with the Yoast SEO plugin v26.1.1 - https:\/\/yoast.com\/wordpress\/plugins\/seo\/ -->\n<title>Modelovanie vplyvu mechanickej z\u00e1\u0165a\u017ee vojaka v statickom a dynamickom re\u017eime jeho \u010dinnosti - DSSI<\/title>\n<meta name=\"robots\" content=\"index, follow, max-snippet:-1, max-image-preview:large, max-video-preview:-1\" \/>\n<link rel=\"canonical\" href=\"https:\/\/dssi.sk\/en\/modelovanie-vplyvu-mechanickej-zataze-vojaka-v-statickom-a-dynamickom-rezime-jeho-cinnosti\/\" \/>\n<meta property=\"og:locale\" content=\"en_US\" \/>\n<meta property=\"og:type\" content=\"article\" \/>\n<meta property=\"og:title\" content=\"Modelovanie vplyvu mechanickej z\u00e1\u0165a\u017ee vojaka v statickom a dynamickom re\u017eime jeho \u010dinnosti - DSSI\" \/>\n<meta property=\"og:description\" content=\"Predkladan\u00e1 \u0161t\u00fadia obsahuje anal\u00fdzu vplyvu mechanickej z\u00e1\u0165a\u017ee vojaka od nesenej v\u00fdbavy na jeho \u010dinnos\u0165. V\u00a0\u00favodnej \u010dasti s\u00fa zhrnut\u00e9 fyziologick\u00e9 a\u00a0biomechanick\u00e9 aspekty nesenia v\u00fdbavy vojakom vr\u00e1tane z\u00e1kladnej interakcie nesenia v\u00fdbavy vojakom pri s\u00fa\u010dasnom plnen\u00ed hlavn\u00fdch \u010dinnost\u00ed vojaka, napr. pochod, beh, stre\u013eba, h\u00e1dzanie ru\u010dn\u00fdch gran\u00e1tov a\u00a0\u010fal\u0161ie. V\u00a0\u010fal\u0161om obsahu s\u00fa z\u00a0r\u00f4znych h\u013ead\u00edsk zhodnoten\u00e9 nosn\u00e9 syst\u00e9my z\u00e1\u0165a\u017ee vojaka. Podstatnou [&hellip;]\" \/>\n<meta property=\"og:url\" content=\"https:\/\/dssi.sk\/en\/modelovanie-vplyvu-mechanickej-zataze-vojaka-v-statickom-a-dynamickom-rezime-jeho-cinnosti\/\" \/>\n<meta property=\"og:site_name\" content=\"DSSI\" \/>\n<meta name=\"twitter:card\" content=\"summary_large_image\" \/>\n<meta name=\"twitter:label1\" content=\"Est. reading time\" \/>\n\t<meta name=\"twitter:data1\" content=\"1 minute\" \/>\n<script type=\"application\/ld+json\" class=\"yoast-schema-graph\">{\"@context\":\"https:\/\/schema.org\",\"@graph\":[{\"@type\":\"WebPage\",\"@id\":\"https:\/\/dssi.sk\/en\/modelovanie-vplyvu-mechanickej-zataze-vojaka-v-statickom-a-dynamickom-rezime-jeho-cinnosti\/\",\"url\":\"https:\/\/dssi.sk\/en\/modelovanie-vplyvu-mechanickej-zataze-vojaka-v-statickom-a-dynamickom-rezime-jeho-cinnosti\/\",\"name\":\"Modelovanie vplyvu mechanickej z\u00e1\u0165a\u017ee vojaka v statickom a dynamickom re\u017eime jeho \u010dinnosti - DSSI\",\"isPartOf\":{\"@id\":\"https:\/\/dssi.sk\/#website\"},\"datePublished\":\"2019-09-16T14:47:53+00:00\",\"breadcrumb\":{\"@id\":\"https:\/\/dssi.sk\/en\/modelovanie-vplyvu-mechanickej-zataze-vojaka-v-statickom-a-dynamickom-rezime-jeho-cinnosti\/#breadcrumb\"},\"inLanguage\":\"en-US\",\"potentialAction\":[{\"@type\":\"ReadAction\",\"target\":[\"https:\/\/dssi.sk\/en\/modelovanie-vplyvu-mechanickej-zataze-vojaka-v-statickom-a-dynamickom-rezime-jeho-cinnosti\/\"]}]},{\"@type\":\"BreadcrumbList\",\"@id\":\"https:\/\/dssi.sk\/en\/modelovanie-vplyvu-mechanickej-zataze-vojaka-v-statickom-a-dynamickom-rezime-jeho-cinnosti\/#breadcrumb\",\"itemListElement\":[{\"@type\":\"ListItem\",\"position\":1,\"name\":\"Home\",\"item\":\"https:\/\/dssi.sk\/\"},{\"@type\":\"ListItem\",\"position\":2,\"name\":\"Modelovanie vplyvu mechanickej z\u00e1\u0165a\u017ee vojaka v statickom a dynamickom re\u017eime jeho \u010dinnosti\"}]},{\"@type\":\"WebSite\",\"@id\":\"https:\/\/dssi.sk\/#website\",\"url\":\"https:\/\/dssi.sk\/\",\"name\":\"DSSI\",\"description\":\"Development | Services | Security | Innovations\",\"publisher\":{\"@id\":\"https:\/\/dssi.sk\/#organization\"},\"potentialAction\":[{\"@type\":\"SearchAction\",\"target\":{\"@type\":\"EntryPoint\",\"urlTemplate\":\"https:\/\/dssi.sk\/?s={search_term_string}\"},\"query-input\":{\"@type\":\"PropertyValueSpecification\",\"valueRequired\":true,\"valueName\":\"search_term_string\"}}],\"inLanguage\":\"en-US\"},{\"@type\":\"Organization\",\"@id\":\"https:\/\/dssi.sk\/#organization\",\"name\":\"DSSI a.s.\",\"url\":\"https:\/\/dssi.sk\/\",\"logo\":{\"@type\":\"ImageObject\",\"inLanguage\":\"en-US\",\"@id\":\"https:\/\/dssi.sk\/#\/schema\/logo\/image\/\",\"url\":\"https:\/\/dssi.sk\/wp-content\/uploads\/2019\/09\/logo-dssi-horizontal1.jpg\",\"contentUrl\":\"https:\/\/dssi.sk\/wp-content\/uploads\/2019\/09\/logo-dssi-horizontal1.jpg\",\"width\":520,\"height\":520,\"caption\":\"DSSI a.s.\"},\"image\":{\"@id\":\"https:\/\/dssi.sk\/#\/schema\/logo\/image\/\"}}]}<\/script>\n<!-- \/ Yoast SEO plugin. -->","yoast_head_json":{"title":"Modelovanie vplyvu mechanickej z\u00e1\u0165a\u017ee vojaka v statickom a dynamickom re\u017eime jeho \u010dinnosti - DSSI","robots":{"index":"index","follow":"follow","max-snippet":"max-snippet:-1","max-image-preview":"max-image-preview:large","max-video-preview":"max-video-preview:-1"},"canonical":"https:\/\/dssi.sk\/en\/modelovanie-vplyvu-mechanickej-zataze-vojaka-v-statickom-a-dynamickom-rezime-jeho-cinnosti\/","og_locale":"en_US","og_type":"article","og_title":"Modelovanie vplyvu mechanickej z\u00e1\u0165a\u017ee vojaka v statickom a dynamickom re\u017eime jeho \u010dinnosti - DSSI","og_description":"Predkladan\u00e1 \u0161t\u00fadia obsahuje anal\u00fdzu vplyvu mechanickej z\u00e1\u0165a\u017ee vojaka od nesenej v\u00fdbavy na jeho \u010dinnos\u0165. V\u00a0\u00favodnej \u010dasti s\u00fa zhrnut\u00e9 fyziologick\u00e9 a\u00a0biomechanick\u00e9 aspekty nesenia v\u00fdbavy vojakom vr\u00e1tane z\u00e1kladnej interakcie nesenia v\u00fdbavy vojakom pri s\u00fa\u010dasnom plnen\u00ed hlavn\u00fdch \u010dinnost\u00ed vojaka, napr. pochod, beh, stre\u013eba, h\u00e1dzanie ru\u010dn\u00fdch gran\u00e1tov a\u00a0\u010fal\u0161ie. V\u00a0\u010fal\u0161om obsahu s\u00fa z\u00a0r\u00f4znych h\u013ead\u00edsk zhodnoten\u00e9 nosn\u00e9 syst\u00e9my z\u00e1\u0165a\u017ee vojaka. Podstatnou [&hellip;]","og_url":"https:\/\/dssi.sk\/en\/modelovanie-vplyvu-mechanickej-zataze-vojaka-v-statickom-a-dynamickom-rezime-jeho-cinnosti\/","og_site_name":"DSSI","twitter_card":"summary_large_image","twitter_misc":{"Est. reading time":"1 minute"},"schema":{"@context":"https:\/\/schema.org","@graph":[{"@type":"WebPage","@id":"https:\/\/dssi.sk\/en\/modelovanie-vplyvu-mechanickej-zataze-vojaka-v-statickom-a-dynamickom-rezime-jeho-cinnosti\/","url":"https:\/\/dssi.sk\/en\/modelovanie-vplyvu-mechanickej-zataze-vojaka-v-statickom-a-dynamickom-rezime-jeho-cinnosti\/","name":"Modelovanie vplyvu mechanickej z\u00e1\u0165a\u017ee vojaka v statickom a dynamickom re\u017eime jeho \u010dinnosti - DSSI","isPartOf":{"@id":"https:\/\/dssi.sk\/#website"},"datePublished":"2019-09-16T14:47:53+00:00","breadcrumb":{"@id":"https:\/\/dssi.sk\/en\/modelovanie-vplyvu-mechanickej-zataze-vojaka-v-statickom-a-dynamickom-rezime-jeho-cinnosti\/#breadcrumb"},"inLanguage":"en-US","potentialAction":[{"@type":"ReadAction","target":["https:\/\/dssi.sk\/en\/modelovanie-vplyvu-mechanickej-zataze-vojaka-v-statickom-a-dynamickom-rezime-jeho-cinnosti\/"]}]},{"@type":"BreadcrumbList","@id":"https:\/\/dssi.sk\/en\/modelovanie-vplyvu-mechanickej-zataze-vojaka-v-statickom-a-dynamickom-rezime-jeho-cinnosti\/#breadcrumb","itemListElement":[{"@type":"ListItem","position":1,"name":"Home","item":"https:\/\/dssi.sk\/"},{"@type":"ListItem","position":2,"name":"Modelovanie vplyvu mechanickej z\u00e1\u0165a\u017ee vojaka v statickom a dynamickom re\u017eime jeho \u010dinnosti"}]},{"@type":"WebSite","@id":"https:\/\/dssi.sk\/#website","url":"https:\/\/dssi.sk\/","name":"DSSI","description":"Development | Services | Security | Innovations","publisher":{"@id":"https:\/\/dssi.sk\/#organization"},"potentialAction":[{"@type":"SearchAction","target":{"@type":"EntryPoint","urlTemplate":"https:\/\/dssi.sk\/?s={search_term_string}"},"query-input":{"@type":"PropertyValueSpecification","valueRequired":true,"valueName":"search_term_string"}}],"inLanguage":"en-US"},{"@type":"Organization","@id":"https:\/\/dssi.sk\/#organization","name":"DSSI a.s.","url":"https:\/\/dssi.sk\/","logo":{"@type":"ImageObject","inLanguage":"en-US","@id":"https:\/\/dssi.sk\/#\/schema\/logo\/image\/","url":"https:\/\/dssi.sk\/wp-content\/uploads\/2019\/09\/logo-dssi-horizontal1.jpg","contentUrl":"https:\/\/dssi.sk\/wp-content\/uploads\/2019\/09\/logo-dssi-horizontal1.jpg","width":520,"height":520,"caption":"DSSI a.s."},"image":{"@id":"https:\/\/dssi.sk\/#\/schema\/logo\/image\/"}}]}},"_links":{"self":[{"href":"http:\/\/dssi.sk\/en\/wp-json\/wp\/v2\/pages\/396","targetHints":{"allow":["GET"]}}],"collection":[{"href":"http:\/\/dssi.sk\/en\/wp-json\/wp\/v2\/pages"}],"about":[{"href":"http:\/\/dssi.sk\/en\/wp-json\/wp\/v2\/types\/page"}],"author":[{"embeddable":true,"href":"http:\/\/dssi.sk\/en\/wp-json\/wp\/v2\/users\/1"}],"replies":[{"embeddable":true,"href":"http:\/\/dssi.sk\/en\/wp-json\/wp\/v2\/comments?post=396"}],"version-history":[{"count":2,"href":"http:\/\/dssi.sk\/en\/wp-json\/wp\/v2\/pages\/396\/revisions"}],"predecessor-version":[{"id":405,"href":"http:\/\/dssi.sk\/en\/wp-json\/wp\/v2\/pages\/396\/revisions\/405"}],"wp:attachment":[{"href":"http:\/\/dssi.sk\/en\/wp-json\/wp\/v2\/media?parent=396"}],"curies":[{"name":"wp","href":"https:\/\/api.w.org\/{rel}","templated":true}]}}