{"id":86,"date":"2019-09-13T16:43:26","date_gmt":"2019-09-13T14:43:26","guid":{"rendered":"http:\/\/dssi.h2studio.net\/?page_id=86"},"modified":"2019-09-16T22:39:25","modified_gmt":"2019-09-16T20:39:25","slug":"partneri-a-klienti","status":"publish","type":"page","link":"http:\/\/dssi.sk\/en\/partneri-a-klienti\/","title":{"rendered":"Partners and customers"},"content":{"rendered":"<p>[et_pb_section fb_built=&#8220;1&#8243; admin_label=&#8220;section&#8220; _builder_version=&#8220;3.25.4&#8243; custom_padding=&#8220;0px||&#8220;][et_pb_row custom_margin=&#8220;||&#8220; admin_label=&#8220;row&#8220; _builder_version=&#8220;3.25.4&#8243; background_size=&#8220;initial&#8220; background_position=&#8220;top_left&#8220; background_repeat=&#8220;repeat&#8220;][et_pb_column type=&#8220;4_4&#8243; _builder_version=&#8220;3.25&#8243; custom_padding=&#8220;|||&#8220; custom_padding__hover=&#8220;|||&#8220;][et_pb_text _builder_version=&#8220;3.25.4&#8243; _dynamic_attributes=&#8220;content&#8220; text_font=&#8220;|||on|||||&#8220; text_text_align=&#8220;center&#8220; text_font_size=&#8220;30px&#8220; link_font=&#8220;||||||||&#8220; ul_font=&#8220;||||||||&#8220; ol_font=&#8220;||||||||&#8220; quote_font=&#8220;||||||||&#8220; header_font=&#8220;||||||||&#8220; header_2_font=&#8220;||||||||&#8220; background_color=&#8220;rgba(0,0,0,0)&#8220; width=&#8220;100%&#8220; max_width=&#8220;100%&#8220;]@ET-DC@eyJkeW5hbWljIjp0cnVlLCJjb250ZW50IjoicG9zdF90aXRsZSIsInNldHRpbmdzIjp7ImJlZm9yZSI6IiIsImFmdGVyIjoiIn19@[\/et_pb_text][et_pb_divider _builder_version=&#8220;3.25.4&#8243;][\/et_pb_divider][et_pb_text admin_label=&#8220;Text&#8220; _builder_version=&#8220;3.25.4&#8243; background_size=&#8220;initial&#8220; background_position=&#8220;top_left&#8220; background_repeat=&#8220;repeat&#8220;]<\/p>\n<blockquote>\n<ul>\n<li>Akad\u00e9mia ozbrojen\u00fdch s\u00edl gener\u00e1la M.R. \u0160tef\u00e1nika, Liptovsk\u00fd Mikul\u00e1\u0161<\/li>\n<li>Alcatel Slovakia, a.s.<\/li>\n<li>Magic Trading Corporation, a.s.<\/li>\n<li>Ministerstvo hospod\u00e1rstva\u00a0Slovenskej republiky<\/li>\n<li>Ministerstvo obrany Slovenskej republiky<\/li>\n<li>Ministerstvo\u00a0vn\u00fatra Slovenskej republiky<\/li>\n<li>Pramacom \u2013 HT, s.r.o.<\/li>\n<li>Slovensk\u00e1 akad\u00e9mia vied<\/li>\n<li>Slovensk\u00e1 technick\u00e1 univerzita<\/li>\n<li>Tren\u010dianska univerzita Alexandra Dub\u010deka, Tren\u010d\u00edn<\/li>\n<li>Univerzita obrany Brno, \u010cesk\u00e1 republika<\/li>\n<li>VOP Tren\u010d\u00edn, a.s.<\/li>\n<li>VTS\u00da Z\u00e1horie<\/li>\n<\/ul>\n<\/blockquote>\n<p>[\/et_pb_text][\/et_pb_column][\/et_pb_row][\/et_pb_section]<\/p>","protected":false},"excerpt":{"rendered":"<p>Akad\u00e9mia ozbrojen\u00fdch s\u00edl gener\u00e1la M.R. \u0160tef\u00e1nika, Liptovsk\u00fd Mikul\u00e1\u0161 Alcatel Slovakia, a.s. Magic Trading Corporation, a.s. Ministerstvo hospod\u00e1rstva\u00a0Slovenskej republiky Ministerstvo obrany Slovenskej republiky Ministerstvo\u00a0vn\u00fatra Slovenskej republiky Pramacom \u2013 HT, s.r.o. Slovensk\u00e1 akad\u00e9mia vied Slovensk\u00e1 technick\u00e1 univerzita Tren\u010dianska univerzita Alexandra Dub\u010deka, Tren\u010d\u00edn Univerzita obrany Brno, \u010cesk\u00e1 republika VOP Tren\u010d\u00edn, a.s. VTS\u00da Z\u00e1horie<\/p>","protected":false},"author":1,"featured_media":0,"parent":0,"menu_order":0,"comment_status":"closed","ping_status":"closed","template":"","meta":{"_et_pb_use_builder":"on","_et_pb_old_content":"","_et_gb_content_width":"","inline_featured_image":false,"_monsterinsights_skip_tracking":false,"_monsterinsights_sitenote_active":false,"_monsterinsights_sitenote_note":"","_monsterinsights_sitenote_category":0,"footnotes":""},"class_list":["post-86","page","type-page","status-publish","hentry"],"yoast_head":"<!-- This site is optimized with the Yoast SEO plugin v26.1.1 - https:\/\/yoast.com\/wordpress\/plugins\/seo\/ -->\n<title>Partneri a klienti - DSSI<\/title>\n<meta name=\"robots\" content=\"index, follow, max-snippet:-1, max-image-preview:large, max-video-preview:-1\" \/>\n<link rel=\"canonical\" href=\"https:\/\/dssi.sk\/en\/partneri-a-klienti\/\" \/>\n<meta property=\"og:locale\" content=\"en_US\" \/>\n<meta property=\"og:type\" content=\"article\" \/>\n<meta property=\"og:title\" content=\"Partneri a klienti - DSSI\" \/>\n<meta property=\"og:description\" content=\"Akad\u00e9mia ozbrojen\u00fdch s\u00edl gener\u00e1la M.R. \u0160tef\u00e1nika, Liptovsk\u00fd Mikul\u00e1\u0161 Alcatel Slovakia, a.s. Magic Trading Corporation, a.s. Ministerstvo hospod\u00e1rstva\u00a0Slovenskej republiky Ministerstvo obrany Slovenskej republiky Ministerstvo\u00a0vn\u00fatra Slovenskej republiky Pramacom \u2013 HT, s.r.o. Slovensk\u00e1 akad\u00e9mia vied Slovensk\u00e1 technick\u00e1 univerzita Tren\u010dianska univerzita Alexandra Dub\u010deka, Tren\u010d\u00edn Univerzita obrany Brno, \u010cesk\u00e1 republika VOP Tren\u010d\u00edn, a.s. VTS\u00da Z\u00e1horie\" \/>\n<meta property=\"og:url\" content=\"https:\/\/dssi.sk\/en\/partneri-a-klienti\/\" \/>\n<meta property=\"og:site_name\" content=\"DSSI\" \/>\n<meta property=\"article:modified_time\" content=\"2019-09-16T20:39:25+00:00\" \/>\n<meta name=\"twitter:card\" content=\"summary_large_image\" \/>\n<meta name=\"twitter:label1\" content=\"Est. reading time\" \/>\n\t<meta name=\"twitter:data1\" content=\"1 minute\" \/>\n<script type=\"application\/ld+json\" class=\"yoast-schema-graph\">{\"@context\":\"https:\/\/schema.org\",\"@graph\":[{\"@type\":\"WebPage\",\"@id\":\"https:\/\/dssi.sk\/en\/partneri-a-klienti\/\",\"url\":\"https:\/\/dssi.sk\/en\/partneri-a-klienti\/\",\"name\":\"Partneri a klienti - DSSI\",\"isPartOf\":{\"@id\":\"https:\/\/dssi.sk\/#website\"},\"datePublished\":\"2019-09-13T14:43:26+00:00\",\"dateModified\":\"2019-09-16T20:39:25+00:00\",\"breadcrumb\":{\"@id\":\"https:\/\/dssi.sk\/en\/partneri-a-klienti\/#breadcrumb\"},\"inLanguage\":\"en-US\",\"potentialAction\":[{\"@type\":\"ReadAction\",\"target\":[\"https:\/\/dssi.sk\/en\/partneri-a-klienti\/\"]}]},{\"@type\":\"BreadcrumbList\",\"@id\":\"https:\/\/dssi.sk\/en\/partneri-a-klienti\/#breadcrumb\",\"itemListElement\":[{\"@type\":\"ListItem\",\"position\":1,\"name\":\"Home\",\"item\":\"https:\/\/dssi.sk\/\"},{\"@type\":\"ListItem\",\"position\":2,\"name\":\"Partneri a klienti\"}]},{\"@type\":\"WebSite\",\"@id\":\"https:\/\/dssi.sk\/#website\",\"url\":\"https:\/\/dssi.sk\/\",\"name\":\"DSSI\",\"description\":\"Development | Services | Security | Innovations\",\"publisher\":{\"@id\":\"https:\/\/dssi.sk\/#organization\"},\"potentialAction\":[{\"@type\":\"SearchAction\",\"target\":{\"@type\":\"EntryPoint\",\"urlTemplate\":\"https:\/\/dssi.sk\/?s={search_term_string}\"},\"query-input\":{\"@type\":\"PropertyValueSpecification\",\"valueRequired\":true,\"valueName\":\"search_term_string\"}}],\"inLanguage\":\"en-US\"},{\"@type\":\"Organization\",\"@id\":\"https:\/\/dssi.sk\/#organization\",\"name\":\"DSSI a.s.\",\"url\":\"https:\/\/dssi.sk\/\",\"logo\":{\"@type\":\"ImageObject\",\"inLanguage\":\"en-US\",\"@id\":\"https:\/\/dssi.sk\/#\/schema\/logo\/image\/\",\"url\":\"https:\/\/dssi.sk\/wp-content\/uploads\/2019\/09\/logo-dssi-horizontal1.jpg\",\"contentUrl\":\"https:\/\/dssi.sk\/wp-content\/uploads\/2019\/09\/logo-dssi-horizontal1.jpg\",\"width\":520,\"height\":520,\"caption\":\"DSSI a.s.\"},\"image\":{\"@id\":\"https:\/\/dssi.sk\/#\/schema\/logo\/image\/\"}}]}<\/script>\n<!-- \/ Yoast SEO plugin. -->","yoast_head_json":{"title":"Partneri a klienti - DSSI","robots":{"index":"index","follow":"follow","max-snippet":"max-snippet:-1","max-image-preview":"max-image-preview:large","max-video-preview":"max-video-preview:-1"},"canonical":"https:\/\/dssi.sk\/en\/partneri-a-klienti\/","og_locale":"en_US","og_type":"article","og_title":"Partneri a klienti - DSSI","og_description":"Akad\u00e9mia ozbrojen\u00fdch s\u00edl gener\u00e1la M.R. \u0160tef\u00e1nika, Liptovsk\u00fd Mikul\u00e1\u0161 Alcatel Slovakia, a.s. Magic Trading Corporation, a.s. Ministerstvo hospod\u00e1rstva\u00a0Slovenskej republiky Ministerstvo obrany Slovenskej republiky Ministerstvo\u00a0vn\u00fatra Slovenskej republiky Pramacom \u2013 HT, s.r.o. Slovensk\u00e1 akad\u00e9mia vied Slovensk\u00e1 technick\u00e1 univerzita Tren\u010dianska univerzita Alexandra Dub\u010deka, Tren\u010d\u00edn Univerzita obrany Brno, \u010cesk\u00e1 republika VOP Tren\u010d\u00edn, a.s. VTS\u00da Z\u00e1horie","og_url":"https:\/\/dssi.sk\/en\/partneri-a-klienti\/","og_site_name":"DSSI","article_modified_time":"2019-09-16T20:39:25+00:00","twitter_card":"summary_large_image","twitter_misc":{"Est. reading time":"1 minute"},"schema":{"@context":"https:\/\/schema.org","@graph":[{"@type":"WebPage","@id":"https:\/\/dssi.sk\/en\/partneri-a-klienti\/","url":"https:\/\/dssi.sk\/en\/partneri-a-klienti\/","name":"Partneri a klienti - DSSI","isPartOf":{"@id":"https:\/\/dssi.sk\/#website"},"datePublished":"2019-09-13T14:43:26+00:00","dateModified":"2019-09-16T20:39:25+00:00","breadcrumb":{"@id":"https:\/\/dssi.sk\/en\/partneri-a-klienti\/#breadcrumb"},"inLanguage":"en-US","potentialAction":[{"@type":"ReadAction","target":["https:\/\/dssi.sk\/en\/partneri-a-klienti\/"]}]},{"@type":"BreadcrumbList","@id":"https:\/\/dssi.sk\/en\/partneri-a-klienti\/#breadcrumb","itemListElement":[{"@type":"ListItem","position":1,"name":"Home","item":"https:\/\/dssi.sk\/"},{"@type":"ListItem","position":2,"name":"Partneri a klienti"}]},{"@type":"WebSite","@id":"https:\/\/dssi.sk\/#website","url":"https:\/\/dssi.sk\/","name":"DSSI","description":"Development | Services | Security | Innovations","publisher":{"@id":"https:\/\/dssi.sk\/#organization"},"potentialAction":[{"@type":"SearchAction","target":{"@type":"EntryPoint","urlTemplate":"https:\/\/dssi.sk\/?s={search_term_string}"},"query-input":{"@type":"PropertyValueSpecification","valueRequired":true,"valueName":"search_term_string"}}],"inLanguage":"en-US"},{"@type":"Organization","@id":"https:\/\/dssi.sk\/#organization","name":"DSSI a.s.","url":"https:\/\/dssi.sk\/","logo":{"@type":"ImageObject","inLanguage":"en-US","@id":"https:\/\/dssi.sk\/#\/schema\/logo\/image\/","url":"https:\/\/dssi.sk\/wp-content\/uploads\/2019\/09\/logo-dssi-horizontal1.jpg","contentUrl":"https:\/\/dssi.sk\/wp-content\/uploads\/2019\/09\/logo-dssi-horizontal1.jpg","width":520,"height":520,"caption":"DSSI a.s."},"image":{"@id":"https:\/\/dssi.sk\/#\/schema\/logo\/image\/"}}]}},"_links":{"self":[{"href":"http:\/\/dssi.sk\/en\/wp-json\/wp\/v2\/pages\/86","targetHints":{"allow":["GET"]}}],"collection":[{"href":"http:\/\/dssi.sk\/en\/wp-json\/wp\/v2\/pages"}],"about":[{"href":"http:\/\/dssi.sk\/en\/wp-json\/wp\/v2\/types\/page"}],"author":[{"embeddable":true,"href":"http:\/\/dssi.sk\/en\/wp-json\/wp\/v2\/users\/1"}],"replies":[{"embeddable":true,"href":"http:\/\/dssi.sk\/en\/wp-json\/wp\/v2\/comments?post=86"}],"version-history":[{"count":4,"href":"http:\/\/dssi.sk\/en\/wp-json\/wp\/v2\/pages\/86\/revisions"}],"predecessor-version":[{"id":619,"href":"http:\/\/dssi.sk\/en\/wp-json\/wp\/v2\/pages\/86\/revisions\/619"}],"wp:attachment":[{"href":"http:\/\/dssi.sk\/en\/wp-json\/wp\/v2\/media?parent=86"}],"curies":[{"name":"wp","href":"https:\/\/api.w.org\/{rel}","templated":true}]}}