{"id":148,"date":"2019-09-16T10:38:35","date_gmt":"2019-09-16T08:38:35","guid":{"rendered":"http:\/\/dssi.h2studio.net\/?page_id=148"},"modified":"2019-09-16T22:42:26","modified_gmt":"2019-09-16T20:42:26","slug":"training-team","status":"publish","type":"page","link":"https:\/\/dssi.sk\/en\/training-team\/","title":{"rendered":"Training Team"},"content":{"rendered":"<p>[et_pb_section fb_built=&#8220;1&#8243; admin_label=&#8220;section&#8220; _builder_version=&#8220;3.25.4&#8243; custom_padding=&#8220;0px||&#8220;][et_pb_row custom_margin=&#8220;||&#8220; admin_label=&#8220;row&#8220; _builder_version=&#8220;3.25.4&#8243; background_size=&#8220;initial&#8220; background_position=&#8220;top_left&#8220; background_repeat=&#8220;repeat&#8220;][et_pb_column type=&#8220;4_4&#8243; _builder_version=&#8220;3.25&#8243; custom_padding=&#8220;|||&#8220; custom_padding__hover=&#8220;|||&#8220;][et_pb_text _builder_version=&#8220;3.25.4&#8243; _dynamic_attributes=&#8220;content&#8220; text_font=&#8220;|||on|||||&#8220; text_text_align=&#8220;center&#8220; text_font_size=&#8220;30px&#8220; link_font=&#8220;||||||||&#8220; ul_font=&#8220;||||||||&#8220; ol_font=&#8220;||||||||&#8220; quote_font=&#8220;||||||||&#8220; header_font=&#8220;||||||||&#8220; header_2_font=&#8220;||||||||&#8220; background_color=&#8220;rgba(0,0,0,0)&#8220; width=&#8220;100%&#8220; max_width=&#8220;100%&#8220;]@ET-DC@eyJkeW5hbWljIjp0cnVlLCJjb250ZW50IjoicG9zdF90aXRsZSIsInNldHRpbmdzIjp7ImJlZm9yZSI6IiIsImFmdGVyIjoiIn19@[\/et_pb_text][et_pb_divider _builder_version=&#8220;3.25.4&#8243;][\/et_pb_divider][et_pb_text admin_label=&#8220;Text&#8220; _builder_version=&#8220;3.25.4&#8243; background_size=&#8220;initial&#8220; background_position=&#8220;top_left&#8220; background_repeat=&#8220;repeat&#8220;]<\/p>\n<p>DSSI, a.s. has had a training team since 2013, which offers a system of training programs, shooting and tactical courses and seminars.<\/p>\n<h3><strong>Courses:<\/strong><\/h3>\n<blockquote>\n<ul>\n<li>Shooting<\/li>\n<li>Tactical<\/li>\n<li>Self-defense courses<\/li>\n<li>VIP protection courses<\/li>\n<li>Working at heights and rappelling courses<\/li>\n<li>Combined courses<\/li>\n<\/ul>\n<\/blockquote>\n<div>All programs and courses are created, prepared and led by a high-quality and balanced training team, consisting of highly prepared and well-trained lecturers and instructors with experience from the army and elite police units, including experience from deployment in foreign missions.<\/div>\n<p><strong>More information about courses only <a href=\"\/en\/kontakt\/\">on request.<\/a><\/strong><\/p>\n<p>[\/et_pb_text][\/et_pb_column][\/et_pb_row][\/et_pb_section]<\/p>","protected":false},"excerpt":{"rendered":"<p>DSSI, a.s. m\u00e1 od roku 2013 v\u00fdcvikov\u00fd t\u00edm, ktor\u00fd pon\u00faka syst\u00e9m v\u00fdcvikov\u00fdch programov, streleck\u00fdch a taktick\u00fdch kurzov a semin\u00e1rov. Kurzy: Streleck\u00e9 Taktick\u00e9 Kurzy sebaobrany Kurzy ochrany d\u00f4le\u017eit\u00fdch os\u00f4b Kurzy pr\u00e1c vo v\u00fd\u0161kach a zla\u0148ovania Kombinovan\u00e9 kurzy V\u0161etky programy a\u00a0kurzy s\u00fa tvoren\u00e9, pripravovan\u00e9 a\u00a0veden\u00e9 kvalitn\u00fdm a\u00a0vyv\u00e1\u017een\u00fdm v\u00fdcvikov\u00fdm t\u00edmom, ktor\u00fd sa sklad\u00e1 z\u00a0vysoko pripraven\u00fdch a\u00a0dobre vycvi\u010den\u00fdch lektorov [&hellip;]<\/p>","protected":false},"author":1,"featured_media":0,"parent":0,"menu_order":0,"comment_status":"closed","ping_status":"closed","template":"","meta":{"_et_pb_use_builder":"on","_et_pb_old_content":"","_et_gb_content_width":"","inline_featured_image":false,"_monsterinsights_skip_tracking":false,"_monsterinsights_sitenote_active":false,"_monsterinsights_sitenote_note":"","_monsterinsights_sitenote_category":0,"footnotes":""},"class_list":["post-148","page","type-page","status-publish","hentry"],"yoast_head":"<!-- This site is optimized with the Yoast SEO plugin v26.1.1 - https:\/\/yoast.com\/wordpress\/plugins\/seo\/ -->\n<title>Training Team - DSSI<\/title>\n<meta name=\"robots\" content=\"index, follow, max-snippet:-1, max-image-preview:large, max-video-preview:-1\" \/>\n<link rel=\"canonical\" href=\"https:\/\/dssi.sk\/en\/training-team\/\" \/>\n<meta property=\"og:locale\" content=\"en_US\" \/>\n<meta property=\"og:type\" content=\"article\" \/>\n<meta property=\"og:title\" content=\"Training Team - DSSI\" \/>\n<meta property=\"og:description\" content=\"DSSI, a.s. m\u00e1 od roku 2013 v\u00fdcvikov\u00fd t\u00edm, ktor\u00fd pon\u00faka syst\u00e9m v\u00fdcvikov\u00fdch programov, streleck\u00fdch a taktick\u00fdch kurzov a semin\u00e1rov. Kurzy: Streleck\u00e9 Taktick\u00e9 Kurzy sebaobrany Kurzy ochrany d\u00f4le\u017eit\u00fdch os\u00f4b Kurzy pr\u00e1c vo v\u00fd\u0161kach a zla\u0148ovania Kombinovan\u00e9 kurzy V\u0161etky programy a\u00a0kurzy s\u00fa tvoren\u00e9, pripravovan\u00e9 a\u00a0veden\u00e9 kvalitn\u00fdm a\u00a0vyv\u00e1\u017een\u00fdm v\u00fdcvikov\u00fdm t\u00edmom, ktor\u00fd sa sklad\u00e1 z\u00a0vysoko pripraven\u00fdch a\u00a0dobre vycvi\u010den\u00fdch lektorov [&hellip;]\" \/>\n<meta property=\"og:url\" content=\"https:\/\/dssi.sk\/en\/training-team\/\" \/>\n<meta property=\"og:site_name\" content=\"DSSI\" \/>\n<meta property=\"article:modified_time\" content=\"2019-09-16T20:42:26+00:00\" \/>\n<meta name=\"twitter:card\" content=\"summary_large_image\" \/>\n<meta name=\"twitter:label1\" content=\"Est. reading time\" \/>\n\t<meta name=\"twitter:data1\" content=\"1 minute\" \/>\n<script type=\"application\/ld+json\" class=\"yoast-schema-graph\">{\"@context\":\"https:\/\/schema.org\",\"@graph\":[{\"@type\":\"WebPage\",\"@id\":\"https:\/\/dssi.sk\/training-team\/\",\"url\":\"https:\/\/dssi.sk\/training-team\/\",\"name\":\"Training Team - DSSI\",\"isPartOf\":{\"@id\":\"https:\/\/dssi.sk\/#website\"},\"datePublished\":\"2019-09-16T08:38:35+00:00\",\"dateModified\":\"2019-09-16T20:42:26+00:00\",\"breadcrumb\":{\"@id\":\"https:\/\/dssi.sk\/training-team\/#breadcrumb\"},\"inLanguage\":\"en-US\",\"potentialAction\":[{\"@type\":\"ReadAction\",\"target\":[\"https:\/\/dssi.sk\/training-team\/\"]}]},{\"@type\":\"BreadcrumbList\",\"@id\":\"https:\/\/dssi.sk\/training-team\/#breadcrumb\",\"itemListElement\":[{\"@type\":\"ListItem\",\"position\":1,\"name\":\"Home\",\"item\":\"https:\/\/dssi.sk\/\"},{\"@type\":\"ListItem\",\"position\":2,\"name\":\"Training Team\"}]},{\"@type\":\"WebSite\",\"@id\":\"https:\/\/dssi.sk\/#website\",\"url\":\"https:\/\/dssi.sk\/\",\"name\":\"DSSI\",\"description\":\"Development | Services | Security | Innovations\",\"publisher\":{\"@id\":\"https:\/\/dssi.sk\/#organization\"},\"potentialAction\":[{\"@type\":\"SearchAction\",\"target\":{\"@type\":\"EntryPoint\",\"urlTemplate\":\"https:\/\/dssi.sk\/?s={search_term_string}\"},\"query-input\":{\"@type\":\"PropertyValueSpecification\",\"valueRequired\":true,\"valueName\":\"search_term_string\"}}],\"inLanguage\":\"en-US\"},{\"@type\":\"Organization\",\"@id\":\"https:\/\/dssi.sk\/#organization\",\"name\":\"DSSI a.s.\",\"url\":\"https:\/\/dssi.sk\/\",\"logo\":{\"@type\":\"ImageObject\",\"inLanguage\":\"en-US\",\"@id\":\"https:\/\/dssi.sk\/#\/schema\/logo\/image\/\",\"url\":\"https:\/\/dssi.sk\/wp-content\/uploads\/2019\/09\/logo-dssi-horizontal1.jpg\",\"contentUrl\":\"https:\/\/dssi.sk\/wp-content\/uploads\/2019\/09\/logo-dssi-horizontal1.jpg\",\"width\":520,\"height\":520,\"caption\":\"DSSI a.s.\"},\"image\":{\"@id\":\"https:\/\/dssi.sk\/#\/schema\/logo\/image\/\"}}]}<\/script>\n<!-- \/ Yoast SEO plugin. -->","yoast_head_json":{"title":"Training Team - DSSI","robots":{"index":"index","follow":"follow","max-snippet":"max-snippet:-1","max-image-preview":"max-image-preview:large","max-video-preview":"max-video-preview:-1"},"canonical":"https:\/\/dssi.sk\/en\/training-team\/","og_locale":"en_US","og_type":"article","og_title":"Training Team - DSSI","og_description":"DSSI, a.s. m\u00e1 od roku 2013 v\u00fdcvikov\u00fd t\u00edm, ktor\u00fd pon\u00faka syst\u00e9m v\u00fdcvikov\u00fdch programov, streleck\u00fdch a taktick\u00fdch kurzov a semin\u00e1rov. Kurzy: Streleck\u00e9 Taktick\u00e9 Kurzy sebaobrany Kurzy ochrany d\u00f4le\u017eit\u00fdch os\u00f4b Kurzy pr\u00e1c vo v\u00fd\u0161kach a zla\u0148ovania Kombinovan\u00e9 kurzy V\u0161etky programy a\u00a0kurzy s\u00fa tvoren\u00e9, pripravovan\u00e9 a\u00a0veden\u00e9 kvalitn\u00fdm a\u00a0vyv\u00e1\u017een\u00fdm v\u00fdcvikov\u00fdm t\u00edmom, ktor\u00fd sa sklad\u00e1 z\u00a0vysoko pripraven\u00fdch a\u00a0dobre vycvi\u010den\u00fdch lektorov [&hellip;]","og_url":"https:\/\/dssi.sk\/en\/training-team\/","og_site_name":"DSSI","article_modified_time":"2019-09-16T20:42:26+00:00","twitter_card":"summary_large_image","twitter_misc":{"Est. reading time":"1 minute"},"schema":{"@context":"https:\/\/schema.org","@graph":[{"@type":"WebPage","@id":"https:\/\/dssi.sk\/training-team\/","url":"https:\/\/dssi.sk\/training-team\/","name":"Training Team - DSSI","isPartOf":{"@id":"https:\/\/dssi.sk\/#website"},"datePublished":"2019-09-16T08:38:35+00:00","dateModified":"2019-09-16T20:42:26+00:00","breadcrumb":{"@id":"https:\/\/dssi.sk\/training-team\/#breadcrumb"},"inLanguage":"en-US","potentialAction":[{"@type":"ReadAction","target":["https:\/\/dssi.sk\/training-team\/"]}]},{"@type":"BreadcrumbList","@id":"https:\/\/dssi.sk\/training-team\/#breadcrumb","itemListElement":[{"@type":"ListItem","position":1,"name":"Home","item":"https:\/\/dssi.sk\/"},{"@type":"ListItem","position":2,"name":"Training Team"}]},{"@type":"WebSite","@id":"https:\/\/dssi.sk\/#website","url":"https:\/\/dssi.sk\/","name":"DSSI","description":"Development | Services | Security | Innovations","publisher":{"@id":"https:\/\/dssi.sk\/#organization"},"potentialAction":[{"@type":"SearchAction","target":{"@type":"EntryPoint","urlTemplate":"https:\/\/dssi.sk\/?s={search_term_string}"},"query-input":{"@type":"PropertyValueSpecification","valueRequired":true,"valueName":"search_term_string"}}],"inLanguage":"en-US"},{"@type":"Organization","@id":"https:\/\/dssi.sk\/#organization","name":"DSSI a.s.","url":"https:\/\/dssi.sk\/","logo":{"@type":"ImageObject","inLanguage":"en-US","@id":"https:\/\/dssi.sk\/#\/schema\/logo\/image\/","url":"https:\/\/dssi.sk\/wp-content\/uploads\/2019\/09\/logo-dssi-horizontal1.jpg","contentUrl":"https:\/\/dssi.sk\/wp-content\/uploads\/2019\/09\/logo-dssi-horizontal1.jpg","width":520,"height":520,"caption":"DSSI a.s."},"image":{"@id":"https:\/\/dssi.sk\/#\/schema\/logo\/image\/"}}]}},"_links":{"self":[{"href":"https:\/\/dssi.sk\/en\/wp-json\/wp\/v2\/pages\/148","targetHints":{"allow":["GET"]}}],"collection":[{"href":"https:\/\/dssi.sk\/en\/wp-json\/wp\/v2\/pages"}],"about":[{"href":"https:\/\/dssi.sk\/en\/wp-json\/wp\/v2\/types\/page"}],"author":[{"embeddable":true,"href":"https:\/\/dssi.sk\/en\/wp-json\/wp\/v2\/users\/1"}],"replies":[{"embeddable":true,"href":"https:\/\/dssi.sk\/en\/wp-json\/wp\/v2\/comments?post=148"}],"version-history":[{"count":5,"href":"https:\/\/dssi.sk\/en\/wp-json\/wp\/v2\/pages\/148\/revisions"}],"predecessor-version":[{"id":624,"href":"https:\/\/dssi.sk\/en\/wp-json\/wp\/v2\/pages\/148\/revisions\/624"}],"wp:attachment":[{"href":"https:\/\/dssi.sk\/en\/wp-json\/wp\/v2\/media?parent=148"}],"curies":[{"name":"wp","href":"https:\/\/api.w.org\/{rel}","templated":true}]}}