{"id":158,"date":"2019-09-16T10:43:28","date_gmt":"2019-09-16T08:43:28","guid":{"rendered":"http:\/\/dssi.h2studio.net\/?page_id=158"},"modified":"2019-09-16T23:46:04","modified_gmt":"2019-09-16T21:46:04","slug":"studie","status":"publish","type":"page","link":"https:\/\/dssi.sk\/en\/studie\/","title":{"rendered":"Studies"},"content":{"rendered":"<p>[et_pb_section fb_built=&#8220;1&#8243; admin_label=&#8220;section&#8220; _builder_version=&#8220;3.25.4&#8243; custom_padding=&#8220;0px||&#8220; fb_built=&#8220;1&#8243; _i=&#8220;0&#8243; _address=&#8220;0&#8243;][et_pb_row admin_label=&#8220;row&#8220; _builder_version=&#8220;3.25.4&#8243; background_size=&#8220;initial&#8220; background_position=&#8220;top_left&#8220; background_repeat=&#8220;repeat&#8220; custom_margin=&#8220;||&#8220; _i=&#8220;0&#8243; _address=&#8220;0.0&#8243;][et_pb_column type=&#8220;4_4&#8243; _builder_version=&#8220;3.25&#8243; custom_padding=&#8220;|||&#8220; custom_padding__hover=&#8220;|||&#8220; _i=&#8220;0&#8243; _address=&#8220;0.0.0&#8243;][et_pb_text _builder_version=&#8220;3.27.4&#8243; _dynamic_attributes=&#8220;content&#8220; text_font=&#8220;|||on|||||&#8220; text_font_size=&#8220;30px&#8220; link_font=&#8220;||||||||&#8220; ul_font=&#8220;||||||||&#8220; ol_font=&#8220;||||||||&#8220; quote_font=&#8220;||||||||&#8220; header_font=&#8220;||||||||&#8220; header_2_font=&#8220;||||||||&#8220; background_color=&#8220;rgba(0,0,0,0)&#8220; text_orientation=&#8220;center&#8220; width=&#8220;100%&#8220; max_width=&#8220;100%&#8220; text_text_align=&#8220;center&#8220; _i=&#8220;0&#8243; _address=&#8220;0.0.0.0&#8243;]@ET-DC@eyJkeW5hbWljIjp0cnVlLCJjb250ZW50IjoicG9zdF90aXRsZSIsInNldHRpbmdzIjp7ImJlZm9yZSI6IiIsImFmdGVyIjoiIn19@[\/et_pb_text][et_pb_divider _builder_version=&#8220;3.25.4&#8243; _i=&#8220;1&#8243; _address=&#8220;0.0.0.1&#8243;][\/et_pb_divider][et_pb_text admin_label=&#8220;Text&#8220; _builder_version=&#8220;3.27.4&#8243; background_size=&#8220;initial&#8220; background_position=&#8220;top_left&#8220; background_repeat=&#8220;repeat&#8220; _i=&#8220;2&#8243; _address=&#8220;0.0.0.2&#8243;]<\/p>\n<blockquote>\n<ul>\n<li><a href=\"\/en\/laserova-strelnica\/\">Laserov\u00e1 strelnica<\/a><\/li>\n<li><a href=\"\/en\/zvysenie-efektivnosti-kontroly-a-sledovania-vonkajsej-hranice-na-uzemi-slovenskej-republiky\/\">Zv\u00fd\u0161enie efekt\u00edvnosti kontroly a sledovania vonkaj\u0161ej hranice na \u00fazem\u00ed Slovenskej republiky<\/a><\/li>\n<li><a href=\"\/en\/koncepcia-vednej-a-technickej-politiky-ministerstva-obrany-slovenskej-republiky\/\">Koncepcia vednej a technickej politiky Ministerstva obrany Slovenskej republiky<\/a><\/li>\n<li><a href=\"\/en\/moznosti-modernizacie-bojovych-pasovych-vozidiel-typu-bojoveho-vozidla-pechoty-bvp\/\">Mo\u017enosti moderniz\u00e1cie bojov\u00fdch p\u00e1sov\u00fdch vozidiel typu bojov\u00e9ho vozidla pechoty (BVP)<\/a><\/li>\n<li><a href=\"\/en\/takticky-simulacny-vycvikovy-system-pre-vycvik-bojvej-cinnosti-v-meste-simcity\/\">Taktick\u00fd simula\u010dn\u00fd v\u00fdcvikov\u00fd syst\u00e9m pre v\u00fdcvik bojvej \u010dinnosti v meste \u2013 SIMCITY<\/a><\/li>\n<li><a href=\"\/en\/vyuzitie-nanotechnologii-pre-ozbrojene-sily-slovenskej-republiky\/\">Vyu\u017eitie nanotechnol\u00f3gi\u00ed pre Ozbrojen\u00e9 sily Slovenskej republiky<\/a><\/li>\n<li><a href=\"\/en\/moznosti-modernizacie-sustavy-odpruzenia-vozidla-aligator\/\">Mo\u017enosti moderniz\u00e1cie s\u00fastavy odpru\u017eenia vozidla ALIG\u00c1TOR<\/a><\/li>\n<li><a href=\"\/en\/moznosti-modernizacie-sustavy-brzdnej-sustavy-vozidla-aligator\/\">Mo\u017enosti moderniz\u00e1cie s\u00fastavy brzdnej s\u00fastavy vozidla ALIG\u00c1TOR<\/a><\/li>\n<li><a href=\"\/en\/moznosti-zlepsenia-plavatelnosti-vozidla-aligator\/\">Mo\u017enosti zlep\u0161enia pl\u00e1vate\u013enosti vozidla ALIG\u00c1TOR<\/a><\/li>\n<li><a href=\"\/en\/projekt-5-4420-detekcne-technologie-bw-latok\/\">Projekt 5-4420 detek\u010dn\u00e9 technol\u00f3gie BW l\u00e1tok<\/a><\/li>\n<li><a href=\"\/en\/integrovany-bojovy-system\/\">Integrovan\u00fd bojov\u00fd syst\u00e9m<\/a><\/li>\n<li><a href=\"\/en\/lahke-obrnene-vozidlo-prieskumu-a-palebnej-potreby-palpados\/\">\u013dahk\u00e9 obrnen\u00e9 vozidlo prieskumu a palebnej potreby PALPADOS<\/a><\/li>\n<li><a href=\"\/en\/lahke-obrnene-vozidlo-pozemneho-radiolokacneho-a-optoelektronickeho-prieskumu-radoptos\/\">\u013dahk\u00e9 obrnen\u00e9 vozidlo pozemn\u00e9ho r\u00e1dioloka\u010dn\u00e9ho a optoelektronick\u00e9ho prieskumu RADOPTOS<\/a><\/li>\n<li><a href=\"\/en\/mobilne-detekcne-chemicke-laboratorium\/\">Mobiln\u00e9 detek\u010dn\u00e9 chemick\u00e9 laborat\u00f3rium<\/a><\/li>\n<li><a href=\"\/en\/mobilne-detekcne-radiologicke-laboratorium\/\">Mobiln\u00e9 detek\u010dn\u00e9 r\u00e1diologick\u00e9 laborat\u00f3rium<\/a><\/li>\n<li><a href=\"\/en\/modernizacia-systemu-ochrany-bojoveho-vozidla-pechoty-bvp2\/\">Moderniz\u00e1cia syst\u00e9mu ochrany bojov\u00e9ho vozidla pechoty BVP-2<\/a><\/li>\n<li><a href=\"\/en\/modernizacia-systemu-balistickej-ochrany-bojoveho-vozidla-pechoty-bvp-2\/\">Moderniz\u00e1cia syst\u00e9mu balistickej ochrany bojov\u00e9ho vozidla pechoty BVP-2<\/a><\/li>\n<li><a href=\"\/en\/multifunkcny-integrovany-hlasic-nbc-ohrozenia\/\">Multifunk\u010dn\u00fd integrovan\u00fd hl\u00e1si\u010d NBC ohrozenia<\/a><\/li>\n<li><a href=\"\/en\/porovnanie-takticko-technickych-vlastnosti-kolesovych-a-pasovych-bojovych-vozidiel-pre-riesenie-konfliktov-v-buducnosti\/\">Porovnanie takticko-technick\u00fdch vlastnost\u00ed kolesov\u00fdch a p\u00e1sov\u00fdch bojov\u00fdch vozidiel pre rie\u0161enie konfliktov v bud\u00facnosti<\/a><\/li>\n<li><a href=\"\/en\/prenosne-zariadenie-na-analyzu-chemickych-a-biologickych-bojovych-latok\/\">Prenosn\u00e9 zariadenie na anal\u00fdzu chemick\u00fdch a biologick\u00fdch bojov\u00fdch l\u00e1tok<\/a><\/li>\n<li><a href=\"\/en\/perspektivy-rozvoja-fixnej-komunikacnej-siete-pre-ustredne-organy-statnej-spravy-slovenskej-republiky\/\">Perspekt\u00edvy rozvoja fixnej komunika\u010dnej siete pre \u00fastredn\u00e9 org\u00e1ny \u0161t\u00e1tnej spr\u00e1vy Slovenskej republiky<\/a><\/li>\n<li><a href=\"\/en\/pokrocily-individuany-bojovy-system-pre-vedenie-bojovej-cinnosti-v-meste\/\">Pokro\u010dil\u00fd individu\u00e1ny bojov\u00fd syst\u00e9m pre vedenie bojovej \u010dinnosti v meste<\/a><\/li>\n<li>Modelovanie interakcie \u010dlovek \u2013 ru\u010dn\u00e1 zbra\u0148<\/li>\n<li><a href=\"\/en\/modelovanie-vplyvu-mechanickej-zataze-vojaka-v-statickom-a-dynamickom-rezime-jeho-cinnosti\/\">Modelovanie vplyvu mechanickej z\u00e1\u0165a\u017ee vojaka v statickom a dynamickom re\u017eime jeho \u010dinnosti<\/a><\/li>\n<li><a href=\"\/en\/modelovanie-efektivnosti-vojenskych-technickych-systemov-v-ramci-ich-zivotneho-cyklu\/\">Modelovanie efekt\u00edvnosti vojensk\u00fdch technick\u00fdch syst\u00e9mov v r\u00e1mci ich \u017eivotn\u00e9ho cyklu<\/a><\/li>\n<li><a href=\"\/en\/analyza-moznosti-produkcie-kolesoveho-afv-v-podmienkach-sr\/\">Anal\u00fdza mo\u017enosti produkcie kolesov\u00e9ho AFV v podmienkach SR<\/a><\/li>\n<li><a href=\"\/en\/moznosti-aplikacie-stealth-technologii-pre-pozemne-bojove-vozidla\/\">Mo\u017enosti aplik\u00e1cie stealth technol\u00f3gi\u00ed pre pozemn\u00e9 bojov\u00e9 vozidl\u00e1<\/a><\/li>\n<li><a href=\"\/en\/bezpilotny-miniprieskumny-prostriedok-typu-uav-pre-stupen-prapor\/\">Bezpilotn\u00fd miniprieskumn\u00fd prostriedok typu UAV pre stupe\u0148 pr\u00e1por<\/a><\/li>\n<li><a href=\"\/en\/aplikacia-analytickych-nastrojov-na-optimalizaciu-nakladov-na-pouzivanie-podporu-a-vyradovanie-systemu-vyzbroje-v-ozbrojenych-silach\/\">Aplik\u00e1cia analytick\u00fdch n\u00e1strojov na optimaliz\u00e1ciu n\u00e1kladov na pou\u017e\u00edvanie, podporu a vyra\u010fovanie syst\u00e9mu v\u00fdzbroje v ozbrojen\u00fdch sil\u00e1ch<\/a><\/li>\n<li><a href=\"\/en\/koncepcia-vycivkoveho-systemu-pre-boj-v-urbanizovanom-priestore-pri-vyuziti-sietovo-orientovaneho-vybavenia-vojaka\/\">Koncepcia v\u00fdcivkov\u00e9ho syst\u00e9mu pre boj v urbanizovanom priestore pri vyu\u017eit\u00ed sie\u0165ovo orientovan\u00e9ho vybavenia vojaka<\/a><\/li>\n<li><a href=\"\/en\/modelovanie-biomechanickych-ucinkov-ied-a-min-na-osoby-vo-vozidlach\/\">Modelovanie biomechanick\u00fdch \u00fa\u010dinkov IED a m\u00edn na osoby vo vozidl\u00e1ch<\/a><\/li>\n<li><a href=\"\/en\/modernizacia-mechanizmov-a-komponentov-taktickej-mobility-bvp-2\/\">Moderniz\u00e1cia mechanizmov a komponentov taktickej mobility BVP-2<\/a><\/li>\n<li><a href=\"\/en\/moznosti-a-perspektivy-vyuzitia-wimax-technologie-na-vojenske-ucely\/\">Mo\u017enosti a perspekt\u00edvy vyu\u017eitia WiMax technol\u00f3gie na vojensk\u00e9 \u00fa\u010dely<\/a><\/li>\n<li><a href=\"\/en\/orientacia-vojenskej-vedy-obranneho-vyskumu-a-technologii-v-sr\/\">Orient\u00e1cia vojenskej vedy, obrann\u00e9ho v\u00fdskumu a technol\u00f3gi\u00ed v SR<\/a><\/li>\n<li><a href=\"\/en\/poziadavky-na-perspektivne-obrnene-vozidlo-pre-asymetricke-konflikty\/\">Po\u017eiadavky na perspekt\u00edvne obrnen\u00e9 vozidlo pre asymetrick\u00e9 konflikty<\/a><\/li>\n<li><a href=\"\/en\/vetronicky-system-bvp-2\/\">Vetronick\u00fd syst\u00e9m BVP-2<\/a><\/li>\n<li><a href=\"\/en\/suprava-na-dekontaminaciu-vystroja\/\">S\u00faprava na dekontamin\u00e1ciu v\u00fdstroja<\/a><\/li>\n<li><a href=\"\/en\/modelovanie-vykonu-statnej-spravy-v-krizovych-situaciach-akripa-1\/\">Modelovanie v\u00fdkonu \u0161t\u00e1tnej spr\u00e1vy v kr\u00edzov\u00fdch situ\u00e1ci\u00e1ch (AKRIPA 1)<\/a><\/li>\n<li><a href=\"\/en\/ochrana-pozemnych-vozidiel-proti-ied\/\">Ochrana pozemn\u00fdch vozidiel proti IED<\/a><\/li>\n<li><a href=\"\/en\/pouzitie-rfid-v-nebezpecnych-prostrediach\/\">Pou\u017eitie RFID v nebezpe\u010dn\u00fdch prostrediach<\/a><\/li>\n<li><a href=\"\/en\/rekonstrukcia-pasoveho-podvozku-bvp-1-na-kolesovy-podvozok\/\">Rekon\u0161trukcia p\u00e1sov\u00e9ho podvozku BVP 1 na kolesov\u00fd podvozok<\/a><\/li>\n<li><a href=\"\/en\/vetronicky-system-bojoveho-vozidla-pre-nec\/\">Vetronick\u00fd syst\u00e9m bojov\u00e9ho vozidla pre NEC<\/a><\/li>\n<li><a href=\"\/en\/bezosadkove-lahke-bojove-vozidlo-ulfv-unmanned-light-fighting-vehicle-pre-ozbrojene-sily\/\">Bezos\u00e1dkov\u00e9, \u013eahk\u00e9 bojov\u00e9 vozidlo ULFV (unmanned light fighting vehicle) pre ozbrojen\u00e9 sily<\/a><\/li>\n<li><a href=\"\/en\/elektronicke-vybavenie-maleho-bezpilotneho-prieskumneho-prostriedku\/\">Elektronick\u00e9 vybavenie mal\u00e9ho bezpilotn\u00e9ho prieskumn\u00e9ho prostriedku<\/a><\/li>\n<li><a href=\"\/en\/moderne-prelomove-technologie-a-moznosti-ich-vyuzitia-pre-vojenske-ucely\/\">Modern\u00e9 prelomov\u00e9 technol\u00f3gie a mo\u017enosti ich vyu\u017eitia pre vojensk\u00e9 \u00fa\u010dely<\/a><\/li>\n<li><a href=\"\/en\/modelovanie-prvkov-ochrany-dna-korby-bojoveho-vozidla-pechoty-bvp-2\/\">Modelovanie prvkov ochrany DNA korby bojov\u00e9ho vozidla pechoty BVP \u2013 2<\/a><\/li>\n<li><a href=\"\/en\/modelovanie-tlakovej-vlny-od-vybuchu-pri-interakcii-s-prekazkami-v-prizemnej-vrstve\/\">Modelovanie tlakovej vlny od v\u00fdbuchu pri interakcii s prek\u00e1\u017ekami v pr\u00edzemnej vrstve<\/a><\/li>\n<li><a href=\"\/en\/modely-mobility-pre-implementaciu-do-systemu-konstruktivnej-taktickej-simulacie\/\">Modely mobility pre implement\u00e1ciu do syst\u00e9mu kon\u0161trukt\u00edvnej taktickej simul\u00e1cie<\/a><\/li>\n<\/ul>\n<\/blockquote>\n<p>[\/et_pb_text][\/et_pb_column][\/et_pb_row][\/et_pb_section]<\/p>","protected":false},"excerpt":{"rendered":"<p>Laserov\u00e1 strelnica Zv\u00fd\u0161enie efekt\u00edvnosti kontroly a sledovania vonkaj\u0161ej hranice na \u00fazem\u00ed Slovenskej republiky Koncepcia vednej a technickej politiky Ministerstva obrany Slovenskej republiky Mo\u017enosti moderniz\u00e1cie bojov\u00fdch p\u00e1sov\u00fdch vozidiel typu bojov\u00e9ho vozidla pechoty (BVP) Taktick\u00fd simula\u010dn\u00fd v\u00fdcvikov\u00fd syst\u00e9m pre v\u00fdcvik bojvej \u010dinnosti v meste \u2013 SIMCITY Vyu\u017eitie nanotechnol\u00f3gi\u00ed pre Ozbrojen\u00e9 sily Slovenskej republiky Mo\u017enosti moderniz\u00e1cie s\u00fastavy odpru\u017eenia [&hellip;]<\/p>","protected":false},"author":1,"featured_media":0,"parent":0,"menu_order":0,"comment_status":"closed","ping_status":"closed","template":"","meta":{"_et_pb_use_builder":"on","_et_pb_old_content":"","_et_gb_content_width":"","inline_featured_image":false,"_monsterinsights_skip_tracking":false,"_monsterinsights_sitenote_active":false,"_monsterinsights_sitenote_note":"","_monsterinsights_sitenote_category":0,"footnotes":""},"class_list":["post-158","page","type-page","status-publish","hentry"],"yoast_head":"<!-- This site is optimized with the Yoast SEO plugin v26.1.1 - https:\/\/yoast.com\/wordpress\/plugins\/seo\/ -->\n<title>\u0160t\u00fadie - DSSI<\/title>\n<meta name=\"robots\" content=\"index, follow, max-snippet:-1, max-image-preview:large, max-video-preview:-1\" \/>\n<link rel=\"canonical\" href=\"https:\/\/dssi.sk\/en\/studie\/\" \/>\n<meta property=\"og:locale\" content=\"en_US\" \/>\n<meta property=\"og:type\" content=\"article\" \/>\n<meta property=\"og:title\" content=\"\u0160t\u00fadie - DSSI\" \/>\n<meta property=\"og:description\" content=\"Laserov\u00e1 strelnica Zv\u00fd\u0161enie efekt\u00edvnosti kontroly a sledovania vonkaj\u0161ej hranice na \u00fazem\u00ed Slovenskej republiky Koncepcia vednej a technickej politiky Ministerstva obrany Slovenskej republiky Mo\u017enosti moderniz\u00e1cie bojov\u00fdch p\u00e1sov\u00fdch vozidiel typu bojov\u00e9ho vozidla pechoty (BVP) Taktick\u00fd simula\u010dn\u00fd v\u00fdcvikov\u00fd syst\u00e9m pre v\u00fdcvik bojvej \u010dinnosti v meste \u2013 SIMCITY Vyu\u017eitie nanotechnol\u00f3gi\u00ed pre Ozbrojen\u00e9 sily Slovenskej republiky Mo\u017enosti moderniz\u00e1cie s\u00fastavy odpru\u017eenia [&hellip;]\" \/>\n<meta property=\"og:url\" content=\"https:\/\/dssi.sk\/en\/studie\/\" \/>\n<meta property=\"og:site_name\" content=\"DSSI\" \/>\n<meta property=\"article:modified_time\" content=\"2019-09-16T21:46:04+00:00\" \/>\n<meta name=\"twitter:card\" content=\"summary_large_image\" \/>\n<meta name=\"twitter:label1\" content=\"Est. reading time\" \/>\n\t<meta name=\"twitter:data1\" content=\"3 minutes\" \/>\n<script type=\"application\/ld+json\" class=\"yoast-schema-graph\">{\"@context\":\"https:\/\/schema.org\",\"@graph\":[{\"@type\":\"WebPage\",\"@id\":\"https:\/\/dssi.sk\/en\/studie\/\",\"url\":\"https:\/\/dssi.sk\/en\/studie\/\",\"name\":\"\u0160t\u00fadie - DSSI\",\"isPartOf\":{\"@id\":\"https:\/\/dssi.sk\/#website\"},\"datePublished\":\"2019-09-16T08:43:28+00:00\",\"dateModified\":\"2019-09-16T21:46:04+00:00\",\"breadcrumb\":{\"@id\":\"https:\/\/dssi.sk\/en\/studie\/#breadcrumb\"},\"inLanguage\":\"en-US\",\"potentialAction\":[{\"@type\":\"ReadAction\",\"target\":[\"https:\/\/dssi.sk\/en\/studie\/\"]}]},{\"@type\":\"BreadcrumbList\",\"@id\":\"https:\/\/dssi.sk\/en\/studie\/#breadcrumb\",\"itemListElement\":[{\"@type\":\"ListItem\",\"position\":1,\"name\":\"Home\",\"item\":\"https:\/\/dssi.sk\/\"},{\"@type\":\"ListItem\",\"position\":2,\"name\":\"\u0160t\u00fadie\"}]},{\"@type\":\"WebSite\",\"@id\":\"https:\/\/dssi.sk\/#website\",\"url\":\"https:\/\/dssi.sk\/\",\"name\":\"DSSI\",\"description\":\"Development | Services | Security | Innovations\",\"publisher\":{\"@id\":\"https:\/\/dssi.sk\/#organization\"},\"potentialAction\":[{\"@type\":\"SearchAction\",\"target\":{\"@type\":\"EntryPoint\",\"urlTemplate\":\"https:\/\/dssi.sk\/?s={search_term_string}\"},\"query-input\":{\"@type\":\"PropertyValueSpecification\",\"valueRequired\":true,\"valueName\":\"search_term_string\"}}],\"inLanguage\":\"en-US\"},{\"@type\":\"Organization\",\"@id\":\"https:\/\/dssi.sk\/#organization\",\"name\":\"DSSI a.s.\",\"url\":\"https:\/\/dssi.sk\/\",\"logo\":{\"@type\":\"ImageObject\",\"inLanguage\":\"en-US\",\"@id\":\"https:\/\/dssi.sk\/#\/schema\/logo\/image\/\",\"url\":\"https:\/\/dssi.sk\/wp-content\/uploads\/2019\/09\/logo-dssi-horizontal1.jpg\",\"contentUrl\":\"https:\/\/dssi.sk\/wp-content\/uploads\/2019\/09\/logo-dssi-horizontal1.jpg\",\"width\":520,\"height\":520,\"caption\":\"DSSI a.s.\"},\"image\":{\"@id\":\"https:\/\/dssi.sk\/#\/schema\/logo\/image\/\"}}]}<\/script>\n<!-- \/ Yoast SEO plugin. -->","yoast_head_json":{"title":"\u0160t\u00fadie - DSSI","robots":{"index":"index","follow":"follow","max-snippet":"max-snippet:-1","max-image-preview":"max-image-preview:large","max-video-preview":"max-video-preview:-1"},"canonical":"https:\/\/dssi.sk\/en\/studie\/","og_locale":"en_US","og_type":"article","og_title":"\u0160t\u00fadie - DSSI","og_description":"Laserov\u00e1 strelnica Zv\u00fd\u0161enie efekt\u00edvnosti kontroly a sledovania vonkaj\u0161ej hranice na \u00fazem\u00ed Slovenskej republiky Koncepcia vednej a technickej politiky Ministerstva obrany Slovenskej republiky Mo\u017enosti moderniz\u00e1cie bojov\u00fdch p\u00e1sov\u00fdch vozidiel typu bojov\u00e9ho vozidla pechoty (BVP) Taktick\u00fd simula\u010dn\u00fd v\u00fdcvikov\u00fd syst\u00e9m pre v\u00fdcvik bojvej \u010dinnosti v meste \u2013 SIMCITY Vyu\u017eitie nanotechnol\u00f3gi\u00ed pre Ozbrojen\u00e9 sily Slovenskej republiky Mo\u017enosti moderniz\u00e1cie s\u00fastavy odpru\u017eenia [&hellip;]","og_url":"https:\/\/dssi.sk\/en\/studie\/","og_site_name":"DSSI","article_modified_time":"2019-09-16T21:46:04+00:00","twitter_card":"summary_large_image","twitter_misc":{"Est. reading time":"3 minutes"},"schema":{"@context":"https:\/\/schema.org","@graph":[{"@type":"WebPage","@id":"https:\/\/dssi.sk\/en\/studie\/","url":"https:\/\/dssi.sk\/en\/studie\/","name":"\u0160t\u00fadie - DSSI","isPartOf":{"@id":"https:\/\/dssi.sk\/#website"},"datePublished":"2019-09-16T08:43:28+00:00","dateModified":"2019-09-16T21:46:04+00:00","breadcrumb":{"@id":"https:\/\/dssi.sk\/en\/studie\/#breadcrumb"},"inLanguage":"en-US","potentialAction":[{"@type":"ReadAction","target":["https:\/\/dssi.sk\/en\/studie\/"]}]},{"@type":"BreadcrumbList","@id":"https:\/\/dssi.sk\/en\/studie\/#breadcrumb","itemListElement":[{"@type":"ListItem","position":1,"name":"Home","item":"https:\/\/dssi.sk\/"},{"@type":"ListItem","position":2,"name":"\u0160t\u00fadie"}]},{"@type":"WebSite","@id":"https:\/\/dssi.sk\/#website","url":"https:\/\/dssi.sk\/","name":"DSSI","description":"Development | Services | Security | Innovations","publisher":{"@id":"https:\/\/dssi.sk\/#organization"},"potentialAction":[{"@type":"SearchAction","target":{"@type":"EntryPoint","urlTemplate":"https:\/\/dssi.sk\/?s={search_term_string}"},"query-input":{"@type":"PropertyValueSpecification","valueRequired":true,"valueName":"search_term_string"}}],"inLanguage":"en-US"},{"@type":"Organization","@id":"https:\/\/dssi.sk\/#organization","name":"DSSI a.s.","url":"https:\/\/dssi.sk\/","logo":{"@type":"ImageObject","inLanguage":"en-US","@id":"https:\/\/dssi.sk\/#\/schema\/logo\/image\/","url":"https:\/\/dssi.sk\/wp-content\/uploads\/2019\/09\/logo-dssi-horizontal1.jpg","contentUrl":"https:\/\/dssi.sk\/wp-content\/uploads\/2019\/09\/logo-dssi-horizontal1.jpg","width":520,"height":520,"caption":"DSSI a.s."},"image":{"@id":"https:\/\/dssi.sk\/#\/schema\/logo\/image\/"}}]}},"_links":{"self":[{"href":"https:\/\/dssi.sk\/en\/wp-json\/wp\/v2\/pages\/158","targetHints":{"allow":["GET"]}}],"collection":[{"href":"https:\/\/dssi.sk\/en\/wp-json\/wp\/v2\/pages"}],"about":[{"href":"https:\/\/dssi.sk\/en\/wp-json\/wp\/v2\/types\/page"}],"author":[{"embeddable":true,"href":"https:\/\/dssi.sk\/en\/wp-json\/wp\/v2\/users\/1"}],"replies":[{"embeddable":true,"href":"https:\/\/dssi.sk\/en\/wp-json\/wp\/v2\/comments?post=158"}],"version-history":[{"count":6,"href":"https:\/\/dssi.sk\/en\/wp-json\/wp\/v2\/pages\/158\/revisions"}],"predecessor-version":[{"id":687,"href":"https:\/\/dssi.sk\/en\/wp-json\/wp\/v2\/pages\/158\/revisions\/687"}],"wp:attachment":[{"href":"https:\/\/dssi.sk\/en\/wp-json\/wp\/v2\/media?parent=158"}],"curies":[{"name":"wp","href":"https:\/\/api.w.org\/{rel}","templated":true}]}}