{"id":165,"date":"2019-09-16T10:45:09","date_gmt":"2019-09-16T08:45:09","guid":{"rendered":"http:\/\/dssi.h2studio.net\/?page_id=165"},"modified":"2019-09-16T10:45:09","modified_gmt":"2019-09-16T08:45:09","slug":"laserova-strelnica","status":"publish","type":"page","link":"https:\/\/dssi.sk\/en\/laserova-strelnica\/","title":{"rendered":"Laserov\u00e1 strelnica"},"content":{"rendered":"<p>[et_pb_section fb_built=&#8220;1&#8243; admin_label=&#8220;section&#8220; _builder_version=&#8220;3.25.4&#8243; custom_padding=&#8220;0px||&#8220;][et_pb_row custom_margin=&#8220;||&#8220; admin_label=&#8220;row&#8220; _builder_version=&#8220;3.25.4&#8243; background_size=&#8220;initial&#8220; background_position=&#8220;top_left&#8220; background_repeat=&#8220;repeat&#8220;][et_pb_column type=&#8220;4_4&#8243; _builder_version=&#8220;3.25&#8243; custom_padding=&#8220;|||&#8220; custom_padding__hover=&#8220;|||&#8220;][et_pb_text _builder_version=&#8220;3.25.4&#8243; _dynamic_attributes=&#8220;content&#8220; text_font=&#8220;|||on|||||&#8220; text_text_align=&#8220;center&#8220; text_font_size=&#8220;30px&#8220; link_font=&#8220;||||||||&#8220; ul_font=&#8220;||||||||&#8220; ol_font=&#8220;||||||||&#8220; quote_font=&#8220;||||||||&#8220; header_font=&#8220;||||||||&#8220; header_2_font=&#8220;||||||||&#8220; background_color=&#8220;rgba(0,0,0,0)&#8220; width=&#8220;100%&#8220; max_width=&#8220;100%&#8220;]@ET-DC@eyJkeW5hbWljIjp0cnVlLCJjb250ZW50IjoicG9zdF90aXRsZSIsInNldHRpbmdzIjp7ImJlZm9yZSI6IiIsImFmdGVyIjoiIn19@[\/et_pb_text][et_pb_text admin_label=&#8220;Text&#8220; _builder_version=&#8220;3.25.4&#8243; background_size=&#8220;initial&#8220; background_position=&#8220;top_left&#8220; background_repeat=&#8220;repeat&#8220;]<\/p>\n<p>Spracovan\u00e1 \u0161t\u00fadia k \u201eProjektu Laserovej strelnice\u201c ma uk\u00e1za\u0165 na mo\u017enos\u0165 vyu\u017eitia s\u00fa\u010dasn\u00fdch simula\u010dn\u00fdch technol\u00f3gi\u00ed na simulovan\u00fa \u201estre\u013ebu\u201c z\u00a0ru\u010dn\u00fdch zbran\u00ed.<\/p>\n<p>Obsah \u0161t\u00fadie re\u0161pektuje dosiahnut\u00e9 v\u00fdsledky technologick\u00e9ho rozvoja a\u00a0mo\u017enosti simula\u010dn\u00fdch a\u00a0v\u00fdcvikov\u00fdch technol\u00f3gi\u00ed z\u00a0h\u013eadiska ich kompatibility s\u00a0existuj\u00facimi prostriedkami v\u00a0Ozbrojen\u00fdch sil\u00e1ch Slovenskej republiky a\u00a0v\u00a0ozbrojen\u00fdch sil\u00e1ch \u010dlensk\u00fdch kraj\u00edn NATO.<\/p>\n<p>V\u00a0\u0161t\u00fadii s\u00fa spracovan\u00e9 z\u00e1kladne krit\u00e9ria taktick\u00e9ho vyu\u017eitia laserovej strelnice v\u0161eobecne a\u00a0n\u00e1roky na postupnos\u0165 taktick\u00e9ho v\u00fdcviku a\u00a0zvl\u00e1\u0161\u0165 na tento typ laserovej strelnice.<\/p>\n<p>\u0160t\u00fadia re\u0161pektuje z\u00e1kladn\u00fa po\u017eiadavku, ktorou je ot\u00e1zka krit\u00e9ria jej miesta v glob\u00e1lnom simula\u010dnom a\u00a0v\u00fdcvikovom syst\u00e9me Ozbrojen\u00fdch s\u00edl Slovenskej republiky a\u00a0splnenie podmienok jej praktick\u00e9ho vyu\u017eitia vo v\u00fdcviku simulovanej \u201estre\u013eby\u201c z\u00a0ru\u010dn\u00fdch zbran\u00ed a\u00a0to pokia\u013e ide o\u00a0dislok\u00e1ciu strelnice, typ strelnice (vr\u00e1tane miesta Streleck\u00e9ho u\u010debn\u00e9ho komplexu), typy cie\u013eov a\u00a0auton\u00f3mnos\u0165 ich nosi\u010dov a mobilitu strelnice.<\/p>\n<p>V\u00a0\u0161t\u00fadii je dan\u00fd priestor pre aplika\u010dn\u00fa str\u00e1nku vyu\u017eitia laserovej strelnice z\u00a0h\u013eadiska technick\u00fdch krit\u00e9ri\u00ed pre \u010dinnos\u0165 laserovej strelnice a\u00a0to najm\u00e4, ak ide o\u00a0ovl\u00e1dania ter\u010dov\u00e9ho man\u00e9vru a\u00a0krit\u00e9ri\u00ed ur\u010den\u00fdch Osnovami strelieb z\u00a0ru\u010dn\u00fdch zbran\u00ed a\u00a0zbrani bojov\u00fdch vozidiel.<\/p>\n<p>Ve\u013ek\u00fd priestor v\u00a0\u0161t\u00fadii je venovan\u00fd sp\u00f4sobu laserovej simul\u00e1cie \u201estre\u013eby\u201c a vyhodnoteniu z\u00e1sahov, procesu fungovania individu\u00e1lnej s\u00fapravy laserovej simul\u00e1cie a\u00a0vyu\u017eitiu syst\u00e9mu SIMLAS. A\u00a0to nielen na laserovej strelnici pre simul\u00e1ciu \u201estre\u013eby\u201c z\u00a0ru\u010dn\u00fdch zbran\u00ed, ale i\u00a0mo\u017enost\u00ed vyu\u017eitia Syst\u00e9mu SIMLAS pre simulovan\u00fa \u201estre\u013ebu\u201c zo zbran\u00ed bojov\u00fdch vozidiel a\u00a0vy\u0161\u0161ie formy simul\u00e1cie \u2013 \u017eiv\u00fa simul\u00e1ciu (simulovan\u00e1 \u010dinnos\u0165 s\u00a0taktick\u00fdm n\u00e1metom).<\/p>\n<p>Z\u00e1ver \u0161t\u00fadie je venovan\u00fd sp\u00f4sobu ovl\u00e1dania ter\u010dov\u00e9ho man\u00e9vru, prev\u00e1dzke, zlo\u017eeniu person\u00e1lu vyhodnocovacieho centra, bezpe\u010dnosti a\u00a0logistike laserovej strelnice.<\/p>\n<p>[\/et_pb_text][\/et_pb_column][\/et_pb_row][\/et_pb_section]<\/p>","protected":false},"excerpt":{"rendered":"<p>Spracovan\u00e1 \u0161t\u00fadia k \u201eProjektu Laserovej strelnice\u201c ma uk\u00e1za\u0165 na mo\u017enos\u0165 vyu\u017eitia s\u00fa\u010dasn\u00fdch simula\u010dn\u00fdch technol\u00f3gi\u00ed na simulovan\u00fa \u201estre\u013ebu\u201c z\u00a0ru\u010dn\u00fdch zbran\u00ed. Obsah \u0161t\u00fadie re\u0161pektuje dosiahnut\u00e9 v\u00fdsledky technologick\u00e9ho rozvoja a\u00a0mo\u017enosti simula\u010dn\u00fdch a\u00a0v\u00fdcvikov\u00fdch technol\u00f3gi\u00ed z\u00a0h\u013eadiska ich kompatibility s\u00a0existuj\u00facimi prostriedkami v\u00a0Ozbrojen\u00fdch sil\u00e1ch Slovenskej republiky a\u00a0v\u00a0ozbrojen\u00fdch sil\u00e1ch \u010dlensk\u00fdch kraj\u00edn NATO. V\u00a0\u0161t\u00fadii s\u00fa spracovan\u00e9 z\u00e1kladne krit\u00e9ria taktick\u00e9ho vyu\u017eitia laserovej strelnice v\u0161eobecne a\u00a0n\u00e1roky [&hellip;]<\/p>","protected":false},"author":1,"featured_media":0,"parent":0,"menu_order":0,"comment_status":"closed","ping_status":"closed","template":"","meta":{"_et_pb_use_builder":"on","_et_pb_old_content":"","_et_gb_content_width":"","inline_featured_image":false,"_monsterinsights_skip_tracking":false,"_monsterinsights_sitenote_active":false,"_monsterinsights_sitenote_note":"","_monsterinsights_sitenote_category":0,"footnotes":""},"class_list":["post-165","page","type-page","status-publish","hentry"],"yoast_head":"<!-- This site is optimized with the Yoast SEO plugin v26.1.1 - https:\/\/yoast.com\/wordpress\/plugins\/seo\/ -->\n<title>Laserov\u00e1 strelnica - DSSI<\/title>\n<meta name=\"robots\" content=\"index, follow, max-snippet:-1, max-image-preview:large, max-video-preview:-1\" \/>\n<link rel=\"canonical\" href=\"https:\/\/dssi.sk\/en\/laserova-strelnica\/\" \/>\n<meta property=\"og:locale\" content=\"en_US\" \/>\n<meta property=\"og:type\" content=\"article\" \/>\n<meta property=\"og:title\" content=\"Laserov\u00e1 strelnica - DSSI\" \/>\n<meta property=\"og:description\" content=\"Spracovan\u00e1 \u0161t\u00fadia k \u201eProjektu Laserovej strelnice\u201c ma uk\u00e1za\u0165 na mo\u017enos\u0165 vyu\u017eitia s\u00fa\u010dasn\u00fdch simula\u010dn\u00fdch technol\u00f3gi\u00ed na simulovan\u00fa \u201estre\u013ebu\u201c z\u00a0ru\u010dn\u00fdch zbran\u00ed. Obsah \u0161t\u00fadie re\u0161pektuje dosiahnut\u00e9 v\u00fdsledky technologick\u00e9ho rozvoja a\u00a0mo\u017enosti simula\u010dn\u00fdch a\u00a0v\u00fdcvikov\u00fdch technol\u00f3gi\u00ed z\u00a0h\u013eadiska ich kompatibility s\u00a0existuj\u00facimi prostriedkami v\u00a0Ozbrojen\u00fdch sil\u00e1ch Slovenskej republiky a\u00a0v\u00a0ozbrojen\u00fdch sil\u00e1ch \u010dlensk\u00fdch kraj\u00edn NATO. V\u00a0\u0161t\u00fadii s\u00fa spracovan\u00e9 z\u00e1kladne krit\u00e9ria taktick\u00e9ho vyu\u017eitia laserovej strelnice v\u0161eobecne a\u00a0n\u00e1roky [&hellip;]\" \/>\n<meta property=\"og:url\" content=\"https:\/\/dssi.sk\/en\/laserova-strelnica\/\" \/>\n<meta property=\"og:site_name\" content=\"DSSI\" \/>\n<meta name=\"twitter:card\" content=\"summary_large_image\" \/>\n<meta name=\"twitter:label1\" content=\"Est. reading time\" \/>\n\t<meta name=\"twitter:data1\" content=\"2 minutes\" \/>\n<script type=\"application\/ld+json\" class=\"yoast-schema-graph\">{\"@context\":\"https:\/\/schema.org\",\"@graph\":[{\"@type\":\"WebPage\",\"@id\":\"https:\/\/dssi.sk\/en\/laserova-strelnica\/\",\"url\":\"https:\/\/dssi.sk\/en\/laserova-strelnica\/\",\"name\":\"Laserov\u00e1 strelnica - DSSI\",\"isPartOf\":{\"@id\":\"https:\/\/dssi.sk\/#website\"},\"datePublished\":\"2019-09-16T08:45:09+00:00\",\"breadcrumb\":{\"@id\":\"https:\/\/dssi.sk\/en\/laserova-strelnica\/#breadcrumb\"},\"inLanguage\":\"en-US\",\"potentialAction\":[{\"@type\":\"ReadAction\",\"target\":[\"https:\/\/dssi.sk\/en\/laserova-strelnica\/\"]}]},{\"@type\":\"BreadcrumbList\",\"@id\":\"https:\/\/dssi.sk\/en\/laserova-strelnica\/#breadcrumb\",\"itemListElement\":[{\"@type\":\"ListItem\",\"position\":1,\"name\":\"Home\",\"item\":\"https:\/\/dssi.sk\/\"},{\"@type\":\"ListItem\",\"position\":2,\"name\":\"Laserov\u00e1 strelnica\"}]},{\"@type\":\"WebSite\",\"@id\":\"https:\/\/dssi.sk\/#website\",\"url\":\"https:\/\/dssi.sk\/\",\"name\":\"DSSI\",\"description\":\"Development | Services | Security | Innovations\",\"publisher\":{\"@id\":\"https:\/\/dssi.sk\/#organization\"},\"potentialAction\":[{\"@type\":\"SearchAction\",\"target\":{\"@type\":\"EntryPoint\",\"urlTemplate\":\"https:\/\/dssi.sk\/?s={search_term_string}\"},\"query-input\":{\"@type\":\"PropertyValueSpecification\",\"valueRequired\":true,\"valueName\":\"search_term_string\"}}],\"inLanguage\":\"en-US\"},{\"@type\":\"Organization\",\"@id\":\"https:\/\/dssi.sk\/#organization\",\"name\":\"DSSI a.s.\",\"url\":\"https:\/\/dssi.sk\/\",\"logo\":{\"@type\":\"ImageObject\",\"inLanguage\":\"en-US\",\"@id\":\"https:\/\/dssi.sk\/#\/schema\/logo\/image\/\",\"url\":\"https:\/\/dssi.sk\/wp-content\/uploads\/2019\/09\/logo-dssi-horizontal1.jpg\",\"contentUrl\":\"https:\/\/dssi.sk\/wp-content\/uploads\/2019\/09\/logo-dssi-horizontal1.jpg\",\"width\":520,\"height\":520,\"caption\":\"DSSI a.s.\"},\"image\":{\"@id\":\"https:\/\/dssi.sk\/#\/schema\/logo\/image\/\"}}]}<\/script>\n<!-- \/ Yoast SEO plugin. -->","yoast_head_json":{"title":"Laserov\u00e1 strelnica - DSSI","robots":{"index":"index","follow":"follow","max-snippet":"max-snippet:-1","max-image-preview":"max-image-preview:large","max-video-preview":"max-video-preview:-1"},"canonical":"https:\/\/dssi.sk\/en\/laserova-strelnica\/","og_locale":"en_US","og_type":"article","og_title":"Laserov\u00e1 strelnica - DSSI","og_description":"Spracovan\u00e1 \u0161t\u00fadia k \u201eProjektu Laserovej strelnice\u201c ma uk\u00e1za\u0165 na mo\u017enos\u0165 vyu\u017eitia s\u00fa\u010dasn\u00fdch simula\u010dn\u00fdch technol\u00f3gi\u00ed na simulovan\u00fa \u201estre\u013ebu\u201c z\u00a0ru\u010dn\u00fdch zbran\u00ed. Obsah \u0161t\u00fadie re\u0161pektuje dosiahnut\u00e9 v\u00fdsledky technologick\u00e9ho rozvoja a\u00a0mo\u017enosti simula\u010dn\u00fdch a\u00a0v\u00fdcvikov\u00fdch technol\u00f3gi\u00ed z\u00a0h\u013eadiska ich kompatibility s\u00a0existuj\u00facimi prostriedkami v\u00a0Ozbrojen\u00fdch sil\u00e1ch Slovenskej republiky a\u00a0v\u00a0ozbrojen\u00fdch sil\u00e1ch \u010dlensk\u00fdch kraj\u00edn NATO. V\u00a0\u0161t\u00fadii s\u00fa spracovan\u00e9 z\u00e1kladne krit\u00e9ria taktick\u00e9ho vyu\u017eitia laserovej strelnice v\u0161eobecne a\u00a0n\u00e1roky [&hellip;]","og_url":"https:\/\/dssi.sk\/en\/laserova-strelnica\/","og_site_name":"DSSI","twitter_card":"summary_large_image","twitter_misc":{"Est. reading time":"2 minutes"},"schema":{"@context":"https:\/\/schema.org","@graph":[{"@type":"WebPage","@id":"https:\/\/dssi.sk\/en\/laserova-strelnica\/","url":"https:\/\/dssi.sk\/en\/laserova-strelnica\/","name":"Laserov\u00e1 strelnica - DSSI","isPartOf":{"@id":"https:\/\/dssi.sk\/#website"},"datePublished":"2019-09-16T08:45:09+00:00","breadcrumb":{"@id":"https:\/\/dssi.sk\/en\/laserova-strelnica\/#breadcrumb"},"inLanguage":"en-US","potentialAction":[{"@type":"ReadAction","target":["https:\/\/dssi.sk\/en\/laserova-strelnica\/"]}]},{"@type":"BreadcrumbList","@id":"https:\/\/dssi.sk\/en\/laserova-strelnica\/#breadcrumb","itemListElement":[{"@type":"ListItem","position":1,"name":"Home","item":"https:\/\/dssi.sk\/"},{"@type":"ListItem","position":2,"name":"Laserov\u00e1 strelnica"}]},{"@type":"WebSite","@id":"https:\/\/dssi.sk\/#website","url":"https:\/\/dssi.sk\/","name":"DSSI","description":"Development | Services | Security | Innovations","publisher":{"@id":"https:\/\/dssi.sk\/#organization"},"potentialAction":[{"@type":"SearchAction","target":{"@type":"EntryPoint","urlTemplate":"https:\/\/dssi.sk\/?s={search_term_string}"},"query-input":{"@type":"PropertyValueSpecification","valueRequired":true,"valueName":"search_term_string"}}],"inLanguage":"en-US"},{"@type":"Organization","@id":"https:\/\/dssi.sk\/#organization","name":"DSSI a.s.","url":"https:\/\/dssi.sk\/","logo":{"@type":"ImageObject","inLanguage":"en-US","@id":"https:\/\/dssi.sk\/#\/schema\/logo\/image\/","url":"https:\/\/dssi.sk\/wp-content\/uploads\/2019\/09\/logo-dssi-horizontal1.jpg","contentUrl":"https:\/\/dssi.sk\/wp-content\/uploads\/2019\/09\/logo-dssi-horizontal1.jpg","width":520,"height":520,"caption":"DSSI a.s."},"image":{"@id":"https:\/\/dssi.sk\/#\/schema\/logo\/image\/"}}]}},"_links":{"self":[{"href":"https:\/\/dssi.sk\/en\/wp-json\/wp\/v2\/pages\/165","targetHints":{"allow":["GET"]}}],"collection":[{"href":"https:\/\/dssi.sk\/en\/wp-json\/wp\/v2\/pages"}],"about":[{"href":"https:\/\/dssi.sk\/en\/wp-json\/wp\/v2\/types\/page"}],"author":[{"embeddable":true,"href":"https:\/\/dssi.sk\/en\/wp-json\/wp\/v2\/users\/1"}],"replies":[{"embeddable":true,"href":"https:\/\/dssi.sk\/en\/wp-json\/wp\/v2\/comments?post=165"}],"version-history":[{"count":2,"href":"https:\/\/dssi.sk\/en\/wp-json\/wp\/v2\/pages\/165\/revisions"}],"predecessor-version":[{"id":170,"href":"https:\/\/dssi.sk\/en\/wp-json\/wp\/v2\/pages\/165\/revisions\/170"}],"wp:attachment":[{"href":"https:\/\/dssi.sk\/en\/wp-json\/wp\/v2\/media?parent=165"}],"curies":[{"name":"wp","href":"https:\/\/api.w.org\/{rel}","templated":true}]}}