{"id":175,"date":"2019-09-16T10:47:53","date_gmt":"2019-09-16T08:47:53","guid":{"rendered":"http:\/\/dssi.h2studio.net\/?page_id=175"},"modified":"2019-09-16T10:47:53","modified_gmt":"2019-09-16T08:47:53","slug":"zvysenie-efektivnosti-kontroly-a-sledovania-vonkajsej-hranice-na-uzemi-slovenskej-republiky","status":"publish","type":"page","link":"https:\/\/dssi.sk\/en\/zvysenie-efektivnosti-kontroly-a-sledovania-vonkajsej-hranice-na-uzemi-slovenskej-republiky\/","title":{"rendered":"Zv\u00fd\u0161enie efekt\u00edvnosti kontroly a sledovania vonkaj\u0161ej hranice na \u00fazem\u00ed Slovenskej republiky"},"content":{"rendered":"<p>[et_pb_section fb_built=&#8220;1&#8243; admin_label=&#8220;section&#8220; _builder_version=&#8220;3.25.4&#8243; custom_padding=&#8220;0px||&#8220;][et_pb_row custom_margin=&#8220;||&#8220; admin_label=&#8220;row&#8220; _builder_version=&#8220;3.25.4&#8243; background_size=&#8220;initial&#8220; background_position=&#8220;top_left&#8220; background_repeat=&#8220;repeat&#8220;][et_pb_column type=&#8220;4_4&#8243; _builder_version=&#8220;3.25&#8243; custom_padding=&#8220;|||&#8220; custom_padding__hover=&#8220;|||&#8220;][et_pb_text _builder_version=&#8220;3.25.4&#8243; _dynamic_attributes=&#8220;content&#8220; text_font=&#8220;|||on|||||&#8220; text_text_align=&#8220;center&#8220; text_font_size=&#8220;30px&#8220; link_font=&#8220;||||||||&#8220; ul_font=&#8220;||||||||&#8220; ol_font=&#8220;||||||||&#8220; quote_font=&#8220;||||||||&#8220; header_font=&#8220;||||||||&#8220; header_2_font=&#8220;||||||||&#8220; background_color=&#8220;rgba(0,0,0,0)&#8220; width=&#8220;100%&#8220; max_width=&#8220;100%&#8220;]@ET-DC@eyJkeW5hbWljIjp0cnVlLCJjb250ZW50IjoicG9zdF90aXRsZSIsInNldHRpbmdzIjp7ImJlZm9yZSI6IiIsImFmdGVyIjoiIn19@[\/et_pb_text][et_pb_text admin_label=&#8220;Text&#8220; _builder_version=&#8220;3.25.4&#8243; background_size=&#8220;initial&#8220; background_position=&#8220;top_left&#8220; background_repeat=&#8220;repeat&#8220;]<\/p>\n<p>Z\u00e1kladn\u00fdm cie\u013eom \u00favodnej \u0161t\u00fadie k\u00a0definovan\u00e9mu projektu je r\u00e1mcovo vymedzi\u0165 obsah a\u00a0pravdepodobn\u00fd rozsah jednotliv\u00fdch k\u013e\u00fa\u010dov\u00fdch probl\u00e9mov projektu jeho jednotliv\u00fdch \u010dast\u00ed a\u00a0poskytn\u00fa\u0165 kompetentn\u00fdm subjektom zainteresovan\u00fdm na zdokona\u013eovan\u00ed\u00a0 procesu kontroly a\u00a0sledovania vonkaj\u0161ej hranice E\u00da na \u00fazem\u00ed SR, predbe\u017en\u00e9 parci\u00e1lne informa\u010dn\u00e9 podklady potrebn\u00e9 \u010do najsk\u00f4r. Poskytn\u00fa\u0165 inform\u00e1cie, ktor\u00e9 podstatnou mierou prispej\u00fa k\u00a0tvorbe rozhodnut\u00ed potrebn\u00fdch pre vypracovanie a realiz\u00e1ciu projektu \u2013 pri h\u013eadan\u00ed ciest, v\u00fdbere sp\u00f4sobov a\u00a0optimalizovan\u00fdch opatren\u00ed pre ich praktick\u00fa implement\u00e1ciu tak, aby sa z\u00e1sadne\u00a0 zdokonalil proces kontroly a\u00a0sledovania definovanej vonkaj\u0161ej hranice.<\/p>\n<p>T\u00e1to \u00favodn\u00e1 \u0161t\u00fadia m\u00e1 teda by\u0165 tie\u017e ak\u00fdmsi generalizovan\u00fdm vyjadren\u00edm obsahu komplexn\u00e9ho projektu, ktor\u00fd by sa mal vypracova\u0165, pos\u00fadi\u0165 a\u00a0schv\u00e1li\u0165 ako z\u00e1v\u00e4zn\u00fd podklad najm\u00e4 pre riadiace org\u00e1ny MV SR a\u00a0MF SR, respekt\u00edve MZV SR a\u00a0MO SR s\u00a0p\u00f4sobnos\u0165ou kontroly a\u00a0sledovania vonkaj\u0161ej hranice E\u00da na \u00fazem\u00ed SR pri implement\u00e1cii inova\u010dn\u00fdch opatren\u00ed vypl\u00fdvaj\u00facich zo vstupu SR do E\u00da. Jednotliv\u00e9 \u010dasti m\u00f4\u017eu by\u0165 u\u017eito\u010dn\u00e9 aj pre \u010fal\u0161ie subjekty zainteresovan\u00e9 na rie\u0161en\u00ed a\u00a0zabezpe\u010dovan\u00ed \u00faloh zdokona\u013eovania kontroly a\u00a0sledovania vonkaj\u0161\u00edch hran\u00edc E\u00da. \u00davodn\u00e1 \u0161t\u00fadia by mala by\u0165 vo\u013ene pr\u00edstupn\u00e1 \u2013 bez utajovan\u00fdch skuto\u010dnost\u00ed.<\/p>\n<p>[\/et_pb_text][\/et_pb_column][\/et_pb_row][\/et_pb_section]<\/p>","protected":false},"excerpt":{"rendered":"<p>Z\u00e1kladn\u00fdm cie\u013eom \u00favodnej \u0161t\u00fadie k\u00a0definovan\u00e9mu projektu je r\u00e1mcovo vymedzi\u0165 obsah a\u00a0pravdepodobn\u00fd rozsah jednotliv\u00fdch k\u013e\u00fa\u010dov\u00fdch probl\u00e9mov projektu jeho jednotliv\u00fdch \u010dast\u00ed a\u00a0poskytn\u00fa\u0165 kompetentn\u00fdm subjektom zainteresovan\u00fdm na zdokona\u013eovan\u00ed\u00a0 procesu kontroly a\u00a0sledovania vonkaj\u0161ej hranice E\u00da na \u00fazem\u00ed SR, predbe\u017en\u00e9 parci\u00e1lne informa\u010dn\u00e9 podklady potrebn\u00e9 \u010do najsk\u00f4r. Poskytn\u00fa\u0165 inform\u00e1cie, ktor\u00e9 podstatnou mierou prispej\u00fa k\u00a0tvorbe rozhodnut\u00ed potrebn\u00fdch pre vypracovanie a realiz\u00e1ciu projektu [&hellip;]<\/p>","protected":false},"author":1,"featured_media":0,"parent":0,"menu_order":0,"comment_status":"closed","ping_status":"closed","template":"","meta":{"_et_pb_use_builder":"on","_et_pb_old_content":"","_et_gb_content_width":"","inline_featured_image":false,"_monsterinsights_skip_tracking":false,"_monsterinsights_sitenote_active":false,"_monsterinsights_sitenote_note":"","_monsterinsights_sitenote_category":0,"footnotes":""},"class_list":["post-175","page","type-page","status-publish","hentry"],"yoast_head":"<!-- This site is optimized with the Yoast SEO plugin v26.1.1 - https:\/\/yoast.com\/wordpress\/plugins\/seo\/ -->\n<title>Zv\u00fd\u0161enie efekt\u00edvnosti kontroly a sledovania vonkaj\u0161ej hranice na \u00fazem\u00ed Slovenskej republiky - DSSI<\/title>\n<meta name=\"robots\" content=\"index, follow, max-snippet:-1, max-image-preview:large, max-video-preview:-1\" \/>\n<link rel=\"canonical\" href=\"https:\/\/dssi.sk\/en\/zvysenie-efektivnosti-kontroly-a-sledovania-vonkajsej-hranice-na-uzemi-slovenskej-republiky\/\" \/>\n<meta property=\"og:locale\" content=\"en_US\" \/>\n<meta property=\"og:type\" content=\"article\" \/>\n<meta property=\"og:title\" content=\"Zv\u00fd\u0161enie efekt\u00edvnosti kontroly a sledovania vonkaj\u0161ej hranice na \u00fazem\u00ed Slovenskej republiky - DSSI\" \/>\n<meta property=\"og:description\" content=\"Z\u00e1kladn\u00fdm cie\u013eom \u00favodnej \u0161t\u00fadie k\u00a0definovan\u00e9mu projektu je r\u00e1mcovo vymedzi\u0165 obsah a\u00a0pravdepodobn\u00fd rozsah jednotliv\u00fdch k\u013e\u00fa\u010dov\u00fdch probl\u00e9mov projektu jeho jednotliv\u00fdch \u010dast\u00ed a\u00a0poskytn\u00fa\u0165 kompetentn\u00fdm subjektom zainteresovan\u00fdm na zdokona\u013eovan\u00ed\u00a0 procesu kontroly a\u00a0sledovania vonkaj\u0161ej hranice E\u00da na \u00fazem\u00ed SR, predbe\u017en\u00e9 parci\u00e1lne informa\u010dn\u00e9 podklady potrebn\u00e9 \u010do najsk\u00f4r. Poskytn\u00fa\u0165 inform\u00e1cie, ktor\u00e9 podstatnou mierou prispej\u00fa k\u00a0tvorbe rozhodnut\u00ed potrebn\u00fdch pre vypracovanie a realiz\u00e1ciu projektu [&hellip;]\" \/>\n<meta property=\"og:url\" content=\"https:\/\/dssi.sk\/en\/zvysenie-efektivnosti-kontroly-a-sledovania-vonkajsej-hranice-na-uzemi-slovenskej-republiky\/\" \/>\n<meta property=\"og:site_name\" content=\"DSSI\" \/>\n<meta name=\"twitter:card\" content=\"summary_large_image\" \/>\n<meta name=\"twitter:label1\" content=\"Est. reading time\" \/>\n\t<meta name=\"twitter:data1\" content=\"2 minutes\" \/>\n<script type=\"application\/ld+json\" class=\"yoast-schema-graph\">{\"@context\":\"https:\/\/schema.org\",\"@graph\":[{\"@type\":\"WebPage\",\"@id\":\"https:\/\/dssi.sk\/en\/zvysenie-efektivnosti-kontroly-a-sledovania-vonkajsej-hranice-na-uzemi-slovenskej-republiky\/\",\"url\":\"https:\/\/dssi.sk\/en\/zvysenie-efektivnosti-kontroly-a-sledovania-vonkajsej-hranice-na-uzemi-slovenskej-republiky\/\",\"name\":\"Zv\u00fd\u0161enie efekt\u00edvnosti kontroly a sledovania vonkaj\u0161ej hranice na \u00fazem\u00ed Slovenskej republiky - DSSI\",\"isPartOf\":{\"@id\":\"https:\/\/dssi.sk\/#website\"},\"datePublished\":\"2019-09-16T08:47:53+00:00\",\"breadcrumb\":{\"@id\":\"https:\/\/dssi.sk\/en\/zvysenie-efektivnosti-kontroly-a-sledovania-vonkajsej-hranice-na-uzemi-slovenskej-republiky\/#breadcrumb\"},\"inLanguage\":\"en-US\",\"potentialAction\":[{\"@type\":\"ReadAction\",\"target\":[\"https:\/\/dssi.sk\/en\/zvysenie-efektivnosti-kontroly-a-sledovania-vonkajsej-hranice-na-uzemi-slovenskej-republiky\/\"]}]},{\"@type\":\"BreadcrumbList\",\"@id\":\"https:\/\/dssi.sk\/en\/zvysenie-efektivnosti-kontroly-a-sledovania-vonkajsej-hranice-na-uzemi-slovenskej-republiky\/#breadcrumb\",\"itemListElement\":[{\"@type\":\"ListItem\",\"position\":1,\"name\":\"Home\",\"item\":\"https:\/\/dssi.sk\/\"},{\"@type\":\"ListItem\",\"position\":2,\"name\":\"Zv\u00fd\u0161enie efekt\u00edvnosti kontroly a sledovania vonkaj\u0161ej hranice na \u00fazem\u00ed Slovenskej republiky\"}]},{\"@type\":\"WebSite\",\"@id\":\"https:\/\/dssi.sk\/#website\",\"url\":\"https:\/\/dssi.sk\/\",\"name\":\"DSSI\",\"description\":\"Development | Services | Security | Innovations\",\"publisher\":{\"@id\":\"https:\/\/dssi.sk\/#organization\"},\"potentialAction\":[{\"@type\":\"SearchAction\",\"target\":{\"@type\":\"EntryPoint\",\"urlTemplate\":\"https:\/\/dssi.sk\/?s={search_term_string}\"},\"query-input\":{\"@type\":\"PropertyValueSpecification\",\"valueRequired\":true,\"valueName\":\"search_term_string\"}}],\"inLanguage\":\"en-US\"},{\"@type\":\"Organization\",\"@id\":\"https:\/\/dssi.sk\/#organization\",\"name\":\"DSSI a.s.\",\"url\":\"https:\/\/dssi.sk\/\",\"logo\":{\"@type\":\"ImageObject\",\"inLanguage\":\"en-US\",\"@id\":\"https:\/\/dssi.sk\/#\/schema\/logo\/image\/\",\"url\":\"https:\/\/dssi.sk\/wp-content\/uploads\/2019\/09\/logo-dssi-horizontal1.jpg\",\"contentUrl\":\"https:\/\/dssi.sk\/wp-content\/uploads\/2019\/09\/logo-dssi-horizontal1.jpg\",\"width\":520,\"height\":520,\"caption\":\"DSSI a.s.\"},\"image\":{\"@id\":\"https:\/\/dssi.sk\/#\/schema\/logo\/image\/\"}}]}<\/script>\n<!-- \/ Yoast SEO plugin. -->","yoast_head_json":{"title":"Zv\u00fd\u0161enie efekt\u00edvnosti kontroly a sledovania vonkaj\u0161ej hranice na \u00fazem\u00ed Slovenskej republiky - DSSI","robots":{"index":"index","follow":"follow","max-snippet":"max-snippet:-1","max-image-preview":"max-image-preview:large","max-video-preview":"max-video-preview:-1"},"canonical":"https:\/\/dssi.sk\/en\/zvysenie-efektivnosti-kontroly-a-sledovania-vonkajsej-hranice-na-uzemi-slovenskej-republiky\/","og_locale":"en_US","og_type":"article","og_title":"Zv\u00fd\u0161enie efekt\u00edvnosti kontroly a sledovania vonkaj\u0161ej hranice na \u00fazem\u00ed Slovenskej republiky - DSSI","og_description":"Z\u00e1kladn\u00fdm cie\u013eom \u00favodnej \u0161t\u00fadie k\u00a0definovan\u00e9mu projektu je r\u00e1mcovo vymedzi\u0165 obsah a\u00a0pravdepodobn\u00fd rozsah jednotliv\u00fdch k\u013e\u00fa\u010dov\u00fdch probl\u00e9mov projektu jeho jednotliv\u00fdch \u010dast\u00ed a\u00a0poskytn\u00fa\u0165 kompetentn\u00fdm subjektom zainteresovan\u00fdm na zdokona\u013eovan\u00ed\u00a0 procesu kontroly a\u00a0sledovania vonkaj\u0161ej hranice E\u00da na \u00fazem\u00ed SR, predbe\u017en\u00e9 parci\u00e1lne informa\u010dn\u00e9 podklady potrebn\u00e9 \u010do najsk\u00f4r. Poskytn\u00fa\u0165 inform\u00e1cie, ktor\u00e9 podstatnou mierou prispej\u00fa k\u00a0tvorbe rozhodnut\u00ed potrebn\u00fdch pre vypracovanie a realiz\u00e1ciu projektu [&hellip;]","og_url":"https:\/\/dssi.sk\/en\/zvysenie-efektivnosti-kontroly-a-sledovania-vonkajsej-hranice-na-uzemi-slovenskej-republiky\/","og_site_name":"DSSI","twitter_card":"summary_large_image","twitter_misc":{"Est. reading time":"2 minutes"},"schema":{"@context":"https:\/\/schema.org","@graph":[{"@type":"WebPage","@id":"https:\/\/dssi.sk\/en\/zvysenie-efektivnosti-kontroly-a-sledovania-vonkajsej-hranice-na-uzemi-slovenskej-republiky\/","url":"https:\/\/dssi.sk\/en\/zvysenie-efektivnosti-kontroly-a-sledovania-vonkajsej-hranice-na-uzemi-slovenskej-republiky\/","name":"Zv\u00fd\u0161enie efekt\u00edvnosti kontroly a sledovania vonkaj\u0161ej hranice na \u00fazem\u00ed Slovenskej republiky - DSSI","isPartOf":{"@id":"https:\/\/dssi.sk\/#website"},"datePublished":"2019-09-16T08:47:53+00:00","breadcrumb":{"@id":"https:\/\/dssi.sk\/en\/zvysenie-efektivnosti-kontroly-a-sledovania-vonkajsej-hranice-na-uzemi-slovenskej-republiky\/#breadcrumb"},"inLanguage":"en-US","potentialAction":[{"@type":"ReadAction","target":["https:\/\/dssi.sk\/en\/zvysenie-efektivnosti-kontroly-a-sledovania-vonkajsej-hranice-na-uzemi-slovenskej-republiky\/"]}]},{"@type":"BreadcrumbList","@id":"https:\/\/dssi.sk\/en\/zvysenie-efektivnosti-kontroly-a-sledovania-vonkajsej-hranice-na-uzemi-slovenskej-republiky\/#breadcrumb","itemListElement":[{"@type":"ListItem","position":1,"name":"Home","item":"https:\/\/dssi.sk\/"},{"@type":"ListItem","position":2,"name":"Zv\u00fd\u0161enie efekt\u00edvnosti kontroly a sledovania vonkaj\u0161ej hranice na \u00fazem\u00ed Slovenskej republiky"}]},{"@type":"WebSite","@id":"https:\/\/dssi.sk\/#website","url":"https:\/\/dssi.sk\/","name":"DSSI","description":"Development | Services | Security | Innovations","publisher":{"@id":"https:\/\/dssi.sk\/#organization"},"potentialAction":[{"@type":"SearchAction","target":{"@type":"EntryPoint","urlTemplate":"https:\/\/dssi.sk\/?s={search_term_string}"},"query-input":{"@type":"PropertyValueSpecification","valueRequired":true,"valueName":"search_term_string"}}],"inLanguage":"en-US"},{"@type":"Organization","@id":"https:\/\/dssi.sk\/#organization","name":"DSSI a.s.","url":"https:\/\/dssi.sk\/","logo":{"@type":"ImageObject","inLanguage":"en-US","@id":"https:\/\/dssi.sk\/#\/schema\/logo\/image\/","url":"https:\/\/dssi.sk\/wp-content\/uploads\/2019\/09\/logo-dssi-horizontal1.jpg","contentUrl":"https:\/\/dssi.sk\/wp-content\/uploads\/2019\/09\/logo-dssi-horizontal1.jpg","width":520,"height":520,"caption":"DSSI a.s."},"image":{"@id":"https:\/\/dssi.sk\/#\/schema\/logo\/image\/"}}]}},"_links":{"self":[{"href":"https:\/\/dssi.sk\/en\/wp-json\/wp\/v2\/pages\/175","targetHints":{"allow":["GET"]}}],"collection":[{"href":"https:\/\/dssi.sk\/en\/wp-json\/wp\/v2\/pages"}],"about":[{"href":"https:\/\/dssi.sk\/en\/wp-json\/wp\/v2\/types\/page"}],"author":[{"embeddable":true,"href":"https:\/\/dssi.sk\/en\/wp-json\/wp\/v2\/users\/1"}],"replies":[{"embeddable":true,"href":"https:\/\/dssi.sk\/en\/wp-json\/wp\/v2\/comments?post=175"}],"version-history":[{"count":2,"href":"https:\/\/dssi.sk\/en\/wp-json\/wp\/v2\/pages\/175\/revisions"}],"predecessor-version":[{"id":180,"href":"https:\/\/dssi.sk\/en\/wp-json\/wp\/v2\/pages\/175\/revisions\/180"}],"wp:attachment":[{"href":"https:\/\/dssi.sk\/en\/wp-json\/wp\/v2\/media?parent=175"}],"curies":[{"name":"wp","href":"https:\/\/api.w.org\/{rel}","templated":true}]}}