{"id":2,"date":"2019-07-11T11:46:19","date_gmt":"2019-07-11T09:46:19","guid":{"rendered":"http:\/\/dssi.h2studio.net\/?page_id=2"},"modified":"2019-09-16T18:21:50","modified_gmt":"2019-09-16T16:21:50","slug":"ukazka-strany","status":"publish","type":"page","link":"https:\/\/dssi.sk\/en\/","title":{"rendered":"DSSI a.s. | Development \u2013 Security \u2013 Services \u2013 Innovations"},"content":{"rendered":"<p>[et_pb_section fb_built=&#8220;1&#8243; admin_label=&#8220;section&#8220; _builder_version=&#8220;3.25.4&#8243; custom_padding=&#8220;0px||&#8220;][et_pb_row custom_margin=&#8220;||&#8220; admin_label=&#8220;row&#8220; _builder_version=&#8220;3.25.4&#8243; background_size=&#8220;initial&#8220; background_position=&#8220;top_left&#8220; background_repeat=&#8220;repeat&#8220;][et_pb_column type=&#8220;4_4&#8243; _builder_version=&#8220;3.25&#8243; custom_padding=&#8220;|||&#8220; custom_padding__hover=&#8220;|||&#8220;][et_pb_slider _builder_version=&#8220;3.25.4&#8243; header_font=&#8220;||||||||&#8220; background_color=&#8220;#B29435&#8243; width=&#8220;100%&#8220; height=&#8220;350px&#8220; animation_style=&#8220;fade&#8220; auto=&#8220;on&#8220; header_font_size_phone=&#8220;20px&#8220; header_font_size_last_edited=&#8220;on|phone&#8220;][et_pb_slide heading=&#8220;DEVELOPMENT&#8220; _builder_version=&#8220;3.25.4&#8243; header_level=&#8220;h2&#8243; header_font=&#8220;|600|||||||&#8220; header_text_align=&#8220;center&#8220; header_font_size=&#8220;46px&#8220; header_letter_spacing=&#8220;5px&#8220; header_line_height=&#8220;0em&#8220; use_background_color_gradient=&#8220;on&#8220; background_color_gradient_start=&#8220;#B29435&#8243; background_color_gradient_end=&#8220;rgba(0,0,0,0)&#8220; background_color_gradient_direction=&#8220;360deg&#8220; background_color_gradient_overlays_image=&#8220;on&#8220; background_image=&#8220;\/wp-content\/uploads\/2019\/09\/auticko.jpg&#8220; border_radii_image=&#8220;on||||&#8220; box_shadow_style_image=&#8220;preset1&#8243; text_orientation=&#8220;center&#8220; text_shadow_style=&#8220;preset2&#8243; text_shadow_horizontal_length=&#8220;0em&#8220;][\/et_pb_slide][et_pb_slide heading=&#8220;SERVICES&#8220; _builder_version=&#8220;3.25.4&#8243; header_level=&#8220;h2&#8243; header_font=&#8220;|600|||||||&#8220; header_text_align=&#8220;center&#8220; header_font_size=&#8220;46px&#8220; header_letter_spacing=&#8220;5px&#8220; header_line_height=&#8220;0em&#8220; use_background_color_gradient=&#8220;on&#8220; background_color_gradient_start=&#8220;#B29435&#8243; background_color_gradient_end=&#8220;rgba(0,0,0,0)&#8220; background_color_gradient_direction=&#8220;360deg&#8220; background_color_gradient_overlays_image=&#8220;on&#8220; background_image=&#8220;\/wp-content\/uploads\/2019\/09\/vykres.jpg&#8220; border_radii_image=&#8220;on||||&#8220; box_shadow_style_image=&#8220;preset1&#8243; text_orientation=&#8220;center&#8220; text_shadow_style=&#8220;preset2&#8243; text_shadow_horizontal_length=&#8220;0em&#8220;][\/et_pb_slide][et_pb_slide heading=&#8220;SECURITY&#8220; _builder_version=&#8220;3.25.4&#8243; header_level=&#8220;h2&#8243; header_font=&#8220;|600|||||||&#8220; header_text_align=&#8220;center&#8220; header_font_size=&#8220;46px&#8220; header_letter_spacing=&#8220;5px&#8220; header_line_height=&#8220;0em&#8220; use_background_color_gradient=&#8220;on&#8220; background_color_gradient_start=&#8220;#B29435&#8243; background_color_gradient_end=&#8220;rgba(0,0,0,0)&#8220; background_color_gradient_direction=&#8220;360deg&#8220; background_color_gradient_overlays_image=&#8220;on&#8220; background_image=&#8220;\/wp-content\/uploads\/2019\/09\/prst.jpg&#8220; border_radii_image=&#8220;on||||&#8220; box_shadow_style_image=&#8220;preset1&#8243; text_orientation=&#8220;center&#8220; text_shadow_style=&#8220;preset2&#8243; text_shadow_horizontal_length=&#8220;0em&#8220;][\/et_pb_slide][et_pb_slide heading=&#8220;INOVATIONS&#8220; _builder_version=&#8220;3.25.4&#8243; header_level=&#8220;h2&#8243; header_font=&#8220;|600|||||||&#8220; header_text_align=&#8220;center&#8220; header_font_size=&#8220;46px&#8220; header_letter_spacing=&#8220;5px&#8220; header_line_height=&#8220;0em&#8220; use_background_color_gradient=&#8220;on&#8220; background_color_gradient_start=&#8220;#B29435&#8243; background_color_gradient_end=&#8220;rgba(0,0,0,0)&#8220; background_color_gradient_direction=&#8220;360deg&#8220; background_color_gradient_overlays_image=&#8220;on&#8220; background_image=&#8220;\/wp-content\/uploads\/2019\/09\/hlava.jpg&#8220; border_radii_image=&#8220;on||||&#8220; box_shadow_style_image=&#8220;preset1&#8243; text_orientation=&#8220;center&#8220; text_shadow_style=&#8220;preset2&#8243; text_shadow_horizontal_length=&#8220;0em&#8220;][\/et_pb_slide][\/et_pb_slider][et_pb_text admin_label=&#8220;Text&#8220; _builder_version=&#8220;3.25.4&#8243; background_size=&#8220;initial&#8220; background_position=&#8220;top_left&#8220; background_repeat=&#8220;repeat&#8220;]<\/p>\n<h3>DEVELOPMENT<\/h3>\n<p><span>Development is a systematic, creative activity in area of science and technology, making use of regularity and knowledge, gained thru research or outgoing from practical experience of new materiel creating, new products, systems, devices, methods and processes or their enhancement. Company development activity is oriented mainly in area of technic science:<\/span><\/p>\n<blockquote>\n<ul>\n<li><span>Construction, projecting and modernization of mobile technics,<\/span><\/li>\n<li><span>Vehicles hybrid propulsion development,<\/span><\/li>\n<li><span>Basic and additional mobile technic ballistic protection,<\/span><\/li>\n<li><span>Small Unmanned Aerial Vehicles development,<\/span><\/li>\n<li><span>Development of software application according customer\u00b4s specification.<\/span><\/li>\n<\/ul>\n<\/blockquote>\n<h3>SECURITY<\/h3>\n<p>In a broader sense security can be understand as structures and processes, which provides particular form of threads protection.\nThreads types, their range and incidence can be very various.\nAccording this we differentiate particular security categories:<\/p>\n<blockquote>\n<ul>\n<li><span>Physical security,<\/span><\/li>\n<li><span>IT security,<\/span><\/li>\n<li><span>Political security\u2026<\/span><\/li>\n<li>processing analyses and methodologies of security systems<\/li>\n<\/ul>\n<\/blockquote>\n<h3>SERVICES<\/h3>\n<p><span>Company provides consulting and counselling in areas of marketing and services. We insure business services in the range of free trade and licensed services in military materiel business.\nIn our design office we realize research and development, modernization and innovative projects. At the same time we offer CA complex solution services \u2013 using technologies from world leaders in this area. We dispose with licensed products:<\/span><\/p>\n<blockquote>\n<ul>\n<li>CAD \u2013 Catia V5<\/li>\n<li>FEM \u2013 MSC.Nastran\/Patran<\/li>\n<li>MBS \u2013 MSC.ADAMS<\/li>\n<li>FLP \u2013 MSC.Fatigue<\/li>\n<\/ul>\n<\/blockquote>\n<h3>INNOVATIONS<\/h3>\n<p>According OECD definition innovation is implementation of new or considerable improved product (service or product) or process, new marketing method or new organizational method in business practice, work organization or external relations.\nFrom the wide spectrum of innovative activities, our company is focusing mainly on these areas:<\/p>\n<blockquote>\n<ul>\n<li>Development of new or improved products, market competitive and based on research and development results or business activities,<\/li>\n<li>Science and technology knowledge transmission into the praxis,<\/li>\n<li>Implementation of innovation in other companies by know-how selling,<\/li>\n<li>Implementation of modern methods in production preliminary stages of   production process, mainly in the phase of products projection,<\/li>\n<li>Products development and development of principles, decreasing negative influence on environment,<\/li>\n<li>Working - out solutions, providing more effective exploitation of natural sources and energies.<\/li>\n<\/ul>\n<\/blockquote>\n<p>[\/et_pb_text][\/et_pb_column][\/et_pb_row][\/et_pb_section]<\/p>","protected":false},"excerpt":{"rendered":"<p>DEVELOPMENT &#8211; V\u00fdvoj V\u00fdvoj je systematick\u00e1 tvoriv\u00e1 \u010dinnos\u0165 v oblasti vedy a techniky vyu\u017e\u00edvaj\u00faca z\u00e1konitosti a poznatky z\u00edskan\u00e9 prostredn\u00edctvom v\u00fdskumu alebo vych\u00e1dzaj\u00face z praktick\u00fdch sk\u00fasenost\u00ed pri tvorbe nov\u00fdch materi\u00e1lov, v\u00fdrobkov, zariaden\u00ed, syst\u00e9mov, met\u00f3d a procesov alebo ich zlep\u0161en\u00ed. V\u00fdvojov\u00e1 \u010dinnos\u0165 spolo\u010dnosti sa orientuje predov\u0161etk\u00fdm do oblast\u00ed technick\u00fdch vied: kon\u0161trukcia, projektovanie a moderniz\u00e1cia mobilnej techniky v\u00fdvoj [&hellip;]<\/p>","protected":false},"author":1,"featured_media":0,"parent":0,"menu_order":0,"comment_status":"closed","ping_status":"open","template":"","meta":{"_et_pb_use_builder":"on","_et_pb_old_content":"<!-- wp:paragraph -->\n<p>Toto je vzorov\u00e1 str\u00e1nka. Je odli\u0161n\u00e1 od blogu, preto\u017ee zostane na jednom mieste a zobraz\u00ed sa vo va\u0161ej navig\u00e1cii na str\u00e1nkach (vo v\u00e4\u010d\u0161ine t\u00e9m). V\u00e4\u010d\u0161ina \u013eud\u00ed za\u010d\u00edna str\u00e1nkou O n\u00e1s, ktor\u00e1 ich predstavuje potenci\u00e1lnym n\u00e1v\u0161tevn\u00edkom. Mohlo by to vyzera\u0165 nejak takto:<\/p>\n<!-- \/wp:paragraph -->\n\n<!-- wp:quote -->\n<blockquote class=\"wp-block-quote\"><p>Ahojte! Cez de\u0148 pracujem ako posl\u00ed\u010dek na bicykli, po nociach rob\u00edm najlep\u0161ie drinky v pr\u00edjemnom bare a toto je moja webstr\u00e1nka. B\u00fdvam v Tren\u010d\u00edne, m\u00e1m \u0161kre\u010dka Igora a niekedy m\u00e1m rande aj so svoj\u00edm mestom (nejdem do baru ale napr. len tak chod\u00edm).<\/p><\/blockquote>\n<!-- \/wp:quote -->\n\n<!-- wp:paragraph -->\n<p>...alebo nie\u010do tak\u00e9to:<\/p>\n<!-- \/wp:paragraph -->\n\n<!-- wp:quote -->\n<blockquote class=\"wp-block-quote\"><p>Spolo\u010dnos\u0165 XYZ Doohickey bola zalo\u017een\u00e1 v roku 1971 a odvtedy poskytuje verejnosti kvalitn\u00e9 slu\u017eby. Nach\u00e1dza sa v meste Gotham City, XYZ zamestn\u00e1va viac ako 2 000 \u013eud\u00ed a rob\u00ed v\u0161etky druhy \u00fa\u017easn\u00fdch vec\u00ed pre komunitu Gotham.<\/p><\/blockquote>\n<!-- \/wp:quote -->\n\n<!-- wp:paragraph -->\n<p>Ako nov\u00fd pou\u017e\u00edvate\u013e WordPress m\u00f4\u017eete prejs\u0165 na  <a href=\"\/wp-admin\/\">va\u0161u n\u00e1stenku<\/a>, zmaza\u0165 t\u00fato str\u00e1nku a vytvori\u0165 nov\u00e9 str\u00e1nky pre v\u00e1\u0161 obsah. Bavte sa!<\/p>\n<!-- \/wp:paragraph -->","_et_gb_content_width":"","inline_featured_image":false,"_monsterinsights_skip_tracking":false,"_monsterinsights_sitenote_active":false,"_monsterinsights_sitenote_note":"","_monsterinsights_sitenote_category":0,"footnotes":""},"class_list":["post-2","page","type-page","status-publish","hentry"],"yoast_head":"<!-- This site is optimized with the Yoast SEO plugin v26.1.1 - https:\/\/yoast.com\/wordpress\/plugins\/seo\/ -->\n<title>DSSI a.s. | Development \u2013 Security \u2013 Services \u2013 Innovations - DSSI<\/title>\n<meta name=\"robots\" content=\"index, follow, max-snippet:-1, max-image-preview:large, max-video-preview:-1\" \/>\n<link rel=\"canonical\" href=\"https:\/\/dssi.sk\/en\/\" \/>\n<meta property=\"og:locale\" content=\"en_US\" \/>\n<meta property=\"og:type\" content=\"article\" \/>\n<meta property=\"og:title\" content=\"DSSI a.s. | Development \u2013 Security \u2013 Services \u2013 Innovations - DSSI\" \/>\n<meta property=\"og:description\" content=\"DEVELOPMENT - V\u00fdvoj V\u00fdvoj je systematick\u00e1 tvoriv\u00e1 \u010dinnos\u0165 v oblasti vedy a techniky vyu\u017e\u00edvaj\u00faca z\u00e1konitosti a poznatky z\u00edskan\u00e9 prostredn\u00edctvom v\u00fdskumu alebo vych\u00e1dzaj\u00face z praktick\u00fdch sk\u00fasenost\u00ed pri tvorbe nov\u00fdch materi\u00e1lov, v\u00fdrobkov, zariaden\u00ed, syst\u00e9mov, met\u00f3d a procesov alebo ich zlep\u0161en\u00ed. V\u00fdvojov\u00e1 \u010dinnos\u0165 spolo\u010dnosti sa orientuje predov\u0161etk\u00fdm do oblast\u00ed technick\u00fdch vied: kon\u0161trukcia, projektovanie a moderniz\u00e1cia mobilnej techniky v\u00fdvoj [&hellip;]\" \/>\n<meta property=\"og:url\" content=\"https:\/\/dssi.sk\/en\/\" \/>\n<meta property=\"og:site_name\" content=\"DSSI\" \/>\n<meta property=\"article:modified_time\" content=\"2019-09-16T16:21:50+00:00\" \/>\n<meta name=\"twitter:card\" content=\"summary_large_image\" \/>\n<meta name=\"twitter:label1\" content=\"Est. reading time\" \/>\n\t<meta name=\"twitter:data1\" content=\"5 minutes\" \/>\n<script type=\"application\/ld+json\" class=\"yoast-schema-graph\">{\"@context\":\"https:\/\/schema.org\",\"@graph\":[{\"@type\":\"WebPage\",\"@id\":\"https:\/\/dssi.sk\/\",\"url\":\"https:\/\/dssi.sk\/\",\"name\":\"DSSI a.s. | Development \u2013 Security \u2013 Services \u2013 Innovations - DSSI\",\"isPartOf\":{\"@id\":\"https:\/\/dssi.sk\/#website\"},\"datePublished\":\"2019-07-11T09:46:19+00:00\",\"dateModified\":\"2019-09-16T16:21:50+00:00\",\"breadcrumb\":{\"@id\":\"https:\/\/dssi.sk\/#breadcrumb\"},\"inLanguage\":\"en-US\",\"potentialAction\":[{\"@type\":\"ReadAction\",\"target\":[\"https:\/\/dssi.sk\/\"]}]},{\"@type\":\"BreadcrumbList\",\"@id\":\"https:\/\/dssi.sk\/#breadcrumb\",\"itemListElement\":[{\"@type\":\"ListItem\",\"position\":1,\"name\":\"Home\",\"item\":\"https:\/\/dssi.sk\/\"},{\"@type\":\"ListItem\",\"position\":2,\"name\":\"DSSI a.s. | Development \u2013 Security \u2013 Services \u2013 Innovations\"}]},{\"@type\":\"WebSite\",\"@id\":\"https:\/\/dssi.sk\/#website\",\"url\":\"https:\/\/dssi.sk\/\",\"name\":\"DSSI\",\"description\":\"Development | Services | Security | Innovations\",\"publisher\":{\"@id\":\"https:\/\/dssi.sk\/#organization\"},\"potentialAction\":[{\"@type\":\"SearchAction\",\"target\":{\"@type\":\"EntryPoint\",\"urlTemplate\":\"https:\/\/dssi.sk\/?s={search_term_string}\"},\"query-input\":{\"@type\":\"PropertyValueSpecification\",\"valueRequired\":true,\"valueName\":\"search_term_string\"}}],\"inLanguage\":\"en-US\"},{\"@type\":\"Organization\",\"@id\":\"https:\/\/dssi.sk\/#organization\",\"name\":\"DSSI a.s.\",\"url\":\"https:\/\/dssi.sk\/\",\"logo\":{\"@type\":\"ImageObject\",\"inLanguage\":\"en-US\",\"@id\":\"https:\/\/dssi.sk\/#\/schema\/logo\/image\/\",\"url\":\"https:\/\/dssi.sk\/wp-content\/uploads\/2019\/09\/logo-dssi-horizontal1.jpg\",\"contentUrl\":\"https:\/\/dssi.sk\/wp-content\/uploads\/2019\/09\/logo-dssi-horizontal1.jpg\",\"width\":520,\"height\":520,\"caption\":\"DSSI a.s.\"},\"image\":{\"@id\":\"https:\/\/dssi.sk\/#\/schema\/logo\/image\/\"}}]}<\/script>\n<!-- \/ Yoast SEO plugin. -->","yoast_head_json":{"title":"DSSI a.s. | Development \u2013 Security \u2013 Services \u2013 Innovations - DSSI","robots":{"index":"index","follow":"follow","max-snippet":"max-snippet:-1","max-image-preview":"max-image-preview:large","max-video-preview":"max-video-preview:-1"},"canonical":"https:\/\/dssi.sk\/en\/","og_locale":"en_US","og_type":"article","og_title":"DSSI a.s. | Development \u2013 Security \u2013 Services \u2013 Innovations - DSSI","og_description":"DEVELOPMENT - V\u00fdvoj V\u00fdvoj je systematick\u00e1 tvoriv\u00e1 \u010dinnos\u0165 v oblasti vedy a techniky vyu\u017e\u00edvaj\u00faca z\u00e1konitosti a poznatky z\u00edskan\u00e9 prostredn\u00edctvom v\u00fdskumu alebo vych\u00e1dzaj\u00face z praktick\u00fdch sk\u00fasenost\u00ed pri tvorbe nov\u00fdch materi\u00e1lov, v\u00fdrobkov, zariaden\u00ed, syst\u00e9mov, met\u00f3d a procesov alebo ich zlep\u0161en\u00ed. V\u00fdvojov\u00e1 \u010dinnos\u0165 spolo\u010dnosti sa orientuje predov\u0161etk\u00fdm do oblast\u00ed technick\u00fdch vied: kon\u0161trukcia, projektovanie a moderniz\u00e1cia mobilnej techniky v\u00fdvoj [&hellip;]","og_url":"https:\/\/dssi.sk\/en\/","og_site_name":"DSSI","article_modified_time":"2019-09-16T16:21:50+00:00","twitter_card":"summary_large_image","twitter_misc":{"Est. reading time":"5 minutes"},"schema":{"@context":"https:\/\/schema.org","@graph":[{"@type":"WebPage","@id":"https:\/\/dssi.sk\/","url":"https:\/\/dssi.sk\/","name":"DSSI a.s. | Development \u2013 Security \u2013 Services \u2013 Innovations - DSSI","isPartOf":{"@id":"https:\/\/dssi.sk\/#website"},"datePublished":"2019-07-11T09:46:19+00:00","dateModified":"2019-09-16T16:21:50+00:00","breadcrumb":{"@id":"https:\/\/dssi.sk\/#breadcrumb"},"inLanguage":"en-US","potentialAction":[{"@type":"ReadAction","target":["https:\/\/dssi.sk\/"]}]},{"@type":"BreadcrumbList","@id":"https:\/\/dssi.sk\/#breadcrumb","itemListElement":[{"@type":"ListItem","position":1,"name":"Home","item":"https:\/\/dssi.sk\/"},{"@type":"ListItem","position":2,"name":"DSSI a.s. | Development \u2013 Security \u2013 Services \u2013 Innovations"}]},{"@type":"WebSite","@id":"https:\/\/dssi.sk\/#website","url":"https:\/\/dssi.sk\/","name":"DSSI","description":"Development | Services | Security | Innovations","publisher":{"@id":"https:\/\/dssi.sk\/#organization"},"potentialAction":[{"@type":"SearchAction","target":{"@type":"EntryPoint","urlTemplate":"https:\/\/dssi.sk\/?s={search_term_string}"},"query-input":{"@type":"PropertyValueSpecification","valueRequired":true,"valueName":"search_term_string"}}],"inLanguage":"en-US"},{"@type":"Organization","@id":"https:\/\/dssi.sk\/#organization","name":"DSSI a.s.","url":"https:\/\/dssi.sk\/","logo":{"@type":"ImageObject","inLanguage":"en-US","@id":"https:\/\/dssi.sk\/#\/schema\/logo\/image\/","url":"https:\/\/dssi.sk\/wp-content\/uploads\/2019\/09\/logo-dssi-horizontal1.jpg","contentUrl":"https:\/\/dssi.sk\/wp-content\/uploads\/2019\/09\/logo-dssi-horizontal1.jpg","width":520,"height":520,"caption":"DSSI a.s."},"image":{"@id":"https:\/\/dssi.sk\/#\/schema\/logo\/image\/"}}]}},"_links":{"self":[{"href":"https:\/\/dssi.sk\/en\/wp-json\/wp\/v2\/pages\/2","targetHints":{"allow":["GET"]}}],"collection":[{"href":"https:\/\/dssi.sk\/en\/wp-json\/wp\/v2\/pages"}],"about":[{"href":"https:\/\/dssi.sk\/en\/wp-json\/wp\/v2\/types\/page"}],"author":[{"embeddable":true,"href":"https:\/\/dssi.sk\/en\/wp-json\/wp\/v2\/users\/1"}],"replies":[{"embeddable":true,"href":"https:\/\/dssi.sk\/en\/wp-json\/wp\/v2\/comments?post=2"}],"version-history":[{"count":5,"href":"https:\/\/dssi.sk\/en\/wp-json\/wp\/v2\/pages\/2\/revisions"}],"predecessor-version":[{"id":578,"href":"https:\/\/dssi.sk\/en\/wp-json\/wp\/v2\/pages\/2\/revisions\/578"}],"wp:attachment":[{"href":"https:\/\/dssi.sk\/en\/wp-json\/wp\/v2\/media?parent=2"}],"curies":[{"name":"wp","href":"https:\/\/api.w.org\/{rel}","templated":true}]}}