{"id":207,"date":"2019-09-16T11:06:30","date_gmt":"2019-09-16T09:06:30","guid":{"rendered":"http:\/\/dssi.h2studio.net\/?page_id=207"},"modified":"2019-09-16T11:08:23","modified_gmt":"2019-09-16T09:08:23","slug":"mobilne-laboratoria","status":"publish","type":"page","link":"https:\/\/dssi.sk\/en\/mobilne-laboratoria\/","title":{"rendered":"Mobiln\u00e9 laborat\u00f3ri\u00e1"},"content":{"rendered":"<p>[et_pb_section fb_built=&#8220;1&#8243; admin_label=&#8220;section&#8220; _builder_version=&#8220;3.25.4&#8243; custom_padding=&#8220;0px||&#8220;][et_pb_row custom_margin=&#8220;||&#8220; admin_label=&#8220;row&#8220; _builder_version=&#8220;3.25.4&#8243; background_size=&#8220;initial&#8220; background_position=&#8220;top_left&#8220; background_repeat=&#8220;repeat&#8220;][et_pb_column type=&#8220;4_4&#8243; _builder_version=&#8220;3.25&#8243; custom_padding=&#8220;|||&#8220; custom_padding__hover=&#8220;|||&#8220;][et_pb_text _builder_version=&#8220;3.25.4&#8243; _dynamic_attributes=&#8220;content&#8220; text_font=&#8220;|||on|||||&#8220; text_text_align=&#8220;center&#8220; text_font_size=&#8220;30px&#8220; link_font=&#8220;||||||||&#8220; ul_font=&#8220;||||||||&#8220; ol_font=&#8220;||||||||&#8220; quote_font=&#8220;||||||||&#8220; header_font=&#8220;||||||||&#8220; header_2_font=&#8220;||||||||&#8220; background_color=&#8220;rgba(0,0,0,0)&#8220; width=&#8220;100%&#8220; max_width=&#8220;100%&#8220;]@ET-DC@eyJkeW5hbWljIjp0cnVlLCJjb250ZW50IjoicG9zdF90aXRsZSIsInNldHRpbmdzIjp7ImJlZm9yZSI6IiIsImFmdGVyIjoiIn19@[\/et_pb_text][et_pb_text admin_label=&#8220;Text&#8220; _builder_version=&#8220;3.25.4&#8243; background_size=&#8220;initial&#8220; background_position=&#8220;top_left&#8220; background_repeat=&#8220;repeat&#8220;]MOBLAB je prv\u00fdm z trojice mobiln\u00fdch identifika\u010dn\u00fdch prostriedkov a bude s\u00fa\u010das\u0165ou pl\u00e1novan\u00e9ho ucelen\u00e9ho kompletu vy\u0161\u0161ieho modul\u00e1rneho kompletn\u00e9ho syst\u00e9mu mobiln\u00fdch identifika\u010dn\u00fdch laborat\u00f3ri\u00ed radia\u010dnej, chemickej a biologickej ochrany (\u010falej len MILAB RCHBO).<\/p>\n<p>N\u00e1vrh technick\u00e9ho rie\u0161enia MOBLAB akceptuje po\u017eiadavky zad\u00e1vate\u013ea na kompatibilitu a syst\u00e9mov\u00e9 v\u00e4zby jeho za\u010dlenenia do uveden\u00e9ho vy\u0161\u0161ieho modul\u00e1rneho syst\u00e9mu.<\/p>\n<p>Zostava prostriedku MOBLAB pod\u013ea TD\u2010PZ predstavuje kontajner s v\u00fdbavou a obsluhou, vozidlo \u2013<br \/>\nnosi\u010d kontajnera s pokladac\u00edm zariaden\u00edm a vozidlo skupiny odberu vzoriek s v\u00fdbavou a obsluhou.<\/p>\n<p>Hlavnou \u00falohou MOBLAB bude anal\u00fdza chemick\u00e9ho zlo\u017eenia vzoriek l\u00e1tok z kontaminovan\u00e9ho prostredia na \u00farovni predbe\u017enej a potvrdenej identifik\u00e1cie.<\/p>\n<h2><strong>CELKOV\u00dd POPIS MOBLAB<\/strong><\/h2>\n<h3><strong>ZLO\u017dENIE MOBLAB<\/strong><\/h3>\n<p>Prostriedok mobiln\u00e9ho identifika\u010dn\u00e9ho chemick\u00e9ho laborat\u00f3ria MOBLAB je zostaven\u00fd tak, aby po prijat\u00ed \u00falohy sa mohol presun\u00fa\u0165 z v\u00fdchodzieho miesta na miesto ur\u010denia, rozvin\u00fa\u0165 pracovisko\u00a0a vykona\u0165 detekciu, identifik\u00e1ciu a anal\u00fdzu vzoriek TCHL a NCHL z\u00edskan\u00fdch z kontaminovan\u00e9ho priestoru. Na pracovisk\u00e1ch MOBLAB s\u00fa vytvoren\u00e9 podmienky a prostriedky pre pr\u00e1cu obsl\u00fah\u00a0s rizikov\u00fdmi l\u00e1tkami bez ohrozenia zdravia a okolit\u00e9ho prostredia.<\/p>\n<p>Funk\u010dn\u00fa zostavu MOBLAB tvor\u00ed:<\/p>\n<blockquote>\n<ul>\n<li>Typizovan\u00fd kontajner mobiln\u00e9ho chemick\u00e9ho laborat\u00f3ria ISO 1C, v ktorom s\u00fa umiestnen\u00e9\u00a0pr\u00edstroje a zariadenia \u0161peci\u00e1lnej v\u00fdbavy.\u00a0Kontajner je \u010dlenen\u00fd na tieto \u010dasti:\u00a0vstupno\u2010v\u00fdstupn\u00e1 \u010das\u0165,\u00a0technologick\u00e1 \u010das\u0165,\u00a0laborat\u00f3rium predbe\u017enej anal\u00fdzy a pr\u00edpravy vzoriek,\u00a0identifika\u010dn\u00e9 laborat\u00f3rium<\/li>\n<li>Nosi\u010d kontajnera s pokladac\u00edm zariaden\u00edm<\/li>\n<li>Vozidlo \u010d.1 pre skupinu odberu vzoriek s v\u00fdbavou (\u010falej len SkOV)<\/li>\n<\/ul>\n<\/blockquote>\n<div>\n<p><img loading=\"lazy\" decoding=\"async\" class=\"aligncenter size-full wp-image-394\" title=\"moblab1\" src=\"http:\/\/web.archive.org\/web\/20170321194347im_\/\/wp-content\/uploads\/2013\/01\/moblab1.jpg\" alt=\"\" width=\"609\" height=\"235\" \/><\/p>\n<h2><strong>\u00da<\/strong><strong>\u010c<\/strong><strong>EL POU\u017dITIA, OPERA\u010cN\u00c9 NASADENIE<\/strong><\/h2>\n<p>MOBLAB v r\u00e1mci svojho predur\u010denia bude s\u00fa\u010das\u0165ou vy\u0161\u0161ieho modul\u00e1rneho kompletn\u00e9ho syst\u00e9mu mobiln\u00fdch identifika\u010dn\u00fdch laborat\u00f3ri\u00ed radia\u010dnej, chemickej a biologickej ochrany MILAB RCHBO. \u00dalohou tohto kompletn\u00e9ho mobiln\u00e9ho syst\u00e9mu je identifik\u00e1cia zlo\u017eiek cel\u00e9ho spektra radia\u010dnej, chemickej a biologickej kontamin\u00e1cie v po\u013en\u00fdch podmienkach pri rie\u0161en\u00ed kr\u00edzov\u00fdch situ\u00e1cii vojensk\u00fdch a nevojensk\u00fdch konfliktov v zmysle STANAG 4632.<\/p>\n<p>MOBLAB je z\u00e1kladn\u00fdm prostriedkom pre identifik\u00e1ciu zlo\u017eiek chemickej kontamin\u00e1cie vo vzork\u00e1ch z kontaminovan\u00fdch priestoroch v po\u013en\u00fdch podmienkach. M\u00f4\u017ee by\u0165 nasaden\u00fd pri rie\u0161en\u00ed kr\u00edzov\u00fdch situ\u00e1cii vojensk\u00e9ho aj nevojensk\u00e9ho charakteru \u2013 teroristick\u00e9 hrozby, priemyseln\u00e9 hav\u00e1rie a \u017eiveln\u00e9 pohromy. Kontajnerov\u00e9 pracovisko sa rozvinuje v nekontaminovanom priestore. Dovoz\u00a0vzoriek z ohrozen\u00e9ho priestoru do kontajnera zabezpe\u010duje skupina odberu vzoriek, alebo prieskumn\u00e1\u00a0jednotka v dekontaminovan\u00fdch obaloch.<\/p>\n<p>Obsluha prostriedku MOBLAB pozost\u00e1va celkom z 8 os\u00f4b z toho 5 os\u00f4b je obsluha kontajnera a 3 osoby obsluha SkOV.<\/p>\n<h3><strong>\u00da<\/strong><strong>\u010c<\/strong><strong>ELOM POU\u017dITIA A \u00daLOHOU MOBLAB JE PREDOV\u0160ETK\u00ddM<\/strong><\/h3>\n<blockquote>\n<ul>\n<li>identifik\u00e1cia toxick\u00fdch chemick\u00fdch l\u00e1tok a nebezpe\u010dn\u00fdch chemick\u00fdch l\u00e1tok a l\u00e1tok stredn\u00e9ho spektra vo vzork\u00e1ch prostredia, materi\u00e1lu, zbytkoch mun\u00edcie, obaloch a v zariadeniach na \u00farovni PREDBE\u017dNEJ a POTVRDENEJ identifik\u00e1cie, s v\u00fdsledkom akceptovate\u013en\u00fdm \u0161tandardami NATO. Vo v\u00fdnimo\u010dn\u00fdch pr\u00edpadoch aj v klinick\u00fdch vzork\u00e1ch.<\/li>\n<li>zistenie radia\u010dn\u00e9ho zamorenia a detekcia biologick\u00fdch bojov\u00fdch l\u00e1tok na 1.stupni<\/li>\n<li>podporn\u00e9 anal\u00fdzy zameran\u00e9 na hodnotenie \u00fa\u010dinnosti dekontamina\u010dn\u00fdch \u010dinidiel, kontrolu \u00fa\u010dinnosti dekontamin\u00e1cie a preverovanie kvality nez\u00e1vadnej vody<\/li>\n<li>archiv\u00e1cie vzoriek<\/li>\n<\/ul>\n<\/blockquote>\n<div>\n<h3><strong>OPERA\u010cN\u00c9 NASADENIE<\/strong><\/h3>\n<p>MOBLAB predpoklad\u00e1 \u017ee bude p\u00f4sobi\u0165 ako s\u00fa\u010das\u0165 MILAB RCHBO v zostave pr\u00e1poru radia\u010dnej, chemickej a biologickej ochrany (\u010falej len prrchbo). Svoju hlavn\u00fa \u00falohu bude vykon\u00e1va\u0165 v mieste vykon\u00e1vania anal\u00fdzy (\u010falej len MVA).<\/p>\n<p>MVA bude vytv\u00e1ran\u00e9 do 25 km maxim\u00e1lne 50 km.od velite\u013esk\u00e9ho stanovi\u0161\u0165a, alebo predsunut\u00e9ho velite\u013esk\u00e9ho stanovi\u0161\u0165a nadriaden\u00e9ho. V\u00fdber MVA je v\u017edy podmienen\u00fd smerom vetra a to\u00a0z n\u00e1veternej strany vo vzdialenosti od PK cca 20 \u201025 km.<\/p>\n<p>Kontajner MOBLAB\u2010u bude umiestnen\u00fd v tzv. ne\u010distej \u010dasti MVA spolu s ostatn\u00fdmi kontejnermi MBioL a MRdmL. Nosi\u010de kontajnerov s\u00fa vyveden\u00e9 do tzv. \u010distej \u010dasti MVA. V ne\u010distej \u010dasti je vo vzdialenosti 100 metrov zriaden\u00e9 miesto pre pr\u00edjem vzoriek od SkOV.<\/p>\n<p>V tzv. \u010distej \u010dasti bude zriaden\u00e9 miesto riadenia a velenia MILAB RCHBO, syst\u00e9m COLPRO s logistick\u00fdm a materi\u00e1lov\u00fdm zabezpe\u010den\u00edm. Medzi obidvomi \u010das\u0165ami je miesto kontroly individu\u00e1lnych prostriedkov ochrany (\u010falej len PIO).<\/p>\n<h2><strong>TECHNICK\u00c1 CHARAKTERISTIKA VOZIDLA PRE SKUPINU ODBERU VZORIEK<\/strong><\/h2>\n<h3><strong>CELKOV\u00dd POPIS VOZIDLA<\/strong><\/h3>\n<p>Ako vozidlo pre skupinu odberu vzoriek je vybran\u00fd typ LAND ROVER DEFENDER, 130 Crew Cab\u00a0Chassis Quadtec 2 model 2007 (obr. \u010d. 2).<\/p>\n<p><img loading=\"lazy\" decoding=\"async\" class=\"aligncenter size-full wp-image-398\" title=\"moblab2\" src=\"http:\/\/web.archive.org\/web\/20170321194347im_\/\/wp-content\/uploads\/2013\/01\/moblab2.jpg\" alt=\"\" width=\"525\" height=\"347\" \/><\/p>\n<p>Vozidla SkOV je osobn\u00e9 ter\u00e9nne vozidlo s pohonom 4 x 4 pre 5\u2010\u010dlenn\u00fa pos\u00e1dku, vybaven\u00e9 oddelen\u00fdm n\u00e1kladn\u00fdm priestorom na transport detektorov a s\u00faprav pre odber vzoriek. Kab\u00edna vozidla ani n\u00e1kladn\u00fd priestor nie s\u00fa hermetizovan\u00e9. V tabu\u013eke 4.3.1 s\u00fa uveden\u00e9 technick\u00e9 parametre vozidla.<\/p>\n<p>Vn\u00fatorn\u00e9 rozmery n\u00e1kladn\u00e9ho priestoru s\u00fa 1555x1770x1550, celkov\u00fd objem n\u00e1kladn\u00e9ho priestoru je\u00a04,25m3. N\u00e1kladn\u00fd priestor je vybaven\u00fd mont\u00e1\u017eou pre upevnenie pr\u00edstrojov\u00e9ho vybavenia.<\/p>\n<p><strong>Nadstavba vozidla<\/strong><\/p>\n<p>Nadstavba vozidla (obr. \u010d. 3) m\u00e1 vonkaj\u0161ie rozmery 1670x1885x1750 a celkov\u00fd vn\u00fatorn\u00fd objem 4,25m3. Na zadnej stene s\u00fa jednokr\u00eddlov\u00e9 dvere. Na bo\u010dn\u00fdch sten\u00e1ch s\u00fa dvere, ktor\u00e9 sa otv\u00e1raj\u00fa odklopen\u00edm do hora. Otv\u00e1ranie zadn\u00fdch dver\u00ed na nadstavbe bude zaisten\u00e9 po otvoren\u00ed v dvoch poloh\u00e1ch a to pri 90\u00b0 a 110\u00b0 otvoren\u00ed.<\/p>\n<p><img loading=\"lazy\" decoding=\"async\" class=\"aligncenter size-full wp-image-400\" title=\"moblab3\" src=\"http:\/\/web.archive.org\/web\/20170321194347im_\/\/wp-content\/uploads\/2013\/01\/moblab3.jpg\" alt=\"\" width=\"590\" height=\"275\" \/><\/p>\n<h2><strong><em>TECHNICK\u00c1 CHARAKTERISTIKA MOBLAB \u2013 KONTAJNER<\/em><\/strong><\/h2>\n<h3><strong><em>POPIS KONTAJNERA TYPU ISO 1C<\/em><\/strong><\/h3>\n<p><strong>K<\/strong><strong>ontajner ISO 1C<span>\u00a0<\/span><\/strong>je typov\u00fdm modelom u\u017e zaveden\u00fdm a vyu\u017e\u00edvan\u00fdm v OS SR. Svoj\u00edm vybaven\u00edm a vn\u00fatorn\u00fdm usporiadan\u00edm bude plni\u0165 podmienky pre integr\u00e1ciu pr\u00edstrojov a zariaden\u00ed \u0161peci\u00e1lnej v\u00fdbavy. Kontajner je tepelne izolovan\u00fd sendvi\u010dov\u00fdmi obvodov\u00fdmi a podlahov\u00fdmi panelmi. Je klimatizovan\u00fd, umo\u017e\u0148uje pou\u017e\u00edvanie pri vonkaj\u0161\u00edch teplot\u00e1ch\u00a0\u201030\u00b0C a\u017e +50\u00b0C. Umo\u017e\u0148uje pripojenie na zdroj el. energie.<\/p>\n<p>Kon\u0161trukcia kontajnera ISO 1C vyhovuje svojimi rozmermi STN 26 9341.<\/p>\n<p>Vonkaj\u0161ie rozmery kontajnera: d\u013a\u017eka 6058 mm x\u00a0\u0161\u00edrka 2438 mm x v\u00fd\u0161ka 2438 mm<\/p>\n<h3><strong>POPIS A SCH\u00c9MA CELKOVEJ KONCEPCIE USPORIADANIA PRACOV\u00cdSK V KONTAJNERI<\/strong><\/h3>\n<p><img loading=\"lazy\" decoding=\"async\" class=\"aligncenter size-full wp-image-401\" title=\"moblab4\" src=\"http:\/\/web.archive.org\/web\/20170321194347im_\/\/wp-content\/uploads\/2013\/01\/moblab4.jpg\" alt=\"\" width=\"476\" height=\"297\" \/><\/p>\n<p><img loading=\"lazy\" decoding=\"async\" class=\"aligncenter size-full wp-image-402\" title=\"moblab5\" src=\"http:\/\/web.archive.org\/web\/20170321194347im_\/\/wp-content\/uploads\/2013\/01\/moblab5.jpg\" alt=\"\" width=\"524\" height=\"421\" \/><\/p>\n<p>Technologick\u00e1 \u010das\u0165 je umiestnen\u00e1 v prednej \u010dasti kontajnera. Pracovisk\u00e1 laborat\u00f3ria predbe\u017enej anal\u00fdzy a pr\u00edpravy vzoriek a identifika\u010dn\u00e9 laborat\u00f3rium s\u00fa umiestnen\u00e9 v zadnej \u010dasti. Vstup do pracov\u00edsk je cez dekontamina\u010dn\u00fa a havarijn\u00fa sprchu pre vstup a v\u00fdstup, ktor\u00e1 ma vonkaj\u0161ie aj vn\u00fatorn\u00e9 dvere hermetizovan\u00e9.<\/p>\n<p>Mimo vstupn\u00e9 hermetizovan\u00e9 dvere je kontajner vybaven\u00fd technologick\u00fdmi dverami v prednej \u010dasti, ktor\u00e9 sl\u00fa\u017eia na \u013eah\u0161\u00ed pr\u00edstup k zastavenej technol\u00f3gii v pr\u00edpade nutnej opravy. Bud\u00fa otv\u00e1ran\u00e9 len po zlo\u017een\u00ed z nosi\u010da. \u010eal\u0161ie dvere na pravej strane, sl\u00fa\u017eia na vybratie elektrocentr\u00e1ly mimo vozidla, tak, aby bola pri jej \u010dinnosti zabezpe\u010den\u00e1 tich\u00e1 prev\u00e1dzka bez vibr\u00e1ci\u00ed. Ved\u013ea t\u00fdchto dver\u00ed v\u013eavo je umiestnen\u00e1 skrinka vstupn\u00fdch zdrojov (svorkovnica) 3x400V\/50Hz vonkaj\u0161ieho zdroja alebo elektrocentr\u00e1ly EC (\u010falej len EC).<\/p>\n<p>Po \u013eavej strane vstupn\u00fdch dver\u00ed (na \u013eavej strane kontajnera) s\u00fa technologick\u00e9 dvere sl\u00fa\u017eiace pri v\u00fdmene filtrov filtroventil\u00e1cie FVZ \u2013 98 M (\u010falej len FVZ). V t\u00fdchto dver\u00e1ch (ktor\u00e9 s\u00fa za prev\u00e1dzky zatvoren\u00e9) s\u00fa umiestnen\u00e9 \u017eal\u00fazie pre vstup a v\u00fdstup vzduchu do a z FVZ.<\/p>\n<p>Pracovisk\u00e1 laborat\u00f3ria predbe\u017enej anal\u00fdzy a pr\u00edpravy vzoriek a identifika\u010dn\u00e9 laborat\u00f3rium s\u00fa oddelen\u00e9 prep\u00e1\u017ekou s vo\u013en\u00fdm prechodom medzi pracoviskami bez dverovej \u010dasti.<br \/>\n[\/et_pb_text][\/et_pb_column][\/et_pb_row][\/et_pb_section]<\/p>","protected":false},"excerpt":{"rendered":"<p>MOBLAB je prv\u00fdm z trojice mobiln\u00fdch identifika\u010dn\u00fdch prostriedkov a bude s\u00fa\u010das\u0165ou pl\u00e1novan\u00e9ho ucelen\u00e9ho kompletu vy\u0161\u0161ieho modul\u00e1rneho kompletn\u00e9ho syst\u00e9mu mobiln\u00fdch identifika\u010dn\u00fdch laborat\u00f3ri\u00ed radia\u010dnej, chemickej a biologickej ochrany (\u010falej len MILAB RCHBO). N\u00e1vrh technick\u00e9ho rie\u0161enia MOBLAB akceptuje po\u017eiadavky zad\u00e1vate\u013ea na kompatibilitu a syst\u00e9mov\u00e9 v\u00e4zby jeho za\u010dlenenia do uveden\u00e9ho vy\u0161\u0161ieho modul\u00e1rneho syst\u00e9mu. Zostava prostriedku MOBLAB pod\u013ea TD\u2010PZ predstavuje [&hellip;]<\/p>","protected":false},"author":1,"featured_media":0,"parent":0,"menu_order":0,"comment_status":"closed","ping_status":"closed","template":"","meta":{"_et_pb_use_builder":"on","_et_pb_old_content":"","_et_gb_content_width":"","inline_featured_image":false,"_monsterinsights_skip_tracking":false,"_monsterinsights_sitenote_active":false,"_monsterinsights_sitenote_note":"","_monsterinsights_sitenote_category":0,"footnotes":""},"class_list":["post-207","page","type-page","status-publish","hentry"],"yoast_head":"<!-- This site is optimized with the Yoast SEO plugin v26.1.1 - https:\/\/yoast.com\/wordpress\/plugins\/seo\/ -->\n<title>Mobiln\u00e9 laborat\u00f3ri\u00e1 - DSSI<\/title>\n<meta name=\"robots\" content=\"index, follow, max-snippet:-1, max-image-preview:large, max-video-preview:-1\" \/>\n<link rel=\"canonical\" href=\"https:\/\/dssi.sk\/en\/mobilne-laboratoria\/\" \/>\n<meta property=\"og:locale\" content=\"en_US\" \/>\n<meta property=\"og:type\" content=\"article\" \/>\n<meta property=\"og:title\" content=\"Mobiln\u00e9 laborat\u00f3ri\u00e1 - DSSI\" \/>\n<meta property=\"og:description\" content=\"MOBLAB je prv\u00fdm z trojice mobiln\u00fdch identifika\u010dn\u00fdch prostriedkov a bude s\u00fa\u010das\u0165ou pl\u00e1novan\u00e9ho ucelen\u00e9ho kompletu vy\u0161\u0161ieho modul\u00e1rneho kompletn\u00e9ho syst\u00e9mu mobiln\u00fdch identifika\u010dn\u00fdch laborat\u00f3ri\u00ed radia\u010dnej, chemickej a biologickej ochrany (\u010falej len MILAB RCHBO). N\u00e1vrh technick\u00e9ho rie\u0161enia MOBLAB akceptuje po\u017eiadavky zad\u00e1vate\u013ea na kompatibilitu a syst\u00e9mov\u00e9 v\u00e4zby jeho za\u010dlenenia do uveden\u00e9ho vy\u0161\u0161ieho modul\u00e1rneho syst\u00e9mu. Zostava prostriedku MOBLAB pod\u013ea TD\u2010PZ predstavuje [&hellip;]\" \/>\n<meta property=\"og:url\" content=\"https:\/\/dssi.sk\/en\/mobilne-laboratoria\/\" \/>\n<meta property=\"og:site_name\" content=\"DSSI\" \/>\n<meta property=\"article:modified_time\" content=\"2019-09-16T09:08:23+00:00\" \/>\n<meta property=\"og:image\" content=\"http:\/\/web.archive.org\/web\/20170321194347im_\/\/wp-content\/uploads\/2013\/01\/moblab1.jpg\" \/>\n<meta name=\"twitter:card\" content=\"summary_large_image\" \/>\n<meta name=\"twitter:label1\" content=\"Est. reading time\" \/>\n\t<meta name=\"twitter:data1\" content=\"7 minutes\" \/>\n<script type=\"application\/ld+json\" class=\"yoast-schema-graph\">{\"@context\":\"https:\/\/schema.org\",\"@graph\":[{\"@type\":\"WebPage\",\"@id\":\"https:\/\/dssi.sk\/en\/mobilne-laboratoria\/\",\"url\":\"https:\/\/dssi.sk\/en\/mobilne-laboratoria\/\",\"name\":\"Mobiln\u00e9 laborat\u00f3ri\u00e1 - DSSI\",\"isPartOf\":{\"@id\":\"https:\/\/dssi.sk\/#website\"},\"primaryImageOfPage\":{\"@id\":\"https:\/\/dssi.sk\/en\/mobilne-laboratoria\/#primaryimage\"},\"image\":{\"@id\":\"https:\/\/dssi.sk\/en\/mobilne-laboratoria\/#primaryimage\"},\"thumbnailUrl\":\"http:\/\/web.archive.org\/web\/20170321194347im_\/\/wp-content\/uploads\/2013\/01\/moblab1.jpg\",\"datePublished\":\"2019-09-16T09:06:30+00:00\",\"dateModified\":\"2019-09-16T09:08:23+00:00\",\"breadcrumb\":{\"@id\":\"https:\/\/dssi.sk\/en\/mobilne-laboratoria\/#breadcrumb\"},\"inLanguage\":\"en-US\",\"potentialAction\":[{\"@type\":\"ReadAction\",\"target\":[\"https:\/\/dssi.sk\/en\/mobilne-laboratoria\/\"]}]},{\"@type\":\"ImageObject\",\"inLanguage\":\"en-US\",\"@id\":\"https:\/\/dssi.sk\/en\/mobilne-laboratoria\/#primaryimage\",\"url\":\"http:\/\/web.archive.org\/web\/20170321194347im_\/\/wp-content\/uploads\/2013\/01\/moblab1.jpg\",\"contentUrl\":\"http:\/\/web.archive.org\/web\/20170321194347im_\/\/wp-content\/uploads\/2013\/01\/moblab1.jpg\"},{\"@type\":\"BreadcrumbList\",\"@id\":\"https:\/\/dssi.sk\/en\/mobilne-laboratoria\/#breadcrumb\",\"itemListElement\":[{\"@type\":\"ListItem\",\"position\":1,\"name\":\"Home\",\"item\":\"https:\/\/dssi.sk\/\"},{\"@type\":\"ListItem\",\"position\":2,\"name\":\"Mobiln\u00e9 laborat\u00f3ri\u00e1\"}]},{\"@type\":\"WebSite\",\"@id\":\"https:\/\/dssi.sk\/#website\",\"url\":\"https:\/\/dssi.sk\/\",\"name\":\"DSSI\",\"description\":\"Development | Services | Security | Innovations\",\"publisher\":{\"@id\":\"https:\/\/dssi.sk\/#organization\"},\"potentialAction\":[{\"@type\":\"SearchAction\",\"target\":{\"@type\":\"EntryPoint\",\"urlTemplate\":\"https:\/\/dssi.sk\/?s={search_term_string}\"},\"query-input\":{\"@type\":\"PropertyValueSpecification\",\"valueRequired\":true,\"valueName\":\"search_term_string\"}}],\"inLanguage\":\"en-US\"},{\"@type\":\"Organization\",\"@id\":\"https:\/\/dssi.sk\/#organization\",\"name\":\"DSSI a.s.\",\"url\":\"https:\/\/dssi.sk\/\",\"logo\":{\"@type\":\"ImageObject\",\"inLanguage\":\"en-US\",\"@id\":\"https:\/\/dssi.sk\/#\/schema\/logo\/image\/\",\"url\":\"https:\/\/dssi.sk\/wp-content\/uploads\/2019\/09\/logo-dssi-horizontal1.jpg\",\"contentUrl\":\"https:\/\/dssi.sk\/wp-content\/uploads\/2019\/09\/logo-dssi-horizontal1.jpg\",\"width\":520,\"height\":520,\"caption\":\"DSSI a.s.\"},\"image\":{\"@id\":\"https:\/\/dssi.sk\/#\/schema\/logo\/image\/\"}}]}<\/script>\n<!-- \/ Yoast SEO plugin. -->","yoast_head_json":{"title":"Mobiln\u00e9 laborat\u00f3ri\u00e1 - DSSI","robots":{"index":"index","follow":"follow","max-snippet":"max-snippet:-1","max-image-preview":"max-image-preview:large","max-video-preview":"max-video-preview:-1"},"canonical":"https:\/\/dssi.sk\/en\/mobilne-laboratoria\/","og_locale":"en_US","og_type":"article","og_title":"Mobiln\u00e9 laborat\u00f3ri\u00e1 - DSSI","og_description":"MOBLAB je prv\u00fdm z trojice mobiln\u00fdch identifika\u010dn\u00fdch prostriedkov a bude s\u00fa\u010das\u0165ou pl\u00e1novan\u00e9ho ucelen\u00e9ho kompletu vy\u0161\u0161ieho modul\u00e1rneho kompletn\u00e9ho syst\u00e9mu mobiln\u00fdch identifika\u010dn\u00fdch laborat\u00f3ri\u00ed radia\u010dnej, chemickej a biologickej ochrany (\u010falej len MILAB RCHBO). N\u00e1vrh technick\u00e9ho rie\u0161enia MOBLAB akceptuje po\u017eiadavky zad\u00e1vate\u013ea na kompatibilitu a syst\u00e9mov\u00e9 v\u00e4zby jeho za\u010dlenenia do uveden\u00e9ho vy\u0161\u0161ieho modul\u00e1rneho syst\u00e9mu. Zostava prostriedku MOBLAB pod\u013ea TD\u2010PZ predstavuje [&hellip;]","og_url":"https:\/\/dssi.sk\/en\/mobilne-laboratoria\/","og_site_name":"DSSI","article_modified_time":"2019-09-16T09:08:23+00:00","og_image":[{"url":"http:\/\/web.archive.org\/web\/20170321194347im_\/\/wp-content\/uploads\/2013\/01\/moblab1.jpg","type":"","width":"","height":""}],"twitter_card":"summary_large_image","twitter_misc":{"Est. reading time":"7 minutes"},"schema":{"@context":"https:\/\/schema.org","@graph":[{"@type":"WebPage","@id":"https:\/\/dssi.sk\/en\/mobilne-laboratoria\/","url":"https:\/\/dssi.sk\/en\/mobilne-laboratoria\/","name":"Mobiln\u00e9 laborat\u00f3ri\u00e1 - DSSI","isPartOf":{"@id":"https:\/\/dssi.sk\/#website"},"primaryImageOfPage":{"@id":"https:\/\/dssi.sk\/en\/mobilne-laboratoria\/#primaryimage"},"image":{"@id":"https:\/\/dssi.sk\/en\/mobilne-laboratoria\/#primaryimage"},"thumbnailUrl":"http:\/\/web.archive.org\/web\/20170321194347im_\/\/wp-content\/uploads\/2013\/01\/moblab1.jpg","datePublished":"2019-09-16T09:06:30+00:00","dateModified":"2019-09-16T09:08:23+00:00","breadcrumb":{"@id":"https:\/\/dssi.sk\/en\/mobilne-laboratoria\/#breadcrumb"},"inLanguage":"en-US","potentialAction":[{"@type":"ReadAction","target":["https:\/\/dssi.sk\/en\/mobilne-laboratoria\/"]}]},{"@type":"ImageObject","inLanguage":"en-US","@id":"https:\/\/dssi.sk\/en\/mobilne-laboratoria\/#primaryimage","url":"http:\/\/web.archive.org\/web\/20170321194347im_\/\/wp-content\/uploads\/2013\/01\/moblab1.jpg","contentUrl":"http:\/\/web.archive.org\/web\/20170321194347im_\/\/wp-content\/uploads\/2013\/01\/moblab1.jpg"},{"@type":"BreadcrumbList","@id":"https:\/\/dssi.sk\/en\/mobilne-laboratoria\/#breadcrumb","itemListElement":[{"@type":"ListItem","position":1,"name":"Home","item":"https:\/\/dssi.sk\/"},{"@type":"ListItem","position":2,"name":"Mobiln\u00e9 laborat\u00f3ri\u00e1"}]},{"@type":"WebSite","@id":"https:\/\/dssi.sk\/#website","url":"https:\/\/dssi.sk\/","name":"DSSI","description":"Development | Services | Security | Innovations","publisher":{"@id":"https:\/\/dssi.sk\/#organization"},"potentialAction":[{"@type":"SearchAction","target":{"@type":"EntryPoint","urlTemplate":"https:\/\/dssi.sk\/?s={search_term_string}"},"query-input":{"@type":"PropertyValueSpecification","valueRequired":true,"valueName":"search_term_string"}}],"inLanguage":"en-US"},{"@type":"Organization","@id":"https:\/\/dssi.sk\/#organization","name":"DSSI a.s.","url":"https:\/\/dssi.sk\/","logo":{"@type":"ImageObject","inLanguage":"en-US","@id":"https:\/\/dssi.sk\/#\/schema\/logo\/image\/","url":"https:\/\/dssi.sk\/wp-content\/uploads\/2019\/09\/logo-dssi-horizontal1.jpg","contentUrl":"https:\/\/dssi.sk\/wp-content\/uploads\/2019\/09\/logo-dssi-horizontal1.jpg","width":520,"height":520,"caption":"DSSI a.s."},"image":{"@id":"https:\/\/dssi.sk\/#\/schema\/logo\/image\/"}}]}},"_links":{"self":[{"href":"https:\/\/dssi.sk\/en\/wp-json\/wp\/v2\/pages\/207","targetHints":{"allow":["GET"]}}],"collection":[{"href":"https:\/\/dssi.sk\/en\/wp-json\/wp\/v2\/pages"}],"about":[{"href":"https:\/\/dssi.sk\/en\/wp-json\/wp\/v2\/types\/page"}],"author":[{"embeddable":true,"href":"https:\/\/dssi.sk\/en\/wp-json\/wp\/v2\/users\/1"}],"replies":[{"embeddable":true,"href":"https:\/\/dssi.sk\/en\/wp-json\/wp\/v2\/comments?post=207"}],"version-history":[{"count":2,"href":"https:\/\/dssi.sk\/en\/wp-json\/wp\/v2\/pages\/207\/revisions"}],"predecessor-version":[{"id":212,"href":"https:\/\/dssi.sk\/en\/wp-json\/wp\/v2\/pages\/207\/revisions\/212"}],"wp:attachment":[{"href":"https:\/\/dssi.sk\/en\/wp-json\/wp\/v2\/media?parent=207"}],"curies":[{"name":"wp","href":"https:\/\/api.w.org\/{rel}","templated":true}]}}