{"id":217,"date":"2019-09-16T15:14:33","date_gmt":"2019-09-16T13:14:33","guid":{"rendered":"http:\/\/dssi.h2studio.net\/?page_id=217"},"modified":"2019-09-16T15:14:33","modified_gmt":"2019-09-16T13:14:33","slug":"vozidlo-lav-4x4","status":"publish","type":"page","link":"https:\/\/dssi.sk\/en\/vozidlo-lav-4x4\/","title":{"rendered":"Vozidlo LAV 4&#215;4"},"content":{"rendered":"<p>[et_pb_section fb_built=&#8220;1&#8243; admin_label=&#8220;section&#8220; _builder_version=&#8220;3.25.4&#8243; custom_padding=&#8220;0px||&#8220;][et_pb_row custom_margin=&#8220;||&#8220; admin_label=&#8220;row&#8220; _builder_version=&#8220;3.25.4&#8243; background_size=&#8220;initial&#8220; background_position=&#8220;top_left&#8220; background_repeat=&#8220;repeat&#8220;][et_pb_column type=&#8220;4_4&#8243; _builder_version=&#8220;3.25&#8243; custom_padding=&#8220;|||&#8220; custom_padding__hover=&#8220;|||&#8220;][et_pb_text _builder_version=&#8220;3.25.4&#8243; _dynamic_attributes=&#8220;content&#8220; text_font=&#8220;|||on|||||&#8220; text_text_align=&#8220;center&#8220; text_font_size=&#8220;30px&#8220; link_font=&#8220;||||||||&#8220; ul_font=&#8220;||||||||&#8220; ol_font=&#8220;||||||||&#8220; quote_font=&#8220;||||||||&#8220; header_font=&#8220;||||||||&#8220; header_2_font=&#8220;||||||||&#8220; background_color=&#8220;rgba(0,0,0,0)&#8220; width=&#8220;100%&#8220; max_width=&#8220;100%&#8220;]@ET-DC@eyJkeW5hbWljIjp0cnVlLCJjb250ZW50IjoicG9zdF90aXRsZSIsInNldHRpbmdzIjp7ImJlZm9yZSI6IiIsImFmdGVyIjoiIn19@[\/et_pb_text][et_pb_text admin_label=&#8220;Text&#8220; _builder_version=&#8220;3.25.4&#8243; background_size=&#8220;initial&#8220; background_position=&#8220;top_left&#8220; background_repeat=&#8220;repeat&#8220;]<\/p>\n<p><img loading=\"lazy\" decoding=\"async\" class=\"aligncenter size-full wp-image-409\" title=\"lav1\" src=\"http:\/\/web.archive.org\/web\/20170321194343im_\/\/wp-content\/uploads\/2013\/01\/lav1.jpg\" alt=\"\" width=\"658\" height=\"329\" \/><\/p>\n<h2><strong>\u0160PECIFI<\/strong><strong>K<\/strong><strong>\u00c1CI<\/strong><strong>A VOZIDLA<\/strong><\/h2>\n<blockquote>\n<ul>\n<li>Ter\u00e9nny 4-kolesov\u00fd automobil ur\u010den\u00fd na \u0161ir\u0161ie vyu\u017eitie v n\u00e1ro\u010dn\u00fdch ter\u00e9nnych a klimatick\u00fdch podmienkach<\/li>\n<li>Viac\u00fa\u010delov\u00e9 ter\u00e9nne vozidlo s modul\u00e1rnou koncepciou vo vyhotoven\u00ed pre tieto odvetvia:\u00a0Ozbrojen\u00e9 zlo\u017eky,\u00a0Civiln\u00fd sektor<\/li>\n<li>Ochrana pos\u00e1dky pred pou\u017eit\u00edm najpou\u017e\u00edvanej\u0161\u00edch ru\u010dn\u00fdch streln\u00fdch zbran\u00ed a gran\u00e1tov \/ m\u00edn. Vzh\u013eadom na pr\u00edtomnos\u0165 panciera sa po\u010d\u00edta s vy\u0161\u0161ou hmotnos\u0165ou vozidla.<\/li>\n<li>Verzia bez balistickej ochrany m\u00e1 ni\u017e\u0161iu celkov\u00fa hmotnos\u0165.<\/li>\n<\/ul>\n<\/blockquote>\n<div>\n<h2><strong>KON\u0160TRUKCIA<\/strong><\/h2>\n<blockquote>\n<ul>\n<li>modul\u00e1rna stavba jednotliv\u00fdch komponentov (agreg\u00e1tov a celkov) (obr. 1)<\/li>\n<li>jednoduch\u00e1 mont\u00e1\u017e a demont\u00e1\u017e jednotliv\u00fdch komponentov<\/li>\n<li>technologick\u00e1 jednoduchos\u0165<\/li>\n<\/ul>\n<\/blockquote>\n<div>\n<p><img loading=\"lazy\" decoding=\"async\" class=\"aligncenter size-full wp-image-410\" title=\"lav2\" src=\"http:\/\/web.archive.org\/web\/20170321194343im_\/\/wp-content\/uploads\/2013\/01\/lav2.jpg\" alt=\"\" width=\"696\" height=\"444\" \/><\/p>\n<h2><strong>BEZPE\u010cNOS\u0164 POS\u00c1DKY<\/strong><\/h2>\n<blockquote>\n<ul>\n<li>ochrana pos\u00e1dky v kab\u00edne vozidla (nie agreg\u00e1tov a n\u00e1kladu)<\/li>\n<li>odolnos\u0165 vo\u010di kalibru 7.62 x 51 SC vzh\u013eadom na \u0161tandard NATO a proti \u010drepin\u00e1m m\u00edn, gran\u00e1tov a n\u00e1stra\u017en\u00fdch syst\u00e9mov na \u00farovni 1. stup\u0148a protim\u00ednovej ochrany pod\u013ea \u0161tandardu STANAG 4569<\/li>\n<li>mo\u017enos\u0165 pou\u017ei\u0165 pr\u00eddavn\u00fd pancier pre zv\u00fd\u0161enie na 2. pr\u00edp. 3. stupe\u0148<\/li>\n<\/ul>\n<\/blockquote>\n<\/div>\n<div>\n<h2><strong>PARAMETRE VOZIDLA<\/strong><\/h2>\n<table border=\"1\" cellspacing=\"0\" cellpadding=\"0\">\n<tbody>\n<tr>\n<td colspan=\"3\" valign=\"top\" width=\"221\"><\/td>\n<td valign=\"top\" width=\"114\">\u017eiadan\u00e9<\/td>\n<\/tr>\n<tr>\n<td rowspan=\"3\" valign=\"top\" width=\"107\">\n<p>&nbsp;<\/p>\n<p>rozmery<\/p>\n<\/td>\n<td valign=\"top\" width=\"51\">d\u013a\u017eka<\/td>\n<td valign=\"top\" width=\"64\">mm<\/td>\n<td valign=\"top\" width=\"114\">4900<\/td>\n<\/tr>\n<tr>\n<td valign=\"top\" width=\"51\">\u0161\u00edrka<\/td>\n<td valign=\"top\" width=\"64\">mm<\/td>\n<td valign=\"top\" width=\"114\">2300<\/td>\n<\/tr>\n<tr>\n<td valign=\"top\" width=\"51\">v\u00fd\u0161ka<\/td>\n<td valign=\"top\" width=\"64\">mm<\/td>\n<td valign=\"top\" width=\"114\">2100<\/td>\n<\/tr>\n<tr>\n<td colspan=\"2\" valign=\"top\" width=\"158\">svetl\u00e1 v\u00fd\u0161ka<\/td>\n<td valign=\"top\" width=\"64\">mm<\/td>\n<td valign=\"top\" width=\"114\">330<\/td>\n<\/tr>\n<tr>\n<td colspan=\"2\" valign=\"top\" width=\"157\">pohotovostn\u00e1 hmotnos\u0165<\/td>\n<td valign=\"top\" width=\"64\">\n<p align=\"center\">kg<\/p>\n<\/td>\n<td valign=\"top\" width=\"115\"><\/td>\n<\/tr>\n<tr>\n<td colspan=\"2\" valign=\"top\" width=\"157\">nosnos\u0165<\/td>\n<td valign=\"top\" width=\"64\">\n<p align=\"center\">kg<\/p>\n<\/td>\n<td valign=\"top\" width=\"115\">\n<p align=\"center\">1000<\/p>\n<\/td>\n<\/tr>\n<tr>\n<td colspan=\"2\" valign=\"top\" width=\"157\">celkov\u00e1 hmotnos\u0165<\/td>\n<td valign=\"top\" width=\"64\">\n<p align=\"center\">kg<\/p>\n<\/td>\n<td valign=\"top\" width=\"115\">\n<p align=\"center\">4900<\/p>\n<\/td>\n<\/tr>\n<tr>\n<td colspan=\"2\" valign=\"top\" width=\"157\">max. r\u00fdchlos\u0165<\/td>\n<td valign=\"top\" width=\"64\">km\/h<\/td>\n<td valign=\"top\" width=\"115\">\n<p align=\"center\">162<\/p>\n<\/td>\n<\/tr>\n<tr>\n<td colspan=\"2\" valign=\"top\" width=\"157\">zr\u00fdchlenie 0\u2010100km\/h<\/td>\n<td valign=\"top\" width=\"64\">\n<p align=\"center\">s<\/p>\n<\/td>\n<td valign=\"top\" width=\"115\">\n<p align=\"center\">&lt; 20<\/p>\n<\/td>\n<\/tr>\n<tr>\n<td rowspan=\"2\" valign=\"top\" width=\"107\">n\u00e1jazdov\u00e9 uhly<\/td>\n<td valign=\"top\" width=\"50\">predn\u00fd<\/td>\n<td valign=\"top\" width=\"64\">\n<p align=\"center\">\u00b0<\/p>\n<\/td>\n<td valign=\"top\" width=\"115\">\n<p align=\"center\">47<\/p>\n<\/td>\n<\/tr>\n<tr>\n<td valign=\"top\" width=\"50\">zadn\u00fd<\/td>\n<td valign=\"top\" width=\"64\">\n<p align=\"center\">\u00b0<\/p>\n<\/td>\n<td valign=\"top\" width=\"115\">\n<p align=\"center\">42<\/p>\n<\/td>\n<\/tr>\n<tr>\n<td colspan=\"2\" valign=\"top\" width=\"157\">prejazdov\u00fd uhol<\/td>\n<td valign=\"top\" width=\"64\">\n<p align=\"center\">\u00b0<\/p>\n<\/td>\n<td valign=\"top\" width=\"115\">\n<p align=\"center\">29<\/p>\n<\/td>\n<\/tr>\n<tr>\n<td colspan=\"2\" valign=\"top\" width=\"157\">brodenie<\/td>\n<td valign=\"top\" width=\"64\">mm<\/td>\n<td valign=\"top\" width=\"115\">\n<p align=\"center\">1000<\/p>\n<\/td>\n<\/tr>\n<tr>\n<td colspan=\"2\" valign=\"top\" width=\"157\">kolm\u00fd stupe\u0148<\/td>\n<td valign=\"top\" width=\"64\">mm<\/td>\n<td valign=\"top\" width=\"115\">\n<p align=\"center\">500<\/p>\n<\/td>\n<\/tr>\n<tr>\n<td colspan=\"2\" valign=\"top\" width=\"157\">bo\u010dn\u00fd n\u00e1klon<\/td>\n<td valign=\"top\" width=\"64\">\n<p align=\"center\">\u00b0<\/p>\n<\/td>\n<td valign=\"top\" width=\"115\">\n<p align=\"center\">30<\/p>\n<\/td>\n<\/tr>\n<tr>\n<td colspan=\"2\" valign=\"top\" width=\"157\">zavesenie kolies<\/td>\n<td valign=\"top\" width=\"64\"><\/td>\n<td valign=\"top\" width=\"115\">nez\u00e1visl\u00e9<\/td>\n<\/tr>\n<tr>\n<td colspan=\"2\" valign=\"top\" width=\"157\">pru\u017eenie<\/td>\n<td valign=\"top\" width=\"64\"><\/td>\n<td valign=\"top\" width=\"115\">vinut\u00e9 pru\u017einy<\/td>\n<\/tr>\n<tr>\n<td colspan=\"2\" valign=\"top\" width=\"157\">brzdy<\/td>\n<td valign=\"top\" width=\"64\"><\/td>\n<td valign=\"top\" width=\"115\">kot\u00fa\u010dov\u00e9, ABS<\/td>\n<\/tr>\n<tr>\n<td colspan=\"2\" valign=\"top\" width=\"157\">v\u00fdkon motora<\/td>\n<td valign=\"top\" width=\"64\">kW \/ rpm<\/td>\n<td valign=\"top\" width=\"115\">176 \/ 4000\u20104400<\/td>\n<\/tr>\n<tr>\n<td colspan=\"2\" valign=\"top\" width=\"157\">kr\u00fatiaci moment motora<\/td>\n<td valign=\"top\" width=\"64\">Nm \/ rpm<\/td>\n<td valign=\"top\" width=\"115\">550 \/ 2000\u20102750<\/td>\n<\/tr>\n<tr>\n<td colspan=\"2\" valign=\"top\" width=\"157\">prevodovka<\/td>\n<td valign=\"top\" width=\"64\"><\/td>\n<td valign=\"top\" width=\"115\">6\u2010stup\u0148ov\u00e1automatick\u00e1<\/td>\n<\/tr>\n<tr>\n<td colspan=\"2\" valign=\"top\" width=\"157\">dojazd vozidla na ceste<\/td>\n<td valign=\"top\" width=\"64\">\n<p align=\"center\">km<\/p>\n<\/td>\n<td valign=\"top\" width=\"115\">600 (pri priemernejr\u00fdchlosti 90 km\/h)<\/td>\n<\/tr>\n<tr>\n<td colspan=\"2\" valign=\"top\" width=\"157\">\n<p>&nbsp;<\/p>\n<p>balistick\u00e1 ochrana<\/p>\n<\/td>\n<td valign=\"top\" width=\"64\"><\/td>\n<td valign=\"top\" width=\"115\">\n<p align=\"center\">STANAG 1 s<\/p>\n<p>mo\u017enos\u0165ou zv\u00fd\u0161enia stup\u0148a ochrany pr\u00eddavn\u00fdm pancierom<\/p>\n<\/td>\n<\/tr>\n<tr>\n<td colspan=\"2\" valign=\"top\" width=\"157\">po\u010det os\u00f4b<\/td>\n<td valign=\"top\" width=\"64\"><\/td>\n<td valign=\"top\" width=\"115\">5 (pr\u00edp. 7)<\/td>\n<\/tr>\n<tr>\n<td colspan=\"2\" valign=\"top\" width=\"157\">palivov\u00e1 n\u00e1dr\u017e<\/td>\n<td valign=\"top\" width=\"64\">\n<p align=\"center\">l<\/p>\n<\/td>\n<td valign=\"top\" width=\"115\">\n<p align=\"center\">100<\/p>\n<\/td>\n<\/tr>\n<tr>\n<td colspan=\"2\" valign=\"top\" width=\"157\">palivo<\/td>\n<td valign=\"top\" width=\"64\"><\/td>\n<td valign=\"top\" width=\"115\">motorov\u00e1 nafta<\/td>\n<\/tr>\n<\/tbody>\n<\/table>\n<p>&nbsp;<\/p>\n<h2><strong>TVAR A ROZMERY VOZIDLA<\/strong><\/h2>\n<p>Tvar vozidla (obr. 2, 3, 4) poskytuje ve\u013ek\u00fd vn\u00fatorn\u00fd priestor zabezpe\u010duj\u00faci nad\u0161tandardn\u00fd komfort v\u0161etk\u00fdm piatim \u010dlenom pos\u00e1dky a dostatok priestoru pre n\u00e1klad (v zadnej \u010dasti). D\u00f4raz je kladen\u00fd na balistick\u00fa ochranu, \u010domu je prisp\u00f4soben\u00e9 tvarovanie niektor\u00fdch d\u00f4le\u017eit\u00fdch \u010dast\u00ed \u2013 napr. podlaha v tvare p\u00edsmena \u201eV\u201c zmier\u0148uj\u00faca \u00fa\u010dinky v\u00fdbuchu m\u00edn. Z\u00e1rove\u0148 sa uplatnila technol\u00f3gia Stealth pre \u010do najmen\u0161iu odhalite\u013enos\u0165 vozidla. Pri tom v\u0161etkom dizajn re\u0161pektuje aerodynamiku. Kon\u0161trukcia po\u010d\u00edta aj s n\u00e1razov\u00fdmi sk\u00fa\u0161kami (crash-testy), preto je podvozok koncipovan\u00fd na programovan\u00e9 smerovanie n\u00e1razovej energie.<\/p>\n<p>Po\u010d\u00edta sa aj s in\u00fdmi prevedeniami karos\u00e9rie \u2013 napr. sanitka (obr. 5), 7-miestna verzia alebo 2-miestny pick-up so zv\u00e4\u010d\u0161enou n\u00e1kladovou plochou.<\/p>\n<p><img loading=\"lazy\" decoding=\"async\" class=\"aligncenter size-full wp-image-411\" title=\"lav3\" src=\"http:\/\/web.archive.org\/web\/20170321194343im_\/\/wp-content\/uploads\/2013\/01\/lav3.jpg\" alt=\"\" width=\"632\" height=\"634\" \/><br \/> <img loading=\"lazy\" decoding=\"async\" class=\"aligncenter size-full wp-image-412\" title=\"lav4\" src=\"http:\/\/web.archive.org\/web\/20170321194343im_\/\/wp-content\/uploads\/2013\/01\/lav4.jpg\" alt=\"\" width=\"670\" height=\"363\" \/><\/p>\n<h2><strong>Z\u00c1VER<\/strong><\/h2>\n<p>N\u00e1vrh vozidla LAV 4\u00d74 po\u010d\u00edta s prim\u00e1rnym ur\u010den\u00edm vozidla ako prepravn\u00fd prostriedok pre men\u0161iu (5- a\u017e 7-\u010dlenn\u00fa) jednotku cez miesta, kde hroz\u00ed \u00fatok nepriate\u013ea. Balistick\u00e1 ochrana sa predpoklad\u00e1 v zmysle svetov\u00fdch trendov na \u00farovni 1 pod\u013ea normy STANAG 4569, pri\u010dom v pr\u00edpade predpokladan\u00e9ho v\u00e4\u010d\u0161ieho ohrozenia je mo\u017en\u00e9 na vozidlo dodato\u010dne (nast\u00e1lo, ale i operat\u00edvne) namontova\u0165 dodato\u010dn\u00fd pancier pre \u00farove\u0148 2 pr\u00edpadne 3.<\/p>\n<p>Kon\u0161trukcia je modul\u00e1rna, \u010do umo\u017en\u00ed r\u00fdchlu v\u00fdmenu po\u0161koden\u00e9ho dielu \u2013 d\u00f4raz bol kladen\u00fd na \u010do naj\u013eah\u0161iu mont\u00e1\u017e \/ demont\u00e1\u017e. Z\u00e1rove\u0148 bol kladen\u00fd d\u00f4raz na n\u00e1razov\u00fa bezpe\u010dnos\u0165, aerodynamiku a pri n\u00e1vrhu sa uplatnili princ\u00edpy \u201eStealth\u201c.<\/p>\n<p>Prejazdov\u00e9 vlastnosti v ter\u00e9ne s\u00fa na ve\u013emi dobrej \u00farovni v\u010faka ve\u013ek\u00fdm n\u00e1jazdov\u00fdm uhlom, ve\u013ekej svetlej v\u00fd\u0161ke a celkovej koncepcii.<\/p>\n<p>Vozidlo je r\u00fdchle \u2013 na spevnenom povrchu dosahuje max. r\u00fdchlos\u0165 cca 162 km\/h a v\u00fdkonn\u00e1 hnacia jednotka (176 kW) zabezpe\u010duje nadpriemern\u00fa dynamiku jazdy so s\u00fa\u010dasn\u00fdm plnen\u00edm emisn\u00fdch limitov pod\u013ea normy EURO 5.<\/p>\n<\/div>\n<\/div>\n<p>[\/et_pb_text][\/et_pb_column][\/et_pb_row][\/et_pb_section]<\/p>","protected":false},"excerpt":{"rendered":"<p>\u0160PECIFIK\u00c1CIA VOZIDLA Ter\u00e9nny 4-kolesov\u00fd automobil ur\u010den\u00fd na \u0161ir\u0161ie vyu\u017eitie v n\u00e1ro\u010dn\u00fdch ter\u00e9nnych a klimatick\u00fdch podmienkach Viac\u00fa\u010delov\u00e9 ter\u00e9nne vozidlo s modul\u00e1rnou koncepciou vo vyhotoven\u00ed pre tieto odvetvia:\u00a0Ozbrojen\u00e9 zlo\u017eky,\u00a0Civiln\u00fd sektor Ochrana pos\u00e1dky pred pou\u017eit\u00edm najpou\u017e\u00edvanej\u0161\u00edch ru\u010dn\u00fdch streln\u00fdch zbran\u00ed a gran\u00e1tov \/ m\u00edn. Vzh\u013eadom na pr\u00edtomnos\u0165 panciera sa po\u010d\u00edta s vy\u0161\u0161ou hmotnos\u0165ou vozidla. Verzia bez balistickej ochrany m\u00e1 [&hellip;]<\/p>","protected":false},"author":1,"featured_media":0,"parent":0,"menu_order":0,"comment_status":"closed","ping_status":"closed","template":"","meta":{"_et_pb_use_builder":"on","_et_pb_old_content":"","_et_gb_content_width":"","inline_featured_image":false,"_monsterinsights_skip_tracking":false,"_monsterinsights_sitenote_active":false,"_monsterinsights_sitenote_note":"","_monsterinsights_sitenote_category":0,"footnotes":""},"class_list":["post-217","page","type-page","status-publish","hentry"],"yoast_head":"<!-- This site is optimized with the Yoast SEO plugin v26.1.1 - https:\/\/yoast.com\/wordpress\/plugins\/seo\/ -->\n<title>Vozidlo LAV 4x4 - DSSI<\/title>\n<meta name=\"robots\" content=\"index, follow, max-snippet:-1, max-image-preview:large, max-video-preview:-1\" \/>\n<link rel=\"canonical\" href=\"https:\/\/dssi.sk\/en\/vozidlo-lav-4x4\/\" \/>\n<meta property=\"og:locale\" content=\"en_US\" \/>\n<meta property=\"og:type\" content=\"article\" \/>\n<meta property=\"og:title\" content=\"Vozidlo LAV 4x4 - DSSI\" \/>\n<meta property=\"og:description\" content=\"\u0160PECIFIK\u00c1CIA VOZIDLA Ter\u00e9nny 4-kolesov\u00fd automobil ur\u010den\u00fd na \u0161ir\u0161ie vyu\u017eitie v n\u00e1ro\u010dn\u00fdch ter\u00e9nnych a klimatick\u00fdch podmienkach Viac\u00fa\u010delov\u00e9 ter\u00e9nne vozidlo s modul\u00e1rnou koncepciou vo vyhotoven\u00ed pre tieto odvetvia:\u00a0Ozbrojen\u00e9 zlo\u017eky,\u00a0Civiln\u00fd sektor Ochrana pos\u00e1dky pred pou\u017eit\u00edm najpou\u017e\u00edvanej\u0161\u00edch ru\u010dn\u00fdch streln\u00fdch zbran\u00ed a gran\u00e1tov \/ m\u00edn. Vzh\u013eadom na pr\u00edtomnos\u0165 panciera sa po\u010d\u00edta s vy\u0161\u0161ou hmotnos\u0165ou vozidla. Verzia bez balistickej ochrany m\u00e1 [&hellip;]\" \/>\n<meta property=\"og:url\" content=\"https:\/\/dssi.sk\/en\/vozidlo-lav-4x4\/\" \/>\n<meta property=\"og:site_name\" content=\"DSSI\" \/>\n<meta property=\"og:image\" content=\"http:\/\/web.archive.org\/web\/20170321194343im_\/\/wp-content\/uploads\/2013\/01\/lav1.jpg\" \/>\n<meta name=\"twitter:card\" content=\"summary_large_image\" \/>\n<meta name=\"twitter:label1\" content=\"Est. reading time\" \/>\n\t<meta name=\"twitter:data1\" content=\"4 minutes\" \/>\n<script type=\"application\/ld+json\" class=\"yoast-schema-graph\">{\"@context\":\"https:\/\/schema.org\",\"@graph\":[{\"@type\":\"WebPage\",\"@id\":\"https:\/\/dssi.sk\/vozidlo-lav-4x4\/\",\"url\":\"https:\/\/dssi.sk\/vozidlo-lav-4x4\/\",\"name\":\"Vozidlo LAV 4x4 - DSSI\",\"isPartOf\":{\"@id\":\"https:\/\/dssi.sk\/#website\"},\"primaryImageOfPage\":{\"@id\":\"https:\/\/dssi.sk\/vozidlo-lav-4x4\/#primaryimage\"},\"image\":{\"@id\":\"https:\/\/dssi.sk\/vozidlo-lav-4x4\/#primaryimage\"},\"thumbnailUrl\":\"http:\/\/web.archive.org\/web\/20170321194343im_\/\/wp-content\/uploads\/2013\/01\/lav1.jpg\",\"datePublished\":\"2019-09-16T13:14:33+00:00\",\"breadcrumb\":{\"@id\":\"https:\/\/dssi.sk\/vozidlo-lav-4x4\/#breadcrumb\"},\"inLanguage\":\"en-US\",\"potentialAction\":[{\"@type\":\"ReadAction\",\"target\":[\"https:\/\/dssi.sk\/vozidlo-lav-4x4\/\"]}]},{\"@type\":\"ImageObject\",\"inLanguage\":\"en-US\",\"@id\":\"https:\/\/dssi.sk\/vozidlo-lav-4x4\/#primaryimage\",\"url\":\"http:\/\/web.archive.org\/web\/20170321194343im_\/\/wp-content\/uploads\/2013\/01\/lav1.jpg\",\"contentUrl\":\"http:\/\/web.archive.org\/web\/20170321194343im_\/\/wp-content\/uploads\/2013\/01\/lav1.jpg\"},{\"@type\":\"BreadcrumbList\",\"@id\":\"https:\/\/dssi.sk\/vozidlo-lav-4x4\/#breadcrumb\",\"itemListElement\":[{\"@type\":\"ListItem\",\"position\":1,\"name\":\"Home\",\"item\":\"https:\/\/dssi.sk\/\"},{\"@type\":\"ListItem\",\"position\":2,\"name\":\"Vozidlo LAV 4&#215;4\"}]},{\"@type\":\"WebSite\",\"@id\":\"https:\/\/dssi.sk\/#website\",\"url\":\"https:\/\/dssi.sk\/\",\"name\":\"DSSI\",\"description\":\"Development | Services | Security | Innovations\",\"publisher\":{\"@id\":\"https:\/\/dssi.sk\/#organization\"},\"potentialAction\":[{\"@type\":\"SearchAction\",\"target\":{\"@type\":\"EntryPoint\",\"urlTemplate\":\"https:\/\/dssi.sk\/?s={search_term_string}\"},\"query-input\":{\"@type\":\"PropertyValueSpecification\",\"valueRequired\":true,\"valueName\":\"search_term_string\"}}],\"inLanguage\":\"en-US\"},{\"@type\":\"Organization\",\"@id\":\"https:\/\/dssi.sk\/#organization\",\"name\":\"DSSI a.s.\",\"url\":\"https:\/\/dssi.sk\/\",\"logo\":{\"@type\":\"ImageObject\",\"inLanguage\":\"en-US\",\"@id\":\"https:\/\/dssi.sk\/#\/schema\/logo\/image\/\",\"url\":\"https:\/\/dssi.sk\/wp-content\/uploads\/2019\/09\/logo-dssi-horizontal1.jpg\",\"contentUrl\":\"https:\/\/dssi.sk\/wp-content\/uploads\/2019\/09\/logo-dssi-horizontal1.jpg\",\"width\":520,\"height\":520,\"caption\":\"DSSI a.s.\"},\"image\":{\"@id\":\"https:\/\/dssi.sk\/#\/schema\/logo\/image\/\"}}]}<\/script>\n<!-- \/ Yoast SEO plugin. -->","yoast_head_json":{"title":"Vozidlo LAV 4x4 - DSSI","robots":{"index":"index","follow":"follow","max-snippet":"max-snippet:-1","max-image-preview":"max-image-preview:large","max-video-preview":"max-video-preview:-1"},"canonical":"https:\/\/dssi.sk\/en\/vozidlo-lav-4x4\/","og_locale":"en_US","og_type":"article","og_title":"Vozidlo LAV 4x4 - DSSI","og_description":"\u0160PECIFIK\u00c1CIA VOZIDLA Ter\u00e9nny 4-kolesov\u00fd automobil ur\u010den\u00fd na \u0161ir\u0161ie vyu\u017eitie v n\u00e1ro\u010dn\u00fdch ter\u00e9nnych a klimatick\u00fdch podmienkach Viac\u00fa\u010delov\u00e9 ter\u00e9nne vozidlo s modul\u00e1rnou koncepciou vo vyhotoven\u00ed pre tieto odvetvia:\u00a0Ozbrojen\u00e9 zlo\u017eky,\u00a0Civiln\u00fd sektor Ochrana pos\u00e1dky pred pou\u017eit\u00edm najpou\u017e\u00edvanej\u0161\u00edch ru\u010dn\u00fdch streln\u00fdch zbran\u00ed a gran\u00e1tov \/ m\u00edn. Vzh\u013eadom na pr\u00edtomnos\u0165 panciera sa po\u010d\u00edta s vy\u0161\u0161ou hmotnos\u0165ou vozidla. Verzia bez balistickej ochrany m\u00e1 [&hellip;]","og_url":"https:\/\/dssi.sk\/en\/vozidlo-lav-4x4\/","og_site_name":"DSSI","og_image":[{"url":"http:\/\/web.archive.org\/web\/20170321194343im_\/\/wp-content\/uploads\/2013\/01\/lav1.jpg","type":"","width":"","height":""}],"twitter_card":"summary_large_image","twitter_misc":{"Est. reading time":"4 minutes"},"schema":{"@context":"https:\/\/schema.org","@graph":[{"@type":"WebPage","@id":"https:\/\/dssi.sk\/vozidlo-lav-4x4\/","url":"https:\/\/dssi.sk\/vozidlo-lav-4x4\/","name":"Vozidlo LAV 4x4 - DSSI","isPartOf":{"@id":"https:\/\/dssi.sk\/#website"},"primaryImageOfPage":{"@id":"https:\/\/dssi.sk\/vozidlo-lav-4x4\/#primaryimage"},"image":{"@id":"https:\/\/dssi.sk\/vozidlo-lav-4x4\/#primaryimage"},"thumbnailUrl":"http:\/\/web.archive.org\/web\/20170321194343im_\/\/wp-content\/uploads\/2013\/01\/lav1.jpg","datePublished":"2019-09-16T13:14:33+00:00","breadcrumb":{"@id":"https:\/\/dssi.sk\/vozidlo-lav-4x4\/#breadcrumb"},"inLanguage":"en-US","potentialAction":[{"@type":"ReadAction","target":["https:\/\/dssi.sk\/vozidlo-lav-4x4\/"]}]},{"@type":"ImageObject","inLanguage":"en-US","@id":"https:\/\/dssi.sk\/vozidlo-lav-4x4\/#primaryimage","url":"http:\/\/web.archive.org\/web\/20170321194343im_\/\/wp-content\/uploads\/2013\/01\/lav1.jpg","contentUrl":"http:\/\/web.archive.org\/web\/20170321194343im_\/\/wp-content\/uploads\/2013\/01\/lav1.jpg"},{"@type":"BreadcrumbList","@id":"https:\/\/dssi.sk\/vozidlo-lav-4x4\/#breadcrumb","itemListElement":[{"@type":"ListItem","position":1,"name":"Home","item":"https:\/\/dssi.sk\/"},{"@type":"ListItem","position":2,"name":"Vozidlo LAV 4&#215;4"}]},{"@type":"WebSite","@id":"https:\/\/dssi.sk\/#website","url":"https:\/\/dssi.sk\/","name":"DSSI","description":"Development | Services | Security | Innovations","publisher":{"@id":"https:\/\/dssi.sk\/#organization"},"potentialAction":[{"@type":"SearchAction","target":{"@type":"EntryPoint","urlTemplate":"https:\/\/dssi.sk\/?s={search_term_string}"},"query-input":{"@type":"PropertyValueSpecification","valueRequired":true,"valueName":"search_term_string"}}],"inLanguage":"en-US"},{"@type":"Organization","@id":"https:\/\/dssi.sk\/#organization","name":"DSSI a.s.","url":"https:\/\/dssi.sk\/","logo":{"@type":"ImageObject","inLanguage":"en-US","@id":"https:\/\/dssi.sk\/#\/schema\/logo\/image\/","url":"https:\/\/dssi.sk\/wp-content\/uploads\/2019\/09\/logo-dssi-horizontal1.jpg","contentUrl":"https:\/\/dssi.sk\/wp-content\/uploads\/2019\/09\/logo-dssi-horizontal1.jpg","width":520,"height":520,"caption":"DSSI a.s."},"image":{"@id":"https:\/\/dssi.sk\/#\/schema\/logo\/image\/"}}]}},"_links":{"self":[{"href":"https:\/\/dssi.sk\/en\/wp-json\/wp\/v2\/pages\/217","targetHints":{"allow":["GET"]}}],"collection":[{"href":"https:\/\/dssi.sk\/en\/wp-json\/wp\/v2\/pages"}],"about":[{"href":"https:\/\/dssi.sk\/en\/wp-json\/wp\/v2\/types\/page"}],"author":[{"embeddable":true,"href":"https:\/\/dssi.sk\/en\/wp-json\/wp\/v2\/users\/1"}],"replies":[{"embeddable":true,"href":"https:\/\/dssi.sk\/en\/wp-json\/wp\/v2\/comments?post=217"}],"version-history":[{"count":2,"href":"https:\/\/dssi.sk\/en\/wp-json\/wp\/v2\/pages\/217\/revisions"}],"predecessor-version":[{"id":222,"href":"https:\/\/dssi.sk\/en\/wp-json\/wp\/v2\/pages\/217\/revisions\/222"}],"wp:attachment":[{"href":"https:\/\/dssi.sk\/en\/wp-json\/wp\/v2\/media?parent=217"}],"curies":[{"name":"wp","href":"https:\/\/api.w.org\/{rel}","templated":true}]}}