{"id":226,"date":"2019-09-16T15:20:41","date_gmt":"2019-09-16T13:20:41","guid":{"rendered":"http:\/\/dssi.h2studio.net\/?page_id=226"},"modified":"2019-09-16T15:20:41","modified_gmt":"2019-09-16T13:20:41","slug":"koncepcia-vednej-a-technickej-politiky-ministerstva-obrany-slovenskej-republiky","status":"publish","type":"page","link":"https:\/\/dssi.sk\/en\/koncepcia-vednej-a-technickej-politiky-ministerstva-obrany-slovenskej-republiky\/","title":{"rendered":"Koncepcia vednej a technickej politiky Ministerstva obrany Slovenskej republiky"},"content":{"rendered":"<p>[et_pb_section fb_built=&#8220;1&#8243; admin_label=&#8220;section&#8220; _builder_version=&#8220;3.25.4&#8243; custom_padding=&#8220;0px||&#8220;][et_pb_row custom_margin=&#8220;||&#8220; admin_label=&#8220;row&#8220; _builder_version=&#8220;3.25.4&#8243; background_size=&#8220;initial&#8220; background_position=&#8220;top_left&#8220; background_repeat=&#8220;repeat&#8220;][et_pb_column type=&#8220;4_4&#8243; _builder_version=&#8220;3.25&#8243; custom_padding=&#8220;|||&#8220; custom_padding__hover=&#8220;|||&#8220;][et_pb_text _builder_version=&#8220;3.25.4&#8243; _dynamic_attributes=&#8220;content&#8220; text_font=&#8220;|||on|||||&#8220; text_text_align=&#8220;center&#8220; text_font_size=&#8220;30px&#8220; link_font=&#8220;||||||||&#8220; ul_font=&#8220;||||||||&#8220; ol_font=&#8220;||||||||&#8220; quote_font=&#8220;||||||||&#8220; header_font=&#8220;||||||||&#8220; header_2_font=&#8220;||||||||&#8220; background_color=&#8220;rgba(0,0,0,0)&#8220; width=&#8220;100%&#8220; max_width=&#8220;100%&#8220;]@ET-DC@eyJkeW5hbWljIjp0cnVlLCJjb250ZW50IjoicG9zdF90aXRsZSIsInNldHRpbmdzIjp7ImJlZm9yZSI6IiIsImFmdGVyIjoiIn19@[\/et_pb_text][et_pb_text admin_label=&#8220;Text&#8220; _builder_version=&#8220;3.25.4&#8243; background_size=&#8220;initial&#8220; background_position=&#8220;top_left&#8220; background_repeat=&#8220;repeat&#8220;]<\/p>\n<p>Materi\u00e1l predmetnej koncepcie analyzuje s\u00fa\u010dasn\u00fd stav vo v\u00fdskumno-v\u00fdvojovej z\u00e1kladni rezortu Ministerstva obrany Slovenskej republiky. Koncepcia reaguje i\u00a0na probl\u00e9my spojen\u00e9 s\u00a0prestavbou a moderniz\u00e1ciou ozbrojen\u00fdch s\u00edl Slovenskej republiky po vstupe\u00a0 do NATO.<strong><\/strong><\/p>\n<p>Smerovanie vojenskej vedy a\u00a0techniky na technologicky vyspel\u00e9 a\u00a0modern\u00e9 syst\u00e9my je \u00fazko spojen\u00e9 so zvy\u0161ovan\u00edm odbornej kvalifik\u00e1cie v\u0161etk\u00fdch vojensk\u00fdch profesion\u00e1lov. V\u00a0oblastiach v\u00a0ktor\u00fdch veda technika v\u00a0ozbrojen\u00fdch sil\u00e1ch SR nie je na dostato\u010dnej \u00farovni je potrebn\u00e9 ur\u00fdchlene rie\u0161i\u0165 spolupr\u00e1cu s\u00a0vybran\u00fdmi \u010dlensk\u00fdmi \u0161t\u00e1tmi NATO a\u00a0E\u00da.<\/p>\n<p>Nach\u00e1dzame sa v\u00a0situ\u00e1cii kedy v\u00fdskum obrany a\u00a0bezpe\u010dnosti \u0161t\u00e1tu vy\u017eaduje h\u013eada\u0165\u00a0 priestor a\u00a0mo\u017enosti pre efekt\u00edvne vyu\u017eitie civilnej vedy a\u00a0v\u00fdskumu a\u00a0v\u00a0spolupr\u00e1ci s\u00a0touto vedou a\u00a0v\u00fdskumom formou \u0161pecializovan\u00e9ho v\u00fdskumu rozv\u00edja\u0165 bud\u00face sp\u00f4sobilosti ozbrojen\u00fdch s\u00edl.<\/p>\n<p>\u00daspe\u0161n\u00e1 integr\u00e1cia vojensk\u00e9ho a\u00a0civiln\u00e9ho v\u00fdskumu je k\u013e\u00fa\u010dom pre realiz\u00e1ciu ich potenci\u00e1lu pre vojensk\u00e9 vyu\u017eitie, pri\u010dom \u010do do v\u00fdznamu nie je rozhoduj\u00face \u010di sa v\u00fdsledky dosiahli v\u00a0civilnom alebo vojenskom v\u00fdskume. V\u00a0tomto duchu je koncipovan\u00e1 \u201eVyhl\u00e1\u0161ka o\u00a0obrannom v\u00fdskume a\u00a0v\u00fdvoji\u201c z\u00a0h\u013eadiska zabezpe\u010denia potrieb obranyschopnosti Slovenskej republiky. Vyhl\u00e1\u0161ka sa opiera o\u00a0z\u00e1kladn\u00e9 dokumenty rezortu MOSR ako s\u00fa \u201eBezpe\u010dnostn\u00e1 strat\u00e9gia SR\u201c, \u201e Obrann\u00e1 strat\u00e9gia SR\u201c, \u201eVojensk\u00e1 strat\u00e9gia SR\u201c.<\/p>\n<p>[\/et_pb_text][\/et_pb_column][\/et_pb_row][\/et_pb_section]<\/p>","protected":false},"excerpt":{"rendered":"<p>Materi\u00e1l predmetnej koncepcie analyzuje s\u00fa\u010dasn\u00fd stav vo v\u00fdskumno-v\u00fdvojovej z\u00e1kladni rezortu Ministerstva obrany Slovenskej republiky. Koncepcia reaguje i\u00a0na probl\u00e9my spojen\u00e9 s\u00a0prestavbou a moderniz\u00e1ciou ozbrojen\u00fdch s\u00edl Slovenskej republiky po vstupe\u00a0 do NATO. Smerovanie vojenskej vedy a\u00a0techniky na technologicky vyspel\u00e9 a\u00a0modern\u00e9 syst\u00e9my je \u00fazko spojen\u00e9 so zvy\u0161ovan\u00edm odbornej kvalifik\u00e1cie v\u0161etk\u00fdch vojensk\u00fdch profesion\u00e1lov. V\u00a0oblastiach v\u00a0ktor\u00fdch veda technika v\u00a0ozbrojen\u00fdch sil\u00e1ch [&hellip;]<\/p>","protected":false},"author":1,"featured_media":0,"parent":0,"menu_order":0,"comment_status":"closed","ping_status":"closed","template":"","meta":{"_et_pb_use_builder":"on","_et_pb_old_content":"","_et_gb_content_width":"","inline_featured_image":false,"_monsterinsights_skip_tracking":false,"_monsterinsights_sitenote_active":false,"_monsterinsights_sitenote_note":"","_monsterinsights_sitenote_category":0,"footnotes":""},"class_list":["post-226","page","type-page","status-publish","hentry"],"yoast_head":"<!-- This site is optimized with the Yoast SEO plugin v26.1.1 - https:\/\/yoast.com\/wordpress\/plugins\/seo\/ -->\n<title>Koncepcia vednej a technickej politiky Ministerstva obrany Slovenskej republiky - DSSI<\/title>\n<meta name=\"robots\" content=\"index, follow, max-snippet:-1, max-image-preview:large, max-video-preview:-1\" \/>\n<link rel=\"canonical\" href=\"https:\/\/dssi.sk\/en\/koncepcia-vednej-a-technickej-politiky-ministerstva-obrany-slovenskej-republiky\/\" \/>\n<meta property=\"og:locale\" content=\"en_US\" \/>\n<meta property=\"og:type\" content=\"article\" \/>\n<meta property=\"og:title\" content=\"Koncepcia vednej a technickej politiky Ministerstva obrany Slovenskej republiky - DSSI\" \/>\n<meta property=\"og:description\" content=\"Materi\u00e1l predmetnej koncepcie analyzuje s\u00fa\u010dasn\u00fd stav vo v\u00fdskumno-v\u00fdvojovej z\u00e1kladni rezortu Ministerstva obrany Slovenskej republiky. Koncepcia reaguje i\u00a0na probl\u00e9my spojen\u00e9 s\u00a0prestavbou a moderniz\u00e1ciou ozbrojen\u00fdch s\u00edl Slovenskej republiky po vstupe\u00a0 do NATO. Smerovanie vojenskej vedy a\u00a0techniky na technologicky vyspel\u00e9 a\u00a0modern\u00e9 syst\u00e9my je \u00fazko spojen\u00e9 so zvy\u0161ovan\u00edm odbornej kvalifik\u00e1cie v\u0161etk\u00fdch vojensk\u00fdch profesion\u00e1lov. V\u00a0oblastiach v\u00a0ktor\u00fdch veda technika v\u00a0ozbrojen\u00fdch sil\u00e1ch [&hellip;]\" \/>\n<meta property=\"og:url\" content=\"https:\/\/dssi.sk\/en\/koncepcia-vednej-a-technickej-politiky-ministerstva-obrany-slovenskej-republiky\/\" \/>\n<meta property=\"og:site_name\" content=\"DSSI\" \/>\n<meta name=\"twitter:card\" content=\"summary_large_image\" \/>\n<meta name=\"twitter:label1\" content=\"Est. reading time\" \/>\n\t<meta name=\"twitter:data1\" content=\"2 minutes\" \/>\n<script type=\"application\/ld+json\" class=\"yoast-schema-graph\">{\"@context\":\"https:\/\/schema.org\",\"@graph\":[{\"@type\":\"WebPage\",\"@id\":\"https:\/\/dssi.sk\/koncepcia-vednej-a-technickej-politiky-ministerstva-obrany-slovenskej-republiky\/\",\"url\":\"https:\/\/dssi.sk\/koncepcia-vednej-a-technickej-politiky-ministerstva-obrany-slovenskej-republiky\/\",\"name\":\"Koncepcia vednej a technickej politiky Ministerstva obrany Slovenskej republiky - DSSI\",\"isPartOf\":{\"@id\":\"https:\/\/dssi.sk\/#website\"},\"datePublished\":\"2019-09-16T13:20:41+00:00\",\"breadcrumb\":{\"@id\":\"https:\/\/dssi.sk\/koncepcia-vednej-a-technickej-politiky-ministerstva-obrany-slovenskej-republiky\/#breadcrumb\"},\"inLanguage\":\"en-US\",\"potentialAction\":[{\"@type\":\"ReadAction\",\"target\":[\"https:\/\/dssi.sk\/koncepcia-vednej-a-technickej-politiky-ministerstva-obrany-slovenskej-republiky\/\"]}]},{\"@type\":\"BreadcrumbList\",\"@id\":\"https:\/\/dssi.sk\/koncepcia-vednej-a-technickej-politiky-ministerstva-obrany-slovenskej-republiky\/#breadcrumb\",\"itemListElement\":[{\"@type\":\"ListItem\",\"position\":1,\"name\":\"Home\",\"item\":\"https:\/\/dssi.sk\/\"},{\"@type\":\"ListItem\",\"position\":2,\"name\":\"Koncepcia vednej a technickej politiky Ministerstva obrany Slovenskej republiky\"}]},{\"@type\":\"WebSite\",\"@id\":\"https:\/\/dssi.sk\/#website\",\"url\":\"https:\/\/dssi.sk\/\",\"name\":\"DSSI\",\"description\":\"Development | Services | Security | Innovations\",\"publisher\":{\"@id\":\"https:\/\/dssi.sk\/#organization\"},\"potentialAction\":[{\"@type\":\"SearchAction\",\"target\":{\"@type\":\"EntryPoint\",\"urlTemplate\":\"https:\/\/dssi.sk\/?s={search_term_string}\"},\"query-input\":{\"@type\":\"PropertyValueSpecification\",\"valueRequired\":true,\"valueName\":\"search_term_string\"}}],\"inLanguage\":\"en-US\"},{\"@type\":\"Organization\",\"@id\":\"https:\/\/dssi.sk\/#organization\",\"name\":\"DSSI a.s.\",\"url\":\"https:\/\/dssi.sk\/\",\"logo\":{\"@type\":\"ImageObject\",\"inLanguage\":\"en-US\",\"@id\":\"https:\/\/dssi.sk\/#\/schema\/logo\/image\/\",\"url\":\"https:\/\/dssi.sk\/wp-content\/uploads\/2019\/09\/logo-dssi-horizontal1.jpg\",\"contentUrl\":\"https:\/\/dssi.sk\/wp-content\/uploads\/2019\/09\/logo-dssi-horizontal1.jpg\",\"width\":520,\"height\":520,\"caption\":\"DSSI a.s.\"},\"image\":{\"@id\":\"https:\/\/dssi.sk\/#\/schema\/logo\/image\/\"}}]}<\/script>\n<!-- \/ Yoast SEO plugin. -->","yoast_head_json":{"title":"Koncepcia vednej a technickej politiky Ministerstva obrany Slovenskej republiky - DSSI","robots":{"index":"index","follow":"follow","max-snippet":"max-snippet:-1","max-image-preview":"max-image-preview:large","max-video-preview":"max-video-preview:-1"},"canonical":"https:\/\/dssi.sk\/en\/koncepcia-vednej-a-technickej-politiky-ministerstva-obrany-slovenskej-republiky\/","og_locale":"en_US","og_type":"article","og_title":"Koncepcia vednej a technickej politiky Ministerstva obrany Slovenskej republiky - DSSI","og_description":"Materi\u00e1l predmetnej koncepcie analyzuje s\u00fa\u010dasn\u00fd stav vo v\u00fdskumno-v\u00fdvojovej z\u00e1kladni rezortu Ministerstva obrany Slovenskej republiky. Koncepcia reaguje i\u00a0na probl\u00e9my spojen\u00e9 s\u00a0prestavbou a moderniz\u00e1ciou ozbrojen\u00fdch s\u00edl Slovenskej republiky po vstupe\u00a0 do NATO. Smerovanie vojenskej vedy a\u00a0techniky na technologicky vyspel\u00e9 a\u00a0modern\u00e9 syst\u00e9my je \u00fazko spojen\u00e9 so zvy\u0161ovan\u00edm odbornej kvalifik\u00e1cie v\u0161etk\u00fdch vojensk\u00fdch profesion\u00e1lov. V\u00a0oblastiach v\u00a0ktor\u00fdch veda technika v\u00a0ozbrojen\u00fdch sil\u00e1ch [&hellip;]","og_url":"https:\/\/dssi.sk\/en\/koncepcia-vednej-a-technickej-politiky-ministerstva-obrany-slovenskej-republiky\/","og_site_name":"DSSI","twitter_card":"summary_large_image","twitter_misc":{"Est. reading time":"2 minutes"},"schema":{"@context":"https:\/\/schema.org","@graph":[{"@type":"WebPage","@id":"https:\/\/dssi.sk\/koncepcia-vednej-a-technickej-politiky-ministerstva-obrany-slovenskej-republiky\/","url":"https:\/\/dssi.sk\/koncepcia-vednej-a-technickej-politiky-ministerstva-obrany-slovenskej-republiky\/","name":"Koncepcia vednej a technickej politiky Ministerstva obrany Slovenskej republiky - DSSI","isPartOf":{"@id":"https:\/\/dssi.sk\/#website"},"datePublished":"2019-09-16T13:20:41+00:00","breadcrumb":{"@id":"https:\/\/dssi.sk\/koncepcia-vednej-a-technickej-politiky-ministerstva-obrany-slovenskej-republiky\/#breadcrumb"},"inLanguage":"en-US","potentialAction":[{"@type":"ReadAction","target":["https:\/\/dssi.sk\/koncepcia-vednej-a-technickej-politiky-ministerstva-obrany-slovenskej-republiky\/"]}]},{"@type":"BreadcrumbList","@id":"https:\/\/dssi.sk\/koncepcia-vednej-a-technickej-politiky-ministerstva-obrany-slovenskej-republiky\/#breadcrumb","itemListElement":[{"@type":"ListItem","position":1,"name":"Home","item":"https:\/\/dssi.sk\/"},{"@type":"ListItem","position":2,"name":"Koncepcia vednej a technickej politiky Ministerstva obrany Slovenskej republiky"}]},{"@type":"WebSite","@id":"https:\/\/dssi.sk\/#website","url":"https:\/\/dssi.sk\/","name":"DSSI","description":"Development | Services | Security | Innovations","publisher":{"@id":"https:\/\/dssi.sk\/#organization"},"potentialAction":[{"@type":"SearchAction","target":{"@type":"EntryPoint","urlTemplate":"https:\/\/dssi.sk\/?s={search_term_string}"},"query-input":{"@type":"PropertyValueSpecification","valueRequired":true,"valueName":"search_term_string"}}],"inLanguage":"en-US"},{"@type":"Organization","@id":"https:\/\/dssi.sk\/#organization","name":"DSSI a.s.","url":"https:\/\/dssi.sk\/","logo":{"@type":"ImageObject","inLanguage":"en-US","@id":"https:\/\/dssi.sk\/#\/schema\/logo\/image\/","url":"https:\/\/dssi.sk\/wp-content\/uploads\/2019\/09\/logo-dssi-horizontal1.jpg","contentUrl":"https:\/\/dssi.sk\/wp-content\/uploads\/2019\/09\/logo-dssi-horizontal1.jpg","width":520,"height":520,"caption":"DSSI a.s."},"image":{"@id":"https:\/\/dssi.sk\/#\/schema\/logo\/image\/"}}]}},"_links":{"self":[{"href":"https:\/\/dssi.sk\/en\/wp-json\/wp\/v2\/pages\/226","targetHints":{"allow":["GET"]}}],"collection":[{"href":"https:\/\/dssi.sk\/en\/wp-json\/wp\/v2\/pages"}],"about":[{"href":"https:\/\/dssi.sk\/en\/wp-json\/wp\/v2\/types\/page"}],"author":[{"embeddable":true,"href":"https:\/\/dssi.sk\/en\/wp-json\/wp\/v2\/users\/1"}],"replies":[{"embeddable":true,"href":"https:\/\/dssi.sk\/en\/wp-json\/wp\/v2\/comments?post=226"}],"version-history":[{"count":2,"href":"https:\/\/dssi.sk\/en\/wp-json\/wp\/v2\/pages\/226\/revisions"}],"predecessor-version":[{"id":234,"href":"https:\/\/dssi.sk\/en\/wp-json\/wp\/v2\/pages\/226\/revisions\/234"}],"wp:attachment":[{"href":"https:\/\/dssi.sk\/en\/wp-json\/wp\/v2\/media?parent=226"}],"curies":[{"name":"wp","href":"https:\/\/api.w.org\/{rel}","templated":true}]}}