{"id":236,"date":"2019-09-16T15:21:34","date_gmt":"2019-09-16T13:21:34","guid":{"rendered":"http:\/\/dssi.h2studio.net\/?page_id=236"},"modified":"2019-09-16T23:33:54","modified_gmt":"2019-09-16T21:33:54","slug":"moznosti-modernizacie-bojovych-pasovych-vozidiel-typu-bojoveho-vozidla-pechoty-bvp","status":"publish","type":"page","link":"https:\/\/dssi.sk\/en\/moznosti-modernizacie-bojovych-pasovych-vozidiel-typu-bojoveho-vozidla-pechoty-bvp\/","title":{"rendered":"Mo\u017enosti moderniz\u00e1cie bojov\u00fdch p\u00e1sov\u00fdch vozidiel typu bojov\u00e9ho vozidla pechoty (BVP)"},"content":{"rendered":"<p>[et_pb_section fb_built=&#8220;1&#8243; admin_label=&#8220;section&#8220; _builder_version=&#8220;3.25.4&#8243; custom_padding=&#8220;0px||&#8220; fb_built=&#8220;1&#8243; _i=&#8220;0&#8243; _address=&#8220;0&#8243;][et_pb_row admin_label=&#8220;row&#8220; _builder_version=&#8220;3.25.4&#8243; background_size=&#8220;initial&#8220; background_position=&#8220;top_left&#8220; background_repeat=&#8220;repeat&#8220; custom_margin=&#8220;||&#8220; _i=&#8220;0&#8243; _address=&#8220;0.0&#8243;][et_pb_column type=&#8220;4_4&#8243; _builder_version=&#8220;3.25&#8243; custom_padding=&#8220;|||&#8220; custom_padding__hover=&#8220;|||&#8220; _i=&#8220;0&#8243; _address=&#8220;0.0.0&#8243;][et_pb_text _builder_version=&#8220;3.27.4&#8243; _dynamic_attributes=&#8220;content&#8220; text_font=&#8220;|||on|||||&#8220; text_font_size=&#8220;30px&#8220; link_font=&#8220;||||||||&#8220; ul_font=&#8220;||||||||&#8220; ol_font=&#8220;||||||||&#8220; quote_font=&#8220;||||||||&#8220; header_font=&#8220;||||||||&#8220; header_2_font=&#8220;||||||||&#8220; background_color=&#8220;rgba(0,0,0,0)&#8220; text_orientation=&#8220;center&#8220; width=&#8220;100%&#8220; max_width=&#8220;100%&#8220; text_text_align=&#8220;center&#8220; _i=&#8220;0&#8243; _address=&#8220;0.0.0.0&#8243;]@ET-DC@eyJkeW5hbWljIjp0cnVlLCJjb250ZW50IjoicG9zdF90aXRsZSIsInNldHRpbmdzIjp7ImJlZm9yZSI6IiIsImFmdGVyIjoiIn19@[\/et_pb_text][et_pb_text admin_label=&#8220;Text&#8220; _builder_version=&#8220;3.29.2&#8243; background_size=&#8220;initial&#8220; background_position=&#8220;top_left&#8220; background_repeat=&#8220;repeat&#8220; hover_enabled=&#8220;0&#8243; _i=&#8220;1&#8243; _address=&#8220;0.0.0.1&#8243;]<\/p>\n<p>Anal\u00fdza mo\u017en\u00fdch moderniza\u010dn\u00fdch rie\u0161en\u00ed bojov\u00e9ho p\u00e1sov\u00e9ho vozidla BVP 2 je len \u010diastkov\u00fdm spracovan\u00edm problematiky celkovej inov\u00e1cie tohto typu bojov\u00fdch vozidiel. V\u00a0s\u00fa\u010dasnosti je v\u00a0prev\u00e1dzke nov\u00e1 gener\u00e1cia\u00a0 \u013eahk\u00fdch bojov\u00fdch p\u00e1sov\u00fdch vozidiel, napr. vozidlo BVP 3, ktor\u00e9 je vyvinut\u00e9 na rovnako \u00faspe\u0161nej\u00a0 kon\u0161truk\u010dnej b\u00e1ze ako\u00a0 vozidl\u00e1 BVP 1 a\u00a0BVP 2. Vzh\u013eadom ku skuto\u010dnosti, \u017ee vozidlo BVP 2 m\u00e1 v\u0161estrann\u00fd potenci\u00e1l na moderniz\u00e1cie jeho syst\u00e9mov a\u00a0uzlov je potrebn\u00e9 tento potenci\u00e1l vyu\u017ei\u0165 a\u00a0inovova\u0165 vozidlo pod\u013ea po\u017eiadaviek s\u00fa\u010dasnosti a\u00a0bl\u00edzkej bud\u00facnosti.<\/p>\n<p>V\u00a0\u0161t\u00fadii nie je podrobnej\u0161ie rie\u0161en\u00e1 problematika ochrany vozidla, ktor\u00e1 by mala by\u0165 rie\u0161en\u00e1 a\u017e po \u00faspe\u0161nej realiz\u00e1cii moderniz\u00e1cie zbra\u0148ov\u00fdch syst\u00e9mov vozidla a\u00a0jeho pohonnej jednotky. I\u00a0pri t\u00fdchto moderniza\u010dn\u00fdch krokoch je potrebn\u00e9 predpoklada\u0165 inov\u00e1ciu ochrany vozidla ako z\u00e1vere\u010dn\u00fa etapu celkovej moderniz\u00e1cie vozidla.<\/p>\n<p>Na predkladan\u00fa \u0161t\u00fadiu bud\u00fa nadv\u00e4zova\u0165 moderniza\u010dn\u00e9 projekty, ktor\u00fdch \u00favodnou \u010das\u0165ou bud\u00fa analytick\u00e9 \u0161t\u00fadie odborn\u00fdch technick\u00fdch ot\u00e1zok a\u00a0na ich z\u00e1klade bud\u00fa vypracovan\u00e9 technick\u00e9 projekty pre uskuto\u010dnenie moderniz\u00e1ci\u00ed.<\/p>\n<p>\u00a0<a href=\"\/wp-content\/uploads\/2019\/09\/bvp2usp.jpg\"><img loading=\"lazy\" decoding=\"async\" src=\"\/wp-content\/uploads\/2019\/09\/bvp2usp-300x277.jpg\" width=\"300\" height=\"277\" alt=\"\" class=\"wp-image-640 aligncenter size-medium\" \/><\/a><\/p>\n<p>[\/et_pb_text][\/et_pb_column][\/et_pb_row][\/et_pb_section]<\/p>","protected":false},"excerpt":{"rendered":"<p>Anal\u00fdza mo\u017en\u00fdch moderniza\u010dn\u00fdch rie\u0161en\u00ed bojov\u00e9ho p\u00e1sov\u00e9ho vozidla BVP 2 je len \u010diastkov\u00fdm spracovan\u00edm problematiky celkovej inov\u00e1cie tohto typu bojov\u00fdch vozidiel. V\u00a0s\u00fa\u010dasnosti je v\u00a0prev\u00e1dzke nov\u00e1 gener\u00e1cia\u00a0 \u013eahk\u00fdch bojov\u00fdch p\u00e1sov\u00fdch vozidiel, napr. vozidlo BVP 3, ktor\u00e9 je vyvinut\u00e9 na rovnako \u00faspe\u0161nej\u00a0 kon\u0161truk\u010dnej b\u00e1ze ako\u00a0 vozidl\u00e1 BVP 1 a\u00a0BVP 2. Vzh\u013eadom ku skuto\u010dnosti, \u017ee vozidlo BVP 2 m\u00e1 [&hellip;]<\/p>","protected":false},"author":1,"featured_media":0,"parent":0,"menu_order":0,"comment_status":"closed","ping_status":"closed","template":"","meta":{"_et_pb_use_builder":"on","_et_pb_old_content":"","_et_gb_content_width":"","inline_featured_image":false,"_monsterinsights_skip_tracking":false,"_monsterinsights_sitenote_active":false,"_monsterinsights_sitenote_note":"","_monsterinsights_sitenote_category":0,"footnotes":""},"class_list":["post-236","page","type-page","status-publish","hentry"],"yoast_head":"<!-- This site is optimized with the Yoast SEO plugin v26.1.1 - https:\/\/yoast.com\/wordpress\/plugins\/seo\/ -->\n<title>Mo\u017enosti moderniz\u00e1cie bojov\u00fdch p\u00e1sov\u00fdch vozidiel typu bojov\u00e9ho vozidla pechoty (BVP) - DSSI<\/title>\n<meta name=\"robots\" content=\"index, follow, max-snippet:-1, max-image-preview:large, max-video-preview:-1\" \/>\n<link rel=\"canonical\" href=\"https:\/\/dssi.sk\/en\/moznosti-modernizacie-bojovych-pasovych-vozidiel-typu-bojoveho-vozidla-pechoty-bvp\/\" \/>\n<meta property=\"og:locale\" content=\"en_US\" \/>\n<meta property=\"og:type\" content=\"article\" \/>\n<meta property=\"og:title\" content=\"Mo\u017enosti moderniz\u00e1cie bojov\u00fdch p\u00e1sov\u00fdch vozidiel typu bojov\u00e9ho vozidla pechoty (BVP) - DSSI\" \/>\n<meta property=\"og:description\" content=\"Anal\u00fdza mo\u017en\u00fdch moderniza\u010dn\u00fdch rie\u0161en\u00ed bojov\u00e9ho p\u00e1sov\u00e9ho vozidla BVP 2 je len \u010diastkov\u00fdm spracovan\u00edm problematiky celkovej inov\u00e1cie tohto typu bojov\u00fdch vozidiel. V\u00a0s\u00fa\u010dasnosti je v\u00a0prev\u00e1dzke nov\u00e1 gener\u00e1cia\u00a0 \u013eahk\u00fdch bojov\u00fdch p\u00e1sov\u00fdch vozidiel, napr. vozidlo BVP 3, ktor\u00e9 je vyvinut\u00e9 na rovnako \u00faspe\u0161nej\u00a0 kon\u0161truk\u010dnej b\u00e1ze ako\u00a0 vozidl\u00e1 BVP 1 a\u00a0BVP 2. Vzh\u013eadom ku skuto\u010dnosti, \u017ee vozidlo BVP 2 m\u00e1 [&hellip;]\" \/>\n<meta property=\"og:url\" content=\"https:\/\/dssi.sk\/en\/moznosti-modernizacie-bojovych-pasovych-vozidiel-typu-bojoveho-vozidla-pechoty-bvp\/\" \/>\n<meta property=\"og:site_name\" content=\"DSSI\" \/>\n<meta property=\"article:modified_time\" content=\"2019-09-16T21:33:54+00:00\" \/>\n<meta property=\"og:image\" content=\"https:\/\/dssi.sk\/wp-content\/uploads\/2019\/09\/bvp2usp-300x277.jpg\" \/>\n<meta name=\"twitter:card\" content=\"summary_large_image\" \/>\n<meta name=\"twitter:label1\" content=\"Est. reading time\" \/>\n\t<meta name=\"twitter:data1\" content=\"2 minutes\" \/>\n<script type=\"application\/ld+json\" class=\"yoast-schema-graph\">{\"@context\":\"https:\/\/schema.org\",\"@graph\":[{\"@type\":\"WebPage\",\"@id\":\"https:\/\/dssi.sk\/moznosti-modernizacie-bojovych-pasovych-vozidiel-typu-bojoveho-vozidla-pechoty-bvp\/\",\"url\":\"https:\/\/dssi.sk\/moznosti-modernizacie-bojovych-pasovych-vozidiel-typu-bojoveho-vozidla-pechoty-bvp\/\",\"name\":\"Mo\u017enosti moderniz\u00e1cie bojov\u00fdch p\u00e1sov\u00fdch vozidiel typu bojov\u00e9ho vozidla pechoty (BVP) - DSSI\",\"isPartOf\":{\"@id\":\"https:\/\/dssi.sk\/#website\"},\"datePublished\":\"2019-09-16T13:21:34+00:00\",\"dateModified\":\"2019-09-16T21:33:54+00:00\",\"breadcrumb\":{\"@id\":\"https:\/\/dssi.sk\/moznosti-modernizacie-bojovych-pasovych-vozidiel-typu-bojoveho-vozidla-pechoty-bvp\/#breadcrumb\"},\"inLanguage\":\"en-US\",\"potentialAction\":[{\"@type\":\"ReadAction\",\"target\":[\"https:\/\/dssi.sk\/moznosti-modernizacie-bojovych-pasovych-vozidiel-typu-bojoveho-vozidla-pechoty-bvp\/\"]}]},{\"@type\":\"BreadcrumbList\",\"@id\":\"https:\/\/dssi.sk\/moznosti-modernizacie-bojovych-pasovych-vozidiel-typu-bojoveho-vozidla-pechoty-bvp\/#breadcrumb\",\"itemListElement\":[{\"@type\":\"ListItem\",\"position\":1,\"name\":\"Home\",\"item\":\"https:\/\/dssi.sk\/\"},{\"@type\":\"ListItem\",\"position\":2,\"name\":\"Mo\u017enosti moderniz\u00e1cie bojov\u00fdch p\u00e1sov\u00fdch vozidiel typu bojov\u00e9ho vozidla pechoty (BVP)\"}]},{\"@type\":\"WebSite\",\"@id\":\"https:\/\/dssi.sk\/#website\",\"url\":\"https:\/\/dssi.sk\/\",\"name\":\"DSSI\",\"description\":\"Development | Services | Security | Innovations\",\"publisher\":{\"@id\":\"https:\/\/dssi.sk\/#organization\"},\"potentialAction\":[{\"@type\":\"SearchAction\",\"target\":{\"@type\":\"EntryPoint\",\"urlTemplate\":\"https:\/\/dssi.sk\/?s={search_term_string}\"},\"query-input\":{\"@type\":\"PropertyValueSpecification\",\"valueRequired\":true,\"valueName\":\"search_term_string\"}}],\"inLanguage\":\"en-US\"},{\"@type\":\"Organization\",\"@id\":\"https:\/\/dssi.sk\/#organization\",\"name\":\"DSSI a.s.\",\"url\":\"https:\/\/dssi.sk\/\",\"logo\":{\"@type\":\"ImageObject\",\"inLanguage\":\"en-US\",\"@id\":\"https:\/\/dssi.sk\/#\/schema\/logo\/image\/\",\"url\":\"https:\/\/dssi.sk\/wp-content\/uploads\/2019\/09\/logo-dssi-horizontal1.jpg\",\"contentUrl\":\"https:\/\/dssi.sk\/wp-content\/uploads\/2019\/09\/logo-dssi-horizontal1.jpg\",\"width\":520,\"height\":520,\"caption\":\"DSSI a.s.\"},\"image\":{\"@id\":\"https:\/\/dssi.sk\/#\/schema\/logo\/image\/\"}}]}<\/script>\n<!-- \/ Yoast SEO plugin. -->","yoast_head_json":{"title":"Mo\u017enosti moderniz\u00e1cie bojov\u00fdch p\u00e1sov\u00fdch vozidiel typu bojov\u00e9ho vozidla pechoty (BVP) - DSSI","robots":{"index":"index","follow":"follow","max-snippet":"max-snippet:-1","max-image-preview":"max-image-preview:large","max-video-preview":"max-video-preview:-1"},"canonical":"https:\/\/dssi.sk\/en\/moznosti-modernizacie-bojovych-pasovych-vozidiel-typu-bojoveho-vozidla-pechoty-bvp\/","og_locale":"en_US","og_type":"article","og_title":"Mo\u017enosti moderniz\u00e1cie bojov\u00fdch p\u00e1sov\u00fdch vozidiel typu bojov\u00e9ho vozidla pechoty (BVP) - DSSI","og_description":"Anal\u00fdza mo\u017en\u00fdch moderniza\u010dn\u00fdch rie\u0161en\u00ed bojov\u00e9ho p\u00e1sov\u00e9ho vozidla BVP 2 je len \u010diastkov\u00fdm spracovan\u00edm problematiky celkovej inov\u00e1cie tohto typu bojov\u00fdch vozidiel. V\u00a0s\u00fa\u010dasnosti je v\u00a0prev\u00e1dzke nov\u00e1 gener\u00e1cia\u00a0 \u013eahk\u00fdch bojov\u00fdch p\u00e1sov\u00fdch vozidiel, napr. vozidlo BVP 3, ktor\u00e9 je vyvinut\u00e9 na rovnako \u00faspe\u0161nej\u00a0 kon\u0161truk\u010dnej b\u00e1ze ako\u00a0 vozidl\u00e1 BVP 1 a\u00a0BVP 2. Vzh\u013eadom ku skuto\u010dnosti, \u017ee vozidlo BVP 2 m\u00e1 [&hellip;]","og_url":"https:\/\/dssi.sk\/en\/moznosti-modernizacie-bojovych-pasovych-vozidiel-typu-bojoveho-vozidla-pechoty-bvp\/","og_site_name":"DSSI","article_modified_time":"2019-09-16T21:33:54+00:00","og_image":[{"url":"https:\/\/dssi.sk\/wp-content\/uploads\/2019\/09\/bvp2usp-300x277.jpg","type":"","width":"","height":""}],"twitter_card":"summary_large_image","twitter_misc":{"Est. reading time":"2 minutes"},"schema":{"@context":"https:\/\/schema.org","@graph":[{"@type":"WebPage","@id":"https:\/\/dssi.sk\/moznosti-modernizacie-bojovych-pasovych-vozidiel-typu-bojoveho-vozidla-pechoty-bvp\/","url":"https:\/\/dssi.sk\/moznosti-modernizacie-bojovych-pasovych-vozidiel-typu-bojoveho-vozidla-pechoty-bvp\/","name":"Mo\u017enosti moderniz\u00e1cie bojov\u00fdch p\u00e1sov\u00fdch vozidiel typu bojov\u00e9ho vozidla pechoty (BVP) - DSSI","isPartOf":{"@id":"https:\/\/dssi.sk\/#website"},"datePublished":"2019-09-16T13:21:34+00:00","dateModified":"2019-09-16T21:33:54+00:00","breadcrumb":{"@id":"https:\/\/dssi.sk\/moznosti-modernizacie-bojovych-pasovych-vozidiel-typu-bojoveho-vozidla-pechoty-bvp\/#breadcrumb"},"inLanguage":"en-US","potentialAction":[{"@type":"ReadAction","target":["https:\/\/dssi.sk\/moznosti-modernizacie-bojovych-pasovych-vozidiel-typu-bojoveho-vozidla-pechoty-bvp\/"]}]},{"@type":"BreadcrumbList","@id":"https:\/\/dssi.sk\/moznosti-modernizacie-bojovych-pasovych-vozidiel-typu-bojoveho-vozidla-pechoty-bvp\/#breadcrumb","itemListElement":[{"@type":"ListItem","position":1,"name":"Home","item":"https:\/\/dssi.sk\/"},{"@type":"ListItem","position":2,"name":"Mo\u017enosti moderniz\u00e1cie bojov\u00fdch p\u00e1sov\u00fdch vozidiel typu bojov\u00e9ho vozidla pechoty (BVP)"}]},{"@type":"WebSite","@id":"https:\/\/dssi.sk\/#website","url":"https:\/\/dssi.sk\/","name":"DSSI","description":"Development | Services | Security | Innovations","publisher":{"@id":"https:\/\/dssi.sk\/#organization"},"potentialAction":[{"@type":"SearchAction","target":{"@type":"EntryPoint","urlTemplate":"https:\/\/dssi.sk\/?s={search_term_string}"},"query-input":{"@type":"PropertyValueSpecification","valueRequired":true,"valueName":"search_term_string"}}],"inLanguage":"en-US"},{"@type":"Organization","@id":"https:\/\/dssi.sk\/#organization","name":"DSSI a.s.","url":"https:\/\/dssi.sk\/","logo":{"@type":"ImageObject","inLanguage":"en-US","@id":"https:\/\/dssi.sk\/#\/schema\/logo\/image\/","url":"https:\/\/dssi.sk\/wp-content\/uploads\/2019\/09\/logo-dssi-horizontal1.jpg","contentUrl":"https:\/\/dssi.sk\/wp-content\/uploads\/2019\/09\/logo-dssi-horizontal1.jpg","width":520,"height":520,"caption":"DSSI a.s."},"image":{"@id":"https:\/\/dssi.sk\/#\/schema\/logo\/image\/"}}]}},"_links":{"self":[{"href":"https:\/\/dssi.sk\/en\/wp-json\/wp\/v2\/pages\/236","targetHints":{"allow":["GET"]}}],"collection":[{"href":"https:\/\/dssi.sk\/en\/wp-json\/wp\/v2\/pages"}],"about":[{"href":"https:\/\/dssi.sk\/en\/wp-json\/wp\/v2\/types\/page"}],"author":[{"embeddable":true,"href":"https:\/\/dssi.sk\/en\/wp-json\/wp\/v2\/users\/1"}],"replies":[{"embeddable":true,"href":"https:\/\/dssi.sk\/en\/wp-json\/wp\/v2\/comments?post=236"}],"version-history":[{"count":4,"href":"https:\/\/dssi.sk\/en\/wp-json\/wp\/v2\/pages\/236\/revisions"}],"predecessor-version":[{"id":664,"href":"https:\/\/dssi.sk\/en\/wp-json\/wp\/v2\/pages\/236\/revisions\/664"}],"wp:attachment":[{"href":"https:\/\/dssi.sk\/en\/wp-json\/wp\/v2\/media?parent=236"}],"curies":[{"name":"wp","href":"https:\/\/api.w.org\/{rel}","templated":true}]}}