{"id":250,"date":"2019-09-16T16:01:00","date_gmt":"2019-09-16T14:01:00","guid":{"rendered":"http:\/\/dssi.h2studio.net\/?page_id=250"},"modified":"2019-09-16T16:01:00","modified_gmt":"2019-09-16T14:01:00","slug":"takticky-simulacny-vycvikovy-system-pre-vycvik-bojvej-cinnosti-v-meste-simcity","status":"publish","type":"page","link":"https:\/\/dssi.sk\/en\/takticky-simulacny-vycvikovy-system-pre-vycvik-bojvej-cinnosti-v-meste-simcity\/","title":{"rendered":"Taktick\u00fd simula\u010dn\u00fd v\u00fdcvikov\u00fd syst\u00e9m pre v\u00fdcvik bojvej \u010dinnosti v meste \u2013 SIMCITY"},"content":{"rendered":"<p>[et_pb_section fb_built=&#8220;1&#8243; admin_label=&#8220;section&#8220; _builder_version=&#8220;3.25.4&#8243; custom_padding=&#8220;0px||&#8220;][et_pb_row custom_margin=&#8220;||&#8220; admin_label=&#8220;row&#8220; _builder_version=&#8220;3.25.4&#8243; background_size=&#8220;initial&#8220; background_position=&#8220;top_left&#8220; background_repeat=&#8220;repeat&#8220;][et_pb_column type=&#8220;4_4&#8243; _builder_version=&#8220;3.25&#8243; custom_padding=&#8220;|||&#8220; custom_padding__hover=&#8220;|||&#8220;][et_pb_text _builder_version=&#8220;3.25.4&#8243; _dynamic_attributes=&#8220;content&#8220; text_font=&#8220;|||on|||||&#8220; text_text_align=&#8220;center&#8220; text_font_size=&#8220;30px&#8220; link_font=&#8220;||||||||&#8220; ul_font=&#8220;||||||||&#8220; ol_font=&#8220;||||||||&#8220; quote_font=&#8220;||||||||&#8220; header_font=&#8220;||||||||&#8220; header_2_font=&#8220;||||||||&#8220; background_color=&#8220;rgba(0,0,0,0)&#8220; width=&#8220;100%&#8220; max_width=&#8220;100%&#8220;]@ET-DC@eyJkeW5hbWljIjp0cnVlLCJjb250ZW50IjoicG9zdF90aXRsZSIsInNldHRpbmdzIjp7ImJlZm9yZSI6IiIsImFmdGVyIjoiIn19@[\/et_pb_text][et_pb_text admin_label=&#8220;Text&#8220; _builder_version=&#8220;3.25.4&#8243; background_size=&#8220;initial&#8220; background_position=&#8220;top_left&#8220; background_repeat=&#8220;repeat&#8220;]<\/p>\n<p>Spracovan\u00e1 \u0161t\u00fadia Taktick\u00fd simula\u010dn\u00fd v\u00fdcvikov\u00fd syst\u00e9m pre v\u00fdcvik bojovej \u010dinnosti v\u00a0meste SIM CITY ma uk\u00e1za\u0165 na mo\u017enos\u0165 vyu\u017eitia s\u00fa\u010dasn\u00fdch simula\u010dn\u00fdch technol\u00f3gi\u00ed na v\u00fdcvik mal\u00fdch jednotiek pozemn\u00fdch s\u00edl (jednotlivec, dru\u017estvo, bojov\u00e1 skupina, \u010data, rota) vo veden\u00ed bojovej \u010dinnosti v\u00a0zastavanom prostred\u00ed v \u201esimulovanom meste\u201c, s\u00a0konkr\u00e9tnym taktick\u00fdm n\u00e1metom.<\/p>\n<p>Obsah \u0161t\u00fadie re\u0161pektuje dosiahnut\u00e9 v\u00fdsledky technologick\u00e9ho rozvoja a\u00a0mo\u017enosti simula\u010dn\u00fdch a\u00a0v\u00fdcvikov\u00fdch technol\u00f3gi\u00ed z\u00a0h\u013eadiska ich kompatibility s\u00a0existuj\u00facimi prostriedkami v\u00a0Ozbrojen\u00fdch sil\u00e1ch Slovenskej republiky a\u00a0v\u00a0ozbrojen\u00fdch sil\u00e1ch \u010dlensk\u00fdch kraj\u00edn NATO.<\/p>\n<p>\u0160t\u00fadia re\u0161pektuje z\u00e1kladn\u00fa po\u017eiadavku, ktorou je ot\u00e1zka krit\u00e9ria miesta syst\u00e9mu v glob\u00e1lnom simula\u010dnom a\u00a0v\u00fdcvikovom syst\u00e9me Ozbrojen\u00fdch s\u00edl Slovenskej republiky a\u00a0splnenie podmienok jeho praktick\u00e9ho vyu\u017eitia vo v\u00fdcviku jednotlivcov a mal\u00fdch jednotiek (dru\u017estvo, \u010data, rota s\u00a0v\u00fdh\u013eadom pr\u00e1por pod\u013ea stup\u0148a vybudovanost\u00ed) pozemn\u00fdch s\u00edl s\u00a0vyu\u017eit\u00edm dostupn\u00fdch architekt\u00far simula\u010dnej technol\u00f3gie pre v\u00fdcvik a\u00a0vedenie bojovej \u010dinnosti v\u00a0meste a\u00a0to pokia\u013e ide o\u00a0dislok\u00e1ciu, typ, charakter vybudovania a\u00a0mobility.<\/p>\n<p>V\u00a0\u0161t\u00fadii je dan\u00fd aj priestor pre aplika\u010dn\u00fa str\u00e1nku vyu\u017eitia laserovej strelnice z\u00a0h\u013eadiska technick\u00fdch krit\u00e9ri\u00ed pre \u010dinnos\u0165 laserovej strelnice a\u00a0to najm\u00e4, ak ide o\u00a0ovl\u00e1dania ter\u010dov\u00e9ho man\u00e9vru a\u00a0krit\u00e9ri\u00ed ur\u010den\u00fdch Osnovami strelieb z\u00a0ru\u010dn\u00fdch zbran\u00ed a\u00a0zbrani bojov\u00fdch vozidiel\u00a0 V\u0161evojsk -4-2\/s, ktorej mobilitu je mo\u017en\u00e9 vyu\u017ei\u0165 pri v\u00fdcviku v\u00a0Stredisku kondi\u010dn\u00e9ho v\u00fdcviku.<\/p>\n<p>[\/et_pb_text][\/et_pb_column][\/et_pb_row][\/et_pb_section]<\/p>","protected":false},"excerpt":{"rendered":"<p>Spracovan\u00e1 \u0161t\u00fadia Taktick\u00fd simula\u010dn\u00fd v\u00fdcvikov\u00fd syst\u00e9m pre v\u00fdcvik bojovej \u010dinnosti v\u00a0meste SIM CITY ma uk\u00e1za\u0165 na mo\u017enos\u0165 vyu\u017eitia s\u00fa\u010dasn\u00fdch simula\u010dn\u00fdch technol\u00f3gi\u00ed na v\u00fdcvik mal\u00fdch jednotiek pozemn\u00fdch s\u00edl (jednotlivec, dru\u017estvo, bojov\u00e1 skupina, \u010data, rota) vo veden\u00ed bojovej \u010dinnosti v\u00a0zastavanom prostred\u00ed v \u201esimulovanom meste\u201c, s\u00a0konkr\u00e9tnym taktick\u00fdm n\u00e1metom. Obsah \u0161t\u00fadie re\u0161pektuje dosiahnut\u00e9 v\u00fdsledky technologick\u00e9ho rozvoja a\u00a0mo\u017enosti simula\u010dn\u00fdch a\u00a0v\u00fdcvikov\u00fdch [&hellip;]<\/p>","protected":false},"author":1,"featured_media":0,"parent":0,"menu_order":0,"comment_status":"closed","ping_status":"closed","template":"","meta":{"_et_pb_use_builder":"on","_et_pb_old_content":"","_et_gb_content_width":"","inline_featured_image":false,"_monsterinsights_skip_tracking":false,"_monsterinsights_sitenote_active":false,"_monsterinsights_sitenote_note":"","_monsterinsights_sitenote_category":0,"footnotes":""},"class_list":["post-250","page","type-page","status-publish","hentry"],"yoast_head":"<!-- This site is optimized with the Yoast SEO plugin v26.1.1 - https:\/\/yoast.com\/wordpress\/plugins\/seo\/ -->\n<title>Taktick\u00fd simula\u010dn\u00fd v\u00fdcvikov\u00fd syst\u00e9m pre v\u00fdcvik bojvej \u010dinnosti v meste \u2013 SIMCITY - DSSI<\/title>\n<meta name=\"robots\" content=\"index, follow, max-snippet:-1, max-image-preview:large, max-video-preview:-1\" \/>\n<link rel=\"canonical\" href=\"https:\/\/dssi.sk\/en\/takticky-simulacny-vycvikovy-system-pre-vycvik-bojvej-cinnosti-v-meste-simcity\/\" \/>\n<meta property=\"og:locale\" content=\"en_US\" \/>\n<meta property=\"og:type\" content=\"article\" \/>\n<meta property=\"og:title\" content=\"Taktick\u00fd simula\u010dn\u00fd v\u00fdcvikov\u00fd syst\u00e9m pre v\u00fdcvik bojvej \u010dinnosti v meste \u2013 SIMCITY - DSSI\" \/>\n<meta property=\"og:description\" content=\"Spracovan\u00e1 \u0161t\u00fadia Taktick\u00fd simula\u010dn\u00fd v\u00fdcvikov\u00fd syst\u00e9m pre v\u00fdcvik bojovej \u010dinnosti v\u00a0meste SIM CITY ma uk\u00e1za\u0165 na mo\u017enos\u0165 vyu\u017eitia s\u00fa\u010dasn\u00fdch simula\u010dn\u00fdch technol\u00f3gi\u00ed na v\u00fdcvik mal\u00fdch jednotiek pozemn\u00fdch s\u00edl (jednotlivec, dru\u017estvo, bojov\u00e1 skupina, \u010data, rota) vo veden\u00ed bojovej \u010dinnosti v\u00a0zastavanom prostred\u00ed v \u201esimulovanom meste\u201c, s\u00a0konkr\u00e9tnym taktick\u00fdm n\u00e1metom. Obsah \u0161t\u00fadie re\u0161pektuje dosiahnut\u00e9 v\u00fdsledky technologick\u00e9ho rozvoja a\u00a0mo\u017enosti simula\u010dn\u00fdch a\u00a0v\u00fdcvikov\u00fdch [&hellip;]\" \/>\n<meta property=\"og:url\" content=\"https:\/\/dssi.sk\/en\/takticky-simulacny-vycvikovy-system-pre-vycvik-bojvej-cinnosti-v-meste-simcity\/\" \/>\n<meta property=\"og:site_name\" content=\"DSSI\" \/>\n<meta name=\"twitter:card\" content=\"summary_large_image\" \/>\n<meta name=\"twitter:label1\" content=\"Est. reading time\" \/>\n\t<meta name=\"twitter:data1\" content=\"2 minutes\" \/>\n<script type=\"application\/ld+json\" class=\"yoast-schema-graph\">{\"@context\":\"https:\/\/schema.org\",\"@graph\":[{\"@type\":\"WebPage\",\"@id\":\"https:\/\/dssi.sk\/en\/takticky-simulacny-vycvikovy-system-pre-vycvik-bojvej-cinnosti-v-meste-simcity\/\",\"url\":\"https:\/\/dssi.sk\/en\/takticky-simulacny-vycvikovy-system-pre-vycvik-bojvej-cinnosti-v-meste-simcity\/\",\"name\":\"Taktick\u00fd simula\u010dn\u00fd v\u00fdcvikov\u00fd syst\u00e9m pre v\u00fdcvik bojvej \u010dinnosti v meste \u2013 SIMCITY - DSSI\",\"isPartOf\":{\"@id\":\"https:\/\/dssi.sk\/#website\"},\"datePublished\":\"2019-09-16T14:01:00+00:00\",\"breadcrumb\":{\"@id\":\"https:\/\/dssi.sk\/en\/takticky-simulacny-vycvikovy-system-pre-vycvik-bojvej-cinnosti-v-meste-simcity\/#breadcrumb\"},\"inLanguage\":\"en-US\",\"potentialAction\":[{\"@type\":\"ReadAction\",\"target\":[\"https:\/\/dssi.sk\/en\/takticky-simulacny-vycvikovy-system-pre-vycvik-bojvej-cinnosti-v-meste-simcity\/\"]}]},{\"@type\":\"BreadcrumbList\",\"@id\":\"https:\/\/dssi.sk\/en\/takticky-simulacny-vycvikovy-system-pre-vycvik-bojvej-cinnosti-v-meste-simcity\/#breadcrumb\",\"itemListElement\":[{\"@type\":\"ListItem\",\"position\":1,\"name\":\"Home\",\"item\":\"https:\/\/dssi.sk\/\"},{\"@type\":\"ListItem\",\"position\":2,\"name\":\"Taktick\u00fd simula\u010dn\u00fd v\u00fdcvikov\u00fd syst\u00e9m pre v\u00fdcvik bojvej \u010dinnosti v meste \u2013 SIMCITY\"}]},{\"@type\":\"WebSite\",\"@id\":\"https:\/\/dssi.sk\/#website\",\"url\":\"https:\/\/dssi.sk\/\",\"name\":\"DSSI\",\"description\":\"Development | Services | Security | Innovations\",\"publisher\":{\"@id\":\"https:\/\/dssi.sk\/#organization\"},\"potentialAction\":[{\"@type\":\"SearchAction\",\"target\":{\"@type\":\"EntryPoint\",\"urlTemplate\":\"https:\/\/dssi.sk\/?s={search_term_string}\"},\"query-input\":{\"@type\":\"PropertyValueSpecification\",\"valueRequired\":true,\"valueName\":\"search_term_string\"}}],\"inLanguage\":\"en-US\"},{\"@type\":\"Organization\",\"@id\":\"https:\/\/dssi.sk\/#organization\",\"name\":\"DSSI a.s.\",\"url\":\"https:\/\/dssi.sk\/\",\"logo\":{\"@type\":\"ImageObject\",\"inLanguage\":\"en-US\",\"@id\":\"https:\/\/dssi.sk\/#\/schema\/logo\/image\/\",\"url\":\"https:\/\/dssi.sk\/wp-content\/uploads\/2019\/09\/logo-dssi-horizontal1.jpg\",\"contentUrl\":\"https:\/\/dssi.sk\/wp-content\/uploads\/2019\/09\/logo-dssi-horizontal1.jpg\",\"width\":520,\"height\":520,\"caption\":\"DSSI a.s.\"},\"image\":{\"@id\":\"https:\/\/dssi.sk\/#\/schema\/logo\/image\/\"}}]}<\/script>\n<!-- \/ Yoast SEO plugin. -->","yoast_head_json":{"title":"Taktick\u00fd simula\u010dn\u00fd v\u00fdcvikov\u00fd syst\u00e9m pre v\u00fdcvik bojvej \u010dinnosti v meste \u2013 SIMCITY - DSSI","robots":{"index":"index","follow":"follow","max-snippet":"max-snippet:-1","max-image-preview":"max-image-preview:large","max-video-preview":"max-video-preview:-1"},"canonical":"https:\/\/dssi.sk\/en\/takticky-simulacny-vycvikovy-system-pre-vycvik-bojvej-cinnosti-v-meste-simcity\/","og_locale":"en_US","og_type":"article","og_title":"Taktick\u00fd simula\u010dn\u00fd v\u00fdcvikov\u00fd syst\u00e9m pre v\u00fdcvik bojvej \u010dinnosti v meste \u2013 SIMCITY - DSSI","og_description":"Spracovan\u00e1 \u0161t\u00fadia Taktick\u00fd simula\u010dn\u00fd v\u00fdcvikov\u00fd syst\u00e9m pre v\u00fdcvik bojovej \u010dinnosti v\u00a0meste SIM CITY ma uk\u00e1za\u0165 na mo\u017enos\u0165 vyu\u017eitia s\u00fa\u010dasn\u00fdch simula\u010dn\u00fdch technol\u00f3gi\u00ed na v\u00fdcvik mal\u00fdch jednotiek pozemn\u00fdch s\u00edl (jednotlivec, dru\u017estvo, bojov\u00e1 skupina, \u010data, rota) vo veden\u00ed bojovej \u010dinnosti v\u00a0zastavanom prostred\u00ed v \u201esimulovanom meste\u201c, s\u00a0konkr\u00e9tnym taktick\u00fdm n\u00e1metom. Obsah \u0161t\u00fadie re\u0161pektuje dosiahnut\u00e9 v\u00fdsledky technologick\u00e9ho rozvoja a\u00a0mo\u017enosti simula\u010dn\u00fdch a\u00a0v\u00fdcvikov\u00fdch [&hellip;]","og_url":"https:\/\/dssi.sk\/en\/takticky-simulacny-vycvikovy-system-pre-vycvik-bojvej-cinnosti-v-meste-simcity\/","og_site_name":"DSSI","twitter_card":"summary_large_image","twitter_misc":{"Est. reading time":"2 minutes"},"schema":{"@context":"https:\/\/schema.org","@graph":[{"@type":"WebPage","@id":"https:\/\/dssi.sk\/en\/takticky-simulacny-vycvikovy-system-pre-vycvik-bojvej-cinnosti-v-meste-simcity\/","url":"https:\/\/dssi.sk\/en\/takticky-simulacny-vycvikovy-system-pre-vycvik-bojvej-cinnosti-v-meste-simcity\/","name":"Taktick\u00fd simula\u010dn\u00fd v\u00fdcvikov\u00fd syst\u00e9m pre v\u00fdcvik bojvej \u010dinnosti v meste \u2013 SIMCITY - DSSI","isPartOf":{"@id":"https:\/\/dssi.sk\/#website"},"datePublished":"2019-09-16T14:01:00+00:00","breadcrumb":{"@id":"https:\/\/dssi.sk\/en\/takticky-simulacny-vycvikovy-system-pre-vycvik-bojvej-cinnosti-v-meste-simcity\/#breadcrumb"},"inLanguage":"en-US","potentialAction":[{"@type":"ReadAction","target":["https:\/\/dssi.sk\/en\/takticky-simulacny-vycvikovy-system-pre-vycvik-bojvej-cinnosti-v-meste-simcity\/"]}]},{"@type":"BreadcrumbList","@id":"https:\/\/dssi.sk\/en\/takticky-simulacny-vycvikovy-system-pre-vycvik-bojvej-cinnosti-v-meste-simcity\/#breadcrumb","itemListElement":[{"@type":"ListItem","position":1,"name":"Home","item":"https:\/\/dssi.sk\/"},{"@type":"ListItem","position":2,"name":"Taktick\u00fd simula\u010dn\u00fd v\u00fdcvikov\u00fd syst\u00e9m pre v\u00fdcvik bojvej \u010dinnosti v meste \u2013 SIMCITY"}]},{"@type":"WebSite","@id":"https:\/\/dssi.sk\/#website","url":"https:\/\/dssi.sk\/","name":"DSSI","description":"Development | Services | Security | Innovations","publisher":{"@id":"https:\/\/dssi.sk\/#organization"},"potentialAction":[{"@type":"SearchAction","target":{"@type":"EntryPoint","urlTemplate":"https:\/\/dssi.sk\/?s={search_term_string}"},"query-input":{"@type":"PropertyValueSpecification","valueRequired":true,"valueName":"search_term_string"}}],"inLanguage":"en-US"},{"@type":"Organization","@id":"https:\/\/dssi.sk\/#organization","name":"DSSI a.s.","url":"https:\/\/dssi.sk\/","logo":{"@type":"ImageObject","inLanguage":"en-US","@id":"https:\/\/dssi.sk\/#\/schema\/logo\/image\/","url":"https:\/\/dssi.sk\/wp-content\/uploads\/2019\/09\/logo-dssi-horizontal1.jpg","contentUrl":"https:\/\/dssi.sk\/wp-content\/uploads\/2019\/09\/logo-dssi-horizontal1.jpg","width":520,"height":520,"caption":"DSSI a.s."},"image":{"@id":"https:\/\/dssi.sk\/#\/schema\/logo\/image\/"}}]}},"_links":{"self":[{"href":"https:\/\/dssi.sk\/en\/wp-json\/wp\/v2\/pages\/250","targetHints":{"allow":["GET"]}}],"collection":[{"href":"https:\/\/dssi.sk\/en\/wp-json\/wp\/v2\/pages"}],"about":[{"href":"https:\/\/dssi.sk\/en\/wp-json\/wp\/v2\/types\/page"}],"author":[{"embeddable":true,"href":"https:\/\/dssi.sk\/en\/wp-json\/wp\/v2\/users\/1"}],"replies":[{"embeddable":true,"href":"https:\/\/dssi.sk\/en\/wp-json\/wp\/v2\/comments?post=250"}],"version-history":[{"count":2,"href":"https:\/\/dssi.sk\/en\/wp-json\/wp\/v2\/pages\/250\/revisions"}],"predecessor-version":[{"id":254,"href":"https:\/\/dssi.sk\/en\/wp-json\/wp\/v2\/pages\/250\/revisions\/254"}],"wp:attachment":[{"href":"https:\/\/dssi.sk\/en\/wp-json\/wp\/v2\/media?parent=250"}],"curies":[{"name":"wp","href":"https:\/\/api.w.org\/{rel}","templated":true}]}}