{"id":258,"date":"2019-09-16T16:09:14","date_gmt":"2019-09-16T14:09:14","guid":{"rendered":"http:\/\/dssi.h2studio.net\/?page_id=258"},"modified":"2019-09-16T16:09:14","modified_gmt":"2019-09-16T14:09:14","slug":"vyuzitie-nanotechnologii-pre-ozbrojene-sily-slovenskej-republiky","status":"publish","type":"page","link":"https:\/\/dssi.sk\/en\/vyuzitie-nanotechnologii-pre-ozbrojene-sily-slovenskej-republiky\/","title":{"rendered":"Vyu\u017eitie nanotechnol\u00f3gi\u00ed pre Ozbrojen\u00e9 sily Slovenskej republiky"},"content":{"rendered":"<p>[et_pb_section fb_built=&#8220;1&#8243; admin_label=&#8220;section&#8220; _builder_version=&#8220;3.25.4&#8243; custom_padding=&#8220;0px||&#8220;][et_pb_row custom_margin=&#8220;||&#8220; admin_label=&#8220;row&#8220; _builder_version=&#8220;3.25.4&#8243; background_size=&#8220;initial&#8220; background_position=&#8220;top_left&#8220; background_repeat=&#8220;repeat&#8220;][et_pb_column type=&#8220;4_4&#8243; _builder_version=&#8220;3.25&#8243; custom_padding=&#8220;|||&#8220; custom_padding__hover=&#8220;|||&#8220;][et_pb_text _builder_version=&#8220;3.25.4&#8243; _dynamic_attributes=&#8220;content&#8220; text_font=&#8220;|||on|||||&#8220; text_text_align=&#8220;center&#8220; text_font_size=&#8220;30px&#8220; link_font=&#8220;||||||||&#8220; ul_font=&#8220;||||||||&#8220; ol_font=&#8220;||||||||&#8220; quote_font=&#8220;||||||||&#8220; header_font=&#8220;||||||||&#8220; header_2_font=&#8220;||||||||&#8220; background_color=&#8220;rgba(0,0,0,0)&#8220; width=&#8220;100%&#8220; max_width=&#8220;100%&#8220;]@ET-DC@eyJkeW5hbWljIjp0cnVlLCJjb250ZW50IjoicG9zdF90aXRsZSIsInNldHRpbmdzIjp7ImJlZm9yZSI6IiIsImFmdGVyIjoiIn19@[\/et_pb_text][et_pb_text admin_label=&#8220;Text&#8220; _builder_version=&#8220;3.25.4&#8243; background_size=&#8220;initial&#8220; background_position=&#8220;top_left&#8220; background_repeat=&#8220;repeat&#8220;]<\/p>\n<p>Nanotechnol\u00f3gie s\u00fa technol\u00f3gie ktor\u00e9 umo\u017e\u0148uj\u00fa aplikova\u0165 r\u00f4zne technick\u00e9 \u00fapravy, dovo\u013euj\u00fa sk\u00fama\u0165, vizualizova\u0165, realizova\u0165, vyr\u00e1ba\u0165, chr\u00e1ni\u0165, manipulova\u0165, mera\u0165 na \u00farovni n\u00e1no\u010dast\u00edc, ktor\u00fdch rozmery s\u00fa ozaj miniat\u00farne, zhruba od nieko\u013ek\u00fdch nanometrov a\u017e do nieko\u013ek\u00fdch desiatok, resp. stoviek nm. Tu mo\u017eno zov\u0161eobecni\u0165 realitu: \u201e\u010c\u00edm men\u0161\u00ed, t\u00fdm \u00fa\u010dinnej\u0161\u00ed\u201c a\u00a0rozmerovo 1nm = 10<span>\u00a0<\/span><sup>-9<\/sup><span>\u00a0<\/span>m. Dimenzie nanosyst\u00e9mov a\u00a0ich zlo\u017eiek sa pohybuj\u00fa vo ve\u013ekosti molekuly, ktor\u00e1 je ve\u013ekosti 0,1 a\u017e 100 nanometrov (nm).<\/p>\n<p>Ako vypl\u00fdva zo \u0161t\u00fadie anal\u00fdz v\u00fdsledkov sledovate\u013esk\u00e9ho v\u00fdskumu nanotechnol\u00f3gi\u00ed pre Ozbrojen\u00e9 sily Slovenskej republiky, nadobudnut\u00e9 poznatky nach\u00e1dzaj\u00fa obrovsk\u00e9, \u0161irok\u00e9 a\u00a0praktick\u00e9 uplatnenie, \u010di u\u017e v\u00a0oblasti ochrany vojaka \u2013 bojovn\u00edka, ochrann\u00fdch odevov, ochrann\u00fdch pom\u00f4cok, spojenia, aplik\u00e1ci\u00ed stealth technol\u00f3gi\u00ed (nepozorovate\u013enos\u0165), ochrany proti ZHN, plynom, kvapalin\u00e1m, chemick\u00fdm a\u00a0biologick\u00fdm prostriedkom, vo v\u00fdrobe filtrov pre r\u00f4zne \u00fa\u010dely. Zasahuj\u00fa oblas\u0165 spojovacej techniky, oblas\u0165 nano a\u00a0mikrosyst\u00e9mov, v\u00fdpo\u010dtovej techniky, aplik\u00e1cie stealth technol\u00f3gi\u00ed, oblas\u0165 maskovania a\u00a0kamufl\u00e1\u017e\u00ed. Nachadzaj\u00fa uplatnenie v\u00a0letectve a\u00a0aerodynamike v\u00f4bec, raketovej technike, pri v\u00fdrobe zbra\u0148ov\u00fdch syst\u00e9mov a\u00a0zbran\u00ed, at\u010f..<\/p>\n<p>[\/et_pb_text][\/et_pb_column][\/et_pb_row][\/et_pb_section]<\/p>","protected":false},"excerpt":{"rendered":"<p>Nanotechnol\u00f3gie s\u00fa technol\u00f3gie ktor\u00e9 umo\u017e\u0148uj\u00fa aplikova\u0165 r\u00f4zne technick\u00e9 \u00fapravy, dovo\u013euj\u00fa sk\u00fama\u0165, vizualizova\u0165, realizova\u0165, vyr\u00e1ba\u0165, chr\u00e1ni\u0165, manipulova\u0165, mera\u0165 na \u00farovni n\u00e1no\u010dast\u00edc, ktor\u00fdch rozmery s\u00fa ozaj miniat\u00farne, zhruba od nieko\u013ek\u00fdch nanometrov a\u017e do nieko\u013ek\u00fdch desiatok, resp. stoviek nm. Tu mo\u017eno zov\u0161eobecni\u0165 realitu: \u201e\u010c\u00edm men\u0161\u00ed, t\u00fdm \u00fa\u010dinnej\u0161\u00ed\u201c a\u00a0rozmerovo 1nm = 10\u00a0-9\u00a0m. Dimenzie nanosyst\u00e9mov a\u00a0ich zlo\u017eiek sa pohybuj\u00fa vo [&hellip;]<\/p>","protected":false},"author":1,"featured_media":0,"parent":0,"menu_order":0,"comment_status":"closed","ping_status":"closed","template":"","meta":{"_et_pb_use_builder":"on","_et_pb_old_content":"","_et_gb_content_width":"","inline_featured_image":false,"_monsterinsights_skip_tracking":false,"_monsterinsights_sitenote_active":false,"_monsterinsights_sitenote_note":"","_monsterinsights_sitenote_category":0,"footnotes":""},"class_list":["post-258","page","type-page","status-publish","hentry"],"yoast_head":"<!-- This site is optimized with the Yoast SEO plugin v26.1.1 - https:\/\/yoast.com\/wordpress\/plugins\/seo\/ -->\n<title>Vyu\u017eitie nanotechnol\u00f3gi\u00ed pre Ozbrojen\u00e9 sily Slovenskej republiky - DSSI<\/title>\n<meta name=\"robots\" content=\"index, follow, max-snippet:-1, max-image-preview:large, max-video-preview:-1\" \/>\n<link rel=\"canonical\" href=\"http:\/\/dssi.sk\/en\/vyuzitie-nanotechnologii-pre-ozbrojene-sily-slovenskej-republiky\/\" \/>\n<meta property=\"og:locale\" content=\"en_US\" \/>\n<meta property=\"og:type\" content=\"article\" \/>\n<meta property=\"og:title\" content=\"Vyu\u017eitie nanotechnol\u00f3gi\u00ed pre Ozbrojen\u00e9 sily Slovenskej republiky - DSSI\" \/>\n<meta property=\"og:description\" content=\"Nanotechnol\u00f3gie s\u00fa technol\u00f3gie ktor\u00e9 umo\u017e\u0148uj\u00fa aplikova\u0165 r\u00f4zne technick\u00e9 \u00fapravy, dovo\u013euj\u00fa sk\u00fama\u0165, vizualizova\u0165, realizova\u0165, vyr\u00e1ba\u0165, chr\u00e1ni\u0165, manipulova\u0165, mera\u0165 na \u00farovni n\u00e1no\u010dast\u00edc, ktor\u00fdch rozmery s\u00fa ozaj miniat\u00farne, zhruba od nieko\u013ek\u00fdch nanometrov a\u017e do nieko\u013ek\u00fdch desiatok, resp. stoviek nm. Tu mo\u017eno zov\u0161eobecni\u0165 realitu: \u201e\u010c\u00edm men\u0161\u00ed, t\u00fdm \u00fa\u010dinnej\u0161\u00ed\u201c a\u00a0rozmerovo 1nm = 10\u00a0-9\u00a0m. Dimenzie nanosyst\u00e9mov a\u00a0ich zlo\u017eiek sa pohybuj\u00fa vo [&hellip;]\" \/>\n<meta property=\"og:url\" content=\"http:\/\/dssi.sk\/en\/vyuzitie-nanotechnologii-pre-ozbrojene-sily-slovenskej-republiky\/\" \/>\n<meta property=\"og:site_name\" content=\"DSSI\" \/>\n<meta name=\"twitter:card\" content=\"summary_large_image\" \/>\n<meta name=\"twitter:label1\" content=\"Est. reading time\" \/>\n\t<meta name=\"twitter:data1\" content=\"2 minutes\" \/>\n<script type=\"application\/ld+json\" class=\"yoast-schema-graph\">{\"@context\":\"https:\/\/schema.org\",\"@graph\":[{\"@type\":\"WebPage\",\"@id\":\"http:\/\/dssi.sk\/en\/vyuzitie-nanotechnologii-pre-ozbrojene-sily-slovenskej-republiky\/\",\"url\":\"http:\/\/dssi.sk\/en\/vyuzitie-nanotechnologii-pre-ozbrojene-sily-slovenskej-republiky\/\",\"name\":\"Vyu\u017eitie nanotechnol\u00f3gi\u00ed pre Ozbrojen\u00e9 sily Slovenskej republiky - DSSI\",\"isPartOf\":{\"@id\":\"https:\/\/dssi.sk\/#website\"},\"datePublished\":\"2019-09-16T14:09:14+00:00\",\"breadcrumb\":{\"@id\":\"http:\/\/dssi.sk\/en\/vyuzitie-nanotechnologii-pre-ozbrojene-sily-slovenskej-republiky\/#breadcrumb\"},\"inLanguage\":\"en-US\",\"potentialAction\":[{\"@type\":\"ReadAction\",\"target\":[\"http:\/\/dssi.sk\/en\/vyuzitie-nanotechnologii-pre-ozbrojene-sily-slovenskej-republiky\/\"]}]},{\"@type\":\"BreadcrumbList\",\"@id\":\"http:\/\/dssi.sk\/en\/vyuzitie-nanotechnologii-pre-ozbrojene-sily-slovenskej-republiky\/#breadcrumb\",\"itemListElement\":[{\"@type\":\"ListItem\",\"position\":1,\"name\":\"Home\",\"item\":\"https:\/\/dssi.sk\/\"},{\"@type\":\"ListItem\",\"position\":2,\"name\":\"Vyu\u017eitie nanotechnol\u00f3gi\u00ed pre Ozbrojen\u00e9 sily Slovenskej republiky\"}]},{\"@type\":\"WebSite\",\"@id\":\"https:\/\/dssi.sk\/#website\",\"url\":\"https:\/\/dssi.sk\/\",\"name\":\"DSSI\",\"description\":\"Development | Services | Security | Innovations\",\"publisher\":{\"@id\":\"https:\/\/dssi.sk\/#organization\"},\"potentialAction\":[{\"@type\":\"SearchAction\",\"target\":{\"@type\":\"EntryPoint\",\"urlTemplate\":\"https:\/\/dssi.sk\/?s={search_term_string}\"},\"query-input\":{\"@type\":\"PropertyValueSpecification\",\"valueRequired\":true,\"valueName\":\"search_term_string\"}}],\"inLanguage\":\"en-US\"},{\"@type\":\"Organization\",\"@id\":\"https:\/\/dssi.sk\/#organization\",\"name\":\"DSSI a.s.\",\"url\":\"https:\/\/dssi.sk\/\",\"logo\":{\"@type\":\"ImageObject\",\"inLanguage\":\"en-US\",\"@id\":\"https:\/\/dssi.sk\/#\/schema\/logo\/image\/\",\"url\":\"https:\/\/dssi.sk\/wp-content\/uploads\/2019\/09\/logo-dssi-horizontal1.jpg\",\"contentUrl\":\"https:\/\/dssi.sk\/wp-content\/uploads\/2019\/09\/logo-dssi-horizontal1.jpg\",\"width\":520,\"height\":520,\"caption\":\"DSSI a.s.\"},\"image\":{\"@id\":\"https:\/\/dssi.sk\/#\/schema\/logo\/image\/\"}}]}<\/script>\n<!-- \/ Yoast SEO plugin. -->","yoast_head_json":{"title":"Vyu\u017eitie nanotechnol\u00f3gi\u00ed pre Ozbrojen\u00e9 sily Slovenskej republiky - DSSI","robots":{"index":"index","follow":"follow","max-snippet":"max-snippet:-1","max-image-preview":"max-image-preview:large","max-video-preview":"max-video-preview:-1"},"canonical":"http:\/\/dssi.sk\/en\/vyuzitie-nanotechnologii-pre-ozbrojene-sily-slovenskej-republiky\/","og_locale":"en_US","og_type":"article","og_title":"Vyu\u017eitie nanotechnol\u00f3gi\u00ed pre Ozbrojen\u00e9 sily Slovenskej republiky - DSSI","og_description":"Nanotechnol\u00f3gie s\u00fa technol\u00f3gie ktor\u00e9 umo\u017e\u0148uj\u00fa aplikova\u0165 r\u00f4zne technick\u00e9 \u00fapravy, dovo\u013euj\u00fa sk\u00fama\u0165, vizualizova\u0165, realizova\u0165, vyr\u00e1ba\u0165, chr\u00e1ni\u0165, manipulova\u0165, mera\u0165 na \u00farovni n\u00e1no\u010dast\u00edc, ktor\u00fdch rozmery s\u00fa ozaj miniat\u00farne, zhruba od nieko\u013ek\u00fdch nanometrov a\u017e do nieko\u013ek\u00fdch desiatok, resp. stoviek nm. Tu mo\u017eno zov\u0161eobecni\u0165 realitu: \u201e\u010c\u00edm men\u0161\u00ed, t\u00fdm \u00fa\u010dinnej\u0161\u00ed\u201c a\u00a0rozmerovo 1nm = 10\u00a0-9\u00a0m. Dimenzie nanosyst\u00e9mov a\u00a0ich zlo\u017eiek sa pohybuj\u00fa vo [&hellip;]","og_url":"http:\/\/dssi.sk\/en\/vyuzitie-nanotechnologii-pre-ozbrojene-sily-slovenskej-republiky\/","og_site_name":"DSSI","twitter_card":"summary_large_image","twitter_misc":{"Est. reading time":"2 minutes"},"schema":{"@context":"https:\/\/schema.org","@graph":[{"@type":"WebPage","@id":"http:\/\/dssi.sk\/en\/vyuzitie-nanotechnologii-pre-ozbrojene-sily-slovenskej-republiky\/","url":"http:\/\/dssi.sk\/en\/vyuzitie-nanotechnologii-pre-ozbrojene-sily-slovenskej-republiky\/","name":"Vyu\u017eitie nanotechnol\u00f3gi\u00ed pre Ozbrojen\u00e9 sily Slovenskej republiky - DSSI","isPartOf":{"@id":"https:\/\/dssi.sk\/#website"},"datePublished":"2019-09-16T14:09:14+00:00","breadcrumb":{"@id":"http:\/\/dssi.sk\/en\/vyuzitie-nanotechnologii-pre-ozbrojene-sily-slovenskej-republiky\/#breadcrumb"},"inLanguage":"en-US","potentialAction":[{"@type":"ReadAction","target":["http:\/\/dssi.sk\/en\/vyuzitie-nanotechnologii-pre-ozbrojene-sily-slovenskej-republiky\/"]}]},{"@type":"BreadcrumbList","@id":"http:\/\/dssi.sk\/en\/vyuzitie-nanotechnologii-pre-ozbrojene-sily-slovenskej-republiky\/#breadcrumb","itemListElement":[{"@type":"ListItem","position":1,"name":"Home","item":"https:\/\/dssi.sk\/"},{"@type":"ListItem","position":2,"name":"Vyu\u017eitie nanotechnol\u00f3gi\u00ed pre Ozbrojen\u00e9 sily Slovenskej republiky"}]},{"@type":"WebSite","@id":"https:\/\/dssi.sk\/#website","url":"https:\/\/dssi.sk\/","name":"DSSI","description":"Development | Services | Security | Innovations","publisher":{"@id":"https:\/\/dssi.sk\/#organization"},"potentialAction":[{"@type":"SearchAction","target":{"@type":"EntryPoint","urlTemplate":"https:\/\/dssi.sk\/?s={search_term_string}"},"query-input":{"@type":"PropertyValueSpecification","valueRequired":true,"valueName":"search_term_string"}}],"inLanguage":"en-US"},{"@type":"Organization","@id":"https:\/\/dssi.sk\/#organization","name":"DSSI a.s.","url":"https:\/\/dssi.sk\/","logo":{"@type":"ImageObject","inLanguage":"en-US","@id":"https:\/\/dssi.sk\/#\/schema\/logo\/image\/","url":"https:\/\/dssi.sk\/wp-content\/uploads\/2019\/09\/logo-dssi-horizontal1.jpg","contentUrl":"https:\/\/dssi.sk\/wp-content\/uploads\/2019\/09\/logo-dssi-horizontal1.jpg","width":520,"height":520,"caption":"DSSI a.s."},"image":{"@id":"https:\/\/dssi.sk\/#\/schema\/logo\/image\/"}}]}},"_links":{"self":[{"href":"https:\/\/dssi.sk\/en\/wp-json\/wp\/v2\/pages\/258","targetHints":{"allow":["GET"]}}],"collection":[{"href":"https:\/\/dssi.sk\/en\/wp-json\/wp\/v2\/pages"}],"about":[{"href":"https:\/\/dssi.sk\/en\/wp-json\/wp\/v2\/types\/page"}],"author":[{"embeddable":true,"href":"https:\/\/dssi.sk\/en\/wp-json\/wp\/v2\/users\/1"}],"replies":[{"embeddable":true,"href":"https:\/\/dssi.sk\/en\/wp-json\/wp\/v2\/comments?post=258"}],"version-history":[{"count":2,"href":"https:\/\/dssi.sk\/en\/wp-json\/wp\/v2\/pages\/258\/revisions"}],"predecessor-version":[{"id":262,"href":"https:\/\/dssi.sk\/en\/wp-json\/wp\/v2\/pages\/258\/revisions\/262"}],"wp:attachment":[{"href":"https:\/\/dssi.sk\/en\/wp-json\/wp\/v2\/media?parent=258"}],"curies":[{"name":"wp","href":"https:\/\/api.w.org\/{rel}","templated":true}]}}