{"id":265,"date":"2019-09-16T16:11:11","date_gmt":"2019-09-16T14:11:11","guid":{"rendered":"http:\/\/dssi.h2studio.net\/?page_id=265"},"modified":"2019-09-16T16:11:11","modified_gmt":"2019-09-16T14:11:11","slug":"moznosti-modernizacie-sustavy-odpruzenia-vozidla-aligator","status":"publish","type":"page","link":"https:\/\/dssi.sk\/en\/moznosti-modernizacie-sustavy-odpruzenia-vozidla-aligator\/","title":{"rendered":"Mo\u017enosti moderniz\u00e1cie s\u00fastavy odpru\u017eenia vozidla ALIG\u00c1TOR"},"content":{"rendered":"<p>[et_pb_section fb_built=&#8220;1&#8243; admin_label=&#8220;section&#8220; _builder_version=&#8220;3.25.4&#8243; custom_padding=&#8220;0px||&#8220;][et_pb_row custom_margin=&#8220;||&#8220; admin_label=&#8220;row&#8220; _builder_version=&#8220;3.25.4&#8243; background_size=&#8220;initial&#8220; background_position=&#8220;top_left&#8220; background_repeat=&#8220;repeat&#8220;][et_pb_column type=&#8220;4_4&#8243; _builder_version=&#8220;3.25&#8243; custom_padding=&#8220;|||&#8220; custom_padding__hover=&#8220;|||&#8220;][et_pb_text _builder_version=&#8220;3.25.4&#8243; _dynamic_attributes=&#8220;content&#8220; text_font=&#8220;|||on|||||&#8220; text_text_align=&#8220;center&#8220; text_font_size=&#8220;30px&#8220; link_font=&#8220;||||||||&#8220; ul_font=&#8220;||||||||&#8220; ol_font=&#8220;||||||||&#8220; quote_font=&#8220;||||||||&#8220; header_font=&#8220;||||||||&#8220; header_2_font=&#8220;||||||||&#8220; background_color=&#8220;rgba(0,0,0,0)&#8220; width=&#8220;100%&#8220; max_width=&#8220;100%&#8220;]@ET-DC@eyJkeW5hbWljIjp0cnVlLCJjb250ZW50IjoicG9zdF90aXRsZSIsInNldHRpbmdzIjp7ImJlZm9yZSI6IiIsImFmdGVyIjoiIn19@[\/et_pb_text][et_pb_text admin_label=&#8220;Text&#8220; _builder_version=&#8220;3.25.4&#8243; background_size=&#8220;initial&#8220; background_position=&#8220;top_left&#8220; background_repeat=&#8220;repeat&#8220;]<\/p>\n<p>Teoretick\u00e1 \u0161t\u00fadia pojedn\u00e1va o mo\u017enostiach\u00a0rekon\u0161trukcii syst\u00e9mu pru\u017eenia vozidla ALIG\u00c1TOR 4\u00d74.<\/p>\n<p>V\u00a0prvej kapitole s\u00fa teoretick\u00e9 v\u00fdchodisk\u00e1 rie\u0161enej problematiky.<br \/>Druh\u00e1 kapitola obsahuje rozbor s\u00fa\u010dasn\u00fdch syst\u00e9mov pru\u017eenia pou\u017e\u00edvan\u00fdch vo vojensk\u00fdch vozidl\u00e1ch, \u010di u\u017e pas\u00edvne syst\u00e9my pru\u017eenia alebo regulovate\u013en\u00e9 syst\u00e9my pru\u017eenia.<br \/>Tretia kapitola obsahuje anal\u00fdzu mo\u017enost\u00ed implement\u00e1cie regulovate\u013en\u00fdch syst\u00e9mov do vozidla ALIG\u00c1TOR 4\u00d74.<\/p>\n<p>Kapitola \u0161tyri obsahuje v\u00fdsledky simul\u00e1ci\u00ed s\u00fa\u010dasn\u00e9ho syst\u00e9mu pru\u017eenia a\u00a0navrhovan\u00fdch regulovate\u013en\u00fdch syst\u00e9mov pru\u017eenia. S\u00fa preveden\u00e9 kosimul\u00e1cie virtu\u00e1lneho modelu vozidla a\u00a0riadiacich obvodov. Uveden\u00e9 grafy obsahuj\u00fa v\u00fdsledky semiakt\u00edvneho syst\u00e9mu pru\u017eenia a\u00a0akt\u00edvneho syst\u00e9mu pru\u017eenia.<\/p>\n<p>V\u00a0kapitole p\u00e4\u0165 s\u00fa porovnan\u00e9 v\u00fdsledky simul\u00e1ci\u00ed s\u00fa\u010dasn\u00e9ho syst\u00e9mu pru\u017eenia s\u00a0navrhovan\u00fdmi syst\u00e9mami pru\u017eenia.<\/p>\n<p>V\u00a0z\u00e1vere s\u00fa zhodnoten\u00e9 navrhnut\u00e9 mo\u017enosti rekon\u0161trukcie syst\u00e9mu pru\u017eenia.<\/p>\n<p>[\/et_pb_text][\/et_pb_column][\/et_pb_row][\/et_pb_section]<\/p>","protected":false},"excerpt":{"rendered":"<p>Teoretick\u00e1 \u0161t\u00fadia pojedn\u00e1va o mo\u017enostiach\u00a0rekon\u0161trukcii syst\u00e9mu pru\u017eenia vozidla ALIG\u00c1TOR 4\u00d74. V\u00a0prvej kapitole s\u00fa teoretick\u00e9 v\u00fdchodisk\u00e1 rie\u0161enej problematiky.Druh\u00e1 kapitola obsahuje rozbor s\u00fa\u010dasn\u00fdch syst\u00e9mov pru\u017eenia pou\u017e\u00edvan\u00fdch vo vojensk\u00fdch vozidl\u00e1ch, \u010di u\u017e pas\u00edvne syst\u00e9my pru\u017eenia alebo regulovate\u013en\u00e9 syst\u00e9my pru\u017eenia.Tretia kapitola obsahuje anal\u00fdzu mo\u017enost\u00ed implement\u00e1cie regulovate\u013en\u00fdch syst\u00e9mov do vozidla ALIG\u00c1TOR 4\u00d74. Kapitola \u0161tyri obsahuje v\u00fdsledky simul\u00e1ci\u00ed s\u00fa\u010dasn\u00e9ho syst\u00e9mu pru\u017eenia [&hellip;]<\/p>","protected":false},"author":1,"featured_media":0,"parent":0,"menu_order":0,"comment_status":"closed","ping_status":"closed","template":"","meta":{"_et_pb_use_builder":"on","_et_pb_old_content":"","_et_gb_content_width":"","inline_featured_image":false,"_monsterinsights_skip_tracking":false,"_monsterinsights_sitenote_active":false,"_monsterinsights_sitenote_note":"","_monsterinsights_sitenote_category":0,"footnotes":""},"class_list":["post-265","page","type-page","status-publish","hentry"],"yoast_head":"<!-- This site is optimized with the Yoast SEO plugin v26.1.1 - https:\/\/yoast.com\/wordpress\/plugins\/seo\/ -->\n<title>Mo\u017enosti moderniz\u00e1cie s\u00fastavy odpru\u017eenia vozidla ALIG\u00c1TOR - DSSI<\/title>\n<meta name=\"robots\" content=\"index, follow, max-snippet:-1, max-image-preview:large, max-video-preview:-1\" \/>\n<link rel=\"canonical\" href=\"https:\/\/dssi.sk\/en\/moznosti-modernizacie-sustavy-odpruzenia-vozidla-aligator\/\" \/>\n<meta property=\"og:locale\" content=\"en_US\" \/>\n<meta property=\"og:type\" content=\"article\" \/>\n<meta property=\"og:title\" content=\"Mo\u017enosti moderniz\u00e1cie s\u00fastavy odpru\u017eenia vozidla ALIG\u00c1TOR - DSSI\" \/>\n<meta property=\"og:description\" content=\"Teoretick\u00e1 \u0161t\u00fadia pojedn\u00e1va o mo\u017enostiach\u00a0rekon\u0161trukcii syst\u00e9mu pru\u017eenia vozidla ALIG\u00c1TOR 4\u00d74. V\u00a0prvej kapitole s\u00fa teoretick\u00e9 v\u00fdchodisk\u00e1 rie\u0161enej problematiky.Druh\u00e1 kapitola obsahuje rozbor s\u00fa\u010dasn\u00fdch syst\u00e9mov pru\u017eenia pou\u017e\u00edvan\u00fdch vo vojensk\u00fdch vozidl\u00e1ch, \u010di u\u017e pas\u00edvne syst\u00e9my pru\u017eenia alebo regulovate\u013en\u00e9 syst\u00e9my pru\u017eenia.Tretia kapitola obsahuje anal\u00fdzu mo\u017enost\u00ed implement\u00e1cie regulovate\u013en\u00fdch syst\u00e9mov do vozidla ALIG\u00c1TOR 4\u00d74. Kapitola \u0161tyri obsahuje v\u00fdsledky simul\u00e1ci\u00ed s\u00fa\u010dasn\u00e9ho syst\u00e9mu pru\u017eenia [&hellip;]\" \/>\n<meta property=\"og:url\" content=\"https:\/\/dssi.sk\/en\/moznosti-modernizacie-sustavy-odpruzenia-vozidla-aligator\/\" \/>\n<meta property=\"og:site_name\" content=\"DSSI\" \/>\n<meta name=\"twitter:card\" content=\"summary_large_image\" \/>\n<meta name=\"twitter:label1\" content=\"Est. reading time\" \/>\n\t<meta name=\"twitter:data1\" content=\"1 minute\" \/>\n<script type=\"application\/ld+json\" class=\"yoast-schema-graph\">{\"@context\":\"https:\/\/schema.org\",\"@graph\":[{\"@type\":\"WebPage\",\"@id\":\"https:\/\/dssi.sk\/en\/moznosti-modernizacie-sustavy-odpruzenia-vozidla-aligator\/\",\"url\":\"https:\/\/dssi.sk\/en\/moznosti-modernizacie-sustavy-odpruzenia-vozidla-aligator\/\",\"name\":\"Mo\u017enosti moderniz\u00e1cie s\u00fastavy odpru\u017eenia vozidla ALIG\u00c1TOR - DSSI\",\"isPartOf\":{\"@id\":\"https:\/\/dssi.sk\/#website\"},\"datePublished\":\"2019-09-16T14:11:11+00:00\",\"breadcrumb\":{\"@id\":\"https:\/\/dssi.sk\/en\/moznosti-modernizacie-sustavy-odpruzenia-vozidla-aligator\/#breadcrumb\"},\"inLanguage\":\"en-US\",\"potentialAction\":[{\"@type\":\"ReadAction\",\"target\":[\"https:\/\/dssi.sk\/en\/moznosti-modernizacie-sustavy-odpruzenia-vozidla-aligator\/\"]}]},{\"@type\":\"BreadcrumbList\",\"@id\":\"https:\/\/dssi.sk\/en\/moznosti-modernizacie-sustavy-odpruzenia-vozidla-aligator\/#breadcrumb\",\"itemListElement\":[{\"@type\":\"ListItem\",\"position\":1,\"name\":\"Home\",\"item\":\"https:\/\/dssi.sk\/\"},{\"@type\":\"ListItem\",\"position\":2,\"name\":\"Mo\u017enosti moderniz\u00e1cie s\u00fastavy odpru\u017eenia vozidla ALIG\u00c1TOR\"}]},{\"@type\":\"WebSite\",\"@id\":\"https:\/\/dssi.sk\/#website\",\"url\":\"https:\/\/dssi.sk\/\",\"name\":\"DSSI\",\"description\":\"Development | Services | Security | Innovations\",\"publisher\":{\"@id\":\"https:\/\/dssi.sk\/#organization\"},\"potentialAction\":[{\"@type\":\"SearchAction\",\"target\":{\"@type\":\"EntryPoint\",\"urlTemplate\":\"https:\/\/dssi.sk\/?s={search_term_string}\"},\"query-input\":{\"@type\":\"PropertyValueSpecification\",\"valueRequired\":true,\"valueName\":\"search_term_string\"}}],\"inLanguage\":\"en-US\"},{\"@type\":\"Organization\",\"@id\":\"https:\/\/dssi.sk\/#organization\",\"name\":\"DSSI a.s.\",\"url\":\"https:\/\/dssi.sk\/\",\"logo\":{\"@type\":\"ImageObject\",\"inLanguage\":\"en-US\",\"@id\":\"https:\/\/dssi.sk\/#\/schema\/logo\/image\/\",\"url\":\"https:\/\/dssi.sk\/wp-content\/uploads\/2019\/09\/logo-dssi-horizontal1.jpg\",\"contentUrl\":\"https:\/\/dssi.sk\/wp-content\/uploads\/2019\/09\/logo-dssi-horizontal1.jpg\",\"width\":520,\"height\":520,\"caption\":\"DSSI a.s.\"},\"image\":{\"@id\":\"https:\/\/dssi.sk\/#\/schema\/logo\/image\/\"}}]}<\/script>\n<!-- \/ Yoast SEO plugin. -->","yoast_head_json":{"title":"Mo\u017enosti moderniz\u00e1cie s\u00fastavy odpru\u017eenia vozidla ALIG\u00c1TOR - DSSI","robots":{"index":"index","follow":"follow","max-snippet":"max-snippet:-1","max-image-preview":"max-image-preview:large","max-video-preview":"max-video-preview:-1"},"canonical":"https:\/\/dssi.sk\/en\/moznosti-modernizacie-sustavy-odpruzenia-vozidla-aligator\/","og_locale":"en_US","og_type":"article","og_title":"Mo\u017enosti moderniz\u00e1cie s\u00fastavy odpru\u017eenia vozidla ALIG\u00c1TOR - DSSI","og_description":"Teoretick\u00e1 \u0161t\u00fadia pojedn\u00e1va o mo\u017enostiach\u00a0rekon\u0161trukcii syst\u00e9mu pru\u017eenia vozidla ALIG\u00c1TOR 4\u00d74. V\u00a0prvej kapitole s\u00fa teoretick\u00e9 v\u00fdchodisk\u00e1 rie\u0161enej problematiky.Druh\u00e1 kapitola obsahuje rozbor s\u00fa\u010dasn\u00fdch syst\u00e9mov pru\u017eenia pou\u017e\u00edvan\u00fdch vo vojensk\u00fdch vozidl\u00e1ch, \u010di u\u017e pas\u00edvne syst\u00e9my pru\u017eenia alebo regulovate\u013en\u00e9 syst\u00e9my pru\u017eenia.Tretia kapitola obsahuje anal\u00fdzu mo\u017enost\u00ed implement\u00e1cie regulovate\u013en\u00fdch syst\u00e9mov do vozidla ALIG\u00c1TOR 4\u00d74. Kapitola \u0161tyri obsahuje v\u00fdsledky simul\u00e1ci\u00ed s\u00fa\u010dasn\u00e9ho syst\u00e9mu pru\u017eenia [&hellip;]","og_url":"https:\/\/dssi.sk\/en\/moznosti-modernizacie-sustavy-odpruzenia-vozidla-aligator\/","og_site_name":"DSSI","twitter_card":"summary_large_image","twitter_misc":{"Est. reading time":"1 minute"},"schema":{"@context":"https:\/\/schema.org","@graph":[{"@type":"WebPage","@id":"https:\/\/dssi.sk\/en\/moznosti-modernizacie-sustavy-odpruzenia-vozidla-aligator\/","url":"https:\/\/dssi.sk\/en\/moznosti-modernizacie-sustavy-odpruzenia-vozidla-aligator\/","name":"Mo\u017enosti moderniz\u00e1cie s\u00fastavy odpru\u017eenia vozidla ALIG\u00c1TOR - DSSI","isPartOf":{"@id":"https:\/\/dssi.sk\/#website"},"datePublished":"2019-09-16T14:11:11+00:00","breadcrumb":{"@id":"https:\/\/dssi.sk\/en\/moznosti-modernizacie-sustavy-odpruzenia-vozidla-aligator\/#breadcrumb"},"inLanguage":"en-US","potentialAction":[{"@type":"ReadAction","target":["https:\/\/dssi.sk\/en\/moznosti-modernizacie-sustavy-odpruzenia-vozidla-aligator\/"]}]},{"@type":"BreadcrumbList","@id":"https:\/\/dssi.sk\/en\/moznosti-modernizacie-sustavy-odpruzenia-vozidla-aligator\/#breadcrumb","itemListElement":[{"@type":"ListItem","position":1,"name":"Home","item":"https:\/\/dssi.sk\/"},{"@type":"ListItem","position":2,"name":"Mo\u017enosti moderniz\u00e1cie s\u00fastavy odpru\u017eenia vozidla ALIG\u00c1TOR"}]},{"@type":"WebSite","@id":"https:\/\/dssi.sk\/#website","url":"https:\/\/dssi.sk\/","name":"DSSI","description":"Development | Services | Security | Innovations","publisher":{"@id":"https:\/\/dssi.sk\/#organization"},"potentialAction":[{"@type":"SearchAction","target":{"@type":"EntryPoint","urlTemplate":"https:\/\/dssi.sk\/?s={search_term_string}"},"query-input":{"@type":"PropertyValueSpecification","valueRequired":true,"valueName":"search_term_string"}}],"inLanguage":"en-US"},{"@type":"Organization","@id":"https:\/\/dssi.sk\/#organization","name":"DSSI a.s.","url":"https:\/\/dssi.sk\/","logo":{"@type":"ImageObject","inLanguage":"en-US","@id":"https:\/\/dssi.sk\/#\/schema\/logo\/image\/","url":"https:\/\/dssi.sk\/wp-content\/uploads\/2019\/09\/logo-dssi-horizontal1.jpg","contentUrl":"https:\/\/dssi.sk\/wp-content\/uploads\/2019\/09\/logo-dssi-horizontal1.jpg","width":520,"height":520,"caption":"DSSI a.s."},"image":{"@id":"https:\/\/dssi.sk\/#\/schema\/logo\/image\/"}}]}},"_links":{"self":[{"href":"https:\/\/dssi.sk\/en\/wp-json\/wp\/v2\/pages\/265","targetHints":{"allow":["GET"]}}],"collection":[{"href":"https:\/\/dssi.sk\/en\/wp-json\/wp\/v2\/pages"}],"about":[{"href":"https:\/\/dssi.sk\/en\/wp-json\/wp\/v2\/types\/page"}],"author":[{"embeddable":true,"href":"https:\/\/dssi.sk\/en\/wp-json\/wp\/v2\/users\/1"}],"replies":[{"embeddable":true,"href":"https:\/\/dssi.sk\/en\/wp-json\/wp\/v2\/comments?post=265"}],"version-history":[{"count":2,"href":"https:\/\/dssi.sk\/en\/wp-json\/wp\/v2\/pages\/265\/revisions"}],"predecessor-version":[{"id":270,"href":"https:\/\/dssi.sk\/en\/wp-json\/wp\/v2\/pages\/265\/revisions\/270"}],"wp:attachment":[{"href":"https:\/\/dssi.sk\/en\/wp-json\/wp\/v2\/media?parent=265"}],"curies":[{"name":"wp","href":"https:\/\/api.w.org\/{rel}","templated":true}]}}