{"id":281,"date":"2019-09-16T16:16:25","date_gmt":"2019-09-16T14:16:25","guid":{"rendered":"http:\/\/dssi.h2studio.net\/?page_id=281"},"modified":"2019-09-16T16:16:25","modified_gmt":"2019-09-16T14:16:25","slug":"moznosti-zlepsenia-plavatelnosti-vozidla-aligator","status":"publish","type":"page","link":"https:\/\/dssi.sk\/en\/moznosti-zlepsenia-plavatelnosti-vozidla-aligator\/","title":{"rendered":"Mo\u017enosti zlep\u0161enia pl\u00e1vate\u013enosti vozidla ALIG\u00c1TOR"},"content":{"rendered":"<p>[et_pb_section fb_built=&#8220;1&#8243; admin_label=&#8220;section&#8220; _builder_version=&#8220;3.25.4&#8243; custom_padding=&#8220;0px||&#8220;][et_pb_row custom_margin=&#8220;||&#8220; admin_label=&#8220;row&#8220; _builder_version=&#8220;3.25.4&#8243; background_size=&#8220;initial&#8220; background_position=&#8220;top_left&#8220; background_repeat=&#8220;repeat&#8220;][et_pb_column type=&#8220;4_4&#8243; _builder_version=&#8220;3.25&#8243; custom_padding=&#8220;|||&#8220; custom_padding__hover=&#8220;|||&#8220;][et_pb_text _builder_version=&#8220;3.25.4&#8243; _dynamic_attributes=&#8220;content&#8220; text_font=&#8220;|||on|||||&#8220; text_text_align=&#8220;center&#8220; text_font_size=&#8220;30px&#8220; link_font=&#8220;||||||||&#8220; ul_font=&#8220;||||||||&#8220; ol_font=&#8220;||||||||&#8220; quote_font=&#8220;||||||||&#8220; header_font=&#8220;||||||||&#8220; header_2_font=&#8220;||||||||&#8220; background_color=&#8220;rgba(0,0,0,0)&#8220; width=&#8220;100%&#8220; max_width=&#8220;100%&#8220;]@ET-DC@eyJkeW5hbWljIjp0cnVlLCJjb250ZW50IjoicG9zdF90aXRsZSIsInNldHRpbmdzIjp7ImJlZm9yZSI6IiIsImFmdGVyIjoiIn19@[\/et_pb_text][et_pb_text admin_label=&#8220;Text&#8220; _builder_version=&#8220;3.25.4&#8243; background_size=&#8220;initial&#8220; background_position=&#8220;top_left&#8220; background_repeat=&#8220;repeat&#8220;]<\/p>\n<p>Teoretick\u00e1 \u0161t\u00fadia sa venuje brzdov\u00e9mu syst\u00e9mu vozidla Alig\u00e1tor. Pre potreby jeho moderniz\u00e1cie s\u00fa v\u00a0pr\u00e1ci uveden\u00e9 podklady, z ktor\u00fdch sa bude vych\u00e1dza\u0165 v\u00a0\u010fal\u0161\u00edch etap\u00e1ch pr\u00e1c na projekte.<\/p>\n<p>Z\u00a0h\u013eadiska kon\u0161trukcie brzdov\u00e9ho syst\u00e9mu a\u00a0\u00fa\u010dinku brzdovej s\u00fastavy je potrebn\u00e9 zabezpe\u010di\u0165 po\u017eiadavky, ktor\u00e9 s\u00fa kladen\u00e9 legislat\u00edvou. Touto problematikou sa venuje kapitola 2, kde s\u00fa uveden\u00e9 \u010dasti predpisu EHK 13, ktor\u00e9 sa venuj\u00fa brzd\u00e1m a\u00a0brzdov\u00e9mu \u00fa\u010dinku pre vozidlo danej kateg\u00f3rie.<\/p>\n<p>Na z\u00e1klade t\u00fdchto po\u017eiadaviek sa v\u00a0kapitole 3 sk\u00famaj\u00fa brzdn\u00e9 vlastnosti vozidla v\u00a0r\u00f4znych re\u017eimoch prev\u00e1dzkov\u00e9ho a\u00a0n\u00fadzov\u00e9ho brzdenia pri r\u00f4znych za\u0165a\u017eeniach samotn\u00e9ho vozidla ako aj vozidla s\u00a0pr\u00edvesom.<\/p>\n<p>Najv\u00e1\u017enej\u0161iu rekon\u0161trukciu si vy\u017eaduje brzdov\u00e1 s\u00fastava z\u00a0h\u013eadiska nutnosti zabudovania protiblokovacieho syst\u00e9mu. Z\u00a0toho d\u00f4vodu popisuje kapitola 4 mo\u017enosti a\u00a0vlastnosti t\u00fdchto syst\u00e9mov ako aj vlastnosti vozidla vybaven\u00e9ho syst\u00e9mom ABS.<\/p>\n<p>Pou\u017eitie nevyhnutn\u00e9ho elektronick\u00e9ho protiblokovacieho syst\u00e9mu umo\u017e\u0148uje v\u00a0spolupr\u00e1ci s\u00a0\u010fal\u0161\u00edmi syst\u00e9mami zabezpe\u010di\u0165 aj zlep\u0161enia \u010fal\u0161\u00edch jazdn\u00fdch vlastnost\u00ed vozidla. V\u00a0\u010fal\u0161ej \u010dasti s\u00fa preto pop\u00edsan\u00e9 tie syst\u00e9my, ktor\u00e9 m\u00f4\u017eu pre dan\u00e9 vozidlo prinies\u0165 zv\u00fd\u0161enie jeho \u00fa\u017eitkovej hodnoty. S\u00fa to hlavne syst\u00e9my elektronick\u00e9ho rozdelenia brzdn\u00fdch s\u00edl, protipreklzov\u00e9 syst\u00e9my, syst\u00e9my elektronick\u00fdch diferenci\u00e1lov, syst\u00e9my zabezpe\u010denia stability jazdy.<\/p>\n<p>V\u00a0z\u00e1vere\u010dnej \u010dasti s\u00fa uveden\u00e9 doporu\u010denia pre oblasti, v\u00a0ktor\u00fdch by mala pokra\u010dova\u0165 pr\u00e1ca pri konkr\u00e9tnom kon\u0161truk\u010dnom rie\u0161en\u00ed moderniz\u00e1cie brzdovej s\u00fastavy.<\/p>\n<p>[\/et_pb_text][\/et_pb_column][\/et_pb_row][\/et_pb_section]<\/p>","protected":false},"excerpt":{"rendered":"<p>Teoretick\u00e1 \u0161t\u00fadia sa venuje brzdov\u00e9mu syst\u00e9mu vozidla Alig\u00e1tor. Pre potreby jeho moderniz\u00e1cie s\u00fa v\u00a0pr\u00e1ci uveden\u00e9 podklady, z ktor\u00fdch sa bude vych\u00e1dza\u0165 v\u00a0\u010fal\u0161\u00edch etap\u00e1ch pr\u00e1c na projekte. Z\u00a0h\u013eadiska kon\u0161trukcie brzdov\u00e9ho syst\u00e9mu a\u00a0\u00fa\u010dinku brzdovej s\u00fastavy je potrebn\u00e9 zabezpe\u010di\u0165 po\u017eiadavky, ktor\u00e9 s\u00fa kladen\u00e9 legislat\u00edvou. Touto problematikou sa venuje kapitola 2, kde s\u00fa uveden\u00e9 \u010dasti predpisu EHK 13, ktor\u00e9 [&hellip;]<\/p>","protected":false},"author":1,"featured_media":0,"parent":0,"menu_order":0,"comment_status":"closed","ping_status":"closed","template":"","meta":{"_et_pb_use_builder":"on","_et_pb_old_content":"","_et_gb_content_width":"","inline_featured_image":false,"_monsterinsights_skip_tracking":false,"_monsterinsights_sitenote_active":false,"_monsterinsights_sitenote_note":"","_monsterinsights_sitenote_category":0,"footnotes":""},"class_list":["post-281","page","type-page","status-publish","hentry"],"yoast_head":"<!-- This site is optimized with the Yoast SEO plugin v26.1.1 - https:\/\/yoast.com\/wordpress\/plugins\/seo\/ -->\n<title>Mo\u017enosti zlep\u0161enia pl\u00e1vate\u013enosti vozidla ALIG\u00c1TOR - DSSI<\/title>\n<meta name=\"robots\" content=\"index, follow, max-snippet:-1, max-image-preview:large, max-video-preview:-1\" \/>\n<link rel=\"canonical\" href=\"https:\/\/dssi.sk\/en\/moznosti-zlepsenia-plavatelnosti-vozidla-aligator\/\" \/>\n<meta property=\"og:locale\" content=\"en_US\" \/>\n<meta property=\"og:type\" content=\"article\" \/>\n<meta property=\"og:title\" content=\"Mo\u017enosti zlep\u0161enia pl\u00e1vate\u013enosti vozidla ALIG\u00c1TOR - DSSI\" \/>\n<meta property=\"og:description\" content=\"Teoretick\u00e1 \u0161t\u00fadia sa venuje brzdov\u00e9mu syst\u00e9mu vozidla Alig\u00e1tor. Pre potreby jeho moderniz\u00e1cie s\u00fa v\u00a0pr\u00e1ci uveden\u00e9 podklady, z ktor\u00fdch sa bude vych\u00e1dza\u0165 v\u00a0\u010fal\u0161\u00edch etap\u00e1ch pr\u00e1c na projekte. Z\u00a0h\u013eadiska kon\u0161trukcie brzdov\u00e9ho syst\u00e9mu a\u00a0\u00fa\u010dinku brzdovej s\u00fastavy je potrebn\u00e9 zabezpe\u010di\u0165 po\u017eiadavky, ktor\u00e9 s\u00fa kladen\u00e9 legislat\u00edvou. Touto problematikou sa venuje kapitola 2, kde s\u00fa uveden\u00e9 \u010dasti predpisu EHK 13, ktor\u00e9 [&hellip;]\" \/>\n<meta property=\"og:url\" content=\"https:\/\/dssi.sk\/en\/moznosti-zlepsenia-plavatelnosti-vozidla-aligator\/\" \/>\n<meta property=\"og:site_name\" content=\"DSSI\" \/>\n<meta name=\"twitter:card\" content=\"summary_large_image\" \/>\n<meta name=\"twitter:label1\" content=\"Est. reading time\" \/>\n\t<meta name=\"twitter:data1\" content=\"2 minutes\" \/>\n<script type=\"application\/ld+json\" class=\"yoast-schema-graph\">{\"@context\":\"https:\/\/schema.org\",\"@graph\":[{\"@type\":\"WebPage\",\"@id\":\"https:\/\/dssi.sk\/moznosti-zlepsenia-plavatelnosti-vozidla-aligator\/\",\"url\":\"https:\/\/dssi.sk\/moznosti-zlepsenia-plavatelnosti-vozidla-aligator\/\",\"name\":\"Mo\u017enosti zlep\u0161enia pl\u00e1vate\u013enosti vozidla ALIG\u00c1TOR - DSSI\",\"isPartOf\":{\"@id\":\"https:\/\/dssi.sk\/#website\"},\"datePublished\":\"2019-09-16T14:16:25+00:00\",\"breadcrumb\":{\"@id\":\"https:\/\/dssi.sk\/moznosti-zlepsenia-plavatelnosti-vozidla-aligator\/#breadcrumb\"},\"inLanguage\":\"en-US\",\"potentialAction\":[{\"@type\":\"ReadAction\",\"target\":[\"https:\/\/dssi.sk\/moznosti-zlepsenia-plavatelnosti-vozidla-aligator\/\"]}]},{\"@type\":\"BreadcrumbList\",\"@id\":\"https:\/\/dssi.sk\/moznosti-zlepsenia-plavatelnosti-vozidla-aligator\/#breadcrumb\",\"itemListElement\":[{\"@type\":\"ListItem\",\"position\":1,\"name\":\"Home\",\"item\":\"https:\/\/dssi.sk\/\"},{\"@type\":\"ListItem\",\"position\":2,\"name\":\"Mo\u017enosti zlep\u0161enia pl\u00e1vate\u013enosti vozidla ALIG\u00c1TOR\"}]},{\"@type\":\"WebSite\",\"@id\":\"https:\/\/dssi.sk\/#website\",\"url\":\"https:\/\/dssi.sk\/\",\"name\":\"DSSI\",\"description\":\"Development | Services | Security | Innovations\",\"publisher\":{\"@id\":\"https:\/\/dssi.sk\/#organization\"},\"potentialAction\":[{\"@type\":\"SearchAction\",\"target\":{\"@type\":\"EntryPoint\",\"urlTemplate\":\"https:\/\/dssi.sk\/?s={search_term_string}\"},\"query-input\":{\"@type\":\"PropertyValueSpecification\",\"valueRequired\":true,\"valueName\":\"search_term_string\"}}],\"inLanguage\":\"en-US\"},{\"@type\":\"Organization\",\"@id\":\"https:\/\/dssi.sk\/#organization\",\"name\":\"DSSI a.s.\",\"url\":\"https:\/\/dssi.sk\/\",\"logo\":{\"@type\":\"ImageObject\",\"inLanguage\":\"en-US\",\"@id\":\"https:\/\/dssi.sk\/#\/schema\/logo\/image\/\",\"url\":\"https:\/\/dssi.sk\/wp-content\/uploads\/2019\/09\/logo-dssi-horizontal1.jpg\",\"contentUrl\":\"https:\/\/dssi.sk\/wp-content\/uploads\/2019\/09\/logo-dssi-horizontal1.jpg\",\"width\":520,\"height\":520,\"caption\":\"DSSI a.s.\"},\"image\":{\"@id\":\"https:\/\/dssi.sk\/#\/schema\/logo\/image\/\"}}]}<\/script>\n<!-- \/ Yoast SEO plugin. -->","yoast_head_json":{"title":"Mo\u017enosti zlep\u0161enia pl\u00e1vate\u013enosti vozidla ALIG\u00c1TOR - DSSI","robots":{"index":"index","follow":"follow","max-snippet":"max-snippet:-1","max-image-preview":"max-image-preview:large","max-video-preview":"max-video-preview:-1"},"canonical":"https:\/\/dssi.sk\/en\/moznosti-zlepsenia-plavatelnosti-vozidla-aligator\/","og_locale":"en_US","og_type":"article","og_title":"Mo\u017enosti zlep\u0161enia pl\u00e1vate\u013enosti vozidla ALIG\u00c1TOR - DSSI","og_description":"Teoretick\u00e1 \u0161t\u00fadia sa venuje brzdov\u00e9mu syst\u00e9mu vozidla Alig\u00e1tor. Pre potreby jeho moderniz\u00e1cie s\u00fa v\u00a0pr\u00e1ci uveden\u00e9 podklady, z ktor\u00fdch sa bude vych\u00e1dza\u0165 v\u00a0\u010fal\u0161\u00edch etap\u00e1ch pr\u00e1c na projekte. Z\u00a0h\u013eadiska kon\u0161trukcie brzdov\u00e9ho syst\u00e9mu a\u00a0\u00fa\u010dinku brzdovej s\u00fastavy je potrebn\u00e9 zabezpe\u010di\u0165 po\u017eiadavky, ktor\u00e9 s\u00fa kladen\u00e9 legislat\u00edvou. Touto problematikou sa venuje kapitola 2, kde s\u00fa uveden\u00e9 \u010dasti predpisu EHK 13, ktor\u00e9 [&hellip;]","og_url":"https:\/\/dssi.sk\/en\/moznosti-zlepsenia-plavatelnosti-vozidla-aligator\/","og_site_name":"DSSI","twitter_card":"summary_large_image","twitter_misc":{"Est. reading time":"2 minutes"},"schema":{"@context":"https:\/\/schema.org","@graph":[{"@type":"WebPage","@id":"https:\/\/dssi.sk\/moznosti-zlepsenia-plavatelnosti-vozidla-aligator\/","url":"https:\/\/dssi.sk\/moznosti-zlepsenia-plavatelnosti-vozidla-aligator\/","name":"Mo\u017enosti zlep\u0161enia pl\u00e1vate\u013enosti vozidla ALIG\u00c1TOR - DSSI","isPartOf":{"@id":"https:\/\/dssi.sk\/#website"},"datePublished":"2019-09-16T14:16:25+00:00","breadcrumb":{"@id":"https:\/\/dssi.sk\/moznosti-zlepsenia-plavatelnosti-vozidla-aligator\/#breadcrumb"},"inLanguage":"en-US","potentialAction":[{"@type":"ReadAction","target":["https:\/\/dssi.sk\/moznosti-zlepsenia-plavatelnosti-vozidla-aligator\/"]}]},{"@type":"BreadcrumbList","@id":"https:\/\/dssi.sk\/moznosti-zlepsenia-plavatelnosti-vozidla-aligator\/#breadcrumb","itemListElement":[{"@type":"ListItem","position":1,"name":"Home","item":"https:\/\/dssi.sk\/"},{"@type":"ListItem","position":2,"name":"Mo\u017enosti zlep\u0161enia pl\u00e1vate\u013enosti vozidla ALIG\u00c1TOR"}]},{"@type":"WebSite","@id":"https:\/\/dssi.sk\/#website","url":"https:\/\/dssi.sk\/","name":"DSSI","description":"Development | Services | Security | Innovations","publisher":{"@id":"https:\/\/dssi.sk\/#organization"},"potentialAction":[{"@type":"SearchAction","target":{"@type":"EntryPoint","urlTemplate":"https:\/\/dssi.sk\/?s={search_term_string}"},"query-input":{"@type":"PropertyValueSpecification","valueRequired":true,"valueName":"search_term_string"}}],"inLanguage":"en-US"},{"@type":"Organization","@id":"https:\/\/dssi.sk\/#organization","name":"DSSI a.s.","url":"https:\/\/dssi.sk\/","logo":{"@type":"ImageObject","inLanguage":"en-US","@id":"https:\/\/dssi.sk\/#\/schema\/logo\/image\/","url":"https:\/\/dssi.sk\/wp-content\/uploads\/2019\/09\/logo-dssi-horizontal1.jpg","contentUrl":"https:\/\/dssi.sk\/wp-content\/uploads\/2019\/09\/logo-dssi-horizontal1.jpg","width":520,"height":520,"caption":"DSSI a.s."},"image":{"@id":"https:\/\/dssi.sk\/#\/schema\/logo\/image\/"}}]}},"_links":{"self":[{"href":"https:\/\/dssi.sk\/en\/wp-json\/wp\/v2\/pages\/281","targetHints":{"allow":["GET"]}}],"collection":[{"href":"https:\/\/dssi.sk\/en\/wp-json\/wp\/v2\/pages"}],"about":[{"href":"https:\/\/dssi.sk\/en\/wp-json\/wp\/v2\/types\/page"}],"author":[{"embeddable":true,"href":"https:\/\/dssi.sk\/en\/wp-json\/wp\/v2\/users\/1"}],"replies":[{"embeddable":true,"href":"https:\/\/dssi.sk\/en\/wp-json\/wp\/v2\/comments?post=281"}],"version-history":[{"count":2,"href":"https:\/\/dssi.sk\/en\/wp-json\/wp\/v2\/pages\/281\/revisions"}],"predecessor-version":[{"id":285,"href":"https:\/\/dssi.sk\/en\/wp-json\/wp\/v2\/pages\/281\/revisions\/285"}],"wp:attachment":[{"href":"https:\/\/dssi.sk\/en\/wp-json\/wp\/v2\/media?parent=281"}],"curies":[{"name":"wp","href":"https:\/\/api.w.org\/{rel}","templated":true}]}}