{"id":297,"date":"2019-09-16T16:20:41","date_gmt":"2019-09-16T14:20:41","guid":{"rendered":"http:\/\/dssi.h2studio.net\/?page_id=297"},"modified":"2019-09-16T16:20:41","modified_gmt":"2019-09-16T14:20:41","slug":"integrovany-bojovy-system","status":"publish","type":"page","link":"https:\/\/dssi.sk\/en\/integrovany-bojovy-system\/","title":{"rendered":"Integrovan\u00fd bojov\u00fd syst\u00e9m"},"content":{"rendered":"<p>[et_pb_section fb_built=&#8220;1&#8243; admin_label=&#8220;section&#8220; _builder_version=&#8220;3.25.4&#8243; custom_padding=&#8220;0px||&#8220;][et_pb_row custom_margin=&#8220;||&#8220; admin_label=&#8220;row&#8220; _builder_version=&#8220;3.25.4&#8243; background_size=&#8220;initial&#8220; background_position=&#8220;top_left&#8220; background_repeat=&#8220;repeat&#8220;][et_pb_column type=&#8220;4_4&#8243; _builder_version=&#8220;3.25&#8243; custom_padding=&#8220;|||&#8220; custom_padding__hover=&#8220;|||&#8220;][et_pb_text _builder_version=&#8220;3.25.4&#8243; _dynamic_attributes=&#8220;content&#8220; text_font=&#8220;|||on|||||&#8220; text_text_align=&#8220;center&#8220; text_font_size=&#8220;30px&#8220; link_font=&#8220;||||||||&#8220; ul_font=&#8220;||||||||&#8220; ol_font=&#8220;||||||||&#8220; quote_font=&#8220;||||||||&#8220; header_font=&#8220;||||||||&#8220; header_2_font=&#8220;||||||||&#8220; background_color=&#8220;rgba(0,0,0,0)&#8220; width=&#8220;100%&#8220; max_width=&#8220;100%&#8220;]@ET-DC@eyJkeW5hbWljIjp0cnVlLCJjb250ZW50IjoicG9zdF90aXRsZSIsInNldHRpbmdzIjp7ImJlZm9yZSI6IiIsImFmdGVyIjoiIn19@[\/et_pb_text][et_pb_text admin_label=&#8220;Text&#8220; _builder_version=&#8220;3.25.4&#8243; background_size=&#8220;initial&#8220; background_position=&#8220;top_left&#8220; background_repeat=&#8220;repeat&#8220;]<\/p>\n<p>\u0160t\u00fadia poskytuje ucelen\u00fd s\u00fabor inform\u00e1ci\u00ed o aktu\u00e1lnom stave v\u00fdvoja r\u00f4znych modelov \u201ebojovn\u00edka 21. storo\u010dia \u201c v zahrani\u010d\u00ed a s\u00fa\u010dasne navrhuje sp\u00f4sob ako rie\u0161i\u0165 program \u201epokro\u010dil\u00e9ho individu\u00e1lneho bojov\u00e9ho syst\u00e9mu (PIBS)\u201c pre potreby OS SR.<\/p>\n<p>Z\u00a0predlo\u017eenej \u0161t\u00fadie vypl\u00fdvaj\u00fa nasleduj\u00face<span>\u00a0<\/span><em>z\u00e1very:<\/em><\/p>\n<blockquote>\n<ul>\n<li>s\u00fa\u010dasn\u00e1 v\u00fdzbroj, v\u00fdstroj a\u00a0individu\u00e1lna v\u00fdbava vojaka OS SR je zastaran\u00e1 a nevytv\u00e1ra podmienky na \u00faspe\u0161n\u00e9 plnenie bojov\u00fdch \u00faloh pri elimin\u00e1cii s\u00fa\u010dasn\u00fdch a bud\u00facich ohrozen\u00ed najm\u00e4 v\u00a0kooper\u00e1cii s vyspel\u00fdmi arm\u00e1dami a\u00a0v\u00a0r\u00f4znych klimatick\u00fdch a\u00a0in\u00fdch podmienkach. T\u00fato skuto\u010dnos\u0165 potvrdzuj\u00fa sk\u00fasenosti na\u0161ich vojakov zo zahrani\u010dn\u00fdch misi\u00ed najm\u00e4 z\u00a0misie Irack\u00e1 sloboda.<\/li>\n<li>Ozbrojen\u00e9 sily Slovenskej republiky ako nov\u00e9ho \u010dlena NATO, potrebuj\u00fa vyvin\u00fa\u0165 a\u00a0zaradi\u0165 do v\u00fdzbroje a\u00a0v\u00fdbavy vojsk nov\u00fd, modern\u00fd, individu\u00e1lny bojov\u00fd syst\u00e9m, ktor\u00fd bude kompatibiln\u00fd so syst\u00e9mami zav\u00e1dzan\u00fdmi do arm\u00e1d \u010dlensk\u00fdch \u0161t\u00e1tov Aliancie a\u00a0bude sp\u013a\u0148a\u0165 cie\u013e (force goal) pop\u00edsan\u00fd v\u00a0kapitole 2 a\u00a0parametre definovan\u00e9 v\u00a0kapitole 3 \u0161t\u00fadie.<\/li>\n<\/ul>\n<\/blockquote>\n<p>Vzh\u013eadom k\u00a0v\u00fdsledkom porovn\u00e1vania existuj\u00facich zahrani\u010dn\u00fdch syst\u00e9mov bude u\u017eito\u010dn\u00e9 vykon\u00e1va\u0165 testovanie z\u00e1kladnej verzie navrhnut\u00e9ho syst\u00e9mu tak, aby niektor\u00e9 konkuren\u010dn\u00e9 komponenty (zbrane, pozorovacie a\u00a0zameriavacie pr\u00edstroje, odev, obuv a\u00a0\u010fal\u0161ie doplnky) boli sk\u00fa\u0161an\u00e9 s\u00fabe\u017ene a\u00a0pod\u013ea v\u00fdsledkov sa rozhodlo o\u00a0pou\u017eit\u00ed toho, ktor\u00e9ho v\u00fdrobku pri vyhotoven\u00ed verzie 0.2.<\/p>\n<p>[\/et_pb_text][\/et_pb_column][\/et_pb_row][\/et_pb_section]<\/p>","protected":false},"excerpt":{"rendered":"<p>\u0160t\u00fadia poskytuje ucelen\u00fd s\u00fabor inform\u00e1ci\u00ed o aktu\u00e1lnom stave v\u00fdvoja r\u00f4znych modelov \u201ebojovn\u00edka 21. storo\u010dia \u201c v zahrani\u010d\u00ed a s\u00fa\u010dasne navrhuje sp\u00f4sob ako rie\u0161i\u0165 program \u201epokro\u010dil\u00e9ho individu\u00e1lneho bojov\u00e9ho syst\u00e9mu (PIBS)\u201c pre potreby OS SR. Z\u00a0predlo\u017eenej \u0161t\u00fadie vypl\u00fdvaj\u00fa nasleduj\u00face\u00a0z\u00e1very: s\u00fa\u010dasn\u00e1 v\u00fdzbroj, v\u00fdstroj a\u00a0individu\u00e1lna v\u00fdbava vojaka OS SR je zastaran\u00e1 a nevytv\u00e1ra podmienky na \u00faspe\u0161n\u00e9 plnenie bojov\u00fdch \u00faloh [&hellip;]<\/p>","protected":false},"author":1,"featured_media":0,"parent":0,"menu_order":0,"comment_status":"closed","ping_status":"closed","template":"","meta":{"_et_pb_use_builder":"on","_et_pb_old_content":"","_et_gb_content_width":"","inline_featured_image":false,"_monsterinsights_skip_tracking":false,"_monsterinsights_sitenote_active":false,"_monsterinsights_sitenote_note":"","_monsterinsights_sitenote_category":0,"footnotes":""},"class_list":["post-297","page","type-page","status-publish","hentry"],"yoast_head":"<!-- This site is optimized with the Yoast SEO plugin v26.1.1 - https:\/\/yoast.com\/wordpress\/plugins\/seo\/ -->\n<title>Integrovan\u00fd bojov\u00fd syst\u00e9m - DSSI<\/title>\n<meta name=\"robots\" content=\"index, follow, max-snippet:-1, max-image-preview:large, max-video-preview:-1\" \/>\n<link rel=\"canonical\" href=\"https:\/\/dssi.sk\/en\/integrovany-bojovy-system\/\" \/>\n<meta property=\"og:locale\" content=\"en_US\" \/>\n<meta property=\"og:type\" content=\"article\" \/>\n<meta property=\"og:title\" content=\"Integrovan\u00fd bojov\u00fd syst\u00e9m - DSSI\" \/>\n<meta property=\"og:description\" content=\"\u0160t\u00fadia poskytuje ucelen\u00fd s\u00fabor inform\u00e1ci\u00ed o aktu\u00e1lnom stave v\u00fdvoja r\u00f4znych modelov \u201ebojovn\u00edka 21. storo\u010dia \u201c v zahrani\u010d\u00ed a s\u00fa\u010dasne navrhuje sp\u00f4sob ako rie\u0161i\u0165 program \u201epokro\u010dil\u00e9ho individu\u00e1lneho bojov\u00e9ho syst\u00e9mu (PIBS)\u201c pre potreby OS SR. Z\u00a0predlo\u017eenej \u0161t\u00fadie vypl\u00fdvaj\u00fa nasleduj\u00face\u00a0z\u00e1very: s\u00fa\u010dasn\u00e1 v\u00fdzbroj, v\u00fdstroj a\u00a0individu\u00e1lna v\u00fdbava vojaka OS SR je zastaran\u00e1 a nevytv\u00e1ra podmienky na \u00faspe\u0161n\u00e9 plnenie bojov\u00fdch \u00faloh [&hellip;]\" \/>\n<meta property=\"og:url\" content=\"https:\/\/dssi.sk\/en\/integrovany-bojovy-system\/\" \/>\n<meta property=\"og:site_name\" content=\"DSSI\" \/>\n<meta name=\"twitter:card\" content=\"summary_large_image\" \/>\n<meta name=\"twitter:label1\" content=\"Est. reading time\" \/>\n\t<meta name=\"twitter:data1\" content=\"2 minutes\" \/>\n<script type=\"application\/ld+json\" class=\"yoast-schema-graph\">{\"@context\":\"https:\/\/schema.org\",\"@graph\":[{\"@type\":\"WebPage\",\"@id\":\"https:\/\/dssi.sk\/integrovany-bojovy-system\/\",\"url\":\"https:\/\/dssi.sk\/integrovany-bojovy-system\/\",\"name\":\"Integrovan\u00fd bojov\u00fd syst\u00e9m - DSSI\",\"isPartOf\":{\"@id\":\"https:\/\/dssi.sk\/#website\"},\"datePublished\":\"2019-09-16T14:20:41+00:00\",\"breadcrumb\":{\"@id\":\"https:\/\/dssi.sk\/integrovany-bojovy-system\/#breadcrumb\"},\"inLanguage\":\"en-US\",\"potentialAction\":[{\"@type\":\"ReadAction\",\"target\":[\"https:\/\/dssi.sk\/integrovany-bojovy-system\/\"]}]},{\"@type\":\"BreadcrumbList\",\"@id\":\"https:\/\/dssi.sk\/integrovany-bojovy-system\/#breadcrumb\",\"itemListElement\":[{\"@type\":\"ListItem\",\"position\":1,\"name\":\"Home\",\"item\":\"https:\/\/dssi.sk\/\"},{\"@type\":\"ListItem\",\"position\":2,\"name\":\"Integrovan\u00fd bojov\u00fd syst\u00e9m\"}]},{\"@type\":\"WebSite\",\"@id\":\"https:\/\/dssi.sk\/#website\",\"url\":\"https:\/\/dssi.sk\/\",\"name\":\"DSSI\",\"description\":\"Development | Services | Security | Innovations\",\"publisher\":{\"@id\":\"https:\/\/dssi.sk\/#organization\"},\"potentialAction\":[{\"@type\":\"SearchAction\",\"target\":{\"@type\":\"EntryPoint\",\"urlTemplate\":\"https:\/\/dssi.sk\/?s={search_term_string}\"},\"query-input\":{\"@type\":\"PropertyValueSpecification\",\"valueRequired\":true,\"valueName\":\"search_term_string\"}}],\"inLanguage\":\"en-US\"},{\"@type\":\"Organization\",\"@id\":\"https:\/\/dssi.sk\/#organization\",\"name\":\"DSSI a.s.\",\"url\":\"https:\/\/dssi.sk\/\",\"logo\":{\"@type\":\"ImageObject\",\"inLanguage\":\"en-US\",\"@id\":\"https:\/\/dssi.sk\/#\/schema\/logo\/image\/\",\"url\":\"https:\/\/dssi.sk\/wp-content\/uploads\/2019\/09\/logo-dssi-horizontal1.jpg\",\"contentUrl\":\"https:\/\/dssi.sk\/wp-content\/uploads\/2019\/09\/logo-dssi-horizontal1.jpg\",\"width\":520,\"height\":520,\"caption\":\"DSSI a.s.\"},\"image\":{\"@id\":\"https:\/\/dssi.sk\/#\/schema\/logo\/image\/\"}}]}<\/script>\n<!-- \/ Yoast SEO plugin. -->","yoast_head_json":{"title":"Integrovan\u00fd bojov\u00fd syst\u00e9m - DSSI","robots":{"index":"index","follow":"follow","max-snippet":"max-snippet:-1","max-image-preview":"max-image-preview:large","max-video-preview":"max-video-preview:-1"},"canonical":"https:\/\/dssi.sk\/en\/integrovany-bojovy-system\/","og_locale":"en_US","og_type":"article","og_title":"Integrovan\u00fd bojov\u00fd syst\u00e9m - DSSI","og_description":"\u0160t\u00fadia poskytuje ucelen\u00fd s\u00fabor inform\u00e1ci\u00ed o aktu\u00e1lnom stave v\u00fdvoja r\u00f4znych modelov \u201ebojovn\u00edka 21. storo\u010dia \u201c v zahrani\u010d\u00ed a s\u00fa\u010dasne navrhuje sp\u00f4sob ako rie\u0161i\u0165 program \u201epokro\u010dil\u00e9ho individu\u00e1lneho bojov\u00e9ho syst\u00e9mu (PIBS)\u201c pre potreby OS SR. Z\u00a0predlo\u017eenej \u0161t\u00fadie vypl\u00fdvaj\u00fa nasleduj\u00face\u00a0z\u00e1very: s\u00fa\u010dasn\u00e1 v\u00fdzbroj, v\u00fdstroj a\u00a0individu\u00e1lna v\u00fdbava vojaka OS SR je zastaran\u00e1 a nevytv\u00e1ra podmienky na \u00faspe\u0161n\u00e9 plnenie bojov\u00fdch \u00faloh [&hellip;]","og_url":"https:\/\/dssi.sk\/en\/integrovany-bojovy-system\/","og_site_name":"DSSI","twitter_card":"summary_large_image","twitter_misc":{"Est. reading time":"2 minutes"},"schema":{"@context":"https:\/\/schema.org","@graph":[{"@type":"WebPage","@id":"https:\/\/dssi.sk\/integrovany-bojovy-system\/","url":"https:\/\/dssi.sk\/integrovany-bojovy-system\/","name":"Integrovan\u00fd bojov\u00fd syst\u00e9m - DSSI","isPartOf":{"@id":"https:\/\/dssi.sk\/#website"},"datePublished":"2019-09-16T14:20:41+00:00","breadcrumb":{"@id":"https:\/\/dssi.sk\/integrovany-bojovy-system\/#breadcrumb"},"inLanguage":"en-US","potentialAction":[{"@type":"ReadAction","target":["https:\/\/dssi.sk\/integrovany-bojovy-system\/"]}]},{"@type":"BreadcrumbList","@id":"https:\/\/dssi.sk\/integrovany-bojovy-system\/#breadcrumb","itemListElement":[{"@type":"ListItem","position":1,"name":"Home","item":"https:\/\/dssi.sk\/"},{"@type":"ListItem","position":2,"name":"Integrovan\u00fd bojov\u00fd syst\u00e9m"}]},{"@type":"WebSite","@id":"https:\/\/dssi.sk\/#website","url":"https:\/\/dssi.sk\/","name":"DSSI","description":"Development | Services | Security | Innovations","publisher":{"@id":"https:\/\/dssi.sk\/#organization"},"potentialAction":[{"@type":"SearchAction","target":{"@type":"EntryPoint","urlTemplate":"https:\/\/dssi.sk\/?s={search_term_string}"},"query-input":{"@type":"PropertyValueSpecification","valueRequired":true,"valueName":"search_term_string"}}],"inLanguage":"en-US"},{"@type":"Organization","@id":"https:\/\/dssi.sk\/#organization","name":"DSSI a.s.","url":"https:\/\/dssi.sk\/","logo":{"@type":"ImageObject","inLanguage":"en-US","@id":"https:\/\/dssi.sk\/#\/schema\/logo\/image\/","url":"https:\/\/dssi.sk\/wp-content\/uploads\/2019\/09\/logo-dssi-horizontal1.jpg","contentUrl":"https:\/\/dssi.sk\/wp-content\/uploads\/2019\/09\/logo-dssi-horizontal1.jpg","width":520,"height":520,"caption":"DSSI a.s."},"image":{"@id":"https:\/\/dssi.sk\/#\/schema\/logo\/image\/"}}]}},"_links":{"self":[{"href":"https:\/\/dssi.sk\/en\/wp-json\/wp\/v2\/pages\/297","targetHints":{"allow":["GET"]}}],"collection":[{"href":"https:\/\/dssi.sk\/en\/wp-json\/wp\/v2\/pages"}],"about":[{"href":"https:\/\/dssi.sk\/en\/wp-json\/wp\/v2\/types\/page"}],"author":[{"embeddable":true,"href":"https:\/\/dssi.sk\/en\/wp-json\/wp\/v2\/users\/1"}],"replies":[{"embeddable":true,"href":"https:\/\/dssi.sk\/en\/wp-json\/wp\/v2\/comments?post=297"}],"version-history":[{"count":2,"href":"https:\/\/dssi.sk\/en\/wp-json\/wp\/v2\/pages\/297\/revisions"}],"predecessor-version":[{"id":302,"href":"https:\/\/dssi.sk\/en\/wp-json\/wp\/v2\/pages\/297\/revisions\/302"}],"wp:attachment":[{"href":"https:\/\/dssi.sk\/en\/wp-json\/wp\/v2\/media?parent=297"}],"curies":[{"name":"wp","href":"https:\/\/api.w.org\/{rel}","templated":true}]}}