{"id":306,"date":"2019-09-16T16:21:46","date_gmt":"2019-09-16T14:21:46","guid":{"rendered":"http:\/\/dssi.h2studio.net\/?page_id=306"},"modified":"2019-09-16T16:21:46","modified_gmt":"2019-09-16T14:21:46","slug":"lahke-obrnene-vozidlo-prieskumu-a-palebnej-potreby-palpados","status":"publish","type":"page","link":"https:\/\/dssi.sk\/en\/lahke-obrnene-vozidlo-prieskumu-a-palebnej-potreby-palpados\/","title":{"rendered":"\u013dahk\u00e9 obrnen\u00e9 vozidlo prieskumu a palebnej potreby PALPADOS"},"content":{"rendered":"<p>[et_pb_section fb_built=&#8220;1&#8243; admin_label=&#8220;section&#8220; _builder_version=&#8220;3.25.4&#8243; custom_padding=&#8220;0px||&#8220;][et_pb_row custom_margin=&#8220;||&#8220; admin_label=&#8220;row&#8220; _builder_version=&#8220;3.25.4&#8243; background_size=&#8220;initial&#8220; background_position=&#8220;top_left&#8220; background_repeat=&#8220;repeat&#8220;][et_pb_column type=&#8220;4_4&#8243; _builder_version=&#8220;3.25&#8243; custom_padding=&#8220;|||&#8220; custom_padding__hover=&#8220;|||&#8220;][et_pb_text _builder_version=&#8220;3.25.4&#8243; _dynamic_attributes=&#8220;content&#8220; text_font=&#8220;|||on|||||&#8220; text_text_align=&#8220;center&#8220; text_font_size=&#8220;30px&#8220; link_font=&#8220;||||||||&#8220; ul_font=&#8220;||||||||&#8220; ol_font=&#8220;||||||||&#8220; quote_font=&#8220;||||||||&#8220; header_font=&#8220;||||||||&#8220; header_2_font=&#8220;||||||||&#8220; background_color=&#8220;rgba(0,0,0,0)&#8220; width=&#8220;100%&#8220; max_width=&#8220;100%&#8220;]@ET-DC@eyJkeW5hbWljIjp0cnVlLCJjb250ZW50IjoicG9zdF90aXRsZSIsInNldHRpbmdzIjp7ImJlZm9yZSI6IiIsImFmdGVyIjoiIn19@[\/et_pb_text][et_pb_text admin_label=&#8220;Text&#8220; _builder_version=&#8220;3.25.4&#8243; background_size=&#8220;initial&#8220; background_position=&#8220;top_left&#8220; background_repeat=&#8220;repeat&#8220;]<\/p>\n<p>\u0160t\u00fadia realizovate\u013enosti je vstupn\u00fdm \u00favodn\u00fdm dokumentom pre realiz\u00e1ciu prieskumn\u00e9ho kompletu na kolesovom obrnenom transport\u00e9ri. Je analytick\u00fdm dokumentom pre riadiace stupne Ministerstva obrany SR\u00a0 a\u00a0poskytuje inform\u00e1cie pre rozhodovac\u00ed a\u00a0pl\u00e1novac\u00ed proces vyzbrojovania a\u00a0zabezpe\u010denia novej techniky.<\/p>\n<p>V\u00a0\u00favodnej \u010dasti \u0161t\u00fadia hodnot\u00ed rizika ohrozenia, v\u00fdznam, v\u00e1\u017enos\u0165 a\u00a0charakter vedenia prieskumnej \u010dinnosti v\u00a0podmienkach ozbrojen\u00e9ho konfliktu ale aj pri nevojensk\u00fdch hrozb\u00e1ch.<\/p>\n<p>Vo vojensko-technickej \u010dasti je podan\u00e1 anal\u00fdza opera\u010dnej potreby, zhodnotenie s\u00fa\u010dasn\u00e9ho stavu techniky a\u00a0n\u00e1vrh takticko-technick\u00fdch po\u017eiadaviek.<\/p>\n<p>V\u00a0ekonomickej \u010dasti s\u00fa uveden\u00e9 variantne n\u00e1vrhy na zabezpe\u010denie techniky so\u00a0z\u00e1verom na realiz\u00e1ciu v\u00fdvojov\u00fdch pr\u00e1c. N\u00e1vrh technick\u00e9ho rie\u0161enia prieskumn\u00e9ho kompletu je doplnen\u00fd hmotnostnou anal\u00fdzou, n\u00e1kladmi na \u017eivotn\u00fd cyklus a\u00a0finan\u010dn\u00fdm rozborom pre v\u00fdvojov\u00e9 pr\u00e1ce a\u00a0predpokladanou cenou novej techniky. \u0160t\u00fadia uv\u00e1dza aj predpokladan\u00fd harmonogram na obstaranie novej techniky.<\/p>\n<p>[\/et_pb_text][\/et_pb_column][\/et_pb_row][\/et_pb_section]<\/p>","protected":false},"excerpt":{"rendered":"<p>\u0160t\u00fadia realizovate\u013enosti je vstupn\u00fdm \u00favodn\u00fdm dokumentom pre realiz\u00e1ciu prieskumn\u00e9ho kompletu na kolesovom obrnenom transport\u00e9ri. Je analytick\u00fdm dokumentom pre riadiace stupne Ministerstva obrany SR\u00a0 a\u00a0poskytuje inform\u00e1cie pre rozhodovac\u00ed a\u00a0pl\u00e1novac\u00ed proces vyzbrojovania a\u00a0zabezpe\u010denia novej techniky. V\u00a0\u00favodnej \u010dasti \u0161t\u00fadia hodnot\u00ed rizika ohrozenia, v\u00fdznam, v\u00e1\u017enos\u0165 a\u00a0charakter vedenia prieskumnej \u010dinnosti v\u00a0podmienkach ozbrojen\u00e9ho konfliktu ale aj pri nevojensk\u00fdch hrozb\u00e1ch. Vo vojensko-technickej [&hellip;]<\/p>","protected":false},"author":1,"featured_media":0,"parent":0,"menu_order":0,"comment_status":"closed","ping_status":"closed","template":"","meta":{"_et_pb_use_builder":"on","_et_pb_old_content":"","_et_gb_content_width":"","inline_featured_image":false,"_monsterinsights_skip_tracking":false,"_monsterinsights_sitenote_active":false,"_monsterinsights_sitenote_note":"","_monsterinsights_sitenote_category":0,"footnotes":""},"class_list":["post-306","page","type-page","status-publish","hentry"],"yoast_head":"<!-- This site is optimized with the Yoast SEO plugin v26.1.1 - https:\/\/yoast.com\/wordpress\/plugins\/seo\/ -->\n<title>\u013dahk\u00e9 obrnen\u00e9 vozidlo prieskumu a palebnej potreby PALPADOS - DSSI<\/title>\n<meta name=\"robots\" content=\"index, follow, max-snippet:-1, max-image-preview:large, max-video-preview:-1\" \/>\n<link rel=\"canonical\" href=\"https:\/\/dssi.sk\/en\/lahke-obrnene-vozidlo-prieskumu-a-palebnej-potreby-palpados\/\" \/>\n<meta property=\"og:locale\" content=\"en_US\" \/>\n<meta property=\"og:type\" content=\"article\" \/>\n<meta property=\"og:title\" content=\"\u013dahk\u00e9 obrnen\u00e9 vozidlo prieskumu a palebnej potreby PALPADOS - DSSI\" \/>\n<meta property=\"og:description\" content=\"\u0160t\u00fadia realizovate\u013enosti je vstupn\u00fdm \u00favodn\u00fdm dokumentom pre realiz\u00e1ciu prieskumn\u00e9ho kompletu na kolesovom obrnenom transport\u00e9ri. Je analytick\u00fdm dokumentom pre riadiace stupne Ministerstva obrany SR\u00a0 a\u00a0poskytuje inform\u00e1cie pre rozhodovac\u00ed a\u00a0pl\u00e1novac\u00ed proces vyzbrojovania a\u00a0zabezpe\u010denia novej techniky. V\u00a0\u00favodnej \u010dasti \u0161t\u00fadia hodnot\u00ed rizika ohrozenia, v\u00fdznam, v\u00e1\u017enos\u0165 a\u00a0charakter vedenia prieskumnej \u010dinnosti v\u00a0podmienkach ozbrojen\u00e9ho konfliktu ale aj pri nevojensk\u00fdch hrozb\u00e1ch. Vo vojensko-technickej [&hellip;]\" \/>\n<meta property=\"og:url\" content=\"https:\/\/dssi.sk\/en\/lahke-obrnene-vozidlo-prieskumu-a-palebnej-potreby-palpados\/\" \/>\n<meta property=\"og:site_name\" content=\"DSSI\" \/>\n<meta name=\"twitter:card\" content=\"summary_large_image\" \/>\n<meta name=\"twitter:label1\" content=\"Est. reading time\" \/>\n\t<meta name=\"twitter:data1\" content=\"1 minute\" \/>\n<script type=\"application\/ld+json\" class=\"yoast-schema-graph\">{\"@context\":\"https:\/\/schema.org\",\"@graph\":[{\"@type\":\"WebPage\",\"@id\":\"https:\/\/dssi.sk\/en\/lahke-obrnene-vozidlo-prieskumu-a-palebnej-potreby-palpados\/\",\"url\":\"https:\/\/dssi.sk\/en\/lahke-obrnene-vozidlo-prieskumu-a-palebnej-potreby-palpados\/\",\"name\":\"\u013dahk\u00e9 obrnen\u00e9 vozidlo prieskumu a palebnej potreby PALPADOS - DSSI\",\"isPartOf\":{\"@id\":\"https:\/\/dssi.sk\/#website\"},\"datePublished\":\"2019-09-16T14:21:46+00:00\",\"breadcrumb\":{\"@id\":\"https:\/\/dssi.sk\/en\/lahke-obrnene-vozidlo-prieskumu-a-palebnej-potreby-palpados\/#breadcrumb\"},\"inLanguage\":\"en-US\",\"potentialAction\":[{\"@type\":\"ReadAction\",\"target\":[\"https:\/\/dssi.sk\/en\/lahke-obrnene-vozidlo-prieskumu-a-palebnej-potreby-palpados\/\"]}]},{\"@type\":\"BreadcrumbList\",\"@id\":\"https:\/\/dssi.sk\/en\/lahke-obrnene-vozidlo-prieskumu-a-palebnej-potreby-palpados\/#breadcrumb\",\"itemListElement\":[{\"@type\":\"ListItem\",\"position\":1,\"name\":\"Home\",\"item\":\"https:\/\/dssi.sk\/\"},{\"@type\":\"ListItem\",\"position\":2,\"name\":\"\u013dahk\u00e9 obrnen\u00e9 vozidlo prieskumu a palebnej potreby PALPADOS\"}]},{\"@type\":\"WebSite\",\"@id\":\"https:\/\/dssi.sk\/#website\",\"url\":\"https:\/\/dssi.sk\/\",\"name\":\"DSSI\",\"description\":\"Development | Services | Security | Innovations\",\"publisher\":{\"@id\":\"https:\/\/dssi.sk\/#organization\"},\"potentialAction\":[{\"@type\":\"SearchAction\",\"target\":{\"@type\":\"EntryPoint\",\"urlTemplate\":\"https:\/\/dssi.sk\/?s={search_term_string}\"},\"query-input\":{\"@type\":\"PropertyValueSpecification\",\"valueRequired\":true,\"valueName\":\"search_term_string\"}}],\"inLanguage\":\"en-US\"},{\"@type\":\"Organization\",\"@id\":\"https:\/\/dssi.sk\/#organization\",\"name\":\"DSSI a.s.\",\"url\":\"https:\/\/dssi.sk\/\",\"logo\":{\"@type\":\"ImageObject\",\"inLanguage\":\"en-US\",\"@id\":\"https:\/\/dssi.sk\/#\/schema\/logo\/image\/\",\"url\":\"https:\/\/dssi.sk\/wp-content\/uploads\/2019\/09\/logo-dssi-horizontal1.jpg\",\"contentUrl\":\"https:\/\/dssi.sk\/wp-content\/uploads\/2019\/09\/logo-dssi-horizontal1.jpg\",\"width\":520,\"height\":520,\"caption\":\"DSSI a.s.\"},\"image\":{\"@id\":\"https:\/\/dssi.sk\/#\/schema\/logo\/image\/\"}}]}<\/script>\n<!-- \/ Yoast SEO plugin. -->","yoast_head_json":{"title":"\u013dahk\u00e9 obrnen\u00e9 vozidlo prieskumu a palebnej potreby PALPADOS - DSSI","robots":{"index":"index","follow":"follow","max-snippet":"max-snippet:-1","max-image-preview":"max-image-preview:large","max-video-preview":"max-video-preview:-1"},"canonical":"https:\/\/dssi.sk\/en\/lahke-obrnene-vozidlo-prieskumu-a-palebnej-potreby-palpados\/","og_locale":"en_US","og_type":"article","og_title":"\u013dahk\u00e9 obrnen\u00e9 vozidlo prieskumu a palebnej potreby PALPADOS - DSSI","og_description":"\u0160t\u00fadia realizovate\u013enosti je vstupn\u00fdm \u00favodn\u00fdm dokumentom pre realiz\u00e1ciu prieskumn\u00e9ho kompletu na kolesovom obrnenom transport\u00e9ri. Je analytick\u00fdm dokumentom pre riadiace stupne Ministerstva obrany SR\u00a0 a\u00a0poskytuje inform\u00e1cie pre rozhodovac\u00ed a\u00a0pl\u00e1novac\u00ed proces vyzbrojovania a\u00a0zabezpe\u010denia novej techniky. V\u00a0\u00favodnej \u010dasti \u0161t\u00fadia hodnot\u00ed rizika ohrozenia, v\u00fdznam, v\u00e1\u017enos\u0165 a\u00a0charakter vedenia prieskumnej \u010dinnosti v\u00a0podmienkach ozbrojen\u00e9ho konfliktu ale aj pri nevojensk\u00fdch hrozb\u00e1ch. Vo vojensko-technickej [&hellip;]","og_url":"https:\/\/dssi.sk\/en\/lahke-obrnene-vozidlo-prieskumu-a-palebnej-potreby-palpados\/","og_site_name":"DSSI","twitter_card":"summary_large_image","twitter_misc":{"Est. reading time":"1 minute"},"schema":{"@context":"https:\/\/schema.org","@graph":[{"@type":"WebPage","@id":"https:\/\/dssi.sk\/en\/lahke-obrnene-vozidlo-prieskumu-a-palebnej-potreby-palpados\/","url":"https:\/\/dssi.sk\/en\/lahke-obrnene-vozidlo-prieskumu-a-palebnej-potreby-palpados\/","name":"\u013dahk\u00e9 obrnen\u00e9 vozidlo prieskumu a palebnej potreby PALPADOS - DSSI","isPartOf":{"@id":"https:\/\/dssi.sk\/#website"},"datePublished":"2019-09-16T14:21:46+00:00","breadcrumb":{"@id":"https:\/\/dssi.sk\/en\/lahke-obrnene-vozidlo-prieskumu-a-palebnej-potreby-palpados\/#breadcrumb"},"inLanguage":"en-US","potentialAction":[{"@type":"ReadAction","target":["https:\/\/dssi.sk\/en\/lahke-obrnene-vozidlo-prieskumu-a-palebnej-potreby-palpados\/"]}]},{"@type":"BreadcrumbList","@id":"https:\/\/dssi.sk\/en\/lahke-obrnene-vozidlo-prieskumu-a-palebnej-potreby-palpados\/#breadcrumb","itemListElement":[{"@type":"ListItem","position":1,"name":"Home","item":"https:\/\/dssi.sk\/"},{"@type":"ListItem","position":2,"name":"\u013dahk\u00e9 obrnen\u00e9 vozidlo prieskumu a palebnej potreby PALPADOS"}]},{"@type":"WebSite","@id":"https:\/\/dssi.sk\/#website","url":"https:\/\/dssi.sk\/","name":"DSSI","description":"Development | Services | Security | Innovations","publisher":{"@id":"https:\/\/dssi.sk\/#organization"},"potentialAction":[{"@type":"SearchAction","target":{"@type":"EntryPoint","urlTemplate":"https:\/\/dssi.sk\/?s={search_term_string}"},"query-input":{"@type":"PropertyValueSpecification","valueRequired":true,"valueName":"search_term_string"}}],"inLanguage":"en-US"},{"@type":"Organization","@id":"https:\/\/dssi.sk\/#organization","name":"DSSI a.s.","url":"https:\/\/dssi.sk\/","logo":{"@type":"ImageObject","inLanguage":"en-US","@id":"https:\/\/dssi.sk\/#\/schema\/logo\/image\/","url":"https:\/\/dssi.sk\/wp-content\/uploads\/2019\/09\/logo-dssi-horizontal1.jpg","contentUrl":"https:\/\/dssi.sk\/wp-content\/uploads\/2019\/09\/logo-dssi-horizontal1.jpg","width":520,"height":520,"caption":"DSSI a.s."},"image":{"@id":"https:\/\/dssi.sk\/#\/schema\/logo\/image\/"}}]}},"_links":{"self":[{"href":"https:\/\/dssi.sk\/en\/wp-json\/wp\/v2\/pages\/306","targetHints":{"allow":["GET"]}}],"collection":[{"href":"https:\/\/dssi.sk\/en\/wp-json\/wp\/v2\/pages"}],"about":[{"href":"https:\/\/dssi.sk\/en\/wp-json\/wp\/v2\/types\/page"}],"author":[{"embeddable":true,"href":"https:\/\/dssi.sk\/en\/wp-json\/wp\/v2\/users\/1"}],"replies":[{"embeddable":true,"href":"https:\/\/dssi.sk\/en\/wp-json\/wp\/v2\/comments?post=306"}],"version-history":[{"count":2,"href":"https:\/\/dssi.sk\/en\/wp-json\/wp\/v2\/pages\/306\/revisions"}],"predecessor-version":[{"id":310,"href":"https:\/\/dssi.sk\/en\/wp-json\/wp\/v2\/pages\/306\/revisions\/310"}],"wp:attachment":[{"href":"https:\/\/dssi.sk\/en\/wp-json\/wp\/v2\/media?parent=306"}],"curies":[{"name":"wp","href":"https:\/\/api.w.org\/{rel}","templated":true}]}}