{"id":319,"date":"2019-09-16T16:24:44","date_gmt":"2019-09-16T14:24:44","guid":{"rendered":"http:\/\/dssi.h2studio.net\/?page_id=319"},"modified":"2019-09-16T23:35:50","modified_gmt":"2019-09-16T21:35:50","slug":"mobilne-detekcne-chemicke-laboratorium","status":"publish","type":"page","link":"https:\/\/dssi.sk\/en\/mobilne-detekcne-chemicke-laboratorium\/","title":{"rendered":"Mobiln\u00e9 detek\u010dn\u00e9 chemick\u00e9 laborat\u00f3rium"},"content":{"rendered":"<p>[et_pb_section fb_built=&#8220;1&#8243; admin_label=&#8220;section&#8220; _builder_version=&#8220;3.25.4&#8243; custom_padding=&#8220;0px||&#8220; fb_built=&#8220;1&#8243; _i=&#8220;0&#8243; _address=&#8220;0&#8243;][et_pb_row admin_label=&#8220;row&#8220; _builder_version=&#8220;3.25.4&#8243; background_size=&#8220;initial&#8220; background_position=&#8220;top_left&#8220; background_repeat=&#8220;repeat&#8220; custom_margin=&#8220;||&#8220; _i=&#8220;0&#8243; _address=&#8220;0.0&#8243;][et_pb_column type=&#8220;4_4&#8243; _builder_version=&#8220;3.25&#8243; custom_padding=&#8220;|||&#8220; custom_padding__hover=&#8220;|||&#8220; _i=&#8220;0&#8243; _address=&#8220;0.0.0&#8243;][et_pb_text _builder_version=&#8220;3.27.4&#8243; _dynamic_attributes=&#8220;content&#8220; text_font=&#8220;|||on|||||&#8220; text_font_size=&#8220;30px&#8220; link_font=&#8220;||||||||&#8220; ul_font=&#8220;||||||||&#8220; ol_font=&#8220;||||||||&#8220; quote_font=&#8220;||||||||&#8220; header_font=&#8220;||||||||&#8220; header_2_font=&#8220;||||||||&#8220; background_color=&#8220;rgba(0,0,0,0)&#8220; text_orientation=&#8220;center&#8220; width=&#8220;100%&#8220; max_width=&#8220;100%&#8220; text_text_align=&#8220;center&#8220; _i=&#8220;0&#8243; _address=&#8220;0.0.0.0&#8243;]@ET-DC@eyJkeW5hbWljIjp0cnVlLCJjb250ZW50IjoicG9zdF90aXRsZSIsInNldHRpbmdzIjp7ImJlZm9yZSI6IiIsImFmdGVyIjoiIn19@[\/et_pb_text][et_pb_text admin_label=&#8220;Text&#8220; _builder_version=&#8220;3.29.2&#8243; background_size=&#8220;initial&#8220; background_position=&#8220;top_left&#8220; background_repeat=&#8220;repeat&#8220; hover_enabled=&#8220;0&#8243; _i=&#8220;1&#8243; _address=&#8220;0.0.0.1&#8243;]<\/p>\n<p>Pou\u017eitie mobiln\u00e9ho detek\u010dn\u00e9ho chemick\u00e9ho laborat\u00f3ria\u00a0je pri rie\u0161en\u00ed kr\u00edzovej situ\u00e1cie sp\u00f4sobenej napadnut\u00edm CWA alebo \u00famyseln\u00fdm \u010di ne\u00famyseln\u00fdm pou\u017eit\u00edm TIC nevyhnutn\u00e9. Okrem detekcie a identifik\u00e1cie o ak\u00fa CWA ide sa vy\u017eaduje e\u0161te stanovi\u0165 mo\u017en\u00e9 konkr\u00e9tne radia\u010dn\u00e9 zamorenie, ako aj na prvom stupni detekova\u0165 mo\u017en\u00e9 pou\u017eitie BWA alebo tox\u00ednov, aby sa po v\u010dasnom varovan\u00ed mohli urobi\u0165 v\u0161etky n\u00e1le\u017eit\u00e9 z\u00e1chrann\u00e9 oper\u00e1cie a\u017e po stabiliz\u00e1ciu a evaku\u00e1ciu zasiahnut\u00e9ho obyvate\u013estva, ako aj verifikova\u0165 dekontamin\u00e1ciu. Navrhovan\u00e9 mobiln\u00e9 detek\u010dn\u00e9 chemick\u00e9 laborat\u00f3rium je kontajnerov\u00e9ho ISI1Ctypu na mobilnom prostriedku Tatra 815\u00a0 8 x 8 s kontajnerov\u00fdn ISO1Cpr\u00edvesom logistickej podpory. Na kvalitat\u00edvne a kvantitat\u00edvne\u00a0 anal\u00fdzy minim\u00e1lna verzia\u00a0vyu\u017e\u00edva prenosn\u00fd GS\/MS, prevozn\u00fd infra\u010derven\u00fd spektrometer FT, prevozn\u00fd UV-VIS spektrofotometer, prenosn\u00e9 zariadenie pre vysoko\u00fa\u010dinn\u00fa kvapalinov\u00fa chromatografiu, a v\u0161etky \u010fal\u0161ie uveden\u00e9. Najefekt\u00edvnej\u0161\u00ed sp\u00f4sob zabezpe\u010denia\u00a0po\u017eadovan\u00e9ho mobiln\u00e9ho detek\u010dn\u00e9ho chemick\u00e9ho laborat\u00f3ria na mobilnom prostriedku je\u00a0realiz\u00e1cia jeho v\u00fdvoja a n\u00e1sledn\u00e1 v\u00fdroba do konca roku 2006 silami a prostriedkami dom\u00e1cej v\u00fdvojovej a v\u00fdrobnej z\u00e1kladne.<\/p>\n<p>\u00a0<a href=\"\/wp-content\/uploads\/2019\/09\/chemlab.png\"><img loading=\"lazy\" decoding=\"async\" src=\"\/wp-content\/uploads\/2019\/09\/chemlab.png\" width=\"656\" height=\"274\" alt=\"\" class=\"wp-image-642 aligncenter size-full\" srcset=\"\/wp-content\/uploads\/2019\/09\/chemlab.png 656w, \/wp-content\/uploads\/2019\/09\/chemlab-480x200.png 480w\" sizes=\"(min-width: 0px) and (max-width: 480px) 480px, (min-width: 481px) 656px, 100vw\" \/><\/a><\/p>\n<p>[\/et_pb_text][\/et_pb_column][\/et_pb_row][\/et_pb_section]<\/p>","protected":false},"excerpt":{"rendered":"<p>Pou\u017eitie mobiln\u00e9ho detek\u010dn\u00e9ho chemick\u00e9ho laborat\u00f3ria\u00a0je pri rie\u0161en\u00ed kr\u00edzovej situ\u00e1cie sp\u00f4sobenej napadnut\u00edm CWA alebo \u00famyseln\u00fdm \u010di ne\u00famyseln\u00fdm pou\u017eit\u00edm TIC nevyhnutn\u00e9. Okrem detekcie a identifik\u00e1cie o ak\u00fa CWA ide sa vy\u017eaduje e\u0161te stanovi\u0165 mo\u017en\u00e9 konkr\u00e9tne radia\u010dn\u00e9 zamorenie, ako aj na prvom stupni detekova\u0165 mo\u017en\u00e9 pou\u017eitie BWA alebo tox\u00ednov, aby sa po v\u010dasnom varovan\u00ed mohli urobi\u0165 v\u0161etky n\u00e1le\u017eit\u00e9 [&hellip;]<\/p>","protected":false},"author":1,"featured_media":0,"parent":0,"menu_order":0,"comment_status":"closed","ping_status":"closed","template":"","meta":{"_et_pb_use_builder":"on","_et_pb_old_content":"","_et_gb_content_width":"","inline_featured_image":false,"_monsterinsights_skip_tracking":false,"_monsterinsights_sitenote_active":false,"_monsterinsights_sitenote_note":"","_monsterinsights_sitenote_category":0,"footnotes":""},"class_list":["post-319","page","type-page","status-publish","hentry"],"yoast_head":"<!-- This site is optimized with the Yoast SEO plugin v26.1.1 - https:\/\/yoast.com\/wordpress\/plugins\/seo\/ -->\n<title>Mobiln\u00e9 detek\u010dn\u00e9 chemick\u00e9 laborat\u00f3rium - DSSI<\/title>\n<meta name=\"robots\" content=\"index, follow, max-snippet:-1, max-image-preview:large, max-video-preview:-1\" \/>\n<link rel=\"canonical\" href=\"https:\/\/dssi.sk\/en\/mobilne-detekcne-chemicke-laboratorium\/\" \/>\n<meta property=\"og:locale\" content=\"en_US\" \/>\n<meta property=\"og:type\" content=\"article\" \/>\n<meta property=\"og:title\" content=\"Mobiln\u00e9 detek\u010dn\u00e9 chemick\u00e9 laborat\u00f3rium - DSSI\" \/>\n<meta property=\"og:description\" content=\"Pou\u017eitie mobiln\u00e9ho detek\u010dn\u00e9ho chemick\u00e9ho laborat\u00f3ria\u00a0je pri rie\u0161en\u00ed kr\u00edzovej situ\u00e1cie sp\u00f4sobenej napadnut\u00edm CWA alebo \u00famyseln\u00fdm \u010di ne\u00famyseln\u00fdm pou\u017eit\u00edm TIC nevyhnutn\u00e9. Okrem detekcie a identifik\u00e1cie o ak\u00fa CWA ide sa vy\u017eaduje e\u0161te stanovi\u0165 mo\u017en\u00e9 konkr\u00e9tne radia\u010dn\u00e9 zamorenie, ako aj na prvom stupni detekova\u0165 mo\u017en\u00e9 pou\u017eitie BWA alebo tox\u00ednov, aby sa po v\u010dasnom varovan\u00ed mohli urobi\u0165 v\u0161etky n\u00e1le\u017eit\u00e9 [&hellip;]\" \/>\n<meta property=\"og:url\" content=\"https:\/\/dssi.sk\/en\/mobilne-detekcne-chemicke-laboratorium\/\" \/>\n<meta property=\"og:site_name\" content=\"DSSI\" \/>\n<meta property=\"article:modified_time\" content=\"2019-09-16T21:35:50+00:00\" \/>\n<meta property=\"og:image\" content=\"https:\/\/dssi.sk\/wp-content\/uploads\/2019\/09\/chemlab.png\" \/>\n<meta name=\"twitter:card\" content=\"summary_large_image\" \/>\n<meta name=\"twitter:label1\" content=\"Est. reading time\" \/>\n\t<meta name=\"twitter:data1\" content=\"2 minutes\" \/>\n<script type=\"application\/ld+json\" class=\"yoast-schema-graph\">{\"@context\":\"https:\/\/schema.org\",\"@graph\":[{\"@type\":\"WebPage\",\"@id\":\"https:\/\/dssi.sk\/mobilne-detekcne-chemicke-laboratorium\/\",\"url\":\"https:\/\/dssi.sk\/mobilne-detekcne-chemicke-laboratorium\/\",\"name\":\"Mobiln\u00e9 detek\u010dn\u00e9 chemick\u00e9 laborat\u00f3rium - DSSI\",\"isPartOf\":{\"@id\":\"https:\/\/dssi.sk\/#website\"},\"datePublished\":\"2019-09-16T14:24:44+00:00\",\"dateModified\":\"2019-09-16T21:35:50+00:00\",\"breadcrumb\":{\"@id\":\"https:\/\/dssi.sk\/mobilne-detekcne-chemicke-laboratorium\/#breadcrumb\"},\"inLanguage\":\"en-US\",\"potentialAction\":[{\"@type\":\"ReadAction\",\"target\":[\"https:\/\/dssi.sk\/mobilne-detekcne-chemicke-laboratorium\/\"]}]},{\"@type\":\"BreadcrumbList\",\"@id\":\"https:\/\/dssi.sk\/mobilne-detekcne-chemicke-laboratorium\/#breadcrumb\",\"itemListElement\":[{\"@type\":\"ListItem\",\"position\":1,\"name\":\"Home\",\"item\":\"https:\/\/dssi.sk\/\"},{\"@type\":\"ListItem\",\"position\":2,\"name\":\"Mobiln\u00e9 detek\u010dn\u00e9 chemick\u00e9 laborat\u00f3rium\"}]},{\"@type\":\"WebSite\",\"@id\":\"https:\/\/dssi.sk\/#website\",\"url\":\"https:\/\/dssi.sk\/\",\"name\":\"DSSI\",\"description\":\"Development | Services | Security | Innovations\",\"publisher\":{\"@id\":\"https:\/\/dssi.sk\/#organization\"},\"potentialAction\":[{\"@type\":\"SearchAction\",\"target\":{\"@type\":\"EntryPoint\",\"urlTemplate\":\"https:\/\/dssi.sk\/?s={search_term_string}\"},\"query-input\":{\"@type\":\"PropertyValueSpecification\",\"valueRequired\":true,\"valueName\":\"search_term_string\"}}],\"inLanguage\":\"en-US\"},{\"@type\":\"Organization\",\"@id\":\"https:\/\/dssi.sk\/#organization\",\"name\":\"DSSI a.s.\",\"url\":\"https:\/\/dssi.sk\/\",\"logo\":{\"@type\":\"ImageObject\",\"inLanguage\":\"en-US\",\"@id\":\"https:\/\/dssi.sk\/#\/schema\/logo\/image\/\",\"url\":\"https:\/\/dssi.sk\/wp-content\/uploads\/2019\/09\/logo-dssi-horizontal1.jpg\",\"contentUrl\":\"https:\/\/dssi.sk\/wp-content\/uploads\/2019\/09\/logo-dssi-horizontal1.jpg\",\"width\":520,\"height\":520,\"caption\":\"DSSI a.s.\"},\"image\":{\"@id\":\"https:\/\/dssi.sk\/#\/schema\/logo\/image\/\"}}]}<\/script>\n<!-- \/ Yoast SEO plugin. -->","yoast_head_json":{"title":"Mobiln\u00e9 detek\u010dn\u00e9 chemick\u00e9 laborat\u00f3rium - DSSI","robots":{"index":"index","follow":"follow","max-snippet":"max-snippet:-1","max-image-preview":"max-image-preview:large","max-video-preview":"max-video-preview:-1"},"canonical":"https:\/\/dssi.sk\/en\/mobilne-detekcne-chemicke-laboratorium\/","og_locale":"en_US","og_type":"article","og_title":"Mobiln\u00e9 detek\u010dn\u00e9 chemick\u00e9 laborat\u00f3rium - DSSI","og_description":"Pou\u017eitie mobiln\u00e9ho detek\u010dn\u00e9ho chemick\u00e9ho laborat\u00f3ria\u00a0je pri rie\u0161en\u00ed kr\u00edzovej situ\u00e1cie sp\u00f4sobenej napadnut\u00edm CWA alebo \u00famyseln\u00fdm \u010di ne\u00famyseln\u00fdm pou\u017eit\u00edm TIC nevyhnutn\u00e9. Okrem detekcie a identifik\u00e1cie o ak\u00fa CWA ide sa vy\u017eaduje e\u0161te stanovi\u0165 mo\u017en\u00e9 konkr\u00e9tne radia\u010dn\u00e9 zamorenie, ako aj na prvom stupni detekova\u0165 mo\u017en\u00e9 pou\u017eitie BWA alebo tox\u00ednov, aby sa po v\u010dasnom varovan\u00ed mohli urobi\u0165 v\u0161etky n\u00e1le\u017eit\u00e9 [&hellip;]","og_url":"https:\/\/dssi.sk\/en\/mobilne-detekcne-chemicke-laboratorium\/","og_site_name":"DSSI","article_modified_time":"2019-09-16T21:35:50+00:00","og_image":[{"url":"https:\/\/dssi.sk\/wp-content\/uploads\/2019\/09\/chemlab.png","type":"","width":"","height":""}],"twitter_card":"summary_large_image","twitter_misc":{"Est. reading time":"2 minutes"},"schema":{"@context":"https:\/\/schema.org","@graph":[{"@type":"WebPage","@id":"https:\/\/dssi.sk\/mobilne-detekcne-chemicke-laboratorium\/","url":"https:\/\/dssi.sk\/mobilne-detekcne-chemicke-laboratorium\/","name":"Mobiln\u00e9 detek\u010dn\u00e9 chemick\u00e9 laborat\u00f3rium - DSSI","isPartOf":{"@id":"https:\/\/dssi.sk\/#website"},"datePublished":"2019-09-16T14:24:44+00:00","dateModified":"2019-09-16T21:35:50+00:00","breadcrumb":{"@id":"https:\/\/dssi.sk\/mobilne-detekcne-chemicke-laboratorium\/#breadcrumb"},"inLanguage":"en-US","potentialAction":[{"@type":"ReadAction","target":["https:\/\/dssi.sk\/mobilne-detekcne-chemicke-laboratorium\/"]}]},{"@type":"BreadcrumbList","@id":"https:\/\/dssi.sk\/mobilne-detekcne-chemicke-laboratorium\/#breadcrumb","itemListElement":[{"@type":"ListItem","position":1,"name":"Home","item":"https:\/\/dssi.sk\/"},{"@type":"ListItem","position":2,"name":"Mobiln\u00e9 detek\u010dn\u00e9 chemick\u00e9 laborat\u00f3rium"}]},{"@type":"WebSite","@id":"https:\/\/dssi.sk\/#website","url":"https:\/\/dssi.sk\/","name":"DSSI","description":"Development | Services | Security | Innovations","publisher":{"@id":"https:\/\/dssi.sk\/#organization"},"potentialAction":[{"@type":"SearchAction","target":{"@type":"EntryPoint","urlTemplate":"https:\/\/dssi.sk\/?s={search_term_string}"},"query-input":{"@type":"PropertyValueSpecification","valueRequired":true,"valueName":"search_term_string"}}],"inLanguage":"en-US"},{"@type":"Organization","@id":"https:\/\/dssi.sk\/#organization","name":"DSSI a.s.","url":"https:\/\/dssi.sk\/","logo":{"@type":"ImageObject","inLanguage":"en-US","@id":"https:\/\/dssi.sk\/#\/schema\/logo\/image\/","url":"https:\/\/dssi.sk\/wp-content\/uploads\/2019\/09\/logo-dssi-horizontal1.jpg","contentUrl":"https:\/\/dssi.sk\/wp-content\/uploads\/2019\/09\/logo-dssi-horizontal1.jpg","width":520,"height":520,"caption":"DSSI a.s."},"image":{"@id":"https:\/\/dssi.sk\/#\/schema\/logo\/image\/"}}]}},"_links":{"self":[{"href":"https:\/\/dssi.sk\/en\/wp-json\/wp\/v2\/pages\/319","targetHints":{"allow":["GET"]}}],"collection":[{"href":"https:\/\/dssi.sk\/en\/wp-json\/wp\/v2\/pages"}],"about":[{"href":"https:\/\/dssi.sk\/en\/wp-json\/wp\/v2\/types\/page"}],"author":[{"embeddable":true,"href":"https:\/\/dssi.sk\/en\/wp-json\/wp\/v2\/users\/1"}],"replies":[{"embeddable":true,"href":"https:\/\/dssi.sk\/en\/wp-json\/wp\/v2\/comments?post=319"}],"version-history":[{"count":4,"href":"https:\/\/dssi.sk\/en\/wp-json\/wp\/v2\/pages\/319\/revisions"}],"predecessor-version":[{"id":666,"href":"https:\/\/dssi.sk\/en\/wp-json\/wp\/v2\/pages\/319\/revisions\/666"}],"wp:attachment":[{"href":"https:\/\/dssi.sk\/en\/wp-json\/wp\/v2\/media?parent=319"}],"curies":[{"name":"wp","href":"https:\/\/api.w.org\/{rel}","templated":true}]}}