{"id":329,"date":"2019-09-16T16:26:54","date_gmt":"2019-09-16T14:26:54","guid":{"rendered":"http:\/\/dssi.h2studio.net\/?page_id=329"},"modified":"2019-09-16T16:29:33","modified_gmt":"2019-09-16T14:29:33","slug":"mobilne-detekcne-radiologicke-laboratorium","status":"publish","type":"page","link":"https:\/\/dssi.sk\/en\/mobilne-detekcne-radiologicke-laboratorium\/","title":{"rendered":"Mobiln\u00e9 detek\u010dn\u00e9 r\u00e1diologick\u00e9 laborat\u00f3rium"},"content":{"rendered":"<p>[et_pb_section fb_built=&#8220;1&#8243; admin_label=&#8220;section&#8220; _builder_version=&#8220;3.25.4&#8243; custom_padding=&#8220;0px||&#8220;][et_pb_row custom_margin=&#8220;||&#8220; admin_label=&#8220;row&#8220; _builder_version=&#8220;3.25.4&#8243; background_size=&#8220;initial&#8220; background_position=&#8220;top_left&#8220; background_repeat=&#8220;repeat&#8220;][et_pb_column type=&#8220;4_4&#8243; _builder_version=&#8220;3.25&#8243; custom_padding=&#8220;|||&#8220; custom_padding__hover=&#8220;|||&#8220;][et_pb_text _builder_version=&#8220;3.25.4&#8243; _dynamic_attributes=&#8220;content&#8220; text_font=&#8220;|||on|||||&#8220; text_text_align=&#8220;center&#8220; text_font_size=&#8220;30px&#8220; link_font=&#8220;||||||||&#8220; ul_font=&#8220;||||||||&#8220; ol_font=&#8220;||||||||&#8220; quote_font=&#8220;||||||||&#8220; header_font=&#8220;||||||||&#8220; header_2_font=&#8220;||||||||&#8220; background_color=&#8220;rgba(0,0,0,0)&#8220; width=&#8220;100%&#8220; max_width=&#8220;100%&#8220;]@ET-DC@eyJkeW5hbWljIjp0cnVlLCJjb250ZW50IjoicG9zdF90aXRsZSIsInNldHRpbmdzIjp7ImJlZm9yZSI6IiIsImFmdGVyIjoiIn19@[\/et_pb_text][et_pb_text admin_label=&#8220;Text&#8220; _builder_version=&#8220;3.25.4&#8243; background_size=&#8220;initial&#8220; background_position=&#8220;top_left&#8220; background_repeat=&#8220;repeat&#8220;]<\/p>\n<p>\u0160t\u00fadia Mobiln\u00e9 detek\u010dn\u00e9 r\u00e1diologick\u00e9 laborat\u00f3rium pod\u00e1va celkov\u00fd obraz o\u00a0potrebe tohoto pracoviska v\u00a0r\u00e1mci ASR i\u00a0IZS SR, s\u00fa\u010dasnom stave podobn\u00fdch zariaden\u00ed vo svete, o\u00a0dostupnom pr\u00edstrojovom a\u00a0materi\u00e1lovom vybaven\u00ed navrhovan\u00e9ho syst\u00e9mu v\u00a0troch cenov\u00fdch variantoch, Materi\u00e1l pojedn\u00e1va o\u00a0transportnom vozidle a\u00a0navrhuje rie\u0161i\u0165 logistick\u00fa podporu.<\/p>\n<p>Celkov\u00e1 cena minimalistick\u00e9ho rie\u0161enia sa ud\u00e1va aj prepravn\u00fdm vybaven\u00edm na 27 mili\u00f3nov Sk s DPH v\u00a0cen\u00e1ch k\u00a0roku 2005. Detailne sa uv\u00e1dza potrebn\u00e9 dostato\u010dn\u00e9 vybavenie laborat\u00f3ria, umiesten\u00e9ho v\u00a0aeromobilnom kontajneri s\u00a0 rozkreslen\u00fdm n\u00e1vrhom optimalizovan\u00e9ho rozvodu elektriny, vody a\u00a0plynov.<\/p>\n<p>Navrhuje sa kvalifik\u00e1cia a\u00a0uv\u00e1dza sa priebe\u017en\u00e9 vzdel\u00e1vanie obsluhy. Po\u010d\u00edta sa so sledovan\u00edm jej zamorenia a\u00a0osobnou dekontamin\u00e1ciou.<\/p>\n<p>[\/et_pb_text][\/et_pb_column][\/et_pb_row][\/et_pb_section]<\/p>","protected":false},"excerpt":{"rendered":"<p>\u0160t\u00fadia Mobiln\u00e9 detek\u010dn\u00e9 r\u00e1diologick\u00e9 laborat\u00f3rium pod\u00e1va celkov\u00fd obraz o\u00a0potrebe tohoto pracoviska v\u00a0r\u00e1mci ASR i\u00a0IZS SR, s\u00fa\u010dasnom stave podobn\u00fdch zariaden\u00ed vo svete, o\u00a0dostupnom pr\u00edstrojovom a\u00a0materi\u00e1lovom vybaven\u00ed navrhovan\u00e9ho syst\u00e9mu v\u00a0troch cenov\u00fdch variantoch, Materi\u00e1l pojedn\u00e1va o\u00a0transportnom vozidle a\u00a0navrhuje rie\u0161i\u0165 logistick\u00fa podporu. Celkov\u00e1 cena minimalistick\u00e9ho rie\u0161enia sa ud\u00e1va aj prepravn\u00fdm vybaven\u00edm na 27 mili\u00f3nov Sk s DPH v\u00a0cen\u00e1ch k\u00a0roku [&hellip;]<\/p>","protected":false},"author":1,"featured_media":0,"parent":0,"menu_order":0,"comment_status":"closed","ping_status":"closed","template":"","meta":{"_et_pb_use_builder":"on","_et_pb_old_content":"","_et_gb_content_width":"","inline_featured_image":false,"_monsterinsights_skip_tracking":false,"_monsterinsights_sitenote_active":false,"_monsterinsights_sitenote_note":"","_monsterinsights_sitenote_category":0,"footnotes":""},"class_list":["post-329","page","type-page","status-publish","hentry"],"yoast_head":"<!-- This site is optimized with the Yoast SEO plugin v26.1.1 - https:\/\/yoast.com\/wordpress\/plugins\/seo\/ -->\n<title>Mobiln\u00e9 detek\u010dn\u00e9 r\u00e1diologick\u00e9 laborat\u00f3rium - DSSI<\/title>\n<meta name=\"robots\" content=\"index, follow, max-snippet:-1, max-image-preview:large, max-video-preview:-1\" \/>\n<link rel=\"canonical\" href=\"https:\/\/dssi.sk\/en\/mobilne-detekcne-radiologicke-laboratorium\/\" \/>\n<meta property=\"og:locale\" content=\"en_US\" \/>\n<meta property=\"og:type\" content=\"article\" \/>\n<meta property=\"og:title\" content=\"Mobiln\u00e9 detek\u010dn\u00e9 r\u00e1diologick\u00e9 laborat\u00f3rium - DSSI\" \/>\n<meta property=\"og:description\" content=\"\u0160t\u00fadia Mobiln\u00e9 detek\u010dn\u00e9 r\u00e1diologick\u00e9 laborat\u00f3rium pod\u00e1va celkov\u00fd obraz o\u00a0potrebe tohoto pracoviska v\u00a0r\u00e1mci ASR i\u00a0IZS SR, s\u00fa\u010dasnom stave podobn\u00fdch zariaden\u00ed vo svete, o\u00a0dostupnom pr\u00edstrojovom a\u00a0materi\u00e1lovom vybaven\u00ed navrhovan\u00e9ho syst\u00e9mu v\u00a0troch cenov\u00fdch variantoch, Materi\u00e1l pojedn\u00e1va o\u00a0transportnom vozidle a\u00a0navrhuje rie\u0161i\u0165 logistick\u00fa podporu. Celkov\u00e1 cena minimalistick\u00e9ho rie\u0161enia sa ud\u00e1va aj prepravn\u00fdm vybaven\u00edm na 27 mili\u00f3nov Sk s DPH v\u00a0cen\u00e1ch k\u00a0roku [&hellip;]\" \/>\n<meta property=\"og:url\" content=\"https:\/\/dssi.sk\/en\/mobilne-detekcne-radiologicke-laboratorium\/\" \/>\n<meta property=\"og:site_name\" content=\"DSSI\" \/>\n<meta property=\"article:modified_time\" content=\"2019-09-16T14:29:33+00:00\" \/>\n<meta name=\"twitter:card\" content=\"summary_large_image\" \/>\n<meta name=\"twitter:label1\" content=\"Est. reading time\" \/>\n\t<meta name=\"twitter:data1\" content=\"1 minute\" \/>\n<script type=\"application\/ld+json\" class=\"yoast-schema-graph\">{\"@context\":\"https:\/\/schema.org\",\"@graph\":[{\"@type\":\"WebPage\",\"@id\":\"https:\/\/dssi.sk\/mobilne-detekcne-radiologicke-laboratorium\/\",\"url\":\"https:\/\/dssi.sk\/mobilne-detekcne-radiologicke-laboratorium\/\",\"name\":\"Mobiln\u00e9 detek\u010dn\u00e9 r\u00e1diologick\u00e9 laborat\u00f3rium - DSSI\",\"isPartOf\":{\"@id\":\"https:\/\/dssi.sk\/#website\"},\"datePublished\":\"2019-09-16T14:26:54+00:00\",\"dateModified\":\"2019-09-16T14:29:33+00:00\",\"breadcrumb\":{\"@id\":\"https:\/\/dssi.sk\/mobilne-detekcne-radiologicke-laboratorium\/#breadcrumb\"},\"inLanguage\":\"en-US\",\"potentialAction\":[{\"@type\":\"ReadAction\",\"target\":[\"https:\/\/dssi.sk\/mobilne-detekcne-radiologicke-laboratorium\/\"]}]},{\"@type\":\"BreadcrumbList\",\"@id\":\"https:\/\/dssi.sk\/mobilne-detekcne-radiologicke-laboratorium\/#breadcrumb\",\"itemListElement\":[{\"@type\":\"ListItem\",\"position\":1,\"name\":\"Home\",\"item\":\"https:\/\/dssi.sk\/\"},{\"@type\":\"ListItem\",\"position\":2,\"name\":\"Mobiln\u00e9 detek\u010dn\u00e9 r\u00e1diologick\u00e9 laborat\u00f3rium\"}]},{\"@type\":\"WebSite\",\"@id\":\"https:\/\/dssi.sk\/#website\",\"url\":\"https:\/\/dssi.sk\/\",\"name\":\"DSSI\",\"description\":\"Development | Services | Security | Innovations\",\"publisher\":{\"@id\":\"https:\/\/dssi.sk\/#organization\"},\"potentialAction\":[{\"@type\":\"SearchAction\",\"target\":{\"@type\":\"EntryPoint\",\"urlTemplate\":\"https:\/\/dssi.sk\/?s={search_term_string}\"},\"query-input\":{\"@type\":\"PropertyValueSpecification\",\"valueRequired\":true,\"valueName\":\"search_term_string\"}}],\"inLanguage\":\"en-US\"},{\"@type\":\"Organization\",\"@id\":\"https:\/\/dssi.sk\/#organization\",\"name\":\"DSSI a.s.\",\"url\":\"https:\/\/dssi.sk\/\",\"logo\":{\"@type\":\"ImageObject\",\"inLanguage\":\"en-US\",\"@id\":\"https:\/\/dssi.sk\/#\/schema\/logo\/image\/\",\"url\":\"https:\/\/dssi.sk\/wp-content\/uploads\/2019\/09\/logo-dssi-horizontal1.jpg\",\"contentUrl\":\"https:\/\/dssi.sk\/wp-content\/uploads\/2019\/09\/logo-dssi-horizontal1.jpg\",\"width\":520,\"height\":520,\"caption\":\"DSSI a.s.\"},\"image\":{\"@id\":\"https:\/\/dssi.sk\/#\/schema\/logo\/image\/\"}}]}<\/script>\n<!-- \/ Yoast SEO plugin. -->","yoast_head_json":{"title":"Mobiln\u00e9 detek\u010dn\u00e9 r\u00e1diologick\u00e9 laborat\u00f3rium - DSSI","robots":{"index":"index","follow":"follow","max-snippet":"max-snippet:-1","max-image-preview":"max-image-preview:large","max-video-preview":"max-video-preview:-1"},"canonical":"https:\/\/dssi.sk\/en\/mobilne-detekcne-radiologicke-laboratorium\/","og_locale":"en_US","og_type":"article","og_title":"Mobiln\u00e9 detek\u010dn\u00e9 r\u00e1diologick\u00e9 laborat\u00f3rium - DSSI","og_description":"\u0160t\u00fadia Mobiln\u00e9 detek\u010dn\u00e9 r\u00e1diologick\u00e9 laborat\u00f3rium pod\u00e1va celkov\u00fd obraz o\u00a0potrebe tohoto pracoviska v\u00a0r\u00e1mci ASR i\u00a0IZS SR, s\u00fa\u010dasnom stave podobn\u00fdch zariaden\u00ed vo svete, o\u00a0dostupnom pr\u00edstrojovom a\u00a0materi\u00e1lovom vybaven\u00ed navrhovan\u00e9ho syst\u00e9mu v\u00a0troch cenov\u00fdch variantoch, Materi\u00e1l pojedn\u00e1va o\u00a0transportnom vozidle a\u00a0navrhuje rie\u0161i\u0165 logistick\u00fa podporu. Celkov\u00e1 cena minimalistick\u00e9ho rie\u0161enia sa ud\u00e1va aj prepravn\u00fdm vybaven\u00edm na 27 mili\u00f3nov Sk s DPH v\u00a0cen\u00e1ch k\u00a0roku [&hellip;]","og_url":"https:\/\/dssi.sk\/en\/mobilne-detekcne-radiologicke-laboratorium\/","og_site_name":"DSSI","article_modified_time":"2019-09-16T14:29:33+00:00","twitter_card":"summary_large_image","twitter_misc":{"Est. reading time":"1 minute"},"schema":{"@context":"https:\/\/schema.org","@graph":[{"@type":"WebPage","@id":"https:\/\/dssi.sk\/mobilne-detekcne-radiologicke-laboratorium\/","url":"https:\/\/dssi.sk\/mobilne-detekcne-radiologicke-laboratorium\/","name":"Mobiln\u00e9 detek\u010dn\u00e9 r\u00e1diologick\u00e9 laborat\u00f3rium - DSSI","isPartOf":{"@id":"https:\/\/dssi.sk\/#website"},"datePublished":"2019-09-16T14:26:54+00:00","dateModified":"2019-09-16T14:29:33+00:00","breadcrumb":{"@id":"https:\/\/dssi.sk\/mobilne-detekcne-radiologicke-laboratorium\/#breadcrumb"},"inLanguage":"en-US","potentialAction":[{"@type":"ReadAction","target":["https:\/\/dssi.sk\/mobilne-detekcne-radiologicke-laboratorium\/"]}]},{"@type":"BreadcrumbList","@id":"https:\/\/dssi.sk\/mobilne-detekcne-radiologicke-laboratorium\/#breadcrumb","itemListElement":[{"@type":"ListItem","position":1,"name":"Home","item":"https:\/\/dssi.sk\/"},{"@type":"ListItem","position":2,"name":"Mobiln\u00e9 detek\u010dn\u00e9 r\u00e1diologick\u00e9 laborat\u00f3rium"}]},{"@type":"WebSite","@id":"https:\/\/dssi.sk\/#website","url":"https:\/\/dssi.sk\/","name":"DSSI","description":"Development | Services | Security | Innovations","publisher":{"@id":"https:\/\/dssi.sk\/#organization"},"potentialAction":[{"@type":"SearchAction","target":{"@type":"EntryPoint","urlTemplate":"https:\/\/dssi.sk\/?s={search_term_string}"},"query-input":{"@type":"PropertyValueSpecification","valueRequired":true,"valueName":"search_term_string"}}],"inLanguage":"en-US"},{"@type":"Organization","@id":"https:\/\/dssi.sk\/#organization","name":"DSSI a.s.","url":"https:\/\/dssi.sk\/","logo":{"@type":"ImageObject","inLanguage":"en-US","@id":"https:\/\/dssi.sk\/#\/schema\/logo\/image\/","url":"https:\/\/dssi.sk\/wp-content\/uploads\/2019\/09\/logo-dssi-horizontal1.jpg","contentUrl":"https:\/\/dssi.sk\/wp-content\/uploads\/2019\/09\/logo-dssi-horizontal1.jpg","width":520,"height":520,"caption":"DSSI a.s."},"image":{"@id":"https:\/\/dssi.sk\/#\/schema\/logo\/image\/"}}]}},"_links":{"self":[{"href":"https:\/\/dssi.sk\/en\/wp-json\/wp\/v2\/pages\/329","targetHints":{"allow":["GET"]}}],"collection":[{"href":"https:\/\/dssi.sk\/en\/wp-json\/wp\/v2\/pages"}],"about":[{"href":"https:\/\/dssi.sk\/en\/wp-json\/wp\/v2\/types\/page"}],"author":[{"embeddable":true,"href":"https:\/\/dssi.sk\/en\/wp-json\/wp\/v2\/users\/1"}],"replies":[{"embeddable":true,"href":"https:\/\/dssi.sk\/en\/wp-json\/wp\/v2\/comments?post=329"}],"version-history":[{"count":2,"href":"https:\/\/dssi.sk\/en\/wp-json\/wp\/v2\/pages\/329\/revisions"}],"predecessor-version":[{"id":334,"href":"https:\/\/dssi.sk\/en\/wp-json\/wp\/v2\/pages\/329\/revisions\/334"}],"wp:attachment":[{"href":"https:\/\/dssi.sk\/en\/wp-json\/wp\/v2\/media?parent=329"}],"curies":[{"name":"wp","href":"https:\/\/api.w.org\/{rel}","templated":true}]}}