{"id":336,"date":"2019-09-16T16:30:05","date_gmt":"2019-09-16T14:30:05","guid":{"rendered":"http:\/\/dssi.h2studio.net\/?page_id=336"},"modified":"2019-09-16T16:32:13","modified_gmt":"2019-09-16T14:32:13","slug":"modernizacia-systemu-ochrany-bojoveho-vozidla-pechoty-bvp2","status":"publish","type":"page","link":"https:\/\/dssi.sk\/en\/modernizacia-systemu-ochrany-bojoveho-vozidla-pechoty-bvp2\/","title":{"rendered":"Moderniz\u00e1cia syst\u00e9mu ochrany bojov\u00e9ho vozidla pechoty BVP-2"},"content":{"rendered":"[et_pb_section fb_built=&#8220;1&#8243; admin_label=&#8220;section&#8220; _builder_version=&#8220;3.25.4&#8243; custom_padding=&#8220;0px||&#8220;][et_pb_row custom_margin=&#8220;||&#8220; admin_label=&#8220;row&#8220; _builder_version=&#8220;3.25.4&#8243; background_size=&#8220;initial&#8220; background_position=&#8220;top_left&#8220; background_repeat=&#8220;repeat&#8220;][et_pb_column type=&#8220;4_4&#8243; _builder_version=&#8220;3.25&#8243; custom_padding=&#8220;|||&#8220; custom_padding__hover=&#8220;|||&#8220;][et_pb_text _builder_version=&#8220;3.25.4&#8243; _dynamic_attributes=&#8220;content&#8220; text_font=&#8220;|||on|||||&#8220; text_text_align=&#8220;center&#8220; text_font_size=&#8220;30px&#8220; link_font=&#8220;||||||||&#8220; ul_font=&#8220;||||||||&#8220; ol_font=&#8220;||||||||&#8220; quote_font=&#8220;||||||||&#8220; header_font=&#8220;||||||||&#8220; header_2_font=&#8220;||||||||&#8220; background_color=&#8220;rgba(0,0,0,0)&#8220; width=&#8220;100%&#8220; max_width=&#8220;100%&#8220;]@ET-DC@eyJkeW5hbWljIjp0cnVlLCJjb250ZW50IjoicG9zdF90aXRsZSIsInNldHRpbmdzIjp7ImJlZm9yZSI6IiIsImFmdGVyIjoiIn19@[\/et_pb_text][et_pb_text admin_label=&#8220;Text&#8220; _builder_version=&#8220;3.25.4&#8243; background_size=&#8220;initial&#8220; background_position=&#8220;top_left&#8220; background_repeat=&#8220;repeat&#8220;]<p><span>V\u00a0\u00favodnej \u010dasti \u0161t\u00fadia rozober\u00e1 potreby mobility bojov\u00fdch vozidiel pre rie\u0161enie vojensk\u00fdch a\u00a0nevojensk\u00fdch konfliktov. Podrobne a\u00a0objekt\u00edvne je analyzovan\u00e1 s\u00fa\u010dasn\u00e1 pohonn\u00e1\u00a0 s\u00fastava a\u00a0p\u00e1sov\u00fd pohybov\u00fd mechanizmus bojov\u00e9ho vozidla pechoty BVP-2. Je spracovan\u00fd rozbor rie\u0161en\u00fdch ot\u00e1zok u\u00a0s\u00fa\u010dasn\u00fdch bojov\u00fdch vozidiel v\u00a0zahrani\u010d\u00ed. S\u00fa ur\u010den\u00e9 krit\u00e9ri\u00e1 pre moderniz\u00e1ciu pohonnej s\u00fastavy a\u00a0p\u00e1sov\u00e9ho pohybov\u00e9ho mechanizmu vozidla BVP-2. Mo\u017enosti moderniz\u00e1cie s\u00fa doplnen\u00e9 n\u00e1vrhmi na kamufl\u00e1\u017enu ochranu vozidla a\u00a0aplik\u00e1cie gumokovov\u00fdch blokov na ko\u013eajov\u00e9 p\u00e1sy vozidla. Je vykonan\u00fd rozbor dopadu zv\u00fd\u0161enia hmotnosti na dynamiku jazdy. Je analyzovan\u00fd pomer hmotnos\u0165-objem-mern\u00fd v\u00fdkon pohonnej s\u00fastavy vozidla.<\/span><\/p>[\/et_pb_text][\/et_pb_column][\/et_pb_row][\/et_pb_section]","protected":false},"excerpt":{"rendered":"<p>V\u00a0\u00favodnej \u010dasti \u0161t\u00fadia rozober\u00e1 potreby mobility bojov\u00fdch vozidiel pre rie\u0161enie vojensk\u00fdch a\u00a0nevojensk\u00fdch konfliktov. Podrobne a\u00a0objekt\u00edvne je analyzovan\u00e1 s\u00fa\u010dasn\u00e1 pohonn\u00e1\u00a0 s\u00fastava a\u00a0p\u00e1sov\u00fd pohybov\u00fd mechanizmus bojov\u00e9ho vozidla pechoty BVP-2. Je spracovan\u00fd rozbor rie\u0161en\u00fdch ot\u00e1zok u\u00a0s\u00fa\u010dasn\u00fdch bojov\u00fdch vozidiel v\u00a0zahrani\u010d\u00ed. S\u00fa ur\u010den\u00e9 krit\u00e9ri\u00e1 pre moderniz\u00e1ciu pohonnej s\u00fastavy a\u00a0p\u00e1sov\u00e9ho pohybov\u00e9ho mechanizmu vozidla BVP-2. Mo\u017enosti moderniz\u00e1cie s\u00fa doplnen\u00e9 n\u00e1vrhmi na kamufl\u00e1\u017enu [&hellip;]<\/p>","protected":false},"author":1,"featured_media":0,"parent":0,"menu_order":0,"comment_status":"closed","ping_status":"closed","template":"","meta":{"_et_pb_use_builder":"on","_et_pb_old_content":"","_et_gb_content_width":"","inline_featured_image":false,"_monsterinsights_skip_tracking":false,"_monsterinsights_sitenote_active":false,"_monsterinsights_sitenote_note":"","_monsterinsights_sitenote_category":0,"footnotes":""},"class_list":["post-336","page","type-page","status-publish","hentry"],"yoast_head":"<!-- This site is optimized with the Yoast SEO plugin v26.1.1 - https:\/\/yoast.com\/wordpress\/plugins\/seo\/ -->\n<title>Moderniz\u00e1cia syst\u00e9mu ochrany bojov\u00e9ho vozidla pechoty BVP-2 - DSSI<\/title>\n<meta name=\"robots\" content=\"index, follow, max-snippet:-1, max-image-preview:large, max-video-preview:-1\" \/>\n<link rel=\"canonical\" href=\"https:\/\/dssi.sk\/en\/modernizacia-systemu-ochrany-bojoveho-vozidla-pechoty-bvp2\/\" \/>\n<meta property=\"og:locale\" content=\"en_US\" \/>\n<meta property=\"og:type\" content=\"article\" \/>\n<meta property=\"og:title\" content=\"Moderniz\u00e1cia syst\u00e9mu ochrany bojov\u00e9ho vozidla pechoty BVP-2 - DSSI\" \/>\n<meta property=\"og:description\" content=\"V\u00a0\u00favodnej \u010dasti \u0161t\u00fadia rozober\u00e1 potreby mobility bojov\u00fdch vozidiel pre rie\u0161enie vojensk\u00fdch a\u00a0nevojensk\u00fdch konfliktov. Podrobne a\u00a0objekt\u00edvne je analyzovan\u00e1 s\u00fa\u010dasn\u00e1 pohonn\u00e1\u00a0 s\u00fastava a\u00a0p\u00e1sov\u00fd pohybov\u00fd mechanizmus bojov\u00e9ho vozidla pechoty BVP-2. Je spracovan\u00fd rozbor rie\u0161en\u00fdch ot\u00e1zok u\u00a0s\u00fa\u010dasn\u00fdch bojov\u00fdch vozidiel v\u00a0zahrani\u010d\u00ed. S\u00fa ur\u010den\u00e9 krit\u00e9ri\u00e1 pre moderniz\u00e1ciu pohonnej s\u00fastavy a\u00a0p\u00e1sov\u00e9ho pohybov\u00e9ho mechanizmu vozidla BVP-2. Mo\u017enosti moderniz\u00e1cie s\u00fa doplnen\u00e9 n\u00e1vrhmi na kamufl\u00e1\u017enu [&hellip;]\" \/>\n<meta property=\"og:url\" content=\"https:\/\/dssi.sk\/en\/modernizacia-systemu-ochrany-bojoveho-vozidla-pechoty-bvp2\/\" \/>\n<meta property=\"og:site_name\" content=\"DSSI\" \/>\n<meta property=\"article:modified_time\" content=\"2019-09-16T14:32:13+00:00\" \/>\n<meta name=\"twitter:card\" content=\"summary_large_image\" \/>\n<meta name=\"twitter:label1\" content=\"Est. reading time\" \/>\n\t<meta name=\"twitter:data1\" content=\"1 minute\" \/>\n<script type=\"application\/ld+json\" class=\"yoast-schema-graph\">{\"@context\":\"https:\/\/schema.org\",\"@graph\":[{\"@type\":\"WebPage\",\"@id\":\"https:\/\/dssi.sk\/en\/modernizacia-systemu-ochrany-bojoveho-vozidla-pechoty-bvp2\/\",\"url\":\"https:\/\/dssi.sk\/en\/modernizacia-systemu-ochrany-bojoveho-vozidla-pechoty-bvp2\/\",\"name\":\"Moderniz\u00e1cia syst\u00e9mu ochrany bojov\u00e9ho vozidla pechoty BVP-2 - DSSI\",\"isPartOf\":{\"@id\":\"https:\/\/dssi.sk\/#website\"},\"datePublished\":\"2019-09-16T14:30:05+00:00\",\"dateModified\":\"2019-09-16T14:32:13+00:00\",\"breadcrumb\":{\"@id\":\"https:\/\/dssi.sk\/en\/modernizacia-systemu-ochrany-bojoveho-vozidla-pechoty-bvp2\/#breadcrumb\"},\"inLanguage\":\"en-US\",\"potentialAction\":[{\"@type\":\"ReadAction\",\"target\":[\"https:\/\/dssi.sk\/en\/modernizacia-systemu-ochrany-bojoveho-vozidla-pechoty-bvp2\/\"]}]},{\"@type\":\"BreadcrumbList\",\"@id\":\"https:\/\/dssi.sk\/en\/modernizacia-systemu-ochrany-bojoveho-vozidla-pechoty-bvp2\/#breadcrumb\",\"itemListElement\":[{\"@type\":\"ListItem\",\"position\":1,\"name\":\"Home\",\"item\":\"https:\/\/dssi.sk\/\"},{\"@type\":\"ListItem\",\"position\":2,\"name\":\"Moderniz\u00e1cia syst\u00e9mu ochrany bojov\u00e9ho vozidla pechoty BVP-2\"}]},{\"@type\":\"WebSite\",\"@id\":\"https:\/\/dssi.sk\/#website\",\"url\":\"https:\/\/dssi.sk\/\",\"name\":\"DSSI\",\"description\":\"Development | Services | Security | Innovations\",\"publisher\":{\"@id\":\"https:\/\/dssi.sk\/#organization\"},\"potentialAction\":[{\"@type\":\"SearchAction\",\"target\":{\"@type\":\"EntryPoint\",\"urlTemplate\":\"https:\/\/dssi.sk\/?s={search_term_string}\"},\"query-input\":{\"@type\":\"PropertyValueSpecification\",\"valueRequired\":true,\"valueName\":\"search_term_string\"}}],\"inLanguage\":\"en-US\"},{\"@type\":\"Organization\",\"@id\":\"https:\/\/dssi.sk\/#organization\",\"name\":\"DSSI a.s.\",\"url\":\"https:\/\/dssi.sk\/\",\"logo\":{\"@type\":\"ImageObject\",\"inLanguage\":\"en-US\",\"@id\":\"https:\/\/dssi.sk\/#\/schema\/logo\/image\/\",\"url\":\"https:\/\/dssi.sk\/wp-content\/uploads\/2019\/09\/logo-dssi-horizontal1.jpg\",\"contentUrl\":\"https:\/\/dssi.sk\/wp-content\/uploads\/2019\/09\/logo-dssi-horizontal1.jpg\",\"width\":520,\"height\":520,\"caption\":\"DSSI a.s.\"},\"image\":{\"@id\":\"https:\/\/dssi.sk\/#\/schema\/logo\/image\/\"}}]}<\/script>\n<!-- \/ Yoast SEO plugin. -->","yoast_head_json":{"title":"Moderniz\u00e1cia syst\u00e9mu ochrany bojov\u00e9ho vozidla pechoty BVP-2 - DSSI","robots":{"index":"index","follow":"follow","max-snippet":"max-snippet:-1","max-image-preview":"max-image-preview:large","max-video-preview":"max-video-preview:-1"},"canonical":"https:\/\/dssi.sk\/en\/modernizacia-systemu-ochrany-bojoveho-vozidla-pechoty-bvp2\/","og_locale":"en_US","og_type":"article","og_title":"Moderniz\u00e1cia syst\u00e9mu ochrany bojov\u00e9ho vozidla pechoty BVP-2 - DSSI","og_description":"V\u00a0\u00favodnej \u010dasti \u0161t\u00fadia rozober\u00e1 potreby mobility bojov\u00fdch vozidiel pre rie\u0161enie vojensk\u00fdch a\u00a0nevojensk\u00fdch konfliktov. Podrobne a\u00a0objekt\u00edvne je analyzovan\u00e1 s\u00fa\u010dasn\u00e1 pohonn\u00e1\u00a0 s\u00fastava a\u00a0p\u00e1sov\u00fd pohybov\u00fd mechanizmus bojov\u00e9ho vozidla pechoty BVP-2. Je spracovan\u00fd rozbor rie\u0161en\u00fdch ot\u00e1zok u\u00a0s\u00fa\u010dasn\u00fdch bojov\u00fdch vozidiel v\u00a0zahrani\u010d\u00ed. S\u00fa ur\u010den\u00e9 krit\u00e9ri\u00e1 pre moderniz\u00e1ciu pohonnej s\u00fastavy a\u00a0p\u00e1sov\u00e9ho pohybov\u00e9ho mechanizmu vozidla BVP-2. Mo\u017enosti moderniz\u00e1cie s\u00fa doplnen\u00e9 n\u00e1vrhmi na kamufl\u00e1\u017enu [&hellip;]","og_url":"https:\/\/dssi.sk\/en\/modernizacia-systemu-ochrany-bojoveho-vozidla-pechoty-bvp2\/","og_site_name":"DSSI","article_modified_time":"2019-09-16T14:32:13+00:00","twitter_card":"summary_large_image","twitter_misc":{"Est. reading time":"1 minute"},"schema":{"@context":"https:\/\/schema.org","@graph":[{"@type":"WebPage","@id":"https:\/\/dssi.sk\/en\/modernizacia-systemu-ochrany-bojoveho-vozidla-pechoty-bvp2\/","url":"https:\/\/dssi.sk\/en\/modernizacia-systemu-ochrany-bojoveho-vozidla-pechoty-bvp2\/","name":"Moderniz\u00e1cia syst\u00e9mu ochrany bojov\u00e9ho vozidla pechoty BVP-2 - DSSI","isPartOf":{"@id":"https:\/\/dssi.sk\/#website"},"datePublished":"2019-09-16T14:30:05+00:00","dateModified":"2019-09-16T14:32:13+00:00","breadcrumb":{"@id":"https:\/\/dssi.sk\/en\/modernizacia-systemu-ochrany-bojoveho-vozidla-pechoty-bvp2\/#breadcrumb"},"inLanguage":"en-US","potentialAction":[{"@type":"ReadAction","target":["https:\/\/dssi.sk\/en\/modernizacia-systemu-ochrany-bojoveho-vozidla-pechoty-bvp2\/"]}]},{"@type":"BreadcrumbList","@id":"https:\/\/dssi.sk\/en\/modernizacia-systemu-ochrany-bojoveho-vozidla-pechoty-bvp2\/#breadcrumb","itemListElement":[{"@type":"ListItem","position":1,"name":"Home","item":"https:\/\/dssi.sk\/"},{"@type":"ListItem","position":2,"name":"Moderniz\u00e1cia syst\u00e9mu ochrany bojov\u00e9ho vozidla pechoty BVP-2"}]},{"@type":"WebSite","@id":"https:\/\/dssi.sk\/#website","url":"https:\/\/dssi.sk\/","name":"DSSI","description":"Development | Services | Security | Innovations","publisher":{"@id":"https:\/\/dssi.sk\/#organization"},"potentialAction":[{"@type":"SearchAction","target":{"@type":"EntryPoint","urlTemplate":"https:\/\/dssi.sk\/?s={search_term_string}"},"query-input":{"@type":"PropertyValueSpecification","valueRequired":true,"valueName":"search_term_string"}}],"inLanguage":"en-US"},{"@type":"Organization","@id":"https:\/\/dssi.sk\/#organization","name":"DSSI a.s.","url":"https:\/\/dssi.sk\/","logo":{"@type":"ImageObject","inLanguage":"en-US","@id":"https:\/\/dssi.sk\/#\/schema\/logo\/image\/","url":"https:\/\/dssi.sk\/wp-content\/uploads\/2019\/09\/logo-dssi-horizontal1.jpg","contentUrl":"https:\/\/dssi.sk\/wp-content\/uploads\/2019\/09\/logo-dssi-horizontal1.jpg","width":520,"height":520,"caption":"DSSI a.s."},"image":{"@id":"https:\/\/dssi.sk\/#\/schema\/logo\/image\/"}}]}},"_links":{"self":[{"href":"https:\/\/dssi.sk\/en\/wp-json\/wp\/v2\/pages\/336","targetHints":{"allow":["GET"]}}],"collection":[{"href":"https:\/\/dssi.sk\/en\/wp-json\/wp\/v2\/pages"}],"about":[{"href":"https:\/\/dssi.sk\/en\/wp-json\/wp\/v2\/types\/page"}],"author":[{"embeddable":true,"href":"https:\/\/dssi.sk\/en\/wp-json\/wp\/v2\/users\/1"}],"replies":[{"embeddable":true,"href":"https:\/\/dssi.sk\/en\/wp-json\/wp\/v2\/comments?post=336"}],"version-history":[{"count":5,"href":"https:\/\/dssi.sk\/en\/wp-json\/wp\/v2\/pages\/336\/revisions"}],"predecessor-version":[{"id":344,"href":"https:\/\/dssi.sk\/en\/wp-json\/wp\/v2\/pages\/336\/revisions\/344"}],"wp:attachment":[{"href":"https:\/\/dssi.sk\/en\/wp-json\/wp\/v2\/media?parent=336"}],"curies":[{"name":"wp","href":"https:\/\/api.w.org\/{rel}","templated":true}]}}