{"id":347,"date":"2019-09-16T16:33:24","date_gmt":"2019-09-16T14:33:24","guid":{"rendered":"http:\/\/dssi.h2studio.net\/?page_id=347"},"modified":"2019-09-16T23:36:57","modified_gmt":"2019-09-16T21:36:57","slug":"modernizacia-systemu-balistickej-ochrany-bojoveho-vozidla-pechoty-bvp-2","status":"publish","type":"page","link":"https:\/\/dssi.sk\/en\/modernizacia-systemu-balistickej-ochrany-bojoveho-vozidla-pechoty-bvp-2\/","title":{"rendered":"Moderniz\u00e1cia syst\u00e9mu balistickej ochrany bojov\u00e9ho vozidla pechoty BVP-2"},"content":{"rendered":"<p>[et_pb_section fb_built=&#8220;1&#8243; admin_label=&#8220;section&#8220; _builder_version=&#8220;3.25.4&#8243; custom_padding=&#8220;0px||&#8220; fb_built=&#8220;1&#8243; _i=&#8220;0&#8243; _address=&#8220;0&#8243;][et_pb_row admin_label=&#8220;row&#8220; _builder_version=&#8220;3.25.4&#8243; background_size=&#8220;initial&#8220; background_position=&#8220;top_left&#8220; background_repeat=&#8220;repeat&#8220; custom_margin=&#8220;||&#8220; _i=&#8220;0&#8243; _address=&#8220;0.0&#8243;][et_pb_column type=&#8220;4_4&#8243; _builder_version=&#8220;3.25&#8243; custom_padding=&#8220;|||&#8220; custom_padding__hover=&#8220;|||&#8220; _i=&#8220;0&#8243; _address=&#8220;0.0.0&#8243;][et_pb_text _builder_version=&#8220;3.27.4&#8243; _dynamic_attributes=&#8220;content&#8220; text_font=&#8220;|||on|||||&#8220; text_font_size=&#8220;30px&#8220; link_font=&#8220;||||||||&#8220; ul_font=&#8220;||||||||&#8220; ol_font=&#8220;||||||||&#8220; quote_font=&#8220;||||||||&#8220; header_font=&#8220;||||||||&#8220; header_2_font=&#8220;||||||||&#8220; background_color=&#8220;rgba(0,0,0,0)&#8220; text_orientation=&#8220;center&#8220; width=&#8220;100%&#8220; max_width=&#8220;100%&#8220; text_text_align=&#8220;center&#8220; _i=&#8220;0&#8243; _address=&#8220;0.0.0.0&#8243;]@ET-DC@eyJkeW5hbWljIjp0cnVlLCJjb250ZW50IjoicG9zdF90aXRsZSIsInNldHRpbmdzIjp7ImJlZm9yZSI6IiIsImFmdGVyIjoiIn19@[\/et_pb_text][et_pb_text admin_label=&#8220;Text&#8220; _builder_version=&#8220;3.29.2&#8243; background_size=&#8220;initial&#8220; background_position=&#8220;top_left&#8220; background_repeat=&#8220;repeat&#8220; hover_enabled=&#8220;0&#8243; _i=&#8220;1&#8243; _address=&#8220;0.0.0.1&#8243;]<\/p>\n<p>Je spracovan\u00e1 anal\u00fdza opera\u010dnej potreby, z\u00a0\u010doho vyplynula po\u017eiadavka na vojensk\u00fd materi\u00e1l. S\u00fa v\u0161eobecne uveden\u00e9 v\u00fdhody a\u00a0nev\u00fdhody s\u00fa\u010dasn\u00e9ho syst\u00e9mu ochrany, ako aj po\u017eiadaviek na balistick\u00fa ochranu BVP 2. Je celkovo zhodnoten\u00fd stav s\u00fa\u010dasnej obrnenej techniky a\u00a0ochrany obrnen\u00fdch vozidiel na jednotliv\u00fdch reprezentantoch bojov\u00fdch vozidiel pechoty vo svete, pri\u010dom s\u00fa uveden\u00e9 a\u00a0analyzovan\u00e9 s\u00fa\u010dasne pou\u017e\u00edvan\u00e9 met\u00f3dy ochrany panciera. \u0160t\u00fadia je zameran\u00e1 na zv\u00fd\u0161enie balistickej ochrany bojov\u00e9ho vozidla pechoty BVP 2 dvoma sp\u00f4sobmi: pr\u00eddavn\u00fdm oce\u013eov\u00fdm homog\u00e9nnym pancierom s\u00a0hr\u00fabkou platn\u00ed Panciera 2 P, alebo ARMOX 500 minim\u00e1lnou hr\u00fabkou11 mm; kompozitov\u00fdm viacvrstvov\u00fdm pancierom na b\u00e1ze modulov. Na nosn\u00fdch duralov\u00fdch dosk\u00e1ch na bokoch BVP 2 sa vyhotovia kazety do ktor\u00fdch sa zasun\u00fa moduly zo z\u00e1kladnej oce\u013eovej dosky rozmerov 300 x 900mm hr\u00fabky 5-6mm, na ktorej je prichyten\u00e1 vrstva vl\u00e1knov\u00e9ho kompozitu na baze KEVLARU, alebo sklolamin\u00e1tu hr\u00fabky 20- 40mm a\u00a0tretiu vrstvu tvor\u00ed keramika AL2O3, SiC a\u00a0in\u00e9) hr\u00fabky 20-25mm. Perspekt\u00edvne mo\u017eno uva\u017eova\u0165, \u017ee druh\u00e1 vrstva bude tvoren\u00e1 nanomater\u00e1lom, ako s\u00fa napr. uhl\u00edkov\u00e9 nanor\u00farky alebo fuler\u00e9ny resp. to m\u00f4\u017eu by\u0165 nanesen\u00e9 r\u00f4zne nanovrstvy na oce\u013eov\u00fd pancier a\u00a0pod. Ve\u013emi v\u00fdznamn\u00fdm sa jav\u00ed n\u00e1vrh sn\u00edmate\u013enej ochrany, bez podstatn\u00e9ho z\u00e1sahu do vlastnej kon\u0161trukcie BVP 2.<\/p>\n<p><a href=\"\/wp-content\/uploads\/2019\/09\/pancier.jpg\"><img loading=\"lazy\" decoding=\"async\" src=\"\/wp-content\/uploads\/2019\/09\/pancier-232x300.jpg\" width=\"232\" height=\"300\" alt=\"\" class=\"wp-image-646 aligncenter size-medium\" \/><\/a><\/p>\n<p>[\/et_pb_text][\/et_pb_column][\/et_pb_row][\/et_pb_section]<\/p>","protected":false},"excerpt":{"rendered":"<p>Je spracovan\u00e1 anal\u00fdza opera\u010dnej potreby, z\u00a0\u010doho vyplynula po\u017eiadavka na vojensk\u00fd materi\u00e1l. S\u00fa v\u0161eobecne uveden\u00e9 v\u00fdhody a\u00a0nev\u00fdhody s\u00fa\u010dasn\u00e9ho syst\u00e9mu ochrany, ako aj po\u017eiadaviek na balistick\u00fa ochranu BVP 2. Je celkovo zhodnoten\u00fd stav s\u00fa\u010dasnej obrnenej techniky a\u00a0ochrany obrnen\u00fdch vozidiel na jednotliv\u00fdch reprezentantoch bojov\u00fdch vozidiel pechoty vo svete, pri\u010dom s\u00fa uveden\u00e9 a\u00a0analyzovan\u00e9 s\u00fa\u010dasne pou\u017e\u00edvan\u00e9 met\u00f3dy ochrany panciera. \u0160t\u00fadia [&hellip;]<\/p>","protected":false},"author":1,"featured_media":0,"parent":0,"menu_order":0,"comment_status":"closed","ping_status":"closed","template":"","meta":{"_et_pb_use_builder":"on","_et_pb_old_content":"","_et_gb_content_width":"","inline_featured_image":false,"_monsterinsights_skip_tracking":false,"_monsterinsights_sitenote_active":false,"_monsterinsights_sitenote_note":"","_monsterinsights_sitenote_category":0,"footnotes":""},"class_list":["post-347","page","type-page","status-publish","hentry"],"yoast_head":"<!-- This site is optimized with the Yoast SEO plugin v26.1.1 - https:\/\/yoast.com\/wordpress\/plugins\/seo\/ -->\n<title>Moderniz\u00e1cia syst\u00e9mu balistickej ochrany bojov\u00e9ho vozidla pechoty BVP-2 - DSSI<\/title>\n<meta name=\"robots\" content=\"index, follow, max-snippet:-1, max-image-preview:large, max-video-preview:-1\" \/>\n<link rel=\"canonical\" href=\"https:\/\/dssi.sk\/en\/modernizacia-systemu-balistickej-ochrany-bojoveho-vozidla-pechoty-bvp-2\/\" \/>\n<meta property=\"og:locale\" content=\"en_US\" \/>\n<meta property=\"og:type\" content=\"article\" \/>\n<meta property=\"og:title\" content=\"Moderniz\u00e1cia syst\u00e9mu balistickej ochrany bojov\u00e9ho vozidla pechoty BVP-2 - DSSI\" \/>\n<meta property=\"og:description\" content=\"Je spracovan\u00e1 anal\u00fdza opera\u010dnej potreby, z\u00a0\u010doho vyplynula po\u017eiadavka na vojensk\u00fd materi\u00e1l. S\u00fa v\u0161eobecne uveden\u00e9 v\u00fdhody a\u00a0nev\u00fdhody s\u00fa\u010dasn\u00e9ho syst\u00e9mu ochrany, ako aj po\u017eiadaviek na balistick\u00fa ochranu BVP 2. Je celkovo zhodnoten\u00fd stav s\u00fa\u010dasnej obrnenej techniky a\u00a0ochrany obrnen\u00fdch vozidiel na jednotliv\u00fdch reprezentantoch bojov\u00fdch vozidiel pechoty vo svete, pri\u010dom s\u00fa uveden\u00e9 a\u00a0analyzovan\u00e9 s\u00fa\u010dasne pou\u017e\u00edvan\u00e9 met\u00f3dy ochrany panciera. \u0160t\u00fadia [&hellip;]\" \/>\n<meta property=\"og:url\" content=\"https:\/\/dssi.sk\/en\/modernizacia-systemu-balistickej-ochrany-bojoveho-vozidla-pechoty-bvp-2\/\" \/>\n<meta property=\"og:site_name\" content=\"DSSI\" \/>\n<meta property=\"article:modified_time\" content=\"2019-09-16T21:36:57+00:00\" \/>\n<meta property=\"og:image\" content=\"https:\/\/dssi.sk\/wp-content\/uploads\/2019\/09\/pancier-232x300.jpg\" \/>\n<meta name=\"twitter:card\" content=\"summary_large_image\" \/>\n<meta name=\"twitter:label1\" content=\"Est. reading time\" \/>\n\t<meta name=\"twitter:data1\" content=\"2 minutes\" \/>\n<script type=\"application\/ld+json\" class=\"yoast-schema-graph\">{\"@context\":\"https:\/\/schema.org\",\"@graph\":[{\"@type\":\"WebPage\",\"@id\":\"https:\/\/dssi.sk\/modernizacia-systemu-balistickej-ochrany-bojoveho-vozidla-pechoty-bvp-2\/\",\"url\":\"https:\/\/dssi.sk\/modernizacia-systemu-balistickej-ochrany-bojoveho-vozidla-pechoty-bvp-2\/\",\"name\":\"Moderniz\u00e1cia syst\u00e9mu balistickej ochrany bojov\u00e9ho vozidla pechoty BVP-2 - DSSI\",\"isPartOf\":{\"@id\":\"https:\/\/dssi.sk\/#website\"},\"datePublished\":\"2019-09-16T14:33:24+00:00\",\"dateModified\":\"2019-09-16T21:36:57+00:00\",\"breadcrumb\":{\"@id\":\"https:\/\/dssi.sk\/modernizacia-systemu-balistickej-ochrany-bojoveho-vozidla-pechoty-bvp-2\/#breadcrumb\"},\"inLanguage\":\"en-US\",\"potentialAction\":[{\"@type\":\"ReadAction\",\"target\":[\"https:\/\/dssi.sk\/modernizacia-systemu-balistickej-ochrany-bojoveho-vozidla-pechoty-bvp-2\/\"]}]},{\"@type\":\"BreadcrumbList\",\"@id\":\"https:\/\/dssi.sk\/modernizacia-systemu-balistickej-ochrany-bojoveho-vozidla-pechoty-bvp-2\/#breadcrumb\",\"itemListElement\":[{\"@type\":\"ListItem\",\"position\":1,\"name\":\"Home\",\"item\":\"https:\/\/dssi.sk\/\"},{\"@type\":\"ListItem\",\"position\":2,\"name\":\"Moderniz\u00e1cia syst\u00e9mu balistickej ochrany bojov\u00e9ho vozidla pechoty BVP-2\"}]},{\"@type\":\"WebSite\",\"@id\":\"https:\/\/dssi.sk\/#website\",\"url\":\"https:\/\/dssi.sk\/\",\"name\":\"DSSI\",\"description\":\"Development | Services | Security | Innovations\",\"publisher\":{\"@id\":\"https:\/\/dssi.sk\/#organization\"},\"potentialAction\":[{\"@type\":\"SearchAction\",\"target\":{\"@type\":\"EntryPoint\",\"urlTemplate\":\"https:\/\/dssi.sk\/?s={search_term_string}\"},\"query-input\":{\"@type\":\"PropertyValueSpecification\",\"valueRequired\":true,\"valueName\":\"search_term_string\"}}],\"inLanguage\":\"en-US\"},{\"@type\":\"Organization\",\"@id\":\"https:\/\/dssi.sk\/#organization\",\"name\":\"DSSI a.s.\",\"url\":\"https:\/\/dssi.sk\/\",\"logo\":{\"@type\":\"ImageObject\",\"inLanguage\":\"en-US\",\"@id\":\"https:\/\/dssi.sk\/#\/schema\/logo\/image\/\",\"url\":\"https:\/\/dssi.sk\/wp-content\/uploads\/2019\/09\/logo-dssi-horizontal1.jpg\",\"contentUrl\":\"https:\/\/dssi.sk\/wp-content\/uploads\/2019\/09\/logo-dssi-horizontal1.jpg\",\"width\":520,\"height\":520,\"caption\":\"DSSI a.s.\"},\"image\":{\"@id\":\"https:\/\/dssi.sk\/#\/schema\/logo\/image\/\"}}]}<\/script>\n<!-- \/ Yoast SEO plugin. -->","yoast_head_json":{"title":"Moderniz\u00e1cia syst\u00e9mu balistickej ochrany bojov\u00e9ho vozidla pechoty BVP-2 - DSSI","robots":{"index":"index","follow":"follow","max-snippet":"max-snippet:-1","max-image-preview":"max-image-preview:large","max-video-preview":"max-video-preview:-1"},"canonical":"https:\/\/dssi.sk\/en\/modernizacia-systemu-balistickej-ochrany-bojoveho-vozidla-pechoty-bvp-2\/","og_locale":"en_US","og_type":"article","og_title":"Moderniz\u00e1cia syst\u00e9mu balistickej ochrany bojov\u00e9ho vozidla pechoty BVP-2 - DSSI","og_description":"Je spracovan\u00e1 anal\u00fdza opera\u010dnej potreby, z\u00a0\u010doho vyplynula po\u017eiadavka na vojensk\u00fd materi\u00e1l. S\u00fa v\u0161eobecne uveden\u00e9 v\u00fdhody a\u00a0nev\u00fdhody s\u00fa\u010dasn\u00e9ho syst\u00e9mu ochrany, ako aj po\u017eiadaviek na balistick\u00fa ochranu BVP 2. Je celkovo zhodnoten\u00fd stav s\u00fa\u010dasnej obrnenej techniky a\u00a0ochrany obrnen\u00fdch vozidiel na jednotliv\u00fdch reprezentantoch bojov\u00fdch vozidiel pechoty vo svete, pri\u010dom s\u00fa uveden\u00e9 a\u00a0analyzovan\u00e9 s\u00fa\u010dasne pou\u017e\u00edvan\u00e9 met\u00f3dy ochrany panciera. \u0160t\u00fadia [&hellip;]","og_url":"https:\/\/dssi.sk\/en\/modernizacia-systemu-balistickej-ochrany-bojoveho-vozidla-pechoty-bvp-2\/","og_site_name":"DSSI","article_modified_time":"2019-09-16T21:36:57+00:00","og_image":[{"url":"https:\/\/dssi.sk\/wp-content\/uploads\/2019\/09\/pancier-232x300.jpg","type":"","width":"","height":""}],"twitter_card":"summary_large_image","twitter_misc":{"Est. reading time":"2 minutes"},"schema":{"@context":"https:\/\/schema.org","@graph":[{"@type":"WebPage","@id":"https:\/\/dssi.sk\/modernizacia-systemu-balistickej-ochrany-bojoveho-vozidla-pechoty-bvp-2\/","url":"https:\/\/dssi.sk\/modernizacia-systemu-balistickej-ochrany-bojoveho-vozidla-pechoty-bvp-2\/","name":"Moderniz\u00e1cia syst\u00e9mu balistickej ochrany bojov\u00e9ho vozidla pechoty BVP-2 - DSSI","isPartOf":{"@id":"https:\/\/dssi.sk\/#website"},"datePublished":"2019-09-16T14:33:24+00:00","dateModified":"2019-09-16T21:36:57+00:00","breadcrumb":{"@id":"https:\/\/dssi.sk\/modernizacia-systemu-balistickej-ochrany-bojoveho-vozidla-pechoty-bvp-2\/#breadcrumb"},"inLanguage":"en-US","potentialAction":[{"@type":"ReadAction","target":["https:\/\/dssi.sk\/modernizacia-systemu-balistickej-ochrany-bojoveho-vozidla-pechoty-bvp-2\/"]}]},{"@type":"BreadcrumbList","@id":"https:\/\/dssi.sk\/modernizacia-systemu-balistickej-ochrany-bojoveho-vozidla-pechoty-bvp-2\/#breadcrumb","itemListElement":[{"@type":"ListItem","position":1,"name":"Home","item":"https:\/\/dssi.sk\/"},{"@type":"ListItem","position":2,"name":"Moderniz\u00e1cia syst\u00e9mu balistickej ochrany bojov\u00e9ho vozidla pechoty BVP-2"}]},{"@type":"WebSite","@id":"https:\/\/dssi.sk\/#website","url":"https:\/\/dssi.sk\/","name":"DSSI","description":"Development | Services | Security | Innovations","publisher":{"@id":"https:\/\/dssi.sk\/#organization"},"potentialAction":[{"@type":"SearchAction","target":{"@type":"EntryPoint","urlTemplate":"https:\/\/dssi.sk\/?s={search_term_string}"},"query-input":{"@type":"PropertyValueSpecification","valueRequired":true,"valueName":"search_term_string"}}],"inLanguage":"en-US"},{"@type":"Organization","@id":"https:\/\/dssi.sk\/#organization","name":"DSSI a.s.","url":"https:\/\/dssi.sk\/","logo":{"@type":"ImageObject","inLanguage":"en-US","@id":"https:\/\/dssi.sk\/#\/schema\/logo\/image\/","url":"https:\/\/dssi.sk\/wp-content\/uploads\/2019\/09\/logo-dssi-horizontal1.jpg","contentUrl":"https:\/\/dssi.sk\/wp-content\/uploads\/2019\/09\/logo-dssi-horizontal1.jpg","width":520,"height":520,"caption":"DSSI a.s."},"image":{"@id":"https:\/\/dssi.sk\/#\/schema\/logo\/image\/"}}]}},"_links":{"self":[{"href":"https:\/\/dssi.sk\/en\/wp-json\/wp\/v2\/pages\/347","targetHints":{"allow":["GET"]}}],"collection":[{"href":"https:\/\/dssi.sk\/en\/wp-json\/wp\/v2\/pages"}],"about":[{"href":"https:\/\/dssi.sk\/en\/wp-json\/wp\/v2\/types\/page"}],"author":[{"embeddable":true,"href":"https:\/\/dssi.sk\/en\/wp-json\/wp\/v2\/users\/1"}],"replies":[{"embeddable":true,"href":"https:\/\/dssi.sk\/en\/wp-json\/wp\/v2\/comments?post=347"}],"version-history":[{"count":3,"href":"https:\/\/dssi.sk\/en\/wp-json\/wp\/v2\/pages\/347\/revisions"}],"predecessor-version":[{"id":667,"href":"https:\/\/dssi.sk\/en\/wp-json\/wp\/v2\/pages\/347\/revisions\/667"}],"wp:attachment":[{"href":"https:\/\/dssi.sk\/en\/wp-json\/wp\/v2\/media?parent=347"}],"curies":[{"name":"wp","href":"https:\/\/api.w.org\/{rel}","templated":true}]}}