{"id":359,"date":"2019-09-16T16:38:38","date_gmt":"2019-09-16T14:38:38","guid":{"rendered":"http:\/\/dssi.h2studio.net\/?page_id=359"},"modified":"2019-09-16T16:38:38","modified_gmt":"2019-09-16T14:38:38","slug":"porovnanie-takticko-technickych-vlastnosti-kolesovych-a-pasovych-bojovych-vozidiel-pre-riesenie-konfliktov-v-buducnosti","status":"publish","type":"page","link":"https:\/\/dssi.sk\/en\/porovnanie-takticko-technickych-vlastnosti-kolesovych-a-pasovych-bojovych-vozidiel-pre-riesenie-konfliktov-v-buducnosti\/","title":{"rendered":"Porovnanie takticko-technick\u00fdch vlastnost\u00ed kolesov\u00fdch a p\u00e1sov\u00fdch bojov\u00fdch vozidiel pre rie\u0161enie konfliktov v bud\u00facnosti"},"content":{"rendered":"<p>[et_pb_section fb_built=&#8220;1&#8243; admin_label=&#8220;section&#8220; _builder_version=&#8220;3.25.4&#8243; custom_padding=&#8220;0px||&#8220;][et_pb_row custom_margin=&#8220;||&#8220; admin_label=&#8220;row&#8220; _builder_version=&#8220;3.25.4&#8243; background_size=&#8220;initial&#8220; background_position=&#8220;top_left&#8220; background_repeat=&#8220;repeat&#8220;][et_pb_column type=&#8220;4_4&#8243; _builder_version=&#8220;3.25&#8243; custom_padding=&#8220;|||&#8220; custom_padding__hover=&#8220;|||&#8220;][et_pb_text _builder_version=&#8220;3.25.4&#8243; _dynamic_attributes=&#8220;content&#8220; text_font=&#8220;|||on|||||&#8220; text_text_align=&#8220;center&#8220; text_font_size=&#8220;30px&#8220; link_font=&#8220;||||||||&#8220; ul_font=&#8220;||||||||&#8220; ol_font=&#8220;||||||||&#8220; quote_font=&#8220;||||||||&#8220; header_font=&#8220;||||||||&#8220; header_2_font=&#8220;||||||||&#8220; background_color=&#8220;rgba(0,0,0,0)&#8220; width=&#8220;100%&#8220; max_width=&#8220;100%&#8220;]@ET-DC@eyJkeW5hbWljIjp0cnVlLCJjb250ZW50IjoicG9zdF90aXRsZSIsInNldHRpbmdzIjp7ImJlZm9yZSI6IiIsImFmdGVyIjoiIn19@[\/et_pb_text][et_pb_text admin_label=&#8220;Text&#8220; _builder_version=&#8220;3.25.4&#8243; background_size=&#8220;initial&#8220; background_position=&#8220;top_left&#8220; background_repeat=&#8220;repeat&#8220;]<\/p>\n<p>V\u00a0prvej \u010dasti \u0161t\u00fadie je vypracovan\u00e1 anal\u00fdza mo\u017en\u00fdch vojensk\u00fdch a\u00a0nevojensk\u00fdch konfliktov v\u00a0bud\u00facnosti, ktor\u00e1 je podkladom pre ur\u010denie typol\u00f3gie oper\u00e1ci\u00ed. S\u00fa analyzovan\u00e9 opera\u010dn\u00e9 potreby pre rie\u0161enie konfliktov v\u00a0bud\u00facnosti s\u00a0oh\u013eadom na zabezpe\u010denie mobility bojov\u00fdch vozidiel. Je spracovan\u00fd objekt\u00edvny rozbor potrebn\u00fdch vlastnost\u00ed bojov\u00fdch vozidiel pre zabezpe\u010denie atrib\u00fatov\u00a0 ako s\u00fa opera\u010dn\u00e1 mobilnos\u0165, taktick\u00e1 mobilnos\u0165, man\u00e9vrovate\u013enos\u0165, priechodnos\u0165 v\u00a0ter\u00e9ne, zranite\u013enos\u0165, modul\u00e1rnos\u0165 kon\u0161trukcie a\u00a0ekonomi\u010dnos\u0165 prev\u00e1dzky pri nasaden\u00ed. S\u00fa vyhodnoten\u00e9 prednosti a\u00a0nedostatky bojov\u00fdch vozidiel na kolesovom a\u00a0p\u00e1sovom podvozku.<\/p>\n<p>Je spracovan\u00fd podrobn\u00fd rozbor faktorov a\u00a0krit\u00e9ri\u00ed pre matematick\u00e9 spracovanie mobility bojov\u00fdch vozidiel s\u00a0ur\u010den\u00edm pre rozhodovacie procesy o\u00a0nasaden\u00ed bojov\u00fdch vozidiel na kolesovom alebo p\u00e1sovom podvozku.<\/p>\n<p>[\/et_pb_text][\/et_pb_column][\/et_pb_row][\/et_pb_section]<\/p>","protected":false},"excerpt":{"rendered":"<p>V\u00a0prvej \u010dasti \u0161t\u00fadie je vypracovan\u00e1 anal\u00fdza mo\u017en\u00fdch vojensk\u00fdch a\u00a0nevojensk\u00fdch konfliktov v\u00a0bud\u00facnosti, ktor\u00e1 je podkladom pre ur\u010denie typol\u00f3gie oper\u00e1ci\u00ed. S\u00fa analyzovan\u00e9 opera\u010dn\u00e9 potreby pre rie\u0161enie konfliktov v\u00a0bud\u00facnosti s\u00a0oh\u013eadom na zabezpe\u010denie mobility bojov\u00fdch vozidiel. Je spracovan\u00fd objekt\u00edvny rozbor potrebn\u00fdch vlastnost\u00ed bojov\u00fdch vozidiel pre zabezpe\u010denie atrib\u00fatov\u00a0 ako s\u00fa opera\u010dn\u00e1 mobilnos\u0165, taktick\u00e1 mobilnos\u0165, man\u00e9vrovate\u013enos\u0165, priechodnos\u0165 v\u00a0ter\u00e9ne, zranite\u013enos\u0165, modul\u00e1rnos\u0165 kon\u0161trukcie [&hellip;]<\/p>","protected":false},"author":1,"featured_media":0,"parent":0,"menu_order":0,"comment_status":"closed","ping_status":"closed","template":"","meta":{"_et_pb_use_builder":"on","_et_pb_old_content":"","_et_gb_content_width":"","inline_featured_image":false,"_monsterinsights_skip_tracking":false,"_monsterinsights_sitenote_active":false,"_monsterinsights_sitenote_note":"","_monsterinsights_sitenote_category":0,"footnotes":""},"class_list":["post-359","page","type-page","status-publish","hentry"],"yoast_head":"<!-- This site is optimized with the Yoast SEO plugin v26.1.1 - https:\/\/yoast.com\/wordpress\/plugins\/seo\/ -->\n<title>Porovnanie takticko-technick\u00fdch vlastnost\u00ed kolesov\u00fdch a p\u00e1sov\u00fdch bojov\u00fdch vozidiel pre rie\u0161enie konfliktov v bud\u00facnosti - DSSI<\/title>\n<meta name=\"robots\" content=\"index, follow, max-snippet:-1, max-image-preview:large, max-video-preview:-1\" \/>\n<link rel=\"canonical\" href=\"https:\/\/dssi.sk\/en\/porovnanie-takticko-technickych-vlastnosti-kolesovych-a-pasovych-bojovych-vozidiel-pre-riesenie-konfliktov-v-buducnosti\/\" \/>\n<meta property=\"og:locale\" content=\"en_US\" \/>\n<meta property=\"og:type\" content=\"article\" \/>\n<meta property=\"og:title\" content=\"Porovnanie takticko-technick\u00fdch vlastnost\u00ed kolesov\u00fdch a p\u00e1sov\u00fdch bojov\u00fdch vozidiel pre rie\u0161enie konfliktov v bud\u00facnosti - DSSI\" \/>\n<meta property=\"og:description\" content=\"V\u00a0prvej \u010dasti \u0161t\u00fadie je vypracovan\u00e1 anal\u00fdza mo\u017en\u00fdch vojensk\u00fdch a\u00a0nevojensk\u00fdch konfliktov v\u00a0bud\u00facnosti, ktor\u00e1 je podkladom pre ur\u010denie typol\u00f3gie oper\u00e1ci\u00ed. S\u00fa analyzovan\u00e9 opera\u010dn\u00e9 potreby pre rie\u0161enie konfliktov v\u00a0bud\u00facnosti s\u00a0oh\u013eadom na zabezpe\u010denie mobility bojov\u00fdch vozidiel. Je spracovan\u00fd objekt\u00edvny rozbor potrebn\u00fdch vlastnost\u00ed bojov\u00fdch vozidiel pre zabezpe\u010denie atrib\u00fatov\u00a0 ako s\u00fa opera\u010dn\u00e1 mobilnos\u0165, taktick\u00e1 mobilnos\u0165, man\u00e9vrovate\u013enos\u0165, priechodnos\u0165 v\u00a0ter\u00e9ne, zranite\u013enos\u0165, modul\u00e1rnos\u0165 kon\u0161trukcie [&hellip;]\" \/>\n<meta property=\"og:url\" content=\"https:\/\/dssi.sk\/en\/porovnanie-takticko-technickych-vlastnosti-kolesovych-a-pasovych-bojovych-vozidiel-pre-riesenie-konfliktov-v-buducnosti\/\" \/>\n<meta property=\"og:site_name\" content=\"DSSI\" \/>\n<meta name=\"twitter:card\" content=\"summary_large_image\" \/>\n<meta name=\"twitter:label1\" content=\"Est. reading time\" \/>\n\t<meta name=\"twitter:data1\" content=\"1 minute\" \/>\n<script type=\"application\/ld+json\" class=\"yoast-schema-graph\">{\"@context\":\"https:\/\/schema.org\",\"@graph\":[{\"@type\":\"WebPage\",\"@id\":\"https:\/\/dssi.sk\/porovnanie-takticko-technickych-vlastnosti-kolesovych-a-pasovych-bojovych-vozidiel-pre-riesenie-konfliktov-v-buducnosti\/\",\"url\":\"https:\/\/dssi.sk\/porovnanie-takticko-technickych-vlastnosti-kolesovych-a-pasovych-bojovych-vozidiel-pre-riesenie-konfliktov-v-buducnosti\/\",\"name\":\"Porovnanie takticko-technick\u00fdch vlastnost\u00ed kolesov\u00fdch a p\u00e1sov\u00fdch bojov\u00fdch vozidiel pre rie\u0161enie konfliktov v bud\u00facnosti - DSSI\",\"isPartOf\":{\"@id\":\"https:\/\/dssi.sk\/#website\"},\"datePublished\":\"2019-09-16T14:38:38+00:00\",\"breadcrumb\":{\"@id\":\"https:\/\/dssi.sk\/porovnanie-takticko-technickych-vlastnosti-kolesovych-a-pasovych-bojovych-vozidiel-pre-riesenie-konfliktov-v-buducnosti\/#breadcrumb\"},\"inLanguage\":\"en-US\",\"potentialAction\":[{\"@type\":\"ReadAction\",\"target\":[\"https:\/\/dssi.sk\/porovnanie-takticko-technickych-vlastnosti-kolesovych-a-pasovych-bojovych-vozidiel-pre-riesenie-konfliktov-v-buducnosti\/\"]}]},{\"@type\":\"BreadcrumbList\",\"@id\":\"https:\/\/dssi.sk\/porovnanie-takticko-technickych-vlastnosti-kolesovych-a-pasovych-bojovych-vozidiel-pre-riesenie-konfliktov-v-buducnosti\/#breadcrumb\",\"itemListElement\":[{\"@type\":\"ListItem\",\"position\":1,\"name\":\"Home\",\"item\":\"https:\/\/dssi.sk\/\"},{\"@type\":\"ListItem\",\"position\":2,\"name\":\"Porovnanie takticko-technick\u00fdch vlastnost\u00ed kolesov\u00fdch a p\u00e1sov\u00fdch bojov\u00fdch vozidiel pre rie\u0161enie konfliktov v bud\u00facnosti\"}]},{\"@type\":\"WebSite\",\"@id\":\"https:\/\/dssi.sk\/#website\",\"url\":\"https:\/\/dssi.sk\/\",\"name\":\"DSSI\",\"description\":\"Development | Services | Security | Innovations\",\"publisher\":{\"@id\":\"https:\/\/dssi.sk\/#organization\"},\"potentialAction\":[{\"@type\":\"SearchAction\",\"target\":{\"@type\":\"EntryPoint\",\"urlTemplate\":\"https:\/\/dssi.sk\/?s={search_term_string}\"},\"query-input\":{\"@type\":\"PropertyValueSpecification\",\"valueRequired\":true,\"valueName\":\"search_term_string\"}}],\"inLanguage\":\"en-US\"},{\"@type\":\"Organization\",\"@id\":\"https:\/\/dssi.sk\/#organization\",\"name\":\"DSSI a.s.\",\"url\":\"https:\/\/dssi.sk\/\",\"logo\":{\"@type\":\"ImageObject\",\"inLanguage\":\"en-US\",\"@id\":\"https:\/\/dssi.sk\/#\/schema\/logo\/image\/\",\"url\":\"https:\/\/dssi.sk\/wp-content\/uploads\/2019\/09\/logo-dssi-horizontal1.jpg\",\"contentUrl\":\"https:\/\/dssi.sk\/wp-content\/uploads\/2019\/09\/logo-dssi-horizontal1.jpg\",\"width\":520,\"height\":520,\"caption\":\"DSSI a.s.\"},\"image\":{\"@id\":\"https:\/\/dssi.sk\/#\/schema\/logo\/image\/\"}}]}<\/script>\n<!-- \/ Yoast SEO plugin. -->","yoast_head_json":{"title":"Porovnanie takticko-technick\u00fdch vlastnost\u00ed kolesov\u00fdch a p\u00e1sov\u00fdch bojov\u00fdch vozidiel pre rie\u0161enie konfliktov v bud\u00facnosti - DSSI","robots":{"index":"index","follow":"follow","max-snippet":"max-snippet:-1","max-image-preview":"max-image-preview:large","max-video-preview":"max-video-preview:-1"},"canonical":"https:\/\/dssi.sk\/en\/porovnanie-takticko-technickych-vlastnosti-kolesovych-a-pasovych-bojovych-vozidiel-pre-riesenie-konfliktov-v-buducnosti\/","og_locale":"en_US","og_type":"article","og_title":"Porovnanie takticko-technick\u00fdch vlastnost\u00ed kolesov\u00fdch a p\u00e1sov\u00fdch bojov\u00fdch vozidiel pre rie\u0161enie konfliktov v bud\u00facnosti - DSSI","og_description":"V\u00a0prvej \u010dasti \u0161t\u00fadie je vypracovan\u00e1 anal\u00fdza mo\u017en\u00fdch vojensk\u00fdch a\u00a0nevojensk\u00fdch konfliktov v\u00a0bud\u00facnosti, ktor\u00e1 je podkladom pre ur\u010denie typol\u00f3gie oper\u00e1ci\u00ed. S\u00fa analyzovan\u00e9 opera\u010dn\u00e9 potreby pre rie\u0161enie konfliktov v\u00a0bud\u00facnosti s\u00a0oh\u013eadom na zabezpe\u010denie mobility bojov\u00fdch vozidiel. Je spracovan\u00fd objekt\u00edvny rozbor potrebn\u00fdch vlastnost\u00ed bojov\u00fdch vozidiel pre zabezpe\u010denie atrib\u00fatov\u00a0 ako s\u00fa opera\u010dn\u00e1 mobilnos\u0165, taktick\u00e1 mobilnos\u0165, man\u00e9vrovate\u013enos\u0165, priechodnos\u0165 v\u00a0ter\u00e9ne, zranite\u013enos\u0165, modul\u00e1rnos\u0165 kon\u0161trukcie [&hellip;]","og_url":"https:\/\/dssi.sk\/en\/porovnanie-takticko-technickych-vlastnosti-kolesovych-a-pasovych-bojovych-vozidiel-pre-riesenie-konfliktov-v-buducnosti\/","og_site_name":"DSSI","twitter_card":"summary_large_image","twitter_misc":{"Est. reading time":"1 minute"},"schema":{"@context":"https:\/\/schema.org","@graph":[{"@type":"WebPage","@id":"https:\/\/dssi.sk\/porovnanie-takticko-technickych-vlastnosti-kolesovych-a-pasovych-bojovych-vozidiel-pre-riesenie-konfliktov-v-buducnosti\/","url":"https:\/\/dssi.sk\/porovnanie-takticko-technickych-vlastnosti-kolesovych-a-pasovych-bojovych-vozidiel-pre-riesenie-konfliktov-v-buducnosti\/","name":"Porovnanie takticko-technick\u00fdch vlastnost\u00ed kolesov\u00fdch a p\u00e1sov\u00fdch bojov\u00fdch vozidiel pre rie\u0161enie konfliktov v bud\u00facnosti - DSSI","isPartOf":{"@id":"https:\/\/dssi.sk\/#website"},"datePublished":"2019-09-16T14:38:38+00:00","breadcrumb":{"@id":"https:\/\/dssi.sk\/porovnanie-takticko-technickych-vlastnosti-kolesovych-a-pasovych-bojovych-vozidiel-pre-riesenie-konfliktov-v-buducnosti\/#breadcrumb"},"inLanguage":"en-US","potentialAction":[{"@type":"ReadAction","target":["https:\/\/dssi.sk\/porovnanie-takticko-technickych-vlastnosti-kolesovych-a-pasovych-bojovych-vozidiel-pre-riesenie-konfliktov-v-buducnosti\/"]}]},{"@type":"BreadcrumbList","@id":"https:\/\/dssi.sk\/porovnanie-takticko-technickych-vlastnosti-kolesovych-a-pasovych-bojovych-vozidiel-pre-riesenie-konfliktov-v-buducnosti\/#breadcrumb","itemListElement":[{"@type":"ListItem","position":1,"name":"Home","item":"https:\/\/dssi.sk\/"},{"@type":"ListItem","position":2,"name":"Porovnanie takticko-technick\u00fdch vlastnost\u00ed kolesov\u00fdch a p\u00e1sov\u00fdch bojov\u00fdch vozidiel pre rie\u0161enie konfliktov v bud\u00facnosti"}]},{"@type":"WebSite","@id":"https:\/\/dssi.sk\/#website","url":"https:\/\/dssi.sk\/","name":"DSSI","description":"Development | Services | Security | Innovations","publisher":{"@id":"https:\/\/dssi.sk\/#organization"},"potentialAction":[{"@type":"SearchAction","target":{"@type":"EntryPoint","urlTemplate":"https:\/\/dssi.sk\/?s={search_term_string}"},"query-input":{"@type":"PropertyValueSpecification","valueRequired":true,"valueName":"search_term_string"}}],"inLanguage":"en-US"},{"@type":"Organization","@id":"https:\/\/dssi.sk\/#organization","name":"DSSI a.s.","url":"https:\/\/dssi.sk\/","logo":{"@type":"ImageObject","inLanguage":"en-US","@id":"https:\/\/dssi.sk\/#\/schema\/logo\/image\/","url":"https:\/\/dssi.sk\/wp-content\/uploads\/2019\/09\/logo-dssi-horizontal1.jpg","contentUrl":"https:\/\/dssi.sk\/wp-content\/uploads\/2019\/09\/logo-dssi-horizontal1.jpg","width":520,"height":520,"caption":"DSSI a.s."},"image":{"@id":"https:\/\/dssi.sk\/#\/schema\/logo\/image\/"}}]}},"_links":{"self":[{"href":"https:\/\/dssi.sk\/en\/wp-json\/wp\/v2\/pages\/359","targetHints":{"allow":["GET"]}}],"collection":[{"href":"https:\/\/dssi.sk\/en\/wp-json\/wp\/v2\/pages"}],"about":[{"href":"https:\/\/dssi.sk\/en\/wp-json\/wp\/v2\/types\/page"}],"author":[{"embeddable":true,"href":"https:\/\/dssi.sk\/en\/wp-json\/wp\/v2\/users\/1"}],"replies":[{"embeddable":true,"href":"https:\/\/dssi.sk\/en\/wp-json\/wp\/v2\/comments?post=359"}],"version-history":[{"count":2,"href":"https:\/\/dssi.sk\/en\/wp-json\/wp\/v2\/pages\/359\/revisions"}],"predecessor-version":[{"id":376,"href":"https:\/\/dssi.sk\/en\/wp-json\/wp\/v2\/pages\/359\/revisions\/376"}],"wp:attachment":[{"href":"https:\/\/dssi.sk\/en\/wp-json\/wp\/v2\/media?parent=359"}],"curies":[{"name":"wp","href":"https:\/\/api.w.org\/{rel}","templated":true}]}}