{"id":364,"date":"2019-09-16T16:38:51","date_gmt":"2019-09-16T14:38:51","guid":{"rendered":"http:\/\/dssi.h2studio.net\/?page_id=364"},"modified":"2019-09-16T16:39:25","modified_gmt":"2019-09-16T14:39:25","slug":"prenosne-zariadenie-na-analyzu-chemickych-a-biologickych-bojovych-latok","status":"publish","type":"page","link":"https:\/\/dssi.sk\/en\/prenosne-zariadenie-na-analyzu-chemickych-a-biologickych-bojovych-latok\/","title":{"rendered":"Prenosn\u00e9 zariadenie na anal\u00fdzu chemick\u00fdch a biologick\u00fdch bojov\u00fdch l\u00e1tok"},"content":{"rendered":"<p>[et_pb_section fb_built=&#8220;1&#8243; admin_label=&#8220;section&#8220; _builder_version=&#8220;3.25.4&#8243; custom_padding=&#8220;0px||&#8220;][et_pb_row custom_margin=&#8220;||&#8220; admin_label=&#8220;row&#8220; _builder_version=&#8220;3.25.4&#8243; background_size=&#8220;initial&#8220; background_position=&#8220;top_left&#8220; background_repeat=&#8220;repeat&#8220;][et_pb_column type=&#8220;4_4&#8243; _builder_version=&#8220;3.25&#8243; custom_padding=&#8220;|||&#8220; custom_padding__hover=&#8220;|||&#8220;][et_pb_text _builder_version=&#8220;3.25.4&#8243; _dynamic_attributes=&#8220;content&#8220; text_font=&#8220;|||on|||||&#8220; text_text_align=&#8220;center&#8220; text_font_size=&#8220;30px&#8220; link_font=&#8220;||||||||&#8220; ul_font=&#8220;||||||||&#8220; ol_font=&#8220;||||||||&#8220; quote_font=&#8220;||||||||&#8220; header_font=&#8220;||||||||&#8220; header_2_font=&#8220;||||||||&#8220; background_color=&#8220;rgba(0,0,0,0)&#8220; width=&#8220;100%&#8220; max_width=&#8220;100%&#8220;]@ET-DC@eyJkeW5hbWljIjp0cnVlLCJjb250ZW50IjoicG9zdF90aXRsZSIsInNldHRpbmdzIjp7ImJlZm9yZSI6IiIsImFmdGVyIjoiIn19@[\/et_pb_text][et_pb_text admin_label=&#8220;Text&#8220; _builder_version=&#8220;3.25.4&#8243; background_size=&#8220;initial&#8220; background_position=&#8220;top_left&#8220; background_repeat=&#8220;repeat&#8220;]<\/p>\n<p>Koncepcia rie\u0161enia Prenosn\u00e9ho zariadenia na anal\u00fdzu chemick\u00fdch a\u00a0biologick\u00fdch bojov\u00fdch l\u00e1tok vych\u00e1dza z\u00a0po\u017eiadavky u\u017e\u00edvate\u013ea prednostne vyu\u017ei\u0165 najmodernej\u0161ie prostriedky detekcie, identifik\u00e1cie a\u00a0anal\u00fdzy s\u00a0mo\u017enos\u0165ou vyhodnocovania v\u00a0re\u00e1lnom \u010dase. Predpoklad\u00e1 zabezpe\u010denie dostato\u010dnej ochrany skupiny odberu vzoriek, zabezpe\u010denia nutn\u00e9ho servisu a\u00a0prev\u00e1dzkyschopnos\u0165 pr\u00edstrojov\u00e9ho vybavenia v\u00a0predpokladan\u00fdch priestoroch pou\u017eitia. S\u00fa\u010das\u0165ou rie\u0161enia \u00falohy je zabezpe\u010denie okolia pred mo\u017enou kontamin\u00e1ciou pri preprave vzoriek. U\u017e\u00edvate\u013e po\u017eaduje modern\u00fa techniku, ktor\u00e1 predstavuje s\u00fa\u010dasn\u00fa vysok\u00fa technologick\u00fa \u0161pi\u010dku.<\/p>\n<p>Prenosn\u00e9 zariadenie pre anal\u00fdzu chemick\u00fdch a\u00a0biologick\u00fdch bojov\u00fdch l\u00e1tok bude plni\u0165 po\u017eiadavky OS SR pr\u00edpadne civiln\u00e9ho sektora na r\u00fdchlu a\u00a0v\u010dasn\u00fa prvotn\u00fa detekciu NBC ohrozenia.<\/p>\n<p>[\/et_pb_text][\/et_pb_column][\/et_pb_row][\/et_pb_section]<\/p>","protected":false},"excerpt":{"rendered":"<p>Koncepcia rie\u0161enia Prenosn\u00e9ho zariadenia na anal\u00fdzu chemick\u00fdch a\u00a0biologick\u00fdch bojov\u00fdch l\u00e1tok vych\u00e1dza z\u00a0po\u017eiadavky u\u017e\u00edvate\u013ea prednostne vyu\u017ei\u0165 najmodernej\u0161ie prostriedky detekcie, identifik\u00e1cie a\u00a0anal\u00fdzy s\u00a0mo\u017enos\u0165ou vyhodnocovania v\u00a0re\u00e1lnom \u010dase. Predpoklad\u00e1 zabezpe\u010denie dostato\u010dnej ochrany skupiny odberu vzoriek, zabezpe\u010denia nutn\u00e9ho servisu a\u00a0prev\u00e1dzkyschopnos\u0165 pr\u00edstrojov\u00e9ho vybavenia v\u00a0predpokladan\u00fdch priestoroch pou\u017eitia. S\u00fa\u010das\u0165ou rie\u0161enia \u00falohy je zabezpe\u010denie okolia pred mo\u017enou kontamin\u00e1ciou pri preprave vzoriek. U\u017e\u00edvate\u013e po\u017eaduje modern\u00fa [&hellip;]<\/p>","protected":false},"author":1,"featured_media":0,"parent":0,"menu_order":0,"comment_status":"closed","ping_status":"closed","template":"","meta":{"_et_pb_use_builder":"on","_et_pb_old_content":"","_et_gb_content_width":"","inline_featured_image":false,"_monsterinsights_skip_tracking":false,"_monsterinsights_sitenote_active":false,"_monsterinsights_sitenote_note":"","_monsterinsights_sitenote_category":0,"footnotes":""},"class_list":["post-364","page","type-page","status-publish","hentry"],"yoast_head":"<!-- This site is optimized with the Yoast SEO plugin v26.1.1 - https:\/\/yoast.com\/wordpress\/plugins\/seo\/ -->\n<title>Prenosn\u00e9 zariadenie na anal\u00fdzu chemick\u00fdch a biologick\u00fdch bojov\u00fdch l\u00e1tok - DSSI<\/title>\n<meta name=\"robots\" content=\"index, follow, max-snippet:-1, max-image-preview:large, max-video-preview:-1\" \/>\n<link rel=\"canonical\" href=\"https:\/\/dssi.sk\/en\/prenosne-zariadenie-na-analyzu-chemickych-a-biologickych-bojovych-latok\/\" \/>\n<meta property=\"og:locale\" content=\"en_US\" \/>\n<meta property=\"og:type\" content=\"article\" \/>\n<meta property=\"og:title\" content=\"Prenosn\u00e9 zariadenie na anal\u00fdzu chemick\u00fdch a biologick\u00fdch bojov\u00fdch l\u00e1tok - DSSI\" \/>\n<meta property=\"og:description\" content=\"Koncepcia rie\u0161enia Prenosn\u00e9ho zariadenia na anal\u00fdzu chemick\u00fdch a\u00a0biologick\u00fdch bojov\u00fdch l\u00e1tok vych\u00e1dza z\u00a0po\u017eiadavky u\u017e\u00edvate\u013ea prednostne vyu\u017ei\u0165 najmodernej\u0161ie prostriedky detekcie, identifik\u00e1cie a\u00a0anal\u00fdzy s\u00a0mo\u017enos\u0165ou vyhodnocovania v\u00a0re\u00e1lnom \u010dase. Predpoklad\u00e1 zabezpe\u010denie dostato\u010dnej ochrany skupiny odberu vzoriek, zabezpe\u010denia nutn\u00e9ho servisu a\u00a0prev\u00e1dzkyschopnos\u0165 pr\u00edstrojov\u00e9ho vybavenia v\u00a0predpokladan\u00fdch priestoroch pou\u017eitia. S\u00fa\u010das\u0165ou rie\u0161enia \u00falohy je zabezpe\u010denie okolia pred mo\u017enou kontamin\u00e1ciou pri preprave vzoriek. U\u017e\u00edvate\u013e po\u017eaduje modern\u00fa [&hellip;]\" \/>\n<meta property=\"og:url\" content=\"https:\/\/dssi.sk\/en\/prenosne-zariadenie-na-analyzu-chemickych-a-biologickych-bojovych-latok\/\" \/>\n<meta property=\"og:site_name\" content=\"DSSI\" \/>\n<meta property=\"article:modified_time\" content=\"2019-09-16T14:39:25+00:00\" \/>\n<meta name=\"twitter:card\" content=\"summary_large_image\" \/>\n<meta name=\"twitter:label1\" content=\"Est. reading time\" \/>\n\t<meta name=\"twitter:data1\" content=\"1 minute\" \/>\n<script type=\"application\/ld+json\" class=\"yoast-schema-graph\">{\"@context\":\"https:\/\/schema.org\",\"@graph\":[{\"@type\":\"WebPage\",\"@id\":\"https:\/\/dssi.sk\/en\/prenosne-zariadenie-na-analyzu-chemickych-a-biologickych-bojovych-latok\/\",\"url\":\"https:\/\/dssi.sk\/en\/prenosne-zariadenie-na-analyzu-chemickych-a-biologickych-bojovych-latok\/\",\"name\":\"Prenosn\u00e9 zariadenie na anal\u00fdzu chemick\u00fdch a biologick\u00fdch bojov\u00fdch l\u00e1tok - DSSI\",\"isPartOf\":{\"@id\":\"https:\/\/dssi.sk\/#website\"},\"datePublished\":\"2019-09-16T14:38:51+00:00\",\"dateModified\":\"2019-09-16T14:39:25+00:00\",\"breadcrumb\":{\"@id\":\"https:\/\/dssi.sk\/en\/prenosne-zariadenie-na-analyzu-chemickych-a-biologickych-bojovych-latok\/#breadcrumb\"},\"inLanguage\":\"en-US\",\"potentialAction\":[{\"@type\":\"ReadAction\",\"target\":[\"https:\/\/dssi.sk\/en\/prenosne-zariadenie-na-analyzu-chemickych-a-biologickych-bojovych-latok\/\"]}]},{\"@type\":\"BreadcrumbList\",\"@id\":\"https:\/\/dssi.sk\/en\/prenosne-zariadenie-na-analyzu-chemickych-a-biologickych-bojovych-latok\/#breadcrumb\",\"itemListElement\":[{\"@type\":\"ListItem\",\"position\":1,\"name\":\"Home\",\"item\":\"https:\/\/dssi.sk\/\"},{\"@type\":\"ListItem\",\"position\":2,\"name\":\"Prenosn\u00e9 zariadenie na anal\u00fdzu chemick\u00fdch a biologick\u00fdch bojov\u00fdch l\u00e1tok\"}]},{\"@type\":\"WebSite\",\"@id\":\"https:\/\/dssi.sk\/#website\",\"url\":\"https:\/\/dssi.sk\/\",\"name\":\"DSSI\",\"description\":\"Development | Services | Security | Innovations\",\"publisher\":{\"@id\":\"https:\/\/dssi.sk\/#organization\"},\"potentialAction\":[{\"@type\":\"SearchAction\",\"target\":{\"@type\":\"EntryPoint\",\"urlTemplate\":\"https:\/\/dssi.sk\/?s={search_term_string}\"},\"query-input\":{\"@type\":\"PropertyValueSpecification\",\"valueRequired\":true,\"valueName\":\"search_term_string\"}}],\"inLanguage\":\"en-US\"},{\"@type\":\"Organization\",\"@id\":\"https:\/\/dssi.sk\/#organization\",\"name\":\"DSSI a.s.\",\"url\":\"https:\/\/dssi.sk\/\",\"logo\":{\"@type\":\"ImageObject\",\"inLanguage\":\"en-US\",\"@id\":\"https:\/\/dssi.sk\/#\/schema\/logo\/image\/\",\"url\":\"https:\/\/dssi.sk\/wp-content\/uploads\/2019\/09\/logo-dssi-horizontal1.jpg\",\"contentUrl\":\"https:\/\/dssi.sk\/wp-content\/uploads\/2019\/09\/logo-dssi-horizontal1.jpg\",\"width\":520,\"height\":520,\"caption\":\"DSSI a.s.\"},\"image\":{\"@id\":\"https:\/\/dssi.sk\/#\/schema\/logo\/image\/\"}}]}<\/script>\n<!-- \/ Yoast SEO plugin. -->","yoast_head_json":{"title":"Prenosn\u00e9 zariadenie na anal\u00fdzu chemick\u00fdch a biologick\u00fdch bojov\u00fdch l\u00e1tok - DSSI","robots":{"index":"index","follow":"follow","max-snippet":"max-snippet:-1","max-image-preview":"max-image-preview:large","max-video-preview":"max-video-preview:-1"},"canonical":"https:\/\/dssi.sk\/en\/prenosne-zariadenie-na-analyzu-chemickych-a-biologickych-bojovych-latok\/","og_locale":"en_US","og_type":"article","og_title":"Prenosn\u00e9 zariadenie na anal\u00fdzu chemick\u00fdch a biologick\u00fdch bojov\u00fdch l\u00e1tok - DSSI","og_description":"Koncepcia rie\u0161enia Prenosn\u00e9ho zariadenia na anal\u00fdzu chemick\u00fdch a\u00a0biologick\u00fdch bojov\u00fdch l\u00e1tok vych\u00e1dza z\u00a0po\u017eiadavky u\u017e\u00edvate\u013ea prednostne vyu\u017ei\u0165 najmodernej\u0161ie prostriedky detekcie, identifik\u00e1cie a\u00a0anal\u00fdzy s\u00a0mo\u017enos\u0165ou vyhodnocovania v\u00a0re\u00e1lnom \u010dase. Predpoklad\u00e1 zabezpe\u010denie dostato\u010dnej ochrany skupiny odberu vzoriek, zabezpe\u010denia nutn\u00e9ho servisu a\u00a0prev\u00e1dzkyschopnos\u0165 pr\u00edstrojov\u00e9ho vybavenia v\u00a0predpokladan\u00fdch priestoroch pou\u017eitia. S\u00fa\u010das\u0165ou rie\u0161enia \u00falohy je zabezpe\u010denie okolia pred mo\u017enou kontamin\u00e1ciou pri preprave vzoriek. U\u017e\u00edvate\u013e po\u017eaduje modern\u00fa [&hellip;]","og_url":"https:\/\/dssi.sk\/en\/prenosne-zariadenie-na-analyzu-chemickych-a-biologickych-bojovych-latok\/","og_site_name":"DSSI","article_modified_time":"2019-09-16T14:39:25+00:00","twitter_card":"summary_large_image","twitter_misc":{"Est. reading time":"1 minute"},"schema":{"@context":"https:\/\/schema.org","@graph":[{"@type":"WebPage","@id":"https:\/\/dssi.sk\/en\/prenosne-zariadenie-na-analyzu-chemickych-a-biologickych-bojovych-latok\/","url":"https:\/\/dssi.sk\/en\/prenosne-zariadenie-na-analyzu-chemickych-a-biologickych-bojovych-latok\/","name":"Prenosn\u00e9 zariadenie na anal\u00fdzu chemick\u00fdch a biologick\u00fdch bojov\u00fdch l\u00e1tok - DSSI","isPartOf":{"@id":"https:\/\/dssi.sk\/#website"},"datePublished":"2019-09-16T14:38:51+00:00","dateModified":"2019-09-16T14:39:25+00:00","breadcrumb":{"@id":"https:\/\/dssi.sk\/en\/prenosne-zariadenie-na-analyzu-chemickych-a-biologickych-bojovych-latok\/#breadcrumb"},"inLanguage":"en-US","potentialAction":[{"@type":"ReadAction","target":["https:\/\/dssi.sk\/en\/prenosne-zariadenie-na-analyzu-chemickych-a-biologickych-bojovych-latok\/"]}]},{"@type":"BreadcrumbList","@id":"https:\/\/dssi.sk\/en\/prenosne-zariadenie-na-analyzu-chemickych-a-biologickych-bojovych-latok\/#breadcrumb","itemListElement":[{"@type":"ListItem","position":1,"name":"Home","item":"https:\/\/dssi.sk\/"},{"@type":"ListItem","position":2,"name":"Prenosn\u00e9 zariadenie na anal\u00fdzu chemick\u00fdch a biologick\u00fdch bojov\u00fdch l\u00e1tok"}]},{"@type":"WebSite","@id":"https:\/\/dssi.sk\/#website","url":"https:\/\/dssi.sk\/","name":"DSSI","description":"Development | Services | Security | Innovations","publisher":{"@id":"https:\/\/dssi.sk\/#organization"},"potentialAction":[{"@type":"SearchAction","target":{"@type":"EntryPoint","urlTemplate":"https:\/\/dssi.sk\/?s={search_term_string}"},"query-input":{"@type":"PropertyValueSpecification","valueRequired":true,"valueName":"search_term_string"}}],"inLanguage":"en-US"},{"@type":"Organization","@id":"https:\/\/dssi.sk\/#organization","name":"DSSI a.s.","url":"https:\/\/dssi.sk\/","logo":{"@type":"ImageObject","inLanguage":"en-US","@id":"https:\/\/dssi.sk\/#\/schema\/logo\/image\/","url":"https:\/\/dssi.sk\/wp-content\/uploads\/2019\/09\/logo-dssi-horizontal1.jpg","contentUrl":"https:\/\/dssi.sk\/wp-content\/uploads\/2019\/09\/logo-dssi-horizontal1.jpg","width":520,"height":520,"caption":"DSSI a.s."},"image":{"@id":"https:\/\/dssi.sk\/#\/schema\/logo\/image\/"}}]}},"_links":{"self":[{"href":"https:\/\/dssi.sk\/en\/wp-json\/wp\/v2\/pages\/364","targetHints":{"allow":["GET"]}}],"collection":[{"href":"https:\/\/dssi.sk\/en\/wp-json\/wp\/v2\/pages"}],"about":[{"href":"https:\/\/dssi.sk\/en\/wp-json\/wp\/v2\/types\/page"}],"author":[{"embeddable":true,"href":"https:\/\/dssi.sk\/en\/wp-json\/wp\/v2\/users\/1"}],"replies":[{"embeddable":true,"href":"https:\/\/dssi.sk\/en\/wp-json\/wp\/v2\/comments?post=364"}],"version-history":[{"count":2,"href":"https:\/\/dssi.sk\/en\/wp-json\/wp\/v2\/pages\/364\/revisions"}],"predecessor-version":[{"id":377,"href":"https:\/\/dssi.sk\/en\/wp-json\/wp\/v2\/pages\/364\/revisions\/377"}],"wp:attachment":[{"href":"https:\/\/dssi.sk\/en\/wp-json\/wp\/v2\/media?parent=364"}],"curies":[{"name":"wp","href":"https:\/\/api.w.org\/{rel}","templated":true}]}}