{"id":369,"date":"2019-09-16T16:39:49","date_gmt":"2019-09-16T14:39:49","guid":{"rendered":"http:\/\/dssi.h2studio.net\/?page_id=369"},"modified":"2019-09-16T23:41:12","modified_gmt":"2019-09-16T21:41:12","slug":"perspektivy-rozvoja-fixnej-komunikacnej-siete-pre-ustredne-organy-statnej-spravy-slovenskej-republiky","status":"publish","type":"page","link":"https:\/\/dssi.sk\/en\/perspektivy-rozvoja-fixnej-komunikacnej-siete-pre-ustredne-organy-statnej-spravy-slovenskej-republiky\/","title":{"rendered":"Perspekt\u00edvy rozvoja fixnej komunika\u010dnej siete pre \u00fastredn\u00e9 org\u00e1ny \u0161t\u00e1tnej spr\u00e1vy Slovenskej republiky"},"content":{"rendered":"<p>[et_pb_section fb_built=&#8220;1&#8243; admin_label=&#8220;section&#8220; _builder_version=&#8220;3.25.4&#8243; custom_padding=&#8220;0px||&#8220; fb_built=&#8220;1&#8243; _i=&#8220;0&#8243; _address=&#8220;0&#8243;][et_pb_row admin_label=&#8220;row&#8220; _builder_version=&#8220;3.25.4&#8243; background_size=&#8220;initial&#8220; background_position=&#8220;top_left&#8220; background_repeat=&#8220;repeat&#8220; custom_margin=&#8220;||&#8220; _i=&#8220;0&#8243; _address=&#8220;0.0&#8243;][et_pb_column type=&#8220;4_4&#8243; _builder_version=&#8220;3.25&#8243; custom_padding=&#8220;|||&#8220; custom_padding__hover=&#8220;|||&#8220; _i=&#8220;0&#8243; _address=&#8220;0.0.0&#8243;][et_pb_text _builder_version=&#8220;3.27.4&#8243; _dynamic_attributes=&#8220;content&#8220; text_font=&#8220;|||on|||||&#8220; text_font_size=&#8220;30px&#8220; link_font=&#8220;||||||||&#8220; ul_font=&#8220;||||||||&#8220; ol_font=&#8220;||||||||&#8220; quote_font=&#8220;||||||||&#8220; header_font=&#8220;||||||||&#8220; header_2_font=&#8220;||||||||&#8220; background_color=&#8220;rgba(0,0,0,0)&#8220; text_orientation=&#8220;center&#8220; width=&#8220;100%&#8220; max_width=&#8220;100%&#8220; text_text_align=&#8220;center&#8220; _i=&#8220;0&#8243; _address=&#8220;0.0.0.0&#8243;]@ET-DC@eyJkeW5hbWljIjp0cnVlLCJjb250ZW50IjoicG9zdF90aXRsZSIsInNldHRpbmdzIjp7ImJlZm9yZSI6IiIsImFmdGVyIjoiIn19@[\/et_pb_text][et_pb_text admin_label=&#8220;Text&#8220; _builder_version=&#8220;3.29.2&#8243; background_size=&#8220;initial&#8220; background_position=&#8220;top_left&#8220; background_repeat=&#8220;repeat&#8220; hover_enabled=&#8220;0&#8243; _i=&#8220;1&#8243; _address=&#8220;0.0.0.1&#8243;]<\/p>\n<p>Cie\u013eom tejto pr\u00e1ce je vypracovanie strategickej \u0161t\u00fadie \u010fal\u0161ieho rozvoja fixnej komunika\u010dnej siete pre \u00fastredn\u00e9 org\u00e1ny \u0161t\u00e1tnej spr\u00e1vy SR, mo\u017enost\u00ed nasadenia modern\u00fdch technol\u00f3gi\u00ed a slu\u017eieb s\u00a0prihliadnut\u00edm na optimaliz\u00e1ciu investi\u010dn\u00fdch a\u00a0prev\u00e1dzkov\u00fdch prostriedkov. V\u00a0s\u00fa\u010dasnosti sa prehodnocuj\u00fa a\u00a0menia koncepcie budovania verejn\u00fdch komunika\u010dn\u00fdch siet\u00ed a\u00a0je preto nutn\u00e9, aby v\u00fdvoj neverejn\u00fdch (rezortn\u00fdch) siet\u00ed sledoval tieto tendencie.<\/p>\n<p><a href=\"\/wp-content\/uploads\/2019\/09\/perspektivy-rozvoja-fixnej.jpg\"><\/a><a href=\"\/wp-content\/uploads\/2019\/09\/tel.jpg\"><img loading=\"lazy\" decoding=\"async\" src=\"\/wp-content\/uploads\/2019\/09\/tel-300x260.jpg\" width=\"300\" height=\"260\" alt=\"\" class=\"wp-image-679 aligncenter size-medium\" \/><\/a><a href=\"\/wp-content\/uploads\/2019\/09\/13.jpg\"><img loading=\"lazy\" decoding=\"async\" src=\"\/wp-content\/uploads\/2019\/09\/13-300x198.jpg\" width=\"300\" height=\"198\" alt=\"\" class=\"wp-image-669 aligncenter size-medium\" \/><\/a><a href=\"\/wp-content\/uploads\/2019\/09\/24.jpg\"><img loading=\"lazy\" decoding=\"async\" src=\"\/wp-content\/uploads\/2019\/09\/24-300x225.jpg\" width=\"300\" height=\"225\" alt=\"\" class=\"wp-image-670 aligncenter size-medium\" \/><\/a><a href=\"\/wp-content\/uploads\/2019\/09\/31.jpg\"><img loading=\"lazy\" decoding=\"async\" src=\"\/wp-content\/uploads\/2019\/09\/31-300x220.jpg\" width=\"300\" height=\"220\" alt=\"\" class=\"wp-image-671 aligncenter size-medium\" \/><\/a><a href=\"\/wp-content\/uploads\/2019\/09\/24.jpg\"><\/a><a href=\"\/wp-content\/uploads\/2019\/09\/13.jpg\"><\/a><a href=\"\/wp-content\/uploads\/2019\/09\/tel.jpg\"><\/a><a href=\"\/wp-content\/uploads\/2019\/09\/perspektivy-rozvoja-fixnej.jpg\"><img loading=\"lazy\" decoding=\"async\" src=\"\/wp-content\/uploads\/2019\/09\/perspektivy-rozvoja-fixnej-300x219.jpg\" width=\"300\" height=\"219\" alt=\"\" class=\"wp-image-647 aligncenter size-medium\" \/><\/a><\/p>\n<p><a href=\"http:\/\/web.archive.org\/web\/20170218111946\/\/wp-content\/uploads\/2012\/02\/tel.jpg\"><\/a><a href=\"http:\/\/web.archive.org\/web\/20170218111946\/\/wp-content\/uploads\/2012\/02\/13.jpg\"><\/a><a href=\"http:\/\/web.archive.org\/web\/20170218111946\/\/wp-content\/uploads\/2012\/02\/24.jpg\"><\/a><a href=\"http:\/\/web.archive.org\/web\/20170218111946\/\/wp-content\/uploads\/2012\/02\/31.jpg\"><\/a><\/p>\n<p>[\/et_pb_text][\/et_pb_column][\/et_pb_row][\/et_pb_section]<\/p>","protected":false},"excerpt":{"rendered":"<p>Cie\u013eom tejto pr\u00e1ce je vypracovanie strategickej \u0161t\u00fadie \u010fal\u0161ieho rozvoja fixnej komunika\u010dnej siete pre \u00fastredn\u00e9 org\u00e1ny \u0161t\u00e1tnej spr\u00e1vy SR, mo\u017enost\u00ed nasadenia modern\u00fdch technol\u00f3gi\u00ed a slu\u017eieb s\u00a0prihliadnut\u00edm na optimaliz\u00e1ciu investi\u010dn\u00fdch a\u00a0prev\u00e1dzkov\u00fdch prostriedkov. V\u00a0s\u00fa\u010dasnosti sa prehodnocuj\u00fa a\u00a0menia koncepcie budovania verejn\u00fdch komunika\u010dn\u00fdch siet\u00ed a\u00a0je preto nutn\u00e9, aby v\u00fdvoj neverejn\u00fdch (rezortn\u00fdch) siet\u00ed sledoval tieto tendencie.<\/p>","protected":false},"author":1,"featured_media":0,"parent":0,"menu_order":0,"comment_status":"closed","ping_status":"closed","template":"","meta":{"_et_pb_use_builder":"on","_et_pb_old_content":"","_et_gb_content_width":"","inline_featured_image":false,"_monsterinsights_skip_tracking":false,"_monsterinsights_sitenote_active":false,"_monsterinsights_sitenote_note":"","_monsterinsights_sitenote_category":0,"footnotes":""},"class_list":["post-369","page","type-page","status-publish","hentry"],"yoast_head":"<!-- This site is optimized with the Yoast SEO plugin v26.1.1 - https:\/\/yoast.com\/wordpress\/plugins\/seo\/ -->\n<title>Perspekt\u00edvy rozvoja fixnej komunika\u010dnej siete pre \u00fastredn\u00e9 org\u00e1ny \u0161t\u00e1tnej spr\u00e1vy Slovenskej republiky - DSSI<\/title>\n<meta name=\"robots\" content=\"index, follow, max-snippet:-1, max-image-preview:large, max-video-preview:-1\" \/>\n<link rel=\"canonical\" href=\"https:\/\/dssi.sk\/en\/perspektivy-rozvoja-fixnej-komunikacnej-siete-pre-ustredne-organy-statnej-spravy-slovenskej-republiky\/\" \/>\n<meta property=\"og:locale\" content=\"en_US\" \/>\n<meta property=\"og:type\" content=\"article\" \/>\n<meta property=\"og:title\" content=\"Perspekt\u00edvy rozvoja fixnej komunika\u010dnej siete pre \u00fastredn\u00e9 org\u00e1ny \u0161t\u00e1tnej spr\u00e1vy Slovenskej republiky - DSSI\" \/>\n<meta property=\"og:description\" content=\"Cie\u013eom tejto pr\u00e1ce je vypracovanie strategickej \u0161t\u00fadie \u010fal\u0161ieho rozvoja fixnej komunika\u010dnej siete pre \u00fastredn\u00e9 org\u00e1ny \u0161t\u00e1tnej spr\u00e1vy SR, mo\u017enost\u00ed nasadenia modern\u00fdch technol\u00f3gi\u00ed a slu\u017eieb s\u00a0prihliadnut\u00edm na optimaliz\u00e1ciu investi\u010dn\u00fdch a\u00a0prev\u00e1dzkov\u00fdch prostriedkov. V\u00a0s\u00fa\u010dasnosti sa prehodnocuj\u00fa a\u00a0menia koncepcie budovania verejn\u00fdch komunika\u010dn\u00fdch siet\u00ed a\u00a0je preto nutn\u00e9, aby v\u00fdvoj neverejn\u00fdch (rezortn\u00fdch) siet\u00ed sledoval tieto tendencie.\" \/>\n<meta property=\"og:url\" content=\"https:\/\/dssi.sk\/en\/perspektivy-rozvoja-fixnej-komunikacnej-siete-pre-ustredne-organy-statnej-spravy-slovenskej-republiky\/\" \/>\n<meta property=\"og:site_name\" content=\"DSSI\" \/>\n<meta property=\"article:modified_time\" content=\"2019-09-16T21:41:12+00:00\" \/>\n<meta property=\"og:image\" content=\"https:\/\/dssi.sk\/wp-content\/uploads\/2019\/09\/tel-300x260.jpg\" \/>\n<meta name=\"twitter:card\" content=\"summary_large_image\" \/>\n<meta name=\"twitter:label1\" content=\"Est. reading time\" \/>\n\t<meta name=\"twitter:data1\" content=\"1 minute\" \/>\n<script type=\"application\/ld+json\" class=\"yoast-schema-graph\">{\"@context\":\"https:\/\/schema.org\",\"@graph\":[{\"@type\":\"WebPage\",\"@id\":\"https:\/\/dssi.sk\/en\/perspektivy-rozvoja-fixnej-komunikacnej-siete-pre-ustredne-organy-statnej-spravy-slovenskej-republiky\/\",\"url\":\"https:\/\/dssi.sk\/en\/perspektivy-rozvoja-fixnej-komunikacnej-siete-pre-ustredne-organy-statnej-spravy-slovenskej-republiky\/\",\"name\":\"Perspekt\u00edvy rozvoja fixnej komunika\u010dnej siete pre \u00fastredn\u00e9 org\u00e1ny \u0161t\u00e1tnej spr\u00e1vy Slovenskej republiky - DSSI\",\"isPartOf\":{\"@id\":\"https:\/\/dssi.sk\/#website\"},\"datePublished\":\"2019-09-16T14:39:49+00:00\",\"dateModified\":\"2019-09-16T21:41:12+00:00\",\"breadcrumb\":{\"@id\":\"https:\/\/dssi.sk\/en\/perspektivy-rozvoja-fixnej-komunikacnej-siete-pre-ustredne-organy-statnej-spravy-slovenskej-republiky\/#breadcrumb\"},\"inLanguage\":\"en-US\",\"potentialAction\":[{\"@type\":\"ReadAction\",\"target\":[\"https:\/\/dssi.sk\/en\/perspektivy-rozvoja-fixnej-komunikacnej-siete-pre-ustredne-organy-statnej-spravy-slovenskej-republiky\/\"]}]},{\"@type\":\"BreadcrumbList\",\"@id\":\"https:\/\/dssi.sk\/en\/perspektivy-rozvoja-fixnej-komunikacnej-siete-pre-ustredne-organy-statnej-spravy-slovenskej-republiky\/#breadcrumb\",\"itemListElement\":[{\"@type\":\"ListItem\",\"position\":1,\"name\":\"Home\",\"item\":\"https:\/\/dssi.sk\/\"},{\"@type\":\"ListItem\",\"position\":2,\"name\":\"Perspekt\u00edvy rozvoja fixnej komunika\u010dnej siete pre \u00fastredn\u00e9 org\u00e1ny \u0161t\u00e1tnej spr\u00e1vy Slovenskej republiky\"}]},{\"@type\":\"WebSite\",\"@id\":\"https:\/\/dssi.sk\/#website\",\"url\":\"https:\/\/dssi.sk\/\",\"name\":\"DSSI\",\"description\":\"Development | Services | Security | Innovations\",\"publisher\":{\"@id\":\"https:\/\/dssi.sk\/#organization\"},\"potentialAction\":[{\"@type\":\"SearchAction\",\"target\":{\"@type\":\"EntryPoint\",\"urlTemplate\":\"https:\/\/dssi.sk\/?s={search_term_string}\"},\"query-input\":{\"@type\":\"PropertyValueSpecification\",\"valueRequired\":true,\"valueName\":\"search_term_string\"}}],\"inLanguage\":\"en-US\"},{\"@type\":\"Organization\",\"@id\":\"https:\/\/dssi.sk\/#organization\",\"name\":\"DSSI a.s.\",\"url\":\"https:\/\/dssi.sk\/\",\"logo\":{\"@type\":\"ImageObject\",\"inLanguage\":\"en-US\",\"@id\":\"https:\/\/dssi.sk\/#\/schema\/logo\/image\/\",\"url\":\"https:\/\/dssi.sk\/wp-content\/uploads\/2019\/09\/logo-dssi-horizontal1.jpg\",\"contentUrl\":\"https:\/\/dssi.sk\/wp-content\/uploads\/2019\/09\/logo-dssi-horizontal1.jpg\",\"width\":520,\"height\":520,\"caption\":\"DSSI a.s.\"},\"image\":{\"@id\":\"https:\/\/dssi.sk\/#\/schema\/logo\/image\/\"}}]}<\/script>\n<!-- \/ Yoast SEO plugin. -->","yoast_head_json":{"title":"Perspekt\u00edvy rozvoja fixnej komunika\u010dnej siete pre \u00fastredn\u00e9 org\u00e1ny \u0161t\u00e1tnej spr\u00e1vy Slovenskej republiky - DSSI","robots":{"index":"index","follow":"follow","max-snippet":"max-snippet:-1","max-image-preview":"max-image-preview:large","max-video-preview":"max-video-preview:-1"},"canonical":"https:\/\/dssi.sk\/en\/perspektivy-rozvoja-fixnej-komunikacnej-siete-pre-ustredne-organy-statnej-spravy-slovenskej-republiky\/","og_locale":"en_US","og_type":"article","og_title":"Perspekt\u00edvy rozvoja fixnej komunika\u010dnej siete pre \u00fastredn\u00e9 org\u00e1ny \u0161t\u00e1tnej spr\u00e1vy Slovenskej republiky - DSSI","og_description":"Cie\u013eom tejto pr\u00e1ce je vypracovanie strategickej \u0161t\u00fadie \u010fal\u0161ieho rozvoja fixnej komunika\u010dnej siete pre \u00fastredn\u00e9 org\u00e1ny \u0161t\u00e1tnej spr\u00e1vy SR, mo\u017enost\u00ed nasadenia modern\u00fdch technol\u00f3gi\u00ed a slu\u017eieb s\u00a0prihliadnut\u00edm na optimaliz\u00e1ciu investi\u010dn\u00fdch a\u00a0prev\u00e1dzkov\u00fdch prostriedkov. V\u00a0s\u00fa\u010dasnosti sa prehodnocuj\u00fa a\u00a0menia koncepcie budovania verejn\u00fdch komunika\u010dn\u00fdch siet\u00ed a\u00a0je preto nutn\u00e9, aby v\u00fdvoj neverejn\u00fdch (rezortn\u00fdch) siet\u00ed sledoval tieto tendencie.","og_url":"https:\/\/dssi.sk\/en\/perspektivy-rozvoja-fixnej-komunikacnej-siete-pre-ustredne-organy-statnej-spravy-slovenskej-republiky\/","og_site_name":"DSSI","article_modified_time":"2019-09-16T21:41:12+00:00","og_image":[{"url":"https:\/\/dssi.sk\/wp-content\/uploads\/2019\/09\/tel-300x260.jpg","type":"","width":"","height":""}],"twitter_card":"summary_large_image","twitter_misc":{"Est. reading time":"1 minute"},"schema":{"@context":"https:\/\/schema.org","@graph":[{"@type":"WebPage","@id":"https:\/\/dssi.sk\/en\/perspektivy-rozvoja-fixnej-komunikacnej-siete-pre-ustredne-organy-statnej-spravy-slovenskej-republiky\/","url":"https:\/\/dssi.sk\/en\/perspektivy-rozvoja-fixnej-komunikacnej-siete-pre-ustredne-organy-statnej-spravy-slovenskej-republiky\/","name":"Perspekt\u00edvy rozvoja fixnej komunika\u010dnej siete pre \u00fastredn\u00e9 org\u00e1ny \u0161t\u00e1tnej spr\u00e1vy Slovenskej republiky - DSSI","isPartOf":{"@id":"https:\/\/dssi.sk\/#website"},"datePublished":"2019-09-16T14:39:49+00:00","dateModified":"2019-09-16T21:41:12+00:00","breadcrumb":{"@id":"https:\/\/dssi.sk\/en\/perspektivy-rozvoja-fixnej-komunikacnej-siete-pre-ustredne-organy-statnej-spravy-slovenskej-republiky\/#breadcrumb"},"inLanguage":"en-US","potentialAction":[{"@type":"ReadAction","target":["https:\/\/dssi.sk\/en\/perspektivy-rozvoja-fixnej-komunikacnej-siete-pre-ustredne-organy-statnej-spravy-slovenskej-republiky\/"]}]},{"@type":"BreadcrumbList","@id":"https:\/\/dssi.sk\/en\/perspektivy-rozvoja-fixnej-komunikacnej-siete-pre-ustredne-organy-statnej-spravy-slovenskej-republiky\/#breadcrumb","itemListElement":[{"@type":"ListItem","position":1,"name":"Home","item":"https:\/\/dssi.sk\/"},{"@type":"ListItem","position":2,"name":"Perspekt\u00edvy rozvoja fixnej komunika\u010dnej siete pre \u00fastredn\u00e9 org\u00e1ny \u0161t\u00e1tnej spr\u00e1vy Slovenskej republiky"}]},{"@type":"WebSite","@id":"https:\/\/dssi.sk\/#website","url":"https:\/\/dssi.sk\/","name":"DSSI","description":"Development | Services | Security | Innovations","publisher":{"@id":"https:\/\/dssi.sk\/#organization"},"potentialAction":[{"@type":"SearchAction","target":{"@type":"EntryPoint","urlTemplate":"https:\/\/dssi.sk\/?s={search_term_string}"},"query-input":{"@type":"PropertyValueSpecification","valueRequired":true,"valueName":"search_term_string"}}],"inLanguage":"en-US"},{"@type":"Organization","@id":"https:\/\/dssi.sk\/#organization","name":"DSSI a.s.","url":"https:\/\/dssi.sk\/","logo":{"@type":"ImageObject","inLanguage":"en-US","@id":"https:\/\/dssi.sk\/#\/schema\/logo\/image\/","url":"https:\/\/dssi.sk\/wp-content\/uploads\/2019\/09\/logo-dssi-horizontal1.jpg","contentUrl":"https:\/\/dssi.sk\/wp-content\/uploads\/2019\/09\/logo-dssi-horizontal1.jpg","width":520,"height":520,"caption":"DSSI a.s."},"image":{"@id":"https:\/\/dssi.sk\/#\/schema\/logo\/image\/"}}]}},"_links":{"self":[{"href":"https:\/\/dssi.sk\/en\/wp-json\/wp\/v2\/pages\/369","targetHints":{"allow":["GET"]}}],"collection":[{"href":"https:\/\/dssi.sk\/en\/wp-json\/wp\/v2\/pages"}],"about":[{"href":"https:\/\/dssi.sk\/en\/wp-json\/wp\/v2\/types\/page"}],"author":[{"embeddable":true,"href":"https:\/\/dssi.sk\/en\/wp-json\/wp\/v2\/users\/1"}],"replies":[{"embeddable":true,"href":"https:\/\/dssi.sk\/en\/wp-json\/wp\/v2\/comments?post=369"}],"version-history":[{"count":5,"href":"https:\/\/dssi.sk\/en\/wp-json\/wp\/v2\/pages\/369\/revisions"}],"predecessor-version":[{"id":682,"href":"https:\/\/dssi.sk\/en\/wp-json\/wp\/v2\/pages\/369\/revisions\/682"}],"wp:attachment":[{"href":"https:\/\/dssi.sk\/en\/wp-json\/wp\/v2\/media?parent=369"}],"curies":[{"name":"wp","href":"https:\/\/api.w.org\/{rel}","templated":true}]}}