{"id":391,"date":"2019-09-16T16:52:39","date_gmt":"2019-09-16T14:52:39","guid":{"rendered":"http:\/\/dssi.h2studio.net\/?page_id=391"},"modified":"2019-09-16T16:52:39","modified_gmt":"2019-09-16T14:52:39","slug":"modelovanie-efektivnosti-vojenskych-technickych-systemov-v-ramci-ich-zivotneho-cyklu","status":"publish","type":"page","link":"https:\/\/dssi.sk\/en\/modelovanie-efektivnosti-vojenskych-technickych-systemov-v-ramci-ich-zivotneho-cyklu\/","title":{"rendered":"Modelovanie efekt\u00edvnosti vojensk\u00fdch technick\u00fdch syst\u00e9mov v r\u00e1mci ich \u017eivotn\u00e9ho cyklu"},"content":{"rendered":"<p>[et_pb_section fb_built=&#8220;1&#8243; admin_label=&#8220;section&#8220; _builder_version=&#8220;3.25.4&#8243; custom_padding=&#8220;0px||&#8220;][et_pb_row custom_margin=&#8220;||&#8220; admin_label=&#8220;row&#8220; _builder_version=&#8220;3.25.4&#8243; background_size=&#8220;initial&#8220; background_position=&#8220;top_left&#8220; background_repeat=&#8220;repeat&#8220;][et_pb_column type=&#8220;4_4&#8243; _builder_version=&#8220;3.25&#8243; custom_padding=&#8220;|||&#8220; custom_padding__hover=&#8220;|||&#8220;][et_pb_text _builder_version=&#8220;3.25.4&#8243; _dynamic_attributes=&#8220;content&#8220; text_font=&#8220;|||on|||||&#8220; text_text_align=&#8220;center&#8220; text_font_size=&#8220;30px&#8220; link_font=&#8220;||||||||&#8220; ul_font=&#8220;||||||||&#8220; ol_font=&#8220;||||||||&#8220; quote_font=&#8220;||||||||&#8220; header_font=&#8220;||||||||&#8220; header_2_font=&#8220;||||||||&#8220; background_color=&#8220;rgba(0,0,0,0)&#8220; width=&#8220;100%&#8220; max_width=&#8220;100%&#8220;]@ET-DC@eyJkeW5hbWljIjp0cnVlLCJjb250ZW50IjoicG9zdF90aXRsZSIsInNldHRpbmdzIjp7ImJlZm9yZSI6IiIsImFmdGVyIjoiIn19@[\/et_pb_text][et_pb_text admin_label=&#8220;Text&#8220; _builder_version=&#8220;3.25.4&#8243; background_size=&#8220;initial&#8220; background_position=&#8220;top_left&#8220; background_repeat=&#8220;repeat&#8220;]<\/p>\n<p>Cie\u013eom analytickej \u0161tudie bolo vvypracova\u0165 vyskumnu \u0161tudiu, ktora analyzuje problematiku ceny \u017eivotneho cyklu vojenskych systemov v nasledujucich oblastiach:<\/p>\n<blockquote>\n<ul>\n<li>zhodnotenie dostupnych \u201d Life Cycle Cost Breakdown Structure (LCCBS\u201d vojenskych systemov NATO,<\/li>\n<li>n\u00e1vrh generickej LCCBS vojenskych systemov, analyzova\u0165 LCCBS vojenskych systemov,<\/li>\n<li><span style=\"font-size: 14px;\">preskuma\u0165 koncepciu \u201dekonomickej ceny\u201d vojenskych systemov z h\u013eadiska zakladnych pristupov:<\/span>\n<ol>\n<li>pevnej stanovenej efektivnosti (minimalizacia ceny ),<\/li>\n<li>pevne stanovenych nakladov (maximalizacie efektivnosti), preskuma\u0165 mo\u017ene cenove modely,<\/li>\n<\/ol>\n<\/li>\n<li>analyzova\u0165 vyu\u017eite\u013enos\u0165 SWOT analyzy a metody \u010distej su\u010dasnej hodnoty u\u00a0organizacie netrhoveho charakteru ako je ministerstvo obrany, zvla\u0161\u0165 vyjadrenia zisku ako trhovej charakteristiky inymi charakteristikami ktore mo\u017eu by\u0165 hodnotovo vyjadrene ako \u201dzisk\u201d\u00a0netr\u017enej organizacie,<\/li>\n<li>navrhnu\u0165 sposoby prepo\u010dtu efektivnosti investicie do vojenskych systemov.<\/li>\n<\/ul>\n<\/blockquote>\n<p>[\/et_pb_text][\/et_pb_column][\/et_pb_row][\/et_pb_section]<\/p>","protected":false},"excerpt":{"rendered":"<p>Cie\u013eom analytickej \u0161tudie bolo vvypracova\u0165 vyskumnu \u0161tudiu, ktora analyzuje problematiku ceny \u017eivotneho cyklu vojenskych systemov v nasledujucich oblastiach: zhodnotenie dostupnych \u201d Life Cycle Cost Breakdown Structure (LCCBS\u201d vojenskych systemov NATO, n\u00e1vrh generickej LCCBS vojenskych systemov, analyzova\u0165 LCCBS vojenskych systemov, preskuma\u0165 koncepciu \u201dekonomickej ceny\u201d vojenskych systemov z h\u013eadiska zakladnych pristupov: pevnej stanovenej efektivnosti (minimalizacia ceny ), [&hellip;]<\/p>","protected":false},"author":1,"featured_media":0,"parent":0,"menu_order":0,"comment_status":"closed","ping_status":"closed","template":"","meta":{"_et_pb_use_builder":"on","_et_pb_old_content":"","_et_gb_content_width":"","inline_featured_image":false,"_monsterinsights_skip_tracking":false,"_monsterinsights_sitenote_active":false,"_monsterinsights_sitenote_note":"","_monsterinsights_sitenote_category":0,"footnotes":""},"class_list":["post-391","page","type-page","status-publish","hentry"],"yoast_head":"<!-- This site is optimized with the Yoast SEO plugin v26.1.1 - https:\/\/yoast.com\/wordpress\/plugins\/seo\/ -->\n<title>Modelovanie efekt\u00edvnosti vojensk\u00fdch technick\u00fdch syst\u00e9mov v r\u00e1mci ich \u017eivotn\u00e9ho cyklu - DSSI<\/title>\n<meta name=\"robots\" content=\"index, follow, max-snippet:-1, max-image-preview:large, max-video-preview:-1\" \/>\n<link rel=\"canonical\" href=\"https:\/\/dssi.sk\/en\/modelovanie-efektivnosti-vojenskych-technickych-systemov-v-ramci-ich-zivotneho-cyklu\/\" \/>\n<meta property=\"og:locale\" content=\"en_US\" \/>\n<meta property=\"og:type\" content=\"article\" \/>\n<meta property=\"og:title\" content=\"Modelovanie efekt\u00edvnosti vojensk\u00fdch technick\u00fdch syst\u00e9mov v r\u00e1mci ich \u017eivotn\u00e9ho cyklu - DSSI\" \/>\n<meta property=\"og:description\" content=\"Cie\u013eom analytickej \u0161tudie bolo vvypracova\u0165 vyskumnu \u0161tudiu, ktora analyzuje problematiku ceny \u017eivotneho cyklu vojenskych systemov v nasledujucich oblastiach: zhodnotenie dostupnych \u201d Life Cycle Cost Breakdown Structure (LCCBS\u201d vojenskych systemov NATO, n\u00e1vrh generickej LCCBS vojenskych systemov, analyzova\u0165 LCCBS vojenskych systemov, preskuma\u0165 koncepciu \u201dekonomickej ceny\u201d vojenskych systemov z h\u013eadiska zakladnych pristupov: pevnej stanovenej efektivnosti (minimalizacia ceny ), [&hellip;]\" \/>\n<meta property=\"og:url\" content=\"https:\/\/dssi.sk\/en\/modelovanie-efektivnosti-vojenskych-technickych-systemov-v-ramci-ich-zivotneho-cyklu\/\" \/>\n<meta property=\"og:site_name\" content=\"DSSI\" \/>\n<meta name=\"twitter:card\" content=\"summary_large_image\" \/>\n<meta name=\"twitter:label1\" content=\"Est. reading time\" \/>\n\t<meta name=\"twitter:data1\" content=\"1 minute\" \/>\n<script type=\"application\/ld+json\" class=\"yoast-schema-graph\">{\"@context\":\"https:\/\/schema.org\",\"@graph\":[{\"@type\":\"WebPage\",\"@id\":\"https:\/\/dssi.sk\/en\/modelovanie-efektivnosti-vojenskych-technickych-systemov-v-ramci-ich-zivotneho-cyklu\/\",\"url\":\"https:\/\/dssi.sk\/en\/modelovanie-efektivnosti-vojenskych-technickych-systemov-v-ramci-ich-zivotneho-cyklu\/\",\"name\":\"Modelovanie efekt\u00edvnosti vojensk\u00fdch technick\u00fdch syst\u00e9mov v r\u00e1mci ich \u017eivotn\u00e9ho cyklu - DSSI\",\"isPartOf\":{\"@id\":\"https:\/\/dssi.sk\/#website\"},\"datePublished\":\"2019-09-16T14:52:39+00:00\",\"breadcrumb\":{\"@id\":\"https:\/\/dssi.sk\/en\/modelovanie-efektivnosti-vojenskych-technickych-systemov-v-ramci-ich-zivotneho-cyklu\/#breadcrumb\"},\"inLanguage\":\"en-US\",\"potentialAction\":[{\"@type\":\"ReadAction\",\"target\":[\"https:\/\/dssi.sk\/en\/modelovanie-efektivnosti-vojenskych-technickych-systemov-v-ramci-ich-zivotneho-cyklu\/\"]}]},{\"@type\":\"BreadcrumbList\",\"@id\":\"https:\/\/dssi.sk\/en\/modelovanie-efektivnosti-vojenskych-technickych-systemov-v-ramci-ich-zivotneho-cyklu\/#breadcrumb\",\"itemListElement\":[{\"@type\":\"ListItem\",\"position\":1,\"name\":\"Home\",\"item\":\"https:\/\/dssi.sk\/\"},{\"@type\":\"ListItem\",\"position\":2,\"name\":\"Modelovanie efekt\u00edvnosti vojensk\u00fdch technick\u00fdch syst\u00e9mov v r\u00e1mci ich \u017eivotn\u00e9ho cyklu\"}]},{\"@type\":\"WebSite\",\"@id\":\"https:\/\/dssi.sk\/#website\",\"url\":\"https:\/\/dssi.sk\/\",\"name\":\"DSSI\",\"description\":\"Development | Services | Security | Innovations\",\"publisher\":{\"@id\":\"https:\/\/dssi.sk\/#organization\"},\"potentialAction\":[{\"@type\":\"SearchAction\",\"target\":{\"@type\":\"EntryPoint\",\"urlTemplate\":\"https:\/\/dssi.sk\/?s={search_term_string}\"},\"query-input\":{\"@type\":\"PropertyValueSpecification\",\"valueRequired\":true,\"valueName\":\"search_term_string\"}}],\"inLanguage\":\"en-US\"},{\"@type\":\"Organization\",\"@id\":\"https:\/\/dssi.sk\/#organization\",\"name\":\"DSSI a.s.\",\"url\":\"https:\/\/dssi.sk\/\",\"logo\":{\"@type\":\"ImageObject\",\"inLanguage\":\"en-US\",\"@id\":\"https:\/\/dssi.sk\/#\/schema\/logo\/image\/\",\"url\":\"https:\/\/dssi.sk\/wp-content\/uploads\/2019\/09\/logo-dssi-horizontal1.jpg\",\"contentUrl\":\"https:\/\/dssi.sk\/wp-content\/uploads\/2019\/09\/logo-dssi-horizontal1.jpg\",\"width\":520,\"height\":520,\"caption\":\"DSSI a.s.\"},\"image\":{\"@id\":\"https:\/\/dssi.sk\/#\/schema\/logo\/image\/\"}}]}<\/script>\n<!-- \/ Yoast SEO plugin. -->","yoast_head_json":{"title":"Modelovanie efekt\u00edvnosti vojensk\u00fdch technick\u00fdch syst\u00e9mov v r\u00e1mci ich \u017eivotn\u00e9ho cyklu - DSSI","robots":{"index":"index","follow":"follow","max-snippet":"max-snippet:-1","max-image-preview":"max-image-preview:large","max-video-preview":"max-video-preview:-1"},"canonical":"https:\/\/dssi.sk\/en\/modelovanie-efektivnosti-vojenskych-technickych-systemov-v-ramci-ich-zivotneho-cyklu\/","og_locale":"en_US","og_type":"article","og_title":"Modelovanie efekt\u00edvnosti vojensk\u00fdch technick\u00fdch syst\u00e9mov v r\u00e1mci ich \u017eivotn\u00e9ho cyklu - DSSI","og_description":"Cie\u013eom analytickej \u0161tudie bolo vvypracova\u0165 vyskumnu \u0161tudiu, ktora analyzuje problematiku ceny \u017eivotneho cyklu vojenskych systemov v nasledujucich oblastiach: zhodnotenie dostupnych \u201d Life Cycle Cost Breakdown Structure (LCCBS\u201d vojenskych systemov NATO, n\u00e1vrh generickej LCCBS vojenskych systemov, analyzova\u0165 LCCBS vojenskych systemov, preskuma\u0165 koncepciu \u201dekonomickej ceny\u201d vojenskych systemov z h\u013eadiska zakladnych pristupov: pevnej stanovenej efektivnosti (minimalizacia ceny ), [&hellip;]","og_url":"https:\/\/dssi.sk\/en\/modelovanie-efektivnosti-vojenskych-technickych-systemov-v-ramci-ich-zivotneho-cyklu\/","og_site_name":"DSSI","twitter_card":"summary_large_image","twitter_misc":{"Est. reading time":"1 minute"},"schema":{"@context":"https:\/\/schema.org","@graph":[{"@type":"WebPage","@id":"https:\/\/dssi.sk\/en\/modelovanie-efektivnosti-vojenskych-technickych-systemov-v-ramci-ich-zivotneho-cyklu\/","url":"https:\/\/dssi.sk\/en\/modelovanie-efektivnosti-vojenskych-technickych-systemov-v-ramci-ich-zivotneho-cyklu\/","name":"Modelovanie efekt\u00edvnosti vojensk\u00fdch technick\u00fdch syst\u00e9mov v r\u00e1mci ich \u017eivotn\u00e9ho cyklu - DSSI","isPartOf":{"@id":"https:\/\/dssi.sk\/#website"},"datePublished":"2019-09-16T14:52:39+00:00","breadcrumb":{"@id":"https:\/\/dssi.sk\/en\/modelovanie-efektivnosti-vojenskych-technickych-systemov-v-ramci-ich-zivotneho-cyklu\/#breadcrumb"},"inLanguage":"en-US","potentialAction":[{"@type":"ReadAction","target":["https:\/\/dssi.sk\/en\/modelovanie-efektivnosti-vojenskych-technickych-systemov-v-ramci-ich-zivotneho-cyklu\/"]}]},{"@type":"BreadcrumbList","@id":"https:\/\/dssi.sk\/en\/modelovanie-efektivnosti-vojenskych-technickych-systemov-v-ramci-ich-zivotneho-cyklu\/#breadcrumb","itemListElement":[{"@type":"ListItem","position":1,"name":"Home","item":"https:\/\/dssi.sk\/"},{"@type":"ListItem","position":2,"name":"Modelovanie efekt\u00edvnosti vojensk\u00fdch technick\u00fdch syst\u00e9mov v r\u00e1mci ich \u017eivotn\u00e9ho cyklu"}]},{"@type":"WebSite","@id":"https:\/\/dssi.sk\/#website","url":"https:\/\/dssi.sk\/","name":"DSSI","description":"Development | Services | Security | Innovations","publisher":{"@id":"https:\/\/dssi.sk\/#organization"},"potentialAction":[{"@type":"SearchAction","target":{"@type":"EntryPoint","urlTemplate":"https:\/\/dssi.sk\/?s={search_term_string}"},"query-input":{"@type":"PropertyValueSpecification","valueRequired":true,"valueName":"search_term_string"}}],"inLanguage":"en-US"},{"@type":"Organization","@id":"https:\/\/dssi.sk\/#organization","name":"DSSI a.s.","url":"https:\/\/dssi.sk\/","logo":{"@type":"ImageObject","inLanguage":"en-US","@id":"https:\/\/dssi.sk\/#\/schema\/logo\/image\/","url":"https:\/\/dssi.sk\/wp-content\/uploads\/2019\/09\/logo-dssi-horizontal1.jpg","contentUrl":"https:\/\/dssi.sk\/wp-content\/uploads\/2019\/09\/logo-dssi-horizontal1.jpg","width":520,"height":520,"caption":"DSSI a.s."},"image":{"@id":"https:\/\/dssi.sk\/#\/schema\/logo\/image\/"}}]}},"_links":{"self":[{"href":"https:\/\/dssi.sk\/en\/wp-json\/wp\/v2\/pages\/391","targetHints":{"allow":["GET"]}}],"collection":[{"href":"https:\/\/dssi.sk\/en\/wp-json\/wp\/v2\/pages"}],"about":[{"href":"https:\/\/dssi.sk\/en\/wp-json\/wp\/v2\/types\/page"}],"author":[{"embeddable":true,"href":"https:\/\/dssi.sk\/en\/wp-json\/wp\/v2\/users\/1"}],"replies":[{"embeddable":true,"href":"https:\/\/dssi.sk\/en\/wp-json\/wp\/v2\/comments?post=391"}],"version-history":[{"count":2,"href":"https:\/\/dssi.sk\/en\/wp-json\/wp\/v2\/pages\/391\/revisions"}],"predecessor-version":[{"id":407,"href":"https:\/\/dssi.sk\/en\/wp-json\/wp\/v2\/pages\/391\/revisions\/407"}],"wp:attachment":[{"href":"https:\/\/dssi.sk\/en\/wp-json\/wp\/v2\/media?parent=391"}],"curies":[{"name":"wp","href":"https:\/\/api.w.org\/{rel}","templated":true}]}}