{"id":400,"date":"2019-09-16T16:53:27","date_gmt":"2019-09-16T14:53:27","guid":{"rendered":"http:\/\/dssi.h2studio.net\/?page_id=400"},"modified":"2019-09-16T23:42:11","modified_gmt":"2019-09-16T21:42:11","slug":"analyza-moznosti-produkcie-kolesoveho-afv-v-podmienkach-sr","status":"publish","type":"page","link":"https:\/\/dssi.sk\/en\/analyza-moznosti-produkcie-kolesoveho-afv-v-podmienkach-sr\/","title":{"rendered":"Anal\u00fdza mo\u017enosti produkcie kolesov\u00e9ho AFV v podmienkach SR"},"content":{"rendered":"<p>[et_pb_section fb_built=&#8220;1&#8243; admin_label=&#8220;section&#8220; _builder_version=&#8220;3.25.4&#8243; custom_padding=&#8220;0px||&#8220; fb_built=&#8220;1&#8243; _i=&#8220;0&#8243; _address=&#8220;0&#8243;][et_pb_row admin_label=&#8220;row&#8220; _builder_version=&#8220;3.25.4&#8243; background_size=&#8220;initial&#8220; background_position=&#8220;top_left&#8220; background_repeat=&#8220;repeat&#8220; custom_margin=&#8220;||&#8220; _i=&#8220;0&#8243; _address=&#8220;0.0&#8243;][et_pb_column type=&#8220;4_4&#8243; _builder_version=&#8220;3.25&#8243; custom_padding=&#8220;|||&#8220; custom_padding__hover=&#8220;|||&#8220; _i=&#8220;0&#8243; _address=&#8220;0.0.0&#8243;][et_pb_text _builder_version=&#8220;3.27.4&#8243; _dynamic_attributes=&#8220;content&#8220; text_font=&#8220;|||on|||||&#8220; text_font_size=&#8220;30px&#8220; link_font=&#8220;||||||||&#8220; ul_font=&#8220;||||||||&#8220; ol_font=&#8220;||||||||&#8220; quote_font=&#8220;||||||||&#8220; header_font=&#8220;||||||||&#8220; header_2_font=&#8220;||||||||&#8220; background_color=&#8220;rgba(0,0,0,0)&#8220; text_orientation=&#8220;center&#8220; width=&#8220;100%&#8220; max_width=&#8220;100%&#8220; text_text_align=&#8220;center&#8220; _i=&#8220;0&#8243; _address=&#8220;0.0.0.0&#8243;]@ET-DC@eyJkeW5hbWljIjp0cnVlLCJjb250ZW50IjoicG9zdF90aXRsZSIsInNldHRpbmdzIjp7ImJlZm9yZSI6IiIsImFmdGVyIjoiIn19@[\/et_pb_text][et_pb_text admin_label=&#8220;Text&#8220; _builder_version=&#8220;3.29.2&#8243; background_size=&#8220;initial&#8220; background_position=&#8220;top_left&#8220; background_repeat=&#8220;repeat&#8220; hover_enabled=&#8220;0&#8243; _i=&#8220;1&#8243; _address=&#8220;0.0.0.1&#8243;]<\/p>\n<p>Predkladan\u00e1 \u0161t\u00fadia analyzuje mo\u017enosti produkcie kolesov\u00e9ho, obrnen\u00e9ho, bojov\u00e9ho vozidla ( KOBV ) v\u00a0podmienkach SR. V\u00a0\u00favodnej \u010dasti je spracovan\u00fd exaktn\u00fd rozbor v\u0161eobecn\u00fdch a\u00a0takticko \u2013 technick\u00fdch po\u017eiadaviek na predmetn\u00fd typ kolesov\u00e9ho vozidla. Na tuto \u00favodn\u00fa \u010das\u0165 nadv\u00e4zuje vyhodnotenie po\u017eadovan\u00fdch vlastnost\u00ed u\u00a0desiatich kolesov\u00fdch vozidiel zaveden\u00fdch v\u00a0arm\u00e1dach r\u00f4znych \u0161t\u00e1tov. Na v\u00fdsledky rozboru s\u00fa\u010dasn\u00e9ho stavu v\u00fdvoja predmetn\u00fdch kolesov\u00fdch vozidiel nadv\u00e4zuje koncep\u010dn\u00fd n\u00e1vrh kolesov\u00e9ho vozidla, ktor\u00e9 odpoved\u00e1 potreb\u00e1m pozemn\u00fdch s\u00edl a\u00a0ktor\u00e9 je navrhovan\u00e9 v\u00a0s\u00falade so \u0161tandardmi NATO.<\/p>\n<p>V\u00a0z\u00e1vere\u010dnej \u010dasti \u0161t\u00fadie s\u00fa analyzovan\u00e9 mo\u017enosti v\u00fdvoja a\u00a0v\u00fdroby KOBV v\u00a0podmienkach SR. S\u00fa pos\u00faden\u00e9 mo\u017enosti spolupr\u00e1ce so zahrani\u010dn\u00fdmi rie\u0161ite\u013emi a mo\u017enosti kooper\u00e1cie pri zabezpe\u010dovan\u00ed komponentov od zahrani\u010dn\u00fdch subdod\u00e1vate\u013eov. Podrobne je spracovan\u00fd rozbor mo\u017enost\u00ed v\u00fdrobn\u00fdch subjektov SR z\u00a0h\u013eadiska technologick\u00e9ho z\u00e1zemia a\u00a0predpokladan\u00fdch\u00a0 kapac\u00edt na v\u00fdvojov\u00fa, resp. inova\u010dn\u00fa \u010dinnos\u0165.\u00a0 Je predlo\u017een\u00fd finan\u010dn\u00fd rozbor predpokladan\u00fdch n\u00e1kladov na fin\u00e1lnu v\u00fdrobu KOBV v\u00a0podmienkach priemyslu SR.<\/p>\n<p><a href=\"\/wp-content\/uploads\/2019\/09\/autohyb.jpg\"><img loading=\"lazy\" decoding=\"async\" src=\"\/wp-content\/uploads\/2019\/09\/autohyb-300x181.jpg\" width=\"300\" height=\"181\" alt=\"\" class=\"wp-image-638 aligncenter size-medium\" \/><\/a><\/p>\n<p>[\/et_pb_text][\/et_pb_column][\/et_pb_row][\/et_pb_section]<\/p>","protected":false},"excerpt":{"rendered":"<p>Predkladan\u00e1 \u0161t\u00fadia analyzuje mo\u017enosti produkcie kolesov\u00e9ho, obrnen\u00e9ho, bojov\u00e9ho vozidla ( KOBV ) v\u00a0podmienkach SR. V\u00a0\u00favodnej \u010dasti je spracovan\u00fd exaktn\u00fd rozbor v\u0161eobecn\u00fdch a\u00a0takticko \u2013 technick\u00fdch po\u017eiadaviek na predmetn\u00fd typ kolesov\u00e9ho vozidla. Na tuto \u00favodn\u00fa \u010das\u0165 nadv\u00e4zuje vyhodnotenie po\u017eadovan\u00fdch vlastnost\u00ed u\u00a0desiatich kolesov\u00fdch vozidiel zaveden\u00fdch v\u00a0arm\u00e1dach r\u00f4znych \u0161t\u00e1tov. Na v\u00fdsledky rozboru s\u00fa\u010dasn\u00e9ho stavu v\u00fdvoja predmetn\u00fdch kolesov\u00fdch vozidiel nadv\u00e4zuje [&hellip;]<\/p>","protected":false},"author":1,"featured_media":0,"parent":0,"menu_order":0,"comment_status":"closed","ping_status":"closed","template":"","meta":{"_et_pb_use_builder":"on","_et_pb_old_content":"","_et_gb_content_width":"","inline_featured_image":false,"_monsterinsights_skip_tracking":false,"_monsterinsights_sitenote_active":false,"_monsterinsights_sitenote_note":"","_monsterinsights_sitenote_category":0,"footnotes":""},"class_list":["post-400","page","type-page","status-publish","hentry"],"yoast_head":"<!-- This site is optimized with the Yoast SEO plugin v26.1.1 - https:\/\/yoast.com\/wordpress\/plugins\/seo\/ -->\n<title>Anal\u00fdza mo\u017enosti produkcie kolesov\u00e9ho AFV v podmienkach SR - DSSI<\/title>\n<meta name=\"robots\" content=\"index, follow, max-snippet:-1, max-image-preview:large, max-video-preview:-1\" \/>\n<link rel=\"canonical\" href=\"https:\/\/dssi.sk\/en\/analyza-moznosti-produkcie-kolesoveho-afv-v-podmienkach-sr\/\" \/>\n<meta property=\"og:locale\" content=\"en_US\" \/>\n<meta property=\"og:type\" content=\"article\" \/>\n<meta property=\"og:title\" content=\"Anal\u00fdza mo\u017enosti produkcie kolesov\u00e9ho AFV v podmienkach SR - DSSI\" \/>\n<meta property=\"og:description\" content=\"Predkladan\u00e1 \u0161t\u00fadia analyzuje mo\u017enosti produkcie kolesov\u00e9ho, obrnen\u00e9ho, bojov\u00e9ho vozidla ( KOBV ) v\u00a0podmienkach SR. V\u00a0\u00favodnej \u010dasti je spracovan\u00fd exaktn\u00fd rozbor v\u0161eobecn\u00fdch a\u00a0takticko \u2013 technick\u00fdch po\u017eiadaviek na predmetn\u00fd typ kolesov\u00e9ho vozidla. Na tuto \u00favodn\u00fa \u010das\u0165 nadv\u00e4zuje vyhodnotenie po\u017eadovan\u00fdch vlastnost\u00ed u\u00a0desiatich kolesov\u00fdch vozidiel zaveden\u00fdch v\u00a0arm\u00e1dach r\u00f4znych \u0161t\u00e1tov. Na v\u00fdsledky rozboru s\u00fa\u010dasn\u00e9ho stavu v\u00fdvoja predmetn\u00fdch kolesov\u00fdch vozidiel nadv\u00e4zuje [&hellip;]\" \/>\n<meta property=\"og:url\" content=\"https:\/\/dssi.sk\/en\/analyza-moznosti-produkcie-kolesoveho-afv-v-podmienkach-sr\/\" \/>\n<meta property=\"og:site_name\" content=\"DSSI\" \/>\n<meta property=\"article:modified_time\" content=\"2019-09-16T21:42:11+00:00\" \/>\n<meta property=\"og:image\" content=\"https:\/\/dssi.sk\/wp-content\/uploads\/2019\/09\/autohyb-300x181.jpg\" \/>\n<meta name=\"twitter:card\" content=\"summary_large_image\" \/>\n<meta name=\"twitter:label1\" content=\"Est. reading time\" \/>\n\t<meta name=\"twitter:data1\" content=\"2 minutes\" \/>\n<script type=\"application\/ld+json\" class=\"yoast-schema-graph\">{\"@context\":\"https:\/\/schema.org\",\"@graph\":[{\"@type\":\"WebPage\",\"@id\":\"https:\/\/dssi.sk\/analyza-moznosti-produkcie-kolesoveho-afv-v-podmienkach-sr\/\",\"url\":\"https:\/\/dssi.sk\/analyza-moznosti-produkcie-kolesoveho-afv-v-podmienkach-sr\/\",\"name\":\"Anal\u00fdza mo\u017enosti produkcie kolesov\u00e9ho AFV v podmienkach SR - DSSI\",\"isPartOf\":{\"@id\":\"https:\/\/dssi.sk\/#website\"},\"datePublished\":\"2019-09-16T14:53:27+00:00\",\"dateModified\":\"2019-09-16T21:42:11+00:00\",\"breadcrumb\":{\"@id\":\"https:\/\/dssi.sk\/analyza-moznosti-produkcie-kolesoveho-afv-v-podmienkach-sr\/#breadcrumb\"},\"inLanguage\":\"en-US\",\"potentialAction\":[{\"@type\":\"ReadAction\",\"target\":[\"https:\/\/dssi.sk\/analyza-moznosti-produkcie-kolesoveho-afv-v-podmienkach-sr\/\"]}]},{\"@type\":\"BreadcrumbList\",\"@id\":\"https:\/\/dssi.sk\/analyza-moznosti-produkcie-kolesoveho-afv-v-podmienkach-sr\/#breadcrumb\",\"itemListElement\":[{\"@type\":\"ListItem\",\"position\":1,\"name\":\"Home\",\"item\":\"https:\/\/dssi.sk\/\"},{\"@type\":\"ListItem\",\"position\":2,\"name\":\"Anal\u00fdza mo\u017enosti produkcie kolesov\u00e9ho AFV v podmienkach SR\"}]},{\"@type\":\"WebSite\",\"@id\":\"https:\/\/dssi.sk\/#website\",\"url\":\"https:\/\/dssi.sk\/\",\"name\":\"DSSI\",\"description\":\"Development | Services | Security | Innovations\",\"publisher\":{\"@id\":\"https:\/\/dssi.sk\/#organization\"},\"potentialAction\":[{\"@type\":\"SearchAction\",\"target\":{\"@type\":\"EntryPoint\",\"urlTemplate\":\"https:\/\/dssi.sk\/?s={search_term_string}\"},\"query-input\":{\"@type\":\"PropertyValueSpecification\",\"valueRequired\":true,\"valueName\":\"search_term_string\"}}],\"inLanguage\":\"en-US\"},{\"@type\":\"Organization\",\"@id\":\"https:\/\/dssi.sk\/#organization\",\"name\":\"DSSI a.s.\",\"url\":\"https:\/\/dssi.sk\/\",\"logo\":{\"@type\":\"ImageObject\",\"inLanguage\":\"en-US\",\"@id\":\"https:\/\/dssi.sk\/#\/schema\/logo\/image\/\",\"url\":\"https:\/\/dssi.sk\/wp-content\/uploads\/2019\/09\/logo-dssi-horizontal1.jpg\",\"contentUrl\":\"https:\/\/dssi.sk\/wp-content\/uploads\/2019\/09\/logo-dssi-horizontal1.jpg\",\"width\":520,\"height\":520,\"caption\":\"DSSI a.s.\"},\"image\":{\"@id\":\"https:\/\/dssi.sk\/#\/schema\/logo\/image\/\"}}]}<\/script>\n<!-- \/ Yoast SEO plugin. -->","yoast_head_json":{"title":"Anal\u00fdza mo\u017enosti produkcie kolesov\u00e9ho AFV v podmienkach SR - DSSI","robots":{"index":"index","follow":"follow","max-snippet":"max-snippet:-1","max-image-preview":"max-image-preview:large","max-video-preview":"max-video-preview:-1"},"canonical":"https:\/\/dssi.sk\/en\/analyza-moznosti-produkcie-kolesoveho-afv-v-podmienkach-sr\/","og_locale":"en_US","og_type":"article","og_title":"Anal\u00fdza mo\u017enosti produkcie kolesov\u00e9ho AFV v podmienkach SR - DSSI","og_description":"Predkladan\u00e1 \u0161t\u00fadia analyzuje mo\u017enosti produkcie kolesov\u00e9ho, obrnen\u00e9ho, bojov\u00e9ho vozidla ( KOBV ) v\u00a0podmienkach SR. V\u00a0\u00favodnej \u010dasti je spracovan\u00fd exaktn\u00fd rozbor v\u0161eobecn\u00fdch a\u00a0takticko \u2013 technick\u00fdch po\u017eiadaviek na predmetn\u00fd typ kolesov\u00e9ho vozidla. Na tuto \u00favodn\u00fa \u010das\u0165 nadv\u00e4zuje vyhodnotenie po\u017eadovan\u00fdch vlastnost\u00ed u\u00a0desiatich kolesov\u00fdch vozidiel zaveden\u00fdch v\u00a0arm\u00e1dach r\u00f4znych \u0161t\u00e1tov. Na v\u00fdsledky rozboru s\u00fa\u010dasn\u00e9ho stavu v\u00fdvoja predmetn\u00fdch kolesov\u00fdch vozidiel nadv\u00e4zuje [&hellip;]","og_url":"https:\/\/dssi.sk\/en\/analyza-moznosti-produkcie-kolesoveho-afv-v-podmienkach-sr\/","og_site_name":"DSSI","article_modified_time":"2019-09-16T21:42:11+00:00","og_image":[{"url":"https:\/\/dssi.sk\/wp-content\/uploads\/2019\/09\/autohyb-300x181.jpg","type":"","width":"","height":""}],"twitter_card":"summary_large_image","twitter_misc":{"Est. reading time":"2 minutes"},"schema":{"@context":"https:\/\/schema.org","@graph":[{"@type":"WebPage","@id":"https:\/\/dssi.sk\/analyza-moznosti-produkcie-kolesoveho-afv-v-podmienkach-sr\/","url":"https:\/\/dssi.sk\/analyza-moznosti-produkcie-kolesoveho-afv-v-podmienkach-sr\/","name":"Anal\u00fdza mo\u017enosti produkcie kolesov\u00e9ho AFV v podmienkach SR - DSSI","isPartOf":{"@id":"https:\/\/dssi.sk\/#website"},"datePublished":"2019-09-16T14:53:27+00:00","dateModified":"2019-09-16T21:42:11+00:00","breadcrumb":{"@id":"https:\/\/dssi.sk\/analyza-moznosti-produkcie-kolesoveho-afv-v-podmienkach-sr\/#breadcrumb"},"inLanguage":"en-US","potentialAction":[{"@type":"ReadAction","target":["https:\/\/dssi.sk\/analyza-moznosti-produkcie-kolesoveho-afv-v-podmienkach-sr\/"]}]},{"@type":"BreadcrumbList","@id":"https:\/\/dssi.sk\/analyza-moznosti-produkcie-kolesoveho-afv-v-podmienkach-sr\/#breadcrumb","itemListElement":[{"@type":"ListItem","position":1,"name":"Home","item":"https:\/\/dssi.sk\/"},{"@type":"ListItem","position":2,"name":"Anal\u00fdza mo\u017enosti produkcie kolesov\u00e9ho AFV v podmienkach SR"}]},{"@type":"WebSite","@id":"https:\/\/dssi.sk\/#website","url":"https:\/\/dssi.sk\/","name":"DSSI","description":"Development | Services | Security | Innovations","publisher":{"@id":"https:\/\/dssi.sk\/#organization"},"potentialAction":[{"@type":"SearchAction","target":{"@type":"EntryPoint","urlTemplate":"https:\/\/dssi.sk\/?s={search_term_string}"},"query-input":{"@type":"PropertyValueSpecification","valueRequired":true,"valueName":"search_term_string"}}],"inLanguage":"en-US"},{"@type":"Organization","@id":"https:\/\/dssi.sk\/#organization","name":"DSSI a.s.","url":"https:\/\/dssi.sk\/","logo":{"@type":"ImageObject","inLanguage":"en-US","@id":"https:\/\/dssi.sk\/#\/schema\/logo\/image\/","url":"https:\/\/dssi.sk\/wp-content\/uploads\/2019\/09\/logo-dssi-horizontal1.jpg","contentUrl":"https:\/\/dssi.sk\/wp-content\/uploads\/2019\/09\/logo-dssi-horizontal1.jpg","width":520,"height":520,"caption":"DSSI a.s."},"image":{"@id":"https:\/\/dssi.sk\/#\/schema\/logo\/image\/"}}]}},"_links":{"self":[{"href":"https:\/\/dssi.sk\/en\/wp-json\/wp\/v2\/pages\/400","targetHints":{"allow":["GET"]}}],"collection":[{"href":"https:\/\/dssi.sk\/en\/wp-json\/wp\/v2\/pages"}],"about":[{"href":"https:\/\/dssi.sk\/en\/wp-json\/wp\/v2\/types\/page"}],"author":[{"embeddable":true,"href":"https:\/\/dssi.sk\/en\/wp-json\/wp\/v2\/users\/1"}],"replies":[{"embeddable":true,"href":"https:\/\/dssi.sk\/en\/wp-json\/wp\/v2\/comments?post=400"}],"version-history":[{"count":3,"href":"https:\/\/dssi.sk\/en\/wp-json\/wp\/v2\/pages\/400\/revisions"}],"predecessor-version":[{"id":683,"href":"https:\/\/dssi.sk\/en\/wp-json\/wp\/v2\/pages\/400\/revisions\/683"}],"wp:attachment":[{"href":"https:\/\/dssi.sk\/en\/wp-json\/wp\/v2\/media?parent=400"}],"curies":[{"name":"wp","href":"https:\/\/api.w.org\/{rel}","templated":true}]}}