{"id":414,"date":"2019-09-16T16:59:11","date_gmt":"2019-09-16T14:59:11","guid":{"rendered":"http:\/\/dssi.h2studio.net\/?page_id=414"},"modified":"2019-09-16T23:42:42","modified_gmt":"2019-09-16T21:42:42","slug":"bezpilotny-miniprieskumny-prostriedok-typu-uav-pre-stupen-prapor","status":"publish","type":"page","link":"https:\/\/dssi.sk\/en\/bezpilotny-miniprieskumny-prostriedok-typu-uav-pre-stupen-prapor\/","title":{"rendered":"Bezpilotn\u00fd miniprieskumn\u00fd prostriedok typu UAV pre stupe\u0148 pr\u00e1por"},"content":{"rendered":"<p>[et_pb_section fb_built=&#8220;1&#8243; admin_label=&#8220;section&#8220; _builder_version=&#8220;3.25.4&#8243; custom_padding=&#8220;0px||&#8220; fb_built=&#8220;1&#8243; _i=&#8220;0&#8243; _address=&#8220;0&#8243;][et_pb_row admin_label=&#8220;row&#8220; _builder_version=&#8220;3.25.4&#8243; background_size=&#8220;initial&#8220; background_position=&#8220;top_left&#8220; background_repeat=&#8220;repeat&#8220; custom_margin=&#8220;||&#8220; _i=&#8220;0&#8243; _address=&#8220;0.0&#8243;][et_pb_column type=&#8220;4_4&#8243; _builder_version=&#8220;3.25&#8243; custom_padding=&#8220;|||&#8220; custom_padding__hover=&#8220;|||&#8220; _i=&#8220;0&#8243; _address=&#8220;0.0.0&#8243;][et_pb_text _builder_version=&#8220;3.27.4&#8243; _dynamic_attributes=&#8220;content&#8220; text_font=&#8220;|||on|||||&#8220; text_font_size=&#8220;30px&#8220; link_font=&#8220;||||||||&#8220; ul_font=&#8220;||||||||&#8220; ol_font=&#8220;||||||||&#8220; quote_font=&#8220;||||||||&#8220; header_font=&#8220;||||||||&#8220; header_2_font=&#8220;||||||||&#8220; background_color=&#8220;rgba(0,0,0,0)&#8220; text_orientation=&#8220;center&#8220; width=&#8220;100%&#8220; max_width=&#8220;100%&#8220; text_text_align=&#8220;center&#8220; _i=&#8220;0&#8243; _address=&#8220;0.0.0.0&#8243;]@ET-DC@eyJkeW5hbWljIjp0cnVlLCJjb250ZW50IjoicG9zdF90aXRsZSIsInNldHRpbmdzIjp7ImJlZm9yZSI6IiIsImFmdGVyIjoiIn19@[\/et_pb_text][et_pb_text admin_label=&#8220;Text&#8220; _builder_version=&#8220;3.29.2&#8243; background_size=&#8220;initial&#8220; background_position=&#8220;top_left&#8220; background_repeat=&#8220;repeat&#8220; hover_enabled=&#8220;0&#8243; _i=&#8220;1&#8243; _address=&#8220;0.0.0.1&#8243;]<\/p>\n<p>Podrobn\u00e9 technick\u00e9 zadanie syst\u00e9mu je mo\u017en\u00e9 vypracova\u0165 na z\u00e1klade experiment\u00e1lneho vyhodnotenia prev\u00e1dzkov\u00fdch parametrov letov\u00e9ho demon\u0161tr\u00e1tora, ktor\u00fd bol vyhotoven\u00fd v\u00a0r\u00e1mci spracov\u00e1vania anal\u00fdzy. Podrobn\u00e9 aerodynamick\u00e9 a energetick\u00e9 v\u00fdpo\u010dty lietadla, ktor\u00e9 by viedli k\u00a0stanoveniu detailn\u00fdch technick\u00fdch parametrov syst\u00e9mu bez praktick\u00e9ho vysk\u00fa\u0161ania \u010diastkov\u00fdch rie\u0161en\u00ed s\u00fa ve\u013emi obtia\u017ene realizovate\u013en\u00e9. Vzh\u013eadom na zd\u013ahavos\u0165 v\u00fdpo\u010dtu lietadla a jeho mal\u00fa presnos\u0165 (v\u00fdpo\u010dtov\u00e1 chyba v\u00a0rozp\u00e4t\u00ed \u00b1 30 %) je efekt\u00edvnej\u0161ie zhotovi\u0165 na z\u00e1klade praktick\u00fdch sk\u00fasenost\u00ed so zoh\u013eadnen\u00edm technologick\u00fdch mo\u017enost\u00ed v\u00fdroby lietadla funk\u010dn\u00fd vzor a jeho kon\u0161trukciu postupne doladi\u0165 na z\u00e1klade experimentov.<\/p>\n<p>Dostupn\u00e9 liter\u00e1rne pramene neuv\u00e1dzaj\u00fa postupy pre optimaliz\u00e1ciu osadenia lietadla videozariaden\u00edm, predov\u0161etk\u00fdm posta\u010duj\u00facu rozli\u0161ovaciu schopnos\u0165 kamier a ich \u010dasov\u00fd skenovac\u00ed re\u017eim. Preto je potrebn\u00e9 vykona\u0165 experimenty na z\u00e1klade odborn\u00e9ho odhadu, ktor\u00e9 by viedli k stanoveniu objekt\u00edvnych parametrov videozariaden\u00ed.<\/p>\n<p>Skon\u0161truovanie miniprieskumn\u00e9ho lietadla bez pos\u00e1dky pod\u013ea zadania tejto anal\u00fdzy je v\u00a0podmienkach Slovenskej republiky mo\u017en\u00e9 za predpokladu n\u00e1kupu \u0161pecializovan\u00fdch elektronick\u00fdch komponentov od zahrani\u010dn\u00fdch dod\u00e1vate\u013eov. V\u00fdroba draku lietadla, jeho mont\u00e1\u017e a o\u017eivenie je mo\u017en\u00e9 v\u00a0dom\u00e1com prostred\u00ed dom\u00e1cimi odborn\u00edkmi.<\/p>\n<p><a href=\"\/wp-content\/uploads\/2019\/09\/uav-1024x558.jpg\"><img loading=\"lazy\" decoding=\"async\" src=\"\/wp-content\/uploads\/2019\/09\/uav-1024x558-300x163.jpg\" width=\"300\" height=\"163\" alt=\"\" class=\"wp-image-650 aligncenter size-medium\" \/><\/a><\/p>\n<p>[\/et_pb_text][\/et_pb_column][\/et_pb_row][\/et_pb_section]<\/p>","protected":false},"excerpt":{"rendered":"<p>Podrobn\u00e9 technick\u00e9 zadanie syst\u00e9mu je mo\u017en\u00e9 vypracova\u0165 na z\u00e1klade experiment\u00e1lneho vyhodnotenia prev\u00e1dzkov\u00fdch parametrov letov\u00e9ho demon\u0161tr\u00e1tora, ktor\u00fd bol vyhotoven\u00fd v\u00a0r\u00e1mci spracov\u00e1vania anal\u00fdzy. Podrobn\u00e9 aerodynamick\u00e9 a energetick\u00e9 v\u00fdpo\u010dty lietadla, ktor\u00e9 by viedli k\u00a0stanoveniu detailn\u00fdch technick\u00fdch parametrov syst\u00e9mu bez praktick\u00e9ho vysk\u00fa\u0161ania \u010diastkov\u00fdch rie\u0161en\u00ed s\u00fa ve\u013emi obtia\u017ene realizovate\u013en\u00e9. Vzh\u013eadom na zd\u013ahavos\u0165 v\u00fdpo\u010dtu lietadla a jeho mal\u00fa presnos\u0165 (v\u00fdpo\u010dtov\u00e1 chyba [&hellip;]<\/p>","protected":false},"author":1,"featured_media":0,"parent":0,"menu_order":0,"comment_status":"closed","ping_status":"closed","template":"","meta":{"_et_pb_use_builder":"on","_et_pb_old_content":"","_et_gb_content_width":"","inline_featured_image":false,"_monsterinsights_skip_tracking":false,"_monsterinsights_sitenote_active":false,"_monsterinsights_sitenote_note":"","_monsterinsights_sitenote_category":0,"footnotes":""},"class_list":["post-414","page","type-page","status-publish","hentry"],"yoast_head":"<!-- This site is optimized with the Yoast SEO plugin v26.1.1 - https:\/\/yoast.com\/wordpress\/plugins\/seo\/ -->\n<title>Bezpilotn\u00fd miniprieskumn\u00fd prostriedok typu UAV pre stupe\u0148 pr\u00e1por - DSSI<\/title>\n<meta name=\"robots\" content=\"index, follow, max-snippet:-1, max-image-preview:large, max-video-preview:-1\" \/>\n<link rel=\"canonical\" href=\"https:\/\/dssi.sk\/en\/bezpilotny-miniprieskumny-prostriedok-typu-uav-pre-stupen-prapor\/\" \/>\n<meta property=\"og:locale\" content=\"en_US\" \/>\n<meta property=\"og:type\" content=\"article\" \/>\n<meta property=\"og:title\" content=\"Bezpilotn\u00fd miniprieskumn\u00fd prostriedok typu UAV pre stupe\u0148 pr\u00e1por - DSSI\" \/>\n<meta property=\"og:description\" content=\"Podrobn\u00e9 technick\u00e9 zadanie syst\u00e9mu je mo\u017en\u00e9 vypracova\u0165 na z\u00e1klade experiment\u00e1lneho vyhodnotenia prev\u00e1dzkov\u00fdch parametrov letov\u00e9ho demon\u0161tr\u00e1tora, ktor\u00fd bol vyhotoven\u00fd v\u00a0r\u00e1mci spracov\u00e1vania anal\u00fdzy. Podrobn\u00e9 aerodynamick\u00e9 a energetick\u00e9 v\u00fdpo\u010dty lietadla, ktor\u00e9 by viedli k\u00a0stanoveniu detailn\u00fdch technick\u00fdch parametrov syst\u00e9mu bez praktick\u00e9ho vysk\u00fa\u0161ania \u010diastkov\u00fdch rie\u0161en\u00ed s\u00fa ve\u013emi obtia\u017ene realizovate\u013en\u00e9. Vzh\u013eadom na zd\u013ahavos\u0165 v\u00fdpo\u010dtu lietadla a jeho mal\u00fa presnos\u0165 (v\u00fdpo\u010dtov\u00e1 chyba [&hellip;]\" \/>\n<meta property=\"og:url\" content=\"https:\/\/dssi.sk\/en\/bezpilotny-miniprieskumny-prostriedok-typu-uav-pre-stupen-prapor\/\" \/>\n<meta property=\"og:site_name\" content=\"DSSI\" \/>\n<meta property=\"article:modified_time\" content=\"2019-09-16T21:42:42+00:00\" \/>\n<meta property=\"og:image\" content=\"https:\/\/dssi.sk\/wp-content\/uploads\/2019\/09\/uav-1024x558-300x163.jpg\" \/>\n<meta name=\"twitter:card\" content=\"summary_large_image\" \/>\n<meta name=\"twitter:label1\" content=\"Est. reading time\" \/>\n\t<meta name=\"twitter:data1\" content=\"2 minutes\" \/>\n<script type=\"application\/ld+json\" class=\"yoast-schema-graph\">{\"@context\":\"https:\/\/schema.org\",\"@graph\":[{\"@type\":\"WebPage\",\"@id\":\"https:\/\/dssi.sk\/en\/bezpilotny-miniprieskumny-prostriedok-typu-uav-pre-stupen-prapor\/\",\"url\":\"https:\/\/dssi.sk\/en\/bezpilotny-miniprieskumny-prostriedok-typu-uav-pre-stupen-prapor\/\",\"name\":\"Bezpilotn\u00fd miniprieskumn\u00fd prostriedok typu UAV pre stupe\u0148 pr\u00e1por - DSSI\",\"isPartOf\":{\"@id\":\"https:\/\/dssi.sk\/#website\"},\"datePublished\":\"2019-09-16T14:59:11+00:00\",\"dateModified\":\"2019-09-16T21:42:42+00:00\",\"breadcrumb\":{\"@id\":\"https:\/\/dssi.sk\/en\/bezpilotny-miniprieskumny-prostriedok-typu-uav-pre-stupen-prapor\/#breadcrumb\"},\"inLanguage\":\"en-US\",\"potentialAction\":[{\"@type\":\"ReadAction\",\"target\":[\"https:\/\/dssi.sk\/en\/bezpilotny-miniprieskumny-prostriedok-typu-uav-pre-stupen-prapor\/\"]}]},{\"@type\":\"BreadcrumbList\",\"@id\":\"https:\/\/dssi.sk\/en\/bezpilotny-miniprieskumny-prostriedok-typu-uav-pre-stupen-prapor\/#breadcrumb\",\"itemListElement\":[{\"@type\":\"ListItem\",\"position\":1,\"name\":\"Home\",\"item\":\"https:\/\/dssi.sk\/\"},{\"@type\":\"ListItem\",\"position\":2,\"name\":\"Bezpilotn\u00fd miniprieskumn\u00fd prostriedok typu UAV pre stupe\u0148 pr\u00e1por\"}]},{\"@type\":\"WebSite\",\"@id\":\"https:\/\/dssi.sk\/#website\",\"url\":\"https:\/\/dssi.sk\/\",\"name\":\"DSSI\",\"description\":\"Development | Services | Security | Innovations\",\"publisher\":{\"@id\":\"https:\/\/dssi.sk\/#organization\"},\"potentialAction\":[{\"@type\":\"SearchAction\",\"target\":{\"@type\":\"EntryPoint\",\"urlTemplate\":\"https:\/\/dssi.sk\/?s={search_term_string}\"},\"query-input\":{\"@type\":\"PropertyValueSpecification\",\"valueRequired\":true,\"valueName\":\"search_term_string\"}}],\"inLanguage\":\"en-US\"},{\"@type\":\"Organization\",\"@id\":\"https:\/\/dssi.sk\/#organization\",\"name\":\"DSSI a.s.\",\"url\":\"https:\/\/dssi.sk\/\",\"logo\":{\"@type\":\"ImageObject\",\"inLanguage\":\"en-US\",\"@id\":\"https:\/\/dssi.sk\/#\/schema\/logo\/image\/\",\"url\":\"https:\/\/dssi.sk\/wp-content\/uploads\/2019\/09\/logo-dssi-horizontal1.jpg\",\"contentUrl\":\"https:\/\/dssi.sk\/wp-content\/uploads\/2019\/09\/logo-dssi-horizontal1.jpg\",\"width\":520,\"height\":520,\"caption\":\"DSSI a.s.\"},\"image\":{\"@id\":\"https:\/\/dssi.sk\/#\/schema\/logo\/image\/\"}}]}<\/script>\n<!-- \/ Yoast SEO plugin. -->","yoast_head_json":{"title":"Bezpilotn\u00fd miniprieskumn\u00fd prostriedok typu UAV pre stupe\u0148 pr\u00e1por - DSSI","robots":{"index":"index","follow":"follow","max-snippet":"max-snippet:-1","max-image-preview":"max-image-preview:large","max-video-preview":"max-video-preview:-1"},"canonical":"https:\/\/dssi.sk\/en\/bezpilotny-miniprieskumny-prostriedok-typu-uav-pre-stupen-prapor\/","og_locale":"en_US","og_type":"article","og_title":"Bezpilotn\u00fd miniprieskumn\u00fd prostriedok typu UAV pre stupe\u0148 pr\u00e1por - DSSI","og_description":"Podrobn\u00e9 technick\u00e9 zadanie syst\u00e9mu je mo\u017en\u00e9 vypracova\u0165 na z\u00e1klade experiment\u00e1lneho vyhodnotenia prev\u00e1dzkov\u00fdch parametrov letov\u00e9ho demon\u0161tr\u00e1tora, ktor\u00fd bol vyhotoven\u00fd v\u00a0r\u00e1mci spracov\u00e1vania anal\u00fdzy. Podrobn\u00e9 aerodynamick\u00e9 a energetick\u00e9 v\u00fdpo\u010dty lietadla, ktor\u00e9 by viedli k\u00a0stanoveniu detailn\u00fdch technick\u00fdch parametrov syst\u00e9mu bez praktick\u00e9ho vysk\u00fa\u0161ania \u010diastkov\u00fdch rie\u0161en\u00ed s\u00fa ve\u013emi obtia\u017ene realizovate\u013en\u00e9. Vzh\u013eadom na zd\u013ahavos\u0165 v\u00fdpo\u010dtu lietadla a jeho mal\u00fa presnos\u0165 (v\u00fdpo\u010dtov\u00e1 chyba [&hellip;]","og_url":"https:\/\/dssi.sk\/en\/bezpilotny-miniprieskumny-prostriedok-typu-uav-pre-stupen-prapor\/","og_site_name":"DSSI","article_modified_time":"2019-09-16T21:42:42+00:00","og_image":[{"url":"https:\/\/dssi.sk\/wp-content\/uploads\/2019\/09\/uav-1024x558-300x163.jpg","type":"","width":"","height":""}],"twitter_card":"summary_large_image","twitter_misc":{"Est. reading time":"2 minutes"},"schema":{"@context":"https:\/\/schema.org","@graph":[{"@type":"WebPage","@id":"https:\/\/dssi.sk\/en\/bezpilotny-miniprieskumny-prostriedok-typu-uav-pre-stupen-prapor\/","url":"https:\/\/dssi.sk\/en\/bezpilotny-miniprieskumny-prostriedok-typu-uav-pre-stupen-prapor\/","name":"Bezpilotn\u00fd miniprieskumn\u00fd prostriedok typu UAV pre stupe\u0148 pr\u00e1por - DSSI","isPartOf":{"@id":"https:\/\/dssi.sk\/#website"},"datePublished":"2019-09-16T14:59:11+00:00","dateModified":"2019-09-16T21:42:42+00:00","breadcrumb":{"@id":"https:\/\/dssi.sk\/en\/bezpilotny-miniprieskumny-prostriedok-typu-uav-pre-stupen-prapor\/#breadcrumb"},"inLanguage":"en-US","potentialAction":[{"@type":"ReadAction","target":["https:\/\/dssi.sk\/en\/bezpilotny-miniprieskumny-prostriedok-typu-uav-pre-stupen-prapor\/"]}]},{"@type":"BreadcrumbList","@id":"https:\/\/dssi.sk\/en\/bezpilotny-miniprieskumny-prostriedok-typu-uav-pre-stupen-prapor\/#breadcrumb","itemListElement":[{"@type":"ListItem","position":1,"name":"Home","item":"https:\/\/dssi.sk\/"},{"@type":"ListItem","position":2,"name":"Bezpilotn\u00fd miniprieskumn\u00fd prostriedok typu UAV pre stupe\u0148 pr\u00e1por"}]},{"@type":"WebSite","@id":"https:\/\/dssi.sk\/#website","url":"https:\/\/dssi.sk\/","name":"DSSI","description":"Development | Services | Security | Innovations","publisher":{"@id":"https:\/\/dssi.sk\/#organization"},"potentialAction":[{"@type":"SearchAction","target":{"@type":"EntryPoint","urlTemplate":"https:\/\/dssi.sk\/?s={search_term_string}"},"query-input":{"@type":"PropertyValueSpecification","valueRequired":true,"valueName":"search_term_string"}}],"inLanguage":"en-US"},{"@type":"Organization","@id":"https:\/\/dssi.sk\/#organization","name":"DSSI a.s.","url":"https:\/\/dssi.sk\/","logo":{"@type":"ImageObject","inLanguage":"en-US","@id":"https:\/\/dssi.sk\/#\/schema\/logo\/image\/","url":"https:\/\/dssi.sk\/wp-content\/uploads\/2019\/09\/logo-dssi-horizontal1.jpg","contentUrl":"https:\/\/dssi.sk\/wp-content\/uploads\/2019\/09\/logo-dssi-horizontal1.jpg","width":520,"height":520,"caption":"DSSI a.s."},"image":{"@id":"https:\/\/dssi.sk\/#\/schema\/logo\/image\/"}}]}},"_links":{"self":[{"href":"https:\/\/dssi.sk\/en\/wp-json\/wp\/v2\/pages\/414","targetHints":{"allow":["GET"]}}],"collection":[{"href":"https:\/\/dssi.sk\/en\/wp-json\/wp\/v2\/pages"}],"about":[{"href":"https:\/\/dssi.sk\/en\/wp-json\/wp\/v2\/types\/page"}],"author":[{"embeddable":true,"href":"https:\/\/dssi.sk\/en\/wp-json\/wp\/v2\/users\/1"}],"replies":[{"embeddable":true,"href":"https:\/\/dssi.sk\/en\/wp-json\/wp\/v2\/comments?post=414"}],"version-history":[{"count":3,"href":"https:\/\/dssi.sk\/en\/wp-json\/wp\/v2\/pages\/414\/revisions"}],"predecessor-version":[{"id":684,"href":"https:\/\/dssi.sk\/en\/wp-json\/wp\/v2\/pages\/414\/revisions\/684"}],"wp:attachment":[{"href":"https:\/\/dssi.sk\/en\/wp-json\/wp\/v2\/media?parent=414"}],"curies":[{"name":"wp","href":"https:\/\/api.w.org\/{rel}","templated":true}]}}