{"id":415,"date":"2019-09-16T16:58:36","date_gmt":"2019-09-16T14:58:36","guid":{"rendered":"http:\/\/dssi.h2studio.net\/?page_id=415"},"modified":"2019-09-16T16:58:36","modified_gmt":"2019-09-16T14:58:36","slug":"aplikacia-analytickych-nastrojov-na-optimalizaciu-nakladov-na-pouzivanie-podporu-a-vyradovanie-systemu-vyzbroje-v-ozbrojenych-silach","status":"publish","type":"page","link":"https:\/\/dssi.sk\/en\/aplikacia-analytickych-nastrojov-na-optimalizaciu-nakladov-na-pouzivanie-podporu-a-vyradovanie-systemu-vyzbroje-v-ozbrojenych-silach\/","title":{"rendered":"Aplik\u00e1cia analytick\u00fdch n\u00e1strojov na optimaliz\u00e1ciu n\u00e1kladov na pou\u017e\u00edvanie, podporu a vyra\u010fovanie syst\u00e9mu v\u00fdzbroje v ozbrojen\u00fdch sil\u00e1ch"},"content":{"rendered":"<p>[et_pb_section fb_built=&#8220;1&#8243; admin_label=&#8220;section&#8220; _builder_version=&#8220;3.25.4&#8243; custom_padding=&#8220;0px||&#8220;][et_pb_row custom_margin=&#8220;||&#8220; admin_label=&#8220;row&#8220; _builder_version=&#8220;3.25.4&#8243; background_size=&#8220;initial&#8220; background_position=&#8220;top_left&#8220; background_repeat=&#8220;repeat&#8220;][et_pb_column type=&#8220;4_4&#8243; _builder_version=&#8220;3.25&#8243; custom_padding=&#8220;|||&#8220; custom_padding__hover=&#8220;|||&#8220;][et_pb_text _builder_version=&#8220;3.25.4&#8243; _dynamic_attributes=&#8220;content&#8220; text_font=&#8220;|||on|||||&#8220; text_text_align=&#8220;center&#8220; text_font_size=&#8220;30px&#8220; link_font=&#8220;||||||||&#8220; ul_font=&#8220;||||||||&#8220; ol_font=&#8220;||||||||&#8220; quote_font=&#8220;||||||||&#8220; header_font=&#8220;||||||||&#8220; header_2_font=&#8220;||||||||&#8220; background_color=&#8220;rgba(0,0,0,0)&#8220; width=&#8220;100%&#8220; max_width=&#8220;100%&#8220;]@ET-DC@eyJkeW5hbWljIjp0cnVlLCJjb250ZW50IjoicG9zdF90aXRsZSIsInNldHRpbmdzIjp7ImJlZm9yZSI6IiIsImFmdGVyIjoiIn19@[\/et_pb_text][et_pb_text admin_label=&#8220;Text&#8220; _builder_version=&#8220;3.25.4&#8243; background_size=&#8220;initial&#8220; background_position=&#8220;top_left&#8220; background_repeat=&#8220;repeat&#8220;]Prv\u00e1 \u010das\u0165 vedeckej \u0161t\u00fadie \u201eAplik\u00e1cia analytick\u00fdch n\u00e1strojov na optimaliz\u00e1ciu n\u00e1kladov na pou\u017e\u00edvanie, podporu a vyra\u010fovanie syst\u00e9mov v\u00fdzbroje v ozbrojen\u00fdch sil\u00e1ch\u201c sa zaober\u00e1 hlavne popisom teoretick\u00fdch z\u00e1kladov pre integrovan\u00fa ligistick\u00fa podporu a anal\u00fdzu ligistickej podpory. Tieto dve discipl\u00edny s\u00fa zameran\u00e9 na zni\u017eovanie n\u00e1kladov na prev\u00e1dzku syst\u00e9mov, racionaliz\u00e1ciu ich \u00fadr\u017eby a opr\u00e1v. Obe oblasti s\u00fa ve\u013emi n\u00e1ro\u010dn\u00e9 na d\u00e1ta a preto \u00faloha v\u00fdpo\u010dtovej techniky v ich prev\u00e1dzkovan\u00ed je ve\u013ek\u00e1.<\/p>\n<p>Jedn\u00fdm zo softv\u00e9rov\u00fdch produktov, ktor\u00e9 zabezpe\u010duj\u00fa spr\u00e1vu a anal\u00fdzu d\u00e1t pre integrovan\u00fa logistick\u00fa podporu po\u010das celej \u017eivotnosti syst\u00e9mu je kanadsk\u00fd SW OMEGA PS, ktor\u00fd zabezpe\u010dilo ministerstvo obrany na potreby \u0161t\u00fadia a n\u00e1vrhu pou\u017eitia.<\/p>\n<p>S\u00fa\u010das\u0165ou \u0161t\u00fadie je:<\/p>\n<blockquote>\n<ul>\n<li>spracovanie anal\u00fdzy \u0161pecializovan\u00e9ho SW OMEGAPS, ktor\u00fd je ur\u010den\u00fd pre integrovan\u00fa logistick\u00fa podporu, na optimaliz\u00e1ciu n\u00e1kladov na pou\u017e\u00edvanie podporu a vyra\u010fovanie syst\u00e9mov v\u00fdzbroje,<\/li>\n<li>vytvorenie modelov\u00e9ho \u0161tatistick\u00e9ho s\u00faboru d\u00e1t s vyu\u017eit\u00edm produktov, ktor\u00fdch v\u00fdrobcom je VT\u00da a.s. a s\u00fa zaveden\u00e9 v OS SR, prioritne dia\u013ekov\u00fd detektor DD CWA, resp. in\u00fd ekvivalentn\u00fd produkt z h\u013eadiska zlo\u017eitosti a\u00a0dostupnosti relevantn\u00fdch \u00fadajov,<\/li>\n<li>overenie SW OMEGA PS s vyu\u017eit\u00edm modelov\u00e9ho \u0161tatistick\u00e9ho s\u00faboru d\u00e1t na optimaliz\u00e1ciu logistickej podpory po\u010das prev\u00e1dzky zavedenej techniky,<\/li>\n<li>informa\u010dn\u00fd preh\u013ead o v\u00fdzname a v\u00fdsledkoch vyu\u017e\u00edvania analytick\u00fdch n\u00e1strojov v arm\u00e1dach NATO a E\u00da s vyu\u017eit\u00edm sk\u00fasenost\u00ed a poznatkov zo spolupr\u00e1ce so skupinou AC\/327 SG\/B WG\/3.<\/li>\n<\/ul>\n<\/blockquote>\n<p>Hlavn\u00fdm zameran\u00edm \u0161t\u00fadie je definovanie s\u00faboru d\u00e1t, ktor\u00fd je potrebn\u00fd na vypracovanie anal\u00fdz n\u00e1kladov syst\u00e9mu po\u010das jeho \u017eivotnosti ako aj ur\u010denie ich zdrojov. Jedn\u00fdm z\u00a0v\u00fdstupov \u0161t\u00fadie je odpr\u00fa\u010danie pre proces je zberu d\u00e1t o n\u00e1kladoch na \u017eivotn\u00fd cyklus syst\u00e9mov, tak aby tieto d\u00e1ta boli vhodn\u00e9 pre pou\u017eitie vr\u00e1mci rozhodovacieho procesu o n\u00e1kupoch novej techniky a to hlavne s oh\u013eadom na riadenie \u010fal\u0161\u00edch priamych a nepriamych n\u00e1kladov, ktor\u00e9 vznikaj\u00fa po\u010das prev\u00e1dzky a \u00fadr\u017eby syst\u00e9mov.[\/et_pb_text][\/et_pb_column][\/et_pb_row][\/et_pb_section]<\/p>","protected":false},"excerpt":{"rendered":"<p>Prv\u00e1 \u010das\u0165 vedeckej \u0161t\u00fadie \u201eAplik\u00e1cia analytick\u00fdch n\u00e1strojov na optimaliz\u00e1ciu n\u00e1kladov na pou\u017e\u00edvanie, podporu a vyra\u010fovanie syst\u00e9mov v\u00fdzbroje v ozbrojen\u00fdch sil\u00e1ch\u201c sa zaober\u00e1 hlavne popisom teoretick\u00fdch z\u00e1kladov pre integrovan\u00fa ligistick\u00fa podporu a anal\u00fdzu ligistickej podpory. Tieto dve discipl\u00edny s\u00fa zameran\u00e9 na zni\u017eovanie n\u00e1kladov na prev\u00e1dzku syst\u00e9mov, racionaliz\u00e1ciu ich \u00fadr\u017eby a opr\u00e1v. Obe oblasti s\u00fa ve\u013emi n\u00e1ro\u010dn\u00e9 [&hellip;]<\/p>","protected":false},"author":1,"featured_media":0,"parent":0,"menu_order":0,"comment_status":"closed","ping_status":"closed","template":"","meta":{"_et_pb_use_builder":"on","_et_pb_old_content":"","_et_gb_content_width":"","inline_featured_image":false,"_monsterinsights_skip_tracking":false,"_monsterinsights_sitenote_active":false,"_monsterinsights_sitenote_note":"","_monsterinsights_sitenote_category":0,"footnotes":""},"class_list":["post-415","page","type-page","status-publish","hentry"],"yoast_head":"<!-- This site is optimized with the Yoast SEO plugin v26.1.1 - https:\/\/yoast.com\/wordpress\/plugins\/seo\/ -->\n<title>Aplik\u00e1cia analytick\u00fdch n\u00e1strojov na optimaliz\u00e1ciu n\u00e1kladov na pou\u017e\u00edvanie, podporu a vyra\u010fovanie syst\u00e9mu v\u00fdzbroje v ozbrojen\u00fdch sil\u00e1ch - DSSI<\/title>\n<meta name=\"robots\" content=\"index, follow, max-snippet:-1, max-image-preview:large, max-video-preview:-1\" \/>\n<link rel=\"canonical\" href=\"https:\/\/dssi.sk\/en\/aplikacia-analytickych-nastrojov-na-optimalizaciu-nakladov-na-pouzivanie-podporu-a-vyradovanie-systemu-vyzbroje-v-ozbrojenych-silach\/\" \/>\n<meta property=\"og:locale\" content=\"en_US\" \/>\n<meta property=\"og:type\" content=\"article\" \/>\n<meta property=\"og:title\" content=\"Aplik\u00e1cia analytick\u00fdch n\u00e1strojov na optimaliz\u00e1ciu n\u00e1kladov na pou\u017e\u00edvanie, podporu a vyra\u010fovanie syst\u00e9mu v\u00fdzbroje v ozbrojen\u00fdch sil\u00e1ch - DSSI\" \/>\n<meta property=\"og:description\" content=\"Prv\u00e1 \u010das\u0165 vedeckej \u0161t\u00fadie \u201eAplik\u00e1cia analytick\u00fdch n\u00e1strojov na optimaliz\u00e1ciu n\u00e1kladov na pou\u017e\u00edvanie, podporu a vyra\u010fovanie syst\u00e9mov v\u00fdzbroje v ozbrojen\u00fdch sil\u00e1ch\u201c sa zaober\u00e1 hlavne popisom teoretick\u00fdch z\u00e1kladov pre integrovan\u00fa ligistick\u00fa podporu a anal\u00fdzu ligistickej podpory. Tieto dve discipl\u00edny s\u00fa zameran\u00e9 na zni\u017eovanie n\u00e1kladov na prev\u00e1dzku syst\u00e9mov, racionaliz\u00e1ciu ich \u00fadr\u017eby a opr\u00e1v. Obe oblasti s\u00fa ve\u013emi n\u00e1ro\u010dn\u00e9 [&hellip;]\" \/>\n<meta property=\"og:url\" content=\"https:\/\/dssi.sk\/en\/aplikacia-analytickych-nastrojov-na-optimalizaciu-nakladov-na-pouzivanie-podporu-a-vyradovanie-systemu-vyzbroje-v-ozbrojenych-silach\/\" \/>\n<meta property=\"og:site_name\" content=\"DSSI\" \/>\n<meta name=\"twitter:card\" content=\"summary_large_image\" \/>\n<meta name=\"twitter:label1\" content=\"Est. reading time\" \/>\n\t<meta name=\"twitter:data1\" content=\"3 minutes\" \/>\n<script type=\"application\/ld+json\" class=\"yoast-schema-graph\">{\"@context\":\"https:\/\/schema.org\",\"@graph\":[{\"@type\":\"WebPage\",\"@id\":\"https:\/\/dssi.sk\/en\/aplikacia-analytickych-nastrojov-na-optimalizaciu-nakladov-na-pouzivanie-podporu-a-vyradovanie-systemu-vyzbroje-v-ozbrojenych-silach\/\",\"url\":\"https:\/\/dssi.sk\/en\/aplikacia-analytickych-nastrojov-na-optimalizaciu-nakladov-na-pouzivanie-podporu-a-vyradovanie-systemu-vyzbroje-v-ozbrojenych-silach\/\",\"name\":\"Aplik\u00e1cia analytick\u00fdch n\u00e1strojov na optimaliz\u00e1ciu n\u00e1kladov na pou\u017e\u00edvanie, podporu a vyra\u010fovanie syst\u00e9mu v\u00fdzbroje v ozbrojen\u00fdch sil\u00e1ch - DSSI\",\"isPartOf\":{\"@id\":\"https:\/\/dssi.sk\/#website\"},\"datePublished\":\"2019-09-16T14:58:36+00:00\",\"breadcrumb\":{\"@id\":\"https:\/\/dssi.sk\/en\/aplikacia-analytickych-nastrojov-na-optimalizaciu-nakladov-na-pouzivanie-podporu-a-vyradovanie-systemu-vyzbroje-v-ozbrojenych-silach\/#breadcrumb\"},\"inLanguage\":\"en-US\",\"potentialAction\":[{\"@type\":\"ReadAction\",\"target\":[\"https:\/\/dssi.sk\/en\/aplikacia-analytickych-nastrojov-na-optimalizaciu-nakladov-na-pouzivanie-podporu-a-vyradovanie-systemu-vyzbroje-v-ozbrojenych-silach\/\"]}]},{\"@type\":\"BreadcrumbList\",\"@id\":\"https:\/\/dssi.sk\/en\/aplikacia-analytickych-nastrojov-na-optimalizaciu-nakladov-na-pouzivanie-podporu-a-vyradovanie-systemu-vyzbroje-v-ozbrojenych-silach\/#breadcrumb\",\"itemListElement\":[{\"@type\":\"ListItem\",\"position\":1,\"name\":\"Home\",\"item\":\"https:\/\/dssi.sk\/\"},{\"@type\":\"ListItem\",\"position\":2,\"name\":\"Aplik\u00e1cia analytick\u00fdch n\u00e1strojov na optimaliz\u00e1ciu n\u00e1kladov na pou\u017e\u00edvanie, podporu a vyra\u010fovanie syst\u00e9mu v\u00fdzbroje v ozbrojen\u00fdch sil\u00e1ch\"}]},{\"@type\":\"WebSite\",\"@id\":\"https:\/\/dssi.sk\/#website\",\"url\":\"https:\/\/dssi.sk\/\",\"name\":\"DSSI\",\"description\":\"Development | Services | Security | Innovations\",\"publisher\":{\"@id\":\"https:\/\/dssi.sk\/#organization\"},\"potentialAction\":[{\"@type\":\"SearchAction\",\"target\":{\"@type\":\"EntryPoint\",\"urlTemplate\":\"https:\/\/dssi.sk\/?s={search_term_string}\"},\"query-input\":{\"@type\":\"PropertyValueSpecification\",\"valueRequired\":true,\"valueName\":\"search_term_string\"}}],\"inLanguage\":\"en-US\"},{\"@type\":\"Organization\",\"@id\":\"https:\/\/dssi.sk\/#organization\",\"name\":\"DSSI a.s.\",\"url\":\"https:\/\/dssi.sk\/\",\"logo\":{\"@type\":\"ImageObject\",\"inLanguage\":\"en-US\",\"@id\":\"https:\/\/dssi.sk\/#\/schema\/logo\/image\/\",\"url\":\"https:\/\/dssi.sk\/wp-content\/uploads\/2019\/09\/logo-dssi-horizontal1.jpg\",\"contentUrl\":\"https:\/\/dssi.sk\/wp-content\/uploads\/2019\/09\/logo-dssi-horizontal1.jpg\",\"width\":520,\"height\":520,\"caption\":\"DSSI a.s.\"},\"image\":{\"@id\":\"https:\/\/dssi.sk\/#\/schema\/logo\/image\/\"}}]}<\/script>\n<!-- \/ Yoast SEO plugin. -->","yoast_head_json":{"title":"Aplik\u00e1cia analytick\u00fdch n\u00e1strojov na optimaliz\u00e1ciu n\u00e1kladov na pou\u017e\u00edvanie, podporu a vyra\u010fovanie syst\u00e9mu v\u00fdzbroje v ozbrojen\u00fdch sil\u00e1ch - DSSI","robots":{"index":"index","follow":"follow","max-snippet":"max-snippet:-1","max-image-preview":"max-image-preview:large","max-video-preview":"max-video-preview:-1"},"canonical":"https:\/\/dssi.sk\/en\/aplikacia-analytickych-nastrojov-na-optimalizaciu-nakladov-na-pouzivanie-podporu-a-vyradovanie-systemu-vyzbroje-v-ozbrojenych-silach\/","og_locale":"en_US","og_type":"article","og_title":"Aplik\u00e1cia analytick\u00fdch n\u00e1strojov na optimaliz\u00e1ciu n\u00e1kladov na pou\u017e\u00edvanie, podporu a vyra\u010fovanie syst\u00e9mu v\u00fdzbroje v ozbrojen\u00fdch sil\u00e1ch - DSSI","og_description":"Prv\u00e1 \u010das\u0165 vedeckej \u0161t\u00fadie \u201eAplik\u00e1cia analytick\u00fdch n\u00e1strojov na optimaliz\u00e1ciu n\u00e1kladov na pou\u017e\u00edvanie, podporu a vyra\u010fovanie syst\u00e9mov v\u00fdzbroje v ozbrojen\u00fdch sil\u00e1ch\u201c sa zaober\u00e1 hlavne popisom teoretick\u00fdch z\u00e1kladov pre integrovan\u00fa ligistick\u00fa podporu a anal\u00fdzu ligistickej podpory. Tieto dve discipl\u00edny s\u00fa zameran\u00e9 na zni\u017eovanie n\u00e1kladov na prev\u00e1dzku syst\u00e9mov, racionaliz\u00e1ciu ich \u00fadr\u017eby a opr\u00e1v. Obe oblasti s\u00fa ve\u013emi n\u00e1ro\u010dn\u00e9 [&hellip;]","og_url":"https:\/\/dssi.sk\/en\/aplikacia-analytickych-nastrojov-na-optimalizaciu-nakladov-na-pouzivanie-podporu-a-vyradovanie-systemu-vyzbroje-v-ozbrojenych-silach\/","og_site_name":"DSSI","twitter_card":"summary_large_image","twitter_misc":{"Est. reading time":"3 minutes"},"schema":{"@context":"https:\/\/schema.org","@graph":[{"@type":"WebPage","@id":"https:\/\/dssi.sk\/en\/aplikacia-analytickych-nastrojov-na-optimalizaciu-nakladov-na-pouzivanie-podporu-a-vyradovanie-systemu-vyzbroje-v-ozbrojenych-silach\/","url":"https:\/\/dssi.sk\/en\/aplikacia-analytickych-nastrojov-na-optimalizaciu-nakladov-na-pouzivanie-podporu-a-vyradovanie-systemu-vyzbroje-v-ozbrojenych-silach\/","name":"Aplik\u00e1cia analytick\u00fdch n\u00e1strojov na optimaliz\u00e1ciu n\u00e1kladov na pou\u017e\u00edvanie, podporu a vyra\u010fovanie syst\u00e9mu v\u00fdzbroje v ozbrojen\u00fdch sil\u00e1ch - DSSI","isPartOf":{"@id":"https:\/\/dssi.sk\/#website"},"datePublished":"2019-09-16T14:58:36+00:00","breadcrumb":{"@id":"https:\/\/dssi.sk\/en\/aplikacia-analytickych-nastrojov-na-optimalizaciu-nakladov-na-pouzivanie-podporu-a-vyradovanie-systemu-vyzbroje-v-ozbrojenych-silach\/#breadcrumb"},"inLanguage":"en-US","potentialAction":[{"@type":"ReadAction","target":["https:\/\/dssi.sk\/en\/aplikacia-analytickych-nastrojov-na-optimalizaciu-nakladov-na-pouzivanie-podporu-a-vyradovanie-systemu-vyzbroje-v-ozbrojenych-silach\/"]}]},{"@type":"BreadcrumbList","@id":"https:\/\/dssi.sk\/en\/aplikacia-analytickych-nastrojov-na-optimalizaciu-nakladov-na-pouzivanie-podporu-a-vyradovanie-systemu-vyzbroje-v-ozbrojenych-silach\/#breadcrumb","itemListElement":[{"@type":"ListItem","position":1,"name":"Home","item":"https:\/\/dssi.sk\/"},{"@type":"ListItem","position":2,"name":"Aplik\u00e1cia analytick\u00fdch n\u00e1strojov na optimaliz\u00e1ciu n\u00e1kladov na pou\u017e\u00edvanie, podporu a vyra\u010fovanie syst\u00e9mu v\u00fdzbroje v ozbrojen\u00fdch sil\u00e1ch"}]},{"@type":"WebSite","@id":"https:\/\/dssi.sk\/#website","url":"https:\/\/dssi.sk\/","name":"DSSI","description":"Development | Services | Security | Innovations","publisher":{"@id":"https:\/\/dssi.sk\/#organization"},"potentialAction":[{"@type":"SearchAction","target":{"@type":"EntryPoint","urlTemplate":"https:\/\/dssi.sk\/?s={search_term_string}"},"query-input":{"@type":"PropertyValueSpecification","valueRequired":true,"valueName":"search_term_string"}}],"inLanguage":"en-US"},{"@type":"Organization","@id":"https:\/\/dssi.sk\/#organization","name":"DSSI a.s.","url":"https:\/\/dssi.sk\/","logo":{"@type":"ImageObject","inLanguage":"en-US","@id":"https:\/\/dssi.sk\/#\/schema\/logo\/image\/","url":"https:\/\/dssi.sk\/wp-content\/uploads\/2019\/09\/logo-dssi-horizontal1.jpg","contentUrl":"https:\/\/dssi.sk\/wp-content\/uploads\/2019\/09\/logo-dssi-horizontal1.jpg","width":520,"height":520,"caption":"DSSI a.s."},"image":{"@id":"https:\/\/dssi.sk\/#\/schema\/logo\/image\/"}}]}},"_links":{"self":[{"href":"https:\/\/dssi.sk\/en\/wp-json\/wp\/v2\/pages\/415","targetHints":{"allow":["GET"]}}],"collection":[{"href":"https:\/\/dssi.sk\/en\/wp-json\/wp\/v2\/pages"}],"about":[{"href":"https:\/\/dssi.sk\/en\/wp-json\/wp\/v2\/types\/page"}],"author":[{"embeddable":true,"href":"https:\/\/dssi.sk\/en\/wp-json\/wp\/v2\/users\/1"}],"replies":[{"embeddable":true,"href":"https:\/\/dssi.sk\/en\/wp-json\/wp\/v2\/comments?post=415"}],"version-history":[{"count":2,"href":"https:\/\/dssi.sk\/en\/wp-json\/wp\/v2\/pages\/415\/revisions"}],"predecessor-version":[{"id":430,"href":"https:\/\/dssi.sk\/en\/wp-json\/wp\/v2\/pages\/415\/revisions\/430"}],"wp:attachment":[{"href":"https:\/\/dssi.sk\/en\/wp-json\/wp\/v2\/media?parent=415"}],"curies":[{"name":"wp","href":"https:\/\/api.w.org\/{rel}","templated":true}]}}