{"id":416,"date":"2019-09-16T17:16:46","date_gmt":"2019-09-16T15:16:46","guid":{"rendered":"http:\/\/dssi.h2studio.net\/?page_id=416"},"modified":"2019-09-16T17:16:46","modified_gmt":"2019-09-16T15:16:46","slug":"orientacia-vojenskej-vedy-obranneho-vyskumu-a-technologii-v-sr","status":"publish","type":"page","link":"https:\/\/dssi.sk\/en\/orientacia-vojenskej-vedy-obranneho-vyskumu-a-technologii-v-sr\/","title":{"rendered":"Orient\u00e1cia vojenskej vedy, obrann\u00e9ho v\u00fdskumu a technol\u00f3gi\u00ed v SR"},"content":{"rendered":"<p>[et_pb_section fb_built=&#8220;1&#8243; admin_label=&#8220;section&#8220; _builder_version=&#8220;3.25.4&#8243; custom_padding=&#8220;0px||&#8220;][et_pb_row custom_margin=&#8220;||&#8220; admin_label=&#8220;row&#8220; _builder_version=&#8220;3.25.4&#8243; background_size=&#8220;initial&#8220; background_position=&#8220;top_left&#8220; background_repeat=&#8220;repeat&#8220;][et_pb_column type=&#8220;4_4&#8243; _builder_version=&#8220;3.25&#8243; custom_padding=&#8220;|||&#8220; custom_padding__hover=&#8220;|||&#8220;][et_pb_text _builder_version=&#8220;3.25.4&#8243; _dynamic_attributes=&#8220;content&#8220; text_font=&#8220;|||on|||||&#8220; text_text_align=&#8220;center&#8220; text_font_size=&#8220;30px&#8220; link_font=&#8220;||||||||&#8220; ul_font=&#8220;||||||||&#8220; ol_font=&#8220;||||||||&#8220; quote_font=&#8220;||||||||&#8220; header_font=&#8220;||||||||&#8220; header_2_font=&#8220;||||||||&#8220; background_color=&#8220;rgba(0,0,0,0)&#8220; width=&#8220;100%&#8220; max_width=&#8220;100%&#8220;]@ET-DC@eyJkeW5hbWljIjp0cnVlLCJjb250ZW50IjoicG9zdF90aXRsZSIsInNldHRpbmdzIjp7ImJlZm9yZSI6IiIsImFmdGVyIjoiIn19@[\/et_pb_text][et_pb_text admin_label=&#8220;Text&#8220; _builder_version=&#8220;3.25.4&#8243; background_size=&#8220;initial&#8220; background_position=&#8220;top_left&#8220; background_repeat=&#8220;repeat&#8220;]<\/p>\n<p>V\u00a0\u0161t\u00fadii sa najsk\u00f4r analyzuj\u00fa prebiehaj\u00face trendy, ktor\u00e9 ukazuj\u00fa v\u0161eobecn\u00fd charakter a\u00a0\u0161\u00edrku spektra smerovania aktiv\u00edt rozvoja vedy, v\u00fdskumu a\u00a0technol\u00f3gi\u00ed. Potom sa analyzuje s\u00fa\u010dasn\u00fd stav v\u00fdskumu a\u00a0technol\u00f3gi\u00ed kraj\u00edn NATO a\u00a0E\u00da a\u00a0Slovenskej republiky. Pozornos\u0165 sa venuje problematike pozemn\u00fdch s\u00edl v\u00a0prvej \u010dasti a\u00a0problematike vzdu\u0161n\u00fdch s\u00edl v\u00a0druhej \u010dasti\u00a0 \u0161t\u00fadie.<\/p>\n<p>V\u00a0jednotliv\u00fdch \u010dastiach \u00a0sa \u0161t\u00fadia venuje problematike orient\u00e1cie vojenskej vedy, obrann\u00e9ho v\u00fdskumu a\u00a0technol\u00f3gi\u00ed smeruj\u00facej k z\u00edskaniu sp\u00f4sobilost\u00ed ozbrojen\u00fdch s\u00edl \u00a0pre 21. storo\u010die. V\u00a0s\u00falade s\u00a0rozvojov\u00fdm pl\u00e1nom \u201eModel 2015\u201c sa definuj\u00fa ciele, priority a\u00a0potreby ozbrojen\u00fdch s\u00edl SR v\u00a0prvej etape do konca r. 2015 . \u010ealej sa analyzuj\u00fa smery orient\u00e1cie rozvoja vojensk\u00fdch a\u00a0technick\u00fdch vied, ako aj obrann\u00e9ho v\u00fdskumu a\u00a0technol\u00f3gi\u00ed v\u00a0druhej etape s\u00a0v\u00fdh\u013eadom do roku 2025.<\/p>\n<p>[\/et_pb_text][\/et_pb_column][\/et_pb_row][\/et_pb_section]<\/p>","protected":false},"excerpt":{"rendered":"<p>V\u00a0\u0161t\u00fadii sa najsk\u00f4r analyzuj\u00fa prebiehaj\u00face trendy, ktor\u00e9 ukazuj\u00fa v\u0161eobecn\u00fd charakter a\u00a0\u0161\u00edrku spektra smerovania aktiv\u00edt rozvoja vedy, v\u00fdskumu a\u00a0technol\u00f3gi\u00ed. Potom sa analyzuje s\u00fa\u010dasn\u00fd stav v\u00fdskumu a\u00a0technol\u00f3gi\u00ed kraj\u00edn NATO a\u00a0E\u00da a\u00a0Slovenskej republiky. Pozornos\u0165 sa venuje problematike pozemn\u00fdch s\u00edl v\u00a0prvej \u010dasti a\u00a0problematike vzdu\u0161n\u00fdch s\u00edl v\u00a0druhej \u010dasti\u00a0 \u0161t\u00fadie. V\u00a0jednotliv\u00fdch \u010dastiach \u00a0sa \u0161t\u00fadia venuje problematike orient\u00e1cie vojenskej vedy, obrann\u00e9ho v\u00fdskumu [&hellip;]<\/p>","protected":false},"author":1,"featured_media":0,"parent":0,"menu_order":0,"comment_status":"closed","ping_status":"closed","template":"","meta":{"_et_pb_use_builder":"on","_et_pb_old_content":"","_et_gb_content_width":"","inline_featured_image":false,"_monsterinsights_skip_tracking":false,"_monsterinsights_sitenote_active":false,"_monsterinsights_sitenote_note":"","_monsterinsights_sitenote_category":0,"footnotes":""},"class_list":["post-416","page","type-page","status-publish","hentry"],"yoast_head":"<!-- This site is optimized with the Yoast SEO plugin v26.1.1 - https:\/\/yoast.com\/wordpress\/plugins\/seo\/ -->\n<title>Orient\u00e1cia vojenskej vedy, obrann\u00e9ho v\u00fdskumu a technol\u00f3gi\u00ed v SR - DSSI<\/title>\n<meta name=\"robots\" content=\"index, follow, max-snippet:-1, max-image-preview:large, max-video-preview:-1\" \/>\n<link rel=\"canonical\" href=\"https:\/\/dssi.sk\/en\/orientacia-vojenskej-vedy-obranneho-vyskumu-a-technologii-v-sr\/\" \/>\n<meta property=\"og:locale\" content=\"en_US\" \/>\n<meta property=\"og:type\" content=\"article\" \/>\n<meta property=\"og:title\" content=\"Orient\u00e1cia vojenskej vedy, obrann\u00e9ho v\u00fdskumu a technol\u00f3gi\u00ed v SR - DSSI\" \/>\n<meta property=\"og:description\" content=\"V\u00a0\u0161t\u00fadii sa najsk\u00f4r analyzuj\u00fa prebiehaj\u00face trendy, ktor\u00e9 ukazuj\u00fa v\u0161eobecn\u00fd charakter a\u00a0\u0161\u00edrku spektra smerovania aktiv\u00edt rozvoja vedy, v\u00fdskumu a\u00a0technol\u00f3gi\u00ed. Potom sa analyzuje s\u00fa\u010dasn\u00fd stav v\u00fdskumu a\u00a0technol\u00f3gi\u00ed kraj\u00edn NATO a\u00a0E\u00da a\u00a0Slovenskej republiky. Pozornos\u0165 sa venuje problematike pozemn\u00fdch s\u00edl v\u00a0prvej \u010dasti a\u00a0problematike vzdu\u0161n\u00fdch s\u00edl v\u00a0druhej \u010dasti\u00a0 \u0161t\u00fadie. V\u00a0jednotliv\u00fdch \u010dastiach \u00a0sa \u0161t\u00fadia venuje problematike orient\u00e1cie vojenskej vedy, obrann\u00e9ho v\u00fdskumu [&hellip;]\" \/>\n<meta property=\"og:url\" content=\"https:\/\/dssi.sk\/en\/orientacia-vojenskej-vedy-obranneho-vyskumu-a-technologii-v-sr\/\" \/>\n<meta property=\"og:site_name\" content=\"DSSI\" \/>\n<meta name=\"twitter:card\" content=\"summary_large_image\" \/>\n<meta name=\"twitter:label1\" content=\"Est. reading time\" \/>\n\t<meta name=\"twitter:data1\" content=\"1 minute\" \/>\n<script type=\"application\/ld+json\" class=\"yoast-schema-graph\">{\"@context\":\"https:\/\/schema.org\",\"@graph\":[{\"@type\":\"WebPage\",\"@id\":\"https:\/\/dssi.sk\/en\/orientacia-vojenskej-vedy-obranneho-vyskumu-a-technologii-v-sr\/\",\"url\":\"https:\/\/dssi.sk\/en\/orientacia-vojenskej-vedy-obranneho-vyskumu-a-technologii-v-sr\/\",\"name\":\"Orient\u00e1cia vojenskej vedy, obrann\u00e9ho v\u00fdskumu a technol\u00f3gi\u00ed v SR - DSSI\",\"isPartOf\":{\"@id\":\"https:\/\/dssi.sk\/#website\"},\"datePublished\":\"2019-09-16T15:16:46+00:00\",\"breadcrumb\":{\"@id\":\"https:\/\/dssi.sk\/en\/orientacia-vojenskej-vedy-obranneho-vyskumu-a-technologii-v-sr\/#breadcrumb\"},\"inLanguage\":\"en-US\",\"potentialAction\":[{\"@type\":\"ReadAction\",\"target\":[\"https:\/\/dssi.sk\/en\/orientacia-vojenskej-vedy-obranneho-vyskumu-a-technologii-v-sr\/\"]}]},{\"@type\":\"BreadcrumbList\",\"@id\":\"https:\/\/dssi.sk\/en\/orientacia-vojenskej-vedy-obranneho-vyskumu-a-technologii-v-sr\/#breadcrumb\",\"itemListElement\":[{\"@type\":\"ListItem\",\"position\":1,\"name\":\"Home\",\"item\":\"https:\/\/dssi.sk\/\"},{\"@type\":\"ListItem\",\"position\":2,\"name\":\"Orient\u00e1cia vojenskej vedy, obrann\u00e9ho v\u00fdskumu a technol\u00f3gi\u00ed v SR\"}]},{\"@type\":\"WebSite\",\"@id\":\"https:\/\/dssi.sk\/#website\",\"url\":\"https:\/\/dssi.sk\/\",\"name\":\"DSSI\",\"description\":\"Development | Services | Security | Innovations\",\"publisher\":{\"@id\":\"https:\/\/dssi.sk\/#organization\"},\"potentialAction\":[{\"@type\":\"SearchAction\",\"target\":{\"@type\":\"EntryPoint\",\"urlTemplate\":\"https:\/\/dssi.sk\/?s={search_term_string}\"},\"query-input\":{\"@type\":\"PropertyValueSpecification\",\"valueRequired\":true,\"valueName\":\"search_term_string\"}}],\"inLanguage\":\"en-US\"},{\"@type\":\"Organization\",\"@id\":\"https:\/\/dssi.sk\/#organization\",\"name\":\"DSSI a.s.\",\"url\":\"https:\/\/dssi.sk\/\",\"logo\":{\"@type\":\"ImageObject\",\"inLanguage\":\"en-US\",\"@id\":\"https:\/\/dssi.sk\/#\/schema\/logo\/image\/\",\"url\":\"https:\/\/dssi.sk\/wp-content\/uploads\/2019\/09\/logo-dssi-horizontal1.jpg\",\"contentUrl\":\"https:\/\/dssi.sk\/wp-content\/uploads\/2019\/09\/logo-dssi-horizontal1.jpg\",\"width\":520,\"height\":520,\"caption\":\"DSSI a.s.\"},\"image\":{\"@id\":\"https:\/\/dssi.sk\/#\/schema\/logo\/image\/\"}}]}<\/script>\n<!-- \/ Yoast SEO plugin. -->","yoast_head_json":{"title":"Orient\u00e1cia vojenskej vedy, obrann\u00e9ho v\u00fdskumu a technol\u00f3gi\u00ed v SR - DSSI","robots":{"index":"index","follow":"follow","max-snippet":"max-snippet:-1","max-image-preview":"max-image-preview:large","max-video-preview":"max-video-preview:-1"},"canonical":"https:\/\/dssi.sk\/en\/orientacia-vojenskej-vedy-obranneho-vyskumu-a-technologii-v-sr\/","og_locale":"en_US","og_type":"article","og_title":"Orient\u00e1cia vojenskej vedy, obrann\u00e9ho v\u00fdskumu a technol\u00f3gi\u00ed v SR - DSSI","og_description":"V\u00a0\u0161t\u00fadii sa najsk\u00f4r analyzuj\u00fa prebiehaj\u00face trendy, ktor\u00e9 ukazuj\u00fa v\u0161eobecn\u00fd charakter a\u00a0\u0161\u00edrku spektra smerovania aktiv\u00edt rozvoja vedy, v\u00fdskumu a\u00a0technol\u00f3gi\u00ed. Potom sa analyzuje s\u00fa\u010dasn\u00fd stav v\u00fdskumu a\u00a0technol\u00f3gi\u00ed kraj\u00edn NATO a\u00a0E\u00da a\u00a0Slovenskej republiky. Pozornos\u0165 sa venuje problematike pozemn\u00fdch s\u00edl v\u00a0prvej \u010dasti a\u00a0problematike vzdu\u0161n\u00fdch s\u00edl v\u00a0druhej \u010dasti\u00a0 \u0161t\u00fadie. V\u00a0jednotliv\u00fdch \u010dastiach \u00a0sa \u0161t\u00fadia venuje problematike orient\u00e1cie vojenskej vedy, obrann\u00e9ho v\u00fdskumu [&hellip;]","og_url":"https:\/\/dssi.sk\/en\/orientacia-vojenskej-vedy-obranneho-vyskumu-a-technologii-v-sr\/","og_site_name":"DSSI","twitter_card":"summary_large_image","twitter_misc":{"Est. reading time":"1 minute"},"schema":{"@context":"https:\/\/schema.org","@graph":[{"@type":"WebPage","@id":"https:\/\/dssi.sk\/en\/orientacia-vojenskej-vedy-obranneho-vyskumu-a-technologii-v-sr\/","url":"https:\/\/dssi.sk\/en\/orientacia-vojenskej-vedy-obranneho-vyskumu-a-technologii-v-sr\/","name":"Orient\u00e1cia vojenskej vedy, obrann\u00e9ho v\u00fdskumu a technol\u00f3gi\u00ed v SR - DSSI","isPartOf":{"@id":"https:\/\/dssi.sk\/#website"},"datePublished":"2019-09-16T15:16:46+00:00","breadcrumb":{"@id":"https:\/\/dssi.sk\/en\/orientacia-vojenskej-vedy-obranneho-vyskumu-a-technologii-v-sr\/#breadcrumb"},"inLanguage":"en-US","potentialAction":[{"@type":"ReadAction","target":["https:\/\/dssi.sk\/en\/orientacia-vojenskej-vedy-obranneho-vyskumu-a-technologii-v-sr\/"]}]},{"@type":"BreadcrumbList","@id":"https:\/\/dssi.sk\/en\/orientacia-vojenskej-vedy-obranneho-vyskumu-a-technologii-v-sr\/#breadcrumb","itemListElement":[{"@type":"ListItem","position":1,"name":"Home","item":"https:\/\/dssi.sk\/"},{"@type":"ListItem","position":2,"name":"Orient\u00e1cia vojenskej vedy, obrann\u00e9ho v\u00fdskumu a technol\u00f3gi\u00ed v SR"}]},{"@type":"WebSite","@id":"https:\/\/dssi.sk\/#website","url":"https:\/\/dssi.sk\/","name":"DSSI","description":"Development | Services | Security | Innovations","publisher":{"@id":"https:\/\/dssi.sk\/#organization"},"potentialAction":[{"@type":"SearchAction","target":{"@type":"EntryPoint","urlTemplate":"https:\/\/dssi.sk\/?s={search_term_string}"},"query-input":{"@type":"PropertyValueSpecification","valueRequired":true,"valueName":"search_term_string"}}],"inLanguage":"en-US"},{"@type":"Organization","@id":"https:\/\/dssi.sk\/#organization","name":"DSSI a.s.","url":"https:\/\/dssi.sk\/","logo":{"@type":"ImageObject","inLanguage":"en-US","@id":"https:\/\/dssi.sk\/#\/schema\/logo\/image\/","url":"https:\/\/dssi.sk\/wp-content\/uploads\/2019\/09\/logo-dssi-horizontal1.jpg","contentUrl":"https:\/\/dssi.sk\/wp-content\/uploads\/2019\/09\/logo-dssi-horizontal1.jpg","width":520,"height":520,"caption":"DSSI a.s."},"image":{"@id":"https:\/\/dssi.sk\/#\/schema\/logo\/image\/"}}]}},"_links":{"self":[{"href":"https:\/\/dssi.sk\/en\/wp-json\/wp\/v2\/pages\/416","targetHints":{"allow":["GET"]}}],"collection":[{"href":"https:\/\/dssi.sk\/en\/wp-json\/wp\/v2\/pages"}],"about":[{"href":"https:\/\/dssi.sk\/en\/wp-json\/wp\/v2\/types\/page"}],"author":[{"embeddable":true,"href":"https:\/\/dssi.sk\/en\/wp-json\/wp\/v2\/users\/1"}],"replies":[{"embeddable":true,"href":"https:\/\/dssi.sk\/en\/wp-json\/wp\/v2\/comments?post=416"}],"version-history":[{"count":2,"href":"https:\/\/dssi.sk\/en\/wp-json\/wp\/v2\/pages\/416\/revisions"}],"predecessor-version":[{"id":468,"href":"https:\/\/dssi.sk\/en\/wp-json\/wp\/v2\/pages\/416\/revisions\/468"}],"wp:attachment":[{"href":"https:\/\/dssi.sk\/en\/wp-json\/wp\/v2\/media?parent=416"}],"curies":[{"name":"wp","href":"https:\/\/api.w.org\/{rel}","templated":true}]}}