{"id":438,"date":"2019-09-16T17:15:03","date_gmt":"2019-09-16T15:15:03","guid":{"rendered":"http:\/\/dssi.h2studio.net\/?page_id=438"},"modified":"2019-09-16T17:15:03","modified_gmt":"2019-09-16T15:15:03","slug":"modernizacia-mechanizmov-a-komponentov-taktickej-mobility-bvp-2","status":"publish","type":"page","link":"https:\/\/dssi.sk\/en\/modernizacia-mechanizmov-a-komponentov-taktickej-mobility-bvp-2\/","title":{"rendered":"Moderniz\u00e1cia mechanizmov a komponentov taktickej mobility BVP-2"},"content":{"rendered":"<p>[et_pb_section fb_built=&#8220;1&#8243; admin_label=&#8220;section&#8220; _builder_version=&#8220;3.25.4&#8243; custom_padding=&#8220;0px||&#8220;][et_pb_row custom_margin=&#8220;||&#8220; admin_label=&#8220;row&#8220; _builder_version=&#8220;3.25.4&#8243; background_size=&#8220;initial&#8220; background_position=&#8220;top_left&#8220; background_repeat=&#8220;repeat&#8220;][et_pb_column type=&#8220;4_4&#8243; _builder_version=&#8220;3.25&#8243; custom_padding=&#8220;|||&#8220; custom_padding__hover=&#8220;|||&#8220;][et_pb_text _builder_version=&#8220;3.25.4&#8243; _dynamic_attributes=&#8220;content&#8220; text_font=&#8220;|||on|||||&#8220; text_text_align=&#8220;center&#8220; text_font_size=&#8220;30px&#8220; link_font=&#8220;||||||||&#8220; ul_font=&#8220;||||||||&#8220; ol_font=&#8220;||||||||&#8220; quote_font=&#8220;||||||||&#8220; header_font=&#8220;||||||||&#8220; header_2_font=&#8220;||||||||&#8220; background_color=&#8220;rgba(0,0,0,0)&#8220; width=&#8220;100%&#8220; max_width=&#8220;100%&#8220;]@ET-DC@eyJkeW5hbWljIjp0cnVlLCJjb250ZW50IjoicG9zdF90aXRsZSIsInNldHRpbmdzIjp7ImJlZm9yZSI6IiIsImFmdGVyIjoiIn19@[\/et_pb_text][et_pb_text admin_label=&#8220;Text&#8220; _builder_version=&#8220;3.25.4&#8243; background_size=&#8220;initial&#8220; background_position=&#8220;top_left&#8220; background_repeat=&#8220;repeat&#8220;]<\/p>\n<p>Cie\u013eom spracovania predmetnej analytickej \u0161tudie je zhodnoti\u0165 vojensko \u2013 technicke aspekty mo\u017enosti vyu\u017eitia bojovej obrnenej techniky na pasovom, alebo kolesovom podvozku pre potreby ozbrojenych sil Slovenskej republiky.<\/p>\n<p>Anal\u00fdza mo\u017enost\u00ed moderniz\u00e1cie a\u00a0inov\u00e1cie pohonnej jednotky, pohybov\u00e9ho mechanizmu a ochrany vozidla BVP-2 pod\u013ea po\u017eiadaviek \u0161tandardov NATO pre potreby Ozbrojen\u00fdch s\u00edl SR do r. 2020.\u00a0 Rozbor s\u00fa\u010dasn\u00e9ho stavu rie\u0161enej problematiky s\u00a0d\u00f4razom na takticko-technick\u00e9 po\u017eiadavky na bojov\u00e9 vozidl\u00e1 pechoty pod\u013ea \u0161tandardov NATO. Na z\u00e1klade v\u00fdsledkov spracovan\u00e9ho rozboru s\u00fa stanoven\u00e9 hlavn\u00e9 po\u017eiadavky na moderniz\u00e1ciu a\u00a0inov\u00e1ciu vozidla BVP-2 pre potreby Ozbrojen\u00fdch s\u00edl SR na rie\u0161enie vojensk\u00fdch a nevojensk\u00fdch konfliktov v\u00a0bud\u00facnosti.<\/p>\n<p>\u0160t\u00fadia obsahuje objekt\u00edvnu anal\u00fdzu po\u017eiadaviek \u0161tandardov NATO bojov\u00fdm vozidlom BVP-2 v\u00a0oblasti taktickej mobility a\u00a0ochrany. S\u00fa stanoven\u00e9 hlavn\u00e9 po\u017eiadavky na komplexn\u00fa moderniz\u00e1ciu pohonnej jednotky , pohybov\u00e9ho mechanizmu\u00a0 a\u00a0ochrany vozidla tak, aby sp\u013a\u0148alo po\u017eiadavky \u0161tandardov\u00a0 NATO. V \u0161t\u00fadii s\u00fa analyzovan\u00e9 mo\u017enosti v\u00fdvoja a\u00a0v\u00fdroby modernizovan\u00e9ho produktu s\u00a0d\u00f4razom na : efekt\u00edvnu pou\u017eite\u013enos\u0165 techniky, balistick\u00fa ochranu pod\u013ea STANAG 4569 \u2013 \u00farove\u0148 3, zv\u00fd\u0161enie taktickej mobility a\u00a0priechodivosti, komplexn\u00fa diagnostiku a\u00a0ergon\u00f3mie prac. prostredia os\u00e1dky.<\/p>\n<p>Moderniz\u00e1ciou agreg\u00e1tov poh\u00e1\u0148acej s\u00fastavy a\u00a0syst\u00e9mov podvozkovej \u010dasti pri zachovan\u00ed \u0165ahov\u00fdch a\u00a0dynamick\u00fdch vlastnost\u00ed, pri zn\u00ed\u017eenej hodnote hluku a\u00a0vibr\u00e1ci\u00ed bude vyvinut\u00e9 genera\u010dne nov\u00e9 vozidlo.<\/p>\n<p>Je potrebn\u00e9 realizova\u0165 komplexn\u00fa moderniz\u00e1ciu, ktor\u00e1 mus\u00ed by\u0165 zameran\u00e1:<\/p>\n<blockquote>\n<ul>\n<li>zlep\u0161enie \u0165ahov\u00fdch a\u00a0dynamick\u00fdch vlastnost\u00ed vozidla,<\/li>\n<li>zlep\u0161enie komfortu pos\u00e1dky \u2013 parametrov plavnosti jazdy vozidla,<\/li>\n<li>zn\u00ed\u017eenie hladiny hluku a\u00a0vibr\u00e1ci\u00ed,<\/li>\n<li>zlep\u0161enie man\u00e9vrovate\u013enosti i\u00a0v\u00a0\u0165a\u017ek\u00fdch ter\u00e9nnych podmienkach,<\/li>\n<li>zv\u00fd\u0161enie balistickej odolnosti a\u00a0ochrany vozidla.<\/li>\n<\/ul>\n<\/blockquote>\n<p>Moderniz\u00e1cia vozidla BVP-2 mus\u00ed v\u00a0maxim\u00e1lnej miere eliminova\u0165 nedostatky s\u00fa\u010dasn\u00e9ho vozidla pri zachovan\u00ed jeho prednost\u00ed. Cie\u013eom je zlep\u0161i\u0165 hlavn\u00e9 parametre vozidla, \u010d\u00edm by bolo vozidlo po \u00faspe\u0161n\u00fdch sk\u00fa\u0161kach porovnate\u013en\u00e9 vo svojej kateg\u00f3rii s\u00a0vozidlami od\u00a0renomovan\u00fdch svetov\u00fdch v\u00fdrobcov.<\/p>\n<p>[\/et_pb_text][\/et_pb_column][\/et_pb_row][\/et_pb_section]<\/p>","protected":false},"excerpt":{"rendered":"<p>Cie\u013eom spracovania predmetnej analytickej \u0161tudie je zhodnoti\u0165 vojensko \u2013 technicke aspekty mo\u017enosti vyu\u017eitia bojovej obrnenej techniky na pasovom, alebo kolesovom podvozku pre potreby ozbrojenych sil Slovenskej republiky. Anal\u00fdza mo\u017enost\u00ed moderniz\u00e1cie a\u00a0inov\u00e1cie pohonnej jednotky, pohybov\u00e9ho mechanizmu a ochrany vozidla BVP-2 pod\u013ea po\u017eiadaviek \u0161tandardov NATO pre potreby Ozbrojen\u00fdch s\u00edl SR do r. 2020.\u00a0 Rozbor s\u00fa\u010dasn\u00e9ho stavu rie\u0161enej [&hellip;]<\/p>","protected":false},"author":1,"featured_media":0,"parent":0,"menu_order":0,"comment_status":"closed","ping_status":"closed","template":"","meta":{"_et_pb_use_builder":"on","_et_pb_old_content":"","_et_gb_content_width":"","inline_featured_image":false,"_monsterinsights_skip_tracking":false,"_monsterinsights_sitenote_active":false,"_monsterinsights_sitenote_note":"","_monsterinsights_sitenote_category":0,"footnotes":""},"class_list":["post-438","page","type-page","status-publish","hentry"],"yoast_head":"<!-- This site is optimized with the Yoast SEO plugin v26.1.1 - https:\/\/yoast.com\/wordpress\/plugins\/seo\/ -->\n<title>Moderniz\u00e1cia mechanizmov a komponentov taktickej mobility BVP-2 - DSSI<\/title>\n<meta name=\"robots\" content=\"index, follow, max-snippet:-1, max-image-preview:large, max-video-preview:-1\" \/>\n<link rel=\"canonical\" href=\"http:\/\/dssi.sk\/en\/modernizacia-mechanizmov-a-komponentov-taktickej-mobility-bvp-2\/\" \/>\n<meta property=\"og:locale\" content=\"en_US\" \/>\n<meta property=\"og:type\" content=\"article\" \/>\n<meta property=\"og:title\" content=\"Moderniz\u00e1cia mechanizmov a komponentov taktickej mobility BVP-2 - DSSI\" \/>\n<meta property=\"og:description\" content=\"Cie\u013eom spracovania predmetnej analytickej \u0161tudie je zhodnoti\u0165 vojensko \u2013 technicke aspekty mo\u017enosti vyu\u017eitia bojovej obrnenej techniky na pasovom, alebo kolesovom podvozku pre potreby ozbrojenych sil Slovenskej republiky. Anal\u00fdza mo\u017enost\u00ed moderniz\u00e1cie a\u00a0inov\u00e1cie pohonnej jednotky, pohybov\u00e9ho mechanizmu a ochrany vozidla BVP-2 pod\u013ea po\u017eiadaviek \u0161tandardov NATO pre potreby Ozbrojen\u00fdch s\u00edl SR do r. 2020.\u00a0 Rozbor s\u00fa\u010dasn\u00e9ho stavu rie\u0161enej [&hellip;]\" \/>\n<meta property=\"og:url\" content=\"http:\/\/dssi.sk\/en\/modernizacia-mechanizmov-a-komponentov-taktickej-mobility-bvp-2\/\" \/>\n<meta property=\"og:site_name\" content=\"DSSI\" \/>\n<meta name=\"twitter:card\" content=\"summary_large_image\" \/>\n<meta name=\"twitter:label1\" content=\"Est. reading time\" \/>\n\t<meta name=\"twitter:data1\" content=\"2 minutes\" \/>\n<script type=\"application\/ld+json\" class=\"yoast-schema-graph\">{\"@context\":\"https:\/\/schema.org\",\"@graph\":[{\"@type\":\"WebPage\",\"@id\":\"http:\/\/dssi.sk\/en\/modernizacia-mechanizmov-a-komponentov-taktickej-mobility-bvp-2\/\",\"url\":\"http:\/\/dssi.sk\/en\/modernizacia-mechanizmov-a-komponentov-taktickej-mobility-bvp-2\/\",\"name\":\"Moderniz\u00e1cia mechanizmov a komponentov taktickej mobility BVP-2 - DSSI\",\"isPartOf\":{\"@id\":\"https:\/\/dssi.sk\/#website\"},\"datePublished\":\"2019-09-16T15:15:03+00:00\",\"breadcrumb\":{\"@id\":\"http:\/\/dssi.sk\/en\/modernizacia-mechanizmov-a-komponentov-taktickej-mobility-bvp-2\/#breadcrumb\"},\"inLanguage\":\"en-US\",\"potentialAction\":[{\"@type\":\"ReadAction\",\"target\":[\"http:\/\/dssi.sk\/en\/modernizacia-mechanizmov-a-komponentov-taktickej-mobility-bvp-2\/\"]}]},{\"@type\":\"BreadcrumbList\",\"@id\":\"http:\/\/dssi.sk\/en\/modernizacia-mechanizmov-a-komponentov-taktickej-mobility-bvp-2\/#breadcrumb\",\"itemListElement\":[{\"@type\":\"ListItem\",\"position\":1,\"name\":\"Home\",\"item\":\"https:\/\/dssi.sk\/\"},{\"@type\":\"ListItem\",\"position\":2,\"name\":\"Moderniz\u00e1cia mechanizmov a komponentov taktickej mobility BVP-2\"}]},{\"@type\":\"WebSite\",\"@id\":\"https:\/\/dssi.sk\/#website\",\"url\":\"https:\/\/dssi.sk\/\",\"name\":\"DSSI\",\"description\":\"Development | Services | Security | Innovations\",\"publisher\":{\"@id\":\"https:\/\/dssi.sk\/#organization\"},\"potentialAction\":[{\"@type\":\"SearchAction\",\"target\":{\"@type\":\"EntryPoint\",\"urlTemplate\":\"https:\/\/dssi.sk\/?s={search_term_string}\"},\"query-input\":{\"@type\":\"PropertyValueSpecification\",\"valueRequired\":true,\"valueName\":\"search_term_string\"}}],\"inLanguage\":\"en-US\"},{\"@type\":\"Organization\",\"@id\":\"https:\/\/dssi.sk\/#organization\",\"name\":\"DSSI a.s.\",\"url\":\"https:\/\/dssi.sk\/\",\"logo\":{\"@type\":\"ImageObject\",\"inLanguage\":\"en-US\",\"@id\":\"https:\/\/dssi.sk\/#\/schema\/logo\/image\/\",\"url\":\"https:\/\/dssi.sk\/wp-content\/uploads\/2019\/09\/logo-dssi-horizontal1.jpg\",\"contentUrl\":\"https:\/\/dssi.sk\/wp-content\/uploads\/2019\/09\/logo-dssi-horizontal1.jpg\",\"width\":520,\"height\":520,\"caption\":\"DSSI a.s.\"},\"image\":{\"@id\":\"https:\/\/dssi.sk\/#\/schema\/logo\/image\/\"}}]}<\/script>\n<!-- \/ Yoast SEO plugin. -->","yoast_head_json":{"title":"Moderniz\u00e1cia mechanizmov a komponentov taktickej mobility BVP-2 - DSSI","robots":{"index":"index","follow":"follow","max-snippet":"max-snippet:-1","max-image-preview":"max-image-preview:large","max-video-preview":"max-video-preview:-1"},"canonical":"http:\/\/dssi.sk\/en\/modernizacia-mechanizmov-a-komponentov-taktickej-mobility-bvp-2\/","og_locale":"en_US","og_type":"article","og_title":"Moderniz\u00e1cia mechanizmov a komponentov taktickej mobility BVP-2 - DSSI","og_description":"Cie\u013eom spracovania predmetnej analytickej \u0161tudie je zhodnoti\u0165 vojensko \u2013 technicke aspekty mo\u017enosti vyu\u017eitia bojovej obrnenej techniky na pasovom, alebo kolesovom podvozku pre potreby ozbrojenych sil Slovenskej republiky. Anal\u00fdza mo\u017enost\u00ed moderniz\u00e1cie a\u00a0inov\u00e1cie pohonnej jednotky, pohybov\u00e9ho mechanizmu a ochrany vozidla BVP-2 pod\u013ea po\u017eiadaviek \u0161tandardov NATO pre potreby Ozbrojen\u00fdch s\u00edl SR do r. 2020.\u00a0 Rozbor s\u00fa\u010dasn\u00e9ho stavu rie\u0161enej [&hellip;]","og_url":"http:\/\/dssi.sk\/en\/modernizacia-mechanizmov-a-komponentov-taktickej-mobility-bvp-2\/","og_site_name":"DSSI","twitter_card":"summary_large_image","twitter_misc":{"Est. reading time":"2 minutes"},"schema":{"@context":"https:\/\/schema.org","@graph":[{"@type":"WebPage","@id":"http:\/\/dssi.sk\/en\/modernizacia-mechanizmov-a-komponentov-taktickej-mobility-bvp-2\/","url":"http:\/\/dssi.sk\/en\/modernizacia-mechanizmov-a-komponentov-taktickej-mobility-bvp-2\/","name":"Moderniz\u00e1cia mechanizmov a komponentov taktickej mobility BVP-2 - DSSI","isPartOf":{"@id":"https:\/\/dssi.sk\/#website"},"datePublished":"2019-09-16T15:15:03+00:00","breadcrumb":{"@id":"http:\/\/dssi.sk\/en\/modernizacia-mechanizmov-a-komponentov-taktickej-mobility-bvp-2\/#breadcrumb"},"inLanguage":"en-US","potentialAction":[{"@type":"ReadAction","target":["http:\/\/dssi.sk\/en\/modernizacia-mechanizmov-a-komponentov-taktickej-mobility-bvp-2\/"]}]},{"@type":"BreadcrumbList","@id":"http:\/\/dssi.sk\/en\/modernizacia-mechanizmov-a-komponentov-taktickej-mobility-bvp-2\/#breadcrumb","itemListElement":[{"@type":"ListItem","position":1,"name":"Home","item":"https:\/\/dssi.sk\/"},{"@type":"ListItem","position":2,"name":"Moderniz\u00e1cia mechanizmov a komponentov taktickej mobility BVP-2"}]},{"@type":"WebSite","@id":"https:\/\/dssi.sk\/#website","url":"https:\/\/dssi.sk\/","name":"DSSI","description":"Development | Services | Security | Innovations","publisher":{"@id":"https:\/\/dssi.sk\/#organization"},"potentialAction":[{"@type":"SearchAction","target":{"@type":"EntryPoint","urlTemplate":"https:\/\/dssi.sk\/?s={search_term_string}"},"query-input":{"@type":"PropertyValueSpecification","valueRequired":true,"valueName":"search_term_string"}}],"inLanguage":"en-US"},{"@type":"Organization","@id":"https:\/\/dssi.sk\/#organization","name":"DSSI a.s.","url":"https:\/\/dssi.sk\/","logo":{"@type":"ImageObject","inLanguage":"en-US","@id":"https:\/\/dssi.sk\/#\/schema\/logo\/image\/","url":"https:\/\/dssi.sk\/wp-content\/uploads\/2019\/09\/logo-dssi-horizontal1.jpg","contentUrl":"https:\/\/dssi.sk\/wp-content\/uploads\/2019\/09\/logo-dssi-horizontal1.jpg","width":520,"height":520,"caption":"DSSI a.s."},"image":{"@id":"https:\/\/dssi.sk\/#\/schema\/logo\/image\/"}}]}},"_links":{"self":[{"href":"https:\/\/dssi.sk\/en\/wp-json\/wp\/v2\/pages\/438","targetHints":{"allow":["GET"]}}],"collection":[{"href":"https:\/\/dssi.sk\/en\/wp-json\/wp\/v2\/pages"}],"about":[{"href":"https:\/\/dssi.sk\/en\/wp-json\/wp\/v2\/types\/page"}],"author":[{"embeddable":true,"href":"https:\/\/dssi.sk\/en\/wp-json\/wp\/v2\/users\/1"}],"replies":[{"embeddable":true,"href":"https:\/\/dssi.sk\/en\/wp-json\/wp\/v2\/comments?post=438"}],"version-history":[{"count":2,"href":"https:\/\/dssi.sk\/en\/wp-json\/wp\/v2\/pages\/438\/revisions"}],"predecessor-version":[{"id":465,"href":"https:\/\/dssi.sk\/en\/wp-json\/wp\/v2\/pages\/438\/revisions\/465"}],"wp:attachment":[{"href":"https:\/\/dssi.sk\/en\/wp-json\/wp\/v2\/media?parent=438"}],"curies":[{"name":"wp","href":"https:\/\/api.w.org\/{rel}","templated":true}]}}