{"id":439,"date":"2019-09-16T17:15:59","date_gmt":"2019-09-16T15:15:59","guid":{"rendered":"http:\/\/dssi.h2studio.net\/?page_id=439"},"modified":"2019-09-16T23:44:07","modified_gmt":"2019-09-16T21:44:07","slug":"moznosti-a-perspektivy-vyuzitia-wimax-technologie-na-vojenske-ucely","status":"publish","type":"page","link":"https:\/\/dssi.sk\/en\/moznosti-a-perspektivy-vyuzitia-wimax-technologie-na-vojenske-ucely\/","title":{"rendered":"Mo\u017enosti a perspekt\u00edvy vyu\u017eitia WiMax technol\u00f3gie na vojensk\u00e9 \u00fa\u010dely"},"content":{"rendered":"<p>[et_pb_section fb_built=&#8220;1&#8243; admin_label=&#8220;section&#8220; _builder_version=&#8220;3.25.4&#8243; custom_padding=&#8220;0px||&#8220; fb_built=&#8220;1&#8243; _i=&#8220;0&#8243; _address=&#8220;0&#8243;][et_pb_row admin_label=&#8220;row&#8220; _builder_version=&#8220;3.25.4&#8243; background_size=&#8220;initial&#8220; background_position=&#8220;top_left&#8220; background_repeat=&#8220;repeat&#8220; custom_margin=&#8220;||&#8220; _i=&#8220;0&#8243; _address=&#8220;0.0&#8243;][et_pb_column type=&#8220;4_4&#8243; _builder_version=&#8220;3.25&#8243; custom_padding=&#8220;|||&#8220; custom_padding__hover=&#8220;|||&#8220; _i=&#8220;0&#8243; _address=&#8220;0.0.0&#8243;][et_pb_text _builder_version=&#8220;3.27.4&#8243; _dynamic_attributes=&#8220;content&#8220; text_font=&#8220;|||on|||||&#8220; text_font_size=&#8220;30px&#8220; link_font=&#8220;||||||||&#8220; ul_font=&#8220;||||||||&#8220; ol_font=&#8220;||||||||&#8220; quote_font=&#8220;||||||||&#8220; header_font=&#8220;||||||||&#8220; header_2_font=&#8220;||||||||&#8220; background_color=&#8220;rgba(0,0,0,0)&#8220; text_orientation=&#8220;center&#8220; width=&#8220;100%&#8220; max_width=&#8220;100%&#8220; text_text_align=&#8220;center&#8220; _i=&#8220;0&#8243; _address=&#8220;0.0.0.0&#8243;]@ET-DC@eyJkeW5hbWljIjp0cnVlLCJjb250ZW50IjoicG9zdF90aXRsZSIsInNldHRpbmdzIjp7ImJlZm9yZSI6IiIsImFmdGVyIjoiIn19@[\/et_pb_text][et_pb_text admin_label=&#8220;Text&#8220; _builder_version=&#8220;3.29.2&#8243; background_size=&#8220;initial&#8220; background_position=&#8220;top_left&#8220; background_repeat=&#8220;repeat&#8220; hover_enabled=&#8220;0&#8243; _i=&#8220;1&#8243; _address=&#8220;0.0.0.1&#8243;]<\/p>\n<p>\u0160t\u00fadia poskytuje vrcholov\u00e9mu mana\u017ementu MO SR a\u00a0zlo\u017ek\u00e1m zodpovedn\u00fdm za implement\u00e1ciu komunika\u010dn\u00fdch a\u00a0informa\u010dn\u00fdch technol\u00f3gi\u00ed Odboru komunika\u010dn\u00fdch a\u00a0informa\u010dn\u00fdch syst\u00e9mov Sekcii obrann\u00e9ho pl\u00e1novania a\u00a0mana\u017ementu zdrojov (OdKIS SEOPMZ) odborn\u00e9 a vedeck\u00e9 inform\u00e1cie obsahuj\u00face hodnotenie mo\u017enost\u00ed a\u00a0perspekt\u00edv vyu\u017eitia technol\u00f3gie WiMAX v\u00a0Ozbrojen\u00fdch sil\u00e1ch SR.<\/p>\n<p>Na\u00a0to je potrebn\u00e9:<\/p>\n<blockquote>\n<ul>\n<li>analyzova\u0165 s\u00fa\u010dasn\u00fd stav spojenia v\u00a0OS SR na syst\u00e9movej \u00farovni vyu\u017eitia technol\u00f3gi\u00ed,<\/li>\n<li>sumarizova\u0165 normotvorn\u00e9 a teoretick\u00e9 z\u00e1klady technol\u00f3gie WiMAX, poznatky z\u00a0prieskumu s\u00fa\u010dasne dostupnej literat\u00fary, a\u00a0experiment\u00e1lne z\u00edskan\u00fdch poznatkov,<\/li>\n<li>charakterizova\u0165 technol\u00f3gie jednotliv\u00fdch v\u00fdrobcov a\u00a0vykona\u0165 ich porovnanie,<\/li>\n<li>vytypova\u0165 potenci\u00e1lne oblasti vyu\u017eitia technol\u00f3gie WiMAX v\u00a0Ozbrojen\u00fdch sil\u00e1ch SR,<\/li>\n<li>pouk\u00e1za\u0165 na jej siln\u00e9 str\u00e1nky, rovnako na slab\u00e9 str\u00e1nky i\u00a0rizik\u00e1 v \u00a0glob\u00e1lnom boji o\u00a0\u0161tandardizovan\u00fa \u0161irokop\u00e1smov\u00fa r\u00e1diov\u00fa technol\u00f3giu<span>\u00a0<\/span><strong>COTS<\/strong><span>\u00a0<\/span>(Commercial-Off-The-Shelf) pri zaveden\u00ed do OS SR.<\/li>\n<\/ul>\n<\/blockquote>\n<p>Druh\u00fdm cie\u013eom tejto \u0161t\u00fadie je stanovenie strat\u00e9gie a\u00a0postupu ako prispie\u0165 k\u00a0implement\u00e1cii komunika\u010dn\u00fdch a\u00a0informa\u010dn\u00fdch syst\u00e9mov pre<span>\u00a0<\/span><strong>NNEC<\/strong><span>\u00a0<\/span>(NATO Network Enabled Capabilities). \u0160t\u00fadia upozor\u0148uje aj na ot\u00e1zky kvality pr\u00edslu\u0161n\u00fdch slu\u017eieb (QoS) a\u00a0je v\u00a0nej aj n\u00e1vrh princ\u00edpov pre odpor\u00fa\u010dan\u00fa architekt\u00faru, infra\u0161trukt\u00faru a\u00a0n\u00e1vrh, aby sa vo v\u0161etk\u00fdch typoch siet\u00ed pou\u017e\u00edval spolo\u010dn\u00fd protokol, menovite IP. To by malo zaru\u010di\u0165 dobr\u00fa interoperabilitu medzi r\u00f4znymi typmi siet\u00ed a\u00a0tie\u017e medzi r\u00f4znymi n\u00e1rodn\u00fdmi syst\u00e9mami a\u00a0syst\u00e9mom NATO.<\/p>\n<p><a href=\"\/wp-content\/uploads\/2019\/09\/wimax.jpg\"><img loading=\"lazy\" decoding=\"async\" src=\"\/wp-content\/uploads\/2019\/09\/wimax-300x185.jpg\" width=\"300\" height=\"185\" alt=\"\" class=\"wp-image-654 aligncenter size-medium\" \/><\/a><\/p>\n<p><a href=\"http:\/\/web.archive.org\/web\/20170218111855\/\/wp-content\/uploads\/2012\/02\/wimax.jpg\"><\/a><\/p>\n<p>&nbsp;<\/p>\n<p>[\/et_pb_text][\/et_pb_column][\/et_pb_row][\/et_pb_section]<\/p>","protected":false},"excerpt":{"rendered":"<p>\u0160t\u00fadia poskytuje vrcholov\u00e9mu mana\u017ementu MO SR a\u00a0zlo\u017ek\u00e1m zodpovedn\u00fdm za implement\u00e1ciu komunika\u010dn\u00fdch a\u00a0informa\u010dn\u00fdch technol\u00f3gi\u00ed Odboru komunika\u010dn\u00fdch a\u00a0informa\u010dn\u00fdch syst\u00e9mov Sekcii obrann\u00e9ho pl\u00e1novania a\u00a0mana\u017ementu zdrojov (OdKIS SEOPMZ) odborn\u00e9 a vedeck\u00e9 inform\u00e1cie obsahuj\u00face hodnotenie mo\u017enost\u00ed a\u00a0perspekt\u00edv vyu\u017eitia technol\u00f3gie WiMAX v\u00a0Ozbrojen\u00fdch sil\u00e1ch SR. Na\u00a0to je potrebn\u00e9: analyzova\u0165 s\u00fa\u010dasn\u00fd stav spojenia v\u00a0OS SR na syst\u00e9movej \u00farovni vyu\u017eitia technol\u00f3gi\u00ed, sumarizova\u0165 normotvorn\u00e9 a [&hellip;]<\/p>","protected":false},"author":1,"featured_media":0,"parent":0,"menu_order":0,"comment_status":"closed","ping_status":"closed","template":"","meta":{"_et_pb_use_builder":"on","_et_pb_old_content":"","_et_gb_content_width":"","inline_featured_image":false,"_monsterinsights_skip_tracking":false,"_monsterinsights_sitenote_active":false,"_monsterinsights_sitenote_note":"","_monsterinsights_sitenote_category":0,"footnotes":""},"class_list":["post-439","page","type-page","status-publish","hentry"],"yoast_head":"<!-- This site is optimized with the Yoast SEO plugin v26.1.1 - https:\/\/yoast.com\/wordpress\/plugins\/seo\/ -->\n<title>Mo\u017enosti a perspekt\u00edvy vyu\u017eitia WiMax technol\u00f3gie na vojensk\u00e9 \u00fa\u010dely - DSSI<\/title>\n<meta name=\"robots\" content=\"index, follow, max-snippet:-1, max-image-preview:large, max-video-preview:-1\" \/>\n<link rel=\"canonical\" href=\"https:\/\/dssi.sk\/en\/moznosti-a-perspektivy-vyuzitia-wimax-technologie-na-vojenske-ucely\/\" \/>\n<meta property=\"og:locale\" content=\"en_US\" \/>\n<meta property=\"og:type\" content=\"article\" \/>\n<meta property=\"og:title\" content=\"Mo\u017enosti a perspekt\u00edvy vyu\u017eitia WiMax technol\u00f3gie na vojensk\u00e9 \u00fa\u010dely - DSSI\" \/>\n<meta property=\"og:description\" content=\"\u0160t\u00fadia poskytuje vrcholov\u00e9mu mana\u017ementu MO SR a\u00a0zlo\u017ek\u00e1m zodpovedn\u00fdm za implement\u00e1ciu komunika\u010dn\u00fdch a\u00a0informa\u010dn\u00fdch technol\u00f3gi\u00ed Odboru komunika\u010dn\u00fdch a\u00a0informa\u010dn\u00fdch syst\u00e9mov Sekcii obrann\u00e9ho pl\u00e1novania a\u00a0mana\u017ementu zdrojov (OdKIS SEOPMZ) odborn\u00e9 a vedeck\u00e9 inform\u00e1cie obsahuj\u00face hodnotenie mo\u017enost\u00ed a\u00a0perspekt\u00edv vyu\u017eitia technol\u00f3gie WiMAX v\u00a0Ozbrojen\u00fdch sil\u00e1ch SR. Na\u00a0to je potrebn\u00e9: analyzova\u0165 s\u00fa\u010dasn\u00fd stav spojenia v\u00a0OS SR na syst\u00e9movej \u00farovni vyu\u017eitia technol\u00f3gi\u00ed, sumarizova\u0165 normotvorn\u00e9 a [&hellip;]\" \/>\n<meta property=\"og:url\" content=\"https:\/\/dssi.sk\/en\/moznosti-a-perspektivy-vyuzitia-wimax-technologie-na-vojenske-ucely\/\" \/>\n<meta property=\"og:site_name\" content=\"DSSI\" \/>\n<meta property=\"article:modified_time\" content=\"2019-09-16T21:44:07+00:00\" \/>\n<meta property=\"og:image\" content=\"https:\/\/dssi.sk\/wp-content\/uploads\/2019\/09\/wimax-300x185.jpg\" \/>\n<meta name=\"twitter:card\" content=\"summary_large_image\" \/>\n<meta name=\"twitter:label1\" content=\"Est. reading time\" \/>\n\t<meta name=\"twitter:data1\" content=\"2 minutes\" \/>\n<script type=\"application\/ld+json\" class=\"yoast-schema-graph\">{\"@context\":\"https:\/\/schema.org\",\"@graph\":[{\"@type\":\"WebPage\",\"@id\":\"https:\/\/dssi.sk\/en\/moznosti-a-perspektivy-vyuzitia-wimax-technologie-na-vojenske-ucely\/\",\"url\":\"https:\/\/dssi.sk\/en\/moznosti-a-perspektivy-vyuzitia-wimax-technologie-na-vojenske-ucely\/\",\"name\":\"Mo\u017enosti a perspekt\u00edvy vyu\u017eitia WiMax technol\u00f3gie na vojensk\u00e9 \u00fa\u010dely - DSSI\",\"isPartOf\":{\"@id\":\"https:\/\/dssi.sk\/#website\"},\"datePublished\":\"2019-09-16T15:15:59+00:00\",\"dateModified\":\"2019-09-16T21:44:07+00:00\",\"breadcrumb\":{\"@id\":\"https:\/\/dssi.sk\/en\/moznosti-a-perspektivy-vyuzitia-wimax-technologie-na-vojenske-ucely\/#breadcrumb\"},\"inLanguage\":\"en-US\",\"potentialAction\":[{\"@type\":\"ReadAction\",\"target\":[\"https:\/\/dssi.sk\/en\/moznosti-a-perspektivy-vyuzitia-wimax-technologie-na-vojenske-ucely\/\"]}]},{\"@type\":\"BreadcrumbList\",\"@id\":\"https:\/\/dssi.sk\/en\/moznosti-a-perspektivy-vyuzitia-wimax-technologie-na-vojenske-ucely\/#breadcrumb\",\"itemListElement\":[{\"@type\":\"ListItem\",\"position\":1,\"name\":\"Home\",\"item\":\"https:\/\/dssi.sk\/\"},{\"@type\":\"ListItem\",\"position\":2,\"name\":\"Mo\u017enosti a perspekt\u00edvy vyu\u017eitia WiMax technol\u00f3gie na vojensk\u00e9 \u00fa\u010dely\"}]},{\"@type\":\"WebSite\",\"@id\":\"https:\/\/dssi.sk\/#website\",\"url\":\"https:\/\/dssi.sk\/\",\"name\":\"DSSI\",\"description\":\"Development | Services | Security | Innovations\",\"publisher\":{\"@id\":\"https:\/\/dssi.sk\/#organization\"},\"potentialAction\":[{\"@type\":\"SearchAction\",\"target\":{\"@type\":\"EntryPoint\",\"urlTemplate\":\"https:\/\/dssi.sk\/?s={search_term_string}\"},\"query-input\":{\"@type\":\"PropertyValueSpecification\",\"valueRequired\":true,\"valueName\":\"search_term_string\"}}],\"inLanguage\":\"en-US\"},{\"@type\":\"Organization\",\"@id\":\"https:\/\/dssi.sk\/#organization\",\"name\":\"DSSI a.s.\",\"url\":\"https:\/\/dssi.sk\/\",\"logo\":{\"@type\":\"ImageObject\",\"inLanguage\":\"en-US\",\"@id\":\"https:\/\/dssi.sk\/#\/schema\/logo\/image\/\",\"url\":\"https:\/\/dssi.sk\/wp-content\/uploads\/2019\/09\/logo-dssi-horizontal1.jpg\",\"contentUrl\":\"https:\/\/dssi.sk\/wp-content\/uploads\/2019\/09\/logo-dssi-horizontal1.jpg\",\"width\":520,\"height\":520,\"caption\":\"DSSI a.s.\"},\"image\":{\"@id\":\"https:\/\/dssi.sk\/#\/schema\/logo\/image\/\"}}]}<\/script>\n<!-- \/ Yoast SEO plugin. -->","yoast_head_json":{"title":"Mo\u017enosti a perspekt\u00edvy vyu\u017eitia WiMax technol\u00f3gie na vojensk\u00e9 \u00fa\u010dely - DSSI","robots":{"index":"index","follow":"follow","max-snippet":"max-snippet:-1","max-image-preview":"max-image-preview:large","max-video-preview":"max-video-preview:-1"},"canonical":"https:\/\/dssi.sk\/en\/moznosti-a-perspektivy-vyuzitia-wimax-technologie-na-vojenske-ucely\/","og_locale":"en_US","og_type":"article","og_title":"Mo\u017enosti a perspekt\u00edvy vyu\u017eitia WiMax technol\u00f3gie na vojensk\u00e9 \u00fa\u010dely - DSSI","og_description":"\u0160t\u00fadia poskytuje vrcholov\u00e9mu mana\u017ementu MO SR a\u00a0zlo\u017ek\u00e1m zodpovedn\u00fdm za implement\u00e1ciu komunika\u010dn\u00fdch a\u00a0informa\u010dn\u00fdch technol\u00f3gi\u00ed Odboru komunika\u010dn\u00fdch a\u00a0informa\u010dn\u00fdch syst\u00e9mov Sekcii obrann\u00e9ho pl\u00e1novania a\u00a0mana\u017ementu zdrojov (OdKIS SEOPMZ) odborn\u00e9 a vedeck\u00e9 inform\u00e1cie obsahuj\u00face hodnotenie mo\u017enost\u00ed a\u00a0perspekt\u00edv vyu\u017eitia technol\u00f3gie WiMAX v\u00a0Ozbrojen\u00fdch sil\u00e1ch SR. Na\u00a0to je potrebn\u00e9: analyzova\u0165 s\u00fa\u010dasn\u00fd stav spojenia v\u00a0OS SR na syst\u00e9movej \u00farovni vyu\u017eitia technol\u00f3gi\u00ed, sumarizova\u0165 normotvorn\u00e9 a [&hellip;]","og_url":"https:\/\/dssi.sk\/en\/moznosti-a-perspektivy-vyuzitia-wimax-technologie-na-vojenske-ucely\/","og_site_name":"DSSI","article_modified_time":"2019-09-16T21:44:07+00:00","og_image":[{"url":"https:\/\/dssi.sk\/wp-content\/uploads\/2019\/09\/wimax-300x185.jpg","type":"","width":"","height":""}],"twitter_card":"summary_large_image","twitter_misc":{"Est. reading time":"2 minutes"},"schema":{"@context":"https:\/\/schema.org","@graph":[{"@type":"WebPage","@id":"https:\/\/dssi.sk\/en\/moznosti-a-perspektivy-vyuzitia-wimax-technologie-na-vojenske-ucely\/","url":"https:\/\/dssi.sk\/en\/moznosti-a-perspektivy-vyuzitia-wimax-technologie-na-vojenske-ucely\/","name":"Mo\u017enosti a perspekt\u00edvy vyu\u017eitia WiMax technol\u00f3gie na vojensk\u00e9 \u00fa\u010dely - DSSI","isPartOf":{"@id":"https:\/\/dssi.sk\/#website"},"datePublished":"2019-09-16T15:15:59+00:00","dateModified":"2019-09-16T21:44:07+00:00","breadcrumb":{"@id":"https:\/\/dssi.sk\/en\/moznosti-a-perspektivy-vyuzitia-wimax-technologie-na-vojenske-ucely\/#breadcrumb"},"inLanguage":"en-US","potentialAction":[{"@type":"ReadAction","target":["https:\/\/dssi.sk\/en\/moznosti-a-perspektivy-vyuzitia-wimax-technologie-na-vojenske-ucely\/"]}]},{"@type":"BreadcrumbList","@id":"https:\/\/dssi.sk\/en\/moznosti-a-perspektivy-vyuzitia-wimax-technologie-na-vojenske-ucely\/#breadcrumb","itemListElement":[{"@type":"ListItem","position":1,"name":"Home","item":"https:\/\/dssi.sk\/"},{"@type":"ListItem","position":2,"name":"Mo\u017enosti a perspekt\u00edvy vyu\u017eitia WiMax technol\u00f3gie na vojensk\u00e9 \u00fa\u010dely"}]},{"@type":"WebSite","@id":"https:\/\/dssi.sk\/#website","url":"https:\/\/dssi.sk\/","name":"DSSI","description":"Development | Services | Security | Innovations","publisher":{"@id":"https:\/\/dssi.sk\/#organization"},"potentialAction":[{"@type":"SearchAction","target":{"@type":"EntryPoint","urlTemplate":"https:\/\/dssi.sk\/?s={search_term_string}"},"query-input":{"@type":"PropertyValueSpecification","valueRequired":true,"valueName":"search_term_string"}}],"inLanguage":"en-US"},{"@type":"Organization","@id":"https:\/\/dssi.sk\/#organization","name":"DSSI a.s.","url":"https:\/\/dssi.sk\/","logo":{"@type":"ImageObject","inLanguage":"en-US","@id":"https:\/\/dssi.sk\/#\/schema\/logo\/image\/","url":"https:\/\/dssi.sk\/wp-content\/uploads\/2019\/09\/logo-dssi-horizontal1.jpg","contentUrl":"https:\/\/dssi.sk\/wp-content\/uploads\/2019\/09\/logo-dssi-horizontal1.jpg","width":520,"height":520,"caption":"DSSI a.s."},"image":{"@id":"https:\/\/dssi.sk\/#\/schema\/logo\/image\/"}}]}},"_links":{"self":[{"href":"https:\/\/dssi.sk\/en\/wp-json\/wp\/v2\/pages\/439","targetHints":{"allow":["GET"]}}],"collection":[{"href":"https:\/\/dssi.sk\/en\/wp-json\/wp\/v2\/pages"}],"about":[{"href":"https:\/\/dssi.sk\/en\/wp-json\/wp\/v2\/types\/page"}],"author":[{"embeddable":true,"href":"https:\/\/dssi.sk\/en\/wp-json\/wp\/v2\/users\/1"}],"replies":[{"embeddable":true,"href":"https:\/\/dssi.sk\/en\/wp-json\/wp\/v2\/comments?post=439"}],"version-history":[{"count":4,"href":"https:\/\/dssi.sk\/en\/wp-json\/wp\/v2\/pages\/439\/revisions"}],"predecessor-version":[{"id":685,"href":"https:\/\/dssi.sk\/en\/wp-json\/wp\/v2\/pages\/439\/revisions\/685"}],"wp:attachment":[{"href":"https:\/\/dssi.sk\/en\/wp-json\/wp\/v2\/media?parent=439"}],"curies":[{"name":"wp","href":"https:\/\/api.w.org\/{rel}","templated":true}]}}