{"id":455,"date":"2019-09-16T17:16:56","date_gmt":"2019-09-16T15:16:56","guid":{"rendered":"http:\/\/dssi.h2studio.net\/?page_id=455"},"modified":"2019-09-16T17:16:56","modified_gmt":"2019-09-16T15:16:56","slug":"poziadavky-na-perspektivne-obrnene-vozidlo-pre-asymetricke-konflikty","status":"publish","type":"page","link":"https:\/\/dssi.sk\/en\/poziadavky-na-perspektivne-obrnene-vozidlo-pre-asymetricke-konflikty\/","title":{"rendered":"Po\u017eiadavky na perspekt\u00edvne obrnen\u00e9 vozidlo pre asymetrick\u00e9 konflikty"},"content":{"rendered":"<p>[et_pb_section fb_built=&#8220;1&#8243; admin_label=&#8220;section&#8220; _builder_version=&#8220;3.25.4&#8243; custom_padding=&#8220;0px||&#8220;][et_pb_row custom_margin=&#8220;||&#8220; admin_label=&#8220;row&#8220; _builder_version=&#8220;3.25.4&#8243; background_size=&#8220;initial&#8220; background_position=&#8220;top_left&#8220; background_repeat=&#8220;repeat&#8220;][et_pb_column type=&#8220;4_4&#8243; _builder_version=&#8220;3.25&#8243; custom_padding=&#8220;|||&#8220; custom_padding__hover=&#8220;|||&#8220;][et_pb_text _builder_version=&#8220;3.25.4&#8243; _dynamic_attributes=&#8220;content&#8220; text_font=&#8220;|||on|||||&#8220; text_text_align=&#8220;center&#8220; text_font_size=&#8220;30px&#8220; link_font=&#8220;||||||||&#8220; ul_font=&#8220;||||||||&#8220; ol_font=&#8220;||||||||&#8220; quote_font=&#8220;||||||||&#8220; header_font=&#8220;||||||||&#8220; header_2_font=&#8220;||||||||&#8220; background_color=&#8220;rgba(0,0,0,0)&#8220; width=&#8220;100%&#8220; max_width=&#8220;100%&#8220;]@ET-DC@eyJkeW5hbWljIjp0cnVlLCJjb250ZW50IjoicG9zdF90aXRsZSIsInNldHRpbmdzIjp7ImJlZm9yZSI6IiIsImFmdGVyIjoiIn19@[\/et_pb_text][et_pb_text admin_label=&#8220;Text&#8220; _builder_version=&#8220;3.25.4&#8243; background_size=&#8220;initial&#8220; background_position=&#8220;top_left&#8220; background_repeat=&#8220;repeat&#8220;]<\/p>\n<p>V\u00a0predkladanej \u0161t\u00fadi\u00ed je venovan\u00e1 pozornos\u0165 iba jednej skupine obrnen\u00fdch vozidiel \u2013 bojov\u00fdm obrnen\u00fdm vozidl\u00e1m mechanizovan\u00fdch (v\u00fdsadkov\u00fdch) jednotiek, okrem obrnen\u00fdch vozidiel patriacich do kateg\u00f3rie bojov\u00fdch a\u00a0\u0161peci\u00e1lne tanky. Pozornos\u0165 bude teda zameran\u00e1 na kateg\u00f3riu \u013eahko obrnen\u00fdch vozidiel. Do kateg\u00f3rie \u013eahko obrnen\u00fdch vozidiel (angl. LAFV \u2013 light armored fighting vehicles) pozemn\u00fdch s\u00edl patria obrnen\u00e9 transport\u00e9ry (\u010falej len \u201eOT\u201c, angl. APC \u2013 armored personel carriers) alebo bojov\u00e9 vozidl\u00e1 pechoty )\u010falej len \u201eBVP\u201c, angl. IFV \u2013 infantry fighting vehicles). V\u00a0oboch pr\u00edpadoch je ich cie\u013eom dopravi\u0165 vojakov do bl\u00edzkosti bojovej z\u00f3ny a\u00a0potom ich necha\u0165 zosadn\u00fa\u0165 k\u00a0vedeniu boja. BVP s\u00fa dokonca kon\u0161truovan\u00e9 tak, aby umo\u017enili prepravovan\u00fdm osob\u00e1m, pokia\u013e to situ\u00e1cia dovo\u013euje, vies\u0165 boj pod ochranou panciera vozidla a\u00a0v\u00a0pr\u00edpade ich zosadnutia, podporova\u0165 ich priamou pa\u013ebou.<\/p>\n<p>Predlo\u017een\u00e1 \u0161t\u00fadia si kladie za cie\u013e definova\u0165 teoretick\u00e9, opera\u010dno-taktickou praxou podporen\u00e1 krit\u00e9ria pre stanovenie takticko-technick\u00fdch po\u017eiadaviek na perspekt\u00edvne \u013eahko obrnen\u00e9 vozidla ur\u010den\u00e9 k\u00a0zabezpe\u010deniu \u00faloh vojensk\u00fdch \u00fatvarov, vojensk\u00fdch zariaden\u00ed a\u00a0vojensk\u00fdch z\u00e1chrann\u00fdch \u00fatvarov ozbrojen\u00fdch s\u00edl Slovenskej republiky pri ich nasaden\u00ed v\u00a0asymetrick\u00fdch konfliktoch.<\/p>\n<p>[\/et_pb_text][\/et_pb_column][\/et_pb_row][\/et_pb_section]<\/p>","protected":false},"excerpt":{"rendered":"<p>V\u00a0predkladanej \u0161t\u00fadi\u00ed je venovan\u00e1 pozornos\u0165 iba jednej skupine obrnen\u00fdch vozidiel \u2013 bojov\u00fdm obrnen\u00fdm vozidl\u00e1m mechanizovan\u00fdch (v\u00fdsadkov\u00fdch) jednotiek, okrem obrnen\u00fdch vozidiel patriacich do kateg\u00f3rie bojov\u00fdch a\u00a0\u0161peci\u00e1lne tanky. Pozornos\u0165 bude teda zameran\u00e1 na kateg\u00f3riu \u013eahko obrnen\u00fdch vozidiel. Do kateg\u00f3rie \u013eahko obrnen\u00fdch vozidiel (angl. LAFV \u2013 light armored fighting vehicles) pozemn\u00fdch s\u00edl patria obrnen\u00e9 transport\u00e9ry (\u010falej len \u201eOT\u201c, [&hellip;]<\/p>","protected":false},"author":1,"featured_media":0,"parent":0,"menu_order":0,"comment_status":"closed","ping_status":"closed","template":"","meta":{"_et_pb_use_builder":"on","_et_pb_old_content":"","_et_gb_content_width":"","inline_featured_image":false,"_monsterinsights_skip_tracking":false,"_monsterinsights_sitenote_active":false,"_monsterinsights_sitenote_note":"","_monsterinsights_sitenote_category":0,"footnotes":""},"class_list":["post-455","page","type-page","status-publish","hentry"],"yoast_head":"<!-- This site is optimized with the Yoast SEO plugin v26.1.1 - https:\/\/yoast.com\/wordpress\/plugins\/seo\/ -->\n<title>Po\u017eiadavky na perspekt\u00edvne obrnen\u00e9 vozidlo pre asymetrick\u00e9 konflikty - DSSI<\/title>\n<meta name=\"robots\" content=\"index, follow, max-snippet:-1, max-image-preview:large, max-video-preview:-1\" \/>\n<link rel=\"canonical\" href=\"https:\/\/dssi.sk\/en\/poziadavky-na-perspektivne-obrnene-vozidlo-pre-asymetricke-konflikty\/\" \/>\n<meta property=\"og:locale\" content=\"en_US\" \/>\n<meta property=\"og:type\" content=\"article\" \/>\n<meta property=\"og:title\" content=\"Po\u017eiadavky na perspekt\u00edvne obrnen\u00e9 vozidlo pre asymetrick\u00e9 konflikty - DSSI\" \/>\n<meta property=\"og:description\" content=\"V\u00a0predkladanej \u0161t\u00fadi\u00ed je venovan\u00e1 pozornos\u0165 iba jednej skupine obrnen\u00fdch vozidiel \u2013 bojov\u00fdm obrnen\u00fdm vozidl\u00e1m mechanizovan\u00fdch (v\u00fdsadkov\u00fdch) jednotiek, okrem obrnen\u00fdch vozidiel patriacich do kateg\u00f3rie bojov\u00fdch a\u00a0\u0161peci\u00e1lne tanky. Pozornos\u0165 bude teda zameran\u00e1 na kateg\u00f3riu \u013eahko obrnen\u00fdch vozidiel. Do kateg\u00f3rie \u013eahko obrnen\u00fdch vozidiel (angl. LAFV \u2013 light armored fighting vehicles) pozemn\u00fdch s\u00edl patria obrnen\u00e9 transport\u00e9ry (\u010falej len \u201eOT\u201c, [&hellip;]\" \/>\n<meta property=\"og:url\" content=\"https:\/\/dssi.sk\/en\/poziadavky-na-perspektivne-obrnene-vozidlo-pre-asymetricke-konflikty\/\" \/>\n<meta property=\"og:site_name\" content=\"DSSI\" \/>\n<meta name=\"twitter:card\" content=\"summary_large_image\" \/>\n<meta name=\"twitter:label1\" content=\"Est. reading time\" \/>\n\t<meta name=\"twitter:data1\" content=\"2 minutes\" \/>\n<script type=\"application\/ld+json\" class=\"yoast-schema-graph\">{\"@context\":\"https:\/\/schema.org\",\"@graph\":[{\"@type\":\"WebPage\",\"@id\":\"https:\/\/dssi.sk\/poziadavky-na-perspektivne-obrnene-vozidlo-pre-asymetricke-konflikty\/\",\"url\":\"https:\/\/dssi.sk\/poziadavky-na-perspektivne-obrnene-vozidlo-pre-asymetricke-konflikty\/\",\"name\":\"Po\u017eiadavky na perspekt\u00edvne obrnen\u00e9 vozidlo pre asymetrick\u00e9 konflikty - DSSI\",\"isPartOf\":{\"@id\":\"https:\/\/dssi.sk\/#website\"},\"datePublished\":\"2019-09-16T15:16:56+00:00\",\"breadcrumb\":{\"@id\":\"https:\/\/dssi.sk\/poziadavky-na-perspektivne-obrnene-vozidlo-pre-asymetricke-konflikty\/#breadcrumb\"},\"inLanguage\":\"en-US\",\"potentialAction\":[{\"@type\":\"ReadAction\",\"target\":[\"https:\/\/dssi.sk\/poziadavky-na-perspektivne-obrnene-vozidlo-pre-asymetricke-konflikty\/\"]}]},{\"@type\":\"BreadcrumbList\",\"@id\":\"https:\/\/dssi.sk\/poziadavky-na-perspektivne-obrnene-vozidlo-pre-asymetricke-konflikty\/#breadcrumb\",\"itemListElement\":[{\"@type\":\"ListItem\",\"position\":1,\"name\":\"Home\",\"item\":\"https:\/\/dssi.sk\/\"},{\"@type\":\"ListItem\",\"position\":2,\"name\":\"Po\u017eiadavky na perspekt\u00edvne obrnen\u00e9 vozidlo pre asymetrick\u00e9 konflikty\"}]},{\"@type\":\"WebSite\",\"@id\":\"https:\/\/dssi.sk\/#website\",\"url\":\"https:\/\/dssi.sk\/\",\"name\":\"DSSI\",\"description\":\"Development | Services | Security | Innovations\",\"publisher\":{\"@id\":\"https:\/\/dssi.sk\/#organization\"},\"potentialAction\":[{\"@type\":\"SearchAction\",\"target\":{\"@type\":\"EntryPoint\",\"urlTemplate\":\"https:\/\/dssi.sk\/?s={search_term_string}\"},\"query-input\":{\"@type\":\"PropertyValueSpecification\",\"valueRequired\":true,\"valueName\":\"search_term_string\"}}],\"inLanguage\":\"en-US\"},{\"@type\":\"Organization\",\"@id\":\"https:\/\/dssi.sk\/#organization\",\"name\":\"DSSI a.s.\",\"url\":\"https:\/\/dssi.sk\/\",\"logo\":{\"@type\":\"ImageObject\",\"inLanguage\":\"en-US\",\"@id\":\"https:\/\/dssi.sk\/#\/schema\/logo\/image\/\",\"url\":\"https:\/\/dssi.sk\/wp-content\/uploads\/2019\/09\/logo-dssi-horizontal1.jpg\",\"contentUrl\":\"https:\/\/dssi.sk\/wp-content\/uploads\/2019\/09\/logo-dssi-horizontal1.jpg\",\"width\":520,\"height\":520,\"caption\":\"DSSI a.s.\"},\"image\":{\"@id\":\"https:\/\/dssi.sk\/#\/schema\/logo\/image\/\"}}]}<\/script>\n<!-- \/ Yoast SEO plugin. -->","yoast_head_json":{"title":"Po\u017eiadavky na perspekt\u00edvne obrnen\u00e9 vozidlo pre asymetrick\u00e9 konflikty - DSSI","robots":{"index":"index","follow":"follow","max-snippet":"max-snippet:-1","max-image-preview":"max-image-preview:large","max-video-preview":"max-video-preview:-1"},"canonical":"https:\/\/dssi.sk\/en\/poziadavky-na-perspektivne-obrnene-vozidlo-pre-asymetricke-konflikty\/","og_locale":"en_US","og_type":"article","og_title":"Po\u017eiadavky na perspekt\u00edvne obrnen\u00e9 vozidlo pre asymetrick\u00e9 konflikty - DSSI","og_description":"V\u00a0predkladanej \u0161t\u00fadi\u00ed je venovan\u00e1 pozornos\u0165 iba jednej skupine obrnen\u00fdch vozidiel \u2013 bojov\u00fdm obrnen\u00fdm vozidl\u00e1m mechanizovan\u00fdch (v\u00fdsadkov\u00fdch) jednotiek, okrem obrnen\u00fdch vozidiel patriacich do kateg\u00f3rie bojov\u00fdch a\u00a0\u0161peci\u00e1lne tanky. Pozornos\u0165 bude teda zameran\u00e1 na kateg\u00f3riu \u013eahko obrnen\u00fdch vozidiel. Do kateg\u00f3rie \u013eahko obrnen\u00fdch vozidiel (angl. LAFV \u2013 light armored fighting vehicles) pozemn\u00fdch s\u00edl patria obrnen\u00e9 transport\u00e9ry (\u010falej len \u201eOT\u201c, [&hellip;]","og_url":"https:\/\/dssi.sk\/en\/poziadavky-na-perspektivne-obrnene-vozidlo-pre-asymetricke-konflikty\/","og_site_name":"DSSI","twitter_card":"summary_large_image","twitter_misc":{"Est. reading time":"2 minutes"},"schema":{"@context":"https:\/\/schema.org","@graph":[{"@type":"WebPage","@id":"https:\/\/dssi.sk\/poziadavky-na-perspektivne-obrnene-vozidlo-pre-asymetricke-konflikty\/","url":"https:\/\/dssi.sk\/poziadavky-na-perspektivne-obrnene-vozidlo-pre-asymetricke-konflikty\/","name":"Po\u017eiadavky na perspekt\u00edvne obrnen\u00e9 vozidlo pre asymetrick\u00e9 konflikty - DSSI","isPartOf":{"@id":"https:\/\/dssi.sk\/#website"},"datePublished":"2019-09-16T15:16:56+00:00","breadcrumb":{"@id":"https:\/\/dssi.sk\/poziadavky-na-perspektivne-obrnene-vozidlo-pre-asymetricke-konflikty\/#breadcrumb"},"inLanguage":"en-US","potentialAction":[{"@type":"ReadAction","target":["https:\/\/dssi.sk\/poziadavky-na-perspektivne-obrnene-vozidlo-pre-asymetricke-konflikty\/"]}]},{"@type":"BreadcrumbList","@id":"https:\/\/dssi.sk\/poziadavky-na-perspektivne-obrnene-vozidlo-pre-asymetricke-konflikty\/#breadcrumb","itemListElement":[{"@type":"ListItem","position":1,"name":"Home","item":"https:\/\/dssi.sk\/"},{"@type":"ListItem","position":2,"name":"Po\u017eiadavky na perspekt\u00edvne obrnen\u00e9 vozidlo pre asymetrick\u00e9 konflikty"}]},{"@type":"WebSite","@id":"https:\/\/dssi.sk\/#website","url":"https:\/\/dssi.sk\/","name":"DSSI","description":"Development | Services | Security | Innovations","publisher":{"@id":"https:\/\/dssi.sk\/#organization"},"potentialAction":[{"@type":"SearchAction","target":{"@type":"EntryPoint","urlTemplate":"https:\/\/dssi.sk\/?s={search_term_string}"},"query-input":{"@type":"PropertyValueSpecification","valueRequired":true,"valueName":"search_term_string"}}],"inLanguage":"en-US"},{"@type":"Organization","@id":"https:\/\/dssi.sk\/#organization","name":"DSSI a.s.","url":"https:\/\/dssi.sk\/","logo":{"@type":"ImageObject","inLanguage":"en-US","@id":"https:\/\/dssi.sk\/#\/schema\/logo\/image\/","url":"https:\/\/dssi.sk\/wp-content\/uploads\/2019\/09\/logo-dssi-horizontal1.jpg","contentUrl":"https:\/\/dssi.sk\/wp-content\/uploads\/2019\/09\/logo-dssi-horizontal1.jpg","width":520,"height":520,"caption":"DSSI a.s."},"image":{"@id":"https:\/\/dssi.sk\/#\/schema\/logo\/image\/"}}]}},"_links":{"self":[{"href":"https:\/\/dssi.sk\/en\/wp-json\/wp\/v2\/pages\/455","targetHints":{"allow":["GET"]}}],"collection":[{"href":"https:\/\/dssi.sk\/en\/wp-json\/wp\/v2\/pages"}],"about":[{"href":"https:\/\/dssi.sk\/en\/wp-json\/wp\/v2\/types\/page"}],"author":[{"embeddable":true,"href":"https:\/\/dssi.sk\/en\/wp-json\/wp\/v2\/users\/1"}],"replies":[{"embeddable":true,"href":"https:\/\/dssi.sk\/en\/wp-json\/wp\/v2\/comments?post=455"}],"version-history":[{"count":2,"href":"https:\/\/dssi.sk\/en\/wp-json\/wp\/v2\/pages\/455\/revisions"}],"predecessor-version":[{"id":470,"href":"https:\/\/dssi.sk\/en\/wp-json\/wp\/v2\/pages\/455\/revisions\/470"}],"wp:attachment":[{"href":"https:\/\/dssi.sk\/en\/wp-json\/wp\/v2\/media?parent=455"}],"curies":[{"name":"wp","href":"https:\/\/api.w.org\/{rel}","templated":true}]}}