{"id":478,"date":"2019-09-16T17:38:11","date_gmt":"2019-09-16T15:38:11","guid":{"rendered":"http:\/\/dssi.h2studio.net\/?page_id=478"},"modified":"2019-09-16T23:46:44","modified_gmt":"2019-09-16T21:46:44","slug":"vetronicky-system-bvp-2","status":"publish","type":"page","link":"https:\/\/dssi.sk\/en\/vetronicky-system-bvp-2\/","title":{"rendered":"Vetronick\u00fd syst\u00e9m BVP-2"},"content":{"rendered":"<p>[et_pb_section fb_built=&#8220;1&#8243; admin_label=&#8220;section&#8220; _builder_version=&#8220;3.25.4&#8243; custom_padding=&#8220;0px||&#8220; fb_built=&#8220;1&#8243; _i=&#8220;0&#8243; _address=&#8220;0&#8243;][et_pb_row admin_label=&#8220;row&#8220; _builder_version=&#8220;3.25.4&#8243; background_size=&#8220;initial&#8220; background_position=&#8220;top_left&#8220; background_repeat=&#8220;repeat&#8220; custom_margin=&#8220;||&#8220; _i=&#8220;0&#8243; _address=&#8220;0.0&#8243;][et_pb_column type=&#8220;4_4&#8243; _builder_version=&#8220;3.25&#8243; custom_padding=&#8220;|||&#8220; custom_padding__hover=&#8220;|||&#8220; _i=&#8220;0&#8243; _address=&#8220;0.0.0&#8243;][et_pb_text _builder_version=&#8220;3.27.4&#8243; _dynamic_attributes=&#8220;content&#8220; text_font=&#8220;|||on|||||&#8220; text_font_size=&#8220;30px&#8220; link_font=&#8220;||||||||&#8220; ul_font=&#8220;||||||||&#8220; ol_font=&#8220;||||||||&#8220; quote_font=&#8220;||||||||&#8220; header_font=&#8220;||||||||&#8220; header_2_font=&#8220;||||||||&#8220; background_color=&#8220;rgba(0,0,0,0)&#8220; text_orientation=&#8220;center&#8220; width=&#8220;100%&#8220; max_width=&#8220;100%&#8220; text_text_align=&#8220;center&#8220; _i=&#8220;0&#8243; _address=&#8220;0.0.0.0&#8243;]@ET-DC@eyJkeW5hbWljIjp0cnVlLCJjb250ZW50IjoicG9zdF90aXRsZSIsInNldHRpbmdzIjp7ImJlZm9yZSI6IiIsImFmdGVyIjoiIn19@[\/et_pb_text][et_pb_text admin_label=&#8220;Text&#8220; _builder_version=&#8220;3.29.2&#8243; background_size=&#8220;initial&#8220; background_position=&#8220;top_left&#8220; background_repeat=&#8220;repeat&#8220; hover_enabled=&#8220;0&#8243; _i=&#8220;1&#8243; _address=&#8220;0.0.0.1&#8243;]<\/p>\n<p align=\"center\">Predlo\u017een\u00e1 vedeck\u00e1 \u0161t\u00fadia predstavuje prv\u00fd n\u00e1vrh koncepcie moderniz\u00e1cie bojov\u00e9ho vozidla pechoty BVP-2 ako integrovan\u00e9ho vetronick\u00e9ho syst\u00e9mu. Rie\u0161enie \u0161t\u00fadie bolo realizovan\u00e9 v\u00a0priebehu mesiacov marec \u2013 november 2007 s\u00a0hlavn\u00fdm cie\u013eom pos\u00fadi\u0165 mo\u017enosti inov\u00e1cie BVP-2 v\u00a0s\u00falade s\u00a0nov\u00fdmi trendmi v\u00a0mechanick\u00fdch, elektronick\u00fdch, informa\u010dn\u00fdch a komunika\u010dn\u00fdch syst\u00e9moch a\u00a0podobn\u00fdmi modern\u00fdmi bojov\u00fdmi vozidlami vo svete. Obsah \u0161t\u00fadie je rozdelen\u00fd na nasleduj\u00face \u010dasti:<\/p>\n<blockquote>\n<ul>\n<li>rozbor a\u00a0anal\u00fdza s\u00fa\u010dasn\u00e9ho stavu BVP-2 z\u00a0h\u013eadiska mechanick\u00fdch, elektrick\u00fdch riadiacich,\u00a0 komunika\u010dn\u00fdch a\u00a0bojov\u00fdch syst\u00e9mov a\u00a0potrieb implement\u00e1cie modern\u00e9ho vetronick\u00e9ho\u00a0 syst\u00e9mu do vozidla BVP-2,<\/li>\n<li>porovnanie s\u00fa\u010dasn\u00e9ho stavu vybavenia vozidla BVP-2 s\u00a0 modern\u00fdmi bojov\u00fdmi vozidlami\u00a0 syst\u00e9mami konkuren\u010dn\u00fdch v\u00fdrobcov (PUMA, ASCOD, BRADLEY),<\/li>\n<li>n\u00e1vrh inov\u00e1cie mechanick\u00fdch a\u00a0elektronick\u00fdch syst\u00e9mov vozidla BVP-2,<\/li>\n<li>n\u00e1vrh architekt\u00fary vetronick\u00e9ho syst\u00e9mu BVP-2,<\/li>\n<li>n\u00e1vrh vizualiza\u010dn\u00e9ho syst\u00e9mu BVP-2,<\/li>\n<li>n\u00e1vrh\u00a0 komunika\u010dn\u00e9ho a diagnostick\u00e9ho syst\u00e9mu BVP-2.<\/li>\n<\/ul>\n<\/blockquote>\n<div><a href=\"\/wp-content\/uploads\/2019\/09\/ventrobvp2-582x1024.jpg\"><img loading=\"lazy\" decoding=\"async\" src=\"\/wp-content\/uploads\/2019\/09\/ventrobvp2-582x1024-171x300.jpg\" width=\"171\" height=\"300\" alt=\"\" class=\"wp-image-652 aligncenter size-medium\" \/><\/a><\/div>\n<p>[\/et_pb_text][\/et_pb_column][\/et_pb_row][\/et_pb_section]<\/p>","protected":false},"excerpt":{"rendered":"<p>Predlo\u017een\u00e1 vedeck\u00e1 \u0161t\u00fadia predstavuje prv\u00fd n\u00e1vrh koncepcie moderniz\u00e1cie bojov\u00e9ho vozidla pechoty BVP-2 ako integrovan\u00e9ho vetronick\u00e9ho syst\u00e9mu. Rie\u0161enie \u0161t\u00fadie bolo realizovan\u00e9 v\u00a0priebehu mesiacov marec \u2013 november 2007 s\u00a0hlavn\u00fdm cie\u013eom pos\u00fadi\u0165 mo\u017enosti inov\u00e1cie BVP-2 v\u00a0s\u00falade s\u00a0nov\u00fdmi trendmi v\u00a0mechanick\u00fdch, elektronick\u00fdch, informa\u010dn\u00fdch a komunika\u010dn\u00fdch syst\u00e9moch a\u00a0podobn\u00fdmi modern\u00fdmi bojov\u00fdmi vozidlami vo svete. Obsah \u0161t\u00fadie je rozdelen\u00fd na nasleduj\u00face \u010dasti: rozbor [&hellip;]<\/p>","protected":false},"author":1,"featured_media":0,"parent":0,"menu_order":0,"comment_status":"closed","ping_status":"closed","template":"","meta":{"_et_pb_use_builder":"on","_et_pb_old_content":"","_et_gb_content_width":"","inline_featured_image":false,"_monsterinsights_skip_tracking":false,"_monsterinsights_sitenote_active":false,"_monsterinsights_sitenote_note":"","_monsterinsights_sitenote_category":0,"footnotes":""},"class_list":["post-478","page","type-page","status-publish","hentry"],"yoast_head":"<!-- This site is optimized with the Yoast SEO plugin v26.1.1 - https:\/\/yoast.com\/wordpress\/plugins\/seo\/ -->\n<title>Vetronick\u00fd syst\u00e9m BVP-2 - DSSI<\/title>\n<meta name=\"robots\" content=\"index, follow, max-snippet:-1, max-image-preview:large, max-video-preview:-1\" \/>\n<link rel=\"canonical\" href=\"https:\/\/dssi.sk\/en\/vetronicky-system-bvp-2\/\" \/>\n<meta property=\"og:locale\" content=\"en_US\" \/>\n<meta property=\"og:type\" content=\"article\" \/>\n<meta property=\"og:title\" content=\"Vetronick\u00fd syst\u00e9m BVP-2 - DSSI\" \/>\n<meta property=\"og:description\" content=\"Predlo\u017een\u00e1 vedeck\u00e1 \u0161t\u00fadia predstavuje prv\u00fd n\u00e1vrh koncepcie moderniz\u00e1cie bojov\u00e9ho vozidla pechoty BVP-2 ako integrovan\u00e9ho vetronick\u00e9ho syst\u00e9mu. Rie\u0161enie \u0161t\u00fadie bolo realizovan\u00e9 v\u00a0priebehu mesiacov marec \u2013 november 2007 s\u00a0hlavn\u00fdm cie\u013eom pos\u00fadi\u0165 mo\u017enosti inov\u00e1cie BVP-2 v\u00a0s\u00falade s\u00a0nov\u00fdmi trendmi v\u00a0mechanick\u00fdch, elektronick\u00fdch, informa\u010dn\u00fdch a komunika\u010dn\u00fdch syst\u00e9moch a\u00a0podobn\u00fdmi modern\u00fdmi bojov\u00fdmi vozidlami vo svete. Obsah \u0161t\u00fadie je rozdelen\u00fd na nasleduj\u00face \u010dasti: rozbor [&hellip;]\" \/>\n<meta property=\"og:url\" content=\"https:\/\/dssi.sk\/en\/vetronicky-system-bvp-2\/\" \/>\n<meta property=\"og:site_name\" content=\"DSSI\" \/>\n<meta property=\"article:modified_time\" content=\"2019-09-16T21:46:44+00:00\" \/>\n<meta property=\"og:image\" content=\"https:\/\/dssi.sk\/wp-content\/uploads\/2019\/09\/ventrobvp2-582x1024-171x300.jpg\" \/>\n<meta name=\"twitter:card\" content=\"summary_large_image\" \/>\n<meta name=\"twitter:label1\" content=\"Est. reading time\" \/>\n\t<meta name=\"twitter:data1\" content=\"2 minutes\" \/>\n<script type=\"application\/ld+json\" class=\"yoast-schema-graph\">{\"@context\":\"https:\/\/schema.org\",\"@graph\":[{\"@type\":\"WebPage\",\"@id\":\"https:\/\/dssi.sk\/en\/vetronicky-system-bvp-2\/\",\"url\":\"https:\/\/dssi.sk\/en\/vetronicky-system-bvp-2\/\",\"name\":\"Vetronick\u00fd syst\u00e9m BVP-2 - DSSI\",\"isPartOf\":{\"@id\":\"https:\/\/dssi.sk\/#website\"},\"datePublished\":\"2019-09-16T15:38:11+00:00\",\"dateModified\":\"2019-09-16T21:46:44+00:00\",\"breadcrumb\":{\"@id\":\"https:\/\/dssi.sk\/en\/vetronicky-system-bvp-2\/#breadcrumb\"},\"inLanguage\":\"en-US\",\"potentialAction\":[{\"@type\":\"ReadAction\",\"target\":[\"https:\/\/dssi.sk\/en\/vetronicky-system-bvp-2\/\"]}]},{\"@type\":\"BreadcrumbList\",\"@id\":\"https:\/\/dssi.sk\/en\/vetronicky-system-bvp-2\/#breadcrumb\",\"itemListElement\":[{\"@type\":\"ListItem\",\"position\":1,\"name\":\"Home\",\"item\":\"https:\/\/dssi.sk\/\"},{\"@type\":\"ListItem\",\"position\":2,\"name\":\"Vetronick\u00fd syst\u00e9m BVP-2\"}]},{\"@type\":\"WebSite\",\"@id\":\"https:\/\/dssi.sk\/#website\",\"url\":\"https:\/\/dssi.sk\/\",\"name\":\"DSSI\",\"description\":\"Development | Services | Security | Innovations\",\"publisher\":{\"@id\":\"https:\/\/dssi.sk\/#organization\"},\"potentialAction\":[{\"@type\":\"SearchAction\",\"target\":{\"@type\":\"EntryPoint\",\"urlTemplate\":\"https:\/\/dssi.sk\/?s={search_term_string}\"},\"query-input\":{\"@type\":\"PropertyValueSpecification\",\"valueRequired\":true,\"valueName\":\"search_term_string\"}}],\"inLanguage\":\"en-US\"},{\"@type\":\"Organization\",\"@id\":\"https:\/\/dssi.sk\/#organization\",\"name\":\"DSSI a.s.\",\"url\":\"https:\/\/dssi.sk\/\",\"logo\":{\"@type\":\"ImageObject\",\"inLanguage\":\"en-US\",\"@id\":\"https:\/\/dssi.sk\/#\/schema\/logo\/image\/\",\"url\":\"https:\/\/dssi.sk\/wp-content\/uploads\/2019\/09\/logo-dssi-horizontal1.jpg\",\"contentUrl\":\"https:\/\/dssi.sk\/wp-content\/uploads\/2019\/09\/logo-dssi-horizontal1.jpg\",\"width\":520,\"height\":520,\"caption\":\"DSSI a.s.\"},\"image\":{\"@id\":\"https:\/\/dssi.sk\/#\/schema\/logo\/image\/\"}}]}<\/script>\n<!-- \/ Yoast SEO plugin. -->","yoast_head_json":{"title":"Vetronick\u00fd syst\u00e9m BVP-2 - DSSI","robots":{"index":"index","follow":"follow","max-snippet":"max-snippet:-1","max-image-preview":"max-image-preview:large","max-video-preview":"max-video-preview:-1"},"canonical":"https:\/\/dssi.sk\/en\/vetronicky-system-bvp-2\/","og_locale":"en_US","og_type":"article","og_title":"Vetronick\u00fd syst\u00e9m BVP-2 - DSSI","og_description":"Predlo\u017een\u00e1 vedeck\u00e1 \u0161t\u00fadia predstavuje prv\u00fd n\u00e1vrh koncepcie moderniz\u00e1cie bojov\u00e9ho vozidla pechoty BVP-2 ako integrovan\u00e9ho vetronick\u00e9ho syst\u00e9mu. Rie\u0161enie \u0161t\u00fadie bolo realizovan\u00e9 v\u00a0priebehu mesiacov marec \u2013 november 2007 s\u00a0hlavn\u00fdm cie\u013eom pos\u00fadi\u0165 mo\u017enosti inov\u00e1cie BVP-2 v\u00a0s\u00falade s\u00a0nov\u00fdmi trendmi v\u00a0mechanick\u00fdch, elektronick\u00fdch, informa\u010dn\u00fdch a komunika\u010dn\u00fdch syst\u00e9moch a\u00a0podobn\u00fdmi modern\u00fdmi bojov\u00fdmi vozidlami vo svete. Obsah \u0161t\u00fadie je rozdelen\u00fd na nasleduj\u00face \u010dasti: rozbor [&hellip;]","og_url":"https:\/\/dssi.sk\/en\/vetronicky-system-bvp-2\/","og_site_name":"DSSI","article_modified_time":"2019-09-16T21:46:44+00:00","og_image":[{"url":"https:\/\/dssi.sk\/wp-content\/uploads\/2019\/09\/ventrobvp2-582x1024-171x300.jpg","type":"","width":"","height":""}],"twitter_card":"summary_large_image","twitter_misc":{"Est. reading time":"2 minutes"},"schema":{"@context":"https:\/\/schema.org","@graph":[{"@type":"WebPage","@id":"https:\/\/dssi.sk\/en\/vetronicky-system-bvp-2\/","url":"https:\/\/dssi.sk\/en\/vetronicky-system-bvp-2\/","name":"Vetronick\u00fd syst\u00e9m BVP-2 - DSSI","isPartOf":{"@id":"https:\/\/dssi.sk\/#website"},"datePublished":"2019-09-16T15:38:11+00:00","dateModified":"2019-09-16T21:46:44+00:00","breadcrumb":{"@id":"https:\/\/dssi.sk\/en\/vetronicky-system-bvp-2\/#breadcrumb"},"inLanguage":"en-US","potentialAction":[{"@type":"ReadAction","target":["https:\/\/dssi.sk\/en\/vetronicky-system-bvp-2\/"]}]},{"@type":"BreadcrumbList","@id":"https:\/\/dssi.sk\/en\/vetronicky-system-bvp-2\/#breadcrumb","itemListElement":[{"@type":"ListItem","position":1,"name":"Home","item":"https:\/\/dssi.sk\/"},{"@type":"ListItem","position":2,"name":"Vetronick\u00fd syst\u00e9m BVP-2"}]},{"@type":"WebSite","@id":"https:\/\/dssi.sk\/#website","url":"https:\/\/dssi.sk\/","name":"DSSI","description":"Development | Services | Security | Innovations","publisher":{"@id":"https:\/\/dssi.sk\/#organization"},"potentialAction":[{"@type":"SearchAction","target":{"@type":"EntryPoint","urlTemplate":"https:\/\/dssi.sk\/?s={search_term_string}"},"query-input":{"@type":"PropertyValueSpecification","valueRequired":true,"valueName":"search_term_string"}}],"inLanguage":"en-US"},{"@type":"Organization","@id":"https:\/\/dssi.sk\/#organization","name":"DSSI a.s.","url":"https:\/\/dssi.sk\/","logo":{"@type":"ImageObject","inLanguage":"en-US","@id":"https:\/\/dssi.sk\/#\/schema\/logo\/image\/","url":"https:\/\/dssi.sk\/wp-content\/uploads\/2019\/09\/logo-dssi-horizontal1.jpg","contentUrl":"https:\/\/dssi.sk\/wp-content\/uploads\/2019\/09\/logo-dssi-horizontal1.jpg","width":520,"height":520,"caption":"DSSI a.s."},"image":{"@id":"https:\/\/dssi.sk\/#\/schema\/logo\/image\/"}}]}},"_links":{"self":[{"href":"https:\/\/dssi.sk\/en\/wp-json\/wp\/v2\/pages\/478","targetHints":{"allow":["GET"]}}],"collection":[{"href":"https:\/\/dssi.sk\/en\/wp-json\/wp\/v2\/pages"}],"about":[{"href":"https:\/\/dssi.sk\/en\/wp-json\/wp\/v2\/types\/page"}],"author":[{"embeddable":true,"href":"https:\/\/dssi.sk\/en\/wp-json\/wp\/v2\/users\/1"}],"replies":[{"embeddable":true,"href":"https:\/\/dssi.sk\/en\/wp-json\/wp\/v2\/comments?post=478"}],"version-history":[{"count":4,"href":"https:\/\/dssi.sk\/en\/wp-json\/wp\/v2\/pages\/478\/revisions"}],"predecessor-version":[{"id":689,"href":"https:\/\/dssi.sk\/en\/wp-json\/wp\/v2\/pages\/478\/revisions\/689"}],"wp:attachment":[{"href":"https:\/\/dssi.sk\/en\/wp-json\/wp\/v2\/media?parent=478"}],"curies":[{"name":"wp","href":"https:\/\/api.w.org\/{rel}","templated":true}]}}