{"id":480,"date":"2019-09-16T17:38:13","date_gmt":"2019-09-16T15:38:13","guid":{"rendered":"http:\/\/dssi.h2studio.net\/?page_id=480"},"modified":"2019-09-16T23:47:15","modified_gmt":"2019-09-16T21:47:15","slug":"suprava-na-dekontaminaciu-vystroja","status":"publish","type":"page","link":"https:\/\/dssi.sk\/en\/suprava-na-dekontaminaciu-vystroja\/","title":{"rendered":"S\u00faprava na dekontamin\u00e1ciu v\u00fdstroja"},"content":{"rendered":"<p>[et_pb_section fb_built=&#8220;1&#8243; admin_label=&#8220;section&#8220; _builder_version=&#8220;3.25.4&#8243; custom_padding=&#8220;0px||&#8220; fb_built=&#8220;1&#8243; _i=&#8220;0&#8243; _address=&#8220;0&#8243;][et_pb_row admin_label=&#8220;row&#8220; _builder_version=&#8220;3.25.4&#8243; background_size=&#8220;initial&#8220; background_position=&#8220;top_left&#8220; background_repeat=&#8220;repeat&#8220; custom_margin=&#8220;||&#8220; _i=&#8220;0&#8243; _address=&#8220;0.0&#8243;][et_pb_column type=&#8220;4_4&#8243; _builder_version=&#8220;3.25&#8243; custom_padding=&#8220;|||&#8220; custom_padding__hover=&#8220;|||&#8220; _i=&#8220;0&#8243; _address=&#8220;0.0.0&#8243;][et_pb_text _builder_version=&#8220;3.27.4&#8243; _dynamic_attributes=&#8220;content&#8220; text_font=&#8220;|||on|||||&#8220; text_font_size=&#8220;30px&#8220; link_font=&#8220;||||||||&#8220; ul_font=&#8220;||||||||&#8220; ol_font=&#8220;||||||||&#8220; quote_font=&#8220;||||||||&#8220; header_font=&#8220;||||||||&#8220; header_2_font=&#8220;||||||||&#8220; background_color=&#8220;rgba(0,0,0,0)&#8220; text_orientation=&#8220;center&#8220; width=&#8220;100%&#8220; max_width=&#8220;100%&#8220; text_text_align=&#8220;center&#8220; _i=&#8220;0&#8243; _address=&#8220;0.0.0.0&#8243;]@ET-DC@eyJkeW5hbWljIjp0cnVlLCJjb250ZW50IjoicG9zdF90aXRsZSIsInNldHRpbmdzIjp7ImJlZm9yZSI6IiIsImFmdGVyIjoiIn19@[\/et_pb_text][et_pb_text admin_label=&#8220;Text&#8220; _builder_version=&#8220;3.29.2&#8243; background_size=&#8220;initial&#8220; background_position=&#8220;top_left&#8220; background_repeat=&#8220;repeat&#8220; hover_enabled=&#8220;0&#8243; _i=&#8220;1&#8243; _address=&#8220;0.0.0.1&#8243;]<\/p>\n<p>\u0160t\u00fadia obsahuje opera\u010dn\u00fa potrebu syst\u00e9mu, taktick\u00fa pou\u017eite\u013enos\u0165 prostriedku, s\u00fa\u010dasn\u00fd stav v\u00a0OS SR a\u00a0v\u00a0zahrani\u010d\u00ed, technologick\u00e9 predpoklady rie\u0161enia syst\u00e9mu, mo\u017enosti obstarania MPDV.<\/p>\n<p>Plnenie \u00faloh OS SR v\u00a0bojov\u00fdch oper\u00e1ci\u00e1ch na vlastnom \u00fazem\u00ed, pri podpore s\u00edl NATO i\u00a0po\u010das vojenskej asistencie org\u00e1nom integrovan\u00e9ho z\u00e1chrann\u00e9ho syst\u00e9mu bude v\u017edy pozna\u010den\u00e9 ur\u010dit\u00fdm rizikom radia\u010dnej, chemickej a\u00a0biologickej (NBC) kontamin\u00e1cie. Nejedn\u00e1 sa len o\u00a0rizika vypl\u00fdvaj\u00face s\u00a0pou\u017eitia jadrov\u00fdch, chemick\u00fdch a\u00a0biologick\u00fdch (JCHB) zbran\u00ed na bojisku, ale aj o\u00a0vytvorenie NBC kontamin\u00e1cie po teroristick\u00fdch \u00fatokoch JCHB zbra\u0148ami, po teroristick\u00fdch \u00fatokoch na zdroje nebezpe\u010dn\u00fdch l\u00e1tok v\u00a0priemysle a\u00a0infra\u0161trukt\u00fare a po technologick\u00fdch hav\u00e1ri\u00e1ch spojen\u00fdch s\u00a0\u00fanikom NBC kontamin\u00e1cie. S\u00a0rizikom kontamin\u00e1cie bud\u00fa spojen\u00e9 aj katastrofy sprev\u00e1dzan\u00e9 \u0161\u00edren\u00edm epid\u00e9mi\u00ed a\u00a0pand\u00e9mie.Pri tak\u00fdchto NBC- udalostiach bud\u00fa s\u00a0vysokou pravdepodobnos\u0165ou zasiahnut\u00fd nielen pr\u00edslu\u0161n\u00edci OS SR, ale aj obyvate\u013estvo. Skladba povrchovej kontamin\u00e1cie u\u00a0t\u00fdchto dvoch kateg\u00f3ri\u00ed bude ve\u013emi rozdielna. Pr\u00edslu\u0161n\u00edci OS SR disponuj\u00fa \u00fa\u010dinn\u00fdmi prostriedkami na individu\u00e1lnu ochranu (PIO) ko\u017ee i\u00a0d\u00fdchac\u00edch ciest, ktor\u00e9 obmedzia alebo \u00faplne znemo\u017enia kontamin\u00e1ciu ich osobn\u00e9ho v\u00fdstroja.\u00a0<\/p>\n<p><a href=\"\/wp-content\/uploads\/2019\/09\/detox-1024x871.jpg\"><img loading=\"lazy\" decoding=\"async\" src=\"\/wp-content\/uploads\/2019\/09\/detox-1024x871-300x255.jpg\" width=\"300\" height=\"255\" alt=\"\" class=\"wp-image-641 aligncenter size-medium\" \/><\/a><\/p>\n<p>[\/et_pb_text][\/et_pb_column][\/et_pb_row][\/et_pb_section]<\/p>","protected":false},"excerpt":{"rendered":"<p>\u0160t\u00fadia obsahuje opera\u010dn\u00fa potrebu syst\u00e9mu, taktick\u00fa pou\u017eite\u013enos\u0165 prostriedku, s\u00fa\u010dasn\u00fd stav v\u00a0OS SR a\u00a0v\u00a0zahrani\u010d\u00ed, technologick\u00e9 predpoklady rie\u0161enia syst\u00e9mu, mo\u017enosti obstarania MPDV. Plnenie \u00faloh OS SR v\u00a0bojov\u00fdch oper\u00e1ci\u00e1ch na vlastnom \u00fazem\u00ed, pri podpore s\u00edl NATO i\u00a0po\u010das vojenskej asistencie org\u00e1nom integrovan\u00e9ho z\u00e1chrann\u00e9ho syst\u00e9mu bude v\u017edy pozna\u010den\u00e9 ur\u010dit\u00fdm rizikom radia\u010dnej, chemickej a\u00a0biologickej (NBC) kontamin\u00e1cie. Nejedn\u00e1 sa len o\u00a0rizika vypl\u00fdvaj\u00face [&hellip;]<\/p>","protected":false},"author":1,"featured_media":0,"parent":0,"menu_order":0,"comment_status":"closed","ping_status":"closed","template":"","meta":{"_et_pb_use_builder":"on","_et_pb_old_content":"","_et_gb_content_width":"","inline_featured_image":false,"_monsterinsights_skip_tracking":false,"_monsterinsights_sitenote_active":false,"_monsterinsights_sitenote_note":"","_monsterinsights_sitenote_category":0,"footnotes":""},"class_list":["post-480","page","type-page","status-publish","hentry"],"yoast_head":"<!-- This site is optimized with the Yoast SEO plugin v26.1.1 - https:\/\/yoast.com\/wordpress\/plugins\/seo\/ -->\n<title>S\u00faprava na dekontamin\u00e1ciu v\u00fdstroja - DSSI<\/title>\n<meta name=\"robots\" content=\"index, follow, max-snippet:-1, max-image-preview:large, max-video-preview:-1\" \/>\n<link rel=\"canonical\" href=\"https:\/\/dssi.sk\/en\/suprava-na-dekontaminaciu-vystroja\/\" \/>\n<meta property=\"og:locale\" content=\"en_US\" \/>\n<meta property=\"og:type\" content=\"article\" \/>\n<meta property=\"og:title\" content=\"S\u00faprava na dekontamin\u00e1ciu v\u00fdstroja - DSSI\" \/>\n<meta property=\"og:description\" content=\"\u0160t\u00fadia obsahuje opera\u010dn\u00fa potrebu syst\u00e9mu, taktick\u00fa pou\u017eite\u013enos\u0165 prostriedku, s\u00fa\u010dasn\u00fd stav v\u00a0OS SR a\u00a0v\u00a0zahrani\u010d\u00ed, technologick\u00e9 predpoklady rie\u0161enia syst\u00e9mu, mo\u017enosti obstarania MPDV. Plnenie \u00faloh OS SR v\u00a0bojov\u00fdch oper\u00e1ci\u00e1ch na vlastnom \u00fazem\u00ed, pri podpore s\u00edl NATO i\u00a0po\u010das vojenskej asistencie org\u00e1nom integrovan\u00e9ho z\u00e1chrann\u00e9ho syst\u00e9mu bude v\u017edy pozna\u010den\u00e9 ur\u010dit\u00fdm rizikom radia\u010dnej, chemickej a\u00a0biologickej (NBC) kontamin\u00e1cie. Nejedn\u00e1 sa len o\u00a0rizika vypl\u00fdvaj\u00face [&hellip;]\" \/>\n<meta property=\"og:url\" content=\"https:\/\/dssi.sk\/en\/suprava-na-dekontaminaciu-vystroja\/\" \/>\n<meta property=\"og:site_name\" content=\"DSSI\" \/>\n<meta property=\"article:modified_time\" content=\"2019-09-16T21:47:15+00:00\" \/>\n<meta property=\"og:image\" content=\"https:\/\/dssi.sk\/wp-content\/uploads\/2019\/09\/detox-1024x871-300x255.jpg\" \/>\n<meta name=\"twitter:card\" content=\"summary_large_image\" \/>\n<meta name=\"twitter:label1\" content=\"Est. reading time\" \/>\n\t<meta name=\"twitter:data1\" content=\"2 minutes\" \/>\n<script type=\"application\/ld+json\" class=\"yoast-schema-graph\">{\"@context\":\"https:\/\/schema.org\",\"@graph\":[{\"@type\":\"WebPage\",\"@id\":\"https:\/\/dssi.sk\/suprava-na-dekontaminaciu-vystroja\/\",\"url\":\"https:\/\/dssi.sk\/suprava-na-dekontaminaciu-vystroja\/\",\"name\":\"S\u00faprava na dekontamin\u00e1ciu v\u00fdstroja - DSSI\",\"isPartOf\":{\"@id\":\"https:\/\/dssi.sk\/#website\"},\"datePublished\":\"2019-09-16T15:38:13+00:00\",\"dateModified\":\"2019-09-16T21:47:15+00:00\",\"breadcrumb\":{\"@id\":\"https:\/\/dssi.sk\/suprava-na-dekontaminaciu-vystroja\/#breadcrumb\"},\"inLanguage\":\"en-US\",\"potentialAction\":[{\"@type\":\"ReadAction\",\"target\":[\"https:\/\/dssi.sk\/suprava-na-dekontaminaciu-vystroja\/\"]}]},{\"@type\":\"BreadcrumbList\",\"@id\":\"https:\/\/dssi.sk\/suprava-na-dekontaminaciu-vystroja\/#breadcrumb\",\"itemListElement\":[{\"@type\":\"ListItem\",\"position\":1,\"name\":\"Home\",\"item\":\"https:\/\/dssi.sk\/\"},{\"@type\":\"ListItem\",\"position\":2,\"name\":\"S\u00faprava na dekontamin\u00e1ciu v\u00fdstroja\"}]},{\"@type\":\"WebSite\",\"@id\":\"https:\/\/dssi.sk\/#website\",\"url\":\"https:\/\/dssi.sk\/\",\"name\":\"DSSI\",\"description\":\"Development | Services | Security | Innovations\",\"publisher\":{\"@id\":\"https:\/\/dssi.sk\/#organization\"},\"potentialAction\":[{\"@type\":\"SearchAction\",\"target\":{\"@type\":\"EntryPoint\",\"urlTemplate\":\"https:\/\/dssi.sk\/?s={search_term_string}\"},\"query-input\":{\"@type\":\"PropertyValueSpecification\",\"valueRequired\":true,\"valueName\":\"search_term_string\"}}],\"inLanguage\":\"en-US\"},{\"@type\":\"Organization\",\"@id\":\"https:\/\/dssi.sk\/#organization\",\"name\":\"DSSI a.s.\",\"url\":\"https:\/\/dssi.sk\/\",\"logo\":{\"@type\":\"ImageObject\",\"inLanguage\":\"en-US\",\"@id\":\"https:\/\/dssi.sk\/#\/schema\/logo\/image\/\",\"url\":\"https:\/\/dssi.sk\/wp-content\/uploads\/2019\/09\/logo-dssi-horizontal1.jpg\",\"contentUrl\":\"https:\/\/dssi.sk\/wp-content\/uploads\/2019\/09\/logo-dssi-horizontal1.jpg\",\"width\":520,\"height\":520,\"caption\":\"DSSI a.s.\"},\"image\":{\"@id\":\"https:\/\/dssi.sk\/#\/schema\/logo\/image\/\"}}]}<\/script>\n<!-- \/ Yoast SEO plugin. -->","yoast_head_json":{"title":"S\u00faprava na dekontamin\u00e1ciu v\u00fdstroja - DSSI","robots":{"index":"index","follow":"follow","max-snippet":"max-snippet:-1","max-image-preview":"max-image-preview:large","max-video-preview":"max-video-preview:-1"},"canonical":"https:\/\/dssi.sk\/en\/suprava-na-dekontaminaciu-vystroja\/","og_locale":"en_US","og_type":"article","og_title":"S\u00faprava na dekontamin\u00e1ciu v\u00fdstroja - DSSI","og_description":"\u0160t\u00fadia obsahuje opera\u010dn\u00fa potrebu syst\u00e9mu, taktick\u00fa pou\u017eite\u013enos\u0165 prostriedku, s\u00fa\u010dasn\u00fd stav v\u00a0OS SR a\u00a0v\u00a0zahrani\u010d\u00ed, technologick\u00e9 predpoklady rie\u0161enia syst\u00e9mu, mo\u017enosti obstarania MPDV. Plnenie \u00faloh OS SR v\u00a0bojov\u00fdch oper\u00e1ci\u00e1ch na vlastnom \u00fazem\u00ed, pri podpore s\u00edl NATO i\u00a0po\u010das vojenskej asistencie org\u00e1nom integrovan\u00e9ho z\u00e1chrann\u00e9ho syst\u00e9mu bude v\u017edy pozna\u010den\u00e9 ur\u010dit\u00fdm rizikom radia\u010dnej, chemickej a\u00a0biologickej (NBC) kontamin\u00e1cie. Nejedn\u00e1 sa len o\u00a0rizika vypl\u00fdvaj\u00face [&hellip;]","og_url":"https:\/\/dssi.sk\/en\/suprava-na-dekontaminaciu-vystroja\/","og_site_name":"DSSI","article_modified_time":"2019-09-16T21:47:15+00:00","og_image":[{"url":"https:\/\/dssi.sk\/wp-content\/uploads\/2019\/09\/detox-1024x871-300x255.jpg","type":"","width":"","height":""}],"twitter_card":"summary_large_image","twitter_misc":{"Est. reading time":"2 minutes"},"schema":{"@context":"https:\/\/schema.org","@graph":[{"@type":"WebPage","@id":"https:\/\/dssi.sk\/suprava-na-dekontaminaciu-vystroja\/","url":"https:\/\/dssi.sk\/suprava-na-dekontaminaciu-vystroja\/","name":"S\u00faprava na dekontamin\u00e1ciu v\u00fdstroja - DSSI","isPartOf":{"@id":"https:\/\/dssi.sk\/#website"},"datePublished":"2019-09-16T15:38:13+00:00","dateModified":"2019-09-16T21:47:15+00:00","breadcrumb":{"@id":"https:\/\/dssi.sk\/suprava-na-dekontaminaciu-vystroja\/#breadcrumb"},"inLanguage":"en-US","potentialAction":[{"@type":"ReadAction","target":["https:\/\/dssi.sk\/suprava-na-dekontaminaciu-vystroja\/"]}]},{"@type":"BreadcrumbList","@id":"https:\/\/dssi.sk\/suprava-na-dekontaminaciu-vystroja\/#breadcrumb","itemListElement":[{"@type":"ListItem","position":1,"name":"Home","item":"https:\/\/dssi.sk\/"},{"@type":"ListItem","position":2,"name":"S\u00faprava na dekontamin\u00e1ciu v\u00fdstroja"}]},{"@type":"WebSite","@id":"https:\/\/dssi.sk\/#website","url":"https:\/\/dssi.sk\/","name":"DSSI","description":"Development | Services | Security | Innovations","publisher":{"@id":"https:\/\/dssi.sk\/#organization"},"potentialAction":[{"@type":"SearchAction","target":{"@type":"EntryPoint","urlTemplate":"https:\/\/dssi.sk\/?s={search_term_string}"},"query-input":{"@type":"PropertyValueSpecification","valueRequired":true,"valueName":"search_term_string"}}],"inLanguage":"en-US"},{"@type":"Organization","@id":"https:\/\/dssi.sk\/#organization","name":"DSSI a.s.","url":"https:\/\/dssi.sk\/","logo":{"@type":"ImageObject","inLanguage":"en-US","@id":"https:\/\/dssi.sk\/#\/schema\/logo\/image\/","url":"https:\/\/dssi.sk\/wp-content\/uploads\/2019\/09\/logo-dssi-horizontal1.jpg","contentUrl":"https:\/\/dssi.sk\/wp-content\/uploads\/2019\/09\/logo-dssi-horizontal1.jpg","width":520,"height":520,"caption":"DSSI a.s."},"image":{"@id":"https:\/\/dssi.sk\/#\/schema\/logo\/image\/"}}]}},"_links":{"self":[{"href":"https:\/\/dssi.sk\/en\/wp-json\/wp\/v2\/pages\/480","targetHints":{"allow":["GET"]}}],"collection":[{"href":"https:\/\/dssi.sk\/en\/wp-json\/wp\/v2\/pages"}],"about":[{"href":"https:\/\/dssi.sk\/en\/wp-json\/wp\/v2\/types\/page"}],"author":[{"embeddable":true,"href":"https:\/\/dssi.sk\/en\/wp-json\/wp\/v2\/users\/1"}],"replies":[{"embeddable":true,"href":"https:\/\/dssi.sk\/en\/wp-json\/wp\/v2\/comments?post=480"}],"version-history":[{"count":4,"href":"https:\/\/dssi.sk\/en\/wp-json\/wp\/v2\/pages\/480\/revisions"}],"predecessor-version":[{"id":690,"href":"https:\/\/dssi.sk\/en\/wp-json\/wp\/v2\/pages\/480\/revisions\/690"}],"wp:attachment":[{"href":"https:\/\/dssi.sk\/en\/wp-json\/wp\/v2\/media?parent=480"}],"curies":[{"name":"wp","href":"https:\/\/api.w.org\/{rel}","templated":true}]}}