{"id":482,"date":"2019-09-16T17:38:16","date_gmt":"2019-09-16T15:38:16","guid":{"rendered":"http:\/\/dssi.h2studio.net\/?page_id=482"},"modified":"2019-09-16T23:47:42","modified_gmt":"2019-09-16T21:47:42","slug":"ochrana-pozemnych-vozidiel-proti-ied","status":"publish","type":"page","link":"https:\/\/dssi.sk\/en\/ochrana-pozemnych-vozidiel-proti-ied\/","title":{"rendered":"Ochrana pozemn\u00fdch vozidiel proti IED"},"content":{"rendered":"<p>[et_pb_section fb_built=&#8220;1&#8243; admin_label=&#8220;section&#8220; _builder_version=&#8220;3.25.4&#8243; custom_padding=&#8220;0px||&#8220; fb_built=&#8220;1&#8243; _i=&#8220;0&#8243; _address=&#8220;0&#8243;][et_pb_row admin_label=&#8220;row&#8220; _builder_version=&#8220;3.25.4&#8243; background_size=&#8220;initial&#8220; background_position=&#8220;top_left&#8220; background_repeat=&#8220;repeat&#8220; custom_margin=&#8220;||&#8220; _i=&#8220;0&#8243; _address=&#8220;0.0&#8243;][et_pb_column type=&#8220;4_4&#8243; _builder_version=&#8220;3.25&#8243; custom_padding=&#8220;|||&#8220; custom_padding__hover=&#8220;|||&#8220; _i=&#8220;0&#8243; _address=&#8220;0.0.0&#8243;][et_pb_text _builder_version=&#8220;3.27.4&#8243; _dynamic_attributes=&#8220;content&#8220; text_font=&#8220;|||on|||||&#8220; text_font_size=&#8220;30px&#8220; link_font=&#8220;||||||||&#8220; ul_font=&#8220;||||||||&#8220; ol_font=&#8220;||||||||&#8220; quote_font=&#8220;||||||||&#8220; header_font=&#8220;||||||||&#8220; header_2_font=&#8220;||||||||&#8220; background_color=&#8220;rgba(0,0,0,0)&#8220; text_orientation=&#8220;center&#8220; width=&#8220;100%&#8220; max_width=&#8220;100%&#8220; text_text_align=&#8220;center&#8220; _i=&#8220;0&#8243; _address=&#8220;0.0.0.0&#8243;]@ET-DC@eyJkeW5hbWljIjp0cnVlLCJjb250ZW50IjoicG9zdF90aXRsZSIsInNldHRpbmdzIjp7ImJlZm9yZSI6IiIsImFmdGVyIjoiIn19@[\/et_pb_text][et_pb_text admin_label=&#8220;Text&#8220; _builder_version=&#8220;3.29.2&#8243; background_size=&#8220;initial&#8220; background_position=&#8220;top_left&#8220; background_repeat=&#8220;repeat&#8220; hover_enabled=&#8220;0&#8243; _i=&#8220;1&#8243; _address=&#8220;0.0.0.1&#8243;]<\/p>\n<p>V predkladanej\u00a0\u00favodnej vedeckej \u0161t\u00fadii s\u00a0n\u00e1zvom \u201eOchrana pozemn\u00fdch vozidiel proti IED\u201c s\u00fa podrobne rozpracovan\u00e9 rie\u0161ite\u013esk\u00e9 aktivity jednotliv\u00fdch subkontraktorov za SR v\u00a0projekte. Tieto s\u00fa spracovan\u00e9 v\u00a0s\u00falade so z\u00e1mermi EDA v\u00a0r\u00e1mci\u00a0 pl\u00e1novan\u00fdch pracovn\u00fdch\u00a0 bal\u00edkov (WP).<\/p>\n<p>Hlavn\u00fdm cie\u013eom projektu pripravovan\u00e9ho projektu EDA je v\u00fdvoj efekt\u00edvnej ochrany pozemn\u00fdch bojov\u00fdch vozidiel proti \u00faderom IED zalo\u017een\u00fdm na tlakovej vlne, fragmentoch a \u00a0pr\u00edpadnom \u00a0tepelnom \u017eiaren\u00ed s\u00a0predpokladan\u00fdmi bo\u010dn\u00fdmi smermi \u00fatokov.<\/p>\n<p>V\u00a0tomto zmysle\u00a0 hlavn\u00fdm cie\u013eom \u00favodnej vedeckej \u0161t\u00fadie \u201eOchrana pozemn\u00fdch vozidiel proti IED\u201c je anal\u00fdza obsahu jednotliv\u00fdch pracovn\u00fdch bal\u00edkov v\u00a0interakcii s\u00a0anal\u00fdzou rie\u0161ite\u013esk\u00fdch \u00faloh jednotliv\u00fdmi subjektmi a\u00a0zos\u00faladenie cie\u013eov a\u00a0z\u00e1merov rie\u0161enia s\u00a0hlavn\u00fdm cie\u013eom medzin\u00e1rodn\u00e9ho projektu EDA.<\/p>\n<p>K\u00a0\u010diastkov\u00fdm cie\u013eom \u00favodnej vedeckej \u0161t\u00fadie patria:<\/p>\n<blockquote>\n<ul>\n<li>Objekt\u00edvna identifik\u00e1cia IED, charakteristiky \u00fa\u010dinkov.<\/li>\n<li>Definovanie krit\u00e9ri\u00ed po\u0161koden\u00ed bojovej techniky.<\/li>\n<li>Anal\u00fdza testovac\u00edch met\u00f3d a vytvorenie testovac\u00edch proced\u00far.<\/li>\n<li>Anal\u00fdza matematick\u00fdch met\u00f3d pre modelovanie javov pri pou\u017eit\u00ed IED.<\/li>\n<li>Numerick\u00e9 simulovanie javov pri pou\u017eit\u00ed IED a\u00a0ich \u00fa\u010dinkov.<\/li>\n<li>Anal\u00fdza interakcie medzi pou\u017eit\u00fdm IED a\u00a0referen\u010dn\u00fdm vozidlom.<\/li>\n<li>Rozbor materi\u00e1lov\u00fdch a\u00a0technologick\u00fdch aspektov v\u00fdvoja ochrany.<\/li>\n<li>Mo\u017enosti v\u00fdroby a\u00a0obstarania kone\u010dn\u00fdch rie\u0161en\u00ed ochrany.<\/li>\n<li>Mo\u017enosti realiz\u00e1cie demon\u0161tra\u010dn\u00fdch testov.<\/li>\n<li>Integr\u00e1cia \u010diastkov\u00fdch v\u00fdsledkov do z\u00e1vere\u010dnej spr\u00e1vy.<\/li>\n<\/ul>\n<\/blockquote>\n<p><a href=\"\/wp-content\/uploads\/2019\/09\/vlna-1024x620.jpg\"><img loading=\"lazy\" decoding=\"async\" src=\"\/wp-content\/uploads\/2019\/09\/vlna-1024x620-300x182.jpg\" width=\"300\" height=\"182\" alt=\"\" class=\"wp-image-653 aligncenter size-medium\" \/><\/a><\/p>\n<p>[\/et_pb_text][\/et_pb_column][\/et_pb_row][\/et_pb_section]<\/p>","protected":false},"excerpt":{"rendered":"<p>V predkladanej\u00a0\u00favodnej vedeckej \u0161t\u00fadii s\u00a0n\u00e1zvom \u201eOchrana pozemn\u00fdch vozidiel proti IED\u201c s\u00fa podrobne rozpracovan\u00e9 rie\u0161ite\u013esk\u00e9 aktivity jednotliv\u00fdch subkontraktorov za SR v\u00a0projekte. Tieto s\u00fa spracovan\u00e9 v\u00a0s\u00falade so z\u00e1mermi EDA v\u00a0r\u00e1mci\u00a0 pl\u00e1novan\u00fdch pracovn\u00fdch\u00a0 bal\u00edkov (WP). Hlavn\u00fdm cie\u013eom projektu pripravovan\u00e9ho projektu EDA je v\u00fdvoj efekt\u00edvnej ochrany pozemn\u00fdch bojov\u00fdch vozidiel proti \u00faderom IED zalo\u017een\u00fdm na tlakovej vlne, fragmentoch a \u00a0pr\u00edpadnom [&hellip;]<\/p>","protected":false},"author":1,"featured_media":0,"parent":0,"menu_order":0,"comment_status":"closed","ping_status":"closed","template":"","meta":{"_et_pb_use_builder":"on","_et_pb_old_content":"","_et_gb_content_width":"","inline_featured_image":false,"_monsterinsights_skip_tracking":false,"_monsterinsights_sitenote_active":false,"_monsterinsights_sitenote_note":"","_monsterinsights_sitenote_category":0,"footnotes":""},"class_list":["post-482","page","type-page","status-publish","hentry"],"yoast_head":"<!-- This site is optimized with the Yoast SEO plugin v26.1.1 - https:\/\/yoast.com\/wordpress\/plugins\/seo\/ -->\n<title>Ochrana pozemn\u00fdch vozidiel proti IED - DSSI<\/title>\n<meta name=\"robots\" content=\"index, follow, max-snippet:-1, max-image-preview:large, max-video-preview:-1\" \/>\n<link rel=\"canonical\" href=\"https:\/\/dssi.sk\/en\/ochrana-pozemnych-vozidiel-proti-ied\/\" \/>\n<meta property=\"og:locale\" content=\"en_US\" \/>\n<meta property=\"og:type\" content=\"article\" \/>\n<meta property=\"og:title\" content=\"Ochrana pozemn\u00fdch vozidiel proti IED - DSSI\" \/>\n<meta property=\"og:description\" content=\"V predkladanej\u00a0\u00favodnej vedeckej \u0161t\u00fadii s\u00a0n\u00e1zvom \u201eOchrana pozemn\u00fdch vozidiel proti IED\u201c s\u00fa podrobne rozpracovan\u00e9 rie\u0161ite\u013esk\u00e9 aktivity jednotliv\u00fdch subkontraktorov za SR v\u00a0projekte. Tieto s\u00fa spracovan\u00e9 v\u00a0s\u00falade so z\u00e1mermi EDA v\u00a0r\u00e1mci\u00a0 pl\u00e1novan\u00fdch pracovn\u00fdch\u00a0 bal\u00edkov (WP). Hlavn\u00fdm cie\u013eom projektu pripravovan\u00e9ho projektu EDA je v\u00fdvoj efekt\u00edvnej ochrany pozemn\u00fdch bojov\u00fdch vozidiel proti \u00faderom IED zalo\u017een\u00fdm na tlakovej vlne, fragmentoch a \u00a0pr\u00edpadnom [&hellip;]\" \/>\n<meta property=\"og:url\" content=\"https:\/\/dssi.sk\/en\/ochrana-pozemnych-vozidiel-proti-ied\/\" \/>\n<meta property=\"og:site_name\" content=\"DSSI\" \/>\n<meta property=\"article:modified_time\" content=\"2019-09-16T21:47:42+00:00\" \/>\n<meta property=\"og:image\" content=\"https:\/\/dssi.sk\/wp-content\/uploads\/2019\/09\/vlna-1024x620-300x182.jpg\" \/>\n<meta name=\"twitter:card\" content=\"summary_large_image\" \/>\n<meta name=\"twitter:label1\" content=\"Est. reading time\" \/>\n\t<meta name=\"twitter:data1\" content=\"2 minutes\" \/>\n<script type=\"application\/ld+json\" class=\"yoast-schema-graph\">{\"@context\":\"https:\/\/schema.org\",\"@graph\":[{\"@type\":\"WebPage\",\"@id\":\"https:\/\/dssi.sk\/ochrana-pozemnych-vozidiel-proti-ied\/\",\"url\":\"https:\/\/dssi.sk\/ochrana-pozemnych-vozidiel-proti-ied\/\",\"name\":\"Ochrana pozemn\u00fdch vozidiel proti IED - DSSI\",\"isPartOf\":{\"@id\":\"https:\/\/dssi.sk\/#website\"},\"datePublished\":\"2019-09-16T15:38:16+00:00\",\"dateModified\":\"2019-09-16T21:47:42+00:00\",\"breadcrumb\":{\"@id\":\"https:\/\/dssi.sk\/ochrana-pozemnych-vozidiel-proti-ied\/#breadcrumb\"},\"inLanguage\":\"en-US\",\"potentialAction\":[{\"@type\":\"ReadAction\",\"target\":[\"https:\/\/dssi.sk\/ochrana-pozemnych-vozidiel-proti-ied\/\"]}]},{\"@type\":\"BreadcrumbList\",\"@id\":\"https:\/\/dssi.sk\/ochrana-pozemnych-vozidiel-proti-ied\/#breadcrumb\",\"itemListElement\":[{\"@type\":\"ListItem\",\"position\":1,\"name\":\"Home\",\"item\":\"https:\/\/dssi.sk\/\"},{\"@type\":\"ListItem\",\"position\":2,\"name\":\"Ochrana pozemn\u00fdch vozidiel proti IED\"}]},{\"@type\":\"WebSite\",\"@id\":\"https:\/\/dssi.sk\/#website\",\"url\":\"https:\/\/dssi.sk\/\",\"name\":\"DSSI\",\"description\":\"Development | Services | Security | Innovations\",\"publisher\":{\"@id\":\"https:\/\/dssi.sk\/#organization\"},\"potentialAction\":[{\"@type\":\"SearchAction\",\"target\":{\"@type\":\"EntryPoint\",\"urlTemplate\":\"https:\/\/dssi.sk\/?s={search_term_string}\"},\"query-input\":{\"@type\":\"PropertyValueSpecification\",\"valueRequired\":true,\"valueName\":\"search_term_string\"}}],\"inLanguage\":\"en-US\"},{\"@type\":\"Organization\",\"@id\":\"https:\/\/dssi.sk\/#organization\",\"name\":\"DSSI a.s.\",\"url\":\"https:\/\/dssi.sk\/\",\"logo\":{\"@type\":\"ImageObject\",\"inLanguage\":\"en-US\",\"@id\":\"https:\/\/dssi.sk\/#\/schema\/logo\/image\/\",\"url\":\"https:\/\/dssi.sk\/wp-content\/uploads\/2019\/09\/logo-dssi-horizontal1.jpg\",\"contentUrl\":\"https:\/\/dssi.sk\/wp-content\/uploads\/2019\/09\/logo-dssi-horizontal1.jpg\",\"width\":520,\"height\":520,\"caption\":\"DSSI a.s.\"},\"image\":{\"@id\":\"https:\/\/dssi.sk\/#\/schema\/logo\/image\/\"}}]}<\/script>\n<!-- \/ Yoast SEO plugin. -->","yoast_head_json":{"title":"Ochrana pozemn\u00fdch vozidiel proti IED - DSSI","robots":{"index":"index","follow":"follow","max-snippet":"max-snippet:-1","max-image-preview":"max-image-preview:large","max-video-preview":"max-video-preview:-1"},"canonical":"https:\/\/dssi.sk\/en\/ochrana-pozemnych-vozidiel-proti-ied\/","og_locale":"en_US","og_type":"article","og_title":"Ochrana pozemn\u00fdch vozidiel proti IED - DSSI","og_description":"V predkladanej\u00a0\u00favodnej vedeckej \u0161t\u00fadii s\u00a0n\u00e1zvom \u201eOchrana pozemn\u00fdch vozidiel proti IED\u201c s\u00fa podrobne rozpracovan\u00e9 rie\u0161ite\u013esk\u00e9 aktivity jednotliv\u00fdch subkontraktorov za SR v\u00a0projekte. Tieto s\u00fa spracovan\u00e9 v\u00a0s\u00falade so z\u00e1mermi EDA v\u00a0r\u00e1mci\u00a0 pl\u00e1novan\u00fdch pracovn\u00fdch\u00a0 bal\u00edkov (WP). Hlavn\u00fdm cie\u013eom projektu pripravovan\u00e9ho projektu EDA je v\u00fdvoj efekt\u00edvnej ochrany pozemn\u00fdch bojov\u00fdch vozidiel proti \u00faderom IED zalo\u017een\u00fdm na tlakovej vlne, fragmentoch a \u00a0pr\u00edpadnom [&hellip;]","og_url":"https:\/\/dssi.sk\/en\/ochrana-pozemnych-vozidiel-proti-ied\/","og_site_name":"DSSI","article_modified_time":"2019-09-16T21:47:42+00:00","og_image":[{"url":"https:\/\/dssi.sk\/wp-content\/uploads\/2019\/09\/vlna-1024x620-300x182.jpg","type":"","width":"","height":""}],"twitter_card":"summary_large_image","twitter_misc":{"Est. reading time":"2 minutes"},"schema":{"@context":"https:\/\/schema.org","@graph":[{"@type":"WebPage","@id":"https:\/\/dssi.sk\/ochrana-pozemnych-vozidiel-proti-ied\/","url":"https:\/\/dssi.sk\/ochrana-pozemnych-vozidiel-proti-ied\/","name":"Ochrana pozemn\u00fdch vozidiel proti IED - DSSI","isPartOf":{"@id":"https:\/\/dssi.sk\/#website"},"datePublished":"2019-09-16T15:38:16+00:00","dateModified":"2019-09-16T21:47:42+00:00","breadcrumb":{"@id":"https:\/\/dssi.sk\/ochrana-pozemnych-vozidiel-proti-ied\/#breadcrumb"},"inLanguage":"en-US","potentialAction":[{"@type":"ReadAction","target":["https:\/\/dssi.sk\/ochrana-pozemnych-vozidiel-proti-ied\/"]}]},{"@type":"BreadcrumbList","@id":"https:\/\/dssi.sk\/ochrana-pozemnych-vozidiel-proti-ied\/#breadcrumb","itemListElement":[{"@type":"ListItem","position":1,"name":"Home","item":"https:\/\/dssi.sk\/"},{"@type":"ListItem","position":2,"name":"Ochrana pozemn\u00fdch vozidiel proti IED"}]},{"@type":"WebSite","@id":"https:\/\/dssi.sk\/#website","url":"https:\/\/dssi.sk\/","name":"DSSI","description":"Development | Services | Security | Innovations","publisher":{"@id":"https:\/\/dssi.sk\/#organization"},"potentialAction":[{"@type":"SearchAction","target":{"@type":"EntryPoint","urlTemplate":"https:\/\/dssi.sk\/?s={search_term_string}"},"query-input":{"@type":"PropertyValueSpecification","valueRequired":true,"valueName":"search_term_string"}}],"inLanguage":"en-US"},{"@type":"Organization","@id":"https:\/\/dssi.sk\/#organization","name":"DSSI a.s.","url":"https:\/\/dssi.sk\/","logo":{"@type":"ImageObject","inLanguage":"en-US","@id":"https:\/\/dssi.sk\/#\/schema\/logo\/image\/","url":"https:\/\/dssi.sk\/wp-content\/uploads\/2019\/09\/logo-dssi-horizontal1.jpg","contentUrl":"https:\/\/dssi.sk\/wp-content\/uploads\/2019\/09\/logo-dssi-horizontal1.jpg","width":520,"height":520,"caption":"DSSI a.s."},"image":{"@id":"https:\/\/dssi.sk\/#\/schema\/logo\/image\/"}}]}},"_links":{"self":[{"href":"https:\/\/dssi.sk\/en\/wp-json\/wp\/v2\/pages\/482","targetHints":{"allow":["GET"]}}],"collection":[{"href":"https:\/\/dssi.sk\/en\/wp-json\/wp\/v2\/pages"}],"about":[{"href":"https:\/\/dssi.sk\/en\/wp-json\/wp\/v2\/types\/page"}],"author":[{"embeddable":true,"href":"https:\/\/dssi.sk\/en\/wp-json\/wp\/v2\/users\/1"}],"replies":[{"embeddable":true,"href":"https:\/\/dssi.sk\/en\/wp-json\/wp\/v2\/comments?post=482"}],"version-history":[{"count":4,"href":"https:\/\/dssi.sk\/en\/wp-json\/wp\/v2\/pages\/482\/revisions"}],"predecessor-version":[{"id":691,"href":"https:\/\/dssi.sk\/en\/wp-json\/wp\/v2\/pages\/482\/revisions\/691"}],"wp:attachment":[{"href":"https:\/\/dssi.sk\/en\/wp-json\/wp\/v2\/media?parent=482"}],"curies":[{"name":"wp","href":"https:\/\/api.w.org\/{rel}","templated":true}]}}