{"id":483,"date":"2019-09-16T17:38:18","date_gmt":"2019-09-16T15:38:18","guid":{"rendered":"http:\/\/dssi.h2studio.net\/?page_id=483"},"modified":"2019-09-16T23:49:14","modified_gmt":"2019-09-16T21:49:14","slug":"pouzitie-rfid-v-nebezpecnych-prostrediach","status":"publish","type":"page","link":"https:\/\/dssi.sk\/en\/pouzitie-rfid-v-nebezpecnych-prostrediach\/","title":{"rendered":"Pou\u017eitie RFID v nebezpe\u010dn\u00fdch prostrediach"},"content":{"rendered":"<p>[et_pb_section fb_built=&#8220;1&#8243; admin_label=&#8220;section&#8220; _builder_version=&#8220;3.25.4&#8243; custom_padding=&#8220;0px||&#8220; fb_built=&#8220;1&#8243; _i=&#8220;0&#8243; _address=&#8220;0&#8243;][et_pb_row admin_label=&#8220;row&#8220; _builder_version=&#8220;3.25.4&#8243; background_size=&#8220;initial&#8220; background_position=&#8220;top_left&#8220; background_repeat=&#8220;repeat&#8220; custom_margin=&#8220;||&#8220; _i=&#8220;0&#8243; _address=&#8220;0.0&#8243;][et_pb_column type=&#8220;4_4&#8243; _builder_version=&#8220;3.25&#8243; custom_padding=&#8220;|||&#8220; custom_padding__hover=&#8220;|||&#8220; _i=&#8220;0&#8243; _address=&#8220;0.0.0&#8243;][et_pb_text _builder_version=&#8220;3.27.4&#8243; _dynamic_attributes=&#8220;content&#8220; text_font=&#8220;|||on|||||&#8220; text_font_size=&#8220;30px&#8220; link_font=&#8220;||||||||&#8220; ul_font=&#8220;||||||||&#8220; ol_font=&#8220;||||||||&#8220; quote_font=&#8220;||||||||&#8220; header_font=&#8220;||||||||&#8220; header_2_font=&#8220;||||||||&#8220; background_color=&#8220;rgba(0,0,0,0)&#8220; text_orientation=&#8220;center&#8220; width=&#8220;100%&#8220; max_width=&#8220;100%&#8220; text_text_align=&#8220;center&#8220; _i=&#8220;0&#8243; _address=&#8220;0.0.0.0&#8243;]@ET-DC@eyJkeW5hbWljIjp0cnVlLCJjb250ZW50IjoicG9zdF90aXRsZSIsInNldHRpbmdzIjp7ImJlZm9yZSI6IiIsImFmdGVyIjoiIn19@[\/et_pb_text][et_pb_text admin_label=&#8220;Text&#8220; _builder_version=&#8220;3.29.2&#8243; background_size=&#8220;initial&#8220; background_position=&#8220;top_left&#8220; background_repeat=&#8220;repeat&#8220; hover_enabled=&#8220;0&#8243; _i=&#8220;1&#8243; _address=&#8220;0.0.0.1&#8243;]<\/p>\n<p>redlo\u017een\u00e1 vedeck\u00e1 \u0161t\u00fadia sk\u00fama mo\u017enos\u0165 vyu\u017eitia technol\u00f3gie RFID pre pou\u017eitie v\u00a0nebezpe\u010dn\u00fdch prostrediach (exploz\u00edvnych), na ozna\u010dovanie v\u00fdbu\u0161n\u00fdch materi\u00e1lov, sledovanie pohybu os\u00f4b a\u00a0ich \u010dinnosti s\u00a0pr\u00edslu\u0161nou dokument\u00e1ciou pohybu a\u00a0\u010dinnosti v\u00a0digit\u00e1lnej forme. Rie\u0161enie\u00a0 zahr\u0148uje sk\u00famanie modelov\u00fdch situ\u00e1cii, sledovanie pohybu a\u00a0stavu z\u00e1sob mun\u00edcie a\u00a0in\u00e9ho kovov\u00e9ho tovaru (sk\u00famanie vplyvu kovov\u00fdch s\u00fa\u010dast\u00ed vojensk\u00e9ho materi\u00e1lu na pou\u017eite\u013enosti RFID).<br \/> <a href=\"\/wp-content\/uploads\/2019\/09\/rfid.jpg\"><img loading=\"lazy\" decoding=\"async\" src=\"\/wp-content\/uploads\/2019\/09\/rfid.jpg\" width=\"350\" height=\"254\" alt=\"\" class=\"wp-image-648 aligncenter size-full\" srcset=\"https:\/\/dssi.sk\/wp-content\/uploads\/2019\/09\/rfid.jpg 350w, https:\/\/dssi.sk\/wp-content\/uploads\/2019\/09\/rfid-300x218.jpg 300w\" sizes=\"(max-width: 350px) 100vw, 350px\" \/><\/a><\/p>\n<p>[\/et_pb_text][\/et_pb_column][\/et_pb_row][\/et_pb_section]<\/p>","protected":false},"excerpt":{"rendered":"<p>redlo\u017een\u00e1 vedeck\u00e1 \u0161t\u00fadia sk\u00fama mo\u017enos\u0165 vyu\u017eitia technol\u00f3gie RFID pre pou\u017eitie v\u00a0nebezpe\u010dn\u00fdch prostrediach (exploz\u00edvnych), na ozna\u010dovanie v\u00fdbu\u0161n\u00fdch materi\u00e1lov, sledovanie pohybu os\u00f4b a\u00a0ich \u010dinnosti s\u00a0pr\u00edslu\u0161nou dokument\u00e1ciou pohybu a\u00a0\u010dinnosti v\u00a0digit\u00e1lnej forme. Rie\u0161enie\u00a0 zahr\u0148uje sk\u00famanie modelov\u00fdch situ\u00e1cii, sledovanie pohybu a\u00a0stavu z\u00e1sob mun\u00edcie a\u00a0in\u00e9ho kovov\u00e9ho tovaru (sk\u00famanie vplyvu kovov\u00fdch s\u00fa\u010dast\u00ed vojensk\u00e9ho materi\u00e1lu na pou\u017eite\u013enosti RFID).<\/p>","protected":false},"author":1,"featured_media":0,"parent":0,"menu_order":0,"comment_status":"closed","ping_status":"closed","template":"","meta":{"_et_pb_use_builder":"on","_et_pb_old_content":"","_et_gb_content_width":"","inline_featured_image":false,"_monsterinsights_skip_tracking":false,"_monsterinsights_sitenote_active":false,"_monsterinsights_sitenote_note":"","_monsterinsights_sitenote_category":0,"footnotes":""},"class_list":["post-483","page","type-page","status-publish","hentry"],"yoast_head":"<!-- This site is optimized with the Yoast SEO plugin v26.1.1 - https:\/\/yoast.com\/wordpress\/plugins\/seo\/ -->\n<title>Pou\u017eitie RFID v nebezpe\u010dn\u00fdch prostrediach - DSSI<\/title>\n<meta name=\"robots\" content=\"index, follow, max-snippet:-1, max-image-preview:large, max-video-preview:-1\" \/>\n<link rel=\"canonical\" href=\"https:\/\/dssi.sk\/en\/pouzitie-rfid-v-nebezpecnych-prostrediach\/\" \/>\n<meta property=\"og:locale\" content=\"en_US\" \/>\n<meta property=\"og:type\" content=\"article\" \/>\n<meta property=\"og:title\" content=\"Pou\u017eitie RFID v nebezpe\u010dn\u00fdch prostrediach - DSSI\" \/>\n<meta property=\"og:description\" content=\"redlo\u017een\u00e1 vedeck\u00e1 \u0161t\u00fadia sk\u00fama mo\u017enos\u0165 vyu\u017eitia technol\u00f3gie RFID pre pou\u017eitie v\u00a0nebezpe\u010dn\u00fdch prostrediach (exploz\u00edvnych), na ozna\u010dovanie v\u00fdbu\u0161n\u00fdch materi\u00e1lov, sledovanie pohybu os\u00f4b a\u00a0ich \u010dinnosti s\u00a0pr\u00edslu\u0161nou dokument\u00e1ciou pohybu a\u00a0\u010dinnosti v\u00a0digit\u00e1lnej forme. Rie\u0161enie\u00a0 zahr\u0148uje sk\u00famanie modelov\u00fdch situ\u00e1cii, sledovanie pohybu a\u00a0stavu z\u00e1sob mun\u00edcie a\u00a0in\u00e9ho kovov\u00e9ho tovaru (sk\u00famanie vplyvu kovov\u00fdch s\u00fa\u010dast\u00ed vojensk\u00e9ho materi\u00e1lu na pou\u017eite\u013enosti RFID).\" \/>\n<meta property=\"og:url\" content=\"https:\/\/dssi.sk\/en\/pouzitie-rfid-v-nebezpecnych-prostrediach\/\" \/>\n<meta property=\"og:site_name\" content=\"DSSI\" \/>\n<meta property=\"article:modified_time\" content=\"2019-09-16T21:49:14+00:00\" \/>\n<meta property=\"og:image\" content=\"https:\/\/dssi.sk\/wp-content\/uploads\/2019\/09\/rfid.jpg\" \/>\n<meta name=\"twitter:card\" content=\"summary_large_image\" \/>\n<meta name=\"twitter:label1\" content=\"Est. reading time\" \/>\n\t<meta name=\"twitter:data1\" content=\"1 minute\" \/>\n<script type=\"application\/ld+json\" class=\"yoast-schema-graph\">{\"@context\":\"https:\/\/schema.org\",\"@graph\":[{\"@type\":\"WebPage\",\"@id\":\"https:\/\/dssi.sk\/pouzitie-rfid-v-nebezpecnych-prostrediach\/\",\"url\":\"https:\/\/dssi.sk\/pouzitie-rfid-v-nebezpecnych-prostrediach\/\",\"name\":\"Pou\u017eitie RFID v nebezpe\u010dn\u00fdch prostrediach - DSSI\",\"isPartOf\":{\"@id\":\"https:\/\/dssi.sk\/#website\"},\"datePublished\":\"2019-09-16T15:38:18+00:00\",\"dateModified\":\"2019-09-16T21:49:14+00:00\",\"breadcrumb\":{\"@id\":\"https:\/\/dssi.sk\/pouzitie-rfid-v-nebezpecnych-prostrediach\/#breadcrumb\"},\"inLanguage\":\"en-US\",\"potentialAction\":[{\"@type\":\"ReadAction\",\"target\":[\"https:\/\/dssi.sk\/pouzitie-rfid-v-nebezpecnych-prostrediach\/\"]}]},{\"@type\":\"BreadcrumbList\",\"@id\":\"https:\/\/dssi.sk\/pouzitie-rfid-v-nebezpecnych-prostrediach\/#breadcrumb\",\"itemListElement\":[{\"@type\":\"ListItem\",\"position\":1,\"name\":\"Home\",\"item\":\"https:\/\/dssi.sk\/\"},{\"@type\":\"ListItem\",\"position\":2,\"name\":\"Pou\u017eitie RFID v nebezpe\u010dn\u00fdch prostrediach\"}]},{\"@type\":\"WebSite\",\"@id\":\"https:\/\/dssi.sk\/#website\",\"url\":\"https:\/\/dssi.sk\/\",\"name\":\"DSSI\",\"description\":\"Development | Services | Security | Innovations\",\"publisher\":{\"@id\":\"https:\/\/dssi.sk\/#organization\"},\"potentialAction\":[{\"@type\":\"SearchAction\",\"target\":{\"@type\":\"EntryPoint\",\"urlTemplate\":\"https:\/\/dssi.sk\/?s={search_term_string}\"},\"query-input\":{\"@type\":\"PropertyValueSpecification\",\"valueRequired\":true,\"valueName\":\"search_term_string\"}}],\"inLanguage\":\"en-US\"},{\"@type\":\"Organization\",\"@id\":\"https:\/\/dssi.sk\/#organization\",\"name\":\"DSSI a.s.\",\"url\":\"https:\/\/dssi.sk\/\",\"logo\":{\"@type\":\"ImageObject\",\"inLanguage\":\"en-US\",\"@id\":\"https:\/\/dssi.sk\/#\/schema\/logo\/image\/\",\"url\":\"https:\/\/dssi.sk\/wp-content\/uploads\/2019\/09\/logo-dssi-horizontal1.jpg\",\"contentUrl\":\"https:\/\/dssi.sk\/wp-content\/uploads\/2019\/09\/logo-dssi-horizontal1.jpg\",\"width\":520,\"height\":520,\"caption\":\"DSSI a.s.\"},\"image\":{\"@id\":\"https:\/\/dssi.sk\/#\/schema\/logo\/image\/\"}}]}<\/script>\n<!-- \/ Yoast SEO plugin. -->","yoast_head_json":{"title":"Pou\u017eitie RFID v nebezpe\u010dn\u00fdch prostrediach - DSSI","robots":{"index":"index","follow":"follow","max-snippet":"max-snippet:-1","max-image-preview":"max-image-preview:large","max-video-preview":"max-video-preview:-1"},"canonical":"https:\/\/dssi.sk\/en\/pouzitie-rfid-v-nebezpecnych-prostrediach\/","og_locale":"en_US","og_type":"article","og_title":"Pou\u017eitie RFID v nebezpe\u010dn\u00fdch prostrediach - DSSI","og_description":"redlo\u017een\u00e1 vedeck\u00e1 \u0161t\u00fadia sk\u00fama mo\u017enos\u0165 vyu\u017eitia technol\u00f3gie RFID pre pou\u017eitie v\u00a0nebezpe\u010dn\u00fdch prostrediach (exploz\u00edvnych), na ozna\u010dovanie v\u00fdbu\u0161n\u00fdch materi\u00e1lov, sledovanie pohybu os\u00f4b a\u00a0ich \u010dinnosti s\u00a0pr\u00edslu\u0161nou dokument\u00e1ciou pohybu a\u00a0\u010dinnosti v\u00a0digit\u00e1lnej forme. Rie\u0161enie\u00a0 zahr\u0148uje sk\u00famanie modelov\u00fdch situ\u00e1cii, sledovanie pohybu a\u00a0stavu z\u00e1sob mun\u00edcie a\u00a0in\u00e9ho kovov\u00e9ho tovaru (sk\u00famanie vplyvu kovov\u00fdch s\u00fa\u010dast\u00ed vojensk\u00e9ho materi\u00e1lu na pou\u017eite\u013enosti RFID).","og_url":"https:\/\/dssi.sk\/en\/pouzitie-rfid-v-nebezpecnych-prostrediach\/","og_site_name":"DSSI","article_modified_time":"2019-09-16T21:49:14+00:00","og_image":[{"url":"https:\/\/dssi.sk\/wp-content\/uploads\/2019\/09\/rfid.jpg","type":"","width":"","height":""}],"twitter_card":"summary_large_image","twitter_misc":{"Est. reading time":"1 minute"},"schema":{"@context":"https:\/\/schema.org","@graph":[{"@type":"WebPage","@id":"https:\/\/dssi.sk\/pouzitie-rfid-v-nebezpecnych-prostrediach\/","url":"https:\/\/dssi.sk\/pouzitie-rfid-v-nebezpecnych-prostrediach\/","name":"Pou\u017eitie RFID v nebezpe\u010dn\u00fdch prostrediach - DSSI","isPartOf":{"@id":"https:\/\/dssi.sk\/#website"},"datePublished":"2019-09-16T15:38:18+00:00","dateModified":"2019-09-16T21:49:14+00:00","breadcrumb":{"@id":"https:\/\/dssi.sk\/pouzitie-rfid-v-nebezpecnych-prostrediach\/#breadcrumb"},"inLanguage":"en-US","potentialAction":[{"@type":"ReadAction","target":["https:\/\/dssi.sk\/pouzitie-rfid-v-nebezpecnych-prostrediach\/"]}]},{"@type":"BreadcrumbList","@id":"https:\/\/dssi.sk\/pouzitie-rfid-v-nebezpecnych-prostrediach\/#breadcrumb","itemListElement":[{"@type":"ListItem","position":1,"name":"Home","item":"https:\/\/dssi.sk\/"},{"@type":"ListItem","position":2,"name":"Pou\u017eitie RFID v nebezpe\u010dn\u00fdch prostrediach"}]},{"@type":"WebSite","@id":"https:\/\/dssi.sk\/#website","url":"https:\/\/dssi.sk\/","name":"DSSI","description":"Development | Services | Security | Innovations","publisher":{"@id":"https:\/\/dssi.sk\/#organization"},"potentialAction":[{"@type":"SearchAction","target":{"@type":"EntryPoint","urlTemplate":"https:\/\/dssi.sk\/?s={search_term_string}"},"query-input":{"@type":"PropertyValueSpecification","valueRequired":true,"valueName":"search_term_string"}}],"inLanguage":"en-US"},{"@type":"Organization","@id":"https:\/\/dssi.sk\/#organization","name":"DSSI a.s.","url":"https:\/\/dssi.sk\/","logo":{"@type":"ImageObject","inLanguage":"en-US","@id":"https:\/\/dssi.sk\/#\/schema\/logo\/image\/","url":"https:\/\/dssi.sk\/wp-content\/uploads\/2019\/09\/logo-dssi-horizontal1.jpg","contentUrl":"https:\/\/dssi.sk\/wp-content\/uploads\/2019\/09\/logo-dssi-horizontal1.jpg","width":520,"height":520,"caption":"DSSI a.s."},"image":{"@id":"https:\/\/dssi.sk\/#\/schema\/logo\/image\/"}}]}},"_links":{"self":[{"href":"https:\/\/dssi.sk\/en\/wp-json\/wp\/v2\/pages\/483","targetHints":{"allow":["GET"]}}],"collection":[{"href":"https:\/\/dssi.sk\/en\/wp-json\/wp\/v2\/pages"}],"about":[{"href":"https:\/\/dssi.sk\/en\/wp-json\/wp\/v2\/types\/page"}],"author":[{"embeddable":true,"href":"https:\/\/dssi.sk\/en\/wp-json\/wp\/v2\/users\/1"}],"replies":[{"embeddable":true,"href":"https:\/\/dssi.sk\/en\/wp-json\/wp\/v2\/comments?post=483"}],"version-history":[{"count":4,"href":"https:\/\/dssi.sk\/en\/wp-json\/wp\/v2\/pages\/483\/revisions"}],"predecessor-version":[{"id":695,"href":"https:\/\/dssi.sk\/en\/wp-json\/wp\/v2\/pages\/483\/revisions\/695"}],"wp:attachment":[{"href":"https:\/\/dssi.sk\/en\/wp-json\/wp\/v2\/media?parent=483"}],"curies":[{"name":"wp","href":"https:\/\/api.w.org\/{rel}","templated":true}]}}