{"id":523,"date":"2019-09-16T17:47:19","date_gmt":"2019-09-16T15:47:19","guid":{"rendered":"http:\/\/dssi.h2studio.net\/?page_id=523"},"modified":"2019-09-16T23:48:45","modified_gmt":"2019-09-16T21:48:45","slug":"vetronicky-system-bojoveho-vozidla-pre-nec","status":"publish","type":"page","link":"https:\/\/dssi.sk\/en\/vetronicky-system-bojoveho-vozidla-pre-nec\/","title":{"rendered":"Vetronick\u00fd syst\u00e9m bojov\u00e9ho vozidla pre NEC"},"content":{"rendered":"<p>[et_pb_section fb_built=&#8220;1&#8243; admin_label=&#8220;section&#8220; _builder_version=&#8220;3.25.4&#8243; custom_padding=&#8220;0px||&#8220; fb_built=&#8220;1&#8243; _i=&#8220;0&#8243; _address=&#8220;0&#8243;][et_pb_row admin_label=&#8220;row&#8220; _builder_version=&#8220;3.25.4&#8243; background_size=&#8220;initial&#8220; background_position=&#8220;top_left&#8220; background_repeat=&#8220;repeat&#8220; custom_margin=&#8220;||&#8220; _i=&#8220;0&#8243; _address=&#8220;0.0&#8243;][et_pb_column type=&#8220;4_4&#8243; _builder_version=&#8220;3.25&#8243; custom_padding=&#8220;|||&#8220; custom_padding__hover=&#8220;|||&#8220; _i=&#8220;0&#8243; _address=&#8220;0.0.0&#8243;][et_pb_text _builder_version=&#8220;3.27.4&#8243; _dynamic_attributes=&#8220;content&#8220; text_font=&#8220;|||on|||||&#8220; text_font_size=&#8220;30px&#8220; link_font=&#8220;||||||||&#8220; ul_font=&#8220;||||||||&#8220; ol_font=&#8220;||||||||&#8220; quote_font=&#8220;||||||||&#8220; header_font=&#8220;||||||||&#8220; header_2_font=&#8220;||||||||&#8220; background_color=&#8220;rgba(0,0,0,0)&#8220; text_orientation=&#8220;center&#8220; width=&#8220;100%&#8220; max_width=&#8220;100%&#8220; text_text_align=&#8220;center&#8220; _i=&#8220;0&#8243; _address=&#8220;0.0.0.0&#8243;]@ET-DC@eyJkeW5hbWljIjp0cnVlLCJjb250ZW50IjoicG9zdF90aXRsZSIsInNldHRpbmdzIjp7ImJlZm9yZSI6IiIsImFmdGVyIjoiIn19@[\/et_pb_text][et_pb_text admin_label=&#8220;Text&#8220; _builder_version=&#8220;3.29.2&#8243; background_size=&#8220;initial&#8220; background_position=&#8220;top_left&#8220; background_repeat=&#8220;repeat&#8220; hover_enabled=&#8220;0&#8243; _i=&#8220;1&#8243; _address=&#8220;0.0.0.1&#8243;]<\/p>\n<p>Predlo\u017een\u00e1 vedeck\u00e1 \u0161t\u00fadia predstavuje druh\u00fd n\u00e1vrh koncepcie pre moderniz\u00e1ciu bojov\u00e9ho vozidla pechoty BVP-2. Hlavn\u00fdm cie\u013eom \u0161t\u00fadie je n\u00e1vrh metodol\u00f3gie, noriem a\u00a0postupov v\u00fdvoja mechatronick\u00fdch, informa\u010dn\u00fdch, komunika\u010dn\u00fdch a\u00a0riadiacich syst\u00e9mov pre komplexn\u00e9 vetronick\u00e9 syst\u00e9my a\u00a0ich implement\u00e1cie pre BVP-2. Je pokra\u010dovan\u00edm vedeckej \u0161t\u00fadie z roku 2007<span>\u00a0<\/span><em>Moderniz\u00e1cia \u2026<span>\u00a0<\/span><\/em>a\u00a0jej ro\u017e\u0161\u00edren\u00edm predov\u0161etk\u00fdm o aplik\u00e1ciu eur\u00f3psk\u00fdch noriem a\u00a0platforiem pre v\u00fdvoj vetronick\u00fdch syst\u00e9mov a\u00a0n\u00e1vrh postupov pre ich aplik\u00e1ciu na BVP2.<\/p>\n<p>\u0160t\u00fadia vznik\u00e1 v\u00a0\u010dase, ke\u010f sa celosvetovo kon\u0161tatuje, \u017ee zv\u00fd\u0161enie bojaschopnosti vojensk\u00fdch syst\u00e9mov pomocou modern\u00fdch komunika\u010dn\u00fdch a\u00a0informa\u010dn\u00fdch technol\u00f3gi\u00ed je jednou z\u00a0nevyhnutn\u00fdch \u010dinnost\u00ed na zefekt\u00edvnenie \u010dinnosti arm\u00e1dy v\u00a0najbli\u017e\u0161\u00edch rokoch tak v\u00a0r\u00e1mci SR ako aj v\u00a0r\u00e1mci Eur\u00f3py a\u00a0NATO.<\/p>\n<p><a href=\"\/wp-content\/uploads\/2019\/09\/tank.jpg\"><img loading=\"lazy\" decoding=\"async\" src=\"\/wp-content\/uploads\/2019\/09\/tank-300x192.jpg\" width=\"300\" height=\"192\" alt=\"\" class=\"wp-image-649 aligncenter size-medium\" \/><\/a><\/p>\n<p>[\/et_pb_text][\/et_pb_column][\/et_pb_row][\/et_pb_section]<\/p>","protected":false},"excerpt":{"rendered":"<p>Predlo\u017een\u00e1 vedeck\u00e1 \u0161t\u00fadia predstavuje druh\u00fd n\u00e1vrh koncepcie pre moderniz\u00e1ciu bojov\u00e9ho vozidla pechoty BVP-2. Hlavn\u00fdm cie\u013eom \u0161t\u00fadie je n\u00e1vrh metodol\u00f3gie, noriem a\u00a0postupov v\u00fdvoja mechatronick\u00fdch, informa\u010dn\u00fdch, komunika\u010dn\u00fdch a\u00a0riadiacich syst\u00e9mov pre komplexn\u00e9 vetronick\u00e9 syst\u00e9my a\u00a0ich implement\u00e1cie pre BVP-2. Je pokra\u010dovan\u00edm vedeckej \u0161t\u00fadie z roku 2007\u00a0Moderniz\u00e1cia \u2026\u00a0a\u00a0jej ro\u017e\u0161\u00edren\u00edm predov\u0161etk\u00fdm o aplik\u00e1ciu eur\u00f3psk\u00fdch noriem a\u00a0platforiem pre v\u00fdvoj vetronick\u00fdch syst\u00e9mov a\u00a0n\u00e1vrh [&hellip;]<\/p>","protected":false},"author":1,"featured_media":0,"parent":0,"menu_order":0,"comment_status":"closed","ping_status":"closed","template":"","meta":{"_et_pb_use_builder":"on","_et_pb_old_content":"","_et_gb_content_width":"","inline_featured_image":false,"_monsterinsights_skip_tracking":false,"_monsterinsights_sitenote_active":false,"_monsterinsights_sitenote_note":"","_monsterinsights_sitenote_category":0,"footnotes":""},"class_list":["post-523","page","type-page","status-publish","hentry"],"yoast_head":"<!-- This site is optimized with the Yoast SEO plugin v26.1.1 - https:\/\/yoast.com\/wordpress\/plugins\/seo\/ -->\n<title>Vetronick\u00fd syst\u00e9m bojov\u00e9ho vozidla pre NEC - DSSI<\/title>\n<meta name=\"robots\" content=\"index, follow, max-snippet:-1, max-image-preview:large, max-video-preview:-1\" \/>\n<link rel=\"canonical\" href=\"https:\/\/dssi.sk\/en\/vetronicky-system-bojoveho-vozidla-pre-nec\/\" \/>\n<meta property=\"og:locale\" content=\"en_US\" \/>\n<meta property=\"og:type\" content=\"article\" \/>\n<meta property=\"og:title\" content=\"Vetronick\u00fd syst\u00e9m bojov\u00e9ho vozidla pre NEC - DSSI\" \/>\n<meta property=\"og:description\" content=\"Predlo\u017een\u00e1 vedeck\u00e1 \u0161t\u00fadia predstavuje druh\u00fd n\u00e1vrh koncepcie pre moderniz\u00e1ciu bojov\u00e9ho vozidla pechoty BVP-2. Hlavn\u00fdm cie\u013eom \u0161t\u00fadie je n\u00e1vrh metodol\u00f3gie, noriem a\u00a0postupov v\u00fdvoja mechatronick\u00fdch, informa\u010dn\u00fdch, komunika\u010dn\u00fdch a\u00a0riadiacich syst\u00e9mov pre komplexn\u00e9 vetronick\u00e9 syst\u00e9my a\u00a0ich implement\u00e1cie pre BVP-2. Je pokra\u010dovan\u00edm vedeckej \u0161t\u00fadie z roku 2007\u00a0Moderniz\u00e1cia \u2026\u00a0a\u00a0jej ro\u017e\u0161\u00edren\u00edm predov\u0161etk\u00fdm o aplik\u00e1ciu eur\u00f3psk\u00fdch noriem a\u00a0platforiem pre v\u00fdvoj vetronick\u00fdch syst\u00e9mov a\u00a0n\u00e1vrh [&hellip;]\" \/>\n<meta property=\"og:url\" content=\"https:\/\/dssi.sk\/en\/vetronicky-system-bojoveho-vozidla-pre-nec\/\" \/>\n<meta property=\"og:site_name\" content=\"DSSI\" \/>\n<meta property=\"article:modified_time\" content=\"2019-09-16T21:48:45+00:00\" \/>\n<meta property=\"og:image\" content=\"https:\/\/dssi.sk\/wp-content\/uploads\/2019\/09\/tank-300x192.jpg\" \/>\n<meta name=\"twitter:card\" content=\"summary_large_image\" \/>\n<meta name=\"twitter:label1\" content=\"Est. reading time\" \/>\n\t<meta name=\"twitter:data1\" content=\"2 minutes\" \/>\n<script type=\"application\/ld+json\" class=\"yoast-schema-graph\">{\"@context\":\"https:\/\/schema.org\",\"@graph\":[{\"@type\":\"WebPage\",\"@id\":\"https:\/\/dssi.sk\/vetronicky-system-bojoveho-vozidla-pre-nec\/\",\"url\":\"https:\/\/dssi.sk\/vetronicky-system-bojoveho-vozidla-pre-nec\/\",\"name\":\"Vetronick\u00fd syst\u00e9m bojov\u00e9ho vozidla pre NEC - DSSI\",\"isPartOf\":{\"@id\":\"https:\/\/dssi.sk\/#website\"},\"datePublished\":\"2019-09-16T15:47:19+00:00\",\"dateModified\":\"2019-09-16T21:48:45+00:00\",\"breadcrumb\":{\"@id\":\"https:\/\/dssi.sk\/vetronicky-system-bojoveho-vozidla-pre-nec\/#breadcrumb\"},\"inLanguage\":\"en-US\",\"potentialAction\":[{\"@type\":\"ReadAction\",\"target\":[\"https:\/\/dssi.sk\/vetronicky-system-bojoveho-vozidla-pre-nec\/\"]}]},{\"@type\":\"BreadcrumbList\",\"@id\":\"https:\/\/dssi.sk\/vetronicky-system-bojoveho-vozidla-pre-nec\/#breadcrumb\",\"itemListElement\":[{\"@type\":\"ListItem\",\"position\":1,\"name\":\"Home\",\"item\":\"https:\/\/dssi.sk\/\"},{\"@type\":\"ListItem\",\"position\":2,\"name\":\"Vetronick\u00fd syst\u00e9m bojov\u00e9ho vozidla pre NEC\"}]},{\"@type\":\"WebSite\",\"@id\":\"https:\/\/dssi.sk\/#website\",\"url\":\"https:\/\/dssi.sk\/\",\"name\":\"DSSI\",\"description\":\"Development | Services | Security | Innovations\",\"publisher\":{\"@id\":\"https:\/\/dssi.sk\/#organization\"},\"potentialAction\":[{\"@type\":\"SearchAction\",\"target\":{\"@type\":\"EntryPoint\",\"urlTemplate\":\"https:\/\/dssi.sk\/?s={search_term_string}\"},\"query-input\":{\"@type\":\"PropertyValueSpecification\",\"valueRequired\":true,\"valueName\":\"search_term_string\"}}],\"inLanguage\":\"en-US\"},{\"@type\":\"Organization\",\"@id\":\"https:\/\/dssi.sk\/#organization\",\"name\":\"DSSI a.s.\",\"url\":\"https:\/\/dssi.sk\/\",\"logo\":{\"@type\":\"ImageObject\",\"inLanguage\":\"en-US\",\"@id\":\"https:\/\/dssi.sk\/#\/schema\/logo\/image\/\",\"url\":\"https:\/\/dssi.sk\/wp-content\/uploads\/2019\/09\/logo-dssi-horizontal1.jpg\",\"contentUrl\":\"https:\/\/dssi.sk\/wp-content\/uploads\/2019\/09\/logo-dssi-horizontal1.jpg\",\"width\":520,\"height\":520,\"caption\":\"DSSI a.s.\"},\"image\":{\"@id\":\"https:\/\/dssi.sk\/#\/schema\/logo\/image\/\"}}]}<\/script>\n<!-- \/ Yoast SEO plugin. -->","yoast_head_json":{"title":"Vetronick\u00fd syst\u00e9m bojov\u00e9ho vozidla pre NEC - DSSI","robots":{"index":"index","follow":"follow","max-snippet":"max-snippet:-1","max-image-preview":"max-image-preview:large","max-video-preview":"max-video-preview:-1"},"canonical":"https:\/\/dssi.sk\/en\/vetronicky-system-bojoveho-vozidla-pre-nec\/","og_locale":"en_US","og_type":"article","og_title":"Vetronick\u00fd syst\u00e9m bojov\u00e9ho vozidla pre NEC - DSSI","og_description":"Predlo\u017een\u00e1 vedeck\u00e1 \u0161t\u00fadia predstavuje druh\u00fd n\u00e1vrh koncepcie pre moderniz\u00e1ciu bojov\u00e9ho vozidla pechoty BVP-2. Hlavn\u00fdm cie\u013eom \u0161t\u00fadie je n\u00e1vrh metodol\u00f3gie, noriem a\u00a0postupov v\u00fdvoja mechatronick\u00fdch, informa\u010dn\u00fdch, komunika\u010dn\u00fdch a\u00a0riadiacich syst\u00e9mov pre komplexn\u00e9 vetronick\u00e9 syst\u00e9my a\u00a0ich implement\u00e1cie pre BVP-2. Je pokra\u010dovan\u00edm vedeckej \u0161t\u00fadie z roku 2007\u00a0Moderniz\u00e1cia \u2026\u00a0a\u00a0jej ro\u017e\u0161\u00edren\u00edm predov\u0161etk\u00fdm o aplik\u00e1ciu eur\u00f3psk\u00fdch noriem a\u00a0platforiem pre v\u00fdvoj vetronick\u00fdch syst\u00e9mov a\u00a0n\u00e1vrh [&hellip;]","og_url":"https:\/\/dssi.sk\/en\/vetronicky-system-bojoveho-vozidla-pre-nec\/","og_site_name":"DSSI","article_modified_time":"2019-09-16T21:48:45+00:00","og_image":[{"url":"https:\/\/dssi.sk\/wp-content\/uploads\/2019\/09\/tank-300x192.jpg","type":"","width":"","height":""}],"twitter_card":"summary_large_image","twitter_misc":{"Est. reading time":"2 minutes"},"schema":{"@context":"https:\/\/schema.org","@graph":[{"@type":"WebPage","@id":"https:\/\/dssi.sk\/vetronicky-system-bojoveho-vozidla-pre-nec\/","url":"https:\/\/dssi.sk\/vetronicky-system-bojoveho-vozidla-pre-nec\/","name":"Vetronick\u00fd syst\u00e9m bojov\u00e9ho vozidla pre NEC - DSSI","isPartOf":{"@id":"https:\/\/dssi.sk\/#website"},"datePublished":"2019-09-16T15:47:19+00:00","dateModified":"2019-09-16T21:48:45+00:00","breadcrumb":{"@id":"https:\/\/dssi.sk\/vetronicky-system-bojoveho-vozidla-pre-nec\/#breadcrumb"},"inLanguage":"en-US","potentialAction":[{"@type":"ReadAction","target":["https:\/\/dssi.sk\/vetronicky-system-bojoveho-vozidla-pre-nec\/"]}]},{"@type":"BreadcrumbList","@id":"https:\/\/dssi.sk\/vetronicky-system-bojoveho-vozidla-pre-nec\/#breadcrumb","itemListElement":[{"@type":"ListItem","position":1,"name":"Home","item":"https:\/\/dssi.sk\/"},{"@type":"ListItem","position":2,"name":"Vetronick\u00fd syst\u00e9m bojov\u00e9ho vozidla pre NEC"}]},{"@type":"WebSite","@id":"https:\/\/dssi.sk\/#website","url":"https:\/\/dssi.sk\/","name":"DSSI","description":"Development | Services | Security | Innovations","publisher":{"@id":"https:\/\/dssi.sk\/#organization"},"potentialAction":[{"@type":"SearchAction","target":{"@type":"EntryPoint","urlTemplate":"https:\/\/dssi.sk\/?s={search_term_string}"},"query-input":{"@type":"PropertyValueSpecification","valueRequired":true,"valueName":"search_term_string"}}],"inLanguage":"en-US"},{"@type":"Organization","@id":"https:\/\/dssi.sk\/#organization","name":"DSSI a.s.","url":"https:\/\/dssi.sk\/","logo":{"@type":"ImageObject","inLanguage":"en-US","@id":"https:\/\/dssi.sk\/#\/schema\/logo\/image\/","url":"https:\/\/dssi.sk\/wp-content\/uploads\/2019\/09\/logo-dssi-horizontal1.jpg","contentUrl":"https:\/\/dssi.sk\/wp-content\/uploads\/2019\/09\/logo-dssi-horizontal1.jpg","width":520,"height":520,"caption":"DSSI a.s."},"image":{"@id":"https:\/\/dssi.sk\/#\/schema\/logo\/image\/"}}]}},"_links":{"self":[{"href":"https:\/\/dssi.sk\/en\/wp-json\/wp\/v2\/pages\/523","targetHints":{"allow":["GET"]}}],"collection":[{"href":"https:\/\/dssi.sk\/en\/wp-json\/wp\/v2\/pages"}],"about":[{"href":"https:\/\/dssi.sk\/en\/wp-json\/wp\/v2\/types\/page"}],"author":[{"embeddable":true,"href":"https:\/\/dssi.sk\/en\/wp-json\/wp\/v2\/users\/1"}],"replies":[{"embeddable":true,"href":"https:\/\/dssi.sk\/en\/wp-json\/wp\/v2\/comments?post=523"}],"version-history":[{"count":3,"href":"https:\/\/dssi.sk\/en\/wp-json\/wp\/v2\/pages\/523\/revisions"}],"predecessor-version":[{"id":693,"href":"https:\/\/dssi.sk\/en\/wp-json\/wp\/v2\/pages\/523\/revisions\/693"}],"wp:attachment":[{"href":"https:\/\/dssi.sk\/en\/wp-json\/wp\/v2\/media?parent=523"}],"curies":[{"name":"wp","href":"https:\/\/api.w.org\/{rel}","templated":true}]}}