{"id":524,"date":"2019-09-16T17:48:41","date_gmt":"2019-09-16T15:48:41","guid":{"rendered":"http:\/\/dssi.h2studio.net\/?page_id=524"},"modified":"2019-09-16T23:50:17","modified_gmt":"2019-09-16T21:50:17","slug":"bezosadkove-lahke-bojove-vozidlo-ulfv-unmanned-light-fighting-vehicle-pre-ozbrojene-sily","status":"publish","type":"page","link":"https:\/\/dssi.sk\/en\/bezosadkove-lahke-bojove-vozidlo-ulfv-unmanned-light-fighting-vehicle-pre-ozbrojene-sily\/","title":{"rendered":"Bezos\u00e1dkov\u00e9, \u013eahk\u00e9 bojov\u00e9 vozidlo ULFV (unmanned light fighting vehicle) pre ozbrojen\u00e9 sily"},"content":{"rendered":"<p>[et_pb_section fb_built=&#8220;1&#8243; admin_label=&#8220;section&#8220; _builder_version=&#8220;3.25.4&#8243; custom_padding=&#8220;0px||&#8220; fb_built=&#8220;1&#8243; _i=&#8220;0&#8243; _address=&#8220;0&#8243;][et_pb_row admin_label=&#8220;row&#8220; _builder_version=&#8220;3.25.4&#8243; background_size=&#8220;initial&#8220; background_position=&#8220;top_left&#8220; background_repeat=&#8220;repeat&#8220; custom_margin=&#8220;||&#8220; _i=&#8220;0&#8243; _address=&#8220;0.0&#8243;][et_pb_column type=&#8220;4_4&#8243; _builder_version=&#8220;3.25&#8243; custom_padding=&#8220;|||&#8220; custom_padding__hover=&#8220;|||&#8220; _i=&#8220;0&#8243; _address=&#8220;0.0.0&#8243;][et_pb_text _builder_version=&#8220;3.27.4&#8243; _dynamic_attributes=&#8220;content&#8220; text_font=&#8220;|||on|||||&#8220; text_font_size=&#8220;30px&#8220; link_font=&#8220;||||||||&#8220; ul_font=&#8220;||||||||&#8220; ol_font=&#8220;||||||||&#8220; quote_font=&#8220;||||||||&#8220; header_font=&#8220;||||||||&#8220; header_2_font=&#8220;||||||||&#8220; background_color=&#8220;rgba(0,0,0,0)&#8220; text_orientation=&#8220;center&#8220; width=&#8220;100%&#8220; max_width=&#8220;100%&#8220; text_text_align=&#8220;center&#8220; _i=&#8220;0&#8243; _address=&#8220;0.0.0.0&#8243;]@ET-DC@eyJkeW5hbWljIjp0cnVlLCJjb250ZW50IjoicG9zdF90aXRsZSIsInNldHRpbmdzIjp7ImJlZm9yZSI6IiIsImFmdGVyIjoiIn19@[\/et_pb_text][et_pb_text admin_label=&#8220;Text&#8220; _builder_version=&#8220;3.29.2&#8243; background_size=&#8220;initial&#8220; background_position=&#8220;top_left&#8220; background_repeat=&#8220;repeat&#8220; hover_enabled=&#8220;0&#8243; _i=&#8220;1&#8243; _address=&#8220;0.0.0.1&#8243;]<\/p>\n<p>T\u00e1to \u0161t\u00fadia svojim obsahom a\u00a0zameran\u00edm rie\u0161i problematiku \u013eahk\u00fdch bezpos\u00e1dkov\u00fdch bojov\u00fdch vozidiel na kolesov\u00fdch a\u00a0p\u00e1sov\u00fdch podvozkoch pre rie\u0161enie ozbrojen\u00fdch konfliktov bud\u00facnosti. Prezentuje zosumarizovan\u00e9 inform\u00e1cie a\u00a0poznatky, ktor\u00e9 s\u00fa v\u00a0textovej \u010dasti rozpracovan\u00e9 zhrnut\u00e9 v\u00a0\u010diastkov\u00fdch z\u00e1veroch a\u00a0celkovom z\u00e1vere. V\u00a0r\u00e1mci rozborov spracovan\u00fdch v\u00a0\u0161t\u00fadii je mo\u017en\u00e9 kon\u0161tatova\u0165, \u017ee predmetn\u00e1 \u0161t\u00fadia je pr\u00ednosom v\u00a0oblastiach mo\u017en\u00e9ho celkov\u00e9ho usporiadania bezos\u00e1dkov\u00e9ho vozidla na kolesovom podvozku s\u00a0mo\u017enos\u0165ou vyu\u017eitia modern\u00e9ho klasick\u00e9ho pohonu ale aj hybridn\u00e9ho pohonu. \u0160t\u00fadia\u00a0 rie\u0161i aj mo\u017enos\u0165 vyu\u017eitia vozidiel BVP k\u00a0mo\u017enej prestavbe na bezos\u00e1dkov\u00e9 p\u00e1sov\u00e9 vozidlo.<strong><span>\u00a0<\/span><\/strong>Uva\u017euje v\u00a0pr\u00edstupe pou\u017eitia r\u00f4znych modifik\u00e1cii na kolesovom alebo p\u00e1sovom podvozku. V\u00a0\u0161t\u00fadii s\u00fa analyzovan\u00e9 mo\u017enosti slovensk\u00e9ho priemyslu pri zabezpe\u010den\u00ed po\u017eiadaviek na bezos\u00e1dkov\u00e9 vozidl\u00e1.<\/p>\n<p><a href=\"\/wp-content\/uploads\/2019\/09\/ULFV.jpg\"><img loading=\"lazy\" decoding=\"async\" src=\"\/wp-content\/uploads\/2019\/09\/ULFV-300x192.jpg\" width=\"300\" height=\"192\" alt=\"\" class=\"wp-image-651 aligncenter size-medium\" \/><\/a><\/p>\n<p>[\/et_pb_text][\/et_pb_column][\/et_pb_row][\/et_pb_section]<\/p>","protected":false},"excerpt":{"rendered":"<p>T\u00e1to \u0161t\u00fadia svojim obsahom a\u00a0zameran\u00edm rie\u0161i problematiku \u013eahk\u00fdch bezpos\u00e1dkov\u00fdch bojov\u00fdch vozidiel na kolesov\u00fdch a\u00a0p\u00e1sov\u00fdch podvozkoch pre rie\u0161enie ozbrojen\u00fdch konfliktov bud\u00facnosti. Prezentuje zosumarizovan\u00e9 inform\u00e1cie a\u00a0poznatky, ktor\u00e9 s\u00fa v\u00a0textovej \u010dasti rozpracovan\u00e9 zhrnut\u00e9 v\u00a0\u010diastkov\u00fdch z\u00e1veroch a\u00a0celkovom z\u00e1vere. V\u00a0r\u00e1mci rozborov spracovan\u00fdch v\u00a0\u0161t\u00fadii je mo\u017en\u00e9 kon\u0161tatova\u0165, \u017ee predmetn\u00e1 \u0161t\u00fadia je pr\u00ednosom v\u00a0oblastiach mo\u017en\u00e9ho celkov\u00e9ho usporiadania bezos\u00e1dkov\u00e9ho vozidla na kolesovom podvozku [&hellip;]<\/p>","protected":false},"author":1,"featured_media":0,"parent":0,"menu_order":0,"comment_status":"closed","ping_status":"closed","template":"","meta":{"_et_pb_use_builder":"on","_et_pb_old_content":"","_et_gb_content_width":"","inline_featured_image":false,"_monsterinsights_skip_tracking":false,"_monsterinsights_sitenote_active":false,"_monsterinsights_sitenote_note":"","_monsterinsights_sitenote_category":0,"footnotes":""},"class_list":["post-524","page","type-page","status-publish","hentry"],"yoast_head":"<!-- This site is optimized with the Yoast SEO plugin v26.1.1 - https:\/\/yoast.com\/wordpress\/plugins\/seo\/ -->\n<title>Bezos\u00e1dkov\u00e9, \u013eahk\u00e9 bojov\u00e9 vozidlo ULFV (unmanned light fighting vehicle) pre ozbrojen\u00e9 sily - DSSI<\/title>\n<meta name=\"robots\" content=\"index, follow, max-snippet:-1, max-image-preview:large, max-video-preview:-1\" \/>\n<link rel=\"canonical\" href=\"https:\/\/dssi.sk\/en\/bezosadkove-lahke-bojove-vozidlo-ulfv-unmanned-light-fighting-vehicle-pre-ozbrojene-sily\/\" \/>\n<meta property=\"og:locale\" content=\"en_US\" \/>\n<meta property=\"og:type\" content=\"article\" \/>\n<meta property=\"og:title\" content=\"Bezos\u00e1dkov\u00e9, \u013eahk\u00e9 bojov\u00e9 vozidlo ULFV (unmanned light fighting vehicle) pre ozbrojen\u00e9 sily - DSSI\" \/>\n<meta property=\"og:description\" content=\"T\u00e1to \u0161t\u00fadia svojim obsahom a\u00a0zameran\u00edm rie\u0161i problematiku \u013eahk\u00fdch bezpos\u00e1dkov\u00fdch bojov\u00fdch vozidiel na kolesov\u00fdch a\u00a0p\u00e1sov\u00fdch podvozkoch pre rie\u0161enie ozbrojen\u00fdch konfliktov bud\u00facnosti. Prezentuje zosumarizovan\u00e9 inform\u00e1cie a\u00a0poznatky, ktor\u00e9 s\u00fa v\u00a0textovej \u010dasti rozpracovan\u00e9 zhrnut\u00e9 v\u00a0\u010diastkov\u00fdch z\u00e1veroch a\u00a0celkovom z\u00e1vere. V\u00a0r\u00e1mci rozborov spracovan\u00fdch v\u00a0\u0161t\u00fadii je mo\u017en\u00e9 kon\u0161tatova\u0165, \u017ee predmetn\u00e1 \u0161t\u00fadia je pr\u00ednosom v\u00a0oblastiach mo\u017en\u00e9ho celkov\u00e9ho usporiadania bezos\u00e1dkov\u00e9ho vozidla na kolesovom podvozku [&hellip;]\" \/>\n<meta property=\"og:url\" content=\"https:\/\/dssi.sk\/en\/bezosadkove-lahke-bojove-vozidlo-ulfv-unmanned-light-fighting-vehicle-pre-ozbrojene-sily\/\" \/>\n<meta property=\"og:site_name\" content=\"DSSI\" \/>\n<meta property=\"article:modified_time\" content=\"2019-09-16T21:50:17+00:00\" \/>\n<meta property=\"og:image\" content=\"https:\/\/dssi.sk\/wp-content\/uploads\/2019\/09\/ULFV-300x192.jpg\" \/>\n<meta name=\"twitter:card\" content=\"summary_large_image\" \/>\n<meta name=\"twitter:label1\" content=\"Est. reading time\" \/>\n\t<meta name=\"twitter:data1\" content=\"2 minutes\" \/>\n<script type=\"application\/ld+json\" class=\"yoast-schema-graph\">{\"@context\":\"https:\/\/schema.org\",\"@graph\":[{\"@type\":\"WebPage\",\"@id\":\"https:\/\/dssi.sk\/en\/bezosadkove-lahke-bojove-vozidlo-ulfv-unmanned-light-fighting-vehicle-pre-ozbrojene-sily\/\",\"url\":\"https:\/\/dssi.sk\/en\/bezosadkove-lahke-bojove-vozidlo-ulfv-unmanned-light-fighting-vehicle-pre-ozbrojene-sily\/\",\"name\":\"Bezos\u00e1dkov\u00e9, \u013eahk\u00e9 bojov\u00e9 vozidlo ULFV (unmanned light fighting vehicle) pre ozbrojen\u00e9 sily - DSSI\",\"isPartOf\":{\"@id\":\"https:\/\/dssi.sk\/#website\"},\"datePublished\":\"2019-09-16T15:48:41+00:00\",\"dateModified\":\"2019-09-16T21:50:17+00:00\",\"breadcrumb\":{\"@id\":\"https:\/\/dssi.sk\/en\/bezosadkove-lahke-bojove-vozidlo-ulfv-unmanned-light-fighting-vehicle-pre-ozbrojene-sily\/#breadcrumb\"},\"inLanguage\":\"en-US\",\"potentialAction\":[{\"@type\":\"ReadAction\",\"target\":[\"https:\/\/dssi.sk\/en\/bezosadkove-lahke-bojove-vozidlo-ulfv-unmanned-light-fighting-vehicle-pre-ozbrojene-sily\/\"]}]},{\"@type\":\"BreadcrumbList\",\"@id\":\"https:\/\/dssi.sk\/en\/bezosadkove-lahke-bojove-vozidlo-ulfv-unmanned-light-fighting-vehicle-pre-ozbrojene-sily\/#breadcrumb\",\"itemListElement\":[{\"@type\":\"ListItem\",\"position\":1,\"name\":\"Home\",\"item\":\"https:\/\/dssi.sk\/\"},{\"@type\":\"ListItem\",\"position\":2,\"name\":\"Bezos\u00e1dkov\u00e9, \u013eahk\u00e9 bojov\u00e9 vozidlo ULFV (unmanned light fighting vehicle) pre ozbrojen\u00e9 sily\"}]},{\"@type\":\"WebSite\",\"@id\":\"https:\/\/dssi.sk\/#website\",\"url\":\"https:\/\/dssi.sk\/\",\"name\":\"DSSI\",\"description\":\"Development | Services | Security | Innovations\",\"publisher\":{\"@id\":\"https:\/\/dssi.sk\/#organization\"},\"potentialAction\":[{\"@type\":\"SearchAction\",\"target\":{\"@type\":\"EntryPoint\",\"urlTemplate\":\"https:\/\/dssi.sk\/?s={search_term_string}\"},\"query-input\":{\"@type\":\"PropertyValueSpecification\",\"valueRequired\":true,\"valueName\":\"search_term_string\"}}],\"inLanguage\":\"en-US\"},{\"@type\":\"Organization\",\"@id\":\"https:\/\/dssi.sk\/#organization\",\"name\":\"DSSI a.s.\",\"url\":\"https:\/\/dssi.sk\/\",\"logo\":{\"@type\":\"ImageObject\",\"inLanguage\":\"en-US\",\"@id\":\"https:\/\/dssi.sk\/#\/schema\/logo\/image\/\",\"url\":\"https:\/\/dssi.sk\/wp-content\/uploads\/2019\/09\/logo-dssi-horizontal1.jpg\",\"contentUrl\":\"https:\/\/dssi.sk\/wp-content\/uploads\/2019\/09\/logo-dssi-horizontal1.jpg\",\"width\":520,\"height\":520,\"caption\":\"DSSI a.s.\"},\"image\":{\"@id\":\"https:\/\/dssi.sk\/#\/schema\/logo\/image\/\"}}]}<\/script>\n<!-- \/ Yoast SEO plugin. -->","yoast_head_json":{"title":"Bezos\u00e1dkov\u00e9, \u013eahk\u00e9 bojov\u00e9 vozidlo ULFV (unmanned light fighting vehicle) pre ozbrojen\u00e9 sily - DSSI","robots":{"index":"index","follow":"follow","max-snippet":"max-snippet:-1","max-image-preview":"max-image-preview:large","max-video-preview":"max-video-preview:-1"},"canonical":"https:\/\/dssi.sk\/en\/bezosadkove-lahke-bojove-vozidlo-ulfv-unmanned-light-fighting-vehicle-pre-ozbrojene-sily\/","og_locale":"en_US","og_type":"article","og_title":"Bezos\u00e1dkov\u00e9, \u013eahk\u00e9 bojov\u00e9 vozidlo ULFV (unmanned light fighting vehicle) pre ozbrojen\u00e9 sily - DSSI","og_description":"T\u00e1to \u0161t\u00fadia svojim obsahom a\u00a0zameran\u00edm rie\u0161i problematiku \u013eahk\u00fdch bezpos\u00e1dkov\u00fdch bojov\u00fdch vozidiel na kolesov\u00fdch a\u00a0p\u00e1sov\u00fdch podvozkoch pre rie\u0161enie ozbrojen\u00fdch konfliktov bud\u00facnosti. Prezentuje zosumarizovan\u00e9 inform\u00e1cie a\u00a0poznatky, ktor\u00e9 s\u00fa v\u00a0textovej \u010dasti rozpracovan\u00e9 zhrnut\u00e9 v\u00a0\u010diastkov\u00fdch z\u00e1veroch a\u00a0celkovom z\u00e1vere. V\u00a0r\u00e1mci rozborov spracovan\u00fdch v\u00a0\u0161t\u00fadii je mo\u017en\u00e9 kon\u0161tatova\u0165, \u017ee predmetn\u00e1 \u0161t\u00fadia je pr\u00ednosom v\u00a0oblastiach mo\u017en\u00e9ho celkov\u00e9ho usporiadania bezos\u00e1dkov\u00e9ho vozidla na kolesovom podvozku [&hellip;]","og_url":"https:\/\/dssi.sk\/en\/bezosadkove-lahke-bojove-vozidlo-ulfv-unmanned-light-fighting-vehicle-pre-ozbrojene-sily\/","og_site_name":"DSSI","article_modified_time":"2019-09-16T21:50:17+00:00","og_image":[{"url":"https:\/\/dssi.sk\/wp-content\/uploads\/2019\/09\/ULFV-300x192.jpg","type":"","width":"","height":""}],"twitter_card":"summary_large_image","twitter_misc":{"Est. reading time":"2 minutes"},"schema":{"@context":"https:\/\/schema.org","@graph":[{"@type":"WebPage","@id":"https:\/\/dssi.sk\/en\/bezosadkove-lahke-bojove-vozidlo-ulfv-unmanned-light-fighting-vehicle-pre-ozbrojene-sily\/","url":"https:\/\/dssi.sk\/en\/bezosadkove-lahke-bojove-vozidlo-ulfv-unmanned-light-fighting-vehicle-pre-ozbrojene-sily\/","name":"Bezos\u00e1dkov\u00e9, \u013eahk\u00e9 bojov\u00e9 vozidlo ULFV (unmanned light fighting vehicle) pre ozbrojen\u00e9 sily - DSSI","isPartOf":{"@id":"https:\/\/dssi.sk\/#website"},"datePublished":"2019-09-16T15:48:41+00:00","dateModified":"2019-09-16T21:50:17+00:00","breadcrumb":{"@id":"https:\/\/dssi.sk\/en\/bezosadkove-lahke-bojove-vozidlo-ulfv-unmanned-light-fighting-vehicle-pre-ozbrojene-sily\/#breadcrumb"},"inLanguage":"en-US","potentialAction":[{"@type":"ReadAction","target":["https:\/\/dssi.sk\/en\/bezosadkove-lahke-bojove-vozidlo-ulfv-unmanned-light-fighting-vehicle-pre-ozbrojene-sily\/"]}]},{"@type":"BreadcrumbList","@id":"https:\/\/dssi.sk\/en\/bezosadkove-lahke-bojove-vozidlo-ulfv-unmanned-light-fighting-vehicle-pre-ozbrojene-sily\/#breadcrumb","itemListElement":[{"@type":"ListItem","position":1,"name":"Home","item":"https:\/\/dssi.sk\/"},{"@type":"ListItem","position":2,"name":"Bezos\u00e1dkov\u00e9, \u013eahk\u00e9 bojov\u00e9 vozidlo ULFV (unmanned light fighting vehicle) pre ozbrojen\u00e9 sily"}]},{"@type":"WebSite","@id":"https:\/\/dssi.sk\/#website","url":"https:\/\/dssi.sk\/","name":"DSSI","description":"Development | Services | Security | Innovations","publisher":{"@id":"https:\/\/dssi.sk\/#organization"},"potentialAction":[{"@type":"SearchAction","target":{"@type":"EntryPoint","urlTemplate":"https:\/\/dssi.sk\/?s={search_term_string}"},"query-input":{"@type":"PropertyValueSpecification","valueRequired":true,"valueName":"search_term_string"}}],"inLanguage":"en-US"},{"@type":"Organization","@id":"https:\/\/dssi.sk\/#organization","name":"DSSI a.s.","url":"https:\/\/dssi.sk\/","logo":{"@type":"ImageObject","inLanguage":"en-US","@id":"https:\/\/dssi.sk\/#\/schema\/logo\/image\/","url":"https:\/\/dssi.sk\/wp-content\/uploads\/2019\/09\/logo-dssi-horizontal1.jpg","contentUrl":"https:\/\/dssi.sk\/wp-content\/uploads\/2019\/09\/logo-dssi-horizontal1.jpg","width":520,"height":520,"caption":"DSSI a.s."},"image":{"@id":"https:\/\/dssi.sk\/#\/schema\/logo\/image\/"}}]}},"_links":{"self":[{"href":"https:\/\/dssi.sk\/en\/wp-json\/wp\/v2\/pages\/524","targetHints":{"allow":["GET"]}}],"collection":[{"href":"https:\/\/dssi.sk\/en\/wp-json\/wp\/v2\/pages"}],"about":[{"href":"https:\/\/dssi.sk\/en\/wp-json\/wp\/v2\/types\/page"}],"author":[{"embeddable":true,"href":"https:\/\/dssi.sk\/en\/wp-json\/wp\/v2\/users\/1"}],"replies":[{"embeddable":true,"href":"https:\/\/dssi.sk\/en\/wp-json\/wp\/v2\/comments?post=524"}],"version-history":[{"count":3,"href":"https:\/\/dssi.sk\/en\/wp-json\/wp\/v2\/pages\/524\/revisions"}],"predecessor-version":[{"id":696,"href":"https:\/\/dssi.sk\/en\/wp-json\/wp\/v2\/pages\/524\/revisions\/696"}],"wp:attachment":[{"href":"https:\/\/dssi.sk\/en\/wp-json\/wp\/v2\/media?parent=524"}],"curies":[{"name":"wp","href":"https:\/\/api.w.org\/{rel}","templated":true}]}}