{"id":525,"date":"2019-09-16T17:48:39","date_gmt":"2019-09-16T15:48:39","guid":{"rendered":"http:\/\/dssi.h2studio.net\/?page_id=525"},"modified":"2019-09-16T23:50:43","modified_gmt":"2019-09-16T21:50:43","slug":"elektronicke-vybavenie-maleho-bezpilotneho-prieskumneho-prostriedku","status":"publish","type":"page","link":"https:\/\/dssi.sk\/en\/elektronicke-vybavenie-maleho-bezpilotneho-prieskumneho-prostriedku\/","title":{"rendered":"Elektronick\u00e9 vybavenie mal\u00e9ho bezpilotn\u00e9ho prieskumn\u00e9ho prostriedku"},"content":{"rendered":"<p>[et_pb_section fb_built=&#8220;1&#8243; admin_label=&#8220;section&#8220; _builder_version=&#8220;3.25.4&#8243; custom_padding=&#8220;0px||&#8220; fb_built=&#8220;1&#8243; _i=&#8220;0&#8243; _address=&#8220;0&#8243;][et_pb_row admin_label=&#8220;row&#8220; _builder_version=&#8220;3.25.4&#8243; background_size=&#8220;initial&#8220; background_position=&#8220;top_left&#8220; background_repeat=&#8220;repeat&#8220; custom_margin=&#8220;||&#8220; _i=&#8220;0&#8243; _address=&#8220;0.0&#8243;][et_pb_column type=&#8220;4_4&#8243; _builder_version=&#8220;3.25&#8243; custom_padding=&#8220;|||&#8220; custom_padding__hover=&#8220;|||&#8220; _i=&#8220;0&#8243; _address=&#8220;0.0.0&#8243;][et_pb_text _builder_version=&#8220;3.27.4&#8243; _dynamic_attributes=&#8220;content&#8220; text_font=&#8220;|||on|||||&#8220; text_font_size=&#8220;30px&#8220; link_font=&#8220;||||||||&#8220; ul_font=&#8220;||||||||&#8220; ol_font=&#8220;||||||||&#8220; quote_font=&#8220;||||||||&#8220; header_font=&#8220;||||||||&#8220; header_2_font=&#8220;||||||||&#8220; background_color=&#8220;rgba(0,0,0,0)&#8220; text_orientation=&#8220;center&#8220; width=&#8220;100%&#8220; max_width=&#8220;100%&#8220; text_text_align=&#8220;center&#8220; _i=&#8220;0&#8243; _address=&#8220;0.0.0.0&#8243;]@ET-DC@eyJkeW5hbWljIjp0cnVlLCJjb250ZW50IjoicG9zdF90aXRsZSIsInNldHRpbmdzIjp7ImJlZm9yZSI6IiIsImFmdGVyIjoiIn19@[\/et_pb_text][et_pb_text admin_label=&#8220;Text&#8220; _builder_version=&#8220;3.29.2&#8243; background_size=&#8220;initial&#8220; background_position=&#8220;top_left&#8220; background_repeat=&#8220;repeat&#8220; hover_enabled=&#8220;0&#8243; _i=&#8220;1&#8243; _address=&#8220;0.0.0.1&#8243;]<\/p>\n<p>Predlo\u017een\u00fd projekt v\u00fdskumu \/ v\u00fdvoja je svojim obsahom\u00a0 zameran\u00fd na ve\u013emi aktu\u00e1lnu oblas\u0165, ktorej vyu\u017eite\u013enos\u0165 je omnoho \u0161ir\u0161ia ne\u017e len pre vojensk\u00e9 aplik\u00e1cie. Odborne sa rie\u0161enie projektu opiera o \u00a0n\u00e1ro\u010dn\u00fd \u00a0rozbor reprezentat\u00edvneho s\u00faboru bezpilotn\u00fdch lietadiel pou\u017e\u00edvan\u00fdch v\u00a0s\u00fa\u010dasnosti. Technick\u00fd popis syst\u00e9mu mal\u00e9ho prieskumn\u00e9ho lietadla do ktor\u00e9ho bola navrhovan\u00e1 elektronick\u00e1 aparat\u00fara je okrem technickej str\u00e1nky podlo\u017een\u00fd aj legislat\u00edvnymi normami. V\u00a0technickom popise s\u00fa vhodne rozobrat\u00e9 hlavn\u00e9 \u010dasti z\u00a0h\u013eadiska in\u0161tal\u00e1cie elektroniky. V\u0161eobecn\u00fd rozbor elektronick\u00fdch s\u00fastav bezpilotn\u00fdch prostriedkov a\u00a0anal\u00fdza po\u017eiadaviek na elektronick\u00e9 vybavenie bezpilotn\u00e9ho prostriedku MPUAV s\u00fa spracovan\u00e9 vecne a stru\u010dne. Pod\u013ea zadania je v\u00a0prvom pribl\u00ed\u017een\u00ed dostato\u010dne rie\u0161en\u00e1 problematika aplik\u00e1cie chovania drav\u00fdch vt\u00e1kov pri love. Koncep\u010dn\u00fd n\u00e1vrh rie\u0161i elektronick\u00e9 vybavenie v\u0161etk\u00fdch \u010dast\u00ed bezpilotn\u00e9ho prostriedku tzn. lietadla a\u00a0jeho \u010dinnost\u00ed (\u0161tart, let, prist\u00e1tie) ako aj prieskumn\u00fa \u010das\u0165 s\u00fastreden\u00fa v\u00a0gondole v\u00a0prednej \u010dasti lietadla. Cel\u00fd koncep\u010dn\u00fd n\u00e1vrh je ukon\u010den\u00fd n\u00e1vrhom pozemnej \u010dasti syst\u00e9mu vr\u00e1tane pozemnej prieskumnej s\u00fastavy. V\u00fdsledky projektu s\u00fa ve\u013emi dobr\u00fdm podkladom pre \u010fal\u0161ie pr\u00e1ce zameran\u00e9 na skvalit\u0148ovanie funkci\u00ed bezpilotn\u00e9ho prieskumn\u00e9ho lietadla MPUAV.<\/p>\n<p>\u00a0<a href=\"\/wp-content\/uploads\/2019\/09\/uav-1024x558.jpg\"><img loading=\"lazy\" decoding=\"async\" src=\"\/wp-content\/uploads\/2019\/09\/uav-1024x558-300x163.jpg\" width=\"300\" height=\"163\" alt=\"\" class=\"wp-image-650 aligncenter size-medium\" \/><\/a><\/p>\n<p>[\/et_pb_text][\/et_pb_column][\/et_pb_row][\/et_pb_section]<\/p>","protected":false},"excerpt":{"rendered":"<p>Predlo\u017een\u00fd projekt v\u00fdskumu \/ v\u00fdvoja je svojim obsahom\u00a0 zameran\u00fd na ve\u013emi aktu\u00e1lnu oblas\u0165, ktorej vyu\u017eite\u013enos\u0165 je omnoho \u0161ir\u0161ia ne\u017e len pre vojensk\u00e9 aplik\u00e1cie. Odborne sa rie\u0161enie projektu opiera o \u00a0n\u00e1ro\u010dn\u00fd \u00a0rozbor reprezentat\u00edvneho s\u00faboru bezpilotn\u00fdch lietadiel pou\u017e\u00edvan\u00fdch v\u00a0s\u00fa\u010dasnosti. Technick\u00fd popis syst\u00e9mu mal\u00e9ho prieskumn\u00e9ho lietadla do ktor\u00e9ho bola navrhovan\u00e1 elektronick\u00e1 aparat\u00fara je okrem technickej str\u00e1nky podlo\u017een\u00fd aj [&hellip;]<\/p>","protected":false},"author":1,"featured_media":0,"parent":0,"menu_order":0,"comment_status":"closed","ping_status":"closed","template":"","meta":{"_et_pb_use_builder":"on","_et_pb_old_content":"","_et_gb_content_width":"","inline_featured_image":false,"_monsterinsights_skip_tracking":false,"_monsterinsights_sitenote_active":false,"_monsterinsights_sitenote_note":"","_monsterinsights_sitenote_category":0,"footnotes":""},"class_list":["post-525","page","type-page","status-publish","hentry"],"yoast_head":"<!-- This site is optimized with the Yoast SEO plugin v26.1.1 - https:\/\/yoast.com\/wordpress\/plugins\/seo\/ -->\n<title>Elektronick\u00e9 vybavenie mal\u00e9ho bezpilotn\u00e9ho prieskumn\u00e9ho prostriedku - DSSI<\/title>\n<meta name=\"robots\" content=\"index, follow, max-snippet:-1, max-image-preview:large, max-video-preview:-1\" \/>\n<link rel=\"canonical\" href=\"http:\/\/dssi.sk\/en\/elektronicke-vybavenie-maleho-bezpilotneho-prieskumneho-prostriedku\/\" \/>\n<meta property=\"og:locale\" content=\"en_US\" \/>\n<meta property=\"og:type\" content=\"article\" \/>\n<meta property=\"og:title\" content=\"Elektronick\u00e9 vybavenie mal\u00e9ho bezpilotn\u00e9ho prieskumn\u00e9ho prostriedku - DSSI\" \/>\n<meta property=\"og:description\" content=\"Predlo\u017een\u00fd projekt v\u00fdskumu \/ v\u00fdvoja je svojim obsahom\u00a0 zameran\u00fd na ve\u013emi aktu\u00e1lnu oblas\u0165, ktorej vyu\u017eite\u013enos\u0165 je omnoho \u0161ir\u0161ia ne\u017e len pre vojensk\u00e9 aplik\u00e1cie. Odborne sa rie\u0161enie projektu opiera o \u00a0n\u00e1ro\u010dn\u00fd \u00a0rozbor reprezentat\u00edvneho s\u00faboru bezpilotn\u00fdch lietadiel pou\u017e\u00edvan\u00fdch v\u00a0s\u00fa\u010dasnosti. Technick\u00fd popis syst\u00e9mu mal\u00e9ho prieskumn\u00e9ho lietadla do ktor\u00e9ho bola navrhovan\u00e1 elektronick\u00e1 aparat\u00fara je okrem technickej str\u00e1nky podlo\u017een\u00fd aj [&hellip;]\" \/>\n<meta property=\"og:url\" content=\"http:\/\/dssi.sk\/en\/elektronicke-vybavenie-maleho-bezpilotneho-prieskumneho-prostriedku\/\" \/>\n<meta property=\"og:site_name\" content=\"DSSI\" \/>\n<meta property=\"article:modified_time\" content=\"2019-09-16T21:50:43+00:00\" \/>\n<meta property=\"og:image\" content=\"https:\/\/dssi.sk\/wp-content\/uploads\/2019\/09\/uav-1024x558-300x163.jpg\" \/>\n<meta name=\"twitter:card\" content=\"summary_large_image\" \/>\n<meta name=\"twitter:label1\" content=\"Est. reading time\" \/>\n\t<meta name=\"twitter:data1\" content=\"2 minutes\" \/>\n<script type=\"application\/ld+json\" class=\"yoast-schema-graph\">{\"@context\":\"https:\/\/schema.org\",\"@graph\":[{\"@type\":\"WebPage\",\"@id\":\"http:\/\/dssi.sk\/en\/elektronicke-vybavenie-maleho-bezpilotneho-prieskumneho-prostriedku\/\",\"url\":\"http:\/\/dssi.sk\/en\/elektronicke-vybavenie-maleho-bezpilotneho-prieskumneho-prostriedku\/\",\"name\":\"Elektronick\u00e9 vybavenie mal\u00e9ho bezpilotn\u00e9ho prieskumn\u00e9ho prostriedku - DSSI\",\"isPartOf\":{\"@id\":\"https:\/\/dssi.sk\/#website\"},\"datePublished\":\"2019-09-16T15:48:39+00:00\",\"dateModified\":\"2019-09-16T21:50:43+00:00\",\"breadcrumb\":{\"@id\":\"http:\/\/dssi.sk\/en\/elektronicke-vybavenie-maleho-bezpilotneho-prieskumneho-prostriedku\/#breadcrumb\"},\"inLanguage\":\"en-US\",\"potentialAction\":[{\"@type\":\"ReadAction\",\"target\":[\"http:\/\/dssi.sk\/en\/elektronicke-vybavenie-maleho-bezpilotneho-prieskumneho-prostriedku\/\"]}]},{\"@type\":\"BreadcrumbList\",\"@id\":\"http:\/\/dssi.sk\/en\/elektronicke-vybavenie-maleho-bezpilotneho-prieskumneho-prostriedku\/#breadcrumb\",\"itemListElement\":[{\"@type\":\"ListItem\",\"position\":1,\"name\":\"Home\",\"item\":\"https:\/\/dssi.sk\/\"},{\"@type\":\"ListItem\",\"position\":2,\"name\":\"Elektronick\u00e9 vybavenie mal\u00e9ho bezpilotn\u00e9ho prieskumn\u00e9ho prostriedku\"}]},{\"@type\":\"WebSite\",\"@id\":\"https:\/\/dssi.sk\/#website\",\"url\":\"https:\/\/dssi.sk\/\",\"name\":\"DSSI\",\"description\":\"Development | Services | Security | Innovations\",\"publisher\":{\"@id\":\"https:\/\/dssi.sk\/#organization\"},\"potentialAction\":[{\"@type\":\"SearchAction\",\"target\":{\"@type\":\"EntryPoint\",\"urlTemplate\":\"https:\/\/dssi.sk\/?s={search_term_string}\"},\"query-input\":{\"@type\":\"PropertyValueSpecification\",\"valueRequired\":true,\"valueName\":\"search_term_string\"}}],\"inLanguage\":\"en-US\"},{\"@type\":\"Organization\",\"@id\":\"https:\/\/dssi.sk\/#organization\",\"name\":\"DSSI a.s.\",\"url\":\"https:\/\/dssi.sk\/\",\"logo\":{\"@type\":\"ImageObject\",\"inLanguage\":\"en-US\",\"@id\":\"https:\/\/dssi.sk\/#\/schema\/logo\/image\/\",\"url\":\"https:\/\/dssi.sk\/wp-content\/uploads\/2019\/09\/logo-dssi-horizontal1.jpg\",\"contentUrl\":\"https:\/\/dssi.sk\/wp-content\/uploads\/2019\/09\/logo-dssi-horizontal1.jpg\",\"width\":520,\"height\":520,\"caption\":\"DSSI a.s.\"},\"image\":{\"@id\":\"https:\/\/dssi.sk\/#\/schema\/logo\/image\/\"}}]}<\/script>\n<!-- \/ Yoast SEO plugin. -->","yoast_head_json":{"title":"Elektronick\u00e9 vybavenie mal\u00e9ho bezpilotn\u00e9ho prieskumn\u00e9ho prostriedku - DSSI","robots":{"index":"index","follow":"follow","max-snippet":"max-snippet:-1","max-image-preview":"max-image-preview:large","max-video-preview":"max-video-preview:-1"},"canonical":"http:\/\/dssi.sk\/en\/elektronicke-vybavenie-maleho-bezpilotneho-prieskumneho-prostriedku\/","og_locale":"en_US","og_type":"article","og_title":"Elektronick\u00e9 vybavenie mal\u00e9ho bezpilotn\u00e9ho prieskumn\u00e9ho prostriedku - DSSI","og_description":"Predlo\u017een\u00fd projekt v\u00fdskumu \/ v\u00fdvoja je svojim obsahom\u00a0 zameran\u00fd na ve\u013emi aktu\u00e1lnu oblas\u0165, ktorej vyu\u017eite\u013enos\u0165 je omnoho \u0161ir\u0161ia ne\u017e len pre vojensk\u00e9 aplik\u00e1cie. Odborne sa rie\u0161enie projektu opiera o \u00a0n\u00e1ro\u010dn\u00fd \u00a0rozbor reprezentat\u00edvneho s\u00faboru bezpilotn\u00fdch lietadiel pou\u017e\u00edvan\u00fdch v\u00a0s\u00fa\u010dasnosti. Technick\u00fd popis syst\u00e9mu mal\u00e9ho prieskumn\u00e9ho lietadla do ktor\u00e9ho bola navrhovan\u00e1 elektronick\u00e1 aparat\u00fara je okrem technickej str\u00e1nky podlo\u017een\u00fd aj [&hellip;]","og_url":"http:\/\/dssi.sk\/en\/elektronicke-vybavenie-maleho-bezpilotneho-prieskumneho-prostriedku\/","og_site_name":"DSSI","article_modified_time":"2019-09-16T21:50:43+00:00","og_image":[{"url":"https:\/\/dssi.sk\/wp-content\/uploads\/2019\/09\/uav-1024x558-300x163.jpg","type":"","width":"","height":""}],"twitter_card":"summary_large_image","twitter_misc":{"Est. reading time":"2 minutes"},"schema":{"@context":"https:\/\/schema.org","@graph":[{"@type":"WebPage","@id":"http:\/\/dssi.sk\/en\/elektronicke-vybavenie-maleho-bezpilotneho-prieskumneho-prostriedku\/","url":"http:\/\/dssi.sk\/en\/elektronicke-vybavenie-maleho-bezpilotneho-prieskumneho-prostriedku\/","name":"Elektronick\u00e9 vybavenie mal\u00e9ho bezpilotn\u00e9ho prieskumn\u00e9ho prostriedku - DSSI","isPartOf":{"@id":"https:\/\/dssi.sk\/#website"},"datePublished":"2019-09-16T15:48:39+00:00","dateModified":"2019-09-16T21:50:43+00:00","breadcrumb":{"@id":"http:\/\/dssi.sk\/en\/elektronicke-vybavenie-maleho-bezpilotneho-prieskumneho-prostriedku\/#breadcrumb"},"inLanguage":"en-US","potentialAction":[{"@type":"ReadAction","target":["http:\/\/dssi.sk\/en\/elektronicke-vybavenie-maleho-bezpilotneho-prieskumneho-prostriedku\/"]}]},{"@type":"BreadcrumbList","@id":"http:\/\/dssi.sk\/en\/elektronicke-vybavenie-maleho-bezpilotneho-prieskumneho-prostriedku\/#breadcrumb","itemListElement":[{"@type":"ListItem","position":1,"name":"Home","item":"https:\/\/dssi.sk\/"},{"@type":"ListItem","position":2,"name":"Elektronick\u00e9 vybavenie mal\u00e9ho bezpilotn\u00e9ho prieskumn\u00e9ho prostriedku"}]},{"@type":"WebSite","@id":"https:\/\/dssi.sk\/#website","url":"https:\/\/dssi.sk\/","name":"DSSI","description":"Development | Services | Security | Innovations","publisher":{"@id":"https:\/\/dssi.sk\/#organization"},"potentialAction":[{"@type":"SearchAction","target":{"@type":"EntryPoint","urlTemplate":"https:\/\/dssi.sk\/?s={search_term_string}"},"query-input":{"@type":"PropertyValueSpecification","valueRequired":true,"valueName":"search_term_string"}}],"inLanguage":"en-US"},{"@type":"Organization","@id":"https:\/\/dssi.sk\/#organization","name":"DSSI a.s.","url":"https:\/\/dssi.sk\/","logo":{"@type":"ImageObject","inLanguage":"en-US","@id":"https:\/\/dssi.sk\/#\/schema\/logo\/image\/","url":"https:\/\/dssi.sk\/wp-content\/uploads\/2019\/09\/logo-dssi-horizontal1.jpg","contentUrl":"https:\/\/dssi.sk\/wp-content\/uploads\/2019\/09\/logo-dssi-horizontal1.jpg","width":520,"height":520,"caption":"DSSI a.s."},"image":{"@id":"https:\/\/dssi.sk\/#\/schema\/logo\/image\/"}}]}},"_links":{"self":[{"href":"https:\/\/dssi.sk\/en\/wp-json\/wp\/v2\/pages\/525","targetHints":{"allow":["GET"]}}],"collection":[{"href":"https:\/\/dssi.sk\/en\/wp-json\/wp\/v2\/pages"}],"about":[{"href":"https:\/\/dssi.sk\/en\/wp-json\/wp\/v2\/types\/page"}],"author":[{"embeddable":true,"href":"https:\/\/dssi.sk\/en\/wp-json\/wp\/v2\/users\/1"}],"replies":[{"embeddable":true,"href":"https:\/\/dssi.sk\/en\/wp-json\/wp\/v2\/comments?post=525"}],"version-history":[{"count":3,"href":"https:\/\/dssi.sk\/en\/wp-json\/wp\/v2\/pages\/525\/revisions"}],"predecessor-version":[{"id":697,"href":"https:\/\/dssi.sk\/en\/wp-json\/wp\/v2\/pages\/525\/revisions\/697"}],"wp:attachment":[{"href":"https:\/\/dssi.sk\/en\/wp-json\/wp\/v2\/media?parent=525"}],"curies":[{"name":"wp","href":"https:\/\/api.w.org\/{rel}","templated":true}]}}