{"id":549,"date":"2019-09-16T17:53:35","date_gmt":"2019-09-16T15:53:35","guid":{"rendered":"http:\/\/dssi.h2studio.net\/?page_id=549"},"modified":"2019-09-16T17:53:35","modified_gmt":"2019-09-16T15:53:35","slug":"moderne-prelomove-technologie-a-moznosti-ich-vyuzitia-pre-vojenske-ucely","status":"publish","type":"page","link":"https:\/\/dssi.sk\/en\/moderne-prelomove-technologie-a-moznosti-ich-vyuzitia-pre-vojenske-ucely\/","title":{"rendered":"Modern\u00e9 prelomov\u00e9 technol\u00f3gie a mo\u017enosti ich vyu\u017eitia pre vojensk\u00e9 \u00fa\u010dely"},"content":{"rendered":"<p>[et_pb_section fb_built=&#8220;1&#8243; admin_label=&#8220;section&#8220; _builder_version=&#8220;3.25.4&#8243; custom_padding=&#8220;0px||&#8220;][et_pb_row custom_margin=&#8220;||&#8220; admin_label=&#8220;row&#8220; _builder_version=&#8220;3.25.4&#8243; background_size=&#8220;initial&#8220; background_position=&#8220;top_left&#8220; background_repeat=&#8220;repeat&#8220;][et_pb_column type=&#8220;4_4&#8243; _builder_version=&#8220;3.25&#8243; custom_padding=&#8220;|||&#8220; custom_padding__hover=&#8220;|||&#8220;][et_pb_text _builder_version=&#8220;3.25.4&#8243; _dynamic_attributes=&#8220;content&#8220; text_font=&#8220;|||on|||||&#8220; text_text_align=&#8220;center&#8220; text_font_size=&#8220;30px&#8220; link_font=&#8220;||||||||&#8220; ul_font=&#8220;||||||||&#8220; ol_font=&#8220;||||||||&#8220; quote_font=&#8220;||||||||&#8220; header_font=&#8220;||||||||&#8220; header_2_font=&#8220;||||||||&#8220; background_color=&#8220;rgba(0,0,0,0)&#8220; width=&#8220;100%&#8220; max_width=&#8220;100%&#8220;]@ET-DC@eyJkeW5hbWljIjp0cnVlLCJjb250ZW50IjoicG9zdF90aXRsZSIsInNldHRpbmdzIjp7ImJlZm9yZSI6IiIsImFmdGVyIjoiIn19@[\/et_pb_text][et_pb_text admin_label=&#8220;Text&#8220; _builder_version=&#8220;3.25.4&#8243; background_size=&#8220;initial&#8220; background_position=&#8220;top_left&#8220; background_repeat=&#8220;repeat&#8220;]<\/p>\n<p>V\u00a0zadan\u00ed sa \u017eiadalo vypracova\u0165 analytick\u00fa \u0161t\u00fadiu, ktor\u00e1 bude analyzova\u0165 prelomov\u00e9 technol\u00f3gie pre s\u00fa\u010dasnos\u0165 a\u00a0bl\u00edzku bud\u00facnos\u0165 vr\u00e1tane pos\u00fadenia mo\u017enost\u00ed ich vojensk\u00e9ho vyu\u017eitia. Anal\u00fdza modern\u00fdch prelomov\u00fdch technol\u00f3gi\u00ed pre podmienky OS SR sa opiera o\u00a0aktu\u00e1lny rozbor po\u017eiadaviek na pripravenos\u0165 OS SR rie\u0161i\u0165 s\u00fa\u010dasn\u00e9 i\u00a0bud\u00face \u00falohy. Tento rozbor obsahuje ve\u013emi d\u00f4le\u017eit\u00fa \u010das\u0165 pojedn\u00e1vaj\u00facu o\u00a0potreb\u00e1ch materi\u00e1lneho a\u00a0technick\u00e9ho zabezpe\u010denia pripravenosti OS SR na plnenie \u00faloh v\u00a0bud\u00facnosti.<\/p>\n<p>Zmeny v\u00a0organiza\u010dn\u00fdch \u0161trukt\u00farach OS SR pre oblasti vedeckej, v\u00fdskumu a\u00a0v\u00fdvoja\u00a0 a\u00a0ich mo\u017en\u00e9 d\u00f4sledky s\u00fa podrobne analyzovan\u00e9. Za d\u00f4le\u017eit\u00fa pova\u017eujem \u010das\u0165, v\u00a0ktorej s\u00fa stru\u010dne vysvetlen\u00e9 charakteristiky prelomov\u00fdch technol\u00f3gi\u00ed a\u00a0ich miesto\u00a0 medzi doteraz p\u00f4sobiacich technol\u00f3gi\u00e1ch. T\u00e1to \u010das\u0165 obsahuje nov\u00e9 poznatky v\u00a0tejto oblasti a\u00a0zasl\u00fa\u017eila by si fundament\u00e1lne rozpracova\u0165 v\u00a0samostatnom projekte. V\u0161eobecn\u00e9 trendy v oblasti prelomov\u00fdch technol\u00f3gi\u00ed s\u00a0dostato\u010dnou vypovedacou hodnotou ukazuj\u00fa na zlo\u017eitos\u0165 probl\u00e9mov v\u00a0tejto oblasti a\u00a0na mimoriadne vysok\u00e9 odborn\u00e9 po\u017eiadavky na zodpovedn\u00fdch mana\u017e\u00e9rov a\u00a0rie\u0161ite\u013eov v\u00a0oblasti rozvoja a\u00a0uplat\u0148ovania prelomov\u00fdch technol\u00f3gi\u00ed.Na komplexn\u00fa anal\u00fdzu trendov v\u00a0oblasti prelomov\u00fdch technol\u00f3gi\u00ed nadv\u00e4zuje kapitola pojedn\u00e1vaj\u00faca o\u00a0mo\u017enostiach vyu\u017eitia prelomov\u00fdch technol\u00f3gi\u00ed pre vojensk\u00e9 \u00fa\u010dely v\u00a0podmienkach SR. T\u00e1to \u010das\u0165 sa opiera o\u00a0poznatky rozv\u00edjan\u00fdch oblast\u00ed v\u00a0podmienkach SR.<\/p>\n<p>V\u00a0z\u00e1vere predlo\u017een\u00e1 sumariz\u00e1cia n\u00e1rodn\u00fdch amb\u00edci\u00ed v\u00a0oblasti vedy, obrann\u00e9ho v\u00fdskumu a\u00a0progres\u00edvnych technol\u00f3gi\u00ed s\u00a0v\u00fdh\u013eadom do konca r. 2015 ukazuje na realitu v\u00a0tejto oblasti a\u00a0potvrdzuje opodstatnenos\u0165 potreby kvalitat\u00edvneho skoku v\u00a0zav\u00e1dzan\u00ed v\u00fdsledkov vedy a\u00a0obrann\u00e9ho v\u00fdskumu do praxe s\u00a0prednostn\u00fdm uplat\u0148ovan\u00edm prelomov\u00fdch technol\u00f3gi\u00ed vhodn\u00fdch pre potreby OS SR.<\/p>\n<p>[\/et_pb_text][\/et_pb_column][\/et_pb_row][\/et_pb_section]<\/p>","protected":false},"excerpt":{"rendered":"<p>V\u00a0zadan\u00ed sa \u017eiadalo vypracova\u0165 analytick\u00fa \u0161t\u00fadiu, ktor\u00e1 bude analyzova\u0165 prelomov\u00e9 technol\u00f3gie pre s\u00fa\u010dasnos\u0165 a\u00a0bl\u00edzku bud\u00facnos\u0165 vr\u00e1tane pos\u00fadenia mo\u017enost\u00ed ich vojensk\u00e9ho vyu\u017eitia. Anal\u00fdza modern\u00fdch prelomov\u00fdch technol\u00f3gi\u00ed pre podmienky OS SR sa opiera o\u00a0aktu\u00e1lny rozbor po\u017eiadaviek na pripravenos\u0165 OS SR rie\u0161i\u0165 s\u00fa\u010dasn\u00e9 i\u00a0bud\u00face \u00falohy. Tento rozbor obsahuje ve\u013emi d\u00f4le\u017eit\u00fa \u010das\u0165 pojedn\u00e1vaj\u00facu o\u00a0potreb\u00e1ch materi\u00e1lneho a\u00a0technick\u00e9ho zabezpe\u010denia pripravenosti OS [&hellip;]<\/p>","protected":false},"author":1,"featured_media":0,"parent":0,"menu_order":0,"comment_status":"closed","ping_status":"closed","template":"","meta":{"_et_pb_use_builder":"on","_et_pb_old_content":"","_et_gb_content_width":"","inline_featured_image":false,"_monsterinsights_skip_tracking":false,"_monsterinsights_sitenote_active":false,"_monsterinsights_sitenote_note":"","_monsterinsights_sitenote_category":0,"footnotes":""},"class_list":["post-549","page","type-page","status-publish","hentry"],"yoast_head":"<!-- This site is optimized with the Yoast SEO plugin v26.1.1 - https:\/\/yoast.com\/wordpress\/plugins\/seo\/ -->\n<title>Modern\u00e9 prelomov\u00e9 technol\u00f3gie a mo\u017enosti ich vyu\u017eitia pre vojensk\u00e9 \u00fa\u010dely - DSSI<\/title>\n<meta name=\"robots\" content=\"index, follow, max-snippet:-1, max-image-preview:large, max-video-preview:-1\" \/>\n<link rel=\"canonical\" href=\"https:\/\/dssi.sk\/en\/moderne-prelomove-technologie-a-moznosti-ich-vyuzitia-pre-vojenske-ucely\/\" \/>\n<meta property=\"og:locale\" content=\"en_US\" \/>\n<meta property=\"og:type\" content=\"article\" \/>\n<meta property=\"og:title\" content=\"Modern\u00e9 prelomov\u00e9 technol\u00f3gie a mo\u017enosti ich vyu\u017eitia pre vojensk\u00e9 \u00fa\u010dely - DSSI\" \/>\n<meta property=\"og:description\" content=\"V\u00a0zadan\u00ed sa \u017eiadalo vypracova\u0165 analytick\u00fa \u0161t\u00fadiu, ktor\u00e1 bude analyzova\u0165 prelomov\u00e9 technol\u00f3gie pre s\u00fa\u010dasnos\u0165 a\u00a0bl\u00edzku bud\u00facnos\u0165 vr\u00e1tane pos\u00fadenia mo\u017enost\u00ed ich vojensk\u00e9ho vyu\u017eitia. Anal\u00fdza modern\u00fdch prelomov\u00fdch technol\u00f3gi\u00ed pre podmienky OS SR sa opiera o\u00a0aktu\u00e1lny rozbor po\u017eiadaviek na pripravenos\u0165 OS SR rie\u0161i\u0165 s\u00fa\u010dasn\u00e9 i\u00a0bud\u00face \u00falohy. Tento rozbor obsahuje ve\u013emi d\u00f4le\u017eit\u00fa \u010das\u0165 pojedn\u00e1vaj\u00facu o\u00a0potreb\u00e1ch materi\u00e1lneho a\u00a0technick\u00e9ho zabezpe\u010denia pripravenosti OS [&hellip;]\" \/>\n<meta property=\"og:url\" content=\"https:\/\/dssi.sk\/en\/moderne-prelomove-technologie-a-moznosti-ich-vyuzitia-pre-vojenske-ucely\/\" \/>\n<meta property=\"og:site_name\" content=\"DSSI\" \/>\n<meta name=\"twitter:card\" content=\"summary_large_image\" \/>\n<meta name=\"twitter:label1\" content=\"Est. reading time\" \/>\n\t<meta name=\"twitter:data1\" content=\"2 minutes\" \/>\n<script type=\"application\/ld+json\" class=\"yoast-schema-graph\">{\"@context\":\"https:\/\/schema.org\",\"@graph\":[{\"@type\":\"WebPage\",\"@id\":\"https:\/\/dssi.sk\/moderne-prelomove-technologie-a-moznosti-ich-vyuzitia-pre-vojenske-ucely\/\",\"url\":\"https:\/\/dssi.sk\/moderne-prelomove-technologie-a-moznosti-ich-vyuzitia-pre-vojenske-ucely\/\",\"name\":\"Modern\u00e9 prelomov\u00e9 technol\u00f3gie a mo\u017enosti ich vyu\u017eitia pre vojensk\u00e9 \u00fa\u010dely - DSSI\",\"isPartOf\":{\"@id\":\"https:\/\/dssi.sk\/#website\"},\"datePublished\":\"2019-09-16T15:53:35+00:00\",\"breadcrumb\":{\"@id\":\"https:\/\/dssi.sk\/moderne-prelomove-technologie-a-moznosti-ich-vyuzitia-pre-vojenske-ucely\/#breadcrumb\"},\"inLanguage\":\"en-US\",\"potentialAction\":[{\"@type\":\"ReadAction\",\"target\":[\"https:\/\/dssi.sk\/moderne-prelomove-technologie-a-moznosti-ich-vyuzitia-pre-vojenske-ucely\/\"]}]},{\"@type\":\"BreadcrumbList\",\"@id\":\"https:\/\/dssi.sk\/moderne-prelomove-technologie-a-moznosti-ich-vyuzitia-pre-vojenske-ucely\/#breadcrumb\",\"itemListElement\":[{\"@type\":\"ListItem\",\"position\":1,\"name\":\"Home\",\"item\":\"https:\/\/dssi.sk\/\"},{\"@type\":\"ListItem\",\"position\":2,\"name\":\"Modern\u00e9 prelomov\u00e9 technol\u00f3gie a mo\u017enosti ich vyu\u017eitia pre vojensk\u00e9 \u00fa\u010dely\"}]},{\"@type\":\"WebSite\",\"@id\":\"https:\/\/dssi.sk\/#website\",\"url\":\"https:\/\/dssi.sk\/\",\"name\":\"DSSI\",\"description\":\"Development | Services | Security | Innovations\",\"publisher\":{\"@id\":\"https:\/\/dssi.sk\/#organization\"},\"potentialAction\":[{\"@type\":\"SearchAction\",\"target\":{\"@type\":\"EntryPoint\",\"urlTemplate\":\"https:\/\/dssi.sk\/?s={search_term_string}\"},\"query-input\":{\"@type\":\"PropertyValueSpecification\",\"valueRequired\":true,\"valueName\":\"search_term_string\"}}],\"inLanguage\":\"en-US\"},{\"@type\":\"Organization\",\"@id\":\"https:\/\/dssi.sk\/#organization\",\"name\":\"DSSI a.s.\",\"url\":\"https:\/\/dssi.sk\/\",\"logo\":{\"@type\":\"ImageObject\",\"inLanguage\":\"en-US\",\"@id\":\"https:\/\/dssi.sk\/#\/schema\/logo\/image\/\",\"url\":\"https:\/\/dssi.sk\/wp-content\/uploads\/2019\/09\/logo-dssi-horizontal1.jpg\",\"contentUrl\":\"https:\/\/dssi.sk\/wp-content\/uploads\/2019\/09\/logo-dssi-horizontal1.jpg\",\"width\":520,\"height\":520,\"caption\":\"DSSI a.s.\"},\"image\":{\"@id\":\"https:\/\/dssi.sk\/#\/schema\/logo\/image\/\"}}]}<\/script>\n<!-- \/ Yoast SEO plugin. -->","yoast_head_json":{"title":"Modern\u00e9 prelomov\u00e9 technol\u00f3gie a mo\u017enosti ich vyu\u017eitia pre vojensk\u00e9 \u00fa\u010dely - DSSI","robots":{"index":"index","follow":"follow","max-snippet":"max-snippet:-1","max-image-preview":"max-image-preview:large","max-video-preview":"max-video-preview:-1"},"canonical":"https:\/\/dssi.sk\/en\/moderne-prelomove-technologie-a-moznosti-ich-vyuzitia-pre-vojenske-ucely\/","og_locale":"en_US","og_type":"article","og_title":"Modern\u00e9 prelomov\u00e9 technol\u00f3gie a mo\u017enosti ich vyu\u017eitia pre vojensk\u00e9 \u00fa\u010dely - DSSI","og_description":"V\u00a0zadan\u00ed sa \u017eiadalo vypracova\u0165 analytick\u00fa \u0161t\u00fadiu, ktor\u00e1 bude analyzova\u0165 prelomov\u00e9 technol\u00f3gie pre s\u00fa\u010dasnos\u0165 a\u00a0bl\u00edzku bud\u00facnos\u0165 vr\u00e1tane pos\u00fadenia mo\u017enost\u00ed ich vojensk\u00e9ho vyu\u017eitia. Anal\u00fdza modern\u00fdch prelomov\u00fdch technol\u00f3gi\u00ed pre podmienky OS SR sa opiera o\u00a0aktu\u00e1lny rozbor po\u017eiadaviek na pripravenos\u0165 OS SR rie\u0161i\u0165 s\u00fa\u010dasn\u00e9 i\u00a0bud\u00face \u00falohy. Tento rozbor obsahuje ve\u013emi d\u00f4le\u017eit\u00fa \u010das\u0165 pojedn\u00e1vaj\u00facu o\u00a0potreb\u00e1ch materi\u00e1lneho a\u00a0technick\u00e9ho zabezpe\u010denia pripravenosti OS [&hellip;]","og_url":"https:\/\/dssi.sk\/en\/moderne-prelomove-technologie-a-moznosti-ich-vyuzitia-pre-vojenske-ucely\/","og_site_name":"DSSI","twitter_card":"summary_large_image","twitter_misc":{"Est. reading time":"2 minutes"},"schema":{"@context":"https:\/\/schema.org","@graph":[{"@type":"WebPage","@id":"https:\/\/dssi.sk\/moderne-prelomove-technologie-a-moznosti-ich-vyuzitia-pre-vojenske-ucely\/","url":"https:\/\/dssi.sk\/moderne-prelomove-technologie-a-moznosti-ich-vyuzitia-pre-vojenske-ucely\/","name":"Modern\u00e9 prelomov\u00e9 technol\u00f3gie a mo\u017enosti ich vyu\u017eitia pre vojensk\u00e9 \u00fa\u010dely - DSSI","isPartOf":{"@id":"https:\/\/dssi.sk\/#website"},"datePublished":"2019-09-16T15:53:35+00:00","breadcrumb":{"@id":"https:\/\/dssi.sk\/moderne-prelomove-technologie-a-moznosti-ich-vyuzitia-pre-vojenske-ucely\/#breadcrumb"},"inLanguage":"en-US","potentialAction":[{"@type":"ReadAction","target":["https:\/\/dssi.sk\/moderne-prelomove-technologie-a-moznosti-ich-vyuzitia-pre-vojenske-ucely\/"]}]},{"@type":"BreadcrumbList","@id":"https:\/\/dssi.sk\/moderne-prelomove-technologie-a-moznosti-ich-vyuzitia-pre-vojenske-ucely\/#breadcrumb","itemListElement":[{"@type":"ListItem","position":1,"name":"Home","item":"https:\/\/dssi.sk\/"},{"@type":"ListItem","position":2,"name":"Modern\u00e9 prelomov\u00e9 technol\u00f3gie a mo\u017enosti ich vyu\u017eitia pre vojensk\u00e9 \u00fa\u010dely"}]},{"@type":"WebSite","@id":"https:\/\/dssi.sk\/#website","url":"https:\/\/dssi.sk\/","name":"DSSI","description":"Development | Services | Security | Innovations","publisher":{"@id":"https:\/\/dssi.sk\/#organization"},"potentialAction":[{"@type":"SearchAction","target":{"@type":"EntryPoint","urlTemplate":"https:\/\/dssi.sk\/?s={search_term_string}"},"query-input":{"@type":"PropertyValueSpecification","valueRequired":true,"valueName":"search_term_string"}}],"inLanguage":"en-US"},{"@type":"Organization","@id":"https:\/\/dssi.sk\/#organization","name":"DSSI a.s.","url":"https:\/\/dssi.sk\/","logo":{"@type":"ImageObject","inLanguage":"en-US","@id":"https:\/\/dssi.sk\/#\/schema\/logo\/image\/","url":"https:\/\/dssi.sk\/wp-content\/uploads\/2019\/09\/logo-dssi-horizontal1.jpg","contentUrl":"https:\/\/dssi.sk\/wp-content\/uploads\/2019\/09\/logo-dssi-horizontal1.jpg","width":520,"height":520,"caption":"DSSI a.s."},"image":{"@id":"https:\/\/dssi.sk\/#\/schema\/logo\/image\/"}}]}},"_links":{"self":[{"href":"https:\/\/dssi.sk\/en\/wp-json\/wp\/v2\/pages\/549","targetHints":{"allow":["GET"]}}],"collection":[{"href":"https:\/\/dssi.sk\/en\/wp-json\/wp\/v2\/pages"}],"about":[{"href":"https:\/\/dssi.sk\/en\/wp-json\/wp\/v2\/types\/page"}],"author":[{"embeddable":true,"href":"https:\/\/dssi.sk\/en\/wp-json\/wp\/v2\/users\/1"}],"replies":[{"embeddable":true,"href":"https:\/\/dssi.sk\/en\/wp-json\/wp\/v2\/comments?post=549"}],"version-history":[{"count":2,"href":"https:\/\/dssi.sk\/en\/wp-json\/wp\/v2\/pages\/549\/revisions"}],"predecessor-version":[{"id":566,"href":"https:\/\/dssi.sk\/en\/wp-json\/wp\/v2\/pages\/549\/revisions\/566"}],"wp:attachment":[{"href":"https:\/\/dssi.sk\/en\/wp-json\/wp\/v2\/media?parent=549"}],"curies":[{"name":"wp","href":"https:\/\/api.w.org\/{rel}","templated":true}]}}