{"id":551,"date":"2019-09-16T17:53:59","date_gmt":"2019-09-16T15:53:59","guid":{"rendered":"http:\/\/dssi.h2studio.net\/?page_id=551"},"modified":"2019-09-16T17:54:22","modified_gmt":"2019-09-16T15:54:22","slug":"modelovanie-prvkov-ochrany-dna-korby-bojoveho-vozidla-pechoty-bvp-2","status":"publish","type":"page","link":"https:\/\/dssi.sk\/en\/modelovanie-prvkov-ochrany-dna-korby-bojoveho-vozidla-pechoty-bvp-2\/","title":{"rendered":"Modelovanie prvkov ochrany DNA korby bojov\u00e9ho vozidla pechoty BVP \u2013 2"},"content":{"rendered":"<p>[et_pb_section fb_built=&#8220;1&#8243; admin_label=&#8220;section&#8220; _builder_version=&#8220;3.25.4&#8243; custom_padding=&#8220;0px||&#8220;][et_pb_row custom_margin=&#8220;||&#8220; admin_label=&#8220;row&#8220; _builder_version=&#8220;3.25.4&#8243; background_size=&#8220;initial&#8220; background_position=&#8220;top_left&#8220; background_repeat=&#8220;repeat&#8220;][et_pb_column type=&#8220;4_4&#8243; _builder_version=&#8220;3.25&#8243; custom_padding=&#8220;|||&#8220; custom_padding__hover=&#8220;|||&#8220;][et_pb_text _builder_version=&#8220;3.25.4&#8243; _dynamic_attributes=&#8220;content&#8220; text_font=&#8220;|||on|||||&#8220; text_text_align=&#8220;center&#8220; text_font_size=&#8220;30px&#8220; link_font=&#8220;||||||||&#8220; ul_font=&#8220;||||||||&#8220; ol_font=&#8220;||||||||&#8220; quote_font=&#8220;||||||||&#8220; header_font=&#8220;||||||||&#8220; header_2_font=&#8220;||||||||&#8220; background_color=&#8220;rgba(0,0,0,0)&#8220; width=&#8220;100%&#8220; max_width=&#8220;100%&#8220;]@ET-DC@eyJkeW5hbWljIjp0cnVlLCJjb250ZW50IjoicG9zdF90aXRsZSIsInNldHRpbmdzIjp7ImJlZm9yZSI6IiIsImFmdGVyIjoiIn19@[\/et_pb_text][et_pb_text admin_label=&#8220;Text&#8220; _builder_version=&#8220;3.25.4&#8243; background_size=&#8220;initial&#8220; background_position=&#8220;top_left&#8220; background_repeat=&#8220;repeat&#8220;]<\/p>\n<p>T\u00e1to \u0161t\u00fadia poukazuje na \u00fa\u010dinky v\u00fdbuchu a\u00a0n\u00edm sp\u00f4sobenej r\u00e1zovej vlny a\u00a0ich interakciu na dno bojov\u00e9ho vozidla pechoty BVP \u2013 2. V\u00fdpo\u010dtov\u00e9 modely prispievaj\u00fa ve\u013emi efektn\u00fdm sp\u00f4sobom k\u00a0v\u00fdvoju bezpe\u010dnej\u0161ej ochrany vozidla proti \u00fa\u010dinkom v\u00fdbuchom. Poukazuje na \u00fa\u010dinky t\u00fdchto v\u013an na techniku a\u00a0\u017eiv\u00fa silu a\u00a0na mo\u017enosti ochrany proti nim. \u0164a\u017eisko rie\u0161enia \u0161t\u00fadie bolo polo\u017een\u00e9 na spracovan\u00ed simula\u010dn\u00fdch modelov v\u00fdbuchu a\u00a0\u0161\u00edrenia tlakovej vlny. \u0160t\u00fadia obsahuje jednak poznatky a\u00a0matematick\u00e9 modely, ktor\u00e9 sa v\u00a0s\u00fa\u010dasnosti pou\u017e\u00edvaj\u00fa vo v\u00fdpo\u010dtov\u00fdch modeloch, ale hlavne mno\u017estvo vlastn\u00fdch numerick\u00fdch simul\u00e1ci\u00ed na posudzovanie \u00fa\u010dinkov v\u00fdbuchu. Samotn\u00e9 modelovanie vy\u017eaduje jednak znalosti z\u00a0aplikovanej mechaniky a\u00a0jednak zru\u010dnos\u0165 pri modelovan\u00ed pomocou komer\u010dn\u00fdch softv\u00e9rov\u00fdch produktov. V\u00fdsledky sl\u00fa\u017eia k\u00a0pochopeniu spr\u00e1vania sa vojenskej techniky pri napadnut\u00ed teroristami, k\u00a0z\u00edskavaniu poznatkov pre navrhovanie ochrany vojenskej techniky a\u00a0\u017eivej sily. Tieto poznatky by mali by\u0165 vyu\u017e\u00edvan\u00e9 pri vzdel\u00e1van\u00ed zlo\u017eiek ozbrojen\u00fdch s\u00edl a\u00a0navrhovan\u00ed ochrany proti v\u00fdbuchom.<\/p>\n<p>[\/et_pb_text][\/et_pb_column][\/et_pb_row][\/et_pb_section]<\/p>","protected":false},"excerpt":{"rendered":"<p>T\u00e1to \u0161t\u00fadia poukazuje na \u00fa\u010dinky v\u00fdbuchu a\u00a0n\u00edm sp\u00f4sobenej r\u00e1zovej vlny a\u00a0ich interakciu na dno bojov\u00e9ho vozidla pechoty BVP \u2013 2. V\u00fdpo\u010dtov\u00e9 modely prispievaj\u00fa ve\u013emi efektn\u00fdm sp\u00f4sobom k\u00a0v\u00fdvoju bezpe\u010dnej\u0161ej ochrany vozidla proti \u00fa\u010dinkom v\u00fdbuchom. Poukazuje na \u00fa\u010dinky t\u00fdchto v\u013an na techniku a\u00a0\u017eiv\u00fa silu a\u00a0na mo\u017enosti ochrany proti nim. \u0164a\u017eisko rie\u0161enia \u0161t\u00fadie bolo polo\u017een\u00e9 na spracovan\u00ed simula\u010dn\u00fdch [&hellip;]<\/p>","protected":false},"author":1,"featured_media":0,"parent":0,"menu_order":0,"comment_status":"closed","ping_status":"closed","template":"","meta":{"_et_pb_use_builder":"on","_et_pb_old_content":"","_et_gb_content_width":"","inline_featured_image":false,"_monsterinsights_skip_tracking":false,"_monsterinsights_sitenote_active":false,"_monsterinsights_sitenote_note":"","_monsterinsights_sitenote_category":0,"footnotes":""},"class_list":["post-551","page","type-page","status-publish","hentry"],"yoast_head":"<!-- This site is optimized with the Yoast SEO plugin v26.1.1 - https:\/\/yoast.com\/wordpress\/plugins\/seo\/ -->\n<title>Modelovanie prvkov ochrany DNA korby bojov\u00e9ho vozidla pechoty BVP \u2013 2 - DSSI<\/title>\n<meta name=\"robots\" content=\"index, follow, max-snippet:-1, max-image-preview:large, max-video-preview:-1\" \/>\n<link rel=\"canonical\" href=\"http:\/\/dssi.sk\/en\/modelovanie-prvkov-ochrany-dna-korby-bojoveho-vozidla-pechoty-bvp-2\/\" \/>\n<meta property=\"og:locale\" content=\"en_US\" \/>\n<meta property=\"og:type\" content=\"article\" \/>\n<meta property=\"og:title\" content=\"Modelovanie prvkov ochrany DNA korby bojov\u00e9ho vozidla pechoty BVP \u2013 2 - DSSI\" \/>\n<meta property=\"og:description\" content=\"T\u00e1to \u0161t\u00fadia poukazuje na \u00fa\u010dinky v\u00fdbuchu a\u00a0n\u00edm sp\u00f4sobenej r\u00e1zovej vlny a\u00a0ich interakciu na dno bojov\u00e9ho vozidla pechoty BVP \u2013 2. V\u00fdpo\u010dtov\u00e9 modely prispievaj\u00fa ve\u013emi efektn\u00fdm sp\u00f4sobom k\u00a0v\u00fdvoju bezpe\u010dnej\u0161ej ochrany vozidla proti \u00fa\u010dinkom v\u00fdbuchom. Poukazuje na \u00fa\u010dinky t\u00fdchto v\u013an na techniku a\u00a0\u017eiv\u00fa silu a\u00a0na mo\u017enosti ochrany proti nim. \u0164a\u017eisko rie\u0161enia \u0161t\u00fadie bolo polo\u017een\u00e9 na spracovan\u00ed simula\u010dn\u00fdch [&hellip;]\" \/>\n<meta property=\"og:url\" content=\"http:\/\/dssi.sk\/en\/modelovanie-prvkov-ochrany-dna-korby-bojoveho-vozidla-pechoty-bvp-2\/\" \/>\n<meta property=\"og:site_name\" content=\"DSSI\" \/>\n<meta property=\"article:modified_time\" content=\"2019-09-16T15:54:22+00:00\" \/>\n<meta name=\"twitter:card\" content=\"summary_large_image\" \/>\n<meta name=\"twitter:label1\" content=\"Est. reading time\" \/>\n\t<meta name=\"twitter:data1\" content=\"2 minutes\" \/>\n<script type=\"application\/ld+json\" class=\"yoast-schema-graph\">{\"@context\":\"https:\/\/schema.org\",\"@graph\":[{\"@type\":\"WebPage\",\"@id\":\"http:\/\/dssi.sk\/en\/modelovanie-prvkov-ochrany-dna-korby-bojoveho-vozidla-pechoty-bvp-2\/\",\"url\":\"http:\/\/dssi.sk\/en\/modelovanie-prvkov-ochrany-dna-korby-bojoveho-vozidla-pechoty-bvp-2\/\",\"name\":\"Modelovanie prvkov ochrany DNA korby bojov\u00e9ho vozidla pechoty BVP \u2013 2 - DSSI\",\"isPartOf\":{\"@id\":\"https:\/\/dssi.sk\/#website\"},\"datePublished\":\"2019-09-16T15:53:59+00:00\",\"dateModified\":\"2019-09-16T15:54:22+00:00\",\"breadcrumb\":{\"@id\":\"http:\/\/dssi.sk\/en\/modelovanie-prvkov-ochrany-dna-korby-bojoveho-vozidla-pechoty-bvp-2\/#breadcrumb\"},\"inLanguage\":\"en-US\",\"potentialAction\":[{\"@type\":\"ReadAction\",\"target\":[\"http:\/\/dssi.sk\/en\/modelovanie-prvkov-ochrany-dna-korby-bojoveho-vozidla-pechoty-bvp-2\/\"]}]},{\"@type\":\"BreadcrumbList\",\"@id\":\"http:\/\/dssi.sk\/en\/modelovanie-prvkov-ochrany-dna-korby-bojoveho-vozidla-pechoty-bvp-2\/#breadcrumb\",\"itemListElement\":[{\"@type\":\"ListItem\",\"position\":1,\"name\":\"Home\",\"item\":\"https:\/\/dssi.sk\/\"},{\"@type\":\"ListItem\",\"position\":2,\"name\":\"Modelovanie prvkov ochrany DNA korby bojov\u00e9ho vozidla pechoty BVP \u2013 2\"}]},{\"@type\":\"WebSite\",\"@id\":\"https:\/\/dssi.sk\/#website\",\"url\":\"https:\/\/dssi.sk\/\",\"name\":\"DSSI\",\"description\":\"Development | Services | Security | Innovations\",\"publisher\":{\"@id\":\"https:\/\/dssi.sk\/#organization\"},\"potentialAction\":[{\"@type\":\"SearchAction\",\"target\":{\"@type\":\"EntryPoint\",\"urlTemplate\":\"https:\/\/dssi.sk\/?s={search_term_string}\"},\"query-input\":{\"@type\":\"PropertyValueSpecification\",\"valueRequired\":true,\"valueName\":\"search_term_string\"}}],\"inLanguage\":\"en-US\"},{\"@type\":\"Organization\",\"@id\":\"https:\/\/dssi.sk\/#organization\",\"name\":\"DSSI a.s.\",\"url\":\"https:\/\/dssi.sk\/\",\"logo\":{\"@type\":\"ImageObject\",\"inLanguage\":\"en-US\",\"@id\":\"https:\/\/dssi.sk\/#\/schema\/logo\/image\/\",\"url\":\"https:\/\/dssi.sk\/wp-content\/uploads\/2019\/09\/logo-dssi-horizontal1.jpg\",\"contentUrl\":\"https:\/\/dssi.sk\/wp-content\/uploads\/2019\/09\/logo-dssi-horizontal1.jpg\",\"width\":520,\"height\":520,\"caption\":\"DSSI a.s.\"},\"image\":{\"@id\":\"https:\/\/dssi.sk\/#\/schema\/logo\/image\/\"}}]}<\/script>\n<!-- \/ Yoast SEO plugin. -->","yoast_head_json":{"title":"Modelovanie prvkov ochrany DNA korby bojov\u00e9ho vozidla pechoty BVP \u2013 2 - DSSI","robots":{"index":"index","follow":"follow","max-snippet":"max-snippet:-1","max-image-preview":"max-image-preview:large","max-video-preview":"max-video-preview:-1"},"canonical":"http:\/\/dssi.sk\/en\/modelovanie-prvkov-ochrany-dna-korby-bojoveho-vozidla-pechoty-bvp-2\/","og_locale":"en_US","og_type":"article","og_title":"Modelovanie prvkov ochrany DNA korby bojov\u00e9ho vozidla pechoty BVP \u2013 2 - DSSI","og_description":"T\u00e1to \u0161t\u00fadia poukazuje na \u00fa\u010dinky v\u00fdbuchu a\u00a0n\u00edm sp\u00f4sobenej r\u00e1zovej vlny a\u00a0ich interakciu na dno bojov\u00e9ho vozidla pechoty BVP \u2013 2. V\u00fdpo\u010dtov\u00e9 modely prispievaj\u00fa ve\u013emi efektn\u00fdm sp\u00f4sobom k\u00a0v\u00fdvoju bezpe\u010dnej\u0161ej ochrany vozidla proti \u00fa\u010dinkom v\u00fdbuchom. Poukazuje na \u00fa\u010dinky t\u00fdchto v\u013an na techniku a\u00a0\u017eiv\u00fa silu a\u00a0na mo\u017enosti ochrany proti nim. \u0164a\u017eisko rie\u0161enia \u0161t\u00fadie bolo polo\u017een\u00e9 na spracovan\u00ed simula\u010dn\u00fdch [&hellip;]","og_url":"http:\/\/dssi.sk\/en\/modelovanie-prvkov-ochrany-dna-korby-bojoveho-vozidla-pechoty-bvp-2\/","og_site_name":"DSSI","article_modified_time":"2019-09-16T15:54:22+00:00","twitter_card":"summary_large_image","twitter_misc":{"Est. reading time":"2 minutes"},"schema":{"@context":"https:\/\/schema.org","@graph":[{"@type":"WebPage","@id":"http:\/\/dssi.sk\/en\/modelovanie-prvkov-ochrany-dna-korby-bojoveho-vozidla-pechoty-bvp-2\/","url":"http:\/\/dssi.sk\/en\/modelovanie-prvkov-ochrany-dna-korby-bojoveho-vozidla-pechoty-bvp-2\/","name":"Modelovanie prvkov ochrany DNA korby bojov\u00e9ho vozidla pechoty BVP \u2013 2 - DSSI","isPartOf":{"@id":"https:\/\/dssi.sk\/#website"},"datePublished":"2019-09-16T15:53:59+00:00","dateModified":"2019-09-16T15:54:22+00:00","breadcrumb":{"@id":"http:\/\/dssi.sk\/en\/modelovanie-prvkov-ochrany-dna-korby-bojoveho-vozidla-pechoty-bvp-2\/#breadcrumb"},"inLanguage":"en-US","potentialAction":[{"@type":"ReadAction","target":["http:\/\/dssi.sk\/en\/modelovanie-prvkov-ochrany-dna-korby-bojoveho-vozidla-pechoty-bvp-2\/"]}]},{"@type":"BreadcrumbList","@id":"http:\/\/dssi.sk\/en\/modelovanie-prvkov-ochrany-dna-korby-bojoveho-vozidla-pechoty-bvp-2\/#breadcrumb","itemListElement":[{"@type":"ListItem","position":1,"name":"Home","item":"https:\/\/dssi.sk\/"},{"@type":"ListItem","position":2,"name":"Modelovanie prvkov ochrany DNA korby bojov\u00e9ho vozidla pechoty BVP \u2013 2"}]},{"@type":"WebSite","@id":"https:\/\/dssi.sk\/#website","url":"https:\/\/dssi.sk\/","name":"DSSI","description":"Development | Services | Security | Innovations","publisher":{"@id":"https:\/\/dssi.sk\/#organization"},"potentialAction":[{"@type":"SearchAction","target":{"@type":"EntryPoint","urlTemplate":"https:\/\/dssi.sk\/?s={search_term_string}"},"query-input":{"@type":"PropertyValueSpecification","valueRequired":true,"valueName":"search_term_string"}}],"inLanguage":"en-US"},{"@type":"Organization","@id":"https:\/\/dssi.sk\/#organization","name":"DSSI a.s.","url":"https:\/\/dssi.sk\/","logo":{"@type":"ImageObject","inLanguage":"en-US","@id":"https:\/\/dssi.sk\/#\/schema\/logo\/image\/","url":"https:\/\/dssi.sk\/wp-content\/uploads\/2019\/09\/logo-dssi-horizontal1.jpg","contentUrl":"https:\/\/dssi.sk\/wp-content\/uploads\/2019\/09\/logo-dssi-horizontal1.jpg","width":520,"height":520,"caption":"DSSI a.s."},"image":{"@id":"https:\/\/dssi.sk\/#\/schema\/logo\/image\/"}}]}},"_links":{"self":[{"href":"https:\/\/dssi.sk\/en\/wp-json\/wp\/v2\/pages\/551","targetHints":{"allow":["GET"]}}],"collection":[{"href":"https:\/\/dssi.sk\/en\/wp-json\/wp\/v2\/pages"}],"about":[{"href":"https:\/\/dssi.sk\/en\/wp-json\/wp\/v2\/types\/page"}],"author":[{"embeddable":true,"href":"https:\/\/dssi.sk\/en\/wp-json\/wp\/v2\/users\/1"}],"replies":[{"embeddable":true,"href":"https:\/\/dssi.sk\/en\/wp-json\/wp\/v2\/comments?post=551"}],"version-history":[{"count":2,"href":"https:\/\/dssi.sk\/en\/wp-json\/wp\/v2\/pages\/551\/revisions"}],"predecessor-version":[{"id":570,"href":"https:\/\/dssi.sk\/en\/wp-json\/wp\/v2\/pages\/551\/revisions\/570"}],"wp:attachment":[{"href":"https:\/\/dssi.sk\/en\/wp-json\/wp\/v2\/media?parent=551"}],"curies":[{"name":"wp","href":"https:\/\/api.w.org\/{rel}","templated":true}]}}