{"id":553,"date":"2019-09-16T17:54:54","date_gmt":"2019-09-16T15:54:54","guid":{"rendered":"http:\/\/dssi.h2studio.net\/?page_id=553"},"modified":"2019-09-16T17:55:04","modified_gmt":"2019-09-16T15:55:04","slug":"modely-mobility-pre-implementaciu-do-systemu-konstruktivnej-taktickej-simulacie","status":"publish","type":"page","link":"https:\/\/dssi.sk\/en\/modely-mobility-pre-implementaciu-do-systemu-konstruktivnej-taktickej-simulacie\/","title":{"rendered":"Modely mobility pre implement\u00e1ciu do syst\u00e9mu kon\u0161trukt\u00edvnej taktickej simul\u00e1cie"},"content":{"rendered":"<p>[et_pb_section fb_built=&#8220;1&#8243; admin_label=&#8220;section&#8220; _builder_version=&#8220;3.25.4&#8243; custom_padding=&#8220;0px||&#8220;][et_pb_row custom_margin=&#8220;||&#8220; admin_label=&#8220;row&#8220; _builder_version=&#8220;3.25.4&#8243; background_size=&#8220;initial&#8220; background_position=&#8220;top_left&#8220; background_repeat=&#8220;repeat&#8220;][et_pb_column type=&#8220;4_4&#8243; _builder_version=&#8220;3.25&#8243; custom_padding=&#8220;|||&#8220; custom_padding__hover=&#8220;|||&#8220;][et_pb_text _builder_version=&#8220;3.25.4&#8243; _dynamic_attributes=&#8220;content&#8220; text_font=&#8220;|||on|||||&#8220; text_text_align=&#8220;center&#8220; text_font_size=&#8220;30px&#8220; link_font=&#8220;||||||||&#8220; ul_font=&#8220;||||||||&#8220; ol_font=&#8220;||||||||&#8220; quote_font=&#8220;||||||||&#8220; header_font=&#8220;||||||||&#8220; header_2_font=&#8220;||||||||&#8220; background_color=&#8220;rgba(0,0,0,0)&#8220; width=&#8220;100%&#8220; max_width=&#8220;100%&#8220;]@ET-DC@eyJkeW5hbWljIjp0cnVlLCJjb250ZW50IjoicG9zdF90aXRsZSIsInNldHRpbmdzIjp7ImJlZm9yZSI6IiIsImFmdGVyIjoiIn19@[\/et_pb_text][et_pb_text admin_label=&#8220;Text&#8220; _builder_version=&#8220;3.25.4&#8243; background_size=&#8220;initial&#8220; background_position=&#8220;top_left&#8220; background_repeat=&#8220;repeat&#8220;]<\/p>\n<p><span>Predlo\u017een\u00fd projekt v\u00fdskumu \/ v\u00fdvoja spl\u0148uje zadanie v\u00a0plnom rozsahu. Rie\u0161itelia analyzovali v\u0161etky rozhoduj\u00face\u00a0 oblasti komplexnej mobility vozidiel s\u00a0d\u00f4razom na podvozkov\u00e9 \u010dasti a\u00a0hnaciu s\u00fastavu vozidiel. Na z\u00e1klade v\u00fdsledkov matematick\u00e9ho\u00a0 modelovania a\u00a0simul\u00e1ci\u00ed\u00a0 objekt\u00edvne hodnotia sledovan\u00e9 parametre mobility jednotliv\u00fdch vozidiel. Modely mobility vybran\u00fdch vozidiel s\u00fa spracovan\u00e9 na po\u017eadovanej odbornej \u00farovni s\u00a0pou\u017eit\u00edm najmodernej\u0161\u00edch produktov CATIA, MATLAB a\u00a0MSC ADAMS. Rozsah jednotliv\u00fdch rie\u0161en\u00ed je posta\u010duj\u00faci pre pos\u00fadenie hodnoten\u00fdch vlastnost\u00ed motorov\u00fdch vozidiel. Odborne fundovane s\u00fa zvolen\u00e9 postupy rie\u0161enia modelov, ich kvantifik\u00e1cia a\u00a0grafick\u00e9 vyjadrenie vr\u00e1tane kvalifikovanej interpret\u00e1cie v\u00fdsledkov rie\u0161en\u00ed. V\u00fdsledn\u00e9 posudzovanie vlastnost\u00ed jednotliv\u00fdch vozidiel m\u00e1 exaktn\u00fa podporu\u00a0 v\u00a0teoretick\u00fdch rie\u0161eniach a\u00a0ich v\u00fdsledkoch. Projekt je kvalitn\u00fdm podkladov\u00fdm materi\u00e1lom pre \u010fal\u0161ie aplik\u00e1cie v\u00a0r\u00e1mci syst\u00e9mu kon\u0161trukt\u00edvnej taktickej simul\u00e1cie.<\/span><\/p>\n<p>[\/et_pb_text][\/et_pb_column][\/et_pb_row][\/et_pb_section]<\/p>","protected":false},"excerpt":{"rendered":"<p>Predlo\u017een\u00fd projekt v\u00fdskumu \/ v\u00fdvoja spl\u0148uje zadanie v\u00a0plnom rozsahu. Rie\u0161itelia analyzovali v\u0161etky rozhoduj\u00face\u00a0 oblasti komplexnej mobility vozidiel s\u00a0d\u00f4razom na podvozkov\u00e9 \u010dasti a\u00a0hnaciu s\u00fastavu vozidiel. Na z\u00e1klade v\u00fdsledkov matematick\u00e9ho\u00a0 modelovania a\u00a0simul\u00e1ci\u00ed\u00a0 objekt\u00edvne hodnotia sledovan\u00e9 parametre mobility jednotliv\u00fdch vozidiel. Modely mobility vybran\u00fdch vozidiel s\u00fa spracovan\u00e9 na po\u017eadovanej odbornej \u00farovni s\u00a0pou\u017eit\u00edm najmodernej\u0161\u00edch produktov CATIA, MATLAB a\u00a0MSC ADAMS. Rozsah [&hellip;]<\/p>","protected":false},"author":1,"featured_media":0,"parent":0,"menu_order":0,"comment_status":"closed","ping_status":"closed","template":"","meta":{"_et_pb_use_builder":"on","_et_pb_old_content":"","_et_gb_content_width":"","inline_featured_image":false,"_monsterinsights_skip_tracking":false,"_monsterinsights_sitenote_active":false,"_monsterinsights_sitenote_note":"","_monsterinsights_sitenote_category":0,"footnotes":""},"class_list":["post-553","page","type-page","status-publish","hentry"],"yoast_head":"<!-- This site is optimized with the Yoast SEO plugin v26.1.1 - https:\/\/yoast.com\/wordpress\/plugins\/seo\/ -->\n<title>Modely mobility pre implement\u00e1ciu do syst\u00e9mu kon\u0161trukt\u00edvnej taktickej simul\u00e1cie - DSSI<\/title>\n<meta name=\"robots\" content=\"index, follow, max-snippet:-1, max-image-preview:large, max-video-preview:-1\" \/>\n<link rel=\"canonical\" href=\"https:\/\/dssi.sk\/en\/modely-mobility-pre-implementaciu-do-systemu-konstruktivnej-taktickej-simulacie\/\" \/>\n<meta property=\"og:locale\" content=\"en_US\" \/>\n<meta property=\"og:type\" content=\"article\" \/>\n<meta property=\"og:title\" content=\"Modely mobility pre implement\u00e1ciu do syst\u00e9mu kon\u0161trukt\u00edvnej taktickej simul\u00e1cie - DSSI\" \/>\n<meta property=\"og:description\" content=\"Predlo\u017een\u00fd projekt v\u00fdskumu \/ v\u00fdvoja spl\u0148uje zadanie v\u00a0plnom rozsahu. Rie\u0161itelia analyzovali v\u0161etky rozhoduj\u00face\u00a0 oblasti komplexnej mobility vozidiel s\u00a0d\u00f4razom na podvozkov\u00e9 \u010dasti a\u00a0hnaciu s\u00fastavu vozidiel. Na z\u00e1klade v\u00fdsledkov matematick\u00e9ho\u00a0 modelovania a\u00a0simul\u00e1ci\u00ed\u00a0 objekt\u00edvne hodnotia sledovan\u00e9 parametre mobility jednotliv\u00fdch vozidiel. Modely mobility vybran\u00fdch vozidiel s\u00fa spracovan\u00e9 na po\u017eadovanej odbornej \u00farovni s\u00a0pou\u017eit\u00edm najmodernej\u0161\u00edch produktov CATIA, MATLAB a\u00a0MSC ADAMS. Rozsah [&hellip;]\" \/>\n<meta property=\"og:url\" content=\"https:\/\/dssi.sk\/en\/modely-mobility-pre-implementaciu-do-systemu-konstruktivnej-taktickej-simulacie\/\" \/>\n<meta property=\"og:site_name\" content=\"DSSI\" \/>\n<meta property=\"article:modified_time\" content=\"2019-09-16T15:55:04+00:00\" \/>\n<meta name=\"twitter:card\" content=\"summary_large_image\" \/>\n<meta name=\"twitter:label1\" content=\"Est. reading time\" \/>\n\t<meta name=\"twitter:data1\" content=\"1 minute\" \/>\n<script type=\"application\/ld+json\" class=\"yoast-schema-graph\">{\"@context\":\"https:\/\/schema.org\",\"@graph\":[{\"@type\":\"WebPage\",\"@id\":\"https:\/\/dssi.sk\/modely-mobility-pre-implementaciu-do-systemu-konstruktivnej-taktickej-simulacie\/\",\"url\":\"https:\/\/dssi.sk\/modely-mobility-pre-implementaciu-do-systemu-konstruktivnej-taktickej-simulacie\/\",\"name\":\"Modely mobility pre implement\u00e1ciu do syst\u00e9mu kon\u0161trukt\u00edvnej taktickej simul\u00e1cie - DSSI\",\"isPartOf\":{\"@id\":\"https:\/\/dssi.sk\/#website\"},\"datePublished\":\"2019-09-16T15:54:54+00:00\",\"dateModified\":\"2019-09-16T15:55:04+00:00\",\"breadcrumb\":{\"@id\":\"https:\/\/dssi.sk\/modely-mobility-pre-implementaciu-do-systemu-konstruktivnej-taktickej-simulacie\/#breadcrumb\"},\"inLanguage\":\"en-US\",\"potentialAction\":[{\"@type\":\"ReadAction\",\"target\":[\"https:\/\/dssi.sk\/modely-mobility-pre-implementaciu-do-systemu-konstruktivnej-taktickej-simulacie\/\"]}]},{\"@type\":\"BreadcrumbList\",\"@id\":\"https:\/\/dssi.sk\/modely-mobility-pre-implementaciu-do-systemu-konstruktivnej-taktickej-simulacie\/#breadcrumb\",\"itemListElement\":[{\"@type\":\"ListItem\",\"position\":1,\"name\":\"Home\",\"item\":\"https:\/\/dssi.sk\/\"},{\"@type\":\"ListItem\",\"position\":2,\"name\":\"Modely mobility pre implement\u00e1ciu do syst\u00e9mu kon\u0161trukt\u00edvnej taktickej simul\u00e1cie\"}]},{\"@type\":\"WebSite\",\"@id\":\"https:\/\/dssi.sk\/#website\",\"url\":\"https:\/\/dssi.sk\/\",\"name\":\"DSSI\",\"description\":\"Development | Services | Security | Innovations\",\"publisher\":{\"@id\":\"https:\/\/dssi.sk\/#organization\"},\"potentialAction\":[{\"@type\":\"SearchAction\",\"target\":{\"@type\":\"EntryPoint\",\"urlTemplate\":\"https:\/\/dssi.sk\/?s={search_term_string}\"},\"query-input\":{\"@type\":\"PropertyValueSpecification\",\"valueRequired\":true,\"valueName\":\"search_term_string\"}}],\"inLanguage\":\"en-US\"},{\"@type\":\"Organization\",\"@id\":\"https:\/\/dssi.sk\/#organization\",\"name\":\"DSSI a.s.\",\"url\":\"https:\/\/dssi.sk\/\",\"logo\":{\"@type\":\"ImageObject\",\"inLanguage\":\"en-US\",\"@id\":\"https:\/\/dssi.sk\/#\/schema\/logo\/image\/\",\"url\":\"https:\/\/dssi.sk\/wp-content\/uploads\/2019\/09\/logo-dssi-horizontal1.jpg\",\"contentUrl\":\"https:\/\/dssi.sk\/wp-content\/uploads\/2019\/09\/logo-dssi-horizontal1.jpg\",\"width\":520,\"height\":520,\"caption\":\"DSSI a.s.\"},\"image\":{\"@id\":\"https:\/\/dssi.sk\/#\/schema\/logo\/image\/\"}}]}<\/script>\n<!-- \/ Yoast SEO plugin. -->","yoast_head_json":{"title":"Modely mobility pre implement\u00e1ciu do syst\u00e9mu kon\u0161trukt\u00edvnej taktickej simul\u00e1cie - DSSI","robots":{"index":"index","follow":"follow","max-snippet":"max-snippet:-1","max-image-preview":"max-image-preview:large","max-video-preview":"max-video-preview:-1"},"canonical":"https:\/\/dssi.sk\/en\/modely-mobility-pre-implementaciu-do-systemu-konstruktivnej-taktickej-simulacie\/","og_locale":"en_US","og_type":"article","og_title":"Modely mobility pre implement\u00e1ciu do syst\u00e9mu kon\u0161trukt\u00edvnej taktickej simul\u00e1cie - DSSI","og_description":"Predlo\u017een\u00fd projekt v\u00fdskumu \/ v\u00fdvoja spl\u0148uje zadanie v\u00a0plnom rozsahu. Rie\u0161itelia analyzovali v\u0161etky rozhoduj\u00face\u00a0 oblasti komplexnej mobility vozidiel s\u00a0d\u00f4razom na podvozkov\u00e9 \u010dasti a\u00a0hnaciu s\u00fastavu vozidiel. Na z\u00e1klade v\u00fdsledkov matematick\u00e9ho\u00a0 modelovania a\u00a0simul\u00e1ci\u00ed\u00a0 objekt\u00edvne hodnotia sledovan\u00e9 parametre mobility jednotliv\u00fdch vozidiel. Modely mobility vybran\u00fdch vozidiel s\u00fa spracovan\u00e9 na po\u017eadovanej odbornej \u00farovni s\u00a0pou\u017eit\u00edm najmodernej\u0161\u00edch produktov CATIA, MATLAB a\u00a0MSC ADAMS. Rozsah [&hellip;]","og_url":"https:\/\/dssi.sk\/en\/modely-mobility-pre-implementaciu-do-systemu-konstruktivnej-taktickej-simulacie\/","og_site_name":"DSSI","article_modified_time":"2019-09-16T15:55:04+00:00","twitter_card":"summary_large_image","twitter_misc":{"Est. reading time":"1 minute"},"schema":{"@context":"https:\/\/schema.org","@graph":[{"@type":"WebPage","@id":"https:\/\/dssi.sk\/modely-mobility-pre-implementaciu-do-systemu-konstruktivnej-taktickej-simulacie\/","url":"https:\/\/dssi.sk\/modely-mobility-pre-implementaciu-do-systemu-konstruktivnej-taktickej-simulacie\/","name":"Modely mobility pre implement\u00e1ciu do syst\u00e9mu kon\u0161trukt\u00edvnej taktickej simul\u00e1cie - DSSI","isPartOf":{"@id":"https:\/\/dssi.sk\/#website"},"datePublished":"2019-09-16T15:54:54+00:00","dateModified":"2019-09-16T15:55:04+00:00","breadcrumb":{"@id":"https:\/\/dssi.sk\/modely-mobility-pre-implementaciu-do-systemu-konstruktivnej-taktickej-simulacie\/#breadcrumb"},"inLanguage":"en-US","potentialAction":[{"@type":"ReadAction","target":["https:\/\/dssi.sk\/modely-mobility-pre-implementaciu-do-systemu-konstruktivnej-taktickej-simulacie\/"]}]},{"@type":"BreadcrumbList","@id":"https:\/\/dssi.sk\/modely-mobility-pre-implementaciu-do-systemu-konstruktivnej-taktickej-simulacie\/#breadcrumb","itemListElement":[{"@type":"ListItem","position":1,"name":"Home","item":"https:\/\/dssi.sk\/"},{"@type":"ListItem","position":2,"name":"Modely mobility pre implement\u00e1ciu do syst\u00e9mu kon\u0161trukt\u00edvnej taktickej simul\u00e1cie"}]},{"@type":"WebSite","@id":"https:\/\/dssi.sk\/#website","url":"https:\/\/dssi.sk\/","name":"DSSI","description":"Development | Services | Security | Innovations","publisher":{"@id":"https:\/\/dssi.sk\/#organization"},"potentialAction":[{"@type":"SearchAction","target":{"@type":"EntryPoint","urlTemplate":"https:\/\/dssi.sk\/?s={search_term_string}"},"query-input":{"@type":"PropertyValueSpecification","valueRequired":true,"valueName":"search_term_string"}}],"inLanguage":"en-US"},{"@type":"Organization","@id":"https:\/\/dssi.sk\/#organization","name":"DSSI a.s.","url":"https:\/\/dssi.sk\/","logo":{"@type":"ImageObject","inLanguage":"en-US","@id":"https:\/\/dssi.sk\/#\/schema\/logo\/image\/","url":"https:\/\/dssi.sk\/wp-content\/uploads\/2019\/09\/logo-dssi-horizontal1.jpg","contentUrl":"https:\/\/dssi.sk\/wp-content\/uploads\/2019\/09\/logo-dssi-horizontal1.jpg","width":520,"height":520,"caption":"DSSI a.s."},"image":{"@id":"https:\/\/dssi.sk\/#\/schema\/logo\/image\/"}}]}},"_links":{"self":[{"href":"https:\/\/dssi.sk\/en\/wp-json\/wp\/v2\/pages\/553","targetHints":{"allow":["GET"]}}],"collection":[{"href":"https:\/\/dssi.sk\/en\/wp-json\/wp\/v2\/pages"}],"about":[{"href":"https:\/\/dssi.sk\/en\/wp-json\/wp\/v2\/types\/page"}],"author":[{"embeddable":true,"href":"https:\/\/dssi.sk\/en\/wp-json\/wp\/v2\/users\/1"}],"replies":[{"embeddable":true,"href":"https:\/\/dssi.sk\/en\/wp-json\/wp\/v2\/comments?post=553"}],"version-history":[{"count":2,"href":"https:\/\/dssi.sk\/en\/wp-json\/wp\/v2\/pages\/553\/revisions"}],"predecessor-version":[{"id":573,"href":"https:\/\/dssi.sk\/en\/wp-json\/wp\/v2\/pages\/553\/revisions\/573"}],"wp:attachment":[{"href":"https:\/\/dssi.sk\/en\/wp-json\/wp\/v2\/media?parent=553"}],"curies":[{"name":"wp","href":"https:\/\/api.w.org\/{rel}","templated":true}]}}