{"id":80,"date":"2019-09-13T16:40:53","date_gmt":"2019-09-13T14:40:53","guid":{"rendered":"http:\/\/dssi.h2studio.net\/?page_id=80"},"modified":"2023-04-09T12:39:19","modified_gmt":"2023-04-09T10:39:19","slug":"o-nas","status":"publish","type":"page","link":"https:\/\/dssi.sk\/en\/o-nas\/","title":{"rendered":"About us"},"content":{"rendered":"<p>[et_pb_section fb_built=&#8220;1&#8243; admin_label=&#8220;section&#8220; _builder_version=&#8220;4.16&#8243; custom_padding=&#8220;0px||&#8220; global_colors_info=&#8220;{}&#8220;][et_pb_row admin_label=&#8220;row&#8220; _builder_version=&#8220;4.16&#8243; background_size=&#8220;initial&#8220; background_position=&#8220;top_left&#8220; background_repeat=&#8220;repeat&#8220; custom_margin=&#8220;||&#8220; custom_padding=&#8220;||0px|||&#8220; global_colors_info=&#8220;{}&#8220;][et_pb_column type=&#8220;4_4&#8243; _builder_version=&#8220;4.16&#8243; custom_padding=&#8220;|||&#8220; global_colors_info=&#8220;{}&#8220; custom_padding__hover=&#8220;|||&#8220;][et_pb_text _builder_version=&#8220;4.16&#8243; _dynamic_attributes=&#8220;content&#8220; text_font=&#8220;|||on|||||&#8220; text_font_size=&#8220;30px&#8220; link_font=&#8220;||||||||&#8220; ul_font=&#8220;||||||||&#8220; ol_font=&#8220;||||||||&#8220; quote_font=&#8220;||||||||&#8220; header_font=&#8220;||||||||&#8220; header_2_font=&#8220;||||||||&#8220; background_color=&#8220;rgba(0,0,0,0)&#8220; text_orientation=&#8220;center&#8220; width=&#8220;100%&#8220; max_width=&#8220;100%&#8220; text_text_align=&#8220;center&#8220; global_colors_info=&#8220;{}&#8220;]@ET-DC@eyJkeW5hbWljIjp0cnVlLCJjb250ZW50IjoicG9zdF90aXRsZSIsInNldHRpbmdzIjp7ImJlZm9yZSI6IiIsImFmdGVyIjoiIn19@[\/et_pb_text][et_pb_divider _builder_version=&#8220;4.16&#8243; global_colors_info=&#8220;{}&#8220;][\/et_pb_divider][et_pb_text admin_label=&#8220;Text&#8220; _builder_version=&#8220;4.16&#8243; background_size=&#8220;initial&#8220; background_position=&#8220;top_left&#8220; background_repeat=&#8220;repeat&#8220; custom_margin=&#8220;||70px|||&#8220; global_colors_info=&#8220;{}&#8220;]<\/p>\n<h3><span style=\"font-size: 14px; color: #666666;\">DSSI, a.s. (Defence Strategy Studies Institute, j.s.c.) was established in 2004 and has been operating worldwide for 20 years in the defence industry (development, security, services, and innovation). We offer advisory, consulting, and professional services, research and development, design and trading in defence products. During this period, the company gained its position thanks to the correct cooperation with its business partners and top state institutions in our country around the world.<\/span><\/h3>\n<p>The company is a partner that has been operating in the field of the defence industry for a long time, focusing on the provision of specialized services, which will provide you mainly in the areas of:<\/p>\n<blockquote>\n<ul style=\"padding-bottom: 20px;\">\n<li>Logistics of special equipment,<\/li>\n<li>Design and technological production of components,<\/li>\n<li>Design and development support,<\/li>\n<li>Repairs, modifications, destruction, deterioration or manufacture of weapons and ammunition,<\/li>\n<li>Expert advice \/ consultancy in the preparation of studies and projects,<\/li>\n<\/ul>\n<ul>\n<li>Provision of service services for aircraft operators:<\/li>\n<ul style=\"padding-bottom: 20px;\">\n<li>Procurement and delivery of required parts for the operated equipment,<\/li>\n<li>Procurement of documentation for continuing airworthiness,<\/li>\n<\/ul>\n<li>Providing support for repair organizations:\n<ul>\n<li>Identification of needs and business opportunities,<\/li>\n<li>Professional analyses of the efficiency of production processes, human resources,<\/li>\n<li>Procurement of documentation for maintaining repair capability according to the statutes of the design office or manufacturer of equipment,<\/li>\n<li>Support in the field of cooperation with repair organizations.<\/li>\n<\/ul>\n<\/li>\n<\/ul>\n<\/blockquote>\n<p>[\/et_pb_text][et_pb_gallery gallery_ids=&#8220;862,863,864,865,866,867,868,869,870,871,872,873,874,875,876,877,878,879,880,881,882,883,884,885,886,887&#8243; fullwidth=&#8220;on&#8220; _builder_version=&#8220;4.16&#8243; _module_preset=&#8220;default&#8220; title_text_color=&#8220;RGBA(0,0,0,0)&#8220; pagination_font_size=&#8220;0px&#8220; max_width=&#8220;800px&#8220; module_alignment=&#8220;center&#8220; min_height=&#8220;450px&#8220; max_height=&#8220;450px&#8220; custom_margin=&#8220;15px|||||&#8220; custom_padding=&#8220;||0px|||&#8220; global_colors_info=&#8220;{}&#8220;][\/et_pb_gallery][\/et_pb_column][\/et_pb_row][\/et_pb_section]<\/p>","protected":false},"excerpt":{"rendered":"<p>DSSI, a.s. p\u00f4sob\u00ed u\u017e 20 rokov na celosvetovej \u00farovni v obrannom priemysle (v\u00fdvoj, bezpe\u010dnos\u0165, slu\u017eieb a inov\u00e1ci\u00ed). Za toto obdobie spolo\u010dnos\u0165 nadobudla svoje postavenie v\u010faka korektnej spolupr\u00e1ci so svojimi obchodn\u00fdmi partnermi a vrcholov\u00fdmi \u0161t\u00e1tnymi in\u0161tit\u00faciami po celom svete. Je partnerom, ktor\u00fd dlhodobo p\u00f4sob\u00ed v oblasti obrann\u00e9ho priemyslu so zameran\u00edm zabezpe\u010denia \u0161pecializovan\u00fdch slu\u017eieb, ktor\u00e9 V\u00e1m poskytne [&hellip;]<\/p>","protected":false},"author":1,"featured_media":0,"parent":0,"menu_order":0,"comment_status":"closed","ping_status":"closed","template":"","meta":{"_et_pb_use_builder":"on","_et_pb_old_content":"","_et_gb_content_width":"","inline_featured_image":false,"_monsterinsights_skip_tracking":false,"_monsterinsights_sitenote_active":false,"_monsterinsights_sitenote_note":"","_monsterinsights_sitenote_category":0,"footnotes":""},"class_list":["post-80","page","type-page","status-publish","hentry"],"yoast_head":"<!-- This site is optimized with the Yoast SEO plugin v26.1.1 - https:\/\/yoast.com\/wordpress\/plugins\/seo\/ -->\n<title>O n\u00e1s - DSSI<\/title>\n<meta name=\"robots\" content=\"index, follow, max-snippet:-1, max-image-preview:large, max-video-preview:-1\" \/>\n<link rel=\"canonical\" href=\"https:\/\/dssi.sk\/en\/o-nas\/\" \/>\n<meta property=\"og:locale\" content=\"en_US\" \/>\n<meta property=\"og:type\" content=\"article\" \/>\n<meta property=\"og:title\" content=\"O n\u00e1s - DSSI\" \/>\n<meta property=\"og:description\" content=\"DSSI, a.s. p\u00f4sob\u00ed u\u017e 20 rokov na celosvetovej \u00farovni v obrannom priemysle (v\u00fdvoj, bezpe\u010dnos\u0165, slu\u017eieb a inov\u00e1ci\u00ed). Za toto obdobie spolo\u010dnos\u0165 nadobudla svoje postavenie v\u010faka korektnej spolupr\u00e1ci so svojimi obchodn\u00fdmi partnermi a vrcholov\u00fdmi \u0161t\u00e1tnymi in\u0161tit\u00faciami po celom svete. Je partnerom, ktor\u00fd dlhodobo p\u00f4sob\u00ed v oblasti obrann\u00e9ho priemyslu so zameran\u00edm zabezpe\u010denia \u0161pecializovan\u00fdch slu\u017eieb, ktor\u00e9 V\u00e1m poskytne [&hellip;]\" \/>\n<meta property=\"og:url\" content=\"https:\/\/dssi.sk\/en\/o-nas\/\" \/>\n<meta property=\"og:site_name\" content=\"DSSI\" \/>\n<meta property=\"article:modified_time\" content=\"2023-04-09T10:39:19+00:00\" \/>\n<meta name=\"twitter:card\" content=\"summary_large_image\" \/>\n<meta name=\"twitter:label1\" content=\"Est. reading time\" \/>\n\t<meta name=\"twitter:data1\" content=\"2 minutes\" \/>\n<script type=\"application\/ld+json\" class=\"yoast-schema-graph\">{\"@context\":\"https:\/\/schema.org\",\"@graph\":[{\"@type\":\"WebPage\",\"@id\":\"https:\/\/dssi.sk\/o-nas\/\",\"url\":\"https:\/\/dssi.sk\/o-nas\/\",\"name\":\"O n\u00e1s - DSSI\",\"isPartOf\":{\"@id\":\"https:\/\/dssi.sk\/#website\"},\"datePublished\":\"2019-09-13T14:40:53+00:00\",\"dateModified\":\"2023-04-09T10:39:19+00:00\",\"breadcrumb\":{\"@id\":\"https:\/\/dssi.sk\/o-nas\/#breadcrumb\"},\"inLanguage\":\"en-US\",\"potentialAction\":[{\"@type\":\"ReadAction\",\"target\":[\"https:\/\/dssi.sk\/o-nas\/\"]}]},{\"@type\":\"BreadcrumbList\",\"@id\":\"https:\/\/dssi.sk\/o-nas\/#breadcrumb\",\"itemListElement\":[{\"@type\":\"ListItem\",\"position\":1,\"name\":\"Home\",\"item\":\"https:\/\/dssi.sk\/\"},{\"@type\":\"ListItem\",\"position\":2,\"name\":\"O n\u00e1s\"}]},{\"@type\":\"WebSite\",\"@id\":\"https:\/\/dssi.sk\/#website\",\"url\":\"https:\/\/dssi.sk\/\",\"name\":\"DSSI\",\"description\":\"Development | Services | Security | Innovations\",\"publisher\":{\"@id\":\"https:\/\/dssi.sk\/#organization\"},\"potentialAction\":[{\"@type\":\"SearchAction\",\"target\":{\"@type\":\"EntryPoint\",\"urlTemplate\":\"https:\/\/dssi.sk\/?s={search_term_string}\"},\"query-input\":{\"@type\":\"PropertyValueSpecification\",\"valueRequired\":true,\"valueName\":\"search_term_string\"}}],\"inLanguage\":\"en-US\"},{\"@type\":\"Organization\",\"@id\":\"https:\/\/dssi.sk\/#organization\",\"name\":\"DSSI a.s.\",\"url\":\"https:\/\/dssi.sk\/\",\"logo\":{\"@type\":\"ImageObject\",\"inLanguage\":\"en-US\",\"@id\":\"https:\/\/dssi.sk\/#\/schema\/logo\/image\/\",\"url\":\"https:\/\/dssi.sk\/wp-content\/uploads\/2019\/09\/logo-dssi-horizontal1.jpg\",\"contentUrl\":\"https:\/\/dssi.sk\/wp-content\/uploads\/2019\/09\/logo-dssi-horizontal1.jpg\",\"width\":520,\"height\":520,\"caption\":\"DSSI a.s.\"},\"image\":{\"@id\":\"https:\/\/dssi.sk\/#\/schema\/logo\/image\/\"}}]}<\/script>\n<!-- \/ Yoast SEO plugin. -->","yoast_head_json":{"title":"O n\u00e1s - DSSI","robots":{"index":"index","follow":"follow","max-snippet":"max-snippet:-1","max-image-preview":"max-image-preview:large","max-video-preview":"max-video-preview:-1"},"canonical":"https:\/\/dssi.sk\/en\/o-nas\/","og_locale":"en_US","og_type":"article","og_title":"O n\u00e1s - DSSI","og_description":"DSSI, a.s. p\u00f4sob\u00ed u\u017e 20 rokov na celosvetovej \u00farovni v obrannom priemysle (v\u00fdvoj, bezpe\u010dnos\u0165, slu\u017eieb a inov\u00e1ci\u00ed). Za toto obdobie spolo\u010dnos\u0165 nadobudla svoje postavenie v\u010faka korektnej spolupr\u00e1ci so svojimi obchodn\u00fdmi partnermi a vrcholov\u00fdmi \u0161t\u00e1tnymi in\u0161tit\u00faciami po celom svete. Je partnerom, ktor\u00fd dlhodobo p\u00f4sob\u00ed v oblasti obrann\u00e9ho priemyslu so zameran\u00edm zabezpe\u010denia \u0161pecializovan\u00fdch slu\u017eieb, ktor\u00e9 V\u00e1m poskytne [&hellip;]","og_url":"https:\/\/dssi.sk\/en\/o-nas\/","og_site_name":"DSSI","article_modified_time":"2023-04-09T10:39:19+00:00","twitter_card":"summary_large_image","twitter_misc":{"Est. reading time":"2 minutes"},"schema":{"@context":"https:\/\/schema.org","@graph":[{"@type":"WebPage","@id":"https:\/\/dssi.sk\/o-nas\/","url":"https:\/\/dssi.sk\/o-nas\/","name":"O n\u00e1s - DSSI","isPartOf":{"@id":"https:\/\/dssi.sk\/#website"},"datePublished":"2019-09-13T14:40:53+00:00","dateModified":"2023-04-09T10:39:19+00:00","breadcrumb":{"@id":"https:\/\/dssi.sk\/o-nas\/#breadcrumb"},"inLanguage":"en-US","potentialAction":[{"@type":"ReadAction","target":["https:\/\/dssi.sk\/o-nas\/"]}]},{"@type":"BreadcrumbList","@id":"https:\/\/dssi.sk\/o-nas\/#breadcrumb","itemListElement":[{"@type":"ListItem","position":1,"name":"Home","item":"https:\/\/dssi.sk\/"},{"@type":"ListItem","position":2,"name":"O n\u00e1s"}]},{"@type":"WebSite","@id":"https:\/\/dssi.sk\/#website","url":"https:\/\/dssi.sk\/","name":"DSSI","description":"Development | Services | Security | Innovations","publisher":{"@id":"https:\/\/dssi.sk\/#organization"},"potentialAction":[{"@type":"SearchAction","target":{"@type":"EntryPoint","urlTemplate":"https:\/\/dssi.sk\/?s={search_term_string}"},"query-input":{"@type":"PropertyValueSpecification","valueRequired":true,"valueName":"search_term_string"}}],"inLanguage":"en-US"},{"@type":"Organization","@id":"https:\/\/dssi.sk\/#organization","name":"DSSI a.s.","url":"https:\/\/dssi.sk\/","logo":{"@type":"ImageObject","inLanguage":"en-US","@id":"https:\/\/dssi.sk\/#\/schema\/logo\/image\/","url":"https:\/\/dssi.sk\/wp-content\/uploads\/2019\/09\/logo-dssi-horizontal1.jpg","contentUrl":"https:\/\/dssi.sk\/wp-content\/uploads\/2019\/09\/logo-dssi-horizontal1.jpg","width":520,"height":520,"caption":"DSSI a.s."},"image":{"@id":"https:\/\/dssi.sk\/#\/schema\/logo\/image\/"}}]}},"_links":{"self":[{"href":"https:\/\/dssi.sk\/en\/wp-json\/wp\/v2\/pages\/80","targetHints":{"allow":["GET"]}}],"collection":[{"href":"https:\/\/dssi.sk\/en\/wp-json\/wp\/v2\/pages"}],"about":[{"href":"https:\/\/dssi.sk\/en\/wp-json\/wp\/v2\/types\/page"}],"author":[{"embeddable":true,"href":"https:\/\/dssi.sk\/en\/wp-json\/wp\/v2\/users\/1"}],"replies":[{"embeddable":true,"href":"https:\/\/dssi.sk\/en\/wp-json\/wp\/v2\/comments?post=80"}],"version-history":[{"count":5,"href":"https:\/\/dssi.sk\/en\/wp-json\/wp\/v2\/pages\/80\/revisions"}],"predecessor-version":[{"id":937,"href":"https:\/\/dssi.sk\/en\/wp-json\/wp\/v2\/pages\/80\/revisions\/937"}],"wp:attachment":[{"href":"https:\/\/dssi.sk\/en\/wp-json\/wp\/v2\/media?parent=80"}],"curies":[{"name":"wp","href":"https:\/\/api.w.org\/{rel}","templated":true}]}}