{"id":90,"date":"2019-09-13T16:49:48","date_gmt":"2019-09-13T14:49:48","guid":{"rendered":"http:\/\/dssi.h2studio.net\/?page_id=90"},"modified":"2019-09-16T22:41:03","modified_gmt":"2019-09-16T20:41:03","slug":"organizacna-struktura-2","status":"publish","type":"page","link":"https:\/\/dssi.sk\/en\/organizacna-struktura-2\/","title":{"rendered":"Organizational structure"},"content":{"rendered":"<p>[et_pb_section fb_built=&#8220;1&#8243; admin_label=&#8220;section&#8220; _builder_version=&#8220;3.25.4&#8243; custom_padding=&#8220;0px||&#8220;][et_pb_row custom_margin=&#8220;||&#8220; admin_label=&#8220;row&#8220; _builder_version=&#8220;3.25.4&#8243; background_size=&#8220;initial&#8220; background_position=&#8220;top_left&#8220; background_repeat=&#8220;repeat&#8220;][et_pb_column type=&#8220;4_4&#8243; _builder_version=&#8220;3.25&#8243; custom_padding=&#8220;|||&#8220; custom_padding__hover=&#8220;|||&#8220;][et_pb_text _builder_version=&#8220;3.25.4&#8243; _dynamic_attributes=&#8220;content&#8220; text_font=&#8220;|||on|||||&#8220; text_text_align=&#8220;center&#8220; text_font_size=&#8220;30px&#8220; link_font=&#8220;||||||||&#8220; ul_font=&#8220;||||||||&#8220; ol_font=&#8220;||||||||&#8220; quote_font=&#8220;||||||||&#8220; header_font=&#8220;||||||||&#8220; header_2_font=&#8220;||||||||&#8220; background_color=&#8220;rgba(0,0,0,0)&#8220; width=&#8220;100%&#8220; max_width=&#8220;100%&#8220;]@ET-DC@eyJkeW5hbWljIjp0cnVlLCJjb250ZW50IjoicG9zdF90aXRsZSIsInNldHRpbmdzIjp7ImJlZm9yZSI6IiIsImFmdGVyIjoiIn19@[\/et_pb_text][et_pb_divider _builder_version=&#8220;3.25.4&#8243;][\/et_pb_divider][et_pb_image src=&#8220;\/wp-content\/uploads\/2019\/09\/organizacna-struktura.jpg&#8220; align=&#8220;center&#8220; _builder_version=&#8220;3.25.4&#8243;][\/et_pb_image][\/et_pb_column][\/et_pb_row][\/et_pb_section]<\/p>","protected":false},"excerpt":{"rendered":"","protected":false},"author":1,"featured_media":0,"parent":0,"menu_order":0,"comment_status":"closed","ping_status":"closed","template":"","meta":{"_et_pb_use_builder":"on","_et_pb_old_content":"","_et_gb_content_width":"","inline_featured_image":false,"_monsterinsights_skip_tracking":false,"_monsterinsights_sitenote_active":false,"_monsterinsights_sitenote_note":"","_monsterinsights_sitenote_category":0,"footnotes":""},"class_list":["post-90","page","type-page","status-publish","hentry"],"yoast_head":"<!-- This site is optimized with the Yoast SEO plugin v26.1.1 - https:\/\/yoast.com\/wordpress\/plugins\/seo\/ -->\n<title>Organiza\u010dn\u00e1 \u0161trukt\u00fara - DSSI<\/title>\n<meta name=\"robots\" content=\"index, follow, max-snippet:-1, max-image-preview:large, max-video-preview:-1\" \/>\n<link rel=\"canonical\" href=\"https:\/\/dssi.sk\/en\/organizacna-struktura-2\/\" \/>\n<meta property=\"og:locale\" content=\"en_US\" \/>\n<meta property=\"og:type\" content=\"article\" \/>\n<meta property=\"og:title\" content=\"Organiza\u010dn\u00e1 \u0161trukt\u00fara - DSSI\" \/>\n<meta property=\"og:url\" content=\"https:\/\/dssi.sk\/en\/organizacna-struktura-2\/\" \/>\n<meta property=\"og:site_name\" content=\"DSSI\" \/>\n<meta property=\"article:modified_time\" content=\"2019-09-16T20:41:03+00:00\" \/>\n<meta name=\"twitter:card\" content=\"summary_large_image\" \/>\n<meta name=\"twitter:label1\" content=\"Est. reading time\" \/>\n\t<meta name=\"twitter:data1\" content=\"1 minute\" \/>\n<script type=\"application\/ld+json\" class=\"yoast-schema-graph\">{\"@context\":\"https:\/\/schema.org\",\"@graph\":[{\"@type\":\"WebPage\",\"@id\":\"https:\/\/dssi.sk\/organizacna-struktura-2\/\",\"url\":\"https:\/\/dssi.sk\/organizacna-struktura-2\/\",\"name\":\"Organiza\u010dn\u00e1 \u0161trukt\u00fara - DSSI\",\"isPartOf\":{\"@id\":\"https:\/\/dssi.sk\/#website\"},\"datePublished\":\"2019-09-13T14:49:48+00:00\",\"dateModified\":\"2019-09-16T20:41:03+00:00\",\"breadcrumb\":{\"@id\":\"https:\/\/dssi.sk\/organizacna-struktura-2\/#breadcrumb\"},\"inLanguage\":\"en-US\",\"potentialAction\":[{\"@type\":\"ReadAction\",\"target\":[\"https:\/\/dssi.sk\/organizacna-struktura-2\/\"]}]},{\"@type\":\"BreadcrumbList\",\"@id\":\"https:\/\/dssi.sk\/organizacna-struktura-2\/#breadcrumb\",\"itemListElement\":[{\"@type\":\"ListItem\",\"position\":1,\"name\":\"Home\",\"item\":\"https:\/\/dssi.sk\/\"},{\"@type\":\"ListItem\",\"position\":2,\"name\":\"Organiza\u010dn\u00e1 \u0161trukt\u00fara\"}]},{\"@type\":\"WebSite\",\"@id\":\"https:\/\/dssi.sk\/#website\",\"url\":\"https:\/\/dssi.sk\/\",\"name\":\"DSSI\",\"description\":\"Development | Services | Security | Innovations\",\"publisher\":{\"@id\":\"https:\/\/dssi.sk\/#organization\"},\"potentialAction\":[{\"@type\":\"SearchAction\",\"target\":{\"@type\":\"EntryPoint\",\"urlTemplate\":\"https:\/\/dssi.sk\/?s={search_term_string}\"},\"query-input\":{\"@type\":\"PropertyValueSpecification\",\"valueRequired\":true,\"valueName\":\"search_term_string\"}}],\"inLanguage\":\"en-US\"},{\"@type\":\"Organization\",\"@id\":\"https:\/\/dssi.sk\/#organization\",\"name\":\"DSSI a.s.\",\"url\":\"https:\/\/dssi.sk\/\",\"logo\":{\"@type\":\"ImageObject\",\"inLanguage\":\"en-US\",\"@id\":\"https:\/\/dssi.sk\/#\/schema\/logo\/image\/\",\"url\":\"https:\/\/dssi.sk\/wp-content\/uploads\/2019\/09\/logo-dssi-horizontal1.jpg\",\"contentUrl\":\"https:\/\/dssi.sk\/wp-content\/uploads\/2019\/09\/logo-dssi-horizontal1.jpg\",\"width\":520,\"height\":520,\"caption\":\"DSSI a.s.\"},\"image\":{\"@id\":\"https:\/\/dssi.sk\/#\/schema\/logo\/image\/\"}}]}<\/script>\n<!-- \/ Yoast SEO plugin. -->","yoast_head_json":{"title":"Organiza\u010dn\u00e1 \u0161trukt\u00fara - DSSI","robots":{"index":"index","follow":"follow","max-snippet":"max-snippet:-1","max-image-preview":"max-image-preview:large","max-video-preview":"max-video-preview:-1"},"canonical":"https:\/\/dssi.sk\/en\/organizacna-struktura-2\/","og_locale":"en_US","og_type":"article","og_title":"Organiza\u010dn\u00e1 \u0161trukt\u00fara - DSSI","og_url":"https:\/\/dssi.sk\/en\/organizacna-struktura-2\/","og_site_name":"DSSI","article_modified_time":"2019-09-16T20:41:03+00:00","twitter_card":"summary_large_image","twitter_misc":{"Est. reading time":"1 minute"},"schema":{"@context":"https:\/\/schema.org","@graph":[{"@type":"WebPage","@id":"https:\/\/dssi.sk\/organizacna-struktura-2\/","url":"https:\/\/dssi.sk\/organizacna-struktura-2\/","name":"Organiza\u010dn\u00e1 \u0161trukt\u00fara - DSSI","isPartOf":{"@id":"https:\/\/dssi.sk\/#website"},"datePublished":"2019-09-13T14:49:48+00:00","dateModified":"2019-09-16T20:41:03+00:00","breadcrumb":{"@id":"https:\/\/dssi.sk\/organizacna-struktura-2\/#breadcrumb"},"inLanguage":"en-US","potentialAction":[{"@type":"ReadAction","target":["https:\/\/dssi.sk\/organizacna-struktura-2\/"]}]},{"@type":"BreadcrumbList","@id":"https:\/\/dssi.sk\/organizacna-struktura-2\/#breadcrumb","itemListElement":[{"@type":"ListItem","position":1,"name":"Home","item":"https:\/\/dssi.sk\/"},{"@type":"ListItem","position":2,"name":"Organiza\u010dn\u00e1 \u0161trukt\u00fara"}]},{"@type":"WebSite","@id":"https:\/\/dssi.sk\/#website","url":"https:\/\/dssi.sk\/","name":"DSSI","description":"Development | Services | Security | Innovations","publisher":{"@id":"https:\/\/dssi.sk\/#organization"},"potentialAction":[{"@type":"SearchAction","target":{"@type":"EntryPoint","urlTemplate":"https:\/\/dssi.sk\/?s={search_term_string}"},"query-input":{"@type":"PropertyValueSpecification","valueRequired":true,"valueName":"search_term_string"}}],"inLanguage":"en-US"},{"@type":"Organization","@id":"https:\/\/dssi.sk\/#organization","name":"DSSI a.s.","url":"https:\/\/dssi.sk\/","logo":{"@type":"ImageObject","inLanguage":"en-US","@id":"https:\/\/dssi.sk\/#\/schema\/logo\/image\/","url":"https:\/\/dssi.sk\/wp-content\/uploads\/2019\/09\/logo-dssi-horizontal1.jpg","contentUrl":"https:\/\/dssi.sk\/wp-content\/uploads\/2019\/09\/logo-dssi-horizontal1.jpg","width":520,"height":520,"caption":"DSSI a.s."},"image":{"@id":"https:\/\/dssi.sk\/#\/schema\/logo\/image\/"}}]}},"_links":{"self":[{"href":"https:\/\/dssi.sk\/en\/wp-json\/wp\/v2\/pages\/90","targetHints":{"allow":["GET"]}}],"collection":[{"href":"https:\/\/dssi.sk\/en\/wp-json\/wp\/v2\/pages"}],"about":[{"href":"https:\/\/dssi.sk\/en\/wp-json\/wp\/v2\/types\/page"}],"author":[{"embeddable":true,"href":"https:\/\/dssi.sk\/en\/wp-json\/wp\/v2\/users\/1"}],"replies":[{"embeddable":true,"href":"https:\/\/dssi.sk\/en\/wp-json\/wp\/v2\/comments?post=90"}],"version-history":[{"count":5,"href":"https:\/\/dssi.sk\/en\/wp-json\/wp\/v2\/pages\/90\/revisions"}],"predecessor-version":[{"id":622,"href":"https:\/\/dssi.sk\/en\/wp-json\/wp\/v2\/pages\/90\/revisions\/622"}],"wp:attachment":[{"href":"https:\/\/dssi.sk\/en\/wp-json\/wp\/v2\/media?parent=90"}],"curies":[{"name":"wp","href":"https:\/\/api.w.org\/{rel}","templated":true}]}}